{"id":31707,"date":"2024-01-31T16:17:28","date_gmt":"2024-01-31T14:17:28","guid":{"rendered":"https:\/\/arcticexcursions.com\/?post_type=product&#038;p=31707"},"modified":"2025-11-05T19:31:20","modified_gmt":"2025-11-05T17:31:20","slug":"ice-cap-adventure","status":"publish","type":"product","link":"https:\/\/arcticexcursions.com\/da\/udflugter\/ice-cap-adventure\/","title":{"rendered":"Eventyr p\u00e5 indlandsisen"},"content":{"rendered":"<p>En af Gr\u00f8nlands must-do aktiviteter!<\/p>\n<p>Den gr\u00f8nlandske indlandsis, der udg\u00f8r ca. 79% af Gr\u00f8nland, str\u00e6kker sig over et omr\u00e5de p\u00e5 1,71 millioner kvadratkilometer (656.000 square miles). Det er den st\u00f8rste ismasse p\u00e5 den nordlige halvkugle og den n\u00e6stst\u00f8rste p\u00e5 jorden, med den antarktiske indlandsis som den st\u00f8rste.<\/p>\n<p>Den enest\u00e5ende chance for at g\u00e5 p\u00e5 denne enorme iskappe og vandre p\u00e5 gletsjeren og opdage de fantastiske egenskaber og betagende udsigter, som gletsjeren har at byde p\u00e5, findes kun i Gr\u00f8nland. <\/p>\n<p><b>Varighed:<\/b> 7-8 timer, hvilket g\u00f8r den til et ideelt heldagseventyr.<br \/>\nKlokken 09.00< om morgenen forlader vi Tasiilaq for at sejle til gletsjeren, hvor vi tager en betagende b\u00e5dtur.\n\nDen to timer lange sejltur er en unik oplevelse i sig selv og giver os mulighed for at nyde det betagende landskab omkring os. \n\nSmukke fjorde, bjergk\u00e6der, enorme isbjerge og m\u00e5ske endda nogle af Gr\u00f8nlands fantastiske dyr vil passere forbi, mens vi sejler. \n\nHvis vi er heldige, f\u00e5r vi m\u00e5ske \u00f8je p\u00e5 s\u00e6ler, sp\u00e6khuggere, finhvaler og pukkelhvaler undervejs!\n\nEfter at vores lokale b\u00e5df\u00f8rer har sejlet os afsted, vil du blive introduceret til dit sikkerhedsudstyr af din kvalificerede guide, hvorefter I g\u00e5r en kort g\u00e5tur til iskanten. \n\nSteigeisen og hjelmen er inkluderet i dette.\n\nDerefter vil din guide omhyggeligt f\u00f8lge dig over gletsjeren og give dig al den viden, du har brug for til at g\u00e5 p\u00e5 isen.\n\nVi bev\u00e6ger os gennem mere dristige omr\u00e5der, n\u00e5r du er tryg og med hj\u00e6lp fra din guide.\n\nDu f\u00e5r god tid til virkelig at v\u00e6rds\u00e6tte denne oplevelse og f\u00e5 en forst\u00e5else af, hvad folk mener, n\u00e5r de refererer til \"indlandsisens enorme st\u00f8rrelse\", mens du passerer imponerende spr\u00e6kker, beundrer alle isens strukturer og detaljer og nyder den betagende udsigt over landskabet med det \u00e5bne hav, der str\u00e6kker sig langt ud i horisonten p\u00e5 den ene side, og isen, der udvider sig uendeligt i den ene retning.\n\nDerefter f\u00f8lger din guide dig forsigtigt over gletsjeren og giver dig al den viden, du har brug for til at g\u00e5 p\u00e5 isen.\n\nVi bev\u00e6ger os gennem mere dristige omr\u00e5der, n\u00e5r du er tryg og med hj\u00e6lp fra din guide. \n\nDu f\u00e5r god tid til virkelig at v\u00e6rds\u00e6tte denne oplevelse og f\u00e5 en forst\u00e5else af, hvad folk mener, n\u00e5r de henviser til \"indlandsisens enorme st\u00f8rrelse\", mens du passerer imponerende spr\u00e6kker, beundrer alle isens strukturer og detaljer og nyder den betagende udsigt over landskabet med det \u00e5bne hav, der str\u00e6kker sig langt ud i horisonten p\u00e5 den ene side, og isen, der udvider sig uendeligt i den ene retning.\n<\/p>\n","protected":false},"excerpt":{"rendered":"<p>Eventyr p\u00e5 indlandsisen<\/p>\n","protected":false},"featured_media":31633,"comment_status":"open","ping_status":"closed","template":"","meta":{"_acf_changed":false},"product_brand":[],"product_cat":[101,170],"product_tag":[],"class_list":{"0":"post-31707","1":"product","2":"type-product","3":"status-publish","4":"has-post-thumbnail","6":"product_cat-tour","7":"product_cat-udflugt","8":"pa_dato-1022","9":"pa_dato-1042","10":"pa_tidspunkt-229","11":"pa_tidspunkt-317","12":"tour_location-kulusuk-da","13":"tour_type-baadture","14":"tour_tickettype-arctic_excursions","15":"tour_operator-infonunatakadventures-com","17":"first","18":"outofstock","19":"shipping-taxable","20":"product-type-variable"},"acf":[],"yoast_head":"<!-- This site is optimized with the Yoast SEO plugin v23.6 - https:\/\/yoast.com\/wordpress\/plugins\/seo\/ -->\n<title>Arctic Excursions<\/title>\n<meta name=\"robots\" content=\"index, follow, max-snippet:-1, max-image-preview:large, max-video-preview:-1\" \/>\n<link rel=\"canonical\" href=\"https:\/\/arcticexcursions.com\/udflugter\/ice-cap-adventure\/\" \/>\n<meta property=\"og:locale\" content=\"da_DK\" \/>\n<meta property=\"og:type\" content=\"article\" \/>\n<meta property=\"og:title\" content=\"Eventyr p\u00e5 indlandsisen - Arctic Excursions\" \/>\n<meta property=\"og:description\" content=\"Eventyr p\u00e5 indlandsisen\" \/>\n<meta property=\"og:url\" content=\"https:\/\/arcticexcursions.com\/udflugter\/ice-cap-adventure\/\" \/>\n<meta property=\"og:site_name\" content=\"Arctic Excursions\" \/>\n<meta property=\"article:modified_time\" content=\"2025-11-05T17:31:20+00:00\" \/>\n<meta property=\"og:image\" content=\"https:\/\/arcticexcursions.com\/wp-content\/uploads\/2024\/01\/NorrisNiman-Nunatak-Mission-069-683x1024.jpg\" \/>\n\t<meta property=\"og:image:width\" content=\"683\" \/>\n\t<meta property=\"og:image:height\" content=\"1024\" \/>\n\t<meta property=\"og:image:type\" content=\"image\/jpeg\" \/>\n<meta name=\"twitter:card\" content=\"summary_large_image\" \/>\n<meta name=\"twitter:label1\" content=\"Estimeret l\u00e6setid\" \/>\n\t<meta name=\"twitter:data1\" content=\"2 minutter\" \/>\n<script type=\"application\/ld+json\" class=\"yoast-schema-graph\">{\"@context\":\"https:\/\/schema.org\",\"@graph\":[{\"@type\":\"WebPage\",\"@id\":\"https:\/\/arcticexcursions.com\/udflugter\/ice-cap-adventure\/\",\"url\":\"https:\/\/arcticexcursions.com\/udflugter\/ice-cap-adventure\/\",\"name\":\"Eventyr p\u00e5 indlandsisen - Arctic Excursions\",\"isPartOf\":{\"@id\":\"https:\/\/arcticexcursions.com\/#website\"},\"primaryImageOfPage\":{\"@id\":\"https:\/\/arcticexcursions.com\/udflugter\/ice-cap-adventure\/#primaryimage\"},\"image\":{\"@id\":\"https:\/\/arcticexcursions.com\/udflugter\/ice-cap-adventure\/#primaryimage\"},\"thumbnailUrl\":\"https:\/\/arcticexcursions.com\/wp-content\/uploads\/2024\/01\/NorrisNiman-Nunatak-Mission-069.jpg\",\"datePublished\":\"2024-01-31T14:17:28+00:00\",\"dateModified\":\"2025-11-05T17:31:20+00:00\",\"breadcrumb\":{\"@id\":\"https:\/\/arcticexcursions.com\/udflugter\/ice-cap-adventure\/#breadcrumb\"},\"inLanguage\":\"da-DK\",\"potentialAction\":[{\"@type\":\"ReadAction\",\"target\":[\"https:\/\/arcticexcursions.com\/udflugter\/ice-cap-adventure\/\"]}]},{\"@type\":\"ImageObject\",\"inLanguage\":\"da-DK\",\"@id\":\"https:\/\/arcticexcursions.com\/udflugter\/ice-cap-adventure\/#primaryimage\",\"url\":\"https:\/\/arcticexcursions.com\/wp-content\/uploads\/2024\/01\/NorrisNiman-Nunatak-Mission-069.jpg\",\"contentUrl\":\"https:\/\/arcticexcursions.com\/wp-content\/uploads\/2024\/01\/NorrisNiman-Nunatak-Mission-069.jpg\",\"width\":5504,\"height\":8256},{\"@type\":\"BreadcrumbList\",\"@id\":\"https:\/\/arcticexcursions.com\/udflugter\/ice-cap-adventure\/#breadcrumb\",\"itemListElement\":[{\"@type\":\"ListItem\",\"position\":1,\"name\":\"Home\",\"item\":\"https:\/\/arcticexcursions.com\/da\/\"},{\"@type\":\"ListItem\",\"position\":2,\"name\":\"Udflugter i Gr\u00f8nland\",\"item\":\"https:\/\/arcticexcursions.com\/da\/udflugter\/\"},{\"@type\":\"ListItem\",\"position\":3,\"name\":\"Eventyr p\u00e5 indlandsisen\"}]},{\"@type\":\"WebSite\",\"@id\":\"https:\/\/arcticexcursions.com\/#website\",\"url\":\"https:\/\/arcticexcursions.com\/\",\"name\":\"Arctic Excursions\",\"description\":\"New adventures. Every day.\",\"publisher\":{\"@id\":\"https:\/\/arcticexcursions.com\/#organization\"},\"potentialAction\":[{\"@type\":\"SearchAction\",\"target\":{\"@type\":\"EntryPoint\",\"urlTemplate\":\"https:\/\/arcticexcursions.com\/?s={search_term_string}\"},\"query-input\":{\"@type\":\"PropertyValueSpecification\",\"valueRequired\":true,\"valueName\":\"search_term_string\"}}],\"inLanguage\":\"da-DK\"},{\"@type\":\"Organization\",\"@id\":\"https:\/\/arcticexcursions.com\/#organization\",\"name\":\"Arctic Excursions\",\"url\":\"https:\/\/arcticexcursions.com\/\",\"logo\":{\"@type\":\"ImageObject\",\"inLanguage\":\"da-DK\",\"@id\":\"https:\/\/arcticexcursions.com\/#\/schema\/logo\/image\/\",\"url\":\"https:\/\/arcticexcursions.com\/wp-content\/uploads\/2022\/11\/fb-logo.png\",\"contentUrl\":\"https:\/\/arcticexcursions.com\/wp-content\/uploads\/2022\/11\/fb-logo.png\",\"width\":523,\"height\":523,\"caption\":\"Arctic Excursions\"},\"image\":{\"@id\":\"https:\/\/arcticexcursions.com\/#\/schema\/logo\/image\/\"}}]}<\/script>\n<!-- \/ Yoast SEO plugin. -->","yoast_head_json":{"title":"Arctic Excursions","robots":{"index":"index","follow":"follow","max-snippet":"max-snippet:-1","max-image-preview":"max-image-preview:large","max-video-preview":"max-video-preview:-1"},"canonical":"https:\/\/arcticexcursions.com\/udflugter\/ice-cap-adventure\/","og_locale":"da_DK","og_type":"article","og_title":"Eventyr p\u00e5 indlandsisen - Arctic Excursions","og_description":"Eventyr p\u00e5 indlandsisen","og_url":"https:\/\/arcticexcursions.com\/udflugter\/ice-cap-adventure\/","og_site_name":"Arctic Excursions","article_modified_time":"2025-11-05T17:31:20+00:00","og_image":[{"width":683,"height":1024,"url":"https:\/\/arcticexcursions.com\/wp-content\/uploads\/2024\/01\/NorrisNiman-Nunatak-Mission-069-683x1024.jpg","type":"image\/jpeg"}],"twitter_card":"summary_large_image","twitter_misc":{"Estimeret l\u00e6setid":"2 minutter"},"schema":{"@context":"https:\/\/schema.org","@graph":[{"@type":"WebPage","@id":"https:\/\/arcticexcursions.com\/udflugter\/ice-cap-adventure\/","url":"https:\/\/arcticexcursions.com\/udflugter\/ice-cap-adventure\/","name":"Eventyr p\u00e5 indlandsisen - Arctic Excursions","isPartOf":{"@id":"https:\/\/arcticexcursions.com\/#website"},"primaryImageOfPage":{"@id":"https:\/\/arcticexcursions.com\/udflugter\/ice-cap-adventure\/#primaryimage"},"image":{"@id":"https:\/\/arcticexcursions.com\/udflugter\/ice-cap-adventure\/#primaryimage"},"thumbnailUrl":"https:\/\/arcticexcursions.com\/wp-content\/uploads\/2024\/01\/NorrisNiman-Nunatak-Mission-069.jpg","datePublished":"2024-01-31T14:17:28+00:00","dateModified":"2025-11-05T17:31:20+00:00","breadcrumb":{"@id":"https:\/\/arcticexcursions.com\/udflugter\/ice-cap-adventure\/#breadcrumb"},"inLanguage":"da-DK","potentialAction":[{"@type":"ReadAction","target":["https:\/\/arcticexcursions.com\/udflugter\/ice-cap-adventure\/"]}]},{"@type":"ImageObject","inLanguage":"da-DK","@id":"https:\/\/arcticexcursions.com\/udflugter\/ice-cap-adventure\/#primaryimage","url":"https:\/\/arcticexcursions.com\/wp-content\/uploads\/2024\/01\/NorrisNiman-Nunatak-Mission-069.jpg","contentUrl":"https:\/\/arcticexcursions.com\/wp-content\/uploads\/2024\/01\/NorrisNiman-Nunatak-Mission-069.jpg","width":5504,"height":8256},{"@type":"BreadcrumbList","@id":"https:\/\/arcticexcursions.com\/udflugter\/ice-cap-adventure\/#breadcrumb","itemListElement":[{"@type":"ListItem","position":1,"name":"Home","item":"https:\/\/arcticexcursions.com\/da\/"},{"@type":"ListItem","position":2,"name":"Udflugter i Gr\u00f8nland","item":"https:\/\/arcticexcursions.com\/da\/udflugter\/"},{"@type":"ListItem","position":3,"name":"Eventyr p\u00e5 indlandsisen"}]},{"@type":"WebSite","@id":"https:\/\/arcticexcursions.com\/#website","url":"https:\/\/arcticexcursions.com\/","name":"Arctic Excursions","description":"New adventures. Every day.","publisher":{"@id":"https:\/\/arcticexcursions.com\/#organization"},"potentialAction":[{"@type":"SearchAction","target":{"@type":"EntryPoint","urlTemplate":"https:\/\/arcticexcursions.com\/?s={search_term_string}"},"query-input":{"@type":"PropertyValueSpecification","valueRequired":true,"valueName":"search_term_string"}}],"inLanguage":"da-DK"},{"@type":"Organization","@id":"https:\/\/arcticexcursions.com\/#organization","name":"Arctic Excursions","url":"https:\/\/arcticexcursions.com\/","logo":{"@type":"ImageObject","inLanguage":"da-DK","@id":"https:\/\/arcticexcursions.com\/#\/schema\/logo\/image\/","url":"https:\/\/arcticexcursions.com\/wp-content\/uploads\/2022\/11\/fb-logo.png","contentUrl":"https:\/\/arcticexcursions.com\/wp-content\/uploads\/2022\/11\/fb-logo.png","width":523,"height":523,"caption":"Arctic Excursions"},"image":{"@id":"https:\/\/arcticexcursions.com\/#\/schema\/logo\/image\/"}}]}},"_links":{"self":[{"href":"https:\/\/arcticexcursions.com\/da\/wp-json\/wp\/v2\/product\/31707"}],"collection":[{"href":"https:\/\/arcticexcursions.com\/da\/wp-json\/wp\/v2\/product"}],"about":[{"href":"https:\/\/arcticexcursions.com\/da\/wp-json\/wp\/v2\/types\/product"}],"replies":[{"embeddable":true,"href":"https:\/\/arcticexcursions.com\/da\/wp-json\/wp\/v2\/comments?post=31707"}],"wp:featuredmedia":[{"embeddable":true,"href":"https:\/\/arcticexcursions.com\/da\/wp-json\/wp\/v2\/media\/31633"}],"wp:attachment":[{"href":"https:\/\/arcticexcursions.com\/da\/wp-json\/wp\/v2\/media?parent=31707"}],"wp:term":[{"taxonomy":"product_brand","embeddable":true,"href":"https:\/\/arcticexcursions.com\/da\/wp-json\/wp\/v2\/product_brand?post=31707"},{"taxonomy":"product_cat","embeddable":true,"href":"https:\/\/arcticexcursions.com\/da\/wp-json\/wp\/v2\/product_cat?post=31707"},{"taxonomy":"product_tag","embeddable":true,"href":"https:\/\/arcticexcursions.com\/da\/wp-json\/wp\/v2\/product_tag?post=31707"}],"curies":[{"name":"wp","href":"https:\/\/api.w.org\/{rel}","templated":true}]}}