{"id":31708,"date":"2024-01-30T18:34:36","date_gmt":"2024-01-30T16:34:36","guid":{"rendered":"https:\/\/arcticexcursions.com\/?post_type=product&#038;p=31708"},"modified":"2025-11-05T19:32:31","modified_gmt":"2025-11-05T17:32:31","slug":"ice-cave-tour","status":"publish","type":"product","link":"https:\/\/arcticexcursions.com\/da\/udflugter\/ice-cave-tour\/","title":{"rendered":"Tur i isgrotte"},"content":{"rendered":"<p>P\u00e5 denne tur udforsker vi en betagende ishule gemt v\u00e6k p\u00e5 en afsidesliggende gletsjer p\u00e5 en malerisk lille \u00f8 i \u00d8stgr\u00f8nland og tager p\u00e5 en gletsjervandring.<\/p>\n<p>Du kan tage afsted p\u00e5 din tur fra Tasiilaq eller Kulusuk. Udflugten begynder med en dejlig b\u00e5dtur til gletsjeren og varer cirka fire til fem timer. Den lille \u00f8 ligger ca. 40 minutters k\u00f8rsel fra Tasiilaq og 20 minutters k\u00f8rsel fra Kulusuk.<\/p>\n<p>Vi f\u00e5r mulighed for at se fantastiske fjorde, bjergk\u00e6der, isbjerge og m\u00e5ske endda nogle af Gr\u00f8nlands fantastiske dyr, mens vi sejler over havet! Hvis heldet er med os, st\u00f8der vi m\u00e5ske p\u00e5 sp\u00e6khuggere, s\u00e6ler, finhvaler, pukkelhvaler eller s\u00e6ler undervejs.<\/p>\n<p>N\u00e5r vores lokale b\u00e5df\u00f8rer s\u00e6tter os af, vil din kyndige guide vise dig, hvordan du bruger dit sikkerhedsudstyr. Steigeisen og hjelmen er inkluderet i dette.<\/p>\n<p>Derefter vil din guide f\u00f8re dig sikkert over isen.<\/p>\n<p>Der er en fantastisk udsigt over gletsjeren, og du har masser af tid til at udforske isgrottens unikke tr\u00e6k, som spr\u00e6kker og mouliner, under den korte g\u00e5tur p\u00e5 30 minutter.<\/p>\n<p>Du har masser af tid i grotten til at fordybe dig i denne fantastiske bl\u00e5 verden og v\u00e6rds\u00e6tte alle dens fantastiske nuancer. Vi bes\u00f8ger normalt grotten i omkring 30 minutter. <\/p>\n<p>Vi \u00f8nsker, at du virkelig s\u00e6tter pris p\u00e5 alle de forskellige og f\u00e6ngslende former og farver, som gletsjeren skaber, og at du f\u00e5r mest muligt ud af denne enest\u00e5ende mulighed. <\/p>\n<p>Vi f\u00e5r ofte grotten og gletsjeren helt for os selv, fordi vi er den eneste virksomhed, der tilbyder udflugter til denne grotte, hvilket g\u00f8r oplevelsen endnu mere unik.<\/p>\n<p>Vi forts\u00e6tter ind i gletsjeren efter at have forladt grotten for at n\u00e5 et udsigtspunkt, hvor vi kan se gletsjerens k\u00e6lvningsfront. hvor isbjerge dannes, n\u00e5r hav og is m\u00f8des.<\/p>\n<p>Vi vender tilbage til vores b\u00e5d, som sikkert transporterer dig tilbage til Kulusuk \/ Tasiilaq, efter endnu en halv times vandring. Vi f\u00e5r endnu en mulighed for at lede efter dyreliv og nyde de fantastiske omgivelser p\u00e5 vejen tilbage.<\/p>\n<p><b>Varighed:<\/b> 4-5 timer<\/p>\n<p><b>Deltagere:<\/b> Bem\u00e6rk venligst, at udflugten kun gennemf\u00f8res, hvis der er mindst 2 bookede billetter i alt. Hvis du for eksempel booker 1 billet, skal der s\u00e6lges mindst 1 yderligere billet til andre kunder, f\u00f8r turen kan finde sted. Der vil deltage maksimalt 10 personer.<\/p>\n<p><b>Sprog:<\/b> Guiden taler dansk, engelsk og gr\u00f8nlandsk<\/p>\n<p><b>Anbefalet p\u00e5kl\u00e6dning:<\/b> Varmt, praktisk t\u00f8j og vandresko. Sikkerhedsudstyr er inkluderet. Andet udstyr kan lejes.<\/p>\n","protected":false},"excerpt":{"rendered":"<p>Ishule og gletsjervandring<\/p>\n","protected":false},"featured_media":31645,"comment_status":"open","ping_status":"closed","template":"","meta":{"_acf_changed":false},"product_brand":[],"product_cat":[101,170],"product_tag":[],"class_list":{"0":"post-31708","1":"product","2":"type-product","3":"status-publish","4":"has-post-thumbnail","6":"product_cat-tour","7":"product_cat-udflugt","8":"pa_dato-1031","9":"pa_dato-1038","10":"pa_dato-6059","11":"pa_tidspunkt-72","12":"pa_tidspunkt-40","13":"tour_location-kulusuk-da","14":"tour_type-vandreture","15":"tour_type-outdoor-da","16":"tour_tickettype-arctic_excursions","17":"tour_operator-infonunatakadventures-com","19":"first","20":"outofstock","21":"shipping-taxable","22":"product-type-variable"},"acf":[],"yoast_head":"<!-- This site is optimized with the Yoast SEO plugin v23.6 - https:\/\/yoast.com\/wordpress\/plugins\/seo\/ -->\n<title>Arctic Excursions<\/title>\n<meta name=\"robots\" content=\"index, follow, max-snippet:-1, max-image-preview:large, max-video-preview:-1\" \/>\n<link rel=\"canonical\" href=\"https:\/\/arcticexcursions.com\/udflugter\/ice-cave-tour\/\" \/>\n<meta property=\"og:locale\" content=\"da_DK\" \/>\n<meta property=\"og:type\" content=\"article\" \/>\n<meta property=\"og:title\" content=\"Tur i isgrotte - Arctic Excursions\" \/>\n<meta property=\"og:description\" content=\"Ishule og gletsjervandring\" \/>\n<meta property=\"og:url\" content=\"https:\/\/arcticexcursions.com\/udflugter\/ice-cave-tour\/\" \/>\n<meta property=\"og:site_name\" content=\"Arctic Excursions\" \/>\n<meta property=\"article:modified_time\" content=\"2025-11-05T17:32:31+00:00\" \/>\n<meta property=\"og:image\" content=\"https:\/\/arcticexcursions.com\/wp-content\/uploads\/2024\/01\/NorrisNiman-Nunatak-Mission-006-scaled.jpg\" \/>\n\t<meta property=\"og:image:width\" content=\"1707\" \/>\n\t<meta property=\"og:image:height\" content=\"2560\" \/>\n\t<meta property=\"og:image:type\" content=\"image\/jpeg\" \/>\n<meta name=\"twitter:card\" content=\"summary_large_image\" \/>\n<meta name=\"twitter:label1\" content=\"Estimeret l\u00e6setid\" \/>\n\t<meta name=\"twitter:data1\" content=\"2 minutter\" \/>\n<script type=\"application\/ld+json\" class=\"yoast-schema-graph\">{\"@context\":\"https:\/\/schema.org\",\"@graph\":[{\"@type\":\"WebPage\",\"@id\":\"https:\/\/arcticexcursions.com\/udflugter\/ice-cave-tour\/\",\"url\":\"https:\/\/arcticexcursions.com\/udflugter\/ice-cave-tour\/\",\"name\":\"Tur i isgrotte - Arctic Excursions\",\"isPartOf\":{\"@id\":\"https:\/\/arcticexcursions.com\/#website\"},\"primaryImageOfPage\":{\"@id\":\"https:\/\/arcticexcursions.com\/udflugter\/ice-cave-tour\/#primaryimage\"},\"image\":{\"@id\":\"https:\/\/arcticexcursions.com\/udflugter\/ice-cave-tour\/#primaryimage\"},\"thumbnailUrl\":\"https:\/\/arcticexcursions.com\/wp-content\/uploads\/2024\/01\/NorrisNiman-Nunatak-Mission-006-scaled.jpg\",\"datePublished\":\"2024-01-30T16:34:36+00:00\",\"dateModified\":\"2025-11-05T17:32:31+00:00\",\"breadcrumb\":{\"@id\":\"https:\/\/arcticexcursions.com\/udflugter\/ice-cave-tour\/#breadcrumb\"},\"inLanguage\":\"da-DK\",\"potentialAction\":[{\"@type\":\"ReadAction\",\"target\":[\"https:\/\/arcticexcursions.com\/udflugter\/ice-cave-tour\/\"]}]},{\"@type\":\"ImageObject\",\"inLanguage\":\"da-DK\",\"@id\":\"https:\/\/arcticexcursions.com\/udflugter\/ice-cave-tour\/#primaryimage\",\"url\":\"https:\/\/arcticexcursions.com\/wp-content\/uploads\/2024\/01\/NorrisNiman-Nunatak-Mission-006-scaled.jpg\",\"contentUrl\":\"https:\/\/arcticexcursions.com\/wp-content\/uploads\/2024\/01\/NorrisNiman-Nunatak-Mission-006-scaled.jpg\",\"width\":1707,\"height\":2560},{\"@type\":\"BreadcrumbList\",\"@id\":\"https:\/\/arcticexcursions.com\/udflugter\/ice-cave-tour\/#breadcrumb\",\"itemListElement\":[{\"@type\":\"ListItem\",\"position\":1,\"name\":\"Home\",\"item\":\"https:\/\/arcticexcursions.com\/da\/\"},{\"@type\":\"ListItem\",\"position\":2,\"name\":\"Udflugter i Gr\u00f8nland\",\"item\":\"https:\/\/arcticexcursions.com\/da\/udflugter\/\"},{\"@type\":\"ListItem\",\"position\":3,\"name\":\"Tur i isgrotte\"}]},{\"@type\":\"WebSite\",\"@id\":\"https:\/\/arcticexcursions.com\/#website\",\"url\":\"https:\/\/arcticexcursions.com\/\",\"name\":\"Arctic Excursions\",\"description\":\"New adventures. Every day.\",\"publisher\":{\"@id\":\"https:\/\/arcticexcursions.com\/#organization\"},\"potentialAction\":[{\"@type\":\"SearchAction\",\"target\":{\"@type\":\"EntryPoint\",\"urlTemplate\":\"https:\/\/arcticexcursions.com\/?s={search_term_string}\"},\"query-input\":{\"@type\":\"PropertyValueSpecification\",\"valueRequired\":true,\"valueName\":\"search_term_string\"}}],\"inLanguage\":\"da-DK\"},{\"@type\":\"Organization\",\"@id\":\"https:\/\/arcticexcursions.com\/#organization\",\"name\":\"Arctic Excursions\",\"url\":\"https:\/\/arcticexcursions.com\/\",\"logo\":{\"@type\":\"ImageObject\",\"inLanguage\":\"da-DK\",\"@id\":\"https:\/\/arcticexcursions.com\/#\/schema\/logo\/image\/\",\"url\":\"https:\/\/arcticexcursions.com\/wp-content\/uploads\/2022\/11\/fb-logo.png\",\"contentUrl\":\"https:\/\/arcticexcursions.com\/wp-content\/uploads\/2022\/11\/fb-logo.png\",\"width\":523,\"height\":523,\"caption\":\"Arctic Excursions\"},\"image\":{\"@id\":\"https:\/\/arcticexcursions.com\/#\/schema\/logo\/image\/\"}}]}<\/script>\n<!-- \/ Yoast SEO plugin. -->","yoast_head_json":{"title":"Arctic Excursions","robots":{"index":"index","follow":"follow","max-snippet":"max-snippet:-1","max-image-preview":"max-image-preview:large","max-video-preview":"max-video-preview:-1"},"canonical":"https:\/\/arcticexcursions.com\/udflugter\/ice-cave-tour\/","og_locale":"da_DK","og_type":"article","og_title":"Tur i isgrotte - Arctic Excursions","og_description":"Ishule og gletsjervandring","og_url":"https:\/\/arcticexcursions.com\/udflugter\/ice-cave-tour\/","og_site_name":"Arctic Excursions","article_modified_time":"2025-11-05T17:32:31+00:00","og_image":[{"width":1707,"height":2560,"url":"https:\/\/arcticexcursions.com\/wp-content\/uploads\/2024\/01\/NorrisNiman-Nunatak-Mission-006-scaled.jpg","type":"image\/jpeg"}],"twitter_card":"summary_large_image","twitter_misc":{"Estimeret l\u00e6setid":"2 minutter"},"schema":{"@context":"https:\/\/schema.org","@graph":[{"@type":"WebPage","@id":"https:\/\/arcticexcursions.com\/udflugter\/ice-cave-tour\/","url":"https:\/\/arcticexcursions.com\/udflugter\/ice-cave-tour\/","name":"Tur i isgrotte - Arctic Excursions","isPartOf":{"@id":"https:\/\/arcticexcursions.com\/#website"},"primaryImageOfPage":{"@id":"https:\/\/arcticexcursions.com\/udflugter\/ice-cave-tour\/#primaryimage"},"image":{"@id":"https:\/\/arcticexcursions.com\/udflugter\/ice-cave-tour\/#primaryimage"},"thumbnailUrl":"https:\/\/arcticexcursions.com\/wp-content\/uploads\/2024\/01\/NorrisNiman-Nunatak-Mission-006-scaled.jpg","datePublished":"2024-01-30T16:34:36+00:00","dateModified":"2025-11-05T17:32:31+00:00","breadcrumb":{"@id":"https:\/\/arcticexcursions.com\/udflugter\/ice-cave-tour\/#breadcrumb"},"inLanguage":"da-DK","potentialAction":[{"@type":"ReadAction","target":["https:\/\/arcticexcursions.com\/udflugter\/ice-cave-tour\/"]}]},{"@type":"ImageObject","inLanguage":"da-DK","@id":"https:\/\/arcticexcursions.com\/udflugter\/ice-cave-tour\/#primaryimage","url":"https:\/\/arcticexcursions.com\/wp-content\/uploads\/2024\/01\/NorrisNiman-Nunatak-Mission-006-scaled.jpg","contentUrl":"https:\/\/arcticexcursions.com\/wp-content\/uploads\/2024\/01\/NorrisNiman-Nunatak-Mission-006-scaled.jpg","width":1707,"height":2560},{"@type":"BreadcrumbList","@id":"https:\/\/arcticexcursions.com\/udflugter\/ice-cave-tour\/#breadcrumb","itemListElement":[{"@type":"ListItem","position":1,"name":"Home","item":"https:\/\/arcticexcursions.com\/da\/"},{"@type":"ListItem","position":2,"name":"Udflugter i Gr\u00f8nland","item":"https:\/\/arcticexcursions.com\/da\/udflugter\/"},{"@type":"ListItem","position":3,"name":"Tur i isgrotte"}]},{"@type":"WebSite","@id":"https:\/\/arcticexcursions.com\/#website","url":"https:\/\/arcticexcursions.com\/","name":"Arctic Excursions","description":"New adventures. Every day.","publisher":{"@id":"https:\/\/arcticexcursions.com\/#organization"},"potentialAction":[{"@type":"SearchAction","target":{"@type":"EntryPoint","urlTemplate":"https:\/\/arcticexcursions.com\/?s={search_term_string}"},"query-input":{"@type":"PropertyValueSpecification","valueRequired":true,"valueName":"search_term_string"}}],"inLanguage":"da-DK"},{"@type":"Organization","@id":"https:\/\/arcticexcursions.com\/#organization","name":"Arctic Excursions","url":"https:\/\/arcticexcursions.com\/","logo":{"@type":"ImageObject","inLanguage":"da-DK","@id":"https:\/\/arcticexcursions.com\/#\/schema\/logo\/image\/","url":"https:\/\/arcticexcursions.com\/wp-content\/uploads\/2022\/11\/fb-logo.png","contentUrl":"https:\/\/arcticexcursions.com\/wp-content\/uploads\/2022\/11\/fb-logo.png","width":523,"height":523,"caption":"Arctic Excursions"},"image":{"@id":"https:\/\/arcticexcursions.com\/#\/schema\/logo\/image\/"}}]}},"_links":{"self":[{"href":"https:\/\/arcticexcursions.com\/da\/wp-json\/wp\/v2\/product\/31708"}],"collection":[{"href":"https:\/\/arcticexcursions.com\/da\/wp-json\/wp\/v2\/product"}],"about":[{"href":"https:\/\/arcticexcursions.com\/da\/wp-json\/wp\/v2\/types\/product"}],"replies":[{"embeddable":true,"href":"https:\/\/arcticexcursions.com\/da\/wp-json\/wp\/v2\/comments?post=31708"}],"wp:featuredmedia":[{"embeddable":true,"href":"https:\/\/arcticexcursions.com\/da\/wp-json\/wp\/v2\/media\/31645"}],"wp:attachment":[{"href":"https:\/\/arcticexcursions.com\/da\/wp-json\/wp\/v2\/media?parent=31708"}],"wp:term":[{"taxonomy":"product_brand","embeddable":true,"href":"https:\/\/arcticexcursions.com\/da\/wp-json\/wp\/v2\/product_brand?post=31708"},{"taxonomy":"product_cat","embeddable":true,"href":"https:\/\/arcticexcursions.com\/da\/wp-json\/wp\/v2\/product_cat?post=31708"},{"taxonomy":"product_tag","embeddable":true,"href":"https:\/\/arcticexcursions.com\/da\/wp-json\/wp\/v2\/product_tag?post=31708"}],"curies":[{"name":"wp","href":"https:\/\/api.w.org\/{rel}","templated":true}]}}