{"id":3171,"date":"2022-10-07T10:29:11","date_gmt":"2022-10-07T08:29:11","guid":{"rendered":"https:\/\/arcticexcursions.com\/?post_type=product&#038;p=3171"},"modified":"2025-09-02T19:00:14","modified_gmt":"2025-09-02T17:00:14","slug":"kangeq-haabets-oe","status":"publish","type":"product","link":"https:\/\/arcticexcursions.com\/da\/udflugter\/kangeq-haabets-oe\/","title":{"rendered":"Kangeq &#038; H\u00e5bets \u00d8"},"content":{"rendered":"<p>H\u00e5bets \u00d8 er hvor den danske og norske pr\u00e6st Hans Egede startede sin kolonisering. I dag kan du stadig se ruinerne af hans f\u00f8rste hus p\u00e5 \u00f8en.<\/p>\n<p>Under denne tur f\u00e5r du den bem\u00e6rkelsesv\u00e6rdige mulighed for at begive dig ind i den \u00f8de landsby Kangeq, der ligger n\u00e6r H\u00e5bets \u00d8. Denne udflugt er skr\u00e6ddersyet til dem, der er ivrige efter at tr\u00e6de ind i de gamle inuitters sko og dykke ned i Gr\u00f8nlands koloniale fortid.<\/p>\n<p>I \u00e5rhundreder trivedes Kangeq med indbyggere indtil 1960&#8217;erne. I dag har du det privilegium at fordybe dig i Kangeqs ro og vidne om historiske levn, der sp\u00e6nder over utallige generationer. Den kendte j\u00e6ger og kunstner, Aron fra Kangeq (1822-69), hvis illustrationer af gr\u00f8nlandske sagn og myter vandt udbredt anerkendelse, begyndte sin kreative rejse i denne forladte enklave. Inuit-folket var de oprindelige indbyggere i Kangeq, og du vil have chancen for at udforske og forundre de gamle inuit-ruiner og rester.<\/p>\n<p>Hvis du gerne vil opleve en &#8220;sp\u00f8gelsesby&#8221;, s\u00e5 er denne b\u00e5dtur noget for dig.<\/p>\n<p><b>Varighed:<\/b> 3 timer (1,5 timers sejlads og 1,5 time p\u00e5 land)<\/p>\n<p><b>B\u00e5de:<\/b> Targa 25 (med toilet) &#038; Arronet 24,5 (uden toilet)<\/p>\n<p><b>Bem\u00e6rk:<\/b> Vi skal bruge mindst 4 personer til at arrangere turen.<\/p>\n","protected":false},"excerpt":{"rendered":"<p>Sp\u00e6ndende b\u00e5dtur til den forladte bygd Kangeq og H\u00e5bets \u00d8! Stedet hvor Hans Egede startede sin mission<\/p>\n","protected":false},"featured_media":3167,"comment_status":"open","ping_status":"closed","template":"","meta":{"_acf_changed":false},"product_brand":[],"product_cat":[170],"product_tag":[159],"class_list":{"0":"post-3171","1":"product","2":"type-product","3":"status-publish","4":"has-post-thumbnail","6":"product_cat-udflugt","7":"product_tag-1-da","8":"pa_dato-252","9":"pa_dato-398","10":"pa_dato-676","11":"pa_dato-615","12":"pa_dato-745","13":"pa_dato-747","14":"pa_dato-847","15":"pa_dato-775","16":"pa_dato-850","17":"pa_dato-778","18":"pa_dato-783","19":"pa_dato-786","20":"pa_dato-789","21":"pa_dato-1105","22":"pa_dato-1109","23":"pa_dato-1111","24":"pa_dato-1115","25":"pa_dato-1117","26":"pa_dato-900","27":"pa_dato-1063","28":"pa_dato-1065","29":"pa_dato-912","30":"pa_dato-1126","31":"pa_dato-963","32":"pa_dato-1129","33":"pa_dato-966","34":"pa_dato-1026","35":"pa_dato-1031","36":"pa_dato-993","37":"pa_dato-997","38":"pa_dato-1003","39":"pa_dato-1005","40":"pa_dato-1039","41":"pa_dato-968","42":"pa_dato-1012","43":"pa_dato-1017","44":"pa_dato-1043","45":"pa_dato-1324","46":"pa_dato-1276","47":"pa_dato-6082","48":"pa_dato-6051","49":"pa_dato-5990","50":"pa_tidspunkt-38","51":"pa_tidspunkt-40","52":"pa_tidspunkt-304","53":"pa_tidspunkt-317","54":"pa_tidspunkt-426","55":"pa_tidspunkt-255","56":"tour_location-nuuk-da","57":"tour_type-baadture","58":"tour_tickettype-arctic_excursions","59":"tour_operator-kang-tourism","61":"first","62":"outofstock","63":"shipping-taxable","64":"product-type-variable"},"acf":[],"yoast_head":"<!-- This site is optimized with the Yoast SEO plugin v23.6 - https:\/\/yoast.com\/wordpress\/plugins\/seo\/ -->\n<title>Arctic Excursions<\/title>\n<meta name=\"robots\" content=\"index, follow, max-snippet:-1, max-image-preview:large, max-video-preview:-1\" \/>\n<link rel=\"canonical\" href=\"https:\/\/arcticexcursions.com\/da\/udflugter\/kangeq-haabets-oe\/\" \/>\n<meta property=\"og:locale\" content=\"da_DK\" \/>\n<meta property=\"og:type\" content=\"article\" \/>\n<meta property=\"og:title\" content=\"Kangeq &amp; H\u00e5bets \u00d8 - Arctic Excursions\" \/>\n<meta property=\"og:description\" content=\"Sp\u00e6ndende b\u00e5dtur til den forladte bygd Kangeq og H\u00e5bets \u00d8! Stedet hvor Hans Egede startede sin mission\" \/>\n<meta property=\"og:url\" content=\"https:\/\/arcticexcursions.com\/da\/udflugter\/kangeq-haabets-oe\/\" \/>\n<meta property=\"og:site_name\" content=\"Arctic Excursions\" \/>\n<meta property=\"article:modified_time\" content=\"2025-09-02T17:00:14+00:00\" \/>\n<meta property=\"og:image\" content=\"https:\/\/arcticexcursions.com\/wp-content\/uploads\/2022\/10\/98350375_239720547476361_4214607379855048704_n.jpg\" \/>\n\t<meta property=\"og:image:width\" content=\"840\" \/>\n\t<meta property=\"og:image:height\" content=\"560\" \/>\n\t<meta property=\"og:image:type\" content=\"image\/jpeg\" \/>\n<meta name=\"twitter:card\" content=\"summary_large_image\" \/>\n<meta name=\"twitter:label1\" content=\"Estimeret l\u00e6setid\" \/>\n\t<meta name=\"twitter:data1\" content=\"1 minut\" \/>\n<script type=\"application\/ld+json\" class=\"yoast-schema-graph\">{\"@context\":\"https:\/\/schema.org\",\"@graph\":[{\"@type\":\"WebPage\",\"@id\":\"https:\/\/arcticexcursions.com\/da\/udflugter\/kangeq-haabets-oe\/\",\"url\":\"https:\/\/arcticexcursions.com\/da\/udflugter\/kangeq-haabets-oe\/\",\"name\":\"Kangeq & H\u00e5bets \u00d8 - Arctic Excursions\",\"isPartOf\":{\"@id\":\"https:\/\/arcticexcursions.com\/#website\"},\"primaryImageOfPage\":{\"@id\":\"https:\/\/arcticexcursions.com\/da\/udflugter\/kangeq-haabets-oe\/#primaryimage\"},\"image\":{\"@id\":\"https:\/\/arcticexcursions.com\/da\/udflugter\/kangeq-haabets-oe\/#primaryimage\"},\"thumbnailUrl\":\"https:\/\/arcticexcursions.com\/wp-content\/uploads\/2022\/10\/98350375_239720547476361_4214607379855048704_n.jpg\",\"datePublished\":\"2022-10-07T08:29:11+00:00\",\"dateModified\":\"2025-09-02T17:00:14+00:00\",\"breadcrumb\":{\"@id\":\"https:\/\/arcticexcursions.com\/da\/udflugter\/kangeq-haabets-oe\/#breadcrumb\"},\"inLanguage\":\"da-DK\",\"potentialAction\":[{\"@type\":\"ReadAction\",\"target\":[\"https:\/\/arcticexcursions.com\/da\/udflugter\/kangeq-haabets-oe\/\"]}]},{\"@type\":\"ImageObject\",\"inLanguage\":\"da-DK\",\"@id\":\"https:\/\/arcticexcursions.com\/da\/udflugter\/kangeq-haabets-oe\/#primaryimage\",\"url\":\"https:\/\/arcticexcursions.com\/wp-content\/uploads\/2022\/10\/98350375_239720547476361_4214607379855048704_n.jpg\",\"contentUrl\":\"https:\/\/arcticexcursions.com\/wp-content\/uploads\/2022\/10\/98350375_239720547476361_4214607379855048704_n.jpg\",\"width\":840,\"height\":560},{\"@type\":\"BreadcrumbList\",\"@id\":\"https:\/\/arcticexcursions.com\/da\/udflugter\/kangeq-haabets-oe\/#breadcrumb\",\"itemListElement\":[{\"@type\":\"ListItem\",\"position\":1,\"name\":\"Home\",\"item\":\"https:\/\/arcticexcursions.com\/da\/\"},{\"@type\":\"ListItem\",\"position\":2,\"name\":\"Udflugter i Gr\u00f8nland\",\"item\":\"https:\/\/arcticexcursions.com\/da\/udflugter\/\"},{\"@type\":\"ListItem\",\"position\":3,\"name\":\"Kangeq &#038; H\u00e5bets \u00d8\"}]},{\"@type\":\"WebSite\",\"@id\":\"https:\/\/arcticexcursions.com\/#website\",\"url\":\"https:\/\/arcticexcursions.com\/\",\"name\":\"Arctic Excursions\",\"description\":\"New adventures. Every day.\",\"publisher\":{\"@id\":\"https:\/\/arcticexcursions.com\/#organization\"},\"potentialAction\":[{\"@type\":\"SearchAction\",\"target\":{\"@type\":\"EntryPoint\",\"urlTemplate\":\"https:\/\/arcticexcursions.com\/?s={search_term_string}\"},\"query-input\":{\"@type\":\"PropertyValueSpecification\",\"valueRequired\":true,\"valueName\":\"search_term_string\"}}],\"inLanguage\":\"da-DK\"},{\"@type\":\"Organization\",\"@id\":\"https:\/\/arcticexcursions.com\/#organization\",\"name\":\"Arctic Excursions\",\"url\":\"https:\/\/arcticexcursions.com\/\",\"logo\":{\"@type\":\"ImageObject\",\"inLanguage\":\"da-DK\",\"@id\":\"https:\/\/arcticexcursions.com\/#\/schema\/logo\/image\/\",\"url\":\"https:\/\/arcticexcursions.com\/wp-content\/uploads\/2022\/11\/fb-logo.png\",\"contentUrl\":\"https:\/\/arcticexcursions.com\/wp-content\/uploads\/2022\/11\/fb-logo.png\",\"width\":523,\"height\":523,\"caption\":\"Arctic Excursions\"},\"image\":{\"@id\":\"https:\/\/arcticexcursions.com\/#\/schema\/logo\/image\/\"}}]}<\/script>\n<!-- \/ Yoast SEO plugin. -->","yoast_head_json":{"title":"Arctic Excursions","robots":{"index":"index","follow":"follow","max-snippet":"max-snippet:-1","max-image-preview":"max-image-preview:large","max-video-preview":"max-video-preview:-1"},"canonical":"https:\/\/arcticexcursions.com\/da\/udflugter\/kangeq-haabets-oe\/","og_locale":"da_DK","og_type":"article","og_title":"Kangeq & H\u00e5bets \u00d8 - Arctic Excursions","og_description":"Sp\u00e6ndende b\u00e5dtur til den forladte bygd Kangeq og H\u00e5bets \u00d8! Stedet hvor Hans Egede startede sin mission","og_url":"https:\/\/arcticexcursions.com\/da\/udflugter\/kangeq-haabets-oe\/","og_site_name":"Arctic Excursions","article_modified_time":"2025-09-02T17:00:14+00:00","og_image":[{"width":840,"height":560,"url":"https:\/\/arcticexcursions.com\/wp-content\/uploads\/2022\/10\/98350375_239720547476361_4214607379855048704_n.jpg","type":"image\/jpeg"}],"twitter_card":"summary_large_image","twitter_misc":{"Estimeret l\u00e6setid":"1 minut"},"schema":{"@context":"https:\/\/schema.org","@graph":[{"@type":"WebPage","@id":"https:\/\/arcticexcursions.com\/da\/udflugter\/kangeq-haabets-oe\/","url":"https:\/\/arcticexcursions.com\/da\/udflugter\/kangeq-haabets-oe\/","name":"Kangeq & H\u00e5bets \u00d8 - Arctic Excursions","isPartOf":{"@id":"https:\/\/arcticexcursions.com\/#website"},"primaryImageOfPage":{"@id":"https:\/\/arcticexcursions.com\/da\/udflugter\/kangeq-haabets-oe\/#primaryimage"},"image":{"@id":"https:\/\/arcticexcursions.com\/da\/udflugter\/kangeq-haabets-oe\/#primaryimage"},"thumbnailUrl":"https:\/\/arcticexcursions.com\/wp-content\/uploads\/2022\/10\/98350375_239720547476361_4214607379855048704_n.jpg","datePublished":"2022-10-07T08:29:11+00:00","dateModified":"2025-09-02T17:00:14+00:00","breadcrumb":{"@id":"https:\/\/arcticexcursions.com\/da\/udflugter\/kangeq-haabets-oe\/#breadcrumb"},"inLanguage":"da-DK","potentialAction":[{"@type":"ReadAction","target":["https:\/\/arcticexcursions.com\/da\/udflugter\/kangeq-haabets-oe\/"]}]},{"@type":"ImageObject","inLanguage":"da-DK","@id":"https:\/\/arcticexcursions.com\/da\/udflugter\/kangeq-haabets-oe\/#primaryimage","url":"https:\/\/arcticexcursions.com\/wp-content\/uploads\/2022\/10\/98350375_239720547476361_4214607379855048704_n.jpg","contentUrl":"https:\/\/arcticexcursions.com\/wp-content\/uploads\/2022\/10\/98350375_239720547476361_4214607379855048704_n.jpg","width":840,"height":560},{"@type":"BreadcrumbList","@id":"https:\/\/arcticexcursions.com\/da\/udflugter\/kangeq-haabets-oe\/#breadcrumb","itemListElement":[{"@type":"ListItem","position":1,"name":"Home","item":"https:\/\/arcticexcursions.com\/da\/"},{"@type":"ListItem","position":2,"name":"Udflugter i Gr\u00f8nland","item":"https:\/\/arcticexcursions.com\/da\/udflugter\/"},{"@type":"ListItem","position":3,"name":"Kangeq &#038; H\u00e5bets \u00d8"}]},{"@type":"WebSite","@id":"https:\/\/arcticexcursions.com\/#website","url":"https:\/\/arcticexcursions.com\/","name":"Arctic Excursions","description":"New adventures. Every day.","publisher":{"@id":"https:\/\/arcticexcursions.com\/#organization"},"potentialAction":[{"@type":"SearchAction","target":{"@type":"EntryPoint","urlTemplate":"https:\/\/arcticexcursions.com\/?s={search_term_string}"},"query-input":{"@type":"PropertyValueSpecification","valueRequired":true,"valueName":"search_term_string"}}],"inLanguage":"da-DK"},{"@type":"Organization","@id":"https:\/\/arcticexcursions.com\/#organization","name":"Arctic Excursions","url":"https:\/\/arcticexcursions.com\/","logo":{"@type":"ImageObject","inLanguage":"da-DK","@id":"https:\/\/arcticexcursions.com\/#\/schema\/logo\/image\/","url":"https:\/\/arcticexcursions.com\/wp-content\/uploads\/2022\/11\/fb-logo.png","contentUrl":"https:\/\/arcticexcursions.com\/wp-content\/uploads\/2022\/11\/fb-logo.png","width":523,"height":523,"caption":"Arctic Excursions"},"image":{"@id":"https:\/\/arcticexcursions.com\/#\/schema\/logo\/image\/"}}]}},"_links":{"self":[{"href":"https:\/\/arcticexcursions.com\/da\/wp-json\/wp\/v2\/product\/3171"}],"collection":[{"href":"https:\/\/arcticexcursions.com\/da\/wp-json\/wp\/v2\/product"}],"about":[{"href":"https:\/\/arcticexcursions.com\/da\/wp-json\/wp\/v2\/types\/product"}],"replies":[{"embeddable":true,"href":"https:\/\/arcticexcursions.com\/da\/wp-json\/wp\/v2\/comments?post=3171"}],"wp:featuredmedia":[{"embeddable":true,"href":"https:\/\/arcticexcursions.com\/da\/wp-json\/wp\/v2\/media\/3167"}],"wp:attachment":[{"href":"https:\/\/arcticexcursions.com\/da\/wp-json\/wp\/v2\/media?parent=3171"}],"wp:term":[{"taxonomy":"product_brand","embeddable":true,"href":"https:\/\/arcticexcursions.com\/da\/wp-json\/wp\/v2\/product_brand?post=3171"},{"taxonomy":"product_cat","embeddable":true,"href":"https:\/\/arcticexcursions.com\/da\/wp-json\/wp\/v2\/product_cat?post=3171"},{"taxonomy":"product_tag","embeddable":true,"href":"https:\/\/arcticexcursions.com\/da\/wp-json\/wp\/v2\/product_tag?post=3171"}],"curies":[{"name":"wp","href":"https:\/\/api.w.org\/{rel}","templated":true}]}}