{"id":31711,"date":"2024-01-30T18:48:31","date_gmt":"2024-01-30T16:48:31","guid":{"rendered":"https:\/\/arcticexcursions.com\/?post_type=product&#038;p=31711"},"modified":"2025-11-05T19:31:54","modified_gmt":"2025-11-05T17:31:54","slug":"ice-climbing-ice-cave","status":"publish","type":"product","link":"https:\/\/arcticexcursions.com\/da\/udflugter\/ice-climbing-ice-cave\/","title":{"rendered":"Isklatring og isgrotte"},"content":{"rendered":"<p>Denne tur er ideel, hvis du vil opleve den unikke mulighed for at g\u00e5 p\u00e5 en gletsjer, g\u00e5 ind i en naturligt skabt ishule p\u00e5 en fjern gletsjer i det fantastiske Gr\u00f8nland og f\u00e5 en ekstra dosis adrenalin ved at pr\u00f8ve kr\u00e6fter med isklatring.<\/p>\n<p>Denne tur d\u00e6kker alt, hvad vores Ice Cave+ Glacier Walk tilbyder, plus en introduktion til den sp\u00e6ndende sport isklatring. Den er designet til alle, ogs\u00e5 dem, der g\u00e5r p\u00e5 en gletsjer og ser steigeisen og isklatre\u00f8ksen for f\u00f8rste gang i deres liv.<\/p>\n<p><b>Varighed:<\/b> 4-5 timer<\/p>\n<p><b>Deltagere:<\/b> Bem\u00e6rk venligst at der maksimalt kan deltage 6 personer til turen.<\/p>\n<p><b>Sv\u00e6rhedsgrad:<\/b> Vores guider kan tilpasse hver tur og \u00e6ndre klatringens sv\u00e6rhedsgrad, s\u00e5 den passer til hele gruppens behov.<\/p>\n<p>Du m\u00f8der din kyndige guide og den lokale b\u00e5dchauff\u00f8r i Kulusuk eller Tasiilaq, hvor den fire til fem timer lange udflugt begynder.<\/p>\n<p>Derfra har vi en dejlig sejltur foran os, som vil tage 40 minutter (fra Tasiilaq) eller 20 minutter (fra Kulusuk).<\/p>\n<p>Vi f\u00e5r mulighed for at se fantastiske fjorde, bjergk\u00e6der, isbjerge og m\u00e5ske endda nogle af Gr\u00f8nlands fantastiske dyr, mens vi sejler over havet! <\/p>\n<p>Hvis vi er heldige, kan vi st\u00f8de p\u00e5 sp\u00e6khuggere, s\u00e6ler, finhvaler og pukkelhvaler undervejs.<br \/>\nDerefter vil din guide f\u00f8re dig sikkert over isen.<\/p>\n<p>Der er en fantastisk udsigt over gletsjeren, og du har masser af tid til at udforske isgrottens unikke tr\u00e6k, som spr\u00e6kker og mouliner, under den korte 30 minutters g\u00e5tur derhen.<\/p>\n<p>Du har masser af tid i grotten til at fordybe dig i denne fantastiske bl\u00e5 verden og v\u00e6rds\u00e6tte alle dens fantastiske nuancer. Vi bes\u00f8ger normalt grotten i omkring 30 minutter.<\/p>\n<p>Vi f\u00e5r ofte grotten og gletsjeren helt for os selv, fordi vi er den eneste virksomhed, der tilbyder udflugter til denne grotte, hvilket g\u00f8r oplevelsen endnu mere unik.<\/p>\n<p>Din guide finder et sikkert sted, hvor du til sidst kan gribe fat i isklatre\u00f8kserne, enten under rejsen til grotten eller p\u00e5 vej tilbage til b\u00e5den.<\/p>\n<p>N\u00e5r ankeret er sikret, vil din guide vise dig den bedste teknik, gennemg\u00e5 det grundl\u00e6ggende i isklatring og derefter s\u00e6nke dig ned i en spalte p\u00e5 et reb! <\/p>\n<p>S\u00e5 f\u00e5r du chancen for at brillere, pr\u00f8ve at anvende det, du har l\u00e6rt, og komme tilbage til gruppens hvilested.<\/p>\n<p>Du f\u00e5r mulighed for at gentage dette, s\u00e5 ofte du vil. Vores m\u00e5l er, at du skal f\u00e5 s\u00e5 meget ud af oplevelsen som muligt, f\u00e5 en fornemmelse af teknikken og m\u00e5ske endda g\u00f8re nogle fremskridt.<\/p>\n<p>Det er sv\u00e6rt at beskrive f\u00f8lelsen af rent faktisk at dingle inde i en spalte, men det giver et andet syn p\u00e5 den is, du har rejst p\u00e5 indtil nu. <\/p>\n<p>Vi vender tilbage til b\u00e5den, der sejler os tilbage til Kulusuk\/Tasiilaq, n\u00e5r du er blevet tr\u00e6t i armene. <\/p>\n<p>Vi f\u00e5r endnu en mulighed for at lede efter dyreliv og nyde de fantastiske omgivelser p\u00e5 vej tilbage.<\/p>\n<p>Denne fire til fem timer lange udflugt byder p\u00e5 en halv dag, hvor man kan skabe minder for livet ved at kombinere et sp\u00e6ndende eventyr med simpel udforskning af en sp\u00e6ndende isgrotte.<\/p>\n","protected":false},"excerpt":{"rendered":"<p>Isklatring og isgrottetur<\/p>\n","protected":false},"featured_media":31662,"comment_status":"open","ping_status":"closed","template":"","meta":{"_acf_changed":false},"product_brand":[],"product_cat":[101,170],"product_tag":[],"class_list":{"0":"post-31711","1":"product","2":"type-product","3":"status-publish","4":"has-post-thumbnail","6":"product_cat-tour","7":"product_cat-udflugt","8":"pa_dato-1031","9":"pa_dato-1193","10":"pa_dato-5983","11":"pa_tidspunkt-72","12":"pa_tidspunkt-40","13":"tour_location-kulusuk-da","14":"tour_type-vandreture","15":"tour_type-outdoor-da","16":"tour_tickettype-arctic_excursions","17":"tour_operator-infonunatakadventures-com","19":"first","20":"outofstock","21":"shipping-taxable","22":"product-type-variable"},"acf":[],"yoast_head":"<!-- This site is optimized with the Yoast SEO plugin v23.6 - https:\/\/yoast.com\/wordpress\/plugins\/seo\/ -->\n<title>Arctic Excursions<\/title>\n<meta name=\"robots\" content=\"index, follow, max-snippet:-1, max-image-preview:large, max-video-preview:-1\" \/>\n<link rel=\"canonical\" href=\"https:\/\/arcticexcursions.com\/udflugter\/ice-climbing-ice-cave\/\" \/>\n<meta property=\"og:locale\" content=\"da_DK\" \/>\n<meta property=\"og:type\" content=\"article\" \/>\n<meta property=\"og:title\" content=\"Isklatring og isgrotte - Arctic Excursions\" \/>\n<meta property=\"og:description\" content=\"Isklatring og isgrottetur\" \/>\n<meta property=\"og:url\" content=\"https:\/\/arcticexcursions.com\/udflugter\/ice-climbing-ice-cave\/\" \/>\n<meta property=\"og:site_name\" content=\"Arctic Excursions\" \/>\n<meta property=\"article:modified_time\" content=\"2025-11-05T17:31:54+00:00\" \/>\n<meta property=\"og:image\" content=\"https:\/\/arcticexcursions.com\/wp-content\/uploads\/2024\/01\/NorrisNiman-Nunatak-Mission-038-1024x683.jpg\" \/>\n\t<meta property=\"og:image:width\" content=\"1024\" \/>\n\t<meta property=\"og:image:height\" content=\"683\" \/>\n\t<meta property=\"og:image:type\" content=\"image\/jpeg\" \/>\n<meta name=\"twitter:card\" content=\"summary_large_image\" \/>\n<meta name=\"twitter:label1\" content=\"Estimeret l\u00e6setid\" \/>\n\t<meta name=\"twitter:data1\" content=\"3 minutter\" \/>\n<script type=\"application\/ld+json\" class=\"yoast-schema-graph\">{\"@context\":\"https:\/\/schema.org\",\"@graph\":[{\"@type\":\"WebPage\",\"@id\":\"https:\/\/arcticexcursions.com\/udflugter\/ice-climbing-ice-cave\/\",\"url\":\"https:\/\/arcticexcursions.com\/udflugter\/ice-climbing-ice-cave\/\",\"name\":\"Isklatring og isgrotte - Arctic Excursions\",\"isPartOf\":{\"@id\":\"https:\/\/arcticexcursions.com\/#website\"},\"primaryImageOfPage\":{\"@id\":\"https:\/\/arcticexcursions.com\/udflugter\/ice-climbing-ice-cave\/#primaryimage\"},\"image\":{\"@id\":\"https:\/\/arcticexcursions.com\/udflugter\/ice-climbing-ice-cave\/#primaryimage\"},\"thumbnailUrl\":\"https:\/\/arcticexcursions.com\/wp-content\/uploads\/2024\/01\/NorrisNiman-Nunatak-Mission-038.jpg\",\"datePublished\":\"2024-01-30T16:48:31+00:00\",\"dateModified\":\"2025-11-05T17:31:54+00:00\",\"breadcrumb\":{\"@id\":\"https:\/\/arcticexcursions.com\/udflugter\/ice-climbing-ice-cave\/#breadcrumb\"},\"inLanguage\":\"da-DK\",\"potentialAction\":[{\"@type\":\"ReadAction\",\"target\":[\"https:\/\/arcticexcursions.com\/udflugter\/ice-climbing-ice-cave\/\"]}]},{\"@type\":\"ImageObject\",\"inLanguage\":\"da-DK\",\"@id\":\"https:\/\/arcticexcursions.com\/udflugter\/ice-climbing-ice-cave\/#primaryimage\",\"url\":\"https:\/\/arcticexcursions.com\/wp-content\/uploads\/2024\/01\/NorrisNiman-Nunatak-Mission-038.jpg\",\"contentUrl\":\"https:\/\/arcticexcursions.com\/wp-content\/uploads\/2024\/01\/NorrisNiman-Nunatak-Mission-038.jpg\",\"width\":8256,\"height\":5504},{\"@type\":\"BreadcrumbList\",\"@id\":\"https:\/\/arcticexcursions.com\/udflugter\/ice-climbing-ice-cave\/#breadcrumb\",\"itemListElement\":[{\"@type\":\"ListItem\",\"position\":1,\"name\":\"Home\",\"item\":\"https:\/\/arcticexcursions.com\/da\/\"},{\"@type\":\"ListItem\",\"position\":2,\"name\":\"Udflugter i Gr\u00f8nland\",\"item\":\"https:\/\/arcticexcursions.com\/da\/udflugter\/\"},{\"@type\":\"ListItem\",\"position\":3,\"name\":\"Isklatring og isgrotte\"}]},{\"@type\":\"WebSite\",\"@id\":\"https:\/\/arcticexcursions.com\/#website\",\"url\":\"https:\/\/arcticexcursions.com\/\",\"name\":\"Arctic Excursions\",\"description\":\"New adventures. Every day.\",\"publisher\":{\"@id\":\"https:\/\/arcticexcursions.com\/#organization\"},\"potentialAction\":[{\"@type\":\"SearchAction\",\"target\":{\"@type\":\"EntryPoint\",\"urlTemplate\":\"https:\/\/arcticexcursions.com\/?s={search_term_string}\"},\"query-input\":{\"@type\":\"PropertyValueSpecification\",\"valueRequired\":true,\"valueName\":\"search_term_string\"}}],\"inLanguage\":\"da-DK\"},{\"@type\":\"Organization\",\"@id\":\"https:\/\/arcticexcursions.com\/#organization\",\"name\":\"Arctic Excursions\",\"url\":\"https:\/\/arcticexcursions.com\/\",\"logo\":{\"@type\":\"ImageObject\",\"inLanguage\":\"da-DK\",\"@id\":\"https:\/\/arcticexcursions.com\/#\/schema\/logo\/image\/\",\"url\":\"https:\/\/arcticexcursions.com\/wp-content\/uploads\/2022\/11\/fb-logo.png\",\"contentUrl\":\"https:\/\/arcticexcursions.com\/wp-content\/uploads\/2022\/11\/fb-logo.png\",\"width\":523,\"height\":523,\"caption\":\"Arctic Excursions\"},\"image\":{\"@id\":\"https:\/\/arcticexcursions.com\/#\/schema\/logo\/image\/\"}}]}<\/script>\n<!-- \/ Yoast SEO plugin. -->","yoast_head_json":{"title":"Arctic Excursions","robots":{"index":"index","follow":"follow","max-snippet":"max-snippet:-1","max-image-preview":"max-image-preview:large","max-video-preview":"max-video-preview:-1"},"canonical":"https:\/\/arcticexcursions.com\/udflugter\/ice-climbing-ice-cave\/","og_locale":"da_DK","og_type":"article","og_title":"Isklatring og isgrotte - Arctic Excursions","og_description":"Isklatring og isgrottetur","og_url":"https:\/\/arcticexcursions.com\/udflugter\/ice-climbing-ice-cave\/","og_site_name":"Arctic Excursions","article_modified_time":"2025-11-05T17:31:54+00:00","og_image":[{"width":1024,"height":683,"url":"https:\/\/arcticexcursions.com\/wp-content\/uploads\/2024\/01\/NorrisNiman-Nunatak-Mission-038-1024x683.jpg","type":"image\/jpeg"}],"twitter_card":"summary_large_image","twitter_misc":{"Estimeret l\u00e6setid":"3 minutter"},"schema":{"@context":"https:\/\/schema.org","@graph":[{"@type":"WebPage","@id":"https:\/\/arcticexcursions.com\/udflugter\/ice-climbing-ice-cave\/","url":"https:\/\/arcticexcursions.com\/udflugter\/ice-climbing-ice-cave\/","name":"Isklatring og isgrotte - Arctic Excursions","isPartOf":{"@id":"https:\/\/arcticexcursions.com\/#website"},"primaryImageOfPage":{"@id":"https:\/\/arcticexcursions.com\/udflugter\/ice-climbing-ice-cave\/#primaryimage"},"image":{"@id":"https:\/\/arcticexcursions.com\/udflugter\/ice-climbing-ice-cave\/#primaryimage"},"thumbnailUrl":"https:\/\/arcticexcursions.com\/wp-content\/uploads\/2024\/01\/NorrisNiman-Nunatak-Mission-038.jpg","datePublished":"2024-01-30T16:48:31+00:00","dateModified":"2025-11-05T17:31:54+00:00","breadcrumb":{"@id":"https:\/\/arcticexcursions.com\/udflugter\/ice-climbing-ice-cave\/#breadcrumb"},"inLanguage":"da-DK","potentialAction":[{"@type":"ReadAction","target":["https:\/\/arcticexcursions.com\/udflugter\/ice-climbing-ice-cave\/"]}]},{"@type":"ImageObject","inLanguage":"da-DK","@id":"https:\/\/arcticexcursions.com\/udflugter\/ice-climbing-ice-cave\/#primaryimage","url":"https:\/\/arcticexcursions.com\/wp-content\/uploads\/2024\/01\/NorrisNiman-Nunatak-Mission-038.jpg","contentUrl":"https:\/\/arcticexcursions.com\/wp-content\/uploads\/2024\/01\/NorrisNiman-Nunatak-Mission-038.jpg","width":8256,"height":5504},{"@type":"BreadcrumbList","@id":"https:\/\/arcticexcursions.com\/udflugter\/ice-climbing-ice-cave\/#breadcrumb","itemListElement":[{"@type":"ListItem","position":1,"name":"Home","item":"https:\/\/arcticexcursions.com\/da\/"},{"@type":"ListItem","position":2,"name":"Udflugter i Gr\u00f8nland","item":"https:\/\/arcticexcursions.com\/da\/udflugter\/"},{"@type":"ListItem","position":3,"name":"Isklatring og isgrotte"}]},{"@type":"WebSite","@id":"https:\/\/arcticexcursions.com\/#website","url":"https:\/\/arcticexcursions.com\/","name":"Arctic Excursions","description":"New adventures. Every day.","publisher":{"@id":"https:\/\/arcticexcursions.com\/#organization"},"potentialAction":[{"@type":"SearchAction","target":{"@type":"EntryPoint","urlTemplate":"https:\/\/arcticexcursions.com\/?s={search_term_string}"},"query-input":{"@type":"PropertyValueSpecification","valueRequired":true,"valueName":"search_term_string"}}],"inLanguage":"da-DK"},{"@type":"Organization","@id":"https:\/\/arcticexcursions.com\/#organization","name":"Arctic Excursions","url":"https:\/\/arcticexcursions.com\/","logo":{"@type":"ImageObject","inLanguage":"da-DK","@id":"https:\/\/arcticexcursions.com\/#\/schema\/logo\/image\/","url":"https:\/\/arcticexcursions.com\/wp-content\/uploads\/2022\/11\/fb-logo.png","contentUrl":"https:\/\/arcticexcursions.com\/wp-content\/uploads\/2022\/11\/fb-logo.png","width":523,"height":523,"caption":"Arctic Excursions"},"image":{"@id":"https:\/\/arcticexcursions.com\/#\/schema\/logo\/image\/"}}]}},"_links":{"self":[{"href":"https:\/\/arcticexcursions.com\/da\/wp-json\/wp\/v2\/product\/31711"}],"collection":[{"href":"https:\/\/arcticexcursions.com\/da\/wp-json\/wp\/v2\/product"}],"about":[{"href":"https:\/\/arcticexcursions.com\/da\/wp-json\/wp\/v2\/types\/product"}],"replies":[{"embeddable":true,"href":"https:\/\/arcticexcursions.com\/da\/wp-json\/wp\/v2\/comments?post=31711"}],"wp:featuredmedia":[{"embeddable":true,"href":"https:\/\/arcticexcursions.com\/da\/wp-json\/wp\/v2\/media\/31662"}],"wp:attachment":[{"href":"https:\/\/arcticexcursions.com\/da\/wp-json\/wp\/v2\/media?parent=31711"}],"wp:term":[{"taxonomy":"product_brand","embeddable":true,"href":"https:\/\/arcticexcursions.com\/da\/wp-json\/wp\/v2\/product_brand?post=31711"},{"taxonomy":"product_cat","embeddable":true,"href":"https:\/\/arcticexcursions.com\/da\/wp-json\/wp\/v2\/product_cat?post=31711"},{"taxonomy":"product_tag","embeddable":true,"href":"https:\/\/arcticexcursions.com\/da\/wp-json\/wp\/v2\/product_tag?post=31711"}],"curies":[{"name":"wp","href":"https:\/\/api.w.org\/{rel}","templated":true}]}}