{"id":31713,"date":"2024-01-30T19:11:04","date_gmt":"2024-01-30T17:11:04","guid":{"rendered":"https:\/\/arcticexcursions.com\/?post_type=product&#038;p=31713"},"modified":"2025-11-05T19:29:14","modified_gmt":"2025-11-05T17:29:14","slug":"11-day-mountaineering-expedition","status":"publish","type":"product","link":"https:\/\/arcticexcursions.com\/da\/udflugter\/11-day-mountaineering-expedition\/","title":{"rendered":"11 dages bjergbestigningsekspedition"},"content":{"rendered":"<p>Oplev nye steder, hvor ingen mennesker nogensinde har sat deres fod. I l\u00f8bet af 11 dage vil vi udforske tre forskellige steder, sove i hytter og campere p\u00e5 vilde steder og bestige bjergtoppe uden navn. <\/p>\n<p>Vi forf\u00f8lger den sande betydning af udforskning. <\/p>\n<p><b>Hvad er inkluderet?<\/b><br \/>\n&#8211; Guide<br \/>\n&#8211; Afhentning og aflevering i Kulusuk lufthavn<br \/>\n&#8211; Al transport med motorb\u00e5d<br \/>\n&#8211; Al mad under ekspeditionen<br \/>\n&#8211; En nat p\u00e5 Hotel Kulusuk<br \/>\n&#8211; To n\u00e6tter i fjeldhytte<br \/>\n&#8211; Ekspeditionstelt og komfur<br \/>\n&#8211; Gletsjerudstyr (l\u00e6s udstyrslisten nedenfor)<\/p>\n<p><b>Hvad skal du medbringe?<\/b><br \/>\n&#8211; Billetter til og fra Gr\u00f8nland<br \/>\n&#8211; Personlig rejseforsikring<br \/>\n&#8211; Personligt udstyr, se vores udstyrsliste nedenfor<\/p>\n<p><b>Datoer:<\/b> 5. &#8211; 15. august<br \/>\n<b>Deltagere:<\/b> Bem\u00e6rk venligst, at udflugten kun gennemf\u00f8res, hvis der er mindst 3 bookede billetter i alt. Hvis du for eksempel booker 2 billetter, skal der s\u00e6lges mindst 1 yderligere billet til andre kunder, f\u00f8r turen kan finde sted. Der vil deltage maksimalt 4 personer.<\/p>\n<p><b>Mere detaljeret beskrivelse:<\/b><br \/>\nM\u00e5let med denne rejse er at l\u00e6re den egentlige betydning af vildskab og opdagelse. Det betyder, at en del af rejsen foreg\u00e5r et nyt sted hvert \u00e5r, hvilket ogs\u00e5 er nyt for os. <\/p>\n<p>Vi bes\u00f8ger tre forskellige omr\u00e5der i l\u00f8bet af elleve dage, hvor vi ser de gletsjere, bjerge og isbjerge, der er h\u00f8jdepunkterne i \u00d8stgr\u00f8nland. <\/p>\n<p>Vi s\u00e6tter en \u00e6re i at tilbyde den sv\u00e6reste tur, som er denne. Vi har valgt at have et relativt begr\u00e6nset antal deltagere, fordi vi virkelig \u00f8nsker at opleve vildmarken &#8211; bestige unavngivne tinder og krydse gletsjere p\u00e5 b\u00e5de sne- og isd\u00e6kket terr\u00e6n. Det g\u00f8r hele oplevelsen endnu mere unik.<\/p>\n<p>Da det er en bjergbestigningstur, inkluderer m\u00e5lene at udforske det alpine milj\u00f8, pr\u00f8ve isklatring, v\u00e6re fastgjort med reb, n\u00e5r man rejser over gletsjere, n\u00e5 mindst en top langs ruten og campere p\u00e5 gletsjere eller med udsigt til gletsjere.<\/p>\n<p>Der er et minimum p\u00e5 tre bes\u00f8gende og et maksimum p\u00e5 fire; al den mad og det udstyr, vi tilbyder, skal deles af hvert teltmedlem, hvilket fremmer en f\u00f8lelse af teamwork og f\u00e6lles pligter. N\u00e5r vi udforsker Gr\u00f8nlands afsidesliggende alpine omr\u00e5der, er det denne rute, vi skal tage &#8211; i den ber\u00f8mte &#8220;alpine stil&#8221;, s\u00e5 let og komfortabelt, som vi kan. <\/p>\n<p>Du kan forvente at bruge seks timer om dagen p\u00e5 at tr\u00e6ne, med en 10 kilometers vandretur hver dag.<\/p>\n<p><b>Betingelser:<\/b><br \/>\nDette er noget for dig, hvis du har v\u00e6ret p\u00e5 flerdagesture, campingture, er i god nok fysisk form til at b\u00e6re en rygs\u00e6k p\u00e5 12 kg i mindst fire dage i tr\u00e6k og s\u00f8ger \u00e6gte eventyr! Send venligst en e-mail for at dele din oplevelse med andre.<\/p>\n","protected":false},"excerpt":{"rendered":"<p>Oplev 11 dages bjergbestigningsekspedition<\/p>\n","protected":false},"featured_media":31686,"comment_status":"open","ping_status":"closed","template":"","meta":{"_acf_changed":false},"product_brand":[],"product_cat":[101,170],"product_tag":[],"class_list":{"0":"post-31713","1":"product","2":"type-product","3":"status-publish","4":"has-post-thumbnail","6":"product_cat-tour","7":"product_cat-udflugt","8":"pa_dato-968","9":"pa_dato-5888","10":"pa_dato-6191","11":"pa_tidspunkt-72","12":"pa_tidspunkt-40","13":"pa_tidspunkt-314","14":"tour_location-kulusuk-da","15":"tour_type-vandreture","16":"tour_type-outdoor-da","17":"tour_tickettype-arctic_excursions","18":"tour_operator-infonunatakadventures-com","20":"first","21":"instock","22":"shipping-taxable","23":"purchasable","24":"product-type-variable"},"acf":[],"yoast_head":"<!-- This site is optimized with the Yoast SEO plugin v23.6 - https:\/\/yoast.com\/wordpress\/plugins\/seo\/ -->\n<title>Arctic Excursions<\/title>\n<meta name=\"robots\" content=\"index, follow, max-snippet:-1, max-image-preview:large, max-video-preview:-1\" \/>\n<link rel=\"canonical\" href=\"https:\/\/arcticexcursions.com\/udflugter\/11-day-mountaineering-expedition\/\" \/>\n<meta property=\"og:locale\" content=\"da_DK\" \/>\n<meta property=\"og:type\" content=\"article\" \/>\n<meta property=\"og:title\" content=\"11 dages bjergbestigningsekspedition - Arctic Excursions\" \/>\n<meta property=\"og:description\" content=\"Oplev 11 dages bjergbestigningsekspedition\" \/>\n<meta property=\"og:url\" content=\"https:\/\/arcticexcursions.com\/udflugter\/11-day-mountaineering-expedition\/\" \/>\n<meta property=\"og:site_name\" content=\"Arctic Excursions\" \/>\n<meta property=\"article:modified_time\" content=\"2025-11-05T17:29:14+00:00\" \/>\n<meta property=\"og:image\" content=\"https:\/\/arcticexcursions.com\/wp-content\/uploads\/2024\/01\/IMG_0194-scaled.jpg\" \/>\n\t<meta property=\"og:image:width\" content=\"2560\" \/>\n\t<meta property=\"og:image:height\" content=\"1707\" \/>\n\t<meta property=\"og:image:type\" content=\"image\/jpeg\" \/>\n<meta name=\"twitter:card\" content=\"summary_large_image\" \/>\n<meta name=\"twitter:label1\" content=\"Estimeret l\u00e6setid\" \/>\n\t<meta name=\"twitter:data1\" content=\"2 minutter\" \/>\n<script type=\"application\/ld+json\" class=\"yoast-schema-graph\">{\"@context\":\"https:\/\/schema.org\",\"@graph\":[{\"@type\":\"WebPage\",\"@id\":\"https:\/\/arcticexcursions.com\/udflugter\/11-day-mountaineering-expedition\/\",\"url\":\"https:\/\/arcticexcursions.com\/udflugter\/11-day-mountaineering-expedition\/\",\"name\":\"11 dages bjergbestigningsekspedition - Arctic Excursions\",\"isPartOf\":{\"@id\":\"https:\/\/arcticexcursions.com\/#website\"},\"primaryImageOfPage\":{\"@id\":\"https:\/\/arcticexcursions.com\/udflugter\/11-day-mountaineering-expedition\/#primaryimage\"},\"image\":{\"@id\":\"https:\/\/arcticexcursions.com\/udflugter\/11-day-mountaineering-expedition\/#primaryimage\"},\"thumbnailUrl\":\"https:\/\/arcticexcursions.com\/wp-content\/uploads\/2024\/01\/IMG_0194-scaled.jpg\",\"datePublished\":\"2024-01-30T17:11:04+00:00\",\"dateModified\":\"2025-11-05T17:29:14+00:00\",\"breadcrumb\":{\"@id\":\"https:\/\/arcticexcursions.com\/udflugter\/11-day-mountaineering-expedition\/#breadcrumb\"},\"inLanguage\":\"da-DK\",\"potentialAction\":[{\"@type\":\"ReadAction\",\"target\":[\"https:\/\/arcticexcursions.com\/udflugter\/11-day-mountaineering-expedition\/\"]}]},{\"@type\":\"ImageObject\",\"inLanguage\":\"da-DK\",\"@id\":\"https:\/\/arcticexcursions.com\/udflugter\/11-day-mountaineering-expedition\/#primaryimage\",\"url\":\"https:\/\/arcticexcursions.com\/wp-content\/uploads\/2024\/01\/IMG_0194-scaled.jpg\",\"contentUrl\":\"https:\/\/arcticexcursions.com\/wp-content\/uploads\/2024\/01\/IMG_0194-scaled.jpg\",\"width\":2560,\"height\":1707},{\"@type\":\"BreadcrumbList\",\"@id\":\"https:\/\/arcticexcursions.com\/udflugter\/11-day-mountaineering-expedition\/#breadcrumb\",\"itemListElement\":[{\"@type\":\"ListItem\",\"position\":1,\"name\":\"Home\",\"item\":\"https:\/\/arcticexcursions.com\/da\/\"},{\"@type\":\"ListItem\",\"position\":2,\"name\":\"Udflugter i Gr\u00f8nland\",\"item\":\"https:\/\/arcticexcursions.com\/da\/udflugter\/\"},{\"@type\":\"ListItem\",\"position\":3,\"name\":\"11 dages bjergbestigningsekspedition\"}]},{\"@type\":\"WebSite\",\"@id\":\"https:\/\/arcticexcursions.com\/#website\",\"url\":\"https:\/\/arcticexcursions.com\/\",\"name\":\"Arctic Excursions\",\"description\":\"New adventures. Every day.\",\"publisher\":{\"@id\":\"https:\/\/arcticexcursions.com\/#organization\"},\"potentialAction\":[{\"@type\":\"SearchAction\",\"target\":{\"@type\":\"EntryPoint\",\"urlTemplate\":\"https:\/\/arcticexcursions.com\/?s={search_term_string}\"},\"query-input\":{\"@type\":\"PropertyValueSpecification\",\"valueRequired\":true,\"valueName\":\"search_term_string\"}}],\"inLanguage\":\"da-DK\"},{\"@type\":\"Organization\",\"@id\":\"https:\/\/arcticexcursions.com\/#organization\",\"name\":\"Arctic Excursions\",\"url\":\"https:\/\/arcticexcursions.com\/\",\"logo\":{\"@type\":\"ImageObject\",\"inLanguage\":\"da-DK\",\"@id\":\"https:\/\/arcticexcursions.com\/#\/schema\/logo\/image\/\",\"url\":\"https:\/\/arcticexcursions.com\/wp-content\/uploads\/2022\/11\/fb-logo.png\",\"contentUrl\":\"https:\/\/arcticexcursions.com\/wp-content\/uploads\/2022\/11\/fb-logo.png\",\"width\":523,\"height\":523,\"caption\":\"Arctic Excursions\"},\"image\":{\"@id\":\"https:\/\/arcticexcursions.com\/#\/schema\/logo\/image\/\"}}]}<\/script>\n<!-- \/ Yoast SEO plugin. -->","yoast_head_json":{"title":"Arctic Excursions","robots":{"index":"index","follow":"follow","max-snippet":"max-snippet:-1","max-image-preview":"max-image-preview:large","max-video-preview":"max-video-preview:-1"},"canonical":"https:\/\/arcticexcursions.com\/udflugter\/11-day-mountaineering-expedition\/","og_locale":"da_DK","og_type":"article","og_title":"11 dages bjergbestigningsekspedition - Arctic Excursions","og_description":"Oplev 11 dages bjergbestigningsekspedition","og_url":"https:\/\/arcticexcursions.com\/udflugter\/11-day-mountaineering-expedition\/","og_site_name":"Arctic Excursions","article_modified_time":"2025-11-05T17:29:14+00:00","og_image":[{"width":2560,"height":1707,"url":"https:\/\/arcticexcursions.com\/wp-content\/uploads\/2024\/01\/IMG_0194-scaled.jpg","type":"image\/jpeg"}],"twitter_card":"summary_large_image","twitter_misc":{"Estimeret l\u00e6setid":"2 minutter"},"schema":{"@context":"https:\/\/schema.org","@graph":[{"@type":"WebPage","@id":"https:\/\/arcticexcursions.com\/udflugter\/11-day-mountaineering-expedition\/","url":"https:\/\/arcticexcursions.com\/udflugter\/11-day-mountaineering-expedition\/","name":"11 dages bjergbestigningsekspedition - Arctic Excursions","isPartOf":{"@id":"https:\/\/arcticexcursions.com\/#website"},"primaryImageOfPage":{"@id":"https:\/\/arcticexcursions.com\/udflugter\/11-day-mountaineering-expedition\/#primaryimage"},"image":{"@id":"https:\/\/arcticexcursions.com\/udflugter\/11-day-mountaineering-expedition\/#primaryimage"},"thumbnailUrl":"https:\/\/arcticexcursions.com\/wp-content\/uploads\/2024\/01\/IMG_0194-scaled.jpg","datePublished":"2024-01-30T17:11:04+00:00","dateModified":"2025-11-05T17:29:14+00:00","breadcrumb":{"@id":"https:\/\/arcticexcursions.com\/udflugter\/11-day-mountaineering-expedition\/#breadcrumb"},"inLanguage":"da-DK","potentialAction":[{"@type":"ReadAction","target":["https:\/\/arcticexcursions.com\/udflugter\/11-day-mountaineering-expedition\/"]}]},{"@type":"ImageObject","inLanguage":"da-DK","@id":"https:\/\/arcticexcursions.com\/udflugter\/11-day-mountaineering-expedition\/#primaryimage","url":"https:\/\/arcticexcursions.com\/wp-content\/uploads\/2024\/01\/IMG_0194-scaled.jpg","contentUrl":"https:\/\/arcticexcursions.com\/wp-content\/uploads\/2024\/01\/IMG_0194-scaled.jpg","width":2560,"height":1707},{"@type":"BreadcrumbList","@id":"https:\/\/arcticexcursions.com\/udflugter\/11-day-mountaineering-expedition\/#breadcrumb","itemListElement":[{"@type":"ListItem","position":1,"name":"Home","item":"https:\/\/arcticexcursions.com\/da\/"},{"@type":"ListItem","position":2,"name":"Udflugter i Gr\u00f8nland","item":"https:\/\/arcticexcursions.com\/da\/udflugter\/"},{"@type":"ListItem","position":3,"name":"11 dages bjergbestigningsekspedition"}]},{"@type":"WebSite","@id":"https:\/\/arcticexcursions.com\/#website","url":"https:\/\/arcticexcursions.com\/","name":"Arctic Excursions","description":"New adventures. Every day.","publisher":{"@id":"https:\/\/arcticexcursions.com\/#organization"},"potentialAction":[{"@type":"SearchAction","target":{"@type":"EntryPoint","urlTemplate":"https:\/\/arcticexcursions.com\/?s={search_term_string}"},"query-input":{"@type":"PropertyValueSpecification","valueRequired":true,"valueName":"search_term_string"}}],"inLanguage":"da-DK"},{"@type":"Organization","@id":"https:\/\/arcticexcursions.com\/#organization","name":"Arctic Excursions","url":"https:\/\/arcticexcursions.com\/","logo":{"@type":"ImageObject","inLanguage":"da-DK","@id":"https:\/\/arcticexcursions.com\/#\/schema\/logo\/image\/","url":"https:\/\/arcticexcursions.com\/wp-content\/uploads\/2022\/11\/fb-logo.png","contentUrl":"https:\/\/arcticexcursions.com\/wp-content\/uploads\/2022\/11\/fb-logo.png","width":523,"height":523,"caption":"Arctic Excursions"},"image":{"@id":"https:\/\/arcticexcursions.com\/#\/schema\/logo\/image\/"}}]}},"_links":{"self":[{"href":"https:\/\/arcticexcursions.com\/da\/wp-json\/wp\/v2\/product\/31713"}],"collection":[{"href":"https:\/\/arcticexcursions.com\/da\/wp-json\/wp\/v2\/product"}],"about":[{"href":"https:\/\/arcticexcursions.com\/da\/wp-json\/wp\/v2\/types\/product"}],"replies":[{"embeddable":true,"href":"https:\/\/arcticexcursions.com\/da\/wp-json\/wp\/v2\/comments?post=31713"}],"wp:featuredmedia":[{"embeddable":true,"href":"https:\/\/arcticexcursions.com\/da\/wp-json\/wp\/v2\/media\/31686"}],"wp:attachment":[{"href":"https:\/\/arcticexcursions.com\/da\/wp-json\/wp\/v2\/media?parent=31713"}],"wp:term":[{"taxonomy":"product_brand","embeddable":true,"href":"https:\/\/arcticexcursions.com\/da\/wp-json\/wp\/v2\/product_brand?post=31713"},{"taxonomy":"product_cat","embeddable":true,"href":"https:\/\/arcticexcursions.com\/da\/wp-json\/wp\/v2\/product_cat?post=31713"},{"taxonomy":"product_tag","embeddable":true,"href":"https:\/\/arcticexcursions.com\/da\/wp-json\/wp\/v2\/product_tag?post=31713"}],"curies":[{"name":"wp","href":"https:\/\/api.w.org\/{rel}","templated":true}]}}