{"id":31742,"date":"2024-01-31T17:40:08","date_gmt":"2024-01-31T15:40:08","guid":{"rendered":"https:\/\/arcticexcursions.com\/?post_type=product&#038;p=31742"},"modified":"2025-11-03T15:08:11","modified_gmt":"2025-11-03T13:08:11","slug":"old-city-walk-2","status":"publish","type":"product","link":"https:\/\/arcticexcursions.com\/da\/udflugter\/old-city-walk-2\/","title":{"rendered":"Gamle By Sightseeing"},"content":{"rendered":"<p>Turene starter fra Stephen M\u00f8llerip Aqqutaa.<\/p>\n<p>Byvandringen g\u00e5r derefter forbi historiske bygninger, monumenter og statuer, s\u00e5som Hans Egedes hus, der er det \u00e6ldste bevarede hus i Gr\u00f8nland og en af \u200b\u200bde f\u00f8rste kirker i Gr\u00f8nland. Vi g\u00f8r et kort stop ved statuen \u2019Havets Moder\u2019, og vi h\u00f8rer myten bag. Vi vil ogs\u00e5 se &#8216;det gamle hospital&#8217; fra 1930&#8217;erne.<\/p>\n<p>S\u00e5 g\u00e5r vi videre og stopper ved Gr\u00f8nlands Domkirke (Annaasisitta Oqaluffia) og h\u00f8rer historien om den og selvf\u00f8lgelig p\u00e5 toppen af \u200b\u200b\u2019Qaqqaq\u2019 og den ber\u00f8mte Hans Egedes statue.<\/p>\n<p>S\u00e5 g\u00e5r vi en hurtig tur ved et fiskemarked, hvor du kan se forskellige fisk og dyr, alt afh\u00e6ngig af s\u00e6sonen &#8211; lokale j\u00e6gere jager efter s\u00e6son og derfor kan du se: rensdyr, torskefisk, stenbiderrogn, forskellige b\u00e6r, hval osv.<\/p>\n<p>Til sidst kommer vi ind i den moderne del af Nuuk, hvor regeringsbygningerne er, og turen ender ved \u2019Katuaq\u2019- kulturhushuset.<\/p>\n<p>Der vil v\u00e6re sm\u00e5 anekdoter undervejs p\u00e5 turen.<\/p>\n<p><b>Varighed:<\/b> 1 time<\/p>\n<p><b>Deltagere:<\/b> Bem\u00e6rk venligst, at udflugten kun gennemf\u00f8res, hvis der er mindst 2 bookede billetter i alt. Hvis du for eksempel booker 1 billet, skal der s\u00e6lges mindst 1 yderligere billet til andre kunder, f\u00f8r turen kan finde sted. Der vil deltage maksimalt 12 personer.<\/p>\n<p><b>Sprog:<\/b> Guiden taler dansk, engelsk og gr\u00f8nlandsk<\/p>\n<p><b>Sv\u00e6rhedsgrad:<\/b> Alle der kan g\u00e5 i roligt tempo med pauser ved sev\u00e6rdighederne, kan deltage i denne tur<\/p>\n<p><b>Anbefalet p\u00e5kl\u00e6dning:<\/b> Praktiske sko og varmt t\u00f8j hvis temperaturen er lav. Solbriller og solcreme om sommeren.<\/p>\n","protected":false},"excerpt":{"rendered":"<p>Oplev historien om den gamle kolonihavn ved at g\u00e5 med os<\/p>\n","protected":false},"featured_media":31722,"comment_status":"open","ping_status":"closed","template":"","meta":{"_acf_changed":false},"product_brand":[],"product_cat":[101,170],"product_tag":[],"class_list":{"0":"post-31742","1":"product","2":"type-product","3":"status-publish","4":"has-post-thumbnail","6":"product_cat-tour","7":"product_cat-udflugt","8":"pa_dato-1009","9":"pa_tidspunkt-40","10":"pa_tidspunkt-77","11":"pa_tidspunkt-314","12":"pa_tidspunkt-61","13":"pa_tidspunkt-57","14":"tour_location-nuuk-da","15":"tour_type-byvandring","16":"tour_tickettype-arctic_excursions","17":"tour_operator-inuit-navigate","19":"first","20":"outofstock","21":"shipping-taxable","22":"product-type-variable"},"acf":[],"yoast_head":"<!-- This site is optimized with the Yoast SEO plugin v23.6 - https:\/\/yoast.com\/wordpress\/plugins\/seo\/ -->\n<title>Arctic Excursions<\/title>\n<meta name=\"robots\" content=\"index, follow, max-snippet:-1, max-image-preview:large, max-video-preview:-1\" \/>\n<link rel=\"canonical\" href=\"https:\/\/arcticexcursions.com\/da\/udflugter\/old-city-walk-2\/\" \/>\n<meta property=\"og:locale\" content=\"da_DK\" \/>\n<meta property=\"og:type\" content=\"article\" \/>\n<meta property=\"og:title\" content=\"Gamle By Sightseeing - Arctic Excursions\" \/>\n<meta property=\"og:description\" content=\"Oplev historien om den gamle kolonihavn ved at g\u00e5 med os\" \/>\n<meta property=\"og:url\" content=\"https:\/\/arcticexcursions.com\/da\/udflugter\/old-city-walk-2\/\" \/>\n<meta property=\"og:site_name\" content=\"Arctic Excursions\" \/>\n<meta property=\"article:modified_time\" content=\"2025-11-03T13:08:11+00:00\" \/>\n<meta property=\"og:image\" content=\"https:\/\/arcticexcursions.com\/wp-content\/uploads\/2024\/01\/421593108_328581936841101_5274413384709011486_n.jpg\" \/>\n\t<meta property=\"og:image:width\" content=\"1512\" \/>\n\t<meta property=\"og:image:height\" content=\"2016\" \/>\n\t<meta property=\"og:image:type\" content=\"image\/jpeg\" \/>\n<meta name=\"twitter:card\" content=\"summary_large_image\" \/>\n<meta name=\"twitter:label1\" content=\"Estimeret l\u00e6setid\" \/>\n\t<meta name=\"twitter:data1\" content=\"1 minut\" \/>\n<script type=\"application\/ld+json\" class=\"yoast-schema-graph\">{\"@context\":\"https:\/\/schema.org\",\"@graph\":[{\"@type\":\"WebPage\",\"@id\":\"https:\/\/arcticexcursions.com\/da\/udflugter\/old-city-walk-2\/\",\"url\":\"https:\/\/arcticexcursions.com\/da\/udflugter\/old-city-walk-2\/\",\"name\":\"Gamle By Sightseeing - Arctic Excursions\",\"isPartOf\":{\"@id\":\"https:\/\/arcticexcursions.com\/#website\"},\"primaryImageOfPage\":{\"@id\":\"https:\/\/arcticexcursions.com\/da\/udflugter\/old-city-walk-2\/#primaryimage\"},\"image\":{\"@id\":\"https:\/\/arcticexcursions.com\/da\/udflugter\/old-city-walk-2\/#primaryimage\"},\"thumbnailUrl\":\"https:\/\/arcticexcursions.com\/wp-content\/uploads\/2024\/01\/421593108_328581936841101_5274413384709011486_n.jpg\",\"datePublished\":\"2024-01-31T15:40:08+00:00\",\"dateModified\":\"2025-11-03T13:08:11+00:00\",\"breadcrumb\":{\"@id\":\"https:\/\/arcticexcursions.com\/da\/udflugter\/old-city-walk-2\/#breadcrumb\"},\"inLanguage\":\"da-DK\",\"potentialAction\":[{\"@type\":\"ReadAction\",\"target\":[\"https:\/\/arcticexcursions.com\/da\/udflugter\/old-city-walk-2\/\"]}]},{\"@type\":\"ImageObject\",\"inLanguage\":\"da-DK\",\"@id\":\"https:\/\/arcticexcursions.com\/da\/udflugter\/old-city-walk-2\/#primaryimage\",\"url\":\"https:\/\/arcticexcursions.com\/wp-content\/uploads\/2024\/01\/421593108_328581936841101_5274413384709011486_n.jpg\",\"contentUrl\":\"https:\/\/arcticexcursions.com\/wp-content\/uploads\/2024\/01\/421593108_328581936841101_5274413384709011486_n.jpg\",\"width\":1512,\"height\":2016},{\"@type\":\"BreadcrumbList\",\"@id\":\"https:\/\/arcticexcursions.com\/da\/udflugter\/old-city-walk-2\/#breadcrumb\",\"itemListElement\":[{\"@type\":\"ListItem\",\"position\":1,\"name\":\"Home\",\"item\":\"https:\/\/arcticexcursions.com\/da\/\"},{\"@type\":\"ListItem\",\"position\":2,\"name\":\"Udflugter i Gr\u00f8nland\",\"item\":\"https:\/\/arcticexcursions.com\/da\/udflugter\/\"},{\"@type\":\"ListItem\",\"position\":3,\"name\":\"Gamle By Sightseeing\"}]},{\"@type\":\"WebSite\",\"@id\":\"https:\/\/arcticexcursions.com\/#website\",\"url\":\"https:\/\/arcticexcursions.com\/\",\"name\":\"Arctic Excursions\",\"description\":\"New adventures. Every day.\",\"publisher\":{\"@id\":\"https:\/\/arcticexcursions.com\/#organization\"},\"potentialAction\":[{\"@type\":\"SearchAction\",\"target\":{\"@type\":\"EntryPoint\",\"urlTemplate\":\"https:\/\/arcticexcursions.com\/?s={search_term_string}\"},\"query-input\":{\"@type\":\"PropertyValueSpecification\",\"valueRequired\":true,\"valueName\":\"search_term_string\"}}],\"inLanguage\":\"da-DK\"},{\"@type\":\"Organization\",\"@id\":\"https:\/\/arcticexcursions.com\/#organization\",\"name\":\"Arctic Excursions\",\"url\":\"https:\/\/arcticexcursions.com\/\",\"logo\":{\"@type\":\"ImageObject\",\"inLanguage\":\"da-DK\",\"@id\":\"https:\/\/arcticexcursions.com\/#\/schema\/logo\/image\/\",\"url\":\"https:\/\/arcticexcursions.com\/wp-content\/uploads\/2022\/11\/fb-logo.png\",\"contentUrl\":\"https:\/\/arcticexcursions.com\/wp-content\/uploads\/2022\/11\/fb-logo.png\",\"width\":523,\"height\":523,\"caption\":\"Arctic Excursions\"},\"image\":{\"@id\":\"https:\/\/arcticexcursions.com\/#\/schema\/logo\/image\/\"}}]}<\/script>\n<!-- \/ Yoast SEO plugin. -->","yoast_head_json":{"title":"Arctic Excursions","robots":{"index":"index","follow":"follow","max-snippet":"max-snippet:-1","max-image-preview":"max-image-preview:large","max-video-preview":"max-video-preview:-1"},"canonical":"https:\/\/arcticexcursions.com\/da\/udflugter\/old-city-walk-2\/","og_locale":"da_DK","og_type":"article","og_title":"Gamle By Sightseeing - Arctic Excursions","og_description":"Oplev historien om den gamle kolonihavn ved at g\u00e5 med os","og_url":"https:\/\/arcticexcursions.com\/da\/udflugter\/old-city-walk-2\/","og_site_name":"Arctic Excursions","article_modified_time":"2025-11-03T13:08:11+00:00","og_image":[{"width":1512,"height":2016,"url":"https:\/\/arcticexcursions.com\/wp-content\/uploads\/2024\/01\/421593108_328581936841101_5274413384709011486_n.jpg","type":"image\/jpeg"}],"twitter_card":"summary_large_image","twitter_misc":{"Estimeret l\u00e6setid":"1 minut"},"schema":{"@context":"https:\/\/schema.org","@graph":[{"@type":"WebPage","@id":"https:\/\/arcticexcursions.com\/da\/udflugter\/old-city-walk-2\/","url":"https:\/\/arcticexcursions.com\/da\/udflugter\/old-city-walk-2\/","name":"Gamle By Sightseeing - Arctic Excursions","isPartOf":{"@id":"https:\/\/arcticexcursions.com\/#website"},"primaryImageOfPage":{"@id":"https:\/\/arcticexcursions.com\/da\/udflugter\/old-city-walk-2\/#primaryimage"},"image":{"@id":"https:\/\/arcticexcursions.com\/da\/udflugter\/old-city-walk-2\/#primaryimage"},"thumbnailUrl":"https:\/\/arcticexcursions.com\/wp-content\/uploads\/2024\/01\/421593108_328581936841101_5274413384709011486_n.jpg","datePublished":"2024-01-31T15:40:08+00:00","dateModified":"2025-11-03T13:08:11+00:00","breadcrumb":{"@id":"https:\/\/arcticexcursions.com\/da\/udflugter\/old-city-walk-2\/#breadcrumb"},"inLanguage":"da-DK","potentialAction":[{"@type":"ReadAction","target":["https:\/\/arcticexcursions.com\/da\/udflugter\/old-city-walk-2\/"]}]},{"@type":"ImageObject","inLanguage":"da-DK","@id":"https:\/\/arcticexcursions.com\/da\/udflugter\/old-city-walk-2\/#primaryimage","url":"https:\/\/arcticexcursions.com\/wp-content\/uploads\/2024\/01\/421593108_328581936841101_5274413384709011486_n.jpg","contentUrl":"https:\/\/arcticexcursions.com\/wp-content\/uploads\/2024\/01\/421593108_328581936841101_5274413384709011486_n.jpg","width":1512,"height":2016},{"@type":"BreadcrumbList","@id":"https:\/\/arcticexcursions.com\/da\/udflugter\/old-city-walk-2\/#breadcrumb","itemListElement":[{"@type":"ListItem","position":1,"name":"Home","item":"https:\/\/arcticexcursions.com\/da\/"},{"@type":"ListItem","position":2,"name":"Udflugter i Gr\u00f8nland","item":"https:\/\/arcticexcursions.com\/da\/udflugter\/"},{"@type":"ListItem","position":3,"name":"Gamle By Sightseeing"}]},{"@type":"WebSite","@id":"https:\/\/arcticexcursions.com\/#website","url":"https:\/\/arcticexcursions.com\/","name":"Arctic Excursions","description":"New adventures. Every day.","publisher":{"@id":"https:\/\/arcticexcursions.com\/#organization"},"potentialAction":[{"@type":"SearchAction","target":{"@type":"EntryPoint","urlTemplate":"https:\/\/arcticexcursions.com\/?s={search_term_string}"},"query-input":{"@type":"PropertyValueSpecification","valueRequired":true,"valueName":"search_term_string"}}],"inLanguage":"da-DK"},{"@type":"Organization","@id":"https:\/\/arcticexcursions.com\/#organization","name":"Arctic Excursions","url":"https:\/\/arcticexcursions.com\/","logo":{"@type":"ImageObject","inLanguage":"da-DK","@id":"https:\/\/arcticexcursions.com\/#\/schema\/logo\/image\/","url":"https:\/\/arcticexcursions.com\/wp-content\/uploads\/2022\/11\/fb-logo.png","contentUrl":"https:\/\/arcticexcursions.com\/wp-content\/uploads\/2022\/11\/fb-logo.png","width":523,"height":523,"caption":"Arctic Excursions"},"image":{"@id":"https:\/\/arcticexcursions.com\/#\/schema\/logo\/image\/"}}]}},"_links":{"self":[{"href":"https:\/\/arcticexcursions.com\/da\/wp-json\/wp\/v2\/product\/31742"}],"collection":[{"href":"https:\/\/arcticexcursions.com\/da\/wp-json\/wp\/v2\/product"}],"about":[{"href":"https:\/\/arcticexcursions.com\/da\/wp-json\/wp\/v2\/types\/product"}],"replies":[{"embeddable":true,"href":"https:\/\/arcticexcursions.com\/da\/wp-json\/wp\/v2\/comments?post=31742"}],"wp:featuredmedia":[{"embeddable":true,"href":"https:\/\/arcticexcursions.com\/da\/wp-json\/wp\/v2\/media\/31722"}],"wp:attachment":[{"href":"https:\/\/arcticexcursions.com\/da\/wp-json\/wp\/v2\/media?parent=31742"}],"wp:term":[{"taxonomy":"product_brand","embeddable":true,"href":"https:\/\/arcticexcursions.com\/da\/wp-json\/wp\/v2\/product_brand?post=31742"},{"taxonomy":"product_cat","embeddable":true,"href":"https:\/\/arcticexcursions.com\/da\/wp-json\/wp\/v2\/product_cat?post=31742"},{"taxonomy":"product_tag","embeddable":true,"href":"https:\/\/arcticexcursions.com\/da\/wp-json\/wp\/v2\/product_tag?post=31742"}],"curies":[{"name":"wp","href":"https:\/\/api.w.org\/{rel}","templated":true}]}}