{"id":3187,"date":"2022-10-07T10:32:04","date_gmt":"2022-10-07T08:32:04","guid":{"rendered":"https:\/\/arcticexcursions.com\/?post_type=product&#038;p=3187"},"modified":"2026-03-20T01:01:47","modified_gmt":"2026-03-19T23:01:47","slug":"nordlystur","status":"publish","type":"product","link":"https:\/\/arcticexcursions.com\/da\/udflugter\/nordlystur\/","title":{"rendered":"Nordlystur"},"content":{"rendered":"<p>Oplev det unikke nordlys v\u00e6k fra byens lygter, s\u00e5 man virkelig kan se nordlysets farver tydeligt og klart.<\/p>\n<p><b>Varighed:<\/b> 2 timer<\/p>\n<p><b>Deltagere:<\/b> Bem\u00e6rk venligst, at udflugten kun gennemf\u00f8res, hvis der er mindst 4 bookede billetter i alt. Hvis du for eksempel booker 2 billetter, skal der s\u00e6lges mindst 2 yderligere billetter til andre kunder, f\u00f8r turen kan finde sted. Der vil deltage maksimalt 12 personer.<\/p>\n<p><b>Sprog:<\/b> Guiden\/kaptajnen taler dansk, engelsk og gr\u00f8nlandsk<\/p>\n<p>B\u00e5de: Targa 25 (med toilet) og Arronet 25 (uden Toilet)<br \/>\n<b>B\u00e5dtype:<\/b> lukket b\u00e5d<\/p>\n<p><b>Forplejning:<\/b> Kaffe og te serveres p\u00e5 b\u00e5den<\/p>\n<p><b>Anbefalet p\u00e5kl\u00e6dning:<\/b> Varmt t\u00f8j inkl. hue og handsker hele \u00e5ret. Solbriller. Solcreme om sommeren.<\/p>\n","protected":false},"excerpt":{"rendered":"<p>Oplev nordlyset fra havet, v\u00e6k fra byen<\/p>\n","protected":false},"featured_media":3185,"comment_status":"open","ping_status":"closed","template":"","meta":{"_acf_changed":false},"product_brand":[],"product_cat":[170],"product_tag":[159],"class_list":{"0":"post-3187","1":"product","2":"type-product","3":"status-publish","4":"has-post-thumbnail","6":"product_cat-udflugt","7":"product_tag-1-da","8":"pa_dato-234","9":"pa_dato-252","10":"pa_dato-425","11":"pa_dato-256","12":"pa_dato-483","13":"pa_dato-524","14":"pa_dato-526","15":"pa_dato-783","16":"pa_dato-786","17":"pa_dato-789","18":"pa_dato-795","19":"pa_dato-798","20":"pa_dato-801","21":"pa_dato-985","22":"pa_dato-903","23":"pa_dato-870","24":"pa_dato-5977","25":"pa_dato-6002","26":"pa_dato-5961","27":"pa_dato-6060","28":"pa_dato-5939","29":"pa_dato-5918","30":"pa_dato-5978","31":"pa_dato-5990","32":"pa_dato-5940","33":"pa_dato-5941","34":"pa_dato-6074","35":"pa_dato-5942","36":"pa_dato-6078","37":"pa_dato-6091","38":"pa_dato-6073","39":"pa_dato-6119","40":"pa_dato-6169","41":"pa_dato-6168","42":"pa_dato-6139","43":"pa_dato-6137","44":"pa_dato-6152","45":"pa_dato-6187","46":"pa_dato-6190","47":"pa_dato-6221","48":"pa_dato-6175","49":"pa_dato-6252","50":"pa_dato-6134","51":"pa_dato-6180","52":"pa_dato-6181","53":"pa_dato-6133","54":"pa_dato-6183","55":"pa_dato-6157","56":"pa_dato-6363","57":"pa_dato-6401","58":"pa_dato-6298","59":"pa_dato-6205","60":"pa_dato-6208","61":"pa_dato-6210","62":"pa_dato-6211","63":"pa_dato-6121","64":"pa_dato-6274","65":"pa_dato-6435","66":"pa_dato-6269","67":"pa_dato-6178","68":"pa_dato-6376","69":"pa_dato-6225","70":"pa_dato-6162","71":"pa_dato-6116","72":"pa_dato-6314","73":"pa_dato-6215","74":"pa_dato-6145","75":"pa_dato-6334","76":"pa_dato-6117","77":"pa_dato-6377","78":"pa_dato-6339","79":"pa_dato-6426","80":"pa_dato-6220","81":"pa_dato-6323","82":"pa_tidspunkt-110","83":"pa_tidspunkt-69","84":"pa_tidspunkt-205","85":"pa_tidspunkt-255","86":"pa_tidspunkt-86","87":"pa_tidspunkt-80","88":"pa_tidspunkt-231","89":"tour_location-nuuk-da","90":"tour_type-nordlys","91":"tour_type-baadture","92":"tour_tickettype-arctic_excursions","93":"tour_operator-kang-tourism","95":"first","96":"instock","97":"shipping-taxable","98":"purchasable","99":"product-type-variable"},"acf":[],"yoast_head":"<!-- This site is optimized with the Yoast SEO plugin v23.6 - https:\/\/yoast.com\/wordpress\/plugins\/seo\/ -->\n<title>Arctic Excursions<\/title>\n<meta name=\"robots\" content=\"index, follow, max-snippet:-1, max-image-preview:large, max-video-preview:-1\" \/>\n<link rel=\"canonical\" href=\"https:\/\/arcticexcursions.com\/udflugter\/nordlys-tur\/\" \/>\n<meta property=\"og:locale\" content=\"da_DK\" \/>\n<meta property=\"og:type\" content=\"article\" \/>\n<meta property=\"og:title\" content=\"Nordlystur - Arctic Excursions\" \/>\n<meta property=\"og:description\" content=\"Oplev nordlyset fra havet, v\u00e6k fra byen\" \/>\n<meta property=\"og:url\" content=\"https:\/\/arcticexcursions.com\/udflugter\/nordlys-tur\/\" \/>\n<meta property=\"og:site_name\" content=\"Arctic Excursions\" \/>\n<meta property=\"article:modified_time\" content=\"2026-03-19T23:01:47+00:00\" \/>\n<meta property=\"og:image\" content=\"https:\/\/arcticexcursions.com\/wp-content\/uploads\/2022\/10\/IMG_0662.jpg\" \/>\n\t<meta property=\"og:image:width\" content=\"2048\" \/>\n\t<meta property=\"og:image:height\" content=\"1536\" \/>\n\t<meta property=\"og:image:type\" content=\"image\/jpeg\" \/>\n<meta name=\"twitter:card\" content=\"summary_large_image\" \/>\n<meta name=\"twitter:label1\" content=\"Estimeret l\u00e6setid\" \/>\n\t<meta name=\"twitter:data1\" content=\"1 minut\" \/>\n<script type=\"application\/ld+json\" class=\"yoast-schema-graph\">{\"@context\":\"https:\/\/schema.org\",\"@graph\":[{\"@type\":\"WebPage\",\"@id\":\"https:\/\/arcticexcursions.com\/udflugter\/nordlys-tur\/\",\"url\":\"https:\/\/arcticexcursions.com\/udflugter\/nordlys-tur\/\",\"name\":\"Nordlystur - Arctic Excursions\",\"isPartOf\":{\"@id\":\"https:\/\/arcticexcursions.com\/#website\"},\"primaryImageOfPage\":{\"@id\":\"https:\/\/arcticexcursions.com\/udflugter\/nordlys-tur\/#primaryimage\"},\"image\":{\"@id\":\"https:\/\/arcticexcursions.com\/udflugter\/nordlys-tur\/#primaryimage\"},\"thumbnailUrl\":\"https:\/\/arcticexcursions.com\/wp-content\/uploads\/2022\/10\/IMG_0662.jpg\",\"datePublished\":\"2022-10-07T08:32:04+00:00\",\"dateModified\":\"2026-03-19T23:01:47+00:00\",\"breadcrumb\":{\"@id\":\"https:\/\/arcticexcursions.com\/udflugter\/nordlys-tur\/#breadcrumb\"},\"inLanguage\":\"da-DK\",\"potentialAction\":[{\"@type\":\"ReadAction\",\"target\":[\"https:\/\/arcticexcursions.com\/udflugter\/nordlys-tur\/\"]}]},{\"@type\":\"ImageObject\",\"inLanguage\":\"da-DK\",\"@id\":\"https:\/\/arcticexcursions.com\/udflugter\/nordlys-tur\/#primaryimage\",\"url\":\"https:\/\/arcticexcursions.com\/wp-content\/uploads\/2022\/10\/IMG_0662.jpg\",\"contentUrl\":\"https:\/\/arcticexcursions.com\/wp-content\/uploads\/2022\/10\/IMG_0662.jpg\",\"width\":2048,\"height\":1536},{\"@type\":\"BreadcrumbList\",\"@id\":\"https:\/\/arcticexcursions.com\/udflugter\/nordlys-tur\/#breadcrumb\",\"itemListElement\":[{\"@type\":\"ListItem\",\"position\":1,\"name\":\"Home\",\"item\":\"https:\/\/arcticexcursions.com\/da\/\"},{\"@type\":\"ListItem\",\"position\":2,\"name\":\"Udflugter i Gr\u00f8nland\",\"item\":\"https:\/\/arcticexcursions.com\/da\/udflugter\/\"},{\"@type\":\"ListItem\",\"position\":3,\"name\":\"Nordlystur\"}]},{\"@type\":\"WebSite\",\"@id\":\"https:\/\/arcticexcursions.com\/#website\",\"url\":\"https:\/\/arcticexcursions.com\/\",\"name\":\"Arctic Excursions\",\"description\":\"New adventures. Every day.\",\"publisher\":{\"@id\":\"https:\/\/arcticexcursions.com\/#organization\"},\"potentialAction\":[{\"@type\":\"SearchAction\",\"target\":{\"@type\":\"EntryPoint\",\"urlTemplate\":\"https:\/\/arcticexcursions.com\/?s={search_term_string}\"},\"query-input\":{\"@type\":\"PropertyValueSpecification\",\"valueRequired\":true,\"valueName\":\"search_term_string\"}}],\"inLanguage\":\"da-DK\"},{\"@type\":\"Organization\",\"@id\":\"https:\/\/arcticexcursions.com\/#organization\",\"name\":\"Arctic Excursions\",\"url\":\"https:\/\/arcticexcursions.com\/\",\"logo\":{\"@type\":\"ImageObject\",\"inLanguage\":\"da-DK\",\"@id\":\"https:\/\/arcticexcursions.com\/#\/schema\/logo\/image\/\",\"url\":\"https:\/\/arcticexcursions.com\/wp-content\/uploads\/2022\/11\/fb-logo.png\",\"contentUrl\":\"https:\/\/arcticexcursions.com\/wp-content\/uploads\/2022\/11\/fb-logo.png\",\"width\":523,\"height\":523,\"caption\":\"Arctic Excursions\"},\"image\":{\"@id\":\"https:\/\/arcticexcursions.com\/#\/schema\/logo\/image\/\"}}]}<\/script>\n<!-- \/ Yoast SEO plugin. -->","yoast_head_json":{"title":"Arctic Excursions","robots":{"index":"index","follow":"follow","max-snippet":"max-snippet:-1","max-image-preview":"max-image-preview:large","max-video-preview":"max-video-preview:-1"},"canonical":"https:\/\/arcticexcursions.com\/udflugter\/nordlys-tur\/","og_locale":"da_DK","og_type":"article","og_title":"Nordlystur - Arctic Excursions","og_description":"Oplev nordlyset fra havet, v\u00e6k fra byen","og_url":"https:\/\/arcticexcursions.com\/udflugter\/nordlys-tur\/","og_site_name":"Arctic Excursions","article_modified_time":"2026-03-19T23:01:47+00:00","og_image":[{"width":2048,"height":1536,"url":"https:\/\/arcticexcursions.com\/wp-content\/uploads\/2022\/10\/IMG_0662.jpg","type":"image\/jpeg"}],"twitter_card":"summary_large_image","twitter_misc":{"Estimeret l\u00e6setid":"1 minut"},"schema":{"@context":"https:\/\/schema.org","@graph":[{"@type":"WebPage","@id":"https:\/\/arcticexcursions.com\/udflugter\/nordlys-tur\/","url":"https:\/\/arcticexcursions.com\/udflugter\/nordlys-tur\/","name":"Nordlystur - Arctic Excursions","isPartOf":{"@id":"https:\/\/arcticexcursions.com\/#website"},"primaryImageOfPage":{"@id":"https:\/\/arcticexcursions.com\/udflugter\/nordlys-tur\/#primaryimage"},"image":{"@id":"https:\/\/arcticexcursions.com\/udflugter\/nordlys-tur\/#primaryimage"},"thumbnailUrl":"https:\/\/arcticexcursions.com\/wp-content\/uploads\/2022\/10\/IMG_0662.jpg","datePublished":"2022-10-07T08:32:04+00:00","dateModified":"2026-03-19T23:01:47+00:00","breadcrumb":{"@id":"https:\/\/arcticexcursions.com\/udflugter\/nordlys-tur\/#breadcrumb"},"inLanguage":"da-DK","potentialAction":[{"@type":"ReadAction","target":["https:\/\/arcticexcursions.com\/udflugter\/nordlys-tur\/"]}]},{"@type":"ImageObject","inLanguage":"da-DK","@id":"https:\/\/arcticexcursions.com\/udflugter\/nordlys-tur\/#primaryimage","url":"https:\/\/arcticexcursions.com\/wp-content\/uploads\/2022\/10\/IMG_0662.jpg","contentUrl":"https:\/\/arcticexcursions.com\/wp-content\/uploads\/2022\/10\/IMG_0662.jpg","width":2048,"height":1536},{"@type":"BreadcrumbList","@id":"https:\/\/arcticexcursions.com\/udflugter\/nordlys-tur\/#breadcrumb","itemListElement":[{"@type":"ListItem","position":1,"name":"Home","item":"https:\/\/arcticexcursions.com\/da\/"},{"@type":"ListItem","position":2,"name":"Udflugter i Gr\u00f8nland","item":"https:\/\/arcticexcursions.com\/da\/udflugter\/"},{"@type":"ListItem","position":3,"name":"Nordlystur"}]},{"@type":"WebSite","@id":"https:\/\/arcticexcursions.com\/#website","url":"https:\/\/arcticexcursions.com\/","name":"Arctic Excursions","description":"New adventures. Every day.","publisher":{"@id":"https:\/\/arcticexcursions.com\/#organization"},"potentialAction":[{"@type":"SearchAction","target":{"@type":"EntryPoint","urlTemplate":"https:\/\/arcticexcursions.com\/?s={search_term_string}"},"query-input":{"@type":"PropertyValueSpecification","valueRequired":true,"valueName":"search_term_string"}}],"inLanguage":"da-DK"},{"@type":"Organization","@id":"https:\/\/arcticexcursions.com\/#organization","name":"Arctic Excursions","url":"https:\/\/arcticexcursions.com\/","logo":{"@type":"ImageObject","inLanguage":"da-DK","@id":"https:\/\/arcticexcursions.com\/#\/schema\/logo\/image\/","url":"https:\/\/arcticexcursions.com\/wp-content\/uploads\/2022\/11\/fb-logo.png","contentUrl":"https:\/\/arcticexcursions.com\/wp-content\/uploads\/2022\/11\/fb-logo.png","width":523,"height":523,"caption":"Arctic Excursions"},"image":{"@id":"https:\/\/arcticexcursions.com\/#\/schema\/logo\/image\/"}}]}},"_links":{"self":[{"href":"https:\/\/arcticexcursions.com\/da\/wp-json\/wp\/v2\/product\/3187"}],"collection":[{"href":"https:\/\/arcticexcursions.com\/da\/wp-json\/wp\/v2\/product"}],"about":[{"href":"https:\/\/arcticexcursions.com\/da\/wp-json\/wp\/v2\/types\/product"}],"replies":[{"embeddable":true,"href":"https:\/\/arcticexcursions.com\/da\/wp-json\/wp\/v2\/comments?post=3187"}],"wp:featuredmedia":[{"embeddable":true,"href":"https:\/\/arcticexcursions.com\/da\/wp-json\/wp\/v2\/media\/3185"}],"wp:attachment":[{"href":"https:\/\/arcticexcursions.com\/da\/wp-json\/wp\/v2\/media?parent=3187"}],"wp:term":[{"taxonomy":"product_brand","embeddable":true,"href":"https:\/\/arcticexcursions.com\/da\/wp-json\/wp\/v2\/product_brand?post=3187"},{"taxonomy":"product_cat","embeddable":true,"href":"https:\/\/arcticexcursions.com\/da\/wp-json\/wp\/v2\/product_cat?post=3187"},{"taxonomy":"product_tag","embeddable":true,"href":"https:\/\/arcticexcursions.com\/da\/wp-json\/wp\/v2\/product_tag?post=3187"}],"curies":[{"name":"wp","href":"https:\/\/api.w.org\/{rel}","templated":true}]}}