{"id":32143,"date":"2024-02-02T14:06:37","date_gmt":"2024-02-02T12:06:37","guid":{"rendered":"https:\/\/arcticexcursions.com\/?post_type=product&#038;p=32143"},"modified":"2024-03-29T14:02:23","modified_gmt":"2024-03-29T12:02:23","slug":"the-secret-place","status":"publish","type":"product","link":"https:\/\/arcticexcursions.com\/da\/udflugter\/the-secret-place\/","title":{"rendered":"Det hemmelige sted"},"content":{"rendered":"<p>Tag med p\u00e5 en uforglemmelig og betagende smuk vinterrejse, n\u00e5r vi finder vej til The Secret Place. Turen finder kun sted fra januar til marts, hvilket er et lille tidsvindue i l\u00f8bet af vinteren. Vi vover os ud p\u00e5 floden og den k\u00f8lige s\u00f8 p\u00e5 denne udflugt, hvilket forklarer den lille tidsforskel. S\u00e5 for at vi kan krydse dem, skal de v\u00e6re frosne.<\/p>\n<p>Udflugten er helt unik og giver et utroligt perspektiv p\u00e5 Gr\u00f8nlands kolde terr\u00e6n og naturlige sk\u00f8nhed. Vi kommer helt t\u00e6t p\u00e5 de enorme isblokke, der er faldet ned fra Russell-gletsjeren. Et betagende syn, der er hele turen v\u00e6rd.<\/p>\n<p>Turen inkluderer ogs\u00e5 en tur p\u00e5 den storsl\u00e5ede Russell-gletsjers kant, som giver dig mulighed for at se gletsjeren fra et andet perspektiv, end du normalt ville f\u00e5. Det er perfekt, hvis du vil have fantastiske rejsebilleder med hjem fra dit eventyr. Derudover er det en sj\u00e6lden chance for at nyde den betagende stilhed og den klare, rene luft midt i den gr\u00f8nlandske vinter.<\/p>\n<p><b>Varighed:<\/b> 2 timer<\/p>\n<p><b>Minimum:<\/b> 2 personer<\/p>\n<p><b>Maksimum:<\/b> 8 personer<\/p>\n","protected":false},"excerpt":{"rendered":"<p>Oplev Gr\u00f8nlands hemmelige perle!<\/p>\n","protected":false},"featured_media":32133,"comment_status":"open","ping_status":"closed","template":"","meta":{"_acf_changed":false},"product_brand":[],"product_cat":[101,170],"product_tag":[],"class_list":{"0":"post-32143","1":"product","2":"type-product","3":"status-publish","4":"has-post-thumbnail","6":"product_cat-tour","7":"product_cat-udflugt","8":"pa_dato-948","9":"pa_dato-889","10":"pa_dato-953","11":"pa_dato-891","12":"pa_dato-893","13":"pa_tidspunkt-40","14":"tour_location-kangerlussuaq-da","15":"tour_type-outdoor-da","16":"tour_tickettype-arctic_excursions","17":"tour_operator-arctic-ice-tours","19":"first","20":"outofstock","21":"shipping-taxable","22":"product-type-variable"},"acf":[],"yoast_head":"<!-- This site is optimized with the Yoast SEO plugin v23.6 - https:\/\/yoast.com\/wordpress\/plugins\/seo\/ -->\n<title>Arctic Excursions<\/title>\n<meta name=\"robots\" content=\"index, follow, max-snippet:-1, max-image-preview:large, max-video-preview:-1\" \/>\n<link rel=\"canonical\" href=\"https:\/\/arcticexcursions.com\/da\/udflugter\/the-secret-place\/\" \/>\n<meta property=\"og:locale\" content=\"da_DK\" \/>\n<meta property=\"og:type\" content=\"article\" \/>\n<meta property=\"og:title\" content=\"Det hemmelige sted - Arctic Excursions\" \/>\n<meta property=\"og:description\" content=\"Oplev Gr\u00f8nlands hemmelige perle!\" \/>\n<meta property=\"og:url\" content=\"https:\/\/arcticexcursions.com\/da\/udflugter\/the-secret-place\/\" \/>\n<meta property=\"og:site_name\" content=\"Arctic Excursions\" \/>\n<meta property=\"article:modified_time\" content=\"2024-03-29T12:02:23+00:00\" \/>\n<meta property=\"og:image\" content=\"https:\/\/arcticexcursions.com\/wp-content\/uploads\/2024\/02\/420191734_770868465078827_7136638803692915646_n.jpg\" \/>\n\t<meta property=\"og:image:width\" content=\"1179\" \/>\n\t<meta property=\"og:image:height\" content=\"884\" \/>\n\t<meta property=\"og:image:type\" content=\"image\/jpeg\" \/>\n<meta name=\"twitter:card\" content=\"summary_large_image\" \/>\n<meta name=\"twitter:label1\" content=\"Estimeret l\u00e6setid\" \/>\n\t<meta name=\"twitter:data1\" content=\"1 minut\" \/>\n<script type=\"application\/ld+json\" class=\"yoast-schema-graph\">{\"@context\":\"https:\/\/schema.org\",\"@graph\":[{\"@type\":\"WebPage\",\"@id\":\"https:\/\/arcticexcursions.com\/da\/udflugter\/the-secret-place\/\",\"url\":\"https:\/\/arcticexcursions.com\/da\/udflugter\/the-secret-place\/\",\"name\":\"Det hemmelige sted - Arctic Excursions\",\"isPartOf\":{\"@id\":\"https:\/\/arcticexcursions.com\/#website\"},\"primaryImageOfPage\":{\"@id\":\"https:\/\/arcticexcursions.com\/da\/udflugter\/the-secret-place\/#primaryimage\"},\"image\":{\"@id\":\"https:\/\/arcticexcursions.com\/da\/udflugter\/the-secret-place\/#primaryimage\"},\"thumbnailUrl\":\"https:\/\/arcticexcursions.com\/wp-content\/uploads\/2024\/02\/420191734_770868465078827_7136638803692915646_n.jpg\",\"datePublished\":\"2024-02-02T12:06:37+00:00\",\"dateModified\":\"2024-03-29T12:02:23+00:00\",\"breadcrumb\":{\"@id\":\"https:\/\/arcticexcursions.com\/da\/udflugter\/the-secret-place\/#breadcrumb\"},\"inLanguage\":\"da-DK\",\"potentialAction\":[{\"@type\":\"ReadAction\",\"target\":[\"https:\/\/arcticexcursions.com\/da\/udflugter\/the-secret-place\/\"]}]},{\"@type\":\"ImageObject\",\"inLanguage\":\"da-DK\",\"@id\":\"https:\/\/arcticexcursions.com\/da\/udflugter\/the-secret-place\/#primaryimage\",\"url\":\"https:\/\/arcticexcursions.com\/wp-content\/uploads\/2024\/02\/420191734_770868465078827_7136638803692915646_n.jpg\",\"contentUrl\":\"https:\/\/arcticexcursions.com\/wp-content\/uploads\/2024\/02\/420191734_770868465078827_7136638803692915646_n.jpg\",\"width\":1179,\"height\":884},{\"@type\":\"BreadcrumbList\",\"@id\":\"https:\/\/arcticexcursions.com\/da\/udflugter\/the-secret-place\/#breadcrumb\",\"itemListElement\":[{\"@type\":\"ListItem\",\"position\":1,\"name\":\"Home\",\"item\":\"https:\/\/arcticexcursions.com\/da\/\"},{\"@type\":\"ListItem\",\"position\":2,\"name\":\"Udflugter i Gr\u00f8nland\",\"item\":\"https:\/\/arcticexcursions.com\/da\/udflugter\/\"},{\"@type\":\"ListItem\",\"position\":3,\"name\":\"Det hemmelige sted\"}]},{\"@type\":\"WebSite\",\"@id\":\"https:\/\/arcticexcursions.com\/#website\",\"url\":\"https:\/\/arcticexcursions.com\/\",\"name\":\"Arctic Excursions\",\"description\":\"New adventures. Every day.\",\"publisher\":{\"@id\":\"https:\/\/arcticexcursions.com\/#organization\"},\"potentialAction\":[{\"@type\":\"SearchAction\",\"target\":{\"@type\":\"EntryPoint\",\"urlTemplate\":\"https:\/\/arcticexcursions.com\/?s={search_term_string}\"},\"query-input\":{\"@type\":\"PropertyValueSpecification\",\"valueRequired\":true,\"valueName\":\"search_term_string\"}}],\"inLanguage\":\"da-DK\"},{\"@type\":\"Organization\",\"@id\":\"https:\/\/arcticexcursions.com\/#organization\",\"name\":\"Arctic Excursions\",\"url\":\"https:\/\/arcticexcursions.com\/\",\"logo\":{\"@type\":\"ImageObject\",\"inLanguage\":\"da-DK\",\"@id\":\"https:\/\/arcticexcursions.com\/#\/schema\/logo\/image\/\",\"url\":\"https:\/\/arcticexcursions.com\/wp-content\/uploads\/2022\/11\/fb-logo.png\",\"contentUrl\":\"https:\/\/arcticexcursions.com\/wp-content\/uploads\/2022\/11\/fb-logo.png\",\"width\":523,\"height\":523,\"caption\":\"Arctic Excursions\"},\"image\":{\"@id\":\"https:\/\/arcticexcursions.com\/#\/schema\/logo\/image\/\"}}]}<\/script>\n<!-- \/ Yoast SEO plugin. -->","yoast_head_json":{"title":"Arctic Excursions","robots":{"index":"index","follow":"follow","max-snippet":"max-snippet:-1","max-image-preview":"max-image-preview:large","max-video-preview":"max-video-preview:-1"},"canonical":"https:\/\/arcticexcursions.com\/da\/udflugter\/the-secret-place\/","og_locale":"da_DK","og_type":"article","og_title":"Det hemmelige sted - Arctic Excursions","og_description":"Oplev Gr\u00f8nlands hemmelige perle!","og_url":"https:\/\/arcticexcursions.com\/da\/udflugter\/the-secret-place\/","og_site_name":"Arctic Excursions","article_modified_time":"2024-03-29T12:02:23+00:00","og_image":[{"width":1179,"height":884,"url":"https:\/\/arcticexcursions.com\/wp-content\/uploads\/2024\/02\/420191734_770868465078827_7136638803692915646_n.jpg","type":"image\/jpeg"}],"twitter_card":"summary_large_image","twitter_misc":{"Estimeret l\u00e6setid":"1 minut"},"schema":{"@context":"https:\/\/schema.org","@graph":[{"@type":"WebPage","@id":"https:\/\/arcticexcursions.com\/da\/udflugter\/the-secret-place\/","url":"https:\/\/arcticexcursions.com\/da\/udflugter\/the-secret-place\/","name":"Det hemmelige sted - Arctic Excursions","isPartOf":{"@id":"https:\/\/arcticexcursions.com\/#website"},"primaryImageOfPage":{"@id":"https:\/\/arcticexcursions.com\/da\/udflugter\/the-secret-place\/#primaryimage"},"image":{"@id":"https:\/\/arcticexcursions.com\/da\/udflugter\/the-secret-place\/#primaryimage"},"thumbnailUrl":"https:\/\/arcticexcursions.com\/wp-content\/uploads\/2024\/02\/420191734_770868465078827_7136638803692915646_n.jpg","datePublished":"2024-02-02T12:06:37+00:00","dateModified":"2024-03-29T12:02:23+00:00","breadcrumb":{"@id":"https:\/\/arcticexcursions.com\/da\/udflugter\/the-secret-place\/#breadcrumb"},"inLanguage":"da-DK","potentialAction":[{"@type":"ReadAction","target":["https:\/\/arcticexcursions.com\/da\/udflugter\/the-secret-place\/"]}]},{"@type":"ImageObject","inLanguage":"da-DK","@id":"https:\/\/arcticexcursions.com\/da\/udflugter\/the-secret-place\/#primaryimage","url":"https:\/\/arcticexcursions.com\/wp-content\/uploads\/2024\/02\/420191734_770868465078827_7136638803692915646_n.jpg","contentUrl":"https:\/\/arcticexcursions.com\/wp-content\/uploads\/2024\/02\/420191734_770868465078827_7136638803692915646_n.jpg","width":1179,"height":884},{"@type":"BreadcrumbList","@id":"https:\/\/arcticexcursions.com\/da\/udflugter\/the-secret-place\/#breadcrumb","itemListElement":[{"@type":"ListItem","position":1,"name":"Home","item":"https:\/\/arcticexcursions.com\/da\/"},{"@type":"ListItem","position":2,"name":"Udflugter i Gr\u00f8nland","item":"https:\/\/arcticexcursions.com\/da\/udflugter\/"},{"@type":"ListItem","position":3,"name":"Det hemmelige sted"}]},{"@type":"WebSite","@id":"https:\/\/arcticexcursions.com\/#website","url":"https:\/\/arcticexcursions.com\/","name":"Arctic Excursions","description":"New adventures. Every day.","publisher":{"@id":"https:\/\/arcticexcursions.com\/#organization"},"potentialAction":[{"@type":"SearchAction","target":{"@type":"EntryPoint","urlTemplate":"https:\/\/arcticexcursions.com\/?s={search_term_string}"},"query-input":{"@type":"PropertyValueSpecification","valueRequired":true,"valueName":"search_term_string"}}],"inLanguage":"da-DK"},{"@type":"Organization","@id":"https:\/\/arcticexcursions.com\/#organization","name":"Arctic Excursions","url":"https:\/\/arcticexcursions.com\/","logo":{"@type":"ImageObject","inLanguage":"da-DK","@id":"https:\/\/arcticexcursions.com\/#\/schema\/logo\/image\/","url":"https:\/\/arcticexcursions.com\/wp-content\/uploads\/2022\/11\/fb-logo.png","contentUrl":"https:\/\/arcticexcursions.com\/wp-content\/uploads\/2022\/11\/fb-logo.png","width":523,"height":523,"caption":"Arctic Excursions"},"image":{"@id":"https:\/\/arcticexcursions.com\/#\/schema\/logo\/image\/"}}]}},"_links":{"self":[{"href":"https:\/\/arcticexcursions.com\/da\/wp-json\/wp\/v2\/product\/32143"}],"collection":[{"href":"https:\/\/arcticexcursions.com\/da\/wp-json\/wp\/v2\/product"}],"about":[{"href":"https:\/\/arcticexcursions.com\/da\/wp-json\/wp\/v2\/types\/product"}],"replies":[{"embeddable":true,"href":"https:\/\/arcticexcursions.com\/da\/wp-json\/wp\/v2\/comments?post=32143"}],"wp:featuredmedia":[{"embeddable":true,"href":"https:\/\/arcticexcursions.com\/da\/wp-json\/wp\/v2\/media\/32133"}],"wp:attachment":[{"href":"https:\/\/arcticexcursions.com\/da\/wp-json\/wp\/v2\/media?parent=32143"}],"wp:term":[{"taxonomy":"product_brand","embeddable":true,"href":"https:\/\/arcticexcursions.com\/da\/wp-json\/wp\/v2\/product_brand?post=32143"},{"taxonomy":"product_cat","embeddable":true,"href":"https:\/\/arcticexcursions.com\/da\/wp-json\/wp\/v2\/product_cat?post=32143"},{"taxonomy":"product_tag","embeddable":true,"href":"https:\/\/arcticexcursions.com\/da\/wp-json\/wp\/v2\/product_tag?post=32143"}],"curies":[{"name":"wp","href":"https:\/\/api.w.org\/{rel}","templated":true}]}}