{"id":32147,"date":"2024-02-02T14:15:22","date_gmt":"2024-02-02T12:15:22","guid":{"rendered":"https:\/\/arcticexcursions.com\/?post_type=product&#038;p=32147"},"modified":"2025-08-15T12:00:41","modified_gmt":"2025-08-15T10:00:41","slug":"combination-tour-to-russell-glacier-and-ice-cap-winter","status":"publish","type":"product","link":"https:\/\/arcticexcursions.com\/da\/udflugter\/combination-tour-to-russell-glacier-and-ice-cap-winter\/","title":{"rendered":"Kombinationstur til Russell-gletsjeren og Ice Cap Winter"},"content":{"rendered":"<p>Denne rejse giver dig mulighed for at se den imponerende Russell-gletsjer, som altid forbl\u00f8ffer med sin h\u00f8jde p\u00e5 op til 70 meter, samt den fascinerende indlandsis, der d\u00e6kker 80% af Gr\u00f8nland.<\/p>\n<p>Indlandsisen er en konstant skiftende, tusindvis af \u00e5r gammel flade af uforanderlig is. Det skyldes, at der smelter mere is, end der vokser. Derfor er isen altid i bev\u00e6gelse og forandring. Russell Glacier danner en sl\u00e5ende barriere mellem land og is. Du kan spadsere langs den spektakul\u00e6re gletsjer, tage billeder og nyde den betagende stilhed, som kun brydes af lyden fra smeltevandsfloden.<\/p>\n<p><b>Varighed:<\/b> 4 &#8211; 5 timer<br \/>\n<b>Deltagere:<\/b> Minimum 2 i alt, maksimum 8 i alt<\/p>\n","protected":false},"excerpt":{"rendered":"<p>Oplev kanten af den gr\u00f8nlandske indlandsis og den imponerende Russell-gletsjer<\/p>\n","protected":false},"featured_media":32105,"comment_status":"open","ping_status":"closed","template":"","meta":{"_acf_changed":false},"product_brand":[],"product_cat":[101,170],"product_tag":[],"class_list":{"0":"post-32147","1":"product","2":"type-product","3":"status-publish","4":"has-post-thumbnail","6":"product_cat-tour","7":"product_cat-udflugt","8":"pa_dato-870","9":"pa_dato-884","10":"pa_dato-858","11":"pa_dato-860","12":"pa_dato-876","13":"pa_dato-1119","14":"pa_dato-1124","15":"pa_dato-1064","16":"pa_dato-901","17":"pa_dato-902","18":"pa_dato-1141","19":"pa_dato-1028","20":"pa_dato-1004","21":"pa_dato-1021","22":"pa_dato-1262","23":"pa_dato-5888","24":"pa_tidspunkt-72","25":"pa_tidspunkt-40","26":"pa_tidspunkt-177","27":"pa_tidspunkt-190","28":"tour_location-kangerlussuaq-da","29":"tour_type-outdoor-da","30":"tour_tickettype-arctic_excursions","31":"tour_operator-arctic-ice-tours","33":"first","34":"outofstock","35":"shipping-taxable","36":"product-type-variable"},"acf":[],"yoast_head":"<!-- This site is optimized with the Yoast SEO plugin v23.6 - https:\/\/yoast.com\/wordpress\/plugins\/seo\/ -->\n<title>Arctic Excursions<\/title>\n<meta name=\"robots\" content=\"index, follow, max-snippet:-1, max-image-preview:large, max-video-preview:-1\" \/>\n<link rel=\"canonical\" href=\"https:\/\/arcticexcursions.com\/da\/udflugter\/combination-tour-to-russell-glacier-and-ice-cap-winter\/\" \/>\n<meta property=\"og:locale\" content=\"da_DK\" \/>\n<meta property=\"og:type\" content=\"article\" \/>\n<meta property=\"og:title\" content=\"Kombinationstur til Russell-gletsjeren og Ice Cap Winter - Arctic Excursions\" \/>\n<meta property=\"og:description\" content=\"Oplev kanten af den gr\u00f8nlandske indlandsis og den imponerende Russell-gletsjer\" \/>\n<meta property=\"og:url\" content=\"https:\/\/arcticexcursions.com\/da\/udflugter\/combination-tour-to-russell-glacier-and-ice-cap-winter\/\" \/>\n<meta property=\"og:site_name\" content=\"Arctic Excursions\" \/>\n<meta property=\"article:modified_time\" content=\"2025-08-15T10:00:41+00:00\" \/>\n<meta property=\"og:image\" content=\"https:\/\/arcticexcursions.com\/wp-content\/uploads\/2024\/02\/FE919C67-5F70-442C-B7E1-32F00D86BC50-scaled.jpg\" \/>\n\t<meta property=\"og:image:width\" content=\"2560\" \/>\n\t<meta property=\"og:image:height\" content=\"1709\" \/>\n\t<meta property=\"og:image:type\" content=\"image\/jpeg\" \/>\n<meta name=\"twitter:card\" content=\"summary_large_image\" \/>\n<meta name=\"twitter:label1\" content=\"Estimeret l\u00e6setid\" \/>\n\t<meta name=\"twitter:data1\" content=\"1 minut\" \/>\n<script type=\"application\/ld+json\" class=\"yoast-schema-graph\">{\"@context\":\"https:\/\/schema.org\",\"@graph\":[{\"@type\":\"WebPage\",\"@id\":\"https:\/\/arcticexcursions.com\/da\/udflugter\/combination-tour-to-russell-glacier-and-ice-cap-winter\/\",\"url\":\"https:\/\/arcticexcursions.com\/da\/udflugter\/combination-tour-to-russell-glacier-and-ice-cap-winter\/\",\"name\":\"Kombinationstur til Russell-gletsjeren og Ice Cap Winter - Arctic Excursions\",\"isPartOf\":{\"@id\":\"https:\/\/arcticexcursions.com\/#website\"},\"primaryImageOfPage\":{\"@id\":\"https:\/\/arcticexcursions.com\/da\/udflugter\/combination-tour-to-russell-glacier-and-ice-cap-winter\/#primaryimage\"},\"image\":{\"@id\":\"https:\/\/arcticexcursions.com\/da\/udflugter\/combination-tour-to-russell-glacier-and-ice-cap-winter\/#primaryimage\"},\"thumbnailUrl\":\"https:\/\/arcticexcursions.com\/wp-content\/uploads\/2024\/02\/FE919C67-5F70-442C-B7E1-32F00D86BC50-scaled.jpg\",\"datePublished\":\"2024-02-02T12:15:22+00:00\",\"dateModified\":\"2025-08-15T10:00:41+00:00\",\"breadcrumb\":{\"@id\":\"https:\/\/arcticexcursions.com\/da\/udflugter\/combination-tour-to-russell-glacier-and-ice-cap-winter\/#breadcrumb\"},\"inLanguage\":\"da-DK\",\"potentialAction\":[{\"@type\":\"ReadAction\",\"target\":[\"https:\/\/arcticexcursions.com\/da\/udflugter\/combination-tour-to-russell-glacier-and-ice-cap-winter\/\"]}]},{\"@type\":\"ImageObject\",\"inLanguage\":\"da-DK\",\"@id\":\"https:\/\/arcticexcursions.com\/da\/udflugter\/combination-tour-to-russell-glacier-and-ice-cap-winter\/#primaryimage\",\"url\":\"https:\/\/arcticexcursions.com\/wp-content\/uploads\/2024\/02\/FE919C67-5F70-442C-B7E1-32F00D86BC50-scaled.jpg\",\"contentUrl\":\"https:\/\/arcticexcursions.com\/wp-content\/uploads\/2024\/02\/FE919C67-5F70-442C-B7E1-32F00D86BC50-scaled.jpg\",\"width\":2560,\"height\":1709},{\"@type\":\"BreadcrumbList\",\"@id\":\"https:\/\/arcticexcursions.com\/da\/udflugter\/combination-tour-to-russell-glacier-and-ice-cap-winter\/#breadcrumb\",\"itemListElement\":[{\"@type\":\"ListItem\",\"position\":1,\"name\":\"Home\",\"item\":\"https:\/\/arcticexcursions.com\/da\/\"},{\"@type\":\"ListItem\",\"position\":2,\"name\":\"Udflugter i Gr\u00f8nland\",\"item\":\"https:\/\/arcticexcursions.com\/da\/udflugter\/\"},{\"@type\":\"ListItem\",\"position\":3,\"name\":\"Kombinationstur til Russell-gletsjeren og Ice Cap Winter\"}]},{\"@type\":\"WebSite\",\"@id\":\"https:\/\/arcticexcursions.com\/#website\",\"url\":\"https:\/\/arcticexcursions.com\/\",\"name\":\"Arctic Excursions\",\"description\":\"New adventures. Every day.\",\"publisher\":{\"@id\":\"https:\/\/arcticexcursions.com\/#organization\"},\"potentialAction\":[{\"@type\":\"SearchAction\",\"target\":{\"@type\":\"EntryPoint\",\"urlTemplate\":\"https:\/\/arcticexcursions.com\/?s={search_term_string}\"},\"query-input\":{\"@type\":\"PropertyValueSpecification\",\"valueRequired\":true,\"valueName\":\"search_term_string\"}}],\"inLanguage\":\"da-DK\"},{\"@type\":\"Organization\",\"@id\":\"https:\/\/arcticexcursions.com\/#organization\",\"name\":\"Arctic Excursions\",\"url\":\"https:\/\/arcticexcursions.com\/\",\"logo\":{\"@type\":\"ImageObject\",\"inLanguage\":\"da-DK\",\"@id\":\"https:\/\/arcticexcursions.com\/#\/schema\/logo\/image\/\",\"url\":\"https:\/\/arcticexcursions.com\/wp-content\/uploads\/2022\/11\/fb-logo.png\",\"contentUrl\":\"https:\/\/arcticexcursions.com\/wp-content\/uploads\/2022\/11\/fb-logo.png\",\"width\":523,\"height\":523,\"caption\":\"Arctic Excursions\"},\"image\":{\"@id\":\"https:\/\/arcticexcursions.com\/#\/schema\/logo\/image\/\"}}]}<\/script>\n<!-- \/ Yoast SEO plugin. -->","yoast_head_json":{"title":"Arctic Excursions","robots":{"index":"index","follow":"follow","max-snippet":"max-snippet:-1","max-image-preview":"max-image-preview:large","max-video-preview":"max-video-preview:-1"},"canonical":"https:\/\/arcticexcursions.com\/da\/udflugter\/combination-tour-to-russell-glacier-and-ice-cap-winter\/","og_locale":"da_DK","og_type":"article","og_title":"Kombinationstur til Russell-gletsjeren og Ice Cap Winter - Arctic Excursions","og_description":"Oplev kanten af den gr\u00f8nlandske indlandsis og den imponerende Russell-gletsjer","og_url":"https:\/\/arcticexcursions.com\/da\/udflugter\/combination-tour-to-russell-glacier-and-ice-cap-winter\/","og_site_name":"Arctic Excursions","article_modified_time":"2025-08-15T10:00:41+00:00","og_image":[{"width":2560,"height":1709,"url":"https:\/\/arcticexcursions.com\/wp-content\/uploads\/2024\/02\/FE919C67-5F70-442C-B7E1-32F00D86BC50-scaled.jpg","type":"image\/jpeg"}],"twitter_card":"summary_large_image","twitter_misc":{"Estimeret l\u00e6setid":"1 minut"},"schema":{"@context":"https:\/\/schema.org","@graph":[{"@type":"WebPage","@id":"https:\/\/arcticexcursions.com\/da\/udflugter\/combination-tour-to-russell-glacier-and-ice-cap-winter\/","url":"https:\/\/arcticexcursions.com\/da\/udflugter\/combination-tour-to-russell-glacier-and-ice-cap-winter\/","name":"Kombinationstur til Russell-gletsjeren og Ice Cap Winter - Arctic Excursions","isPartOf":{"@id":"https:\/\/arcticexcursions.com\/#website"},"primaryImageOfPage":{"@id":"https:\/\/arcticexcursions.com\/da\/udflugter\/combination-tour-to-russell-glacier-and-ice-cap-winter\/#primaryimage"},"image":{"@id":"https:\/\/arcticexcursions.com\/da\/udflugter\/combination-tour-to-russell-glacier-and-ice-cap-winter\/#primaryimage"},"thumbnailUrl":"https:\/\/arcticexcursions.com\/wp-content\/uploads\/2024\/02\/FE919C67-5F70-442C-B7E1-32F00D86BC50-scaled.jpg","datePublished":"2024-02-02T12:15:22+00:00","dateModified":"2025-08-15T10:00:41+00:00","breadcrumb":{"@id":"https:\/\/arcticexcursions.com\/da\/udflugter\/combination-tour-to-russell-glacier-and-ice-cap-winter\/#breadcrumb"},"inLanguage":"da-DK","potentialAction":[{"@type":"ReadAction","target":["https:\/\/arcticexcursions.com\/da\/udflugter\/combination-tour-to-russell-glacier-and-ice-cap-winter\/"]}]},{"@type":"ImageObject","inLanguage":"da-DK","@id":"https:\/\/arcticexcursions.com\/da\/udflugter\/combination-tour-to-russell-glacier-and-ice-cap-winter\/#primaryimage","url":"https:\/\/arcticexcursions.com\/wp-content\/uploads\/2024\/02\/FE919C67-5F70-442C-B7E1-32F00D86BC50-scaled.jpg","contentUrl":"https:\/\/arcticexcursions.com\/wp-content\/uploads\/2024\/02\/FE919C67-5F70-442C-B7E1-32F00D86BC50-scaled.jpg","width":2560,"height":1709},{"@type":"BreadcrumbList","@id":"https:\/\/arcticexcursions.com\/da\/udflugter\/combination-tour-to-russell-glacier-and-ice-cap-winter\/#breadcrumb","itemListElement":[{"@type":"ListItem","position":1,"name":"Home","item":"https:\/\/arcticexcursions.com\/da\/"},{"@type":"ListItem","position":2,"name":"Udflugter i Gr\u00f8nland","item":"https:\/\/arcticexcursions.com\/da\/udflugter\/"},{"@type":"ListItem","position":3,"name":"Kombinationstur til Russell-gletsjeren og Ice Cap Winter"}]},{"@type":"WebSite","@id":"https:\/\/arcticexcursions.com\/#website","url":"https:\/\/arcticexcursions.com\/","name":"Arctic Excursions","description":"New adventures. Every day.","publisher":{"@id":"https:\/\/arcticexcursions.com\/#organization"},"potentialAction":[{"@type":"SearchAction","target":{"@type":"EntryPoint","urlTemplate":"https:\/\/arcticexcursions.com\/?s={search_term_string}"},"query-input":{"@type":"PropertyValueSpecification","valueRequired":true,"valueName":"search_term_string"}}],"inLanguage":"da-DK"},{"@type":"Organization","@id":"https:\/\/arcticexcursions.com\/#organization","name":"Arctic Excursions","url":"https:\/\/arcticexcursions.com\/","logo":{"@type":"ImageObject","inLanguage":"da-DK","@id":"https:\/\/arcticexcursions.com\/#\/schema\/logo\/image\/","url":"https:\/\/arcticexcursions.com\/wp-content\/uploads\/2022\/11\/fb-logo.png","contentUrl":"https:\/\/arcticexcursions.com\/wp-content\/uploads\/2022\/11\/fb-logo.png","width":523,"height":523,"caption":"Arctic Excursions"},"image":{"@id":"https:\/\/arcticexcursions.com\/#\/schema\/logo\/image\/"}}]}},"_links":{"self":[{"href":"https:\/\/arcticexcursions.com\/da\/wp-json\/wp\/v2\/product\/32147"}],"collection":[{"href":"https:\/\/arcticexcursions.com\/da\/wp-json\/wp\/v2\/product"}],"about":[{"href":"https:\/\/arcticexcursions.com\/da\/wp-json\/wp\/v2\/types\/product"}],"replies":[{"embeddable":true,"href":"https:\/\/arcticexcursions.com\/da\/wp-json\/wp\/v2\/comments?post=32147"}],"wp:featuredmedia":[{"embeddable":true,"href":"https:\/\/arcticexcursions.com\/da\/wp-json\/wp\/v2\/media\/32105"}],"wp:attachment":[{"href":"https:\/\/arcticexcursions.com\/da\/wp-json\/wp\/v2\/media?parent=32147"}],"wp:term":[{"taxonomy":"product_brand","embeddable":true,"href":"https:\/\/arcticexcursions.com\/da\/wp-json\/wp\/v2\/product_brand?post=32147"},{"taxonomy":"product_cat","embeddable":true,"href":"https:\/\/arcticexcursions.com\/da\/wp-json\/wp\/v2\/product_cat?post=32147"},{"taxonomy":"product_tag","embeddable":true,"href":"https:\/\/arcticexcursions.com\/da\/wp-json\/wp\/v2\/product_tag?post=32147"}],"curies":[{"name":"wp","href":"https:\/\/api.w.org\/{rel}","templated":true}]}}