{"id":3217,"date":"2022-10-07T14:34:48","date_gmt":"2022-10-07T12:34:48","guid":{"rendered":"https:\/\/arcticexcursions.com\/?post_type=product&#038;p=3217"},"modified":"2026-04-21T15:30:11","modified_gmt":"2026-04-21T13:30:11","slug":"sejlads-ophold-gul-hytte","status":"publish","type":"product","link":"https:\/\/arcticexcursions.com\/da\/udflugter\/sejlads-ophold-gul-hytte\/","title":{"rendered":"Weekendophold \/ 2 n\u00e6tter  &#038; Sejlads (Gul hytte)"},"content":{"rendered":"<p>Oplev den gr\u00f8nlandske kultur med sejlads og ophold i hytte uden telefon og internet!<\/p>\n<p>Hvis du vil t\u00e6t p\u00e5 naturen og samtidig opleve at overnatte i en hytte med en behagelig seng, s\u00e5 er Camp Itivi det rette sted for dig! <\/p>\n<p>Nyd de rolige og fantastiske omgivelser i hytterne p\u00e5 Camp Itivi, og kom t\u00e6t p\u00e5 den uendelige natur, der ligger lige uden for d\u00f8ren.<\/p>\n<p>Camp Itivi ligger t\u00e6t p\u00e5 indlandsisen, i bunden af Nuuk-fjordsystemet, beskyttet mod vind og vejr af de fantastiske bjerge og med en \u00e5ben udsigt over fjorden, hvor isbjergene glider forbi dig. <\/p>\n<p>Da isbjergene bev\u00e6ger sig, har hver morgen en ny udsigt. <\/p>\n<p>Engang kom inuitterne hertil med deres kajakker p\u00e5 vej ud p\u00e5 jagt. Om sommeren fungerede stedet som bop\u00e6l p\u00e5 grund af de gode jagtmuligheder. Og senere kom selv nordboerne forbi. <\/p>\n<p><b>Bem\u00e6rk:<\/b><\/p>\n<p><b>Varighed:<\/b> Book 1 billet pr. nat.<\/p>\n<p><b>Deltagere:<\/b> Hytten har plads til 4 g\u00e6ster.<\/p>\n<p><b>Forplejning:<\/b> Medbring selv mad og drikkevarer.<\/p>\n<p>Prisen er for 2 overnatninger og 2 personer. Inkluderet b\u00e5dtransport tur\/retur.<br \/>\nF\u00e6lles kabine er inkluderet i lejen \u2013 her kan I lave mad og lave aktiviteter sammen.<\/p>\n<div align=\"center\"><iframe width=\"560\" height=\"315\" src=\"https:\/\/www.youtube.com\/embed\/jb9EKxFSNac\" title=\"YouTube video player\" frameborder=\"0\" allow=\"accelerometer; autoplay; clipboard-write; encrypted-media; gyroscope; picture-in-picture\" allowfullscreen><\/iframe><\/div>\n","protected":false},"excerpt":{"rendered":"<p>Oplev den gr\u00f8nlandske kultur med sejlads &#038; hytteophold helt uden telefoni og internet!<\/p>\n","protected":false},"featured_media":3214,"comment_status":"open","ping_status":"closed","template":"","meta":{"_acf_changed":false},"product_brand":[],"product_cat":[170],"product_tag":[159],"class_list":{"0":"post-3217","1":"product","2":"type-product","3":"status-publish","4":"has-post-thumbnail","6":"product_cat-udflugt","7":"product_tag-1-da","8":"pa_dato-313","9":"pa_dato-384","10":"pa_dato-385","11":"pa_dato-386","12":"pa_dato-387","13":"pa_dato-418","14":"pa_dato-389","15":"pa_dato-405","16":"pa_dato-419","17":"pa_dato-392","18":"pa_dato-636","19":"pa_dato-640","20":"pa_dato-643","21":"pa_dato-647","22":"pa_dato-650","23":"pa_dato-664","24":"pa_dato-669","25":"pa_dato-675","26":"pa_dato-538","27":"pa_dato-465","28":"pa_dato-553","29":"pa_dato-522","30":"pa_dato-687","31":"pa_dato-694","32":"pa_dato-695","33":"pa_dato-740","34":"pa_dato-901","35":"pa_dato-1135","36":"pa_dato-1185","37":"pa_dato-1186","38":"pa_dato-1140","39":"pa_dato-1194","40":"pa_dato-1195","41":"pa_dato-1196","42":"pa_dato-5980","43":"pa_dato-5982","44":"pa_dato-6345","45":"pa_dato-6315","46":"pa_dato-6287","47":"pa_tidspunkt-40","48":"pa_tidspunkt-177","49":"pa_tidspunkt-314","50":"pa_tidspunkt-61","51":"pa_tidspunkt-426","52":"pa_tidspunkt-57","53":"tour_location-nuuk-da","54":"tour_type-baadture","55":"tour_type-ophold","56":"tour_tickettype-arctic_excursions","57":"tour_operator-camp-itivi","59":"first","60":"instock","61":"shipping-taxable","62":"purchasable","63":"product-type-variable"},"acf":[],"yoast_head":"<!-- This site is optimized with the Yoast SEO plugin v23.6 - https:\/\/yoast.com\/wordpress\/plugins\/seo\/ -->\n<title>Arctic Excursions<\/title>\n<meta name=\"robots\" content=\"index, follow, max-snippet:-1, max-image-preview:large, max-video-preview:-1\" \/>\n<link rel=\"canonical\" href=\"https:\/\/arcticexcursions.com\/udflugter\/sejlads-ophold-gron-hytte\/\" \/>\n<meta property=\"og:locale\" content=\"da_DK\" \/>\n<meta property=\"og:type\" content=\"article\" \/>\n<meta property=\"og:title\" content=\"Weekendophold \/ 2 n\u00e6tter &amp; Sejlads (Gul hytte) - Arctic Excursions\" \/>\n<meta property=\"og:description\" content=\"Oplev den gr\u00f8nlandske kultur med sejlads &amp; hytteophold helt uden telefoni og internet!\" \/>\n<meta property=\"og:url\" content=\"https:\/\/arcticexcursions.com\/udflugter\/sejlads-ophold-gron-hytte\/\" \/>\n<meta property=\"og:site_name\" content=\"Arctic Excursions\" \/>\n<meta property=\"article:modified_time\" content=\"2026-04-21T13:30:11+00:00\" \/>\n<meta property=\"og:image\" content=\"https:\/\/arcticexcursions.com\/wp-content\/uploads\/2022\/10\/IMG_0197-scaled.jpg\" \/>\n\t<meta property=\"og:image:width\" content=\"2560\" \/>\n\t<meta property=\"og:image:height\" content=\"1920\" \/>\n\t<meta property=\"og:image:type\" content=\"image\/jpeg\" \/>\n<meta name=\"twitter:card\" content=\"summary_large_image\" \/>\n<meta name=\"twitter:label1\" content=\"Estimeret l\u00e6setid\" \/>\n\t<meta name=\"twitter:data1\" content=\"1 minut\" \/>\n<script type=\"application\/ld+json\" class=\"yoast-schema-graph\">{\"@context\":\"https:\/\/schema.org\",\"@graph\":[{\"@type\":\"WebPage\",\"@id\":\"https:\/\/arcticexcursions.com\/udflugter\/sejlads-ophold-gron-hytte\/\",\"url\":\"https:\/\/arcticexcursions.com\/udflugter\/sejlads-ophold-gron-hytte\/\",\"name\":\"Weekendophold \/ 2 n\u00e6tter & Sejlads (Gul hytte) - Arctic Excursions\",\"isPartOf\":{\"@id\":\"https:\/\/arcticexcursions.com\/#website\"},\"primaryImageOfPage\":{\"@id\":\"https:\/\/arcticexcursions.com\/udflugter\/sejlads-ophold-gron-hytte\/#primaryimage\"},\"image\":{\"@id\":\"https:\/\/arcticexcursions.com\/udflugter\/sejlads-ophold-gron-hytte\/#primaryimage\"},\"thumbnailUrl\":\"https:\/\/arcticexcursions.com\/wp-content\/uploads\/2022\/10\/IMG_0197-scaled.jpg\",\"datePublished\":\"2022-10-07T12:34:48+00:00\",\"dateModified\":\"2026-04-21T13:30:11+00:00\",\"breadcrumb\":{\"@id\":\"https:\/\/arcticexcursions.com\/udflugter\/sejlads-ophold-gron-hytte\/#breadcrumb\"},\"inLanguage\":\"da-DK\",\"potentialAction\":[{\"@type\":\"ReadAction\",\"target\":[\"https:\/\/arcticexcursions.com\/udflugter\/sejlads-ophold-gron-hytte\/\"]}]},{\"@type\":\"ImageObject\",\"inLanguage\":\"da-DK\",\"@id\":\"https:\/\/arcticexcursions.com\/udflugter\/sejlads-ophold-gron-hytte\/#primaryimage\",\"url\":\"https:\/\/arcticexcursions.com\/wp-content\/uploads\/2022\/10\/IMG_0197-scaled.jpg\",\"contentUrl\":\"https:\/\/arcticexcursions.com\/wp-content\/uploads\/2022\/10\/IMG_0197-scaled.jpg\",\"width\":2560,\"height\":1920},{\"@type\":\"BreadcrumbList\",\"@id\":\"https:\/\/arcticexcursions.com\/udflugter\/sejlads-ophold-gron-hytte\/#breadcrumb\",\"itemListElement\":[{\"@type\":\"ListItem\",\"position\":1,\"name\":\"Home\",\"item\":\"https:\/\/arcticexcursions.com\/da\/\"},{\"@type\":\"ListItem\",\"position\":2,\"name\":\"Udflugter i Gr\u00f8nland\",\"item\":\"https:\/\/arcticexcursions.com\/da\/udflugter\/\"},{\"@type\":\"ListItem\",\"position\":3,\"name\":\"Weekendophold \/ 2 n\u00e6tter &#038; Sejlads (Gul hytte)\"}]},{\"@type\":\"WebSite\",\"@id\":\"https:\/\/arcticexcursions.com\/#website\",\"url\":\"https:\/\/arcticexcursions.com\/\",\"name\":\"Arctic Excursions\",\"description\":\"New adventures. Every day.\",\"publisher\":{\"@id\":\"https:\/\/arcticexcursions.com\/#organization\"},\"potentialAction\":[{\"@type\":\"SearchAction\",\"target\":{\"@type\":\"EntryPoint\",\"urlTemplate\":\"https:\/\/arcticexcursions.com\/?s={search_term_string}\"},\"query-input\":{\"@type\":\"PropertyValueSpecification\",\"valueRequired\":true,\"valueName\":\"search_term_string\"}}],\"inLanguage\":\"da-DK\"},{\"@type\":\"Organization\",\"@id\":\"https:\/\/arcticexcursions.com\/#organization\",\"name\":\"Arctic Excursions\",\"url\":\"https:\/\/arcticexcursions.com\/\",\"logo\":{\"@type\":\"ImageObject\",\"inLanguage\":\"da-DK\",\"@id\":\"https:\/\/arcticexcursions.com\/#\/schema\/logo\/image\/\",\"url\":\"https:\/\/arcticexcursions.com\/wp-content\/uploads\/2022\/11\/fb-logo.png\",\"contentUrl\":\"https:\/\/arcticexcursions.com\/wp-content\/uploads\/2022\/11\/fb-logo.png\",\"width\":523,\"height\":523,\"caption\":\"Arctic Excursions\"},\"image\":{\"@id\":\"https:\/\/arcticexcursions.com\/#\/schema\/logo\/image\/\"}}]}<\/script>\n<!-- \/ Yoast SEO plugin. -->","yoast_head_json":{"title":"Arctic Excursions","robots":{"index":"index","follow":"follow","max-snippet":"max-snippet:-1","max-image-preview":"max-image-preview:large","max-video-preview":"max-video-preview:-1"},"canonical":"https:\/\/arcticexcursions.com\/udflugter\/sejlads-ophold-gron-hytte\/","og_locale":"da_DK","og_type":"article","og_title":"Weekendophold \/ 2 n\u00e6tter & Sejlads (Gul hytte) - Arctic Excursions","og_description":"Oplev den gr\u00f8nlandske kultur med sejlads & hytteophold helt uden telefoni og internet!","og_url":"https:\/\/arcticexcursions.com\/udflugter\/sejlads-ophold-gron-hytte\/","og_site_name":"Arctic Excursions","article_modified_time":"2026-04-21T13:30:11+00:00","og_image":[{"width":2560,"height":1920,"url":"https:\/\/arcticexcursions.com\/wp-content\/uploads\/2022\/10\/IMG_0197-scaled.jpg","type":"image\/jpeg"}],"twitter_card":"summary_large_image","twitter_misc":{"Estimeret l\u00e6setid":"1 minut"},"schema":{"@context":"https:\/\/schema.org","@graph":[{"@type":"WebPage","@id":"https:\/\/arcticexcursions.com\/udflugter\/sejlads-ophold-gron-hytte\/","url":"https:\/\/arcticexcursions.com\/udflugter\/sejlads-ophold-gron-hytte\/","name":"Weekendophold \/ 2 n\u00e6tter & Sejlads (Gul hytte) - Arctic Excursions","isPartOf":{"@id":"https:\/\/arcticexcursions.com\/#website"},"primaryImageOfPage":{"@id":"https:\/\/arcticexcursions.com\/udflugter\/sejlads-ophold-gron-hytte\/#primaryimage"},"image":{"@id":"https:\/\/arcticexcursions.com\/udflugter\/sejlads-ophold-gron-hytte\/#primaryimage"},"thumbnailUrl":"https:\/\/arcticexcursions.com\/wp-content\/uploads\/2022\/10\/IMG_0197-scaled.jpg","datePublished":"2022-10-07T12:34:48+00:00","dateModified":"2026-04-21T13:30:11+00:00","breadcrumb":{"@id":"https:\/\/arcticexcursions.com\/udflugter\/sejlads-ophold-gron-hytte\/#breadcrumb"},"inLanguage":"da-DK","potentialAction":[{"@type":"ReadAction","target":["https:\/\/arcticexcursions.com\/udflugter\/sejlads-ophold-gron-hytte\/"]}]},{"@type":"ImageObject","inLanguage":"da-DK","@id":"https:\/\/arcticexcursions.com\/udflugter\/sejlads-ophold-gron-hytte\/#primaryimage","url":"https:\/\/arcticexcursions.com\/wp-content\/uploads\/2022\/10\/IMG_0197-scaled.jpg","contentUrl":"https:\/\/arcticexcursions.com\/wp-content\/uploads\/2022\/10\/IMG_0197-scaled.jpg","width":2560,"height":1920},{"@type":"BreadcrumbList","@id":"https:\/\/arcticexcursions.com\/udflugter\/sejlads-ophold-gron-hytte\/#breadcrumb","itemListElement":[{"@type":"ListItem","position":1,"name":"Home","item":"https:\/\/arcticexcursions.com\/da\/"},{"@type":"ListItem","position":2,"name":"Udflugter i Gr\u00f8nland","item":"https:\/\/arcticexcursions.com\/da\/udflugter\/"},{"@type":"ListItem","position":3,"name":"Weekendophold \/ 2 n\u00e6tter &#038; Sejlads (Gul hytte)"}]},{"@type":"WebSite","@id":"https:\/\/arcticexcursions.com\/#website","url":"https:\/\/arcticexcursions.com\/","name":"Arctic Excursions","description":"New adventures. Every day.","publisher":{"@id":"https:\/\/arcticexcursions.com\/#organization"},"potentialAction":[{"@type":"SearchAction","target":{"@type":"EntryPoint","urlTemplate":"https:\/\/arcticexcursions.com\/?s={search_term_string}"},"query-input":{"@type":"PropertyValueSpecification","valueRequired":true,"valueName":"search_term_string"}}],"inLanguage":"da-DK"},{"@type":"Organization","@id":"https:\/\/arcticexcursions.com\/#organization","name":"Arctic Excursions","url":"https:\/\/arcticexcursions.com\/","logo":{"@type":"ImageObject","inLanguage":"da-DK","@id":"https:\/\/arcticexcursions.com\/#\/schema\/logo\/image\/","url":"https:\/\/arcticexcursions.com\/wp-content\/uploads\/2022\/11\/fb-logo.png","contentUrl":"https:\/\/arcticexcursions.com\/wp-content\/uploads\/2022\/11\/fb-logo.png","width":523,"height":523,"caption":"Arctic Excursions"},"image":{"@id":"https:\/\/arcticexcursions.com\/#\/schema\/logo\/image\/"}}]}},"_links":{"self":[{"href":"https:\/\/arcticexcursions.com\/da\/wp-json\/wp\/v2\/product\/3217"}],"collection":[{"href":"https:\/\/arcticexcursions.com\/da\/wp-json\/wp\/v2\/product"}],"about":[{"href":"https:\/\/arcticexcursions.com\/da\/wp-json\/wp\/v2\/types\/product"}],"replies":[{"embeddable":true,"href":"https:\/\/arcticexcursions.com\/da\/wp-json\/wp\/v2\/comments?post=3217"}],"wp:featuredmedia":[{"embeddable":true,"href":"https:\/\/arcticexcursions.com\/da\/wp-json\/wp\/v2\/media\/3214"}],"wp:attachment":[{"href":"https:\/\/arcticexcursions.com\/da\/wp-json\/wp\/v2\/media?parent=3217"}],"wp:term":[{"taxonomy":"product_brand","embeddable":true,"href":"https:\/\/arcticexcursions.com\/da\/wp-json\/wp\/v2\/product_brand?post=3217"},{"taxonomy":"product_cat","embeddable":true,"href":"https:\/\/arcticexcursions.com\/da\/wp-json\/wp\/v2\/product_cat?post=3217"},{"taxonomy":"product_tag","embeddable":true,"href":"https:\/\/arcticexcursions.com\/da\/wp-json\/wp\/v2\/product_tag?post=3217"}],"curies":[{"name":"wp","href":"https:\/\/api.w.org\/{rel}","templated":true}]}}