{"id":3272,"date":"2022-10-19T13:25:33","date_gmt":"2022-10-19T11:25:33","guid":{"rendered":"https:\/\/arcticexcursions.com\/?post_type=product&#038;p=3272"},"modified":"2025-11-03T13:53:23","modified_gmt":"2025-11-03T11:53:23","slug":"bjergvandring-i-snesko","status":"publish","type":"product","link":"https:\/\/arcticexcursions.com\/da\/udflugter\/bjergvandring-i-snesko\/","title":{"rendered":"Fjeldvandring p\u00e5 snesko"},"content":{"rendered":"<p>Kom med p\u00e5 vores vintervandretur med snesko i Sisimiuts smukke bagland. <\/p>\n<p>Sisimiut er kendt for sit enorme bagland, hvilket giver den perfekte mulighed for vintervandring. <\/p>\n<p>Baglandet bliver ofte brugt at de lokale, b\u00e5de summer og vinter. <\/p>\n<p>Snesko er for alle, det kr\u00e6ver ingen erfaring, da vores guide hj\u00e6lper jer med at s\u00e6tte dem p\u00e5 og af. <\/p>\n<p>Guiden f\u00f8rer an p\u00e5 denne tur og m\u00e5let er Spejder s\u00f8en som er centrum for vinter aktiviteter i vinterperioden. <\/p>\n<p>Derefter g\u00e5r turen mod syd\u00f8st for byen, hvor man oplever den snekl\u00e6dte terr\u00e6n som kan have mindre stigninger og kysten giver en smuk udsigt over is dannet af tidevandet. <\/p>\n<p>P\u00e5 returvejen afslutter vi med en fantastisk udsigt over byen Sisimiut. <\/p>\n<p><b>Varighed:<\/b> 3 timer <\/p>\n<p><b>Deltagere:<\/b> Bem\u00e6rk venligst, at udflugten kun gennemf\u00f8res, hvis der er mindst 4 bookede billetter i alt. Hvis du for eksempel booker 2 billetter, skal der s\u00e6lges mindst 2 yderligere billetter til andre kunder, f\u00f8r turen kan finde sted.<\/p>\n<p><b>Sprog:<\/b> Guiden taler dansk, engelsk og gr\u00f8nlandsk <\/p>\n<p><b>Sv\u00e6rhedsgrad:<\/b> Begyndervenlig tur. Anbefales ikke hvis du har rygproblemer. <\/p>\n<p><b>Forplejning:<\/b> Kaffe og te serveres <\/p>\n<p><b>Anbefalet p\u00e5kl\u00e6dning:<\/b> Varmt, praktisk t\u00f8j og vandresko.<\/p>\n","protected":false},"excerpt":{"rendered":"<p>Guidet vandretur p\u00e5 snesko i det smukke snebekl\u00e6dte fjeldlandskab omkring Sisimiut. <\/p>\n","protected":false},"featured_media":3256,"comment_status":"open","ping_status":"closed","template":"","meta":{"_acf_changed":false},"product_brand":[],"product_cat":[170],"product_tag":[161],"class_list":{"0":"post-3272","1":"product","2":"type-product","3":"status-publish","4":"has-post-thumbnail","6":"product_cat-udflugt","7":"product_tag-3-da","8":"pa_dato-399","9":"pa_dato-400","10":"pa_dato-401","11":"pa_dato-402","12":"pa_dato-403","13":"pa_dato-404","14":"pa_dato-320","15":"pa_dato-333","16":"pa_dato-361","17":"pa_dato-335","18":"pa_dato-364","19":"pa_dato-338","20":"pa_dato-367","21":"pa_dato-341","22":"pa_dato-370","23":"pa_dato-344","24":"pa_dato-373","25":"pa_dato-347","26":"pa_dato-376","27":"pa_dato-350","28":"pa_dato-379","29":"pa_dato-353","30":"pa_dato-382","31":"pa_dato-356","32":"pa_dato-385","33":"pa_dato-359","34":"pa_dato-389","35":"pa_dato-405","36":"pa_dato-393","37":"pa_dato-406","38":"pa_dato-397","39":"pa_dato-407","40":"pa_dato-810","41":"pa_dato-811","42":"pa_dato-812","43":"pa_dato-813","44":"pa_dato-814","45":"pa_dato-903","46":"pa_dato-905","47":"pa_dato-815","48":"pa_dato-816","49":"pa_dato-944","50":"pa_dato-907","51":"pa_dato-906","52":"pa_dato-854","53":"pa_dato-869","54":"pa_dato-855","55":"pa_dato-870","56":"pa_dato-1142","57":"pa_dato-908","58":"pa_dato-883","59":"pa_dato-871","60":"pa_dato-929","61":"pa_dato-884","62":"pa_dato-1168","63":"pa_dato-857","64":"pa_dato-955","65":"pa_dato-872","66":"pa_dato-885","67":"pa_dato-858","68":"pa_dato-1169","69":"pa_dato-859","70":"pa_dato-886","71":"pa_dato-873","72":"pa_dato-930","73":"pa_dato-860","74":"pa_dato-1170","75":"pa_dato-861","76":"pa_dato-887","77":"pa_dato-874","78":"pa_dato-948","79":"pa_dato-888","80":"pa_dato-875","81":"pa_dato-863","82":"pa_dato-918","83":"pa_dato-1187","84":"pa_dato-889","85":"pa_dato-876","86":"pa_dato-1189","87":"pa_dato-864","88":"pa_dato-951","89":"pa_dato-952","90":"pa_dato-953","91":"pa_dato-1078","92":"pa_dato-878","93":"pa_dato-865","94":"pa_dato-890","95":"pa_dato-949","96":"pa_dato-891","97":"pa_dato-879","98":"pa_dato-1191","99":"pa_dato-1192","100":"pa_dato-892","101":"pa_dato-880","102":"pa_dato-893","103":"pa_dato-1079","104":"pa_dato-1157","105":"pa_dato-894","106":"pa_dato-950","107":"pa_dato-862","108":"pa_dato-866","109":"pa_dato-895","110":"pa_dato-881","111":"pa_dato-919","112":"pa_dato-867","113":"pa_dato-1090","114":"pa_dato-896","115":"pa_dato-868","116":"pa_dato-1201","117":"pa_dato-1091","118":"pa_dato-1092","119":"pa_dato-1093","120":"pa_dato-1095","121":"pa_dato-1085","122":"pa_dato-1202","123":"pa_dato-920","124":"pa_dato-921","125":"pa_dato-1096","126":"pa_dato-1098","127":"pa_dato-1086","128":"pa_dato-1203","129":"pa_tidspunkt-40","130":"pa_tidspunkt-308","131":"tour_location-sisimiut-da","132":"tour_type-vandreture","133":"tour_tickettype-arctic_excursions","134":"tour_operator-hotel-sisimiut-tours","136":"first","137":"outofstock","138":"shipping-taxable","139":"product-type-variable"},"acf":[],"yoast_head":"<!-- This site is optimized with the Yoast SEO plugin v23.6 - https:\/\/yoast.com\/wordpress\/plugins\/seo\/ -->\n<title>Arctic Excursions<\/title>\n<meta name=\"robots\" content=\"index, follow, max-snippet:-1, max-image-preview:large, max-video-preview:-1\" \/>\n<link rel=\"canonical\" href=\"https:\/\/arcticexcursions.com\/da\/udflugter\/bjergvandring-i-snesko\/\" \/>\n<meta property=\"og:locale\" content=\"da_DK\" \/>\n<meta property=\"og:type\" content=\"article\" \/>\n<meta property=\"og:title\" content=\"Fjeldvandring p\u00e5 snesko - Arctic Excursions\" \/>\n<meta property=\"og:description\" content=\"Guidet vandretur p\u00e5 snesko i det smukke snebekl\u00e6dte fjeldlandskab omkring Sisimiut.\" \/>\n<meta property=\"og:url\" content=\"https:\/\/arcticexcursions.com\/da\/udflugter\/bjergvandring-i-snesko\/\" \/>\n<meta property=\"og:site_name\" content=\"Arctic Excursions\" \/>\n<meta property=\"article:modified_time\" content=\"2025-11-03T11:53:23+00:00\" \/>\n<meta property=\"og:image\" content=\"https:\/\/arcticexcursions.com\/wp-content\/uploads\/2022\/10\/Hotel_Sisimiut-18-scaled.jpg\" \/>\n\t<meta property=\"og:image:width\" content=\"2560\" \/>\n\t<meta property=\"og:image:height\" content=\"1440\" \/>\n\t<meta property=\"og:image:type\" content=\"image\/jpeg\" \/>\n<meta name=\"twitter:card\" content=\"summary_large_image\" \/>\n<meta name=\"twitter:label1\" content=\"Estimeret l\u00e6setid\" \/>\n\t<meta name=\"twitter:data1\" content=\"1 minut\" \/>\n<script type=\"application\/ld+json\" class=\"yoast-schema-graph\">{\"@context\":\"https:\/\/schema.org\",\"@graph\":[{\"@type\":\"WebPage\",\"@id\":\"https:\/\/arcticexcursions.com\/da\/udflugter\/bjergvandring-i-snesko\/\",\"url\":\"https:\/\/arcticexcursions.com\/da\/udflugter\/bjergvandring-i-snesko\/\",\"name\":\"Fjeldvandring p\u00e5 snesko - Arctic Excursions\",\"isPartOf\":{\"@id\":\"https:\/\/arcticexcursions.com\/#website\"},\"primaryImageOfPage\":{\"@id\":\"https:\/\/arcticexcursions.com\/da\/udflugter\/bjergvandring-i-snesko\/#primaryimage\"},\"image\":{\"@id\":\"https:\/\/arcticexcursions.com\/da\/udflugter\/bjergvandring-i-snesko\/#primaryimage\"},\"thumbnailUrl\":\"https:\/\/arcticexcursions.com\/wp-content\/uploads\/2022\/10\/Hotel_Sisimiut-18-scaled.jpg\",\"datePublished\":\"2022-10-19T11:25:33+00:00\",\"dateModified\":\"2025-11-03T11:53:23+00:00\",\"breadcrumb\":{\"@id\":\"https:\/\/arcticexcursions.com\/da\/udflugter\/bjergvandring-i-snesko\/#breadcrumb\"},\"inLanguage\":\"da-DK\",\"potentialAction\":[{\"@type\":\"ReadAction\",\"target\":[\"https:\/\/arcticexcursions.com\/da\/udflugter\/bjergvandring-i-snesko\/\"]}]},{\"@type\":\"ImageObject\",\"inLanguage\":\"da-DK\",\"@id\":\"https:\/\/arcticexcursions.com\/da\/udflugter\/bjergvandring-i-snesko\/#primaryimage\",\"url\":\"https:\/\/arcticexcursions.com\/wp-content\/uploads\/2022\/10\/Hotel_Sisimiut-18-scaled.jpg\",\"contentUrl\":\"https:\/\/arcticexcursions.com\/wp-content\/uploads\/2022\/10\/Hotel_Sisimiut-18-scaled.jpg\",\"width\":2560,\"height\":1440},{\"@type\":\"BreadcrumbList\",\"@id\":\"https:\/\/arcticexcursions.com\/da\/udflugter\/bjergvandring-i-snesko\/#breadcrumb\",\"itemListElement\":[{\"@type\":\"ListItem\",\"position\":1,\"name\":\"Home\",\"item\":\"https:\/\/arcticexcursions.com\/da\/\"},{\"@type\":\"ListItem\",\"position\":2,\"name\":\"Udflugter i Gr\u00f8nland\",\"item\":\"https:\/\/arcticexcursions.com\/da\/udflugter\/\"},{\"@type\":\"ListItem\",\"position\":3,\"name\":\"Fjeldvandring p\u00e5 snesko\"}]},{\"@type\":\"WebSite\",\"@id\":\"https:\/\/arcticexcursions.com\/#website\",\"url\":\"https:\/\/arcticexcursions.com\/\",\"name\":\"Arctic Excursions\",\"description\":\"New adventures. Every day.\",\"publisher\":{\"@id\":\"https:\/\/arcticexcursions.com\/#organization\"},\"potentialAction\":[{\"@type\":\"SearchAction\",\"target\":{\"@type\":\"EntryPoint\",\"urlTemplate\":\"https:\/\/arcticexcursions.com\/?s={search_term_string}\"},\"query-input\":{\"@type\":\"PropertyValueSpecification\",\"valueRequired\":true,\"valueName\":\"search_term_string\"}}],\"inLanguage\":\"da-DK\"},{\"@type\":\"Organization\",\"@id\":\"https:\/\/arcticexcursions.com\/#organization\",\"name\":\"Arctic Excursions\",\"url\":\"https:\/\/arcticexcursions.com\/\",\"logo\":{\"@type\":\"ImageObject\",\"inLanguage\":\"da-DK\",\"@id\":\"https:\/\/arcticexcursions.com\/#\/schema\/logo\/image\/\",\"url\":\"https:\/\/arcticexcursions.com\/wp-content\/uploads\/2022\/11\/fb-logo.png\",\"contentUrl\":\"https:\/\/arcticexcursions.com\/wp-content\/uploads\/2022\/11\/fb-logo.png\",\"width\":523,\"height\":523,\"caption\":\"Arctic Excursions\"},\"image\":{\"@id\":\"https:\/\/arcticexcursions.com\/#\/schema\/logo\/image\/\"}}]}<\/script>\n<!-- \/ Yoast SEO plugin. -->","yoast_head_json":{"title":"Arctic Excursions","robots":{"index":"index","follow":"follow","max-snippet":"max-snippet:-1","max-image-preview":"max-image-preview:large","max-video-preview":"max-video-preview:-1"},"canonical":"https:\/\/arcticexcursions.com\/da\/udflugter\/bjergvandring-i-snesko\/","og_locale":"da_DK","og_type":"article","og_title":"Fjeldvandring p\u00e5 snesko - Arctic Excursions","og_description":"Guidet vandretur p\u00e5 snesko i det smukke snebekl\u00e6dte fjeldlandskab omkring Sisimiut.","og_url":"https:\/\/arcticexcursions.com\/da\/udflugter\/bjergvandring-i-snesko\/","og_site_name":"Arctic Excursions","article_modified_time":"2025-11-03T11:53:23+00:00","og_image":[{"width":2560,"height":1440,"url":"https:\/\/arcticexcursions.com\/wp-content\/uploads\/2022\/10\/Hotel_Sisimiut-18-scaled.jpg","type":"image\/jpeg"}],"twitter_card":"summary_large_image","twitter_misc":{"Estimeret l\u00e6setid":"1 minut"},"schema":{"@context":"https:\/\/schema.org","@graph":[{"@type":"WebPage","@id":"https:\/\/arcticexcursions.com\/da\/udflugter\/bjergvandring-i-snesko\/","url":"https:\/\/arcticexcursions.com\/da\/udflugter\/bjergvandring-i-snesko\/","name":"Fjeldvandring p\u00e5 snesko - Arctic Excursions","isPartOf":{"@id":"https:\/\/arcticexcursions.com\/#website"},"primaryImageOfPage":{"@id":"https:\/\/arcticexcursions.com\/da\/udflugter\/bjergvandring-i-snesko\/#primaryimage"},"image":{"@id":"https:\/\/arcticexcursions.com\/da\/udflugter\/bjergvandring-i-snesko\/#primaryimage"},"thumbnailUrl":"https:\/\/arcticexcursions.com\/wp-content\/uploads\/2022\/10\/Hotel_Sisimiut-18-scaled.jpg","datePublished":"2022-10-19T11:25:33+00:00","dateModified":"2025-11-03T11:53:23+00:00","breadcrumb":{"@id":"https:\/\/arcticexcursions.com\/da\/udflugter\/bjergvandring-i-snesko\/#breadcrumb"},"inLanguage":"da-DK","potentialAction":[{"@type":"ReadAction","target":["https:\/\/arcticexcursions.com\/da\/udflugter\/bjergvandring-i-snesko\/"]}]},{"@type":"ImageObject","inLanguage":"da-DK","@id":"https:\/\/arcticexcursions.com\/da\/udflugter\/bjergvandring-i-snesko\/#primaryimage","url":"https:\/\/arcticexcursions.com\/wp-content\/uploads\/2022\/10\/Hotel_Sisimiut-18-scaled.jpg","contentUrl":"https:\/\/arcticexcursions.com\/wp-content\/uploads\/2022\/10\/Hotel_Sisimiut-18-scaled.jpg","width":2560,"height":1440},{"@type":"BreadcrumbList","@id":"https:\/\/arcticexcursions.com\/da\/udflugter\/bjergvandring-i-snesko\/#breadcrumb","itemListElement":[{"@type":"ListItem","position":1,"name":"Home","item":"https:\/\/arcticexcursions.com\/da\/"},{"@type":"ListItem","position":2,"name":"Udflugter i Gr\u00f8nland","item":"https:\/\/arcticexcursions.com\/da\/udflugter\/"},{"@type":"ListItem","position":3,"name":"Fjeldvandring p\u00e5 snesko"}]},{"@type":"WebSite","@id":"https:\/\/arcticexcursions.com\/#website","url":"https:\/\/arcticexcursions.com\/","name":"Arctic Excursions","description":"New adventures. Every day.","publisher":{"@id":"https:\/\/arcticexcursions.com\/#organization"},"potentialAction":[{"@type":"SearchAction","target":{"@type":"EntryPoint","urlTemplate":"https:\/\/arcticexcursions.com\/?s={search_term_string}"},"query-input":{"@type":"PropertyValueSpecification","valueRequired":true,"valueName":"search_term_string"}}],"inLanguage":"da-DK"},{"@type":"Organization","@id":"https:\/\/arcticexcursions.com\/#organization","name":"Arctic Excursions","url":"https:\/\/arcticexcursions.com\/","logo":{"@type":"ImageObject","inLanguage":"da-DK","@id":"https:\/\/arcticexcursions.com\/#\/schema\/logo\/image\/","url":"https:\/\/arcticexcursions.com\/wp-content\/uploads\/2022\/11\/fb-logo.png","contentUrl":"https:\/\/arcticexcursions.com\/wp-content\/uploads\/2022\/11\/fb-logo.png","width":523,"height":523,"caption":"Arctic Excursions"},"image":{"@id":"https:\/\/arcticexcursions.com\/#\/schema\/logo\/image\/"}}]}},"_links":{"self":[{"href":"https:\/\/arcticexcursions.com\/da\/wp-json\/wp\/v2\/product\/3272"}],"collection":[{"href":"https:\/\/arcticexcursions.com\/da\/wp-json\/wp\/v2\/product"}],"about":[{"href":"https:\/\/arcticexcursions.com\/da\/wp-json\/wp\/v2\/types\/product"}],"replies":[{"embeddable":true,"href":"https:\/\/arcticexcursions.com\/da\/wp-json\/wp\/v2\/comments?post=3272"}],"wp:featuredmedia":[{"embeddable":true,"href":"https:\/\/arcticexcursions.com\/da\/wp-json\/wp\/v2\/media\/3256"}],"wp:attachment":[{"href":"https:\/\/arcticexcursions.com\/da\/wp-json\/wp\/v2\/media?parent=3272"}],"wp:term":[{"taxonomy":"product_brand","embeddable":true,"href":"https:\/\/arcticexcursions.com\/da\/wp-json\/wp\/v2\/product_brand?post=3272"},{"taxonomy":"product_cat","embeddable":true,"href":"https:\/\/arcticexcursions.com\/da\/wp-json\/wp\/v2\/product_cat?post=3272"},{"taxonomy":"product_tag","embeddable":true,"href":"https:\/\/arcticexcursions.com\/da\/wp-json\/wp\/v2\/product_tag?post=3272"}],"curies":[{"name":"wp","href":"https:\/\/api.w.org\/{rel}","templated":true}]}}