{"id":3332,"date":"2022-10-14T14:24:10","date_gmt":"2022-10-14T12:24:10","guid":{"rendered":"https:\/\/arcticexcursions.com\/?post_type=product&#038;p=3332"},"modified":"2025-11-03T13:38:17","modified_gmt":"2025-11-03T11:38:17","slug":"intro-til-snescooter-tur-til-baglandet","status":"publish","type":"product","link":"https:\/\/arcticexcursions.com\/da\/udflugter\/intro-til-snescooter-tur-til-baglandet\/","title":{"rendered":"Snowmobile Intro &#038; Backcountry tour"},"content":{"rendered":"<p>Oplev det vidunderlige bagland med snescooter i Sisimiut.<\/p>\n<p>Vi k\u00f8rer gennem det smukke landskab i Sisimiut-omr\u00e5det.<\/p>\n<p>Oplev friheden ved snescooterk\u00f8rsel og den spektakul\u00e6re udsigt over Davisstr\u00e6det. <\/p>\n<p>Det endel\u00f8se vinterlandskab vil forbl\u00f8ffe dig.   <\/p>\n<p><b>Varighed:<\/b> 3 timer <\/p>\n<p><b>Deltagere:<\/b> Bem\u00e6rk venligst, at udflugten kun gennemf\u00f8res, hvis der er mindst 4 bookede billetter i alt. Hvis du for eksempel booker 2 billetter, skal der s\u00e6lges mindst 2 yderligere billetter til andre kunder, f\u00f8r turen kan finde sted. Der vil deltage maksimalt 6 personer. <\/p>\n<p><b>Sprog:<\/b> Guiden taler dansk, engelsk og gr\u00f8nlandsk <\/p>\n<p><b>Type af tur:<\/b> Guiden k\u00f8rer snescooteren. Deltagerne er passagerer. <\/p>\n<p><b>Forplejning:<\/b> Kaffe og te serveres <\/p>\n<p><b>Anbefalet p\u00e5kl\u00e6dning:<\/b> Varmt t\u00f8j inkl. hue og handsker. Hjelm og varm dragt inkluderet.<\/p>\n","protected":false},"excerpt":{"rendered":"<p>Denne tur er vores bestseller om vinteren. <\/p>\n","protected":false},"featured_media":3232,"comment_status":"open","ping_status":"closed","template":"","meta":{"_acf_changed":false},"product_brand":[],"product_cat":[170],"product_tag":[160],"class_list":{"0":"post-3332","1":"product","2":"type-product","3":"status-publish","4":"has-post-thumbnail","6":"product_cat-udflugt","7":"product_tag-2-da","8":"pa_dato-319","9":"pa_dato-320","10":"pa_dato-327","11":"pa_dato-331","12":"pa_dato-360","13":"pa_dato-361","14":"pa_dato-362","15":"pa_dato-336","16":"pa_dato-363","17":"pa_dato-364","18":"pa_dato-365","19":"pa_dato-339","20":"pa_dato-366","21":"pa_dato-367","22":"pa_dato-368","23":"pa_dato-342","24":"pa_dato-369","25":"pa_dato-370","26":"pa_dato-371","27":"pa_dato-345","28":"pa_dato-372","29":"pa_dato-373","30":"pa_dato-374","31":"pa_dato-348","32":"pa_dato-375","33":"pa_dato-376","34":"pa_dato-377","35":"pa_dato-351","36":"pa_dato-378","37":"pa_dato-379","38":"pa_dato-380","39":"pa_dato-354","40":"pa_dato-381","41":"pa_dato-382","42":"pa_dato-383","43":"pa_dato-357","44":"pa_dato-384","45":"pa_dato-385","46":"pa_dato-386","47":"pa_dato-387","48":"pa_dato-388","49":"pa_dato-389","50":"pa_dato-390","51":"pa_dato-391","52":"pa_dato-392","53":"pa_dato-393","54":"pa_dato-394","55":"pa_dato-395","56":"pa_dato-396","57":"pa_dato-397","58":"pa_dato-398","59":"pa_dato-908","60":"pa_dato-856","61":"pa_dato-929","62":"pa_dato-884","63":"pa_dato-1168","64":"pa_dato-857","65":"pa_dato-956","66":"pa_dato-885","67":"pa_dato-858","68":"pa_dato-1169","69":"pa_dato-859","70":"pa_dato-987","71":"pa_dato-930","72":"pa_dato-860","73":"pa_dato-1170","74":"pa_dato-861","75":"pa_dato-947","76":"pa_dato-948","77":"pa_dato-888","78":"pa_dato-875","79":"pa_dato-863","80":"pa_dato-1188","81":"pa_dato-889","82":"pa_dato-876","83":"pa_dato-1189","84":"pa_dato-864","85":"pa_dato-877","86":"pa_dato-953","87":"pa_dato-1078","88":"pa_dato-878","89":"pa_dato-865","90":"pa_dato-1190","91":"pa_dato-891","92":"pa_dato-1192","93":"pa_dato-1181","94":"pa_dato-893","95":"pa_dato-1079","96":"pa_dato-1157","97":"pa_dato-894","98":"pa_dato-954","99":"pa_dato-866","100":"pa_dato-895","101":"pa_dato-881","102":"pa_dato-919","103":"pa_dato-882","104":"pa_dato-896","105":"pa_dato-868","106":"pa_dato-1201","107":"pa_dato-1091","108":"pa_dato-1094","109":"pa_dato-1095","110":"pa_dato-1085","111":"pa_dato-1202","112":"pa_dato-920","113":"pa_dato-1097","114":"pa_dato-1098","115":"pa_dato-1086","116":"pa_dato-1203","117":"pa_dato-5971","118":"pa_dato-5984","119":"pa_dato-1272","120":"pa_dato-5985","121":"pa_dato-5986","122":"pa_dato-1366","123":"pa_tidspunkt-40","124":"pa_tidspunkt-304","125":"pa_tidspunkt-314","126":"pa_tidspunkt-308","127":"tour_location-sisimiut-da","128":"tour_type-snescooter","129":"tour_tickettype-arctic_excursions","130":"tour_operator-hotel-sisimiut-tours","132":"first","133":"outofstock","134":"shipping-taxable","135":"product-type-variable"},"acf":[],"yoast_head":"<!-- This site is optimized with the Yoast SEO plugin v23.6 - https:\/\/yoast.com\/wordpress\/plugins\/seo\/ -->\n<title>Arctic Excursions<\/title>\n<meta name=\"robots\" content=\"index, follow, max-snippet:-1, max-image-preview:large, max-video-preview:-1\" \/>\n<link rel=\"canonical\" href=\"https:\/\/arcticexcursions.com\/da\/udflugter\/intro-til-snescooter-tur-til-baglandet\/\" \/>\n<meta property=\"og:locale\" content=\"da_DK\" \/>\n<meta property=\"og:type\" content=\"article\" \/>\n<meta property=\"og:title\" content=\"Snowmobile Intro &amp; Backcountry tour - Arctic Excursions\" \/>\n<meta property=\"og:description\" content=\"Denne tur er vores bestseller om vinteren.\" \/>\n<meta property=\"og:url\" content=\"https:\/\/arcticexcursions.com\/da\/udflugter\/intro-til-snescooter-tur-til-baglandet\/\" \/>\n<meta property=\"og:site_name\" content=\"Arctic Excursions\" \/>\n<meta property=\"article:modified_time\" content=\"2025-11-03T11:38:17+00:00\" \/>\n<meta property=\"og:image\" content=\"https:\/\/arcticexcursions.com\/wp-content\/uploads\/2022\/10\/Hotel_Sisimiut-42-scaled.jpg\" \/>\n\t<meta property=\"og:image:width\" content=\"2560\" \/>\n\t<meta property=\"og:image:height\" content=\"1440\" \/>\n\t<meta property=\"og:image:type\" content=\"image\/jpeg\" \/>\n<meta name=\"twitter:card\" content=\"summary_large_image\" \/>\n<meta name=\"twitter:label1\" content=\"Estimeret l\u00e6setid\" \/>\n\t<meta name=\"twitter:data1\" content=\"1 minut\" \/>\n<script type=\"application\/ld+json\" class=\"yoast-schema-graph\">{\"@context\":\"https:\/\/schema.org\",\"@graph\":[{\"@type\":\"WebPage\",\"@id\":\"https:\/\/arcticexcursions.com\/da\/udflugter\/intro-til-snescooter-tur-til-baglandet\/\",\"url\":\"https:\/\/arcticexcursions.com\/da\/udflugter\/intro-til-snescooter-tur-til-baglandet\/\",\"name\":\"Snowmobile Intro & Backcountry tour - Arctic Excursions\",\"isPartOf\":{\"@id\":\"https:\/\/arcticexcursions.com\/#website\"},\"primaryImageOfPage\":{\"@id\":\"https:\/\/arcticexcursions.com\/da\/udflugter\/intro-til-snescooter-tur-til-baglandet\/#primaryimage\"},\"image\":{\"@id\":\"https:\/\/arcticexcursions.com\/da\/udflugter\/intro-til-snescooter-tur-til-baglandet\/#primaryimage\"},\"thumbnailUrl\":\"https:\/\/arcticexcursions.com\/wp-content\/uploads\/2022\/10\/Hotel_Sisimiut-42-scaled.jpg\",\"datePublished\":\"2022-10-14T12:24:10+00:00\",\"dateModified\":\"2025-11-03T11:38:17+00:00\",\"breadcrumb\":{\"@id\":\"https:\/\/arcticexcursions.com\/da\/udflugter\/intro-til-snescooter-tur-til-baglandet\/#breadcrumb\"},\"inLanguage\":\"da-DK\",\"potentialAction\":[{\"@type\":\"ReadAction\",\"target\":[\"https:\/\/arcticexcursions.com\/da\/udflugter\/intro-til-snescooter-tur-til-baglandet\/\"]}]},{\"@type\":\"ImageObject\",\"inLanguage\":\"da-DK\",\"@id\":\"https:\/\/arcticexcursions.com\/da\/udflugter\/intro-til-snescooter-tur-til-baglandet\/#primaryimage\",\"url\":\"https:\/\/arcticexcursions.com\/wp-content\/uploads\/2022\/10\/Hotel_Sisimiut-42-scaled.jpg\",\"contentUrl\":\"https:\/\/arcticexcursions.com\/wp-content\/uploads\/2022\/10\/Hotel_Sisimiut-42-scaled.jpg\",\"width\":2560,\"height\":1440},{\"@type\":\"BreadcrumbList\",\"@id\":\"https:\/\/arcticexcursions.com\/da\/udflugter\/intro-til-snescooter-tur-til-baglandet\/#breadcrumb\",\"itemListElement\":[{\"@type\":\"ListItem\",\"position\":1,\"name\":\"Home\",\"item\":\"https:\/\/arcticexcursions.com\/da\/\"},{\"@type\":\"ListItem\",\"position\":2,\"name\":\"Udflugter i Gr\u00f8nland\",\"item\":\"https:\/\/arcticexcursions.com\/da\/udflugter\/\"},{\"@type\":\"ListItem\",\"position\":3,\"name\":\"Snowmobile Intro &#038; Backcountry tour\"}]},{\"@type\":\"WebSite\",\"@id\":\"https:\/\/arcticexcursions.com\/#website\",\"url\":\"https:\/\/arcticexcursions.com\/\",\"name\":\"Arctic Excursions\",\"description\":\"New adventures. Every day.\",\"publisher\":{\"@id\":\"https:\/\/arcticexcursions.com\/#organization\"},\"potentialAction\":[{\"@type\":\"SearchAction\",\"target\":{\"@type\":\"EntryPoint\",\"urlTemplate\":\"https:\/\/arcticexcursions.com\/?s={search_term_string}\"},\"query-input\":{\"@type\":\"PropertyValueSpecification\",\"valueRequired\":true,\"valueName\":\"search_term_string\"}}],\"inLanguage\":\"da-DK\"},{\"@type\":\"Organization\",\"@id\":\"https:\/\/arcticexcursions.com\/#organization\",\"name\":\"Arctic Excursions\",\"url\":\"https:\/\/arcticexcursions.com\/\",\"logo\":{\"@type\":\"ImageObject\",\"inLanguage\":\"da-DK\",\"@id\":\"https:\/\/arcticexcursions.com\/#\/schema\/logo\/image\/\",\"url\":\"https:\/\/arcticexcursions.com\/wp-content\/uploads\/2022\/11\/fb-logo.png\",\"contentUrl\":\"https:\/\/arcticexcursions.com\/wp-content\/uploads\/2022\/11\/fb-logo.png\",\"width\":523,\"height\":523,\"caption\":\"Arctic Excursions\"},\"image\":{\"@id\":\"https:\/\/arcticexcursions.com\/#\/schema\/logo\/image\/\"}}]}<\/script>\n<!-- \/ Yoast SEO plugin. -->","yoast_head_json":{"title":"Arctic Excursions","robots":{"index":"index","follow":"follow","max-snippet":"max-snippet:-1","max-image-preview":"max-image-preview:large","max-video-preview":"max-video-preview:-1"},"canonical":"https:\/\/arcticexcursions.com\/da\/udflugter\/intro-til-snescooter-tur-til-baglandet\/","og_locale":"da_DK","og_type":"article","og_title":"Snowmobile Intro & Backcountry tour - Arctic Excursions","og_description":"Denne tur er vores bestseller om vinteren.","og_url":"https:\/\/arcticexcursions.com\/da\/udflugter\/intro-til-snescooter-tur-til-baglandet\/","og_site_name":"Arctic Excursions","article_modified_time":"2025-11-03T11:38:17+00:00","og_image":[{"width":2560,"height":1440,"url":"https:\/\/arcticexcursions.com\/wp-content\/uploads\/2022\/10\/Hotel_Sisimiut-42-scaled.jpg","type":"image\/jpeg"}],"twitter_card":"summary_large_image","twitter_misc":{"Estimeret l\u00e6setid":"1 minut"},"schema":{"@context":"https:\/\/schema.org","@graph":[{"@type":"WebPage","@id":"https:\/\/arcticexcursions.com\/da\/udflugter\/intro-til-snescooter-tur-til-baglandet\/","url":"https:\/\/arcticexcursions.com\/da\/udflugter\/intro-til-snescooter-tur-til-baglandet\/","name":"Snowmobile Intro & Backcountry tour - Arctic Excursions","isPartOf":{"@id":"https:\/\/arcticexcursions.com\/#website"},"primaryImageOfPage":{"@id":"https:\/\/arcticexcursions.com\/da\/udflugter\/intro-til-snescooter-tur-til-baglandet\/#primaryimage"},"image":{"@id":"https:\/\/arcticexcursions.com\/da\/udflugter\/intro-til-snescooter-tur-til-baglandet\/#primaryimage"},"thumbnailUrl":"https:\/\/arcticexcursions.com\/wp-content\/uploads\/2022\/10\/Hotel_Sisimiut-42-scaled.jpg","datePublished":"2022-10-14T12:24:10+00:00","dateModified":"2025-11-03T11:38:17+00:00","breadcrumb":{"@id":"https:\/\/arcticexcursions.com\/da\/udflugter\/intro-til-snescooter-tur-til-baglandet\/#breadcrumb"},"inLanguage":"da-DK","potentialAction":[{"@type":"ReadAction","target":["https:\/\/arcticexcursions.com\/da\/udflugter\/intro-til-snescooter-tur-til-baglandet\/"]}]},{"@type":"ImageObject","inLanguage":"da-DK","@id":"https:\/\/arcticexcursions.com\/da\/udflugter\/intro-til-snescooter-tur-til-baglandet\/#primaryimage","url":"https:\/\/arcticexcursions.com\/wp-content\/uploads\/2022\/10\/Hotel_Sisimiut-42-scaled.jpg","contentUrl":"https:\/\/arcticexcursions.com\/wp-content\/uploads\/2022\/10\/Hotel_Sisimiut-42-scaled.jpg","width":2560,"height":1440},{"@type":"BreadcrumbList","@id":"https:\/\/arcticexcursions.com\/da\/udflugter\/intro-til-snescooter-tur-til-baglandet\/#breadcrumb","itemListElement":[{"@type":"ListItem","position":1,"name":"Home","item":"https:\/\/arcticexcursions.com\/da\/"},{"@type":"ListItem","position":2,"name":"Udflugter i Gr\u00f8nland","item":"https:\/\/arcticexcursions.com\/da\/udflugter\/"},{"@type":"ListItem","position":3,"name":"Snowmobile Intro &#038; Backcountry tour"}]},{"@type":"WebSite","@id":"https:\/\/arcticexcursions.com\/#website","url":"https:\/\/arcticexcursions.com\/","name":"Arctic Excursions","description":"New adventures. Every day.","publisher":{"@id":"https:\/\/arcticexcursions.com\/#organization"},"potentialAction":[{"@type":"SearchAction","target":{"@type":"EntryPoint","urlTemplate":"https:\/\/arcticexcursions.com\/?s={search_term_string}"},"query-input":{"@type":"PropertyValueSpecification","valueRequired":true,"valueName":"search_term_string"}}],"inLanguage":"da-DK"},{"@type":"Organization","@id":"https:\/\/arcticexcursions.com\/#organization","name":"Arctic Excursions","url":"https:\/\/arcticexcursions.com\/","logo":{"@type":"ImageObject","inLanguage":"da-DK","@id":"https:\/\/arcticexcursions.com\/#\/schema\/logo\/image\/","url":"https:\/\/arcticexcursions.com\/wp-content\/uploads\/2022\/11\/fb-logo.png","contentUrl":"https:\/\/arcticexcursions.com\/wp-content\/uploads\/2022\/11\/fb-logo.png","width":523,"height":523,"caption":"Arctic Excursions"},"image":{"@id":"https:\/\/arcticexcursions.com\/#\/schema\/logo\/image\/"}}]}},"_links":{"self":[{"href":"https:\/\/arcticexcursions.com\/da\/wp-json\/wp\/v2\/product\/3332"}],"collection":[{"href":"https:\/\/arcticexcursions.com\/da\/wp-json\/wp\/v2\/product"}],"about":[{"href":"https:\/\/arcticexcursions.com\/da\/wp-json\/wp\/v2\/types\/product"}],"replies":[{"embeddable":true,"href":"https:\/\/arcticexcursions.com\/da\/wp-json\/wp\/v2\/comments?post=3332"}],"wp:featuredmedia":[{"embeddable":true,"href":"https:\/\/arcticexcursions.com\/da\/wp-json\/wp\/v2\/media\/3232"}],"wp:attachment":[{"href":"https:\/\/arcticexcursions.com\/da\/wp-json\/wp\/v2\/media?parent=3332"}],"wp:term":[{"taxonomy":"product_brand","embeddable":true,"href":"https:\/\/arcticexcursions.com\/da\/wp-json\/wp\/v2\/product_brand?post=3332"},{"taxonomy":"product_cat","embeddable":true,"href":"https:\/\/arcticexcursions.com\/da\/wp-json\/wp\/v2\/product_cat?post=3332"},{"taxonomy":"product_tag","embeddable":true,"href":"https:\/\/arcticexcursions.com\/da\/wp-json\/wp\/v2\/product_tag?post=3332"}],"curies":[{"name":"wp","href":"https:\/\/api.w.org\/{rel}","templated":true}]}}