{"id":34423,"date":"2024-03-25T15:31:02","date_gmt":"2024-03-25T13:31:02","guid":{"rendered":"https:\/\/arcticexcursions.com\/?post_type=product&#038;p=34423"},"modified":"2025-06-04T18:44:00","modified_gmt":"2025-06-04T16:44:00","slug":"overnat-ved-isfjorden","status":"publish","type":"product","link":"https:\/\/arcticexcursions.com\/da\/udflugter\/overnat-ved-isfjorden\/","title":{"rendered":"Overnat ved isfjorden"},"content":{"rendered":"<p>Vi k\u00f8rer p\u00e5 snescootere ud af byen og videre ud i baglandet. Turen tager ca. 1 time p\u00e5 snescooter. Dybt inde i isfjorden p\u00e5 toppen af et fjeld ligger vores camp. Her skal vi tilbringe natten i store opvarmede telte. Udsigten er fantastisk og stilheden magisk.<\/p>\n<p>Hele dagen er sat af til aktiviteter som vandretur p\u00e5 havisen, rypejagt, bes\u00f8ge fiskere p\u00e5 havisen og f\u00e6lles g\u00f8rem\u00e5l som fx hente is til drikkevand, madlavning osv. N\u00e5r m\u00f8rket falder p\u00e5 er der stor sandsynlighed for nordlys, da der intet lysforurening er.<\/p>\n<p>Efter en god nats s\u00f8vn og k\u00f8rer vi tilbage til byen p\u00e5 snescooterne. <\/p>\n<p><b>Prisen inkluderer:<\/b><br \/>\n&#8211; Snescooter tur\/retur<br \/>\n&#8211; Telt camp med al n\u00f8dvendig udstyr (varme soveposer, underlag osv.)<br \/>\n&#8211; Guide<br \/>\n&#8211; Alle m\u00e5ltider (frokost, aftensmad, morgenmad og snacks)<br \/>\n&#8211; Aktiviteter p\u00e5 stedet<br \/>\n&#8211; Satellittelefon\/sikkerhedsudstyr<\/p>\n<p>Mulighed for ekstra aktiviteter som hundesl\u00e6de p\u00e5 havisen (merpris).<\/p>\n<p>Det er en fordel at v\u00e6re i nogenlunde god fysisk form, da vi kommer til at g\u00e5 i dyb sne og op og ned af fjeldet.<\/p>\n","protected":false},"excerpt":{"rendered":"<p>Klar p\u00e5 eventyr? Overnat dybt ind i isfjorden med fantastisk udsigt over den frosne isfjord, indlandsisen og mod gletsjeren Den d\u00f8de br\u00e6. <\/p>\n","protected":false},"featured_media":23735,"comment_status":"open","ping_status":"closed","template":"","meta":{"_acf_changed":false},"product_brand":[],"product_cat":[170],"product_tag":[],"class_list":{"0":"post-34423","1":"product","2":"type-product","3":"status-publish","4":"has-post-thumbnail","6":"product_cat-udflugt","7":"pa_dato-1349","8":"pa_dato-1350","9":"pa_dato-1351","10":"pa_dato-1267","11":"pa_dato-1352","12":"pa_dato-1353","13":"pa_dato-1372","14":"pa_dato-1354","15":"pa_dato-5989","16":"pa_dato-5920","17":"pa_dato-1268","18":"pa_dato-5869","19":"pa_dato-1375","20":"pa_dato-5998","21":"pa_dato-5870","22":"pa_dato-5871","23":"pa_dato-1339","24":"pa_dato-5969","25":"pa_dato-1391","26":"pa_dato-6011","27":"pa_dato-5872","28":"pa_dato-5873","29":"pa_tidspunkt-40","30":"pa_tidspunkt-177","31":"tour_location-ilulissat-da","32":"tour_type-outdoor-da","33":"tour_tickettype-arctic_excursions","34":"tour_operator-inuk-adventure","36":"first","37":"outofstock","38":"shipping-taxable","39":"product-type-variable"},"acf":[],"yoast_head":"<!-- This site is optimized with the Yoast SEO plugin v23.6 - https:\/\/yoast.com\/wordpress\/plugins\/seo\/ -->\n<title>Arctic Excursions<\/title>\n<meta name=\"robots\" content=\"index, follow, max-snippet:-1, max-image-preview:large, max-video-preview:-1\" \/>\n<link rel=\"canonical\" href=\"https:\/\/arcticexcursions.com\/da\/udflugter\/overnat-ved-isfjorden\/\" \/>\n<meta property=\"og:locale\" content=\"da_DK\" \/>\n<meta property=\"og:type\" content=\"article\" \/>\n<meta property=\"og:title\" content=\"Overnat ved isfjorden - Arctic Excursions\" \/>\n<meta property=\"og:description\" content=\"Klar p\u00e5 eventyr? Overnat dybt ind i isfjorden med fantastisk udsigt over den frosne isfjord, indlandsisen og mod gletsjeren Den d\u00f8de br\u00e6.\" \/>\n<meta property=\"og:url\" content=\"https:\/\/arcticexcursions.com\/da\/udflugter\/overnat-ved-isfjorden\/\" \/>\n<meta property=\"og:site_name\" content=\"Arctic Excursions\" \/>\n<meta property=\"article:modified_time\" content=\"2025-06-04T16:44:00+00:00\" \/>\n<meta property=\"og:image\" content=\"https:\/\/arcticexcursions.com\/wp-content\/uploads\/2023\/11\/IMG_0486-scaled.jpg\" \/>\n\t<meta property=\"og:image:width\" content=\"2560\" \/>\n\t<meta property=\"og:image:height\" content=\"1920\" \/>\n\t<meta property=\"og:image:type\" content=\"image\/jpeg\" \/>\n<meta name=\"twitter:card\" content=\"summary_large_image\" \/>\n<meta name=\"twitter:label1\" content=\"Estimeret l\u00e6setid\" \/>\n\t<meta name=\"twitter:data1\" content=\"1 minut\" \/>\n<script type=\"application\/ld+json\" class=\"yoast-schema-graph\">{\"@context\":\"https:\/\/schema.org\",\"@graph\":[{\"@type\":\"WebPage\",\"@id\":\"https:\/\/arcticexcursions.com\/da\/udflugter\/overnat-ved-isfjorden\/\",\"url\":\"https:\/\/arcticexcursions.com\/da\/udflugter\/overnat-ved-isfjorden\/\",\"name\":\"Overnat ved isfjorden - Arctic Excursions\",\"isPartOf\":{\"@id\":\"https:\/\/arcticexcursions.com\/#website\"},\"primaryImageOfPage\":{\"@id\":\"https:\/\/arcticexcursions.com\/da\/udflugter\/overnat-ved-isfjorden\/#primaryimage\"},\"image\":{\"@id\":\"https:\/\/arcticexcursions.com\/da\/udflugter\/overnat-ved-isfjorden\/#primaryimage\"},\"thumbnailUrl\":\"https:\/\/arcticexcursions.com\/wp-content\/uploads\/2023\/11\/IMG_0486-scaled.jpg\",\"datePublished\":\"2024-03-25T13:31:02+00:00\",\"dateModified\":\"2025-06-04T16:44:00+00:00\",\"breadcrumb\":{\"@id\":\"https:\/\/arcticexcursions.com\/da\/udflugter\/overnat-ved-isfjorden\/#breadcrumb\"},\"inLanguage\":\"da-DK\",\"potentialAction\":[{\"@type\":\"ReadAction\",\"target\":[\"https:\/\/arcticexcursions.com\/da\/udflugter\/overnat-ved-isfjorden\/\"]}]},{\"@type\":\"ImageObject\",\"inLanguage\":\"da-DK\",\"@id\":\"https:\/\/arcticexcursions.com\/da\/udflugter\/overnat-ved-isfjorden\/#primaryimage\",\"url\":\"https:\/\/arcticexcursions.com\/wp-content\/uploads\/2023\/11\/IMG_0486-scaled.jpg\",\"contentUrl\":\"https:\/\/arcticexcursions.com\/wp-content\/uploads\/2023\/11\/IMG_0486-scaled.jpg\",\"width\":2560,\"height\":1920},{\"@type\":\"BreadcrumbList\",\"@id\":\"https:\/\/arcticexcursions.com\/da\/udflugter\/overnat-ved-isfjorden\/#breadcrumb\",\"itemListElement\":[{\"@type\":\"ListItem\",\"position\":1,\"name\":\"Home\",\"item\":\"https:\/\/arcticexcursions.com\/da\/\"},{\"@type\":\"ListItem\",\"position\":2,\"name\":\"Udflugter i Gr\u00f8nland\",\"item\":\"https:\/\/arcticexcursions.com\/da\/udflugter\/\"},{\"@type\":\"ListItem\",\"position\":3,\"name\":\"Overnat ved isfjorden\"}]},{\"@type\":\"WebSite\",\"@id\":\"https:\/\/arcticexcursions.com\/#website\",\"url\":\"https:\/\/arcticexcursions.com\/\",\"name\":\"Arctic Excursions\",\"description\":\"New adventures. Every day.\",\"publisher\":{\"@id\":\"https:\/\/arcticexcursions.com\/#organization\"},\"potentialAction\":[{\"@type\":\"SearchAction\",\"target\":{\"@type\":\"EntryPoint\",\"urlTemplate\":\"https:\/\/arcticexcursions.com\/?s={search_term_string}\"},\"query-input\":{\"@type\":\"PropertyValueSpecification\",\"valueRequired\":true,\"valueName\":\"search_term_string\"}}],\"inLanguage\":\"da-DK\"},{\"@type\":\"Organization\",\"@id\":\"https:\/\/arcticexcursions.com\/#organization\",\"name\":\"Arctic Excursions\",\"url\":\"https:\/\/arcticexcursions.com\/\",\"logo\":{\"@type\":\"ImageObject\",\"inLanguage\":\"da-DK\",\"@id\":\"https:\/\/arcticexcursions.com\/#\/schema\/logo\/image\/\",\"url\":\"https:\/\/arcticexcursions.com\/wp-content\/uploads\/2022\/11\/fb-logo.png\",\"contentUrl\":\"https:\/\/arcticexcursions.com\/wp-content\/uploads\/2022\/11\/fb-logo.png\",\"width\":523,\"height\":523,\"caption\":\"Arctic Excursions\"},\"image\":{\"@id\":\"https:\/\/arcticexcursions.com\/#\/schema\/logo\/image\/\"}}]}<\/script>\n<!-- \/ Yoast SEO plugin. -->","yoast_head_json":{"title":"Arctic Excursions","robots":{"index":"index","follow":"follow","max-snippet":"max-snippet:-1","max-image-preview":"max-image-preview:large","max-video-preview":"max-video-preview:-1"},"canonical":"https:\/\/arcticexcursions.com\/da\/udflugter\/overnat-ved-isfjorden\/","og_locale":"da_DK","og_type":"article","og_title":"Overnat ved isfjorden - Arctic Excursions","og_description":"Klar p\u00e5 eventyr? Overnat dybt ind i isfjorden med fantastisk udsigt over den frosne isfjord, indlandsisen og mod gletsjeren Den d\u00f8de br\u00e6.","og_url":"https:\/\/arcticexcursions.com\/da\/udflugter\/overnat-ved-isfjorden\/","og_site_name":"Arctic Excursions","article_modified_time":"2025-06-04T16:44:00+00:00","og_image":[{"width":2560,"height":1920,"url":"https:\/\/arcticexcursions.com\/wp-content\/uploads\/2023\/11\/IMG_0486-scaled.jpg","type":"image\/jpeg"}],"twitter_card":"summary_large_image","twitter_misc":{"Estimeret l\u00e6setid":"1 minut"},"schema":{"@context":"https:\/\/schema.org","@graph":[{"@type":"WebPage","@id":"https:\/\/arcticexcursions.com\/da\/udflugter\/overnat-ved-isfjorden\/","url":"https:\/\/arcticexcursions.com\/da\/udflugter\/overnat-ved-isfjorden\/","name":"Overnat ved isfjorden - Arctic Excursions","isPartOf":{"@id":"https:\/\/arcticexcursions.com\/#website"},"primaryImageOfPage":{"@id":"https:\/\/arcticexcursions.com\/da\/udflugter\/overnat-ved-isfjorden\/#primaryimage"},"image":{"@id":"https:\/\/arcticexcursions.com\/da\/udflugter\/overnat-ved-isfjorden\/#primaryimage"},"thumbnailUrl":"https:\/\/arcticexcursions.com\/wp-content\/uploads\/2023\/11\/IMG_0486-scaled.jpg","datePublished":"2024-03-25T13:31:02+00:00","dateModified":"2025-06-04T16:44:00+00:00","breadcrumb":{"@id":"https:\/\/arcticexcursions.com\/da\/udflugter\/overnat-ved-isfjorden\/#breadcrumb"},"inLanguage":"da-DK","potentialAction":[{"@type":"ReadAction","target":["https:\/\/arcticexcursions.com\/da\/udflugter\/overnat-ved-isfjorden\/"]}]},{"@type":"ImageObject","inLanguage":"da-DK","@id":"https:\/\/arcticexcursions.com\/da\/udflugter\/overnat-ved-isfjorden\/#primaryimage","url":"https:\/\/arcticexcursions.com\/wp-content\/uploads\/2023\/11\/IMG_0486-scaled.jpg","contentUrl":"https:\/\/arcticexcursions.com\/wp-content\/uploads\/2023\/11\/IMG_0486-scaled.jpg","width":2560,"height":1920},{"@type":"BreadcrumbList","@id":"https:\/\/arcticexcursions.com\/da\/udflugter\/overnat-ved-isfjorden\/#breadcrumb","itemListElement":[{"@type":"ListItem","position":1,"name":"Home","item":"https:\/\/arcticexcursions.com\/da\/"},{"@type":"ListItem","position":2,"name":"Udflugter i Gr\u00f8nland","item":"https:\/\/arcticexcursions.com\/da\/udflugter\/"},{"@type":"ListItem","position":3,"name":"Overnat ved isfjorden"}]},{"@type":"WebSite","@id":"https:\/\/arcticexcursions.com\/#website","url":"https:\/\/arcticexcursions.com\/","name":"Arctic Excursions","description":"New adventures. Every day.","publisher":{"@id":"https:\/\/arcticexcursions.com\/#organization"},"potentialAction":[{"@type":"SearchAction","target":{"@type":"EntryPoint","urlTemplate":"https:\/\/arcticexcursions.com\/?s={search_term_string}"},"query-input":{"@type":"PropertyValueSpecification","valueRequired":true,"valueName":"search_term_string"}}],"inLanguage":"da-DK"},{"@type":"Organization","@id":"https:\/\/arcticexcursions.com\/#organization","name":"Arctic Excursions","url":"https:\/\/arcticexcursions.com\/","logo":{"@type":"ImageObject","inLanguage":"da-DK","@id":"https:\/\/arcticexcursions.com\/#\/schema\/logo\/image\/","url":"https:\/\/arcticexcursions.com\/wp-content\/uploads\/2022\/11\/fb-logo.png","contentUrl":"https:\/\/arcticexcursions.com\/wp-content\/uploads\/2022\/11\/fb-logo.png","width":523,"height":523,"caption":"Arctic Excursions"},"image":{"@id":"https:\/\/arcticexcursions.com\/#\/schema\/logo\/image\/"}}]}},"_links":{"self":[{"href":"https:\/\/arcticexcursions.com\/da\/wp-json\/wp\/v2\/product\/34423"}],"collection":[{"href":"https:\/\/arcticexcursions.com\/da\/wp-json\/wp\/v2\/product"}],"about":[{"href":"https:\/\/arcticexcursions.com\/da\/wp-json\/wp\/v2\/types\/product"}],"replies":[{"embeddable":true,"href":"https:\/\/arcticexcursions.com\/da\/wp-json\/wp\/v2\/comments?post=34423"}],"wp:featuredmedia":[{"embeddable":true,"href":"https:\/\/arcticexcursions.com\/da\/wp-json\/wp\/v2\/media\/23735"}],"wp:attachment":[{"href":"https:\/\/arcticexcursions.com\/da\/wp-json\/wp\/v2\/media?parent=34423"}],"wp:term":[{"taxonomy":"product_brand","embeddable":true,"href":"https:\/\/arcticexcursions.com\/da\/wp-json\/wp\/v2\/product_brand?post=34423"},{"taxonomy":"product_cat","embeddable":true,"href":"https:\/\/arcticexcursions.com\/da\/wp-json\/wp\/v2\/product_cat?post=34423"},{"taxonomy":"product_tag","embeddable":true,"href":"https:\/\/arcticexcursions.com\/da\/wp-json\/wp\/v2\/product_tag?post=34423"}],"curies":[{"name":"wp","href":"https:\/\/api.w.org\/{rel}","templated":true}]}}