{"id":34803,"date":"2024-03-14T19:08:23","date_gmt":"2024-03-14T17:08:23","guid":{"rendered":"https:\/\/arcticexcursions.com\/?post_type=product&#038;p=34803"},"modified":"2025-11-03T18:20:00","modified_gmt":"2025-11-03T16:20:00","slug":"fjord-eventyr-fiskeri","status":"publish","type":"product","link":"https:\/\/arcticexcursions.com\/da\/udflugter\/fjord-eventyr-fiskeri\/","title":{"rendered":"Fjord Eventyr &#038; fiskeri"},"content":{"rendered":"<p>Tag med os p\u00e5 en utrolig kombinationstur, der giver dig masser af tid til at nyde landskabet omkring de n\u00e6rliggende fjelde i Nuuk-fjorden og til at fiske efter torsk og r\u00f8dfisk, for dem, der gerne vil have et mindev\u00e6rdigt m\u00e5ltid med hjem.<\/p>\n<p>Vi s\u00e6tter m\u00e5ske nogle af vores passagerer af p\u00e5 en snesko-vandretur, n\u00e5r vi begynder vores rejse med at k\u00f8re ind i Ikkattut-fjorden, hvor der ligger et par hytter med en betagende udsigt over de omkringliggende fjelde.<\/p>\n<p><b>Fang torsk eller r\u00f8dfisk<\/b><br \/>\nVi forts\u00e6tter til den n\u00e6ste bugt, Itisooq, hvor vi kan holde en pause og fors\u00f8ge at fange nogle torsk mellem de betagende klipper. For dem, der er meget dristige, er dette et fremragende sted at tage &#8220;det polare spring&#8221; og hoppe i vandet.<\/p>\n<p>N\u00e5r vi har drukket varm kaffe p\u00e5 dette sted, tager vi videre til nogle af vores foretrukne fiskesteder, som er afh\u00e6ngige af vind og b\u00f8lger. Det kan v\u00e6re ved et frossent vandfald eller inde i Qooqqut-fjorden.<\/p>\n<p>Vi begynder vores tur hjem, n\u00e5r vi har pakket vores rygs\u00e6kke fulde af fisk &#8211; muligvis efter at have m\u00f8dt snesko-gruppen p\u00e5 den anden side af \u00f8en.<\/p>\n<p>Familier, der gerne vil tilbringe mere tid i det fri, eller som bare gerne vil have masser af tid til at fotografere, vil elske denne tur.<\/p>\n<p><b>Varighed:<\/b> 4 timer<\/p>\n<p><b>Deltagere:<\/b> Bem\u00e6rk venligst, at udflugten kun gennemf\u00f8res, hvis der er mindst 4 bookede billetter i alt. Hvis du for eksempel booker 2 billetter, skal der s\u00e6lges mindst 2 yderligere billetter til andre kunder, f\u00f8r turen kan finde sted. Der vil deltage maksimalt 12 personer. <\/p>\n<p><b>Sprog:<\/b> Guiden\/kaptajnen taler dansk, engelsk og gr\u00f8nlandsk <\/p>\n<p><b>B\u00e5dtype:<\/b> Lukket b\u00e5d <\/p>\n<p><b>Toiletforhold:<\/b> Der er toilet p\u00e5 b\u00e5den <\/p>\n<p><b>Forplejning:<\/b> Kaffe og te serveres p\u00e5 b\u00e5den <\/p>\n<p><b>Anbefalet p\u00e5kl\u00e6dning:<\/b> Varmt t\u00f8j inkl. hue og handsker hele \u00e5ret. Solbriller. Solcreme om sommeren.<\/p>\n","protected":false},"excerpt":{"rendered":"<p>Tag med os p\u00e5 en utrolig kombinationstur, Fjordeventyr &#038; fiskeri<\/p>\n","protected":false},"featured_media":5030,"comment_status":"open","ping_status":"closed","template":"","meta":{"_acf_changed":false},"product_brand":[],"product_cat":[170],"product_tag":[],"class_list":{"0":"post-34803","1":"product","2":"type-product","3":"status-publish","4":"has-post-thumbnail","6":"product_cat-udflugt","7":"pa_dato-882","8":"pa_dato-1094","9":"pa_dato-1252","10":"pa_dato-1150","11":"pa_tidspunkt-40","12":"pa_tidspunkt-308","13":"tour_location-nuuk-da","14":"tour_type-baadture","15":"tour_tickettype-arctic_excursions","16":"tour_operator-nuuk-water-taxi","18":"first","19":"outofstock","20":"shipping-taxable","21":"product-type-variable"},"acf":[],"yoast_head":"<!-- This site is optimized with the Yoast SEO plugin v23.6 - https:\/\/yoast.com\/wordpress\/plugins\/seo\/ -->\n<title>Arctic Excursions<\/title>\n<meta name=\"robots\" content=\"index, follow, max-snippet:-1, max-image-preview:large, max-video-preview:-1\" \/>\n<link rel=\"canonical\" href=\"https:\/\/arcticexcursions.com\/udflugter\/fjord-eventyr-fiskeri\/\" \/>\n<meta property=\"og:locale\" content=\"da_DK\" \/>\n<meta property=\"og:type\" content=\"article\" \/>\n<meta property=\"og:title\" content=\"Fjord Eventyr &amp; fiskeri - Arctic Excursions\" \/>\n<meta property=\"og:description\" content=\"Tag med os p\u00e5 en utrolig kombinationstur, Fjordeventyr &amp; fiskeri\" \/>\n<meta property=\"og:url\" content=\"https:\/\/arcticexcursions.com\/udflugter\/fjord-eventyr-fiskeri\/\" \/>\n<meta property=\"og:site_name\" content=\"Arctic Excursions\" \/>\n<meta property=\"article:modified_time\" content=\"2025-11-03T16:20:00+00:00\" \/>\n<meta property=\"og:image\" content=\"https:\/\/arcticexcursions.com\/wp-content\/uploads\/2022\/11\/received_166328084351488.jpeg\" \/>\n\t<meta property=\"og:image:width\" content=\"1536\" \/>\n\t<meta property=\"og:image:height\" content=\"2048\" \/>\n\t<meta property=\"og:image:type\" content=\"image\/jpeg\" \/>\n<meta name=\"twitter:card\" content=\"summary_large_image\" \/>\n<meta name=\"twitter:label1\" content=\"Estimeret l\u00e6setid\" \/>\n\t<meta name=\"twitter:data1\" content=\"2 minutter\" \/>\n<script type=\"application\/ld+json\" class=\"yoast-schema-graph\">{\"@context\":\"https:\/\/schema.org\",\"@graph\":[{\"@type\":\"WebPage\",\"@id\":\"https:\/\/arcticexcursions.com\/udflugter\/fjord-eventyr-fiskeri\/\",\"url\":\"https:\/\/arcticexcursions.com\/udflugter\/fjord-eventyr-fiskeri\/\",\"name\":\"Fjord Eventyr & fiskeri - Arctic Excursions\",\"isPartOf\":{\"@id\":\"https:\/\/arcticexcursions.com\/#website\"},\"primaryImageOfPage\":{\"@id\":\"https:\/\/arcticexcursions.com\/udflugter\/fjord-eventyr-fiskeri\/#primaryimage\"},\"image\":{\"@id\":\"https:\/\/arcticexcursions.com\/udflugter\/fjord-eventyr-fiskeri\/#primaryimage\"},\"thumbnailUrl\":\"https:\/\/arcticexcursions.com\/wp-content\/uploads\/2022\/11\/received_166328084351488.jpeg\",\"datePublished\":\"2024-03-14T17:08:23+00:00\",\"dateModified\":\"2025-11-03T16:20:00+00:00\",\"breadcrumb\":{\"@id\":\"https:\/\/arcticexcursions.com\/udflugter\/fjord-eventyr-fiskeri\/#breadcrumb\"},\"inLanguage\":\"da-DK\",\"potentialAction\":[{\"@type\":\"ReadAction\",\"target\":[\"https:\/\/arcticexcursions.com\/udflugter\/fjord-eventyr-fiskeri\/\"]}]},{\"@type\":\"ImageObject\",\"inLanguage\":\"da-DK\",\"@id\":\"https:\/\/arcticexcursions.com\/udflugter\/fjord-eventyr-fiskeri\/#primaryimage\",\"url\":\"https:\/\/arcticexcursions.com\/wp-content\/uploads\/2022\/11\/received_166328084351488.jpeg\",\"contentUrl\":\"https:\/\/arcticexcursions.com\/wp-content\/uploads\/2022\/11\/received_166328084351488.jpeg\",\"width\":1536,\"height\":2048},{\"@type\":\"BreadcrumbList\",\"@id\":\"https:\/\/arcticexcursions.com\/udflugter\/fjord-eventyr-fiskeri\/#breadcrumb\",\"itemListElement\":[{\"@type\":\"ListItem\",\"position\":1,\"name\":\"Home\",\"item\":\"https:\/\/arcticexcursions.com\/da\/\"},{\"@type\":\"ListItem\",\"position\":2,\"name\":\"Udflugter i Gr\u00f8nland\",\"item\":\"https:\/\/arcticexcursions.com\/da\/udflugter\/\"},{\"@type\":\"ListItem\",\"position\":3,\"name\":\"Fjord Eventyr &#038; fiskeri\"}]},{\"@type\":\"WebSite\",\"@id\":\"https:\/\/arcticexcursions.com\/#website\",\"url\":\"https:\/\/arcticexcursions.com\/\",\"name\":\"Arctic Excursions\",\"description\":\"New adventures. Every day.\",\"publisher\":{\"@id\":\"https:\/\/arcticexcursions.com\/#organization\"},\"potentialAction\":[{\"@type\":\"SearchAction\",\"target\":{\"@type\":\"EntryPoint\",\"urlTemplate\":\"https:\/\/arcticexcursions.com\/?s={search_term_string}\"},\"query-input\":{\"@type\":\"PropertyValueSpecification\",\"valueRequired\":true,\"valueName\":\"search_term_string\"}}],\"inLanguage\":\"da-DK\"},{\"@type\":\"Organization\",\"@id\":\"https:\/\/arcticexcursions.com\/#organization\",\"name\":\"Arctic Excursions\",\"url\":\"https:\/\/arcticexcursions.com\/\",\"logo\":{\"@type\":\"ImageObject\",\"inLanguage\":\"da-DK\",\"@id\":\"https:\/\/arcticexcursions.com\/#\/schema\/logo\/image\/\",\"url\":\"https:\/\/arcticexcursions.com\/wp-content\/uploads\/2022\/11\/fb-logo.png\",\"contentUrl\":\"https:\/\/arcticexcursions.com\/wp-content\/uploads\/2022\/11\/fb-logo.png\",\"width\":523,\"height\":523,\"caption\":\"Arctic Excursions\"},\"image\":{\"@id\":\"https:\/\/arcticexcursions.com\/#\/schema\/logo\/image\/\"}}]}<\/script>\n<!-- \/ Yoast SEO plugin. -->","yoast_head_json":{"title":"Arctic Excursions","robots":{"index":"index","follow":"follow","max-snippet":"max-snippet:-1","max-image-preview":"max-image-preview:large","max-video-preview":"max-video-preview:-1"},"canonical":"https:\/\/arcticexcursions.com\/udflugter\/fjord-eventyr-fiskeri\/","og_locale":"da_DK","og_type":"article","og_title":"Fjord Eventyr & fiskeri - Arctic Excursions","og_description":"Tag med os p\u00e5 en utrolig kombinationstur, Fjordeventyr & fiskeri","og_url":"https:\/\/arcticexcursions.com\/udflugter\/fjord-eventyr-fiskeri\/","og_site_name":"Arctic Excursions","article_modified_time":"2025-11-03T16:20:00+00:00","og_image":[{"width":1536,"height":2048,"url":"https:\/\/arcticexcursions.com\/wp-content\/uploads\/2022\/11\/received_166328084351488.jpeg","type":"image\/jpeg"}],"twitter_card":"summary_large_image","twitter_misc":{"Estimeret l\u00e6setid":"2 minutter"},"schema":{"@context":"https:\/\/schema.org","@graph":[{"@type":"WebPage","@id":"https:\/\/arcticexcursions.com\/udflugter\/fjord-eventyr-fiskeri\/","url":"https:\/\/arcticexcursions.com\/udflugter\/fjord-eventyr-fiskeri\/","name":"Fjord Eventyr & fiskeri - Arctic Excursions","isPartOf":{"@id":"https:\/\/arcticexcursions.com\/#website"},"primaryImageOfPage":{"@id":"https:\/\/arcticexcursions.com\/udflugter\/fjord-eventyr-fiskeri\/#primaryimage"},"image":{"@id":"https:\/\/arcticexcursions.com\/udflugter\/fjord-eventyr-fiskeri\/#primaryimage"},"thumbnailUrl":"https:\/\/arcticexcursions.com\/wp-content\/uploads\/2022\/11\/received_166328084351488.jpeg","datePublished":"2024-03-14T17:08:23+00:00","dateModified":"2025-11-03T16:20:00+00:00","breadcrumb":{"@id":"https:\/\/arcticexcursions.com\/udflugter\/fjord-eventyr-fiskeri\/#breadcrumb"},"inLanguage":"da-DK","potentialAction":[{"@type":"ReadAction","target":["https:\/\/arcticexcursions.com\/udflugter\/fjord-eventyr-fiskeri\/"]}]},{"@type":"ImageObject","inLanguage":"da-DK","@id":"https:\/\/arcticexcursions.com\/udflugter\/fjord-eventyr-fiskeri\/#primaryimage","url":"https:\/\/arcticexcursions.com\/wp-content\/uploads\/2022\/11\/received_166328084351488.jpeg","contentUrl":"https:\/\/arcticexcursions.com\/wp-content\/uploads\/2022\/11\/received_166328084351488.jpeg","width":1536,"height":2048},{"@type":"BreadcrumbList","@id":"https:\/\/arcticexcursions.com\/udflugter\/fjord-eventyr-fiskeri\/#breadcrumb","itemListElement":[{"@type":"ListItem","position":1,"name":"Home","item":"https:\/\/arcticexcursions.com\/da\/"},{"@type":"ListItem","position":2,"name":"Udflugter i Gr\u00f8nland","item":"https:\/\/arcticexcursions.com\/da\/udflugter\/"},{"@type":"ListItem","position":3,"name":"Fjord Eventyr &#038; fiskeri"}]},{"@type":"WebSite","@id":"https:\/\/arcticexcursions.com\/#website","url":"https:\/\/arcticexcursions.com\/","name":"Arctic Excursions","description":"New adventures. Every day.","publisher":{"@id":"https:\/\/arcticexcursions.com\/#organization"},"potentialAction":[{"@type":"SearchAction","target":{"@type":"EntryPoint","urlTemplate":"https:\/\/arcticexcursions.com\/?s={search_term_string}"},"query-input":{"@type":"PropertyValueSpecification","valueRequired":true,"valueName":"search_term_string"}}],"inLanguage":"da-DK"},{"@type":"Organization","@id":"https:\/\/arcticexcursions.com\/#organization","name":"Arctic Excursions","url":"https:\/\/arcticexcursions.com\/","logo":{"@type":"ImageObject","inLanguage":"da-DK","@id":"https:\/\/arcticexcursions.com\/#\/schema\/logo\/image\/","url":"https:\/\/arcticexcursions.com\/wp-content\/uploads\/2022\/11\/fb-logo.png","contentUrl":"https:\/\/arcticexcursions.com\/wp-content\/uploads\/2022\/11\/fb-logo.png","width":523,"height":523,"caption":"Arctic Excursions"},"image":{"@id":"https:\/\/arcticexcursions.com\/#\/schema\/logo\/image\/"}}]}},"_links":{"self":[{"href":"https:\/\/arcticexcursions.com\/da\/wp-json\/wp\/v2\/product\/34803"}],"collection":[{"href":"https:\/\/arcticexcursions.com\/da\/wp-json\/wp\/v2\/product"}],"about":[{"href":"https:\/\/arcticexcursions.com\/da\/wp-json\/wp\/v2\/types\/product"}],"replies":[{"embeddable":true,"href":"https:\/\/arcticexcursions.com\/da\/wp-json\/wp\/v2\/comments?post=34803"}],"wp:featuredmedia":[{"embeddable":true,"href":"https:\/\/arcticexcursions.com\/da\/wp-json\/wp\/v2\/media\/5030"}],"wp:attachment":[{"href":"https:\/\/arcticexcursions.com\/da\/wp-json\/wp\/v2\/media?parent=34803"}],"wp:term":[{"taxonomy":"product_brand","embeddable":true,"href":"https:\/\/arcticexcursions.com\/da\/wp-json\/wp\/v2\/product_brand?post=34803"},{"taxonomy":"product_cat","embeddable":true,"href":"https:\/\/arcticexcursions.com\/da\/wp-json\/wp\/v2\/product_cat?post=34803"},{"taxonomy":"product_tag","embeddable":true,"href":"https:\/\/arcticexcursions.com\/da\/wp-json\/wp\/v2\/product_tag?post=34803"}],"curies":[{"name":"wp","href":"https:\/\/api.w.org\/{rel}","templated":true}]}}