{"id":34810,"date":"2024-03-18T13:48:48","date_gmt":"2024-03-18T11:48:48","guid":{"rendered":"https:\/\/arcticexcursions.com\/?post_type=product&#038;p=34810"},"modified":"2025-11-03T19:14:32","modified_gmt":"2025-11-03T17:14:32","slug":"5-timers-sneskotur-til-skont-udsigtspunkt","status":"publish","type":"product","link":"https:\/\/arcticexcursions.com\/da\/udflugter\/5-timers-sneskotur-til-skont-udsigtspunkt\/","title":{"rendered":"6 timers sneskotur til sk\u00f8nt udsigtspunkt"},"content":{"rendered":"<p>Tag med p\u00e5 et vintereventyr, du kun oplever \u00e9n gang i livet, n\u00e5r vi udforsker det fantastiske milj\u00f8 omkring Nuuk. Oplev det betagende udsigtspunkt, som de lokale snescootere kalder &#8220;The Downhill&#8221;, med vores guidede snesko-tur, der afg\u00e5r fra byens centrum. Her vil du blive bel\u00f8nnet med en vidtr\u00e6kkende udsigt over Nuuk-fjorden og dens frosne landskaber. <\/p>\n<p>Vores rejse begynder i Gr\u00f8nlands hovedstad, Nuuk, ved tidevandstrappen. N\u00e5r vi har samlet vores grej, rejser vi til vores startsted, hvorfra vi gradvist stiger op i retning af tilflugtsstedet.<\/p>\n<p>Snescootersporet vil delvist blive fulgt af vores rute, hvilket garanterer en veloplyst og sikker passage. Kig efter tegn p\u00e5 dyr, mens vi vandrer gennem nyfalden sne og nyder roen i de vinterlige omgivelser. <\/p>\n<p>Stien vil teste dig med en stigning p\u00e5 omkring 400 meter. Men bare rolig &#8211; hvert skridt vil v\u00e6re det hele v\u00e6rd p\u00e5 grund af det betagende syn, der venter p\u00e5 dig p\u00e5 toppen!<\/p>\n<p>Ved udsigtspunktet finder vi et komfortabelt mikroshelter, hvor vi kan varme op, slappe af og f\u00e5 en varm drik og et velfortjent m\u00e5ltid. Drik din te eller kaffe, og nyd det fantastiske landskab, mens fjorden breder sig ud foran dig, indrammet af snekl\u00e6dte bjergtoppe. <\/p>\n<p>Fotoentusiaster kan f\u00e5 en fantastisk udsigt fra udsigtspunktet &#8220;Downhill&#8221;. Oplev den betagende udsigt over de snekl\u00e6dte bjerge, den kolde fjord og m\u00e5ske endda noget af den lokale fauna, n\u00e5r du udforsker Gr\u00f8nlands vinterparadis.<\/p>\n<p>*Bem\u00e6rk: Afh\u00e6ngigt af m\u00e6ngden af sne og vejret kan turen tage en time ekstra \u2744\ufe0f<br \/>\nMedium sv\u00e6rhedsgrad (egnet til vandrere i god form)<\/p>\n<p><b>Varighed:<\/b> 5 &#8211; 6 timer.<\/p>\n<p><b>Deltagere:<\/b> Bem\u00e6rk venligst, at udflugten kun gennemf\u00f8res, hvis der er mindst 4 bookede billetter i alt. Hvis du for eksempel booker 2 billetter, skal der s\u00e6lges mindst 2 yderligere billetter til andre kunder, f\u00f8r turen kan finde sted.<\/p>\n<p><b>Sprog:<\/b> Guiden taler dansk, engelsk og gr\u00f8nlandsk <\/p>\n<p><b>Sv\u00e6rhedsgrad:<\/b> Begyndervenlig tur. Anbefales ikke hvis du har rygproblemer. <\/p>\n<p><b>Forplejning:<\/b> Kaffe og te serveres <\/p>\n<p><b>Anbefalet p\u00e5kl\u00e6dning:<\/b> Varmt, praktisk t\u00f8j og vandresko.<\/p>\n","protected":false},"excerpt":{"rendered":"<p>Tag med p\u00e5 et vintereventyr, du kun oplever \u00e9n gang i livet<\/p>\n","protected":false},"featured_media":34966,"comment_status":"open","ping_status":"closed","template":"","meta":{"_acf_changed":false},"product_brand":[],"product_cat":[101,170],"product_tag":[],"class_list":{"0":"post-34810","1":"product","2":"type-product","3":"status-publish","4":"has-post-thumbnail","6":"product_cat-tour","7":"product_cat-udflugt","8":"pa_dato-1300","9":"pa_dato-1341","10":"pa_dato-1340","11":"pa_dato-1264","12":"pa_dato-1342","13":"pa_dato-1343","14":"pa_dato-1265","15":"pa_dato-1350","16":"pa_dato-1352","17":"pa_dato-5997","18":"pa_dato-1375","19":"pa_tidspunkt-72","20":"pa_tidspunkt-40","21":"tour_location-nuuk-da","22":"tour_type-outdoor-da","23":"tour_tickettype-arctic_excursions","24":"tour_operator-nuuk-water-taxi","26":"first","27":"outofstock","28":"shipping-taxable","29":"product-type-variable"},"acf":[],"yoast_head":"<!-- This site is optimized with the Yoast SEO plugin v23.6 - https:\/\/yoast.com\/wordpress\/plugins\/seo\/ -->\n<title>Arctic Excursions<\/title>\n<meta name=\"robots\" content=\"index, follow, max-snippet:-1, max-image-preview:large, max-video-preview:-1\" \/>\n<link rel=\"canonical\" href=\"https:\/\/arcticexcursions.com\/da\/udflugter\/5-timers-sneskotur-til-skont-udsigtspunkt\/\" \/>\n<meta property=\"og:locale\" content=\"da_DK\" \/>\n<meta property=\"og:type\" content=\"article\" \/>\n<meta property=\"og:title\" content=\"6 timers sneskotur til sk\u00f8nt udsigtspunkt - Arctic Excursions\" \/>\n<meta property=\"og:description\" content=\"Tag med p\u00e5 et vintereventyr, du kun oplever \u00e9n gang i livet\" \/>\n<meta property=\"og:url\" content=\"https:\/\/arcticexcursions.com\/da\/udflugter\/5-timers-sneskotur-til-skont-udsigtspunkt\/\" \/>\n<meta property=\"og:site_name\" content=\"Arctic Excursions\" \/>\n<meta property=\"article:modified_time\" content=\"2025-11-03T17:14:32+00:00\" \/>\n<meta property=\"og:image\" content=\"https:\/\/arcticexcursions.com\/wp-content\/uploads\/2024\/03\/Snowshoe-Shelter-1-12-of-61-scaled.jpg\" \/>\n\t<meta property=\"og:image:width\" content=\"2560\" \/>\n\t<meta property=\"og:image:height\" content=\"1707\" \/>\n\t<meta property=\"og:image:type\" content=\"image\/jpeg\" \/>\n<meta name=\"twitter:card\" content=\"summary_large_image\" \/>\n<meta name=\"twitter:label1\" content=\"Estimeret l\u00e6setid\" \/>\n\t<meta name=\"twitter:data1\" content=\"2 minutter\" \/>\n<script type=\"application\/ld+json\" class=\"yoast-schema-graph\">{\"@context\":\"https:\/\/schema.org\",\"@graph\":[{\"@type\":\"WebPage\",\"@id\":\"https:\/\/arcticexcursions.com\/da\/udflugter\/5-timers-sneskotur-til-skont-udsigtspunkt\/\",\"url\":\"https:\/\/arcticexcursions.com\/da\/udflugter\/5-timers-sneskotur-til-skont-udsigtspunkt\/\",\"name\":\"6 timers sneskotur til sk\u00f8nt udsigtspunkt - Arctic Excursions\",\"isPartOf\":{\"@id\":\"https:\/\/arcticexcursions.com\/#website\"},\"primaryImageOfPage\":{\"@id\":\"https:\/\/arcticexcursions.com\/da\/udflugter\/5-timers-sneskotur-til-skont-udsigtspunkt\/#primaryimage\"},\"image\":{\"@id\":\"https:\/\/arcticexcursions.com\/da\/udflugter\/5-timers-sneskotur-til-skont-udsigtspunkt\/#primaryimage\"},\"thumbnailUrl\":\"https:\/\/arcticexcursions.com\/wp-content\/uploads\/2024\/03\/Snowshoe-Shelter-1-12-of-61-scaled.jpg\",\"datePublished\":\"2024-03-18T11:48:48+00:00\",\"dateModified\":\"2025-11-03T17:14:32+00:00\",\"breadcrumb\":{\"@id\":\"https:\/\/arcticexcursions.com\/da\/udflugter\/5-timers-sneskotur-til-skont-udsigtspunkt\/#breadcrumb\"},\"inLanguage\":\"da-DK\",\"potentialAction\":[{\"@type\":\"ReadAction\",\"target\":[\"https:\/\/arcticexcursions.com\/da\/udflugter\/5-timers-sneskotur-til-skont-udsigtspunkt\/\"]}]},{\"@type\":\"ImageObject\",\"inLanguage\":\"da-DK\",\"@id\":\"https:\/\/arcticexcursions.com\/da\/udflugter\/5-timers-sneskotur-til-skont-udsigtspunkt\/#primaryimage\",\"url\":\"https:\/\/arcticexcursions.com\/wp-content\/uploads\/2024\/03\/Snowshoe-Shelter-1-12-of-61-scaled.jpg\",\"contentUrl\":\"https:\/\/arcticexcursions.com\/wp-content\/uploads\/2024\/03\/Snowshoe-Shelter-1-12-of-61-scaled.jpg\",\"width\":2560,\"height\":1707},{\"@type\":\"BreadcrumbList\",\"@id\":\"https:\/\/arcticexcursions.com\/da\/udflugter\/5-timers-sneskotur-til-skont-udsigtspunkt\/#breadcrumb\",\"itemListElement\":[{\"@type\":\"ListItem\",\"position\":1,\"name\":\"Home\",\"item\":\"https:\/\/arcticexcursions.com\/da\/\"},{\"@type\":\"ListItem\",\"position\":2,\"name\":\"Udflugter i Gr\u00f8nland\",\"item\":\"https:\/\/arcticexcursions.com\/da\/udflugter\/\"},{\"@type\":\"ListItem\",\"position\":3,\"name\":\"6 timers sneskotur til sk\u00f8nt udsigtspunkt\"}]},{\"@type\":\"WebSite\",\"@id\":\"https:\/\/arcticexcursions.com\/#website\",\"url\":\"https:\/\/arcticexcursions.com\/\",\"name\":\"Arctic Excursions\",\"description\":\"New adventures. Every day.\",\"publisher\":{\"@id\":\"https:\/\/arcticexcursions.com\/#organization\"},\"potentialAction\":[{\"@type\":\"SearchAction\",\"target\":{\"@type\":\"EntryPoint\",\"urlTemplate\":\"https:\/\/arcticexcursions.com\/?s={search_term_string}\"},\"query-input\":{\"@type\":\"PropertyValueSpecification\",\"valueRequired\":true,\"valueName\":\"search_term_string\"}}],\"inLanguage\":\"da-DK\"},{\"@type\":\"Organization\",\"@id\":\"https:\/\/arcticexcursions.com\/#organization\",\"name\":\"Arctic Excursions\",\"url\":\"https:\/\/arcticexcursions.com\/\",\"logo\":{\"@type\":\"ImageObject\",\"inLanguage\":\"da-DK\",\"@id\":\"https:\/\/arcticexcursions.com\/#\/schema\/logo\/image\/\",\"url\":\"https:\/\/arcticexcursions.com\/wp-content\/uploads\/2022\/11\/fb-logo.png\",\"contentUrl\":\"https:\/\/arcticexcursions.com\/wp-content\/uploads\/2022\/11\/fb-logo.png\",\"width\":523,\"height\":523,\"caption\":\"Arctic Excursions\"},\"image\":{\"@id\":\"https:\/\/arcticexcursions.com\/#\/schema\/logo\/image\/\"}}]}<\/script>\n<!-- \/ Yoast SEO plugin. -->","yoast_head_json":{"title":"Arctic Excursions","robots":{"index":"index","follow":"follow","max-snippet":"max-snippet:-1","max-image-preview":"max-image-preview:large","max-video-preview":"max-video-preview:-1"},"canonical":"https:\/\/arcticexcursions.com\/da\/udflugter\/5-timers-sneskotur-til-skont-udsigtspunkt\/","og_locale":"da_DK","og_type":"article","og_title":"6 timers sneskotur til sk\u00f8nt udsigtspunkt - Arctic Excursions","og_description":"Tag med p\u00e5 et vintereventyr, du kun oplever \u00e9n gang i livet","og_url":"https:\/\/arcticexcursions.com\/da\/udflugter\/5-timers-sneskotur-til-skont-udsigtspunkt\/","og_site_name":"Arctic Excursions","article_modified_time":"2025-11-03T17:14:32+00:00","og_image":[{"width":2560,"height":1707,"url":"https:\/\/arcticexcursions.com\/wp-content\/uploads\/2024\/03\/Snowshoe-Shelter-1-12-of-61-scaled.jpg","type":"image\/jpeg"}],"twitter_card":"summary_large_image","twitter_misc":{"Estimeret l\u00e6setid":"2 minutter"},"schema":{"@context":"https:\/\/schema.org","@graph":[{"@type":"WebPage","@id":"https:\/\/arcticexcursions.com\/da\/udflugter\/5-timers-sneskotur-til-skont-udsigtspunkt\/","url":"https:\/\/arcticexcursions.com\/da\/udflugter\/5-timers-sneskotur-til-skont-udsigtspunkt\/","name":"6 timers sneskotur til sk\u00f8nt udsigtspunkt - Arctic Excursions","isPartOf":{"@id":"https:\/\/arcticexcursions.com\/#website"},"primaryImageOfPage":{"@id":"https:\/\/arcticexcursions.com\/da\/udflugter\/5-timers-sneskotur-til-skont-udsigtspunkt\/#primaryimage"},"image":{"@id":"https:\/\/arcticexcursions.com\/da\/udflugter\/5-timers-sneskotur-til-skont-udsigtspunkt\/#primaryimage"},"thumbnailUrl":"https:\/\/arcticexcursions.com\/wp-content\/uploads\/2024\/03\/Snowshoe-Shelter-1-12-of-61-scaled.jpg","datePublished":"2024-03-18T11:48:48+00:00","dateModified":"2025-11-03T17:14:32+00:00","breadcrumb":{"@id":"https:\/\/arcticexcursions.com\/da\/udflugter\/5-timers-sneskotur-til-skont-udsigtspunkt\/#breadcrumb"},"inLanguage":"da-DK","potentialAction":[{"@type":"ReadAction","target":["https:\/\/arcticexcursions.com\/da\/udflugter\/5-timers-sneskotur-til-skont-udsigtspunkt\/"]}]},{"@type":"ImageObject","inLanguage":"da-DK","@id":"https:\/\/arcticexcursions.com\/da\/udflugter\/5-timers-sneskotur-til-skont-udsigtspunkt\/#primaryimage","url":"https:\/\/arcticexcursions.com\/wp-content\/uploads\/2024\/03\/Snowshoe-Shelter-1-12-of-61-scaled.jpg","contentUrl":"https:\/\/arcticexcursions.com\/wp-content\/uploads\/2024\/03\/Snowshoe-Shelter-1-12-of-61-scaled.jpg","width":2560,"height":1707},{"@type":"BreadcrumbList","@id":"https:\/\/arcticexcursions.com\/da\/udflugter\/5-timers-sneskotur-til-skont-udsigtspunkt\/#breadcrumb","itemListElement":[{"@type":"ListItem","position":1,"name":"Home","item":"https:\/\/arcticexcursions.com\/da\/"},{"@type":"ListItem","position":2,"name":"Udflugter i Gr\u00f8nland","item":"https:\/\/arcticexcursions.com\/da\/udflugter\/"},{"@type":"ListItem","position":3,"name":"6 timers sneskotur til sk\u00f8nt udsigtspunkt"}]},{"@type":"WebSite","@id":"https:\/\/arcticexcursions.com\/#website","url":"https:\/\/arcticexcursions.com\/","name":"Arctic Excursions","description":"New adventures. Every day.","publisher":{"@id":"https:\/\/arcticexcursions.com\/#organization"},"potentialAction":[{"@type":"SearchAction","target":{"@type":"EntryPoint","urlTemplate":"https:\/\/arcticexcursions.com\/?s={search_term_string}"},"query-input":{"@type":"PropertyValueSpecification","valueRequired":true,"valueName":"search_term_string"}}],"inLanguage":"da-DK"},{"@type":"Organization","@id":"https:\/\/arcticexcursions.com\/#organization","name":"Arctic Excursions","url":"https:\/\/arcticexcursions.com\/","logo":{"@type":"ImageObject","inLanguage":"da-DK","@id":"https:\/\/arcticexcursions.com\/#\/schema\/logo\/image\/","url":"https:\/\/arcticexcursions.com\/wp-content\/uploads\/2022\/11\/fb-logo.png","contentUrl":"https:\/\/arcticexcursions.com\/wp-content\/uploads\/2022\/11\/fb-logo.png","width":523,"height":523,"caption":"Arctic Excursions"},"image":{"@id":"https:\/\/arcticexcursions.com\/#\/schema\/logo\/image\/"}}]}},"_links":{"self":[{"href":"https:\/\/arcticexcursions.com\/da\/wp-json\/wp\/v2\/product\/34810"}],"collection":[{"href":"https:\/\/arcticexcursions.com\/da\/wp-json\/wp\/v2\/product"}],"about":[{"href":"https:\/\/arcticexcursions.com\/da\/wp-json\/wp\/v2\/types\/product"}],"replies":[{"embeddable":true,"href":"https:\/\/arcticexcursions.com\/da\/wp-json\/wp\/v2\/comments?post=34810"}],"wp:featuredmedia":[{"embeddable":true,"href":"https:\/\/arcticexcursions.com\/da\/wp-json\/wp\/v2\/media\/34966"}],"wp:attachment":[{"href":"https:\/\/arcticexcursions.com\/da\/wp-json\/wp\/v2\/media?parent=34810"}],"wp:term":[{"taxonomy":"product_brand","embeddable":true,"href":"https:\/\/arcticexcursions.com\/da\/wp-json\/wp\/v2\/product_brand?post=34810"},{"taxonomy":"product_cat","embeddable":true,"href":"https:\/\/arcticexcursions.com\/da\/wp-json\/wp\/v2\/product_cat?post=34810"},{"taxonomy":"product_tag","embeddable":true,"href":"https:\/\/arcticexcursions.com\/da\/wp-json\/wp\/v2\/product_tag?post=34810"}],"curies":[{"name":"wp","href":"https:\/\/api.w.org\/{rel}","templated":true}]}}