{"id":34811,"date":"2024-03-18T17:06:35","date_gmt":"2024-03-18T15:06:35","guid":{"rendered":"https:\/\/arcticexcursions.com\/?post_type=product&#038;p=34811"},"modified":"2025-11-03T18:27:39","modified_gmt":"2025-11-03T16:27:39","slug":"hvaler-og-vidundere","status":"publish","type":"product","link":"https:\/\/arcticexcursions.com\/da\/udflugter\/hvaler-og-vidundere\/","title":{"rendered":"Hvaler og vidundere"},"content":{"rendered":"<p>Mens de spiser, leger og bare sejler rundt i farvandet omkring Nuuk, leder vi efter de storsl\u00e5ede pukkelhvaler. <\/p>\n<p>Derudover f\u00e5r du set det betagende fjordlandskab, som omfatter vandfald, bjerge formet af gletsjere og m\u00e5ske endda nogle af de karakteristiske isbjerge, der g\u00f8r Gr\u00f8nland s\u00e5 speciel.<br \/>\nUd over m\u00e5ske at se nogle s\u00e6ler og havfugle, l\u00e6rer du om det gr\u00f8nlandske folks historie og kultur langs ruten.<\/p>\n<p>Ud over m\u00e5ske at se nogle s\u00e6ler og havfugle l\u00e6rer du om det gr\u00f8nlandske folks historie og kultur langs ruten. <\/p>\n<p>Vores b\u00e5d har en opvarmet kahyt, masser af plads og et toilet. Vi serverer varme drikke som varm chokolade, te og kaffe. <\/p>\n<p>Under hele rejsen vil vores kyndige kaptajn og guide s\u00f8rge for din sikkerhed og forn\u00f8jelse. G\u00e5 ikke glip af denne chance for at tage med Nuuk Water Taxi og opdage Gr\u00f8nlands sk\u00f8nhed!<\/p>\n<p><b>Varighed:<\/b> 5 timer.<\/p>\n<p><b>Deltagere:<\/b> Bem\u00e6rk venligst, at udflugten kun gennemf\u00f8res, hvis der er mindst 4 bookede billetter i alt. Hvis du for eksempel booker 2 billetter, skal der s\u00e6lges mindst 2 yderligere billetter til andre kunder, f\u00f8r turen kan finde sted. Der vil deltage maksimalt 12 personer. <\/p>\n<p><b>Sprog:<\/b> Guiden\/kaptajnen taler dansk, engelsk og gr\u00f8nlandsk <\/p>\n<p><b>B\u00e5dtype:<\/b> Lukket b\u00e5d <\/p>\n<p><b>Toiletforhold:<\/b> Der er toilet p\u00e5 b\u00e5den <\/p>\n<p><b>Forplejning:<\/b> Kaffe og te serveres p\u00e5 b\u00e5den <\/p>\n<p><b>Anbefalet p\u00e5kl\u00e6dning:<\/b> Varmt t\u00f8j inkl. hue og handsker hele \u00e5ret. Solbriller. Solcreme om sommeren.<\/p>\n","protected":false},"excerpt":{"rendered":"<p>Vores 5-timers b\u00e5dtur &#8220;Whales and Wonders&#8221; er perfekt for dem, der elsker naturen og dyrelivet. <\/p>\n","protected":false},"featured_media":5043,"comment_status":"open","ping_status":"closed","template":"","meta":{"_acf_changed":false},"product_brand":[],"product_cat":[170],"product_tag":[],"class_list":{"0":"post-34811","1":"product","2":"type-product","3":"status-publish","4":"has-post-thumbnail","6":"product_cat-udflugt","7":"pa_dato-1061","8":"pa_dato-1062","9":"pa_dato-1063","10":"pa_dato-1065","11":"pa_dato-901","12":"pa_dato-1067","13":"pa_dato-912","14":"pa_dato-1126","15":"pa_dato-902","16":"pa_dato-1174","17":"pa_dato-963","18":"pa_dato-1129","19":"pa_dato-1141","20":"pa_dato-1024","21":"pa_dato-966","22":"pa_dato-1026","23":"pa_dato-1028","24":"pa_dato-993","25":"pa_dato-1004","26":"pa_dato-1012","27":"pa_dato-1144","28":"pa_dato-1133","29":"pa_dato-1136","30":"pa_tidspunkt-72","31":"pa_tidspunkt-40","32":"pa_tidspunkt-304","33":"pa_tidspunkt-308","34":"tour_location-nuuk-da","35":"tour_type-baadture","36":"tour_tickettype-arctic_excursions","37":"tour_operator-nuuk-water-taxi","39":"first","40":"outofstock","41":"shipping-taxable","42":"product-type-variable"},"acf":[],"yoast_head":"<!-- This site is optimized with the Yoast SEO plugin v23.6 - https:\/\/yoast.com\/wordpress\/plugins\/seo\/ -->\n<title>Arctic Excursions<\/title>\n<meta name=\"robots\" content=\"index, follow, max-snippet:-1, max-image-preview:large, max-video-preview:-1\" \/>\n<link rel=\"canonical\" href=\"https:\/\/arcticexcursions.com\/udflugter\/hvaler-og-vidundere\/\" \/>\n<meta property=\"og:locale\" content=\"da_DK\" \/>\n<meta property=\"og:type\" content=\"article\" \/>\n<meta property=\"og:title\" content=\"Hvaler og vidundere - Arctic Excursions\" \/>\n<meta property=\"og:description\" content=\"Vores 5-timers b\u00e5dtur &quot;Whales and Wonders&quot; er perfekt for dem, der elsker naturen og dyrelivet.\" \/>\n<meta property=\"og:url\" content=\"https:\/\/arcticexcursions.com\/udflugter\/hvaler-og-vidundere\/\" \/>\n<meta property=\"og:site_name\" content=\"Arctic Excursions\" \/>\n<meta property=\"article:modified_time\" content=\"2025-11-03T16:27:39+00:00\" \/>\n<meta property=\"og:image\" content=\"https:\/\/arcticexcursions.com\/wp-content\/uploads\/2022\/11\/whalesafari-Inesa-1-scaled.jpg\" \/>\n\t<meta property=\"og:image:width\" content=\"2560\" \/>\n\t<meta property=\"og:image:height\" content=\"1707\" \/>\n\t<meta property=\"og:image:type\" content=\"image\/jpeg\" \/>\n<meta name=\"twitter:card\" content=\"summary_large_image\" \/>\n<meta name=\"twitter:label1\" content=\"Estimeret l\u00e6setid\" \/>\n\t<meta name=\"twitter:data1\" content=\"1 minut\" \/>\n<script type=\"application\/ld+json\" class=\"yoast-schema-graph\">{\"@context\":\"https:\/\/schema.org\",\"@graph\":[{\"@type\":\"WebPage\",\"@id\":\"https:\/\/arcticexcursions.com\/udflugter\/hvaler-og-vidundere\/\",\"url\":\"https:\/\/arcticexcursions.com\/udflugter\/hvaler-og-vidundere\/\",\"name\":\"Hvaler og vidundere - Arctic Excursions\",\"isPartOf\":{\"@id\":\"https:\/\/arcticexcursions.com\/#website\"},\"primaryImageOfPage\":{\"@id\":\"https:\/\/arcticexcursions.com\/udflugter\/hvaler-og-vidundere\/#primaryimage\"},\"image\":{\"@id\":\"https:\/\/arcticexcursions.com\/udflugter\/hvaler-og-vidundere\/#primaryimage\"},\"thumbnailUrl\":\"https:\/\/arcticexcursions.com\/wp-content\/uploads\/2022\/11\/whalesafari-Inesa-1-scaled.jpg\",\"datePublished\":\"2024-03-18T15:06:35+00:00\",\"dateModified\":\"2025-11-03T16:27:39+00:00\",\"breadcrumb\":{\"@id\":\"https:\/\/arcticexcursions.com\/udflugter\/hvaler-og-vidundere\/#breadcrumb\"},\"inLanguage\":\"da-DK\",\"potentialAction\":[{\"@type\":\"ReadAction\",\"target\":[\"https:\/\/arcticexcursions.com\/udflugter\/hvaler-og-vidundere\/\"]}]},{\"@type\":\"ImageObject\",\"inLanguage\":\"da-DK\",\"@id\":\"https:\/\/arcticexcursions.com\/udflugter\/hvaler-og-vidundere\/#primaryimage\",\"url\":\"https:\/\/arcticexcursions.com\/wp-content\/uploads\/2022\/11\/whalesafari-Inesa-1-scaled.jpg\",\"contentUrl\":\"https:\/\/arcticexcursions.com\/wp-content\/uploads\/2022\/11\/whalesafari-Inesa-1-scaled.jpg\",\"width\":2560,\"height\":1707},{\"@type\":\"BreadcrumbList\",\"@id\":\"https:\/\/arcticexcursions.com\/udflugter\/hvaler-og-vidundere\/#breadcrumb\",\"itemListElement\":[{\"@type\":\"ListItem\",\"position\":1,\"name\":\"Home\",\"item\":\"https:\/\/arcticexcursions.com\/da\/\"},{\"@type\":\"ListItem\",\"position\":2,\"name\":\"Udflugter i Gr\u00f8nland\",\"item\":\"https:\/\/arcticexcursions.com\/da\/udflugter\/\"},{\"@type\":\"ListItem\",\"position\":3,\"name\":\"Hvaler og vidundere\"}]},{\"@type\":\"WebSite\",\"@id\":\"https:\/\/arcticexcursions.com\/#website\",\"url\":\"https:\/\/arcticexcursions.com\/\",\"name\":\"Arctic Excursions\",\"description\":\"New adventures. Every day.\",\"publisher\":{\"@id\":\"https:\/\/arcticexcursions.com\/#organization\"},\"potentialAction\":[{\"@type\":\"SearchAction\",\"target\":{\"@type\":\"EntryPoint\",\"urlTemplate\":\"https:\/\/arcticexcursions.com\/?s={search_term_string}\"},\"query-input\":{\"@type\":\"PropertyValueSpecification\",\"valueRequired\":true,\"valueName\":\"search_term_string\"}}],\"inLanguage\":\"da-DK\"},{\"@type\":\"Organization\",\"@id\":\"https:\/\/arcticexcursions.com\/#organization\",\"name\":\"Arctic Excursions\",\"url\":\"https:\/\/arcticexcursions.com\/\",\"logo\":{\"@type\":\"ImageObject\",\"inLanguage\":\"da-DK\",\"@id\":\"https:\/\/arcticexcursions.com\/#\/schema\/logo\/image\/\",\"url\":\"https:\/\/arcticexcursions.com\/wp-content\/uploads\/2022\/11\/fb-logo.png\",\"contentUrl\":\"https:\/\/arcticexcursions.com\/wp-content\/uploads\/2022\/11\/fb-logo.png\",\"width\":523,\"height\":523,\"caption\":\"Arctic Excursions\"},\"image\":{\"@id\":\"https:\/\/arcticexcursions.com\/#\/schema\/logo\/image\/\"}}]}<\/script>\n<!-- \/ Yoast SEO plugin. -->","yoast_head_json":{"title":"Arctic Excursions","robots":{"index":"index","follow":"follow","max-snippet":"max-snippet:-1","max-image-preview":"max-image-preview:large","max-video-preview":"max-video-preview:-1"},"canonical":"https:\/\/arcticexcursions.com\/udflugter\/hvaler-og-vidundere\/","og_locale":"da_DK","og_type":"article","og_title":"Hvaler og vidundere - Arctic Excursions","og_description":"Vores 5-timers b\u00e5dtur \"Whales and Wonders\" er perfekt for dem, der elsker naturen og dyrelivet.","og_url":"https:\/\/arcticexcursions.com\/udflugter\/hvaler-og-vidundere\/","og_site_name":"Arctic Excursions","article_modified_time":"2025-11-03T16:27:39+00:00","og_image":[{"width":2560,"height":1707,"url":"https:\/\/arcticexcursions.com\/wp-content\/uploads\/2022\/11\/whalesafari-Inesa-1-scaled.jpg","type":"image\/jpeg"}],"twitter_card":"summary_large_image","twitter_misc":{"Estimeret l\u00e6setid":"1 minut"},"schema":{"@context":"https:\/\/schema.org","@graph":[{"@type":"WebPage","@id":"https:\/\/arcticexcursions.com\/udflugter\/hvaler-og-vidundere\/","url":"https:\/\/arcticexcursions.com\/udflugter\/hvaler-og-vidundere\/","name":"Hvaler og vidundere - Arctic Excursions","isPartOf":{"@id":"https:\/\/arcticexcursions.com\/#website"},"primaryImageOfPage":{"@id":"https:\/\/arcticexcursions.com\/udflugter\/hvaler-og-vidundere\/#primaryimage"},"image":{"@id":"https:\/\/arcticexcursions.com\/udflugter\/hvaler-og-vidundere\/#primaryimage"},"thumbnailUrl":"https:\/\/arcticexcursions.com\/wp-content\/uploads\/2022\/11\/whalesafari-Inesa-1-scaled.jpg","datePublished":"2024-03-18T15:06:35+00:00","dateModified":"2025-11-03T16:27:39+00:00","breadcrumb":{"@id":"https:\/\/arcticexcursions.com\/udflugter\/hvaler-og-vidundere\/#breadcrumb"},"inLanguage":"da-DK","potentialAction":[{"@type":"ReadAction","target":["https:\/\/arcticexcursions.com\/udflugter\/hvaler-og-vidundere\/"]}]},{"@type":"ImageObject","inLanguage":"da-DK","@id":"https:\/\/arcticexcursions.com\/udflugter\/hvaler-og-vidundere\/#primaryimage","url":"https:\/\/arcticexcursions.com\/wp-content\/uploads\/2022\/11\/whalesafari-Inesa-1-scaled.jpg","contentUrl":"https:\/\/arcticexcursions.com\/wp-content\/uploads\/2022\/11\/whalesafari-Inesa-1-scaled.jpg","width":2560,"height":1707},{"@type":"BreadcrumbList","@id":"https:\/\/arcticexcursions.com\/udflugter\/hvaler-og-vidundere\/#breadcrumb","itemListElement":[{"@type":"ListItem","position":1,"name":"Home","item":"https:\/\/arcticexcursions.com\/da\/"},{"@type":"ListItem","position":2,"name":"Udflugter i Gr\u00f8nland","item":"https:\/\/arcticexcursions.com\/da\/udflugter\/"},{"@type":"ListItem","position":3,"name":"Hvaler og vidundere"}]},{"@type":"WebSite","@id":"https:\/\/arcticexcursions.com\/#website","url":"https:\/\/arcticexcursions.com\/","name":"Arctic Excursions","description":"New adventures. Every day.","publisher":{"@id":"https:\/\/arcticexcursions.com\/#organization"},"potentialAction":[{"@type":"SearchAction","target":{"@type":"EntryPoint","urlTemplate":"https:\/\/arcticexcursions.com\/?s={search_term_string}"},"query-input":{"@type":"PropertyValueSpecification","valueRequired":true,"valueName":"search_term_string"}}],"inLanguage":"da-DK"},{"@type":"Organization","@id":"https:\/\/arcticexcursions.com\/#organization","name":"Arctic Excursions","url":"https:\/\/arcticexcursions.com\/","logo":{"@type":"ImageObject","inLanguage":"da-DK","@id":"https:\/\/arcticexcursions.com\/#\/schema\/logo\/image\/","url":"https:\/\/arcticexcursions.com\/wp-content\/uploads\/2022\/11\/fb-logo.png","contentUrl":"https:\/\/arcticexcursions.com\/wp-content\/uploads\/2022\/11\/fb-logo.png","width":523,"height":523,"caption":"Arctic Excursions"},"image":{"@id":"https:\/\/arcticexcursions.com\/#\/schema\/logo\/image\/"}}]}},"_links":{"self":[{"href":"https:\/\/arcticexcursions.com\/da\/wp-json\/wp\/v2\/product\/34811"}],"collection":[{"href":"https:\/\/arcticexcursions.com\/da\/wp-json\/wp\/v2\/product"}],"about":[{"href":"https:\/\/arcticexcursions.com\/da\/wp-json\/wp\/v2\/types\/product"}],"replies":[{"embeddable":true,"href":"https:\/\/arcticexcursions.com\/da\/wp-json\/wp\/v2\/comments?post=34811"}],"wp:featuredmedia":[{"embeddable":true,"href":"https:\/\/arcticexcursions.com\/da\/wp-json\/wp\/v2\/media\/5043"}],"wp:attachment":[{"href":"https:\/\/arcticexcursions.com\/da\/wp-json\/wp\/v2\/media?parent=34811"}],"wp:term":[{"taxonomy":"product_brand","embeddable":true,"href":"https:\/\/arcticexcursions.com\/da\/wp-json\/wp\/v2\/product_brand?post=34811"},{"taxonomy":"product_cat","embeddable":true,"href":"https:\/\/arcticexcursions.com\/da\/wp-json\/wp\/v2\/product_cat?post=34811"},{"taxonomy":"product_tag","embeddable":true,"href":"https:\/\/arcticexcursions.com\/da\/wp-json\/wp\/v2\/product_tag?post=34811"}],"curies":[{"name":"wp","href":"https:\/\/api.w.org\/{rel}","templated":true}]}}