{"id":34817,"date":"2024-03-21T18:21:09","date_gmt":"2024-03-21T16:21:09","guid":{"rendered":"https:\/\/arcticexcursions.com\/?post_type=product&#038;p=34817"},"modified":"2025-11-03T18:10:00","modified_gmt":"2025-11-03T16:10:00","slug":"5-timers-vandretur-til-kuannginnguit-udsigtspunkt","status":"publish","type":"product","link":"https:\/\/arcticexcursions.com\/da\/udflugter\/5-timers-vandretur-til-kuannginnguit-udsigtspunkt\/","title":{"rendered":"6 timers vandretur til Kuannginnguit udsigtspunkt"},"content":{"rendered":"<p>Kom med p\u00e5 en hyggelig spadseretur op i Nuuks fantastiske bagland. Fra byens udkant g\u00e5r turen til &#8220;Downhill&#8221;, som de lokale snescooterk\u00f8rere kalder den. Her er der et dejligt udsigtspunkt over fjorden og et hyggeligt lille shelter, som er perfekt til et hvil. <\/p>\n<p>Rejsen begynder i Kolonihavnen, hvorfra vi tager en bil til vandringens begyndelse. N\u00e5r vi tager af sted, kommer vi f\u00f8rst ned i Paradisdalen, hvor vi krydser et par mindre floder undervejs. Senere f\u00f8lger vi en st\u00f8rre flod op i bjergene, hvor vi vil kunne opleve flere vandfald.<\/p>\n<p>Du skal v\u00e6re i god fysisk form, da vi stiger ca. 400 meter, men sev\u00e6rdighederne er h\u00f8jden v\u00e6rd! Ruten er klart defineret, og der er en godt bef\u00e6rdet sti!<\/p>\n<p>N\u00e5r vi ankommer til udsigtspunktet, kan vi nyde en kop te, kaffe eller varm chokolade og vores medbragte madpakke under et lille d\u00e6kke. <\/p>\n<p>Vi bruger omkring en time p\u00e5 at udforske omr\u00e5det, hvor vi kan v\u00e6re heldige at se r\u00e6ve, ryper og harer, mens vi nyder udsigten til de fantastiske bjerge i Nuuk-fjorden. <\/p>\n<p>Den lokale guide udleverer sikkerhedsudstyr, herunder en lille f\u00f8rstehj\u00e6lpskasse, en VHF-radio og en GPS med en n\u00f8dknap, og fort\u00e6ller l\u00f8berne om flora og dyr.<\/p>\n<p><b>Varighed:<\/b> 5-6 timer<\/p>\n<p><b>Deltagere:<\/b> Bem\u00e6rk venligst, at udflugten kun gennemf\u00f8res, hvis der er mindst 4 bookede billetter i alt. Hvis du for eksempel booker 2 billetter, skal der s\u00e6lges mindst 2 yderligere billetter til andre kunder, f\u00f8r turen kan finde sted.<\/p>\n<p><b>Sprog:<\/b> Guiden taler dansk, engelsk og gr\u00f8nlandsk <\/p>\n<p><b>Sv\u00e6rhedsgrad:<\/b> Medium (du skal v\u00e6re vant til at vandre og i rimelig fysisk form). V\u00e6r opm\u00e6rksom p\u00e5, at turen kan blive forl\u00e6nget med en time afh\u00e6ngigt af vejret.<\/p>\n<p><b>Forplejning:<\/b> Kaffe og te serveres <\/p>\n<p><b>Anbefalet p\u00e5kl\u00e6dning:<\/b> Varmt, praktisk t\u00f8j og vandresko.<\/p>\n","protected":false},"excerpt":{"rendered":"<p>Kom med p\u00e5 en hyggelig spadseretur op i Nuuks fantastiske bagland. <\/p>\n","protected":false},"featured_media":34984,"comment_status":"open","ping_status":"closed","template":"","meta":{"_acf_changed":false},"product_brand":[],"product_cat":[170],"product_tag":[],"class_list":{"0":"post-34817","1":"product","2":"type-product","3":"status-publish","4":"has-post-thumbnail","6":"product_cat-udflugt","7":"pa_dato-1252","8":"pa_dato-1150","9":"pa_dato-1298","10":"pa_dato-1253","11":"pa_dato-1151","12":"pa_dato-1299","13":"pa_dato-1254","14":"pa_dato-1152","15":"pa_dato-1300","16":"pa_dato-1255","17":"pa_dato-1153","18":"pa_dato-1301","19":"pa_dato-1256","20":"pa_dato-6005","21":"pa_tidspunkt-72","22":"pa_tidspunkt-40","23":"tour_location-nuuk-da","24":"tour_type-baadture","25":"tour_tickettype-arctic_excursions","26":"tour_operator-nuuk-water-taxi","28":"first","29":"outofstock","30":"shipping-taxable","31":"product-type-variable"},"acf":[],"yoast_head":"<!-- This site is optimized with the Yoast SEO plugin v23.6 - https:\/\/yoast.com\/wordpress\/plugins\/seo\/ -->\n<title>Arctic Excursions<\/title>\n<meta name=\"robots\" content=\"index, follow, max-snippet:-1, max-image-preview:large, max-video-preview:-1\" \/>\n<link rel=\"canonical\" href=\"https:\/\/arcticexcursions.com\/udflugter\/5-timers-vandretur-til-kuannginnguit-udsigtspunkt\/\" \/>\n<meta property=\"og:locale\" content=\"da_DK\" \/>\n<meta property=\"og:type\" content=\"article\" \/>\n<meta property=\"og:title\" content=\"6 timers vandretur til Kuannginnguit udsigtspunkt - Arctic Excursions\" \/>\n<meta property=\"og:description\" content=\"Kom med p\u00e5 en hyggelig spadseretur op i Nuuks fantastiske bagland.\" \/>\n<meta property=\"og:url\" content=\"https:\/\/arcticexcursions.com\/udflugter\/5-timers-vandretur-til-kuannginnguit-udsigtspunkt\/\" \/>\n<meta property=\"og:site_name\" content=\"Arctic Excursions\" \/>\n<meta property=\"article:modified_time\" content=\"2025-11-03T16:10:00+00:00\" \/>\n<meta property=\"og:image\" content=\"https:\/\/arcticexcursions.com\/wp-content\/uploads\/2024\/03\/DSCF7699-scaled.jpg\" \/>\n\t<meta property=\"og:image:width\" content=\"2048\" \/>\n\t<meta property=\"og:image:height\" content=\"2560\" \/>\n\t<meta property=\"og:image:type\" content=\"image\/jpeg\" \/>\n<meta name=\"twitter:card\" content=\"summary_large_image\" \/>\n<meta name=\"twitter:label1\" content=\"Estimeret l\u00e6setid\" \/>\n\t<meta name=\"twitter:data1\" content=\"2 minutter\" \/>\n<script type=\"application\/ld+json\" class=\"yoast-schema-graph\">{\"@context\":\"https:\/\/schema.org\",\"@graph\":[{\"@type\":\"WebPage\",\"@id\":\"https:\/\/arcticexcursions.com\/udflugter\/5-timers-vandretur-til-kuannginnguit-udsigtspunkt\/\",\"url\":\"https:\/\/arcticexcursions.com\/udflugter\/5-timers-vandretur-til-kuannginnguit-udsigtspunkt\/\",\"name\":\"6 timers vandretur til Kuannginnguit udsigtspunkt - Arctic Excursions\",\"isPartOf\":{\"@id\":\"https:\/\/arcticexcursions.com\/#website\"},\"primaryImageOfPage\":{\"@id\":\"https:\/\/arcticexcursions.com\/udflugter\/5-timers-vandretur-til-kuannginnguit-udsigtspunkt\/#primaryimage\"},\"image\":{\"@id\":\"https:\/\/arcticexcursions.com\/udflugter\/5-timers-vandretur-til-kuannginnguit-udsigtspunkt\/#primaryimage\"},\"thumbnailUrl\":\"https:\/\/arcticexcursions.com\/wp-content\/uploads\/2024\/03\/DSCF7699-scaled.jpg\",\"datePublished\":\"2024-03-21T16:21:09+00:00\",\"dateModified\":\"2025-11-03T16:10:00+00:00\",\"breadcrumb\":{\"@id\":\"https:\/\/arcticexcursions.com\/udflugter\/5-timers-vandretur-til-kuannginnguit-udsigtspunkt\/#breadcrumb\"},\"inLanguage\":\"da-DK\",\"potentialAction\":[{\"@type\":\"ReadAction\",\"target\":[\"https:\/\/arcticexcursions.com\/udflugter\/5-timers-vandretur-til-kuannginnguit-udsigtspunkt\/\"]}]},{\"@type\":\"ImageObject\",\"inLanguage\":\"da-DK\",\"@id\":\"https:\/\/arcticexcursions.com\/udflugter\/5-timers-vandretur-til-kuannginnguit-udsigtspunkt\/#primaryimage\",\"url\":\"https:\/\/arcticexcursions.com\/wp-content\/uploads\/2024\/03\/DSCF7699-scaled.jpg\",\"contentUrl\":\"https:\/\/arcticexcursions.com\/wp-content\/uploads\/2024\/03\/DSCF7699-scaled.jpg\",\"width\":2048,\"height\":2560},{\"@type\":\"BreadcrumbList\",\"@id\":\"https:\/\/arcticexcursions.com\/udflugter\/5-timers-vandretur-til-kuannginnguit-udsigtspunkt\/#breadcrumb\",\"itemListElement\":[{\"@type\":\"ListItem\",\"position\":1,\"name\":\"Home\",\"item\":\"https:\/\/arcticexcursions.com\/da\/\"},{\"@type\":\"ListItem\",\"position\":2,\"name\":\"Udflugter i Gr\u00f8nland\",\"item\":\"https:\/\/arcticexcursions.com\/da\/udflugter\/\"},{\"@type\":\"ListItem\",\"position\":3,\"name\":\"6 timers vandretur til Kuannginnguit udsigtspunkt\"}]},{\"@type\":\"WebSite\",\"@id\":\"https:\/\/arcticexcursions.com\/#website\",\"url\":\"https:\/\/arcticexcursions.com\/\",\"name\":\"Arctic Excursions\",\"description\":\"New adventures. Every day.\",\"publisher\":{\"@id\":\"https:\/\/arcticexcursions.com\/#organization\"},\"potentialAction\":[{\"@type\":\"SearchAction\",\"target\":{\"@type\":\"EntryPoint\",\"urlTemplate\":\"https:\/\/arcticexcursions.com\/?s={search_term_string}\"},\"query-input\":{\"@type\":\"PropertyValueSpecification\",\"valueRequired\":true,\"valueName\":\"search_term_string\"}}],\"inLanguage\":\"da-DK\"},{\"@type\":\"Organization\",\"@id\":\"https:\/\/arcticexcursions.com\/#organization\",\"name\":\"Arctic Excursions\",\"url\":\"https:\/\/arcticexcursions.com\/\",\"logo\":{\"@type\":\"ImageObject\",\"inLanguage\":\"da-DK\",\"@id\":\"https:\/\/arcticexcursions.com\/#\/schema\/logo\/image\/\",\"url\":\"https:\/\/arcticexcursions.com\/wp-content\/uploads\/2022\/11\/fb-logo.png\",\"contentUrl\":\"https:\/\/arcticexcursions.com\/wp-content\/uploads\/2022\/11\/fb-logo.png\",\"width\":523,\"height\":523,\"caption\":\"Arctic Excursions\"},\"image\":{\"@id\":\"https:\/\/arcticexcursions.com\/#\/schema\/logo\/image\/\"}}]}<\/script>\n<!-- \/ Yoast SEO plugin. -->","yoast_head_json":{"title":"Arctic Excursions","robots":{"index":"index","follow":"follow","max-snippet":"max-snippet:-1","max-image-preview":"max-image-preview:large","max-video-preview":"max-video-preview:-1"},"canonical":"https:\/\/arcticexcursions.com\/udflugter\/5-timers-vandretur-til-kuannginnguit-udsigtspunkt\/","og_locale":"da_DK","og_type":"article","og_title":"6 timers vandretur til Kuannginnguit udsigtspunkt - Arctic Excursions","og_description":"Kom med p\u00e5 en hyggelig spadseretur op i Nuuks fantastiske bagland.","og_url":"https:\/\/arcticexcursions.com\/udflugter\/5-timers-vandretur-til-kuannginnguit-udsigtspunkt\/","og_site_name":"Arctic Excursions","article_modified_time":"2025-11-03T16:10:00+00:00","og_image":[{"width":2048,"height":2560,"url":"https:\/\/arcticexcursions.com\/wp-content\/uploads\/2024\/03\/DSCF7699-scaled.jpg","type":"image\/jpeg"}],"twitter_card":"summary_large_image","twitter_misc":{"Estimeret l\u00e6setid":"2 minutter"},"schema":{"@context":"https:\/\/schema.org","@graph":[{"@type":"WebPage","@id":"https:\/\/arcticexcursions.com\/udflugter\/5-timers-vandretur-til-kuannginnguit-udsigtspunkt\/","url":"https:\/\/arcticexcursions.com\/udflugter\/5-timers-vandretur-til-kuannginnguit-udsigtspunkt\/","name":"6 timers vandretur til Kuannginnguit udsigtspunkt - Arctic Excursions","isPartOf":{"@id":"https:\/\/arcticexcursions.com\/#website"},"primaryImageOfPage":{"@id":"https:\/\/arcticexcursions.com\/udflugter\/5-timers-vandretur-til-kuannginnguit-udsigtspunkt\/#primaryimage"},"image":{"@id":"https:\/\/arcticexcursions.com\/udflugter\/5-timers-vandretur-til-kuannginnguit-udsigtspunkt\/#primaryimage"},"thumbnailUrl":"https:\/\/arcticexcursions.com\/wp-content\/uploads\/2024\/03\/DSCF7699-scaled.jpg","datePublished":"2024-03-21T16:21:09+00:00","dateModified":"2025-11-03T16:10:00+00:00","breadcrumb":{"@id":"https:\/\/arcticexcursions.com\/udflugter\/5-timers-vandretur-til-kuannginnguit-udsigtspunkt\/#breadcrumb"},"inLanguage":"da-DK","potentialAction":[{"@type":"ReadAction","target":["https:\/\/arcticexcursions.com\/udflugter\/5-timers-vandretur-til-kuannginnguit-udsigtspunkt\/"]}]},{"@type":"ImageObject","inLanguage":"da-DK","@id":"https:\/\/arcticexcursions.com\/udflugter\/5-timers-vandretur-til-kuannginnguit-udsigtspunkt\/#primaryimage","url":"https:\/\/arcticexcursions.com\/wp-content\/uploads\/2024\/03\/DSCF7699-scaled.jpg","contentUrl":"https:\/\/arcticexcursions.com\/wp-content\/uploads\/2024\/03\/DSCF7699-scaled.jpg","width":2048,"height":2560},{"@type":"BreadcrumbList","@id":"https:\/\/arcticexcursions.com\/udflugter\/5-timers-vandretur-til-kuannginnguit-udsigtspunkt\/#breadcrumb","itemListElement":[{"@type":"ListItem","position":1,"name":"Home","item":"https:\/\/arcticexcursions.com\/da\/"},{"@type":"ListItem","position":2,"name":"Udflugter i Gr\u00f8nland","item":"https:\/\/arcticexcursions.com\/da\/udflugter\/"},{"@type":"ListItem","position":3,"name":"6 timers vandretur til Kuannginnguit udsigtspunkt"}]},{"@type":"WebSite","@id":"https:\/\/arcticexcursions.com\/#website","url":"https:\/\/arcticexcursions.com\/","name":"Arctic Excursions","description":"New adventures. Every day.","publisher":{"@id":"https:\/\/arcticexcursions.com\/#organization"},"potentialAction":[{"@type":"SearchAction","target":{"@type":"EntryPoint","urlTemplate":"https:\/\/arcticexcursions.com\/?s={search_term_string}"},"query-input":{"@type":"PropertyValueSpecification","valueRequired":true,"valueName":"search_term_string"}}],"inLanguage":"da-DK"},{"@type":"Organization","@id":"https:\/\/arcticexcursions.com\/#organization","name":"Arctic Excursions","url":"https:\/\/arcticexcursions.com\/","logo":{"@type":"ImageObject","inLanguage":"da-DK","@id":"https:\/\/arcticexcursions.com\/#\/schema\/logo\/image\/","url":"https:\/\/arcticexcursions.com\/wp-content\/uploads\/2022\/11\/fb-logo.png","contentUrl":"https:\/\/arcticexcursions.com\/wp-content\/uploads\/2022\/11\/fb-logo.png","width":523,"height":523,"caption":"Arctic Excursions"},"image":{"@id":"https:\/\/arcticexcursions.com\/#\/schema\/logo\/image\/"}}]}},"_links":{"self":[{"href":"https:\/\/arcticexcursions.com\/da\/wp-json\/wp\/v2\/product\/34817"}],"collection":[{"href":"https:\/\/arcticexcursions.com\/da\/wp-json\/wp\/v2\/product"}],"about":[{"href":"https:\/\/arcticexcursions.com\/da\/wp-json\/wp\/v2\/types\/product"}],"replies":[{"embeddable":true,"href":"https:\/\/arcticexcursions.com\/da\/wp-json\/wp\/v2\/comments?post=34817"}],"wp:featuredmedia":[{"embeddable":true,"href":"https:\/\/arcticexcursions.com\/da\/wp-json\/wp\/v2\/media\/34984"}],"wp:attachment":[{"href":"https:\/\/arcticexcursions.com\/da\/wp-json\/wp\/v2\/media?parent=34817"}],"wp:term":[{"taxonomy":"product_brand","embeddable":true,"href":"https:\/\/arcticexcursions.com\/da\/wp-json\/wp\/v2\/product_brand?post=34817"},{"taxonomy":"product_cat","embeddable":true,"href":"https:\/\/arcticexcursions.com\/da\/wp-json\/wp\/v2\/product_cat?post=34817"},{"taxonomy":"product_tag","embeddable":true,"href":"https:\/\/arcticexcursions.com\/da\/wp-json\/wp\/v2\/product_tag?post=34817"}],"curies":[{"name":"wp","href":"https:\/\/api.w.org\/{rel}","templated":true}]}}