{"id":34819,"date":"2024-03-14T20:03:46","date_gmt":"2024-03-14T18:03:46","guid":{"rendered":"https:\/\/arcticexcursions.com\/?post_type=product&#038;p=34819"},"modified":"2025-11-03T19:35:31","modified_gmt":"2025-11-03T17:35:31","slug":"vinter-isfjordssejlads","status":"publish","type":"product","link":"https:\/\/arcticexcursions.com\/da\/udflugter\/vinter-isfjordssejlads\/","title":{"rendered":"Vinter Isfjordssejlads"},"content":{"rendered":"<p>Turen til isfjorden tager omkring to timer.<br \/>\nUndervejs kan vi v\u00e6re heldige at f\u00e5 \u00f8je p\u00e5 s\u00e6ler og hav\u00f8rne, men det er ikke garanteret.<br \/>\nFor i det mindste at n\u00e6rme os havisen stopper vi motoren, kommer s\u00e5 h\u00f8jt op, som vi kan, og forts\u00e6tter med at g\u00e5 p\u00e5 isen. Det er muligt for uerfarne vinterbadere at dykke ned i havet.<\/p>\n<p>Vores helt egen Targa, komplet med opvarmet kabine og rigelig plads til alle, fungerer som turbil. Ud over at sidde udenfor er d\u00e6kket ogs\u00e5 \u00e5bent til at g\u00e5 og st\u00e5 p\u00e5.<br \/>\nDu kan ogs\u00e5 l\u00e5ne et t\u00e6ppe, for det kan blive ret k\u00f8ligt udenfor om vinteren her. <\/p>\n<p>B\u00e5dene har ogs\u00e5 toiletter.<br \/>\nDa dette er en lidt l\u00e6ngere tur, anbefaler vi st\u00e6rkt, at du pakker en frokost til dig selv. <\/p>\n<p>Vi s\u00f8rger hele tiden for, at der er vand, chokolade og kaffe\/te om bord. <\/p>\n<p>Vi tager din sikkerhed meget alvorligt, og det er kun tilladt at g\u00e5 p\u00e5 havisen, hvis kaptajnen vurderer, at det er sikkert nok.<\/p>\n<p><b>Varighed:<\/b> 6 timer <\/p>\n<p><b>Deltagere:<\/b> Bem\u00e6rk venligst, at udflugten kun gennemf\u00f8res, hvis der er mindst 4 bookede billetter i alt. Hvis du for eksempel booker 2 billetter, skal der s\u00e6lges mindst 2 yderligere billetter til andre kunder, f\u00f8r turen kan finde sted. Der vil deltage maksimalt 12 personer. <\/p>\n<p><b>Sprog:<\/b> Guiden\/kaptajnen taler dansk, engelsk og gr\u00f8nlandsk <\/p>\n<p><b>B\u00e5dtype:<\/b> Lukket b\u00e5d <\/p>\n<p><b>Toiletforhold:<\/b> Der er toilet p\u00e5 b\u00e5den <\/p>\n<p><b>Forplejning:<\/b> Kaffe og te serveres p\u00e5 b\u00e5den <\/p>\n<p><b>Anbefalet p\u00e5kl\u00e6dning:<\/b> Varmt t\u00f8j inkl. hue og handsker hele \u00e5ret. Solbriller. Solcreme om sommeren.<\/p>\n","protected":false},"excerpt":{"rendered":"<p>Vi sejler hele vejen til Nuuk Isfjord p\u00e5 vores udflugt; om vinteren kan fjordisen her blive tyk nok til at g\u00e5 p\u00e5, hvilket giver en uforglemmelig oplevelse. <\/p>\n","protected":false},"featured_media":35146,"comment_status":"open","ping_status":"closed","template":"","meta":{"_acf_changed":false},"product_brand":[],"product_cat":[170],"product_tag":[],"class_list":{"0":"post-34819","1":"product","2":"type-product","3":"status-publish","4":"has-post-thumbnail","6":"product_cat-udflugt","7":"pa_dato-1196","8":"pa_dato-1251","9":"pa_dato-1377","10":"pa_dato-1279","11":"pa_dato-1280","12":"pa_dato-5884","13":"pa_dato-1254","14":"pa_dato-5886","15":"pa_dato-1255","16":"pa_tidspunkt-72","17":"pa_tidspunkt-40","18":"tour_location-nuuk-da","19":"tour_type-baadture","20":"tour_tickettype-arctic_excursions","21":"tour_operator-nuuk-water-taxi","23":"first","24":"outofstock","25":"shipping-taxable","26":"product-type-variable"},"acf":[],"yoast_head":"<!-- This site is optimized with the Yoast SEO plugin v23.6 - https:\/\/yoast.com\/wordpress\/plugins\/seo\/ -->\n<title>Arctic Excursions<\/title>\n<meta name=\"robots\" content=\"index, follow, max-snippet:-1, max-image-preview:large, max-video-preview:-1\" \/>\n<link rel=\"canonical\" href=\"https:\/\/arcticexcursions.com\/udflugter\/vinter-isfjordssejlads\/\" \/>\n<meta property=\"og:locale\" content=\"da_DK\" \/>\n<meta property=\"og:type\" content=\"article\" \/>\n<meta property=\"og:title\" content=\"Vinter Isfjordssejlads - Arctic Excursions\" \/>\n<meta property=\"og:description\" content=\"Vi sejler hele vejen til Nuuk Isfjord p\u00e5 vores udflugt; om vinteren kan fjordisen her blive tyk nok til at g\u00e5 p\u00e5, hvilket giver en uforglemmelig oplevelse.\" \/>\n<meta property=\"og:url\" content=\"https:\/\/arcticexcursions.com\/udflugter\/vinter-isfjordssejlads\/\" \/>\n<meta property=\"og:site_name\" content=\"Arctic Excursions\" \/>\n<meta property=\"article:modified_time\" content=\"2025-11-03T17:35:31+00:00\" \/>\n<meta property=\"og:image\" content=\"https:\/\/arcticexcursions.com\/wp-content\/uploads\/2024\/03\/isfjord-drone-januar-1-of-18-scaled.jpg\" \/>\n\t<meta property=\"og:image:width\" content=\"2560\" \/>\n\t<meta property=\"og:image:height\" content=\"1919\" \/>\n\t<meta property=\"og:image:type\" content=\"image\/jpeg\" \/>\n<meta name=\"twitter:card\" content=\"summary_large_image\" \/>\n<meta name=\"twitter:label1\" content=\"Estimeret l\u00e6setid\" \/>\n\t<meta name=\"twitter:data1\" content=\"1 minut\" \/>\n<script type=\"application\/ld+json\" class=\"yoast-schema-graph\">{\"@context\":\"https:\/\/schema.org\",\"@graph\":[{\"@type\":\"WebPage\",\"@id\":\"https:\/\/arcticexcursions.com\/udflugter\/vinter-isfjordssejlads\/\",\"url\":\"https:\/\/arcticexcursions.com\/udflugter\/vinter-isfjordssejlads\/\",\"name\":\"Vinter Isfjordssejlads - Arctic Excursions\",\"isPartOf\":{\"@id\":\"https:\/\/arcticexcursions.com\/#website\"},\"primaryImageOfPage\":{\"@id\":\"https:\/\/arcticexcursions.com\/udflugter\/vinter-isfjordssejlads\/#primaryimage\"},\"image\":{\"@id\":\"https:\/\/arcticexcursions.com\/udflugter\/vinter-isfjordssejlads\/#primaryimage\"},\"thumbnailUrl\":\"https:\/\/arcticexcursions.com\/wp-content\/uploads\/2024\/03\/isfjord-drone-januar-1-of-18-scaled.jpg\",\"datePublished\":\"2024-03-14T18:03:46+00:00\",\"dateModified\":\"2025-11-03T17:35:31+00:00\",\"breadcrumb\":{\"@id\":\"https:\/\/arcticexcursions.com\/udflugter\/vinter-isfjordssejlads\/#breadcrumb\"},\"inLanguage\":\"da-DK\",\"potentialAction\":[{\"@type\":\"ReadAction\",\"target\":[\"https:\/\/arcticexcursions.com\/udflugter\/vinter-isfjordssejlads\/\"]}]},{\"@type\":\"ImageObject\",\"inLanguage\":\"da-DK\",\"@id\":\"https:\/\/arcticexcursions.com\/udflugter\/vinter-isfjordssejlads\/#primaryimage\",\"url\":\"https:\/\/arcticexcursions.com\/wp-content\/uploads\/2024\/03\/isfjord-drone-januar-1-of-18-scaled.jpg\",\"contentUrl\":\"https:\/\/arcticexcursions.com\/wp-content\/uploads\/2024\/03\/isfjord-drone-januar-1-of-18-scaled.jpg\",\"width\":2560,\"height\":1919},{\"@type\":\"BreadcrumbList\",\"@id\":\"https:\/\/arcticexcursions.com\/udflugter\/vinter-isfjordssejlads\/#breadcrumb\",\"itemListElement\":[{\"@type\":\"ListItem\",\"position\":1,\"name\":\"Home\",\"item\":\"https:\/\/arcticexcursions.com\/da\/\"},{\"@type\":\"ListItem\",\"position\":2,\"name\":\"Udflugter i Gr\u00f8nland\",\"item\":\"https:\/\/arcticexcursions.com\/da\/udflugter\/\"},{\"@type\":\"ListItem\",\"position\":3,\"name\":\"Vinter Isfjordssejlads\"}]},{\"@type\":\"WebSite\",\"@id\":\"https:\/\/arcticexcursions.com\/#website\",\"url\":\"https:\/\/arcticexcursions.com\/\",\"name\":\"Arctic Excursions\",\"description\":\"New adventures. Every day.\",\"publisher\":{\"@id\":\"https:\/\/arcticexcursions.com\/#organization\"},\"potentialAction\":[{\"@type\":\"SearchAction\",\"target\":{\"@type\":\"EntryPoint\",\"urlTemplate\":\"https:\/\/arcticexcursions.com\/?s={search_term_string}\"},\"query-input\":{\"@type\":\"PropertyValueSpecification\",\"valueRequired\":true,\"valueName\":\"search_term_string\"}}],\"inLanguage\":\"da-DK\"},{\"@type\":\"Organization\",\"@id\":\"https:\/\/arcticexcursions.com\/#organization\",\"name\":\"Arctic Excursions\",\"url\":\"https:\/\/arcticexcursions.com\/\",\"logo\":{\"@type\":\"ImageObject\",\"inLanguage\":\"da-DK\",\"@id\":\"https:\/\/arcticexcursions.com\/#\/schema\/logo\/image\/\",\"url\":\"https:\/\/arcticexcursions.com\/wp-content\/uploads\/2022\/11\/fb-logo.png\",\"contentUrl\":\"https:\/\/arcticexcursions.com\/wp-content\/uploads\/2022\/11\/fb-logo.png\",\"width\":523,\"height\":523,\"caption\":\"Arctic Excursions\"},\"image\":{\"@id\":\"https:\/\/arcticexcursions.com\/#\/schema\/logo\/image\/\"}}]}<\/script>\n<!-- \/ Yoast SEO plugin. -->","yoast_head_json":{"title":"Arctic Excursions","robots":{"index":"index","follow":"follow","max-snippet":"max-snippet:-1","max-image-preview":"max-image-preview:large","max-video-preview":"max-video-preview:-1"},"canonical":"https:\/\/arcticexcursions.com\/udflugter\/vinter-isfjordssejlads\/","og_locale":"da_DK","og_type":"article","og_title":"Vinter Isfjordssejlads - Arctic Excursions","og_description":"Vi sejler hele vejen til Nuuk Isfjord p\u00e5 vores udflugt; om vinteren kan fjordisen her blive tyk nok til at g\u00e5 p\u00e5, hvilket giver en uforglemmelig oplevelse.","og_url":"https:\/\/arcticexcursions.com\/udflugter\/vinter-isfjordssejlads\/","og_site_name":"Arctic Excursions","article_modified_time":"2025-11-03T17:35:31+00:00","og_image":[{"width":2560,"height":1919,"url":"https:\/\/arcticexcursions.com\/wp-content\/uploads\/2024\/03\/isfjord-drone-januar-1-of-18-scaled.jpg","type":"image\/jpeg"}],"twitter_card":"summary_large_image","twitter_misc":{"Estimeret l\u00e6setid":"1 minut"},"schema":{"@context":"https:\/\/schema.org","@graph":[{"@type":"WebPage","@id":"https:\/\/arcticexcursions.com\/udflugter\/vinter-isfjordssejlads\/","url":"https:\/\/arcticexcursions.com\/udflugter\/vinter-isfjordssejlads\/","name":"Vinter Isfjordssejlads - Arctic Excursions","isPartOf":{"@id":"https:\/\/arcticexcursions.com\/#website"},"primaryImageOfPage":{"@id":"https:\/\/arcticexcursions.com\/udflugter\/vinter-isfjordssejlads\/#primaryimage"},"image":{"@id":"https:\/\/arcticexcursions.com\/udflugter\/vinter-isfjordssejlads\/#primaryimage"},"thumbnailUrl":"https:\/\/arcticexcursions.com\/wp-content\/uploads\/2024\/03\/isfjord-drone-januar-1-of-18-scaled.jpg","datePublished":"2024-03-14T18:03:46+00:00","dateModified":"2025-11-03T17:35:31+00:00","breadcrumb":{"@id":"https:\/\/arcticexcursions.com\/udflugter\/vinter-isfjordssejlads\/#breadcrumb"},"inLanguage":"da-DK","potentialAction":[{"@type":"ReadAction","target":["https:\/\/arcticexcursions.com\/udflugter\/vinter-isfjordssejlads\/"]}]},{"@type":"ImageObject","inLanguage":"da-DK","@id":"https:\/\/arcticexcursions.com\/udflugter\/vinter-isfjordssejlads\/#primaryimage","url":"https:\/\/arcticexcursions.com\/wp-content\/uploads\/2024\/03\/isfjord-drone-januar-1-of-18-scaled.jpg","contentUrl":"https:\/\/arcticexcursions.com\/wp-content\/uploads\/2024\/03\/isfjord-drone-januar-1-of-18-scaled.jpg","width":2560,"height":1919},{"@type":"BreadcrumbList","@id":"https:\/\/arcticexcursions.com\/udflugter\/vinter-isfjordssejlads\/#breadcrumb","itemListElement":[{"@type":"ListItem","position":1,"name":"Home","item":"https:\/\/arcticexcursions.com\/da\/"},{"@type":"ListItem","position":2,"name":"Udflugter i Gr\u00f8nland","item":"https:\/\/arcticexcursions.com\/da\/udflugter\/"},{"@type":"ListItem","position":3,"name":"Vinter Isfjordssejlads"}]},{"@type":"WebSite","@id":"https:\/\/arcticexcursions.com\/#website","url":"https:\/\/arcticexcursions.com\/","name":"Arctic Excursions","description":"New adventures. Every day.","publisher":{"@id":"https:\/\/arcticexcursions.com\/#organization"},"potentialAction":[{"@type":"SearchAction","target":{"@type":"EntryPoint","urlTemplate":"https:\/\/arcticexcursions.com\/?s={search_term_string}"},"query-input":{"@type":"PropertyValueSpecification","valueRequired":true,"valueName":"search_term_string"}}],"inLanguage":"da-DK"},{"@type":"Organization","@id":"https:\/\/arcticexcursions.com\/#organization","name":"Arctic Excursions","url":"https:\/\/arcticexcursions.com\/","logo":{"@type":"ImageObject","inLanguage":"da-DK","@id":"https:\/\/arcticexcursions.com\/#\/schema\/logo\/image\/","url":"https:\/\/arcticexcursions.com\/wp-content\/uploads\/2022\/11\/fb-logo.png","contentUrl":"https:\/\/arcticexcursions.com\/wp-content\/uploads\/2022\/11\/fb-logo.png","width":523,"height":523,"caption":"Arctic Excursions"},"image":{"@id":"https:\/\/arcticexcursions.com\/#\/schema\/logo\/image\/"}}]}},"_links":{"self":[{"href":"https:\/\/arcticexcursions.com\/da\/wp-json\/wp\/v2\/product\/34819"}],"collection":[{"href":"https:\/\/arcticexcursions.com\/da\/wp-json\/wp\/v2\/product"}],"about":[{"href":"https:\/\/arcticexcursions.com\/da\/wp-json\/wp\/v2\/types\/product"}],"replies":[{"embeddable":true,"href":"https:\/\/arcticexcursions.com\/da\/wp-json\/wp\/v2\/comments?post=34819"}],"wp:featuredmedia":[{"embeddable":true,"href":"https:\/\/arcticexcursions.com\/da\/wp-json\/wp\/v2\/media\/35146"}],"wp:attachment":[{"href":"https:\/\/arcticexcursions.com\/da\/wp-json\/wp\/v2\/media?parent=34819"}],"wp:term":[{"taxonomy":"product_brand","embeddable":true,"href":"https:\/\/arcticexcursions.com\/da\/wp-json\/wp\/v2\/product_brand?post=34819"},{"taxonomy":"product_cat","embeddable":true,"href":"https:\/\/arcticexcursions.com\/da\/wp-json\/wp\/v2\/product_cat?post=34819"},{"taxonomy":"product_tag","embeddable":true,"href":"https:\/\/arcticexcursions.com\/da\/wp-json\/wp\/v2\/product_tag?post=34819"}],"curies":[{"name":"wp","href":"https:\/\/api.w.org\/{rel}","templated":true}]}}