{"id":35091,"date":"2024-03-20T17:56:53","date_gmt":"2024-03-20T15:56:53","guid":{"rendered":"https:\/\/arcticexcursions.com\/?post_type=product&#038;p=35091"},"modified":"2026-02-18T14:01:41","modified_gmt":"2026-02-18T12:01:41","slug":"nalluarsuk-view-to-the-famous-icefiord-of-ilulissat","status":"publish","type":"product","link":"https:\/\/arcticexcursions.com\/da\/udflugter\/nalluarsuk-view-to-the-famous-icefiord-of-ilulissat\/","title":{"rendered":"Nalluarsuk &#8211; Udsigt til den ber\u00f8mte isfjord i Ilulissat"},"content":{"rendered":"<p>Hundesl\u00e6deturen til det fantastiske UNESCO-sted tager fire timer. <\/p>\n<p>Hundesl\u00e6dekusken fort\u00e6ller dig om betydningen af fiskerstien. Det er vigtigt at holde sporet i dets nuv\u00e6rende tilstand. <\/p>\n<p>Hunden kan snuse sig frem til stien, uanset hvor meget sne der er p\u00e5 ruten.<\/p>\n<p><b>Varighed:<\/b> 4 timer<\/p>\n<p><b>Deltagere:<\/b> Bem\u00e6rk venligst, at udflugten kun gennemf\u00f8res, hvis der er mindst 2 bookede billetter i alt.  Der vil deltage maksimalt 8 personer.<\/p>\n<p><b>Sprog:<\/b> Guiden taler dansk, engelsk og gr\u00f8nlandsk<\/p>\n<p><b>Praktisk info:<\/b> Anbefales ikke til personer med sv\u00e6re rygproblemer<\/p>\n<p><b>Forplejning:<\/b> Kaffe og te serveres<\/p>\n<p><b>Anbefalet p\u00e5kl\u00e6dning:<\/b> Praktiske sko og varmt t\u00f8j, inkl. hue og handsker<\/p>\n","protected":false},"excerpt":{"rendered":"<p>Oplev 4 timers hundesl\u00e6detur til det fantastiske UNESCO-omr\u00e5de<\/p>\n","protected":false},"featured_media":5278,"comment_status":"open","ping_status":"closed","template":"","meta":{"_acf_changed":false},"product_brand":[],"product_cat":[101,170],"product_tag":[],"class_list":{"0":"post-35091","1":"product","2":"type-product","3":"status-publish","4":"has-post-thumbnail","6":"product_cat-tour","7":"product_cat-udflugt","8":"pa_dato-1192","9":"pa_dato-892","10":"pa_dato-880","11":"pa_dato-1181","12":"pa_dato-893","13":"pa_dato-1079","14":"pa_dato-1157","15":"pa_dato-894","16":"pa_dato-950","17":"pa_dato-862","18":"pa_dato-954","19":"pa_dato-866","20":"pa_dato-895","21":"pa_dato-881","22":"pa_dato-6016","23":"pa_dato-6305","24":"pa_dato-6224","25":"pa_tidspunkt-40","26":"tour_location-ilulissat-da","27":"tour_type-hundeslaede","28":"tour_tickettype-arctic_excursions","29":"tour_operator-wonderful-ilulissat","31":"first","32":"outofstock","33":"shipping-taxable","34":"product-type-variable"},"acf":[],"yoast_head":"<!-- This site is optimized with the Yoast SEO plugin v23.6 - https:\/\/yoast.com\/wordpress\/plugins\/seo\/ -->\n<title>Arctic Excursions<\/title>\n<meta name=\"robots\" content=\"index, follow, max-snippet:-1, max-image-preview:large, max-video-preview:-1\" \/>\n<link rel=\"canonical\" href=\"https:\/\/arcticexcursions.com\/udflugter\/nalluarsuk-view-to-the-famous-icefiord-of-ilulissat\/\" \/>\n<meta property=\"og:locale\" content=\"da_DK\" \/>\n<meta property=\"og:type\" content=\"article\" \/>\n<meta property=\"og:title\" content=\"Nalluarsuk - Udsigt til den ber\u00f8mte isfjord i Ilulissat - Arctic Excursions\" \/>\n<meta property=\"og:description\" content=\"Oplev 4 timers hundesl\u00e6detur til det fantastiske UNESCO-omr\u00e5de\" \/>\n<meta property=\"og:url\" content=\"https:\/\/arcticexcursions.com\/udflugter\/nalluarsuk-view-to-the-famous-icefiord-of-ilulissat\/\" \/>\n<meta property=\"og:site_name\" content=\"Arctic Excursions\" \/>\n<meta property=\"article:modified_time\" content=\"2026-02-18T12:01:41+00:00\" \/>\n<meta property=\"og:image\" content=\"https:\/\/arcticexcursions.com\/wp-content\/uploads\/2022\/11\/Qimusseq-3.png\" \/>\n\t<meta property=\"og:image:width\" content=\"378\" \/>\n\t<meta property=\"og:image:height\" content=\"503\" \/>\n\t<meta property=\"og:image:type\" content=\"image\/png\" \/>\n<meta name=\"twitter:card\" content=\"summary_large_image\" \/>\n<meta name=\"twitter:label1\" content=\"Estimeret l\u00e6setid\" \/>\n\t<meta name=\"twitter:data1\" content=\"1 minut\" \/>\n<script type=\"application\/ld+json\" class=\"yoast-schema-graph\">{\"@context\":\"https:\/\/schema.org\",\"@graph\":[{\"@type\":\"WebPage\",\"@id\":\"https:\/\/arcticexcursions.com\/udflugter\/nalluarsuk-view-to-the-famous-icefiord-of-ilulissat\/\",\"url\":\"https:\/\/arcticexcursions.com\/udflugter\/nalluarsuk-view-to-the-famous-icefiord-of-ilulissat\/\",\"name\":\"Nalluarsuk - Udsigt til den ber\u00f8mte isfjord i Ilulissat - Arctic Excursions\",\"isPartOf\":{\"@id\":\"https:\/\/arcticexcursions.com\/#website\"},\"primaryImageOfPage\":{\"@id\":\"https:\/\/arcticexcursions.com\/udflugter\/nalluarsuk-view-to-the-famous-icefiord-of-ilulissat\/#primaryimage\"},\"image\":{\"@id\":\"https:\/\/arcticexcursions.com\/udflugter\/nalluarsuk-view-to-the-famous-icefiord-of-ilulissat\/#primaryimage\"},\"thumbnailUrl\":\"https:\/\/arcticexcursions.com\/wp-content\/uploads\/2022\/11\/Qimusseq-3.png\",\"datePublished\":\"2024-03-20T15:56:53+00:00\",\"dateModified\":\"2026-02-18T12:01:41+00:00\",\"breadcrumb\":{\"@id\":\"https:\/\/arcticexcursions.com\/udflugter\/nalluarsuk-view-to-the-famous-icefiord-of-ilulissat\/#breadcrumb\"},\"inLanguage\":\"da-DK\",\"potentialAction\":[{\"@type\":\"ReadAction\",\"target\":[\"https:\/\/arcticexcursions.com\/udflugter\/nalluarsuk-view-to-the-famous-icefiord-of-ilulissat\/\"]}]},{\"@type\":\"ImageObject\",\"inLanguage\":\"da-DK\",\"@id\":\"https:\/\/arcticexcursions.com\/udflugter\/nalluarsuk-view-to-the-famous-icefiord-of-ilulissat\/#primaryimage\",\"url\":\"https:\/\/arcticexcursions.com\/wp-content\/uploads\/2022\/11\/Qimusseq-3.png\",\"contentUrl\":\"https:\/\/arcticexcursions.com\/wp-content\/uploads\/2022\/11\/Qimusseq-3.png\",\"width\":378,\"height\":503},{\"@type\":\"BreadcrumbList\",\"@id\":\"https:\/\/arcticexcursions.com\/udflugter\/nalluarsuk-view-to-the-famous-icefiord-of-ilulissat\/#breadcrumb\",\"itemListElement\":[{\"@type\":\"ListItem\",\"position\":1,\"name\":\"Home\",\"item\":\"https:\/\/arcticexcursions.com\/da\/\"},{\"@type\":\"ListItem\",\"position\":2,\"name\":\"Udflugter i Gr\u00f8nland\",\"item\":\"https:\/\/arcticexcursions.com\/da\/udflugter\/\"},{\"@type\":\"ListItem\",\"position\":3,\"name\":\"Nalluarsuk &#8211; Udsigt til den ber\u00f8mte isfjord i Ilulissat\"}]},{\"@type\":\"WebSite\",\"@id\":\"https:\/\/arcticexcursions.com\/#website\",\"url\":\"https:\/\/arcticexcursions.com\/\",\"name\":\"Arctic Excursions\",\"description\":\"New adventures. Every day.\",\"publisher\":{\"@id\":\"https:\/\/arcticexcursions.com\/#organization\"},\"potentialAction\":[{\"@type\":\"SearchAction\",\"target\":{\"@type\":\"EntryPoint\",\"urlTemplate\":\"https:\/\/arcticexcursions.com\/?s={search_term_string}\"},\"query-input\":{\"@type\":\"PropertyValueSpecification\",\"valueRequired\":true,\"valueName\":\"search_term_string\"}}],\"inLanguage\":\"da-DK\"},{\"@type\":\"Organization\",\"@id\":\"https:\/\/arcticexcursions.com\/#organization\",\"name\":\"Arctic Excursions\",\"url\":\"https:\/\/arcticexcursions.com\/\",\"logo\":{\"@type\":\"ImageObject\",\"inLanguage\":\"da-DK\",\"@id\":\"https:\/\/arcticexcursions.com\/#\/schema\/logo\/image\/\",\"url\":\"https:\/\/arcticexcursions.com\/wp-content\/uploads\/2022\/11\/fb-logo.png\",\"contentUrl\":\"https:\/\/arcticexcursions.com\/wp-content\/uploads\/2022\/11\/fb-logo.png\",\"width\":523,\"height\":523,\"caption\":\"Arctic Excursions\"},\"image\":{\"@id\":\"https:\/\/arcticexcursions.com\/#\/schema\/logo\/image\/\"}}]}<\/script>\n<!-- \/ Yoast SEO plugin. -->","yoast_head_json":{"title":"Arctic Excursions","robots":{"index":"index","follow":"follow","max-snippet":"max-snippet:-1","max-image-preview":"max-image-preview:large","max-video-preview":"max-video-preview:-1"},"canonical":"https:\/\/arcticexcursions.com\/udflugter\/nalluarsuk-view-to-the-famous-icefiord-of-ilulissat\/","og_locale":"da_DK","og_type":"article","og_title":"Nalluarsuk - Udsigt til den ber\u00f8mte isfjord i Ilulissat - Arctic Excursions","og_description":"Oplev 4 timers hundesl\u00e6detur til det fantastiske UNESCO-omr\u00e5de","og_url":"https:\/\/arcticexcursions.com\/udflugter\/nalluarsuk-view-to-the-famous-icefiord-of-ilulissat\/","og_site_name":"Arctic Excursions","article_modified_time":"2026-02-18T12:01:41+00:00","og_image":[{"width":378,"height":503,"url":"https:\/\/arcticexcursions.com\/wp-content\/uploads\/2022\/11\/Qimusseq-3.png","type":"image\/png"}],"twitter_card":"summary_large_image","twitter_misc":{"Estimeret l\u00e6setid":"1 minut"},"schema":{"@context":"https:\/\/schema.org","@graph":[{"@type":"WebPage","@id":"https:\/\/arcticexcursions.com\/udflugter\/nalluarsuk-view-to-the-famous-icefiord-of-ilulissat\/","url":"https:\/\/arcticexcursions.com\/udflugter\/nalluarsuk-view-to-the-famous-icefiord-of-ilulissat\/","name":"Nalluarsuk - Udsigt til den ber\u00f8mte isfjord i Ilulissat - Arctic Excursions","isPartOf":{"@id":"https:\/\/arcticexcursions.com\/#website"},"primaryImageOfPage":{"@id":"https:\/\/arcticexcursions.com\/udflugter\/nalluarsuk-view-to-the-famous-icefiord-of-ilulissat\/#primaryimage"},"image":{"@id":"https:\/\/arcticexcursions.com\/udflugter\/nalluarsuk-view-to-the-famous-icefiord-of-ilulissat\/#primaryimage"},"thumbnailUrl":"https:\/\/arcticexcursions.com\/wp-content\/uploads\/2022\/11\/Qimusseq-3.png","datePublished":"2024-03-20T15:56:53+00:00","dateModified":"2026-02-18T12:01:41+00:00","breadcrumb":{"@id":"https:\/\/arcticexcursions.com\/udflugter\/nalluarsuk-view-to-the-famous-icefiord-of-ilulissat\/#breadcrumb"},"inLanguage":"da-DK","potentialAction":[{"@type":"ReadAction","target":["https:\/\/arcticexcursions.com\/udflugter\/nalluarsuk-view-to-the-famous-icefiord-of-ilulissat\/"]}]},{"@type":"ImageObject","inLanguage":"da-DK","@id":"https:\/\/arcticexcursions.com\/udflugter\/nalluarsuk-view-to-the-famous-icefiord-of-ilulissat\/#primaryimage","url":"https:\/\/arcticexcursions.com\/wp-content\/uploads\/2022\/11\/Qimusseq-3.png","contentUrl":"https:\/\/arcticexcursions.com\/wp-content\/uploads\/2022\/11\/Qimusseq-3.png","width":378,"height":503},{"@type":"BreadcrumbList","@id":"https:\/\/arcticexcursions.com\/udflugter\/nalluarsuk-view-to-the-famous-icefiord-of-ilulissat\/#breadcrumb","itemListElement":[{"@type":"ListItem","position":1,"name":"Home","item":"https:\/\/arcticexcursions.com\/da\/"},{"@type":"ListItem","position":2,"name":"Udflugter i Gr\u00f8nland","item":"https:\/\/arcticexcursions.com\/da\/udflugter\/"},{"@type":"ListItem","position":3,"name":"Nalluarsuk &#8211; Udsigt til den ber\u00f8mte isfjord i Ilulissat"}]},{"@type":"WebSite","@id":"https:\/\/arcticexcursions.com\/#website","url":"https:\/\/arcticexcursions.com\/","name":"Arctic Excursions","description":"New adventures. Every day.","publisher":{"@id":"https:\/\/arcticexcursions.com\/#organization"},"potentialAction":[{"@type":"SearchAction","target":{"@type":"EntryPoint","urlTemplate":"https:\/\/arcticexcursions.com\/?s={search_term_string}"},"query-input":{"@type":"PropertyValueSpecification","valueRequired":true,"valueName":"search_term_string"}}],"inLanguage":"da-DK"},{"@type":"Organization","@id":"https:\/\/arcticexcursions.com\/#organization","name":"Arctic Excursions","url":"https:\/\/arcticexcursions.com\/","logo":{"@type":"ImageObject","inLanguage":"da-DK","@id":"https:\/\/arcticexcursions.com\/#\/schema\/logo\/image\/","url":"https:\/\/arcticexcursions.com\/wp-content\/uploads\/2022\/11\/fb-logo.png","contentUrl":"https:\/\/arcticexcursions.com\/wp-content\/uploads\/2022\/11\/fb-logo.png","width":523,"height":523,"caption":"Arctic Excursions"},"image":{"@id":"https:\/\/arcticexcursions.com\/#\/schema\/logo\/image\/"}}]}},"_links":{"self":[{"href":"https:\/\/arcticexcursions.com\/da\/wp-json\/wp\/v2\/product\/35091"}],"collection":[{"href":"https:\/\/arcticexcursions.com\/da\/wp-json\/wp\/v2\/product"}],"about":[{"href":"https:\/\/arcticexcursions.com\/da\/wp-json\/wp\/v2\/types\/product"}],"replies":[{"embeddable":true,"href":"https:\/\/arcticexcursions.com\/da\/wp-json\/wp\/v2\/comments?post=35091"}],"wp:featuredmedia":[{"embeddable":true,"href":"https:\/\/arcticexcursions.com\/da\/wp-json\/wp\/v2\/media\/5278"}],"wp:attachment":[{"href":"https:\/\/arcticexcursions.com\/da\/wp-json\/wp\/v2\/media?parent=35091"}],"wp:term":[{"taxonomy":"product_brand","embeddable":true,"href":"https:\/\/arcticexcursions.com\/da\/wp-json\/wp\/v2\/product_brand?post=35091"},{"taxonomy":"product_cat","embeddable":true,"href":"https:\/\/arcticexcursions.com\/da\/wp-json\/wp\/v2\/product_cat?post=35091"},{"taxonomy":"product_tag","embeddable":true,"href":"https:\/\/arcticexcursions.com\/da\/wp-json\/wp\/v2\/product_tag?post=35091"}],"curies":[{"name":"wp","href":"https:\/\/api.w.org\/{rel}","templated":true}]}}