{"id":35178,"date":"2024-03-21T13:08:15","date_gmt":"2024-03-21T11:08:15","guid":{"rendered":"https:\/\/arcticexcursions.com\/?post_type=product&#038;p=35178"},"modified":"2025-11-05T19:30:05","modified_gmt":"2025-11-05T17:30:05","slug":"the-epic-day-trip","status":"publish","type":"product","link":"https:\/\/arcticexcursions.com\/da\/udflugter\/the-epic-day-trip\/","title":{"rendered":"Den episke dagstur"},"content":{"rendered":"<p>Kl. 9.30 begynder vi den legendariske dag ved Kulusuk eller Tasiilaq, afh\u00e6ngigt af hvor du bor. Vi begynder at sejle med vores \u00e6gte motorb\u00e5d, som vi har f\u00e5et af vores p\u00e5lidelige lokale j\u00e6ger fra Kulusuk, Lars Bianco, efter at have givet dig et kort over dagens rute. <\/p>\n<p>Turen til Apusiaii-gletsjeren kan tage alt fra 20 til 45 minutter, afh\u00e6ngigt af hvor vi begynder (20 minutter fra Kulusuk). Langs ruten kan vi se talrige isbjerge, der er drevet fra fjerne gletsjere, b\u00e5ret af storme og str\u00f8mme op til 200 kilometer l\u00e6ngere nordp\u00e5. For at garantere de bedste billeder og minder af disse flydende k\u00e6mper, tager vi os god tid og sejler forsigtigt rundt om nogle af dem. <\/p>\n<p>Vi f\u00e5r et betagende glimt af den 20-30 meter h\u00f8je mur af is, der k\u00e6lver p\u00e5 vandet i et 500 meter langt halvcirkelteater, n\u00e5r vi n\u00e5r frem til gletsjerfronten. <\/p>\n<p>Efter en hurtig sikkerhedslektion l\u00e6gger vi b\u00e5den sikkert til kaj t\u00e6t p\u00e5, og vores guide giver dig noget udstyr til at udforske gletsjeren. <\/p>\n<p>Gletschervandringen med sele, hjelm, steigeisen og is\u00f8kse er ret let, men vi g\u00f8r det sjovere ved at vise dig rundt p\u00e5 en mere interessant del af gletscheren med en sej spalteformation, hvor du kan l\u00e6re og \u00f8ve dig i isklatring med en fantastisk udsigt, hvis du har lyst! <\/p>\n<p>Efter denne sp\u00e6ndende rejse g\u00e5r vi videre til en af de mest sp\u00e6ndende dele af denne fantastiske dag: at udforske den eneste isgrotte, der findes i hele Gr\u00f8nland!<br \/>\nAt v\u00e6re den f\u00f8rste virksomhed, der finder denne fantastiske skjulte perle og kan vise dig dette fortryllende sted, g\u00f8r os ekstremt stolte. <\/p>\n<p><b>Inkluderet:<\/b><br \/>\n8 timers guidet tur, b\u00e5d, udstyr til gletsjerne, hundemad, en smagspr\u00f8ve p\u00e5 det gr\u00f8nlandske k\u00f8kken og en unik, traditionel gave til alle bes\u00f8gende!<\/p>\n<p><b>Hvad skal du pakke?<\/b><br \/>\nGodt t\u00f8j og vandrest\u00f8vler<\/p>\n<p><b>Deltagere:<\/b> Bem\u00e6rk venligst at der kun kan deltage maksimalt 6 personer.<\/p>\n<p><b>Varighed:<\/b> 8 timer<\/p>\n","protected":false},"excerpt":{"rendered":"<p>Oplev den eneste isgrotte i hele Gr\u00f8nland. Deltag i aktiviteter som isklatring, isbjergskrydstogt, fiskeri, hundefodring og en kulturvandring i Kulusuk.<\/p>\n","protected":false},"featured_media":35149,"comment_status":"open","ping_status":"closed","template":"","meta":{"_acf_changed":false},"product_brand":[],"product_cat":[101,170],"product_tag":[],"class_list":{"0":"post-35178","1":"product","2":"type-product","3":"status-publish","4":"has-post-thumbnail","6":"product_cat-tour","7":"product_cat-udflugt","8":"pa_dato-1031","9":"pa_dato-1032","10":"pa_dato-988","11":"pa_dato-990","12":"pa_dato-989","13":"pa_dato-991","14":"pa_tidspunkt-38","15":"tour_location-kulusuk-da","16":"tour_type-outdoor-da","17":"tour_tickettype-arctic_excursions","18":"tour_operator-nunatak-adventures","20":"first","21":"outofstock","22":"shipping-taxable","23":"product-type-variable"},"acf":[],"yoast_head":"<!-- This site is optimized with the Yoast SEO plugin v23.6 - https:\/\/yoast.com\/wordpress\/plugins\/seo\/ -->\n<title>Arctic Excursions<\/title>\n<meta name=\"robots\" content=\"index, follow, max-snippet:-1, max-image-preview:large, max-video-preview:-1\" \/>\n<link rel=\"canonical\" href=\"https:\/\/arcticexcursions.com\/udflugter\/the-epic-day-trip\/\" \/>\n<meta property=\"og:locale\" content=\"da_DK\" \/>\n<meta property=\"og:type\" content=\"article\" \/>\n<meta property=\"og:title\" content=\"Den episke dagstur - Arctic Excursions\" \/>\n<meta property=\"og:description\" content=\"Oplev den eneste isgrotte i hele Gr\u00f8nland. Deltag i aktiviteter som isklatring, isbjergskrydstogt, fiskeri, hundefodring og en kulturvandring i Kulusuk.\" \/>\n<meta property=\"og:url\" content=\"https:\/\/arcticexcursions.com\/udflugter\/the-epic-day-trip\/\" \/>\n<meta property=\"og:site_name\" content=\"Arctic Excursions\" \/>\n<meta property=\"article:modified_time\" content=\"2025-11-05T17:30:05+00:00\" \/>\n<meta property=\"og:image\" content=\"https:\/\/arcticexcursions.com\/wp-content\/uploads\/2024\/03\/DSC_7773-1024x683.jpg\" \/>\n\t<meta property=\"og:image:width\" content=\"1024\" \/>\n\t<meta property=\"og:image:height\" content=\"683\" \/>\n\t<meta property=\"og:image:type\" content=\"image\/jpeg\" \/>\n<meta name=\"twitter:card\" content=\"summary_large_image\" \/>\n<meta name=\"twitter:label1\" content=\"Estimeret l\u00e6setid\" \/>\n\t<meta name=\"twitter:data1\" content=\"2 minutter\" \/>\n<script type=\"application\/ld+json\" class=\"yoast-schema-graph\">{\"@context\":\"https:\/\/schema.org\",\"@graph\":[{\"@type\":\"WebPage\",\"@id\":\"https:\/\/arcticexcursions.com\/udflugter\/the-epic-day-trip\/\",\"url\":\"https:\/\/arcticexcursions.com\/udflugter\/the-epic-day-trip\/\",\"name\":\"Den episke dagstur - Arctic Excursions\",\"isPartOf\":{\"@id\":\"https:\/\/arcticexcursions.com\/#website\"},\"primaryImageOfPage\":{\"@id\":\"https:\/\/arcticexcursions.com\/udflugter\/the-epic-day-trip\/#primaryimage\"},\"image\":{\"@id\":\"https:\/\/arcticexcursions.com\/udflugter\/the-epic-day-trip\/#primaryimage\"},\"thumbnailUrl\":\"https:\/\/arcticexcursions.com\/wp-content\/uploads\/2024\/03\/DSC_7773.jpg\",\"datePublished\":\"2024-03-21T11:08:15+00:00\",\"dateModified\":\"2025-11-05T17:30:05+00:00\",\"breadcrumb\":{\"@id\":\"https:\/\/arcticexcursions.com\/udflugter\/the-epic-day-trip\/#breadcrumb\"},\"inLanguage\":\"da-DK\",\"potentialAction\":[{\"@type\":\"ReadAction\",\"target\":[\"https:\/\/arcticexcursions.com\/udflugter\/the-epic-day-trip\/\"]}]},{\"@type\":\"ImageObject\",\"inLanguage\":\"da-DK\",\"@id\":\"https:\/\/arcticexcursions.com\/udflugter\/the-epic-day-trip\/#primaryimage\",\"url\":\"https:\/\/arcticexcursions.com\/wp-content\/uploads\/2024\/03\/DSC_7773.jpg\",\"contentUrl\":\"https:\/\/arcticexcursions.com\/wp-content\/uploads\/2024\/03\/DSC_7773.jpg\",\"width\":2048,\"height\":1365},{\"@type\":\"BreadcrumbList\",\"@id\":\"https:\/\/arcticexcursions.com\/udflugter\/the-epic-day-trip\/#breadcrumb\",\"itemListElement\":[{\"@type\":\"ListItem\",\"position\":1,\"name\":\"Home\",\"item\":\"https:\/\/arcticexcursions.com\/da\/\"},{\"@type\":\"ListItem\",\"position\":2,\"name\":\"Udflugter i Gr\u00f8nland\",\"item\":\"https:\/\/arcticexcursions.com\/da\/udflugter\/\"},{\"@type\":\"ListItem\",\"position\":3,\"name\":\"Den episke dagstur\"}]},{\"@type\":\"WebSite\",\"@id\":\"https:\/\/arcticexcursions.com\/#website\",\"url\":\"https:\/\/arcticexcursions.com\/\",\"name\":\"Arctic Excursions\",\"description\":\"New adventures. Every day.\",\"publisher\":{\"@id\":\"https:\/\/arcticexcursions.com\/#organization\"},\"potentialAction\":[{\"@type\":\"SearchAction\",\"target\":{\"@type\":\"EntryPoint\",\"urlTemplate\":\"https:\/\/arcticexcursions.com\/?s={search_term_string}\"},\"query-input\":{\"@type\":\"PropertyValueSpecification\",\"valueRequired\":true,\"valueName\":\"search_term_string\"}}],\"inLanguage\":\"da-DK\"},{\"@type\":\"Organization\",\"@id\":\"https:\/\/arcticexcursions.com\/#organization\",\"name\":\"Arctic Excursions\",\"url\":\"https:\/\/arcticexcursions.com\/\",\"logo\":{\"@type\":\"ImageObject\",\"inLanguage\":\"da-DK\",\"@id\":\"https:\/\/arcticexcursions.com\/#\/schema\/logo\/image\/\",\"url\":\"https:\/\/arcticexcursions.com\/wp-content\/uploads\/2022\/11\/fb-logo.png\",\"contentUrl\":\"https:\/\/arcticexcursions.com\/wp-content\/uploads\/2022\/11\/fb-logo.png\",\"width\":523,\"height\":523,\"caption\":\"Arctic Excursions\"},\"image\":{\"@id\":\"https:\/\/arcticexcursions.com\/#\/schema\/logo\/image\/\"}}]}<\/script>\n<!-- \/ Yoast SEO plugin. -->","yoast_head_json":{"title":"Arctic Excursions","robots":{"index":"index","follow":"follow","max-snippet":"max-snippet:-1","max-image-preview":"max-image-preview:large","max-video-preview":"max-video-preview:-1"},"canonical":"https:\/\/arcticexcursions.com\/udflugter\/the-epic-day-trip\/","og_locale":"da_DK","og_type":"article","og_title":"Den episke dagstur - Arctic Excursions","og_description":"Oplev den eneste isgrotte i hele Gr\u00f8nland. Deltag i aktiviteter som isklatring, isbjergskrydstogt, fiskeri, hundefodring og en kulturvandring i Kulusuk.","og_url":"https:\/\/arcticexcursions.com\/udflugter\/the-epic-day-trip\/","og_site_name":"Arctic Excursions","article_modified_time":"2025-11-05T17:30:05+00:00","og_image":[{"width":1024,"height":683,"url":"https:\/\/arcticexcursions.com\/wp-content\/uploads\/2024\/03\/DSC_7773-1024x683.jpg","type":"image\/jpeg"}],"twitter_card":"summary_large_image","twitter_misc":{"Estimeret l\u00e6setid":"2 minutter"},"schema":{"@context":"https:\/\/schema.org","@graph":[{"@type":"WebPage","@id":"https:\/\/arcticexcursions.com\/udflugter\/the-epic-day-trip\/","url":"https:\/\/arcticexcursions.com\/udflugter\/the-epic-day-trip\/","name":"Den episke dagstur - Arctic Excursions","isPartOf":{"@id":"https:\/\/arcticexcursions.com\/#website"},"primaryImageOfPage":{"@id":"https:\/\/arcticexcursions.com\/udflugter\/the-epic-day-trip\/#primaryimage"},"image":{"@id":"https:\/\/arcticexcursions.com\/udflugter\/the-epic-day-trip\/#primaryimage"},"thumbnailUrl":"https:\/\/arcticexcursions.com\/wp-content\/uploads\/2024\/03\/DSC_7773.jpg","datePublished":"2024-03-21T11:08:15+00:00","dateModified":"2025-11-05T17:30:05+00:00","breadcrumb":{"@id":"https:\/\/arcticexcursions.com\/udflugter\/the-epic-day-trip\/#breadcrumb"},"inLanguage":"da-DK","potentialAction":[{"@type":"ReadAction","target":["https:\/\/arcticexcursions.com\/udflugter\/the-epic-day-trip\/"]}]},{"@type":"ImageObject","inLanguage":"da-DK","@id":"https:\/\/arcticexcursions.com\/udflugter\/the-epic-day-trip\/#primaryimage","url":"https:\/\/arcticexcursions.com\/wp-content\/uploads\/2024\/03\/DSC_7773.jpg","contentUrl":"https:\/\/arcticexcursions.com\/wp-content\/uploads\/2024\/03\/DSC_7773.jpg","width":2048,"height":1365},{"@type":"BreadcrumbList","@id":"https:\/\/arcticexcursions.com\/udflugter\/the-epic-day-trip\/#breadcrumb","itemListElement":[{"@type":"ListItem","position":1,"name":"Home","item":"https:\/\/arcticexcursions.com\/da\/"},{"@type":"ListItem","position":2,"name":"Udflugter i Gr\u00f8nland","item":"https:\/\/arcticexcursions.com\/da\/udflugter\/"},{"@type":"ListItem","position":3,"name":"Den episke dagstur"}]},{"@type":"WebSite","@id":"https:\/\/arcticexcursions.com\/#website","url":"https:\/\/arcticexcursions.com\/","name":"Arctic Excursions","description":"New adventures. Every day.","publisher":{"@id":"https:\/\/arcticexcursions.com\/#organization"},"potentialAction":[{"@type":"SearchAction","target":{"@type":"EntryPoint","urlTemplate":"https:\/\/arcticexcursions.com\/?s={search_term_string}"},"query-input":{"@type":"PropertyValueSpecification","valueRequired":true,"valueName":"search_term_string"}}],"inLanguage":"da-DK"},{"@type":"Organization","@id":"https:\/\/arcticexcursions.com\/#organization","name":"Arctic Excursions","url":"https:\/\/arcticexcursions.com\/","logo":{"@type":"ImageObject","inLanguage":"da-DK","@id":"https:\/\/arcticexcursions.com\/#\/schema\/logo\/image\/","url":"https:\/\/arcticexcursions.com\/wp-content\/uploads\/2022\/11\/fb-logo.png","contentUrl":"https:\/\/arcticexcursions.com\/wp-content\/uploads\/2022\/11\/fb-logo.png","width":523,"height":523,"caption":"Arctic Excursions"},"image":{"@id":"https:\/\/arcticexcursions.com\/#\/schema\/logo\/image\/"}}]}},"_links":{"self":[{"href":"https:\/\/arcticexcursions.com\/da\/wp-json\/wp\/v2\/product\/35178"}],"collection":[{"href":"https:\/\/arcticexcursions.com\/da\/wp-json\/wp\/v2\/product"}],"about":[{"href":"https:\/\/arcticexcursions.com\/da\/wp-json\/wp\/v2\/types\/product"}],"replies":[{"embeddable":true,"href":"https:\/\/arcticexcursions.com\/da\/wp-json\/wp\/v2\/comments?post=35178"}],"wp:featuredmedia":[{"embeddable":true,"href":"https:\/\/arcticexcursions.com\/da\/wp-json\/wp\/v2\/media\/35149"}],"wp:attachment":[{"href":"https:\/\/arcticexcursions.com\/da\/wp-json\/wp\/v2\/media?parent=35178"}],"wp:term":[{"taxonomy":"product_brand","embeddable":true,"href":"https:\/\/arcticexcursions.com\/da\/wp-json\/wp\/v2\/product_brand?post=35178"},{"taxonomy":"product_cat","embeddable":true,"href":"https:\/\/arcticexcursions.com\/da\/wp-json\/wp\/v2\/product_cat?post=35178"},{"taxonomy":"product_tag","embeddable":true,"href":"https:\/\/arcticexcursions.com\/da\/wp-json\/wp\/v2\/product_tag?post=35178"}],"curies":[{"name":"wp","href":"https:\/\/api.w.org\/{rel}","templated":true}]}}