{"id":35233,"date":"2024-03-25T14:02:47","date_gmt":"2024-03-25T12:02:47","guid":{"rendered":"https:\/\/arcticexcursions.com\/?post_type=product&#038;p=35233"},"modified":"2025-02-10T16:11:05","modified_gmt":"2025-02-10T14:11:05","slug":"the-icefiord-trail","status":"publish","type":"product","link":"https:\/\/arcticexcursions.com\/da\/udflugter\/the-icefiord-trail\/","title":{"rendered":"Isfjordshike"},"content":{"rendered":"<p>For dem, der v\u00e6lger at tilbringe mange dage med at vandre i hjertet af den gr\u00f8nlandske vildmark, er dette en mulighed. M\u00e5ske ser vi et par rensdyr, men ellers er det bare den storsl\u00e5ede gr\u00f8nlandske natur og os.<\/p>\n<p>Vores rejse kulminerer i de charmerende og hyggelige omgivelser i Camp Kangiusaq, hvor vi f\u00e5r mulighed for at pr\u00f8ve kr\u00e6fter med fiskeri og kajak- eller paddleboarding mellem isbjerge. Vi sl\u00e5r lejr med udsigt til gletsjere og Isfjorden og samler vand i b\u00e6kke og elve undervejs. Du kan ogs\u00e5 v\u00e6lge at blive l\u00e6ngere i lejren.<\/p>\n<p>B\u00e5de i Camp Kangiusaq og p\u00e5 hele turen er der s\u00f8rget for alle m\u00e5ltider.<\/p>\n<p><b>Dag 1:<\/b> giver os en rolig begyndelse. Vi rejser fra Kapisillit til Isfjorden med en malerisk b\u00e5dtur fra Nuuk. Vores rute er for det meste j\u00e6vn, mens vi f\u00f8lger isfjorden til vores f\u00f8rste lejrplads ved siden af en stor s\u00f8. P\u00e5 en klar dag kan vi se den dybeste gletsjer i Nuuk-fjorden.<\/p>\n<p><b>Dag 2:<\/b> bringer os op i ca. 600 meters h\u00f8jde, hvor vi ankommer til en scene, der minder om en bjergtop, komplet med s\u00f8er og sm\u00e5 bakker, der tilbyder flere udsigtspunkter over Isfjorden. Med udsigt til Narsap Sermia-gletsjeren sl\u00e5r vi lejr n\u00e6r &#8220;Sommerfugles\u00f8en&#8221;.<\/p>\n<p><b>Dag 3:<\/b> er den korteste dag med en tur ned ad bakke til Camp Kangiusaq, hvor vi kan pr\u00f8ve at fiske, sejle i kajak eller paddleboard, sove i komfortable telte med passende senge og spise mad lavet af lejrpersonalet. Efter vores vandretur kan vi bare slappe af i lejren.<\/p>\n<p><b>Dag 4:<\/b> Inden vi k\u00f8rer tilbage til Nuuk ved middagstid, kan vi tilbringe formiddagen i lejrens dejlige omgivelser. Du har mulighed for at blive l\u00e6ngere i lejren.<\/p>\n<p><b>Varighed:<\/b> 4 dage &#8211; 3 n\u00e6tter.<\/p>\n<p><b>Inkluderet:<\/b><br \/>\nMad og drikke under hele turen.<br \/>\nGuide til sikkerhedsudstyr<br \/>\nPaddleboard og kajak til fri afbenyttelse i lejren.<\/p>\n","protected":false},"excerpt":{"rendered":"<p>For dem, der \u00f8nsker at komme ud i den gr\u00f8nlandske natur med udsigt til gletsjere, dyreliv og is &#8211; et eventyr, der er v\u00e6rd at pr\u00f8ve!<\/p>\n","protected":false},"featured_media":38309,"comment_status":"open","ping_status":"closed","template":"","meta":{"_acf_changed":false},"product_brand":[],"product_cat":[170],"product_tag":[],"class_list":{"0":"post-35233","1":"product","2":"type-product","3":"status-publish","4":"has-post-thumbnail","6":"product_cat-udflugt","7":"pa_dato-1049","8":"pa_dato-1186","9":"pa_tidspunkt-72","10":"tour_location-nuuk-da","11":"tour_type-outdoor-da","12":"tour_tickettype-arctic_excursions","13":"tour_operator-nuuk-water-taxi","15":"first","16":"outofstock","17":"shipping-taxable","18":"product-type-variable"},"acf":[],"yoast_head":"<!-- This site is optimized with the Yoast SEO plugin v23.6 - https:\/\/yoast.com\/wordpress\/plugins\/seo\/ -->\n<title>Arctic Excursions<\/title>\n<meta name=\"robots\" content=\"index, follow, max-snippet:-1, max-image-preview:large, max-video-preview:-1\" \/>\n<link rel=\"canonical\" href=\"https:\/\/arcticexcursions.com\/da\/udflugter\/the-icefiord-trail\/\" \/>\n<meta property=\"og:locale\" content=\"da_DK\" \/>\n<meta property=\"og:type\" content=\"article\" \/>\n<meta property=\"og:title\" content=\"Isfjordshike - Arctic Excursions\" \/>\n<meta property=\"og:description\" content=\"For dem, der \u00f8nsker at komme ud i den gr\u00f8nlandske natur med udsigt til gletsjere, dyreliv og is - et eventyr, der er v\u00e6rd at pr\u00f8ve!\" \/>\n<meta property=\"og:url\" content=\"https:\/\/arcticexcursions.com\/da\/udflugter\/the-icefiord-trail\/\" \/>\n<meta property=\"og:site_name\" content=\"Arctic Excursions\" \/>\n<meta property=\"article:modified_time\" content=\"2025-02-10T14:11:05+00:00\" \/>\n<meta property=\"og:image\" content=\"https:\/\/arcticexcursions.com\/wp-content\/uploads\/2024\/06\/Kapisillit-fall-5-of-29-scaled.jpg\" \/>\n\t<meta property=\"og:image:width\" content=\"2560\" \/>\n\t<meta property=\"og:image:height\" content=\"1707\" \/>\n\t<meta property=\"og:image:type\" content=\"image\/jpeg\" \/>\n<meta name=\"twitter:card\" content=\"summary_large_image\" \/>\n<meta name=\"twitter:label1\" content=\"Estimeret l\u00e6setid\" \/>\n\t<meta name=\"twitter:data1\" content=\"2 minutter\" \/>\n<script type=\"application\/ld+json\" class=\"yoast-schema-graph\">{\"@context\":\"https:\/\/schema.org\",\"@graph\":[{\"@type\":\"WebPage\",\"@id\":\"https:\/\/arcticexcursions.com\/da\/udflugter\/the-icefiord-trail\/\",\"url\":\"https:\/\/arcticexcursions.com\/da\/udflugter\/the-icefiord-trail\/\",\"name\":\"Isfjordshike - Arctic Excursions\",\"isPartOf\":{\"@id\":\"https:\/\/arcticexcursions.com\/#website\"},\"primaryImageOfPage\":{\"@id\":\"https:\/\/arcticexcursions.com\/da\/udflugter\/the-icefiord-trail\/#primaryimage\"},\"image\":{\"@id\":\"https:\/\/arcticexcursions.com\/da\/udflugter\/the-icefiord-trail\/#primaryimage\"},\"thumbnailUrl\":\"https:\/\/arcticexcursions.com\/wp-content\/uploads\/2024\/06\/Kapisillit-fall-5-of-29-scaled.jpg\",\"datePublished\":\"2024-03-25T12:02:47+00:00\",\"dateModified\":\"2025-02-10T14:11:05+00:00\",\"breadcrumb\":{\"@id\":\"https:\/\/arcticexcursions.com\/da\/udflugter\/the-icefiord-trail\/#breadcrumb\"},\"inLanguage\":\"da-DK\",\"potentialAction\":[{\"@type\":\"ReadAction\",\"target\":[\"https:\/\/arcticexcursions.com\/da\/udflugter\/the-icefiord-trail\/\"]}]},{\"@type\":\"ImageObject\",\"inLanguage\":\"da-DK\",\"@id\":\"https:\/\/arcticexcursions.com\/da\/udflugter\/the-icefiord-trail\/#primaryimage\",\"url\":\"https:\/\/arcticexcursions.com\/wp-content\/uploads\/2024\/06\/Kapisillit-fall-5-of-29-scaled.jpg\",\"contentUrl\":\"https:\/\/arcticexcursions.com\/wp-content\/uploads\/2024\/06\/Kapisillit-fall-5-of-29-scaled.jpg\",\"width\":2560,\"height\":1707},{\"@type\":\"BreadcrumbList\",\"@id\":\"https:\/\/arcticexcursions.com\/da\/udflugter\/the-icefiord-trail\/#breadcrumb\",\"itemListElement\":[{\"@type\":\"ListItem\",\"position\":1,\"name\":\"Home\",\"item\":\"https:\/\/arcticexcursions.com\/da\/\"},{\"@type\":\"ListItem\",\"position\":2,\"name\":\"Udflugter i Gr\u00f8nland\",\"item\":\"https:\/\/arcticexcursions.com\/da\/udflugter\/\"},{\"@type\":\"ListItem\",\"position\":3,\"name\":\"Isfjordshike\"}]},{\"@type\":\"WebSite\",\"@id\":\"https:\/\/arcticexcursions.com\/#website\",\"url\":\"https:\/\/arcticexcursions.com\/\",\"name\":\"Arctic Excursions\",\"description\":\"New adventures. Every day.\",\"publisher\":{\"@id\":\"https:\/\/arcticexcursions.com\/#organization\"},\"potentialAction\":[{\"@type\":\"SearchAction\",\"target\":{\"@type\":\"EntryPoint\",\"urlTemplate\":\"https:\/\/arcticexcursions.com\/?s={search_term_string}\"},\"query-input\":{\"@type\":\"PropertyValueSpecification\",\"valueRequired\":true,\"valueName\":\"search_term_string\"}}],\"inLanguage\":\"da-DK\"},{\"@type\":\"Organization\",\"@id\":\"https:\/\/arcticexcursions.com\/#organization\",\"name\":\"Arctic Excursions\",\"url\":\"https:\/\/arcticexcursions.com\/\",\"logo\":{\"@type\":\"ImageObject\",\"inLanguage\":\"da-DK\",\"@id\":\"https:\/\/arcticexcursions.com\/#\/schema\/logo\/image\/\",\"url\":\"https:\/\/arcticexcursions.com\/wp-content\/uploads\/2022\/11\/fb-logo.png\",\"contentUrl\":\"https:\/\/arcticexcursions.com\/wp-content\/uploads\/2022\/11\/fb-logo.png\",\"width\":523,\"height\":523,\"caption\":\"Arctic Excursions\"},\"image\":{\"@id\":\"https:\/\/arcticexcursions.com\/#\/schema\/logo\/image\/\"}}]}<\/script>\n<!-- \/ Yoast SEO plugin. -->","yoast_head_json":{"title":"Arctic Excursions","robots":{"index":"index","follow":"follow","max-snippet":"max-snippet:-1","max-image-preview":"max-image-preview:large","max-video-preview":"max-video-preview:-1"},"canonical":"https:\/\/arcticexcursions.com\/da\/udflugter\/the-icefiord-trail\/","og_locale":"da_DK","og_type":"article","og_title":"Isfjordshike - Arctic Excursions","og_description":"For dem, der \u00f8nsker at komme ud i den gr\u00f8nlandske natur med udsigt til gletsjere, dyreliv og is - et eventyr, der er v\u00e6rd at pr\u00f8ve!","og_url":"https:\/\/arcticexcursions.com\/da\/udflugter\/the-icefiord-trail\/","og_site_name":"Arctic Excursions","article_modified_time":"2025-02-10T14:11:05+00:00","og_image":[{"width":2560,"height":1707,"url":"https:\/\/arcticexcursions.com\/wp-content\/uploads\/2024\/06\/Kapisillit-fall-5-of-29-scaled.jpg","type":"image\/jpeg"}],"twitter_card":"summary_large_image","twitter_misc":{"Estimeret l\u00e6setid":"2 minutter"},"schema":{"@context":"https:\/\/schema.org","@graph":[{"@type":"WebPage","@id":"https:\/\/arcticexcursions.com\/da\/udflugter\/the-icefiord-trail\/","url":"https:\/\/arcticexcursions.com\/da\/udflugter\/the-icefiord-trail\/","name":"Isfjordshike - Arctic Excursions","isPartOf":{"@id":"https:\/\/arcticexcursions.com\/#website"},"primaryImageOfPage":{"@id":"https:\/\/arcticexcursions.com\/da\/udflugter\/the-icefiord-trail\/#primaryimage"},"image":{"@id":"https:\/\/arcticexcursions.com\/da\/udflugter\/the-icefiord-trail\/#primaryimage"},"thumbnailUrl":"https:\/\/arcticexcursions.com\/wp-content\/uploads\/2024\/06\/Kapisillit-fall-5-of-29-scaled.jpg","datePublished":"2024-03-25T12:02:47+00:00","dateModified":"2025-02-10T14:11:05+00:00","breadcrumb":{"@id":"https:\/\/arcticexcursions.com\/da\/udflugter\/the-icefiord-trail\/#breadcrumb"},"inLanguage":"da-DK","potentialAction":[{"@type":"ReadAction","target":["https:\/\/arcticexcursions.com\/da\/udflugter\/the-icefiord-trail\/"]}]},{"@type":"ImageObject","inLanguage":"da-DK","@id":"https:\/\/arcticexcursions.com\/da\/udflugter\/the-icefiord-trail\/#primaryimage","url":"https:\/\/arcticexcursions.com\/wp-content\/uploads\/2024\/06\/Kapisillit-fall-5-of-29-scaled.jpg","contentUrl":"https:\/\/arcticexcursions.com\/wp-content\/uploads\/2024\/06\/Kapisillit-fall-5-of-29-scaled.jpg","width":2560,"height":1707},{"@type":"BreadcrumbList","@id":"https:\/\/arcticexcursions.com\/da\/udflugter\/the-icefiord-trail\/#breadcrumb","itemListElement":[{"@type":"ListItem","position":1,"name":"Home","item":"https:\/\/arcticexcursions.com\/da\/"},{"@type":"ListItem","position":2,"name":"Udflugter i Gr\u00f8nland","item":"https:\/\/arcticexcursions.com\/da\/udflugter\/"},{"@type":"ListItem","position":3,"name":"Isfjordshike"}]},{"@type":"WebSite","@id":"https:\/\/arcticexcursions.com\/#website","url":"https:\/\/arcticexcursions.com\/","name":"Arctic Excursions","description":"New adventures. Every day.","publisher":{"@id":"https:\/\/arcticexcursions.com\/#organization"},"potentialAction":[{"@type":"SearchAction","target":{"@type":"EntryPoint","urlTemplate":"https:\/\/arcticexcursions.com\/?s={search_term_string}"},"query-input":{"@type":"PropertyValueSpecification","valueRequired":true,"valueName":"search_term_string"}}],"inLanguage":"da-DK"},{"@type":"Organization","@id":"https:\/\/arcticexcursions.com\/#organization","name":"Arctic Excursions","url":"https:\/\/arcticexcursions.com\/","logo":{"@type":"ImageObject","inLanguage":"da-DK","@id":"https:\/\/arcticexcursions.com\/#\/schema\/logo\/image\/","url":"https:\/\/arcticexcursions.com\/wp-content\/uploads\/2022\/11\/fb-logo.png","contentUrl":"https:\/\/arcticexcursions.com\/wp-content\/uploads\/2022\/11\/fb-logo.png","width":523,"height":523,"caption":"Arctic Excursions"},"image":{"@id":"https:\/\/arcticexcursions.com\/#\/schema\/logo\/image\/"}}]}},"_links":{"self":[{"href":"https:\/\/arcticexcursions.com\/da\/wp-json\/wp\/v2\/product\/35233"}],"collection":[{"href":"https:\/\/arcticexcursions.com\/da\/wp-json\/wp\/v2\/product"}],"about":[{"href":"https:\/\/arcticexcursions.com\/da\/wp-json\/wp\/v2\/types\/product"}],"replies":[{"embeddable":true,"href":"https:\/\/arcticexcursions.com\/da\/wp-json\/wp\/v2\/comments?post=35233"}],"wp:featuredmedia":[{"embeddable":true,"href":"https:\/\/arcticexcursions.com\/da\/wp-json\/wp\/v2\/media\/38309"}],"wp:attachment":[{"href":"https:\/\/arcticexcursions.com\/da\/wp-json\/wp\/v2\/media?parent=35233"}],"wp:term":[{"taxonomy":"product_brand","embeddable":true,"href":"https:\/\/arcticexcursions.com\/da\/wp-json\/wp\/v2\/product_brand?post=35233"},{"taxonomy":"product_cat","embeddable":true,"href":"https:\/\/arcticexcursions.com\/da\/wp-json\/wp\/v2\/product_cat?post=35233"},{"taxonomy":"product_tag","embeddable":true,"href":"https:\/\/arcticexcursions.com\/da\/wp-json\/wp\/v2\/product_tag?post=35233"}],"curies":[{"name":"wp","href":"https:\/\/api.w.org\/{rel}","templated":true}]}}