{"id":35760,"date":"2024-06-27T11:15:03","date_gmt":"2024-06-27T09:15:03","guid":{"rendered":"https:\/\/arcticexcursions.com\/?post_type=product&#038;p=35760"},"modified":"2025-08-29T18:00:16","modified_gmt":"2025-08-29T16:00:16","slug":"4-nights-of-camping","status":"publish","type":"product","link":"https:\/\/arcticexcursions.com\/da\/udflugter\/4-nights-of-camping\/","title":{"rendered":"4 n\u00e6tters camping"},"content":{"rendered":"<p>Tag p\u00e5 en ekstraordin\u00e6r arktisk ekspedition med Greenland Backcountry, hvor vi tilbyder en uforglemmelig oplevelse i Gr\u00f8nlands uber\u00f8rte vildmark. <\/p>\n<p>Udforsk b\u00e5de Disko\u00f8ens afsidesliggende sk\u00f8nhed og bygderne syd for Kangia Isfjord p\u00e5 denne 4-n\u00e6tters rejse. Sejl fra Ilulissat til den sydlige side af Disko\u00f8en, hvor vi sl\u00e5r lejr n\u00e6r Qeqertarssuaq. Nyd det \u00e6refrygtindgydende landskab med en kort vandretur langs kysten, omgivet af t\u00e5rnh\u00f8je bjerge.<\/p>\n<p>P\u00e5 dag to begiver vi os til Lyngmarksbr\u00e6en, d\u00e6kket af et indlandsis \u00e5ret rundt, inden vi vender tilbage til lejren i Qeqertarssuaq. <\/p>\n<p>Dag tre byder p\u00e5 en sejltur gennem Diskobugten, hvor du har mulighed for at spotte hvaler fra d\u00e6kket. Hold pause ved Qivitut for at sl\u00e5 lejr og nyde frokosten, udforsk derefter mere af fjorden, stop ved den afsidesliggende bygd Kangerdluk, f\u00f8r vi vender tilbage til lejren.<\/p>\n<p>Dag fire tager vi afsted fra Disko\u00f8en til Qasigianguit, en landsby, der er moden til udforskning. Vandretur til et betagende udsigtspunkt med udsigt over de omkringliggende s\u00f8er, og v\u00e6lg derefter mellem en nat i teltet eller et unikt ophold p\u00e5 en gammel politistation\/f\u00e6ngsel (mod en merpris).<\/p>\n<p>Til sidst, p\u00e5 dag fem, stop i bygden Ilimanaq til frokost, f\u00f8r vi krydser Kangia Isfjord, fyldt med majest\u00e6tiske isbjerge, p\u00e5 din hjemrejse til Ilulissat, og afslutter dette uforglemmelige campingeventyr.<\/p>\n<p><b>Inkluderet:<\/b><br \/>\nMorgenmad: Havregr\u00f8d<br \/>\nFrokost: Br\u00f8d med p\u00e5l\u00e6g af k\u00f8d eller ost<br \/>\nAftensmad: Pasta eller ris med k\u00f8d eller fisk<\/p>\n<p>I tilf\u00e6lde af d\u00e5rligt vejr holder jeg altid poser klar med spiseklar mad.<br \/>\nS\u00e6rlige m\u00e5ltider skal diskuteres p\u00e5 forh\u00e5nd.<br \/>\nHvis du har brug for en vegansk eller vegetarisk mulighed, skal du selv medbringe denne.<\/p>\n<p><b>Bem\u00e6rk:<\/b><br \/>\nG\u00e6ster skal selv medbringe soveposer med en komforttemperatur p\u00e5 -2 grader.<\/p>\n<p>V\u00e6r opm\u00e6rksom p\u00e5, at udflugten kun finder sted, hvis der er bestilt minimum 4 billetter i alt. Hvis du for eksempel bestiller 2 billetter, skal der s\u00e6lges mindst 2 ekstra billetter, for at rejsen kan forts\u00e6tte. Der vil h\u00f8jst deltage 6 personer. Du f\u00e5r besked senest 24 timer f\u00f8r afgangstidspunktet, hvis der er bestilt for f\u00e5 billetter.<\/p>\n","protected":false},"excerpt":{"rendered":"<p>Oplev 4 n\u00e6tters camping i betagende omgivelser!<\/p>\n","protected":false},"featured_media":35656,"comment_status":"open","ping_status":"closed","template":"","meta":{"_acf_changed":false},"product_brand":[],"product_cat":[101,170],"product_tag":[],"class_list":{"0":"post-35760","1":"product","2":"type-product","3":"status-publish","4":"has-post-thumbnail","6":"product_cat-tour","7":"product_cat-udflugt","8":"pa_dato-5939","9":"pa_tidspunkt-61","10":"tour_location-ilulissat-da","11":"tour_type-outdoor-da","12":"tour_tickettype-arctic_excursions","13":"tour_operator-greenland-backcountry","15":"first","16":"outofstock","17":"shipping-taxable","18":"product-type-variable"},"acf":[],"yoast_head":"<!-- This site is optimized with the Yoast SEO plugin v23.6 - https:\/\/yoast.com\/wordpress\/plugins\/seo\/ -->\n<title>Arctic Excursions<\/title>\n<meta name=\"robots\" content=\"index, follow, max-snippet:-1, max-image-preview:large, max-video-preview:-1\" \/>\n<link rel=\"canonical\" href=\"https:\/\/arcticexcursions.com\/da\/udflugter\/4-nights-of-camping\/\" \/>\n<meta property=\"og:locale\" content=\"da_DK\" \/>\n<meta property=\"og:type\" content=\"article\" \/>\n<meta property=\"og:title\" content=\"4 n\u00e6tters camping - Arctic Excursions\" \/>\n<meta property=\"og:description\" content=\"Oplev 4 n\u00e6tters camping i betagende omgivelser!\" \/>\n<meta property=\"og:url\" content=\"https:\/\/arcticexcursions.com\/da\/udflugter\/4-nights-of-camping\/\" \/>\n<meta property=\"og:site_name\" content=\"Arctic Excursions\" \/>\n<meta property=\"article:modified_time\" content=\"2025-08-29T16:00:16+00:00\" \/>\n<meta property=\"og:image\" content=\"https:\/\/arcticexcursions.com\/wp-content\/uploads\/2024\/04\/IMG_1111.jpg\" \/>\n\t<meta property=\"og:image:width\" content=\"2049\" \/>\n\t<meta property=\"og:image:height\" content=\"1536\" \/>\n\t<meta property=\"og:image:type\" content=\"image\/jpeg\" \/>\n<meta name=\"twitter:card\" content=\"summary_large_image\" \/>\n<meta name=\"twitter:label1\" content=\"Estimeret l\u00e6setid\" \/>\n\t<meta name=\"twitter:data1\" content=\"2 minutter\" \/>\n<script type=\"application\/ld+json\" class=\"yoast-schema-graph\">{\"@context\":\"https:\/\/schema.org\",\"@graph\":[{\"@type\":\"WebPage\",\"@id\":\"https:\/\/arcticexcursions.com\/da\/udflugter\/4-nights-of-camping\/\",\"url\":\"https:\/\/arcticexcursions.com\/da\/udflugter\/4-nights-of-camping\/\",\"name\":\"4 n\u00e6tters camping - Arctic Excursions\",\"isPartOf\":{\"@id\":\"https:\/\/arcticexcursions.com\/#website\"},\"primaryImageOfPage\":{\"@id\":\"https:\/\/arcticexcursions.com\/da\/udflugter\/4-nights-of-camping\/#primaryimage\"},\"image\":{\"@id\":\"https:\/\/arcticexcursions.com\/da\/udflugter\/4-nights-of-camping\/#primaryimage\"},\"thumbnailUrl\":\"https:\/\/arcticexcursions.com\/wp-content\/uploads\/2024\/04\/IMG_1111.jpg\",\"datePublished\":\"2024-06-27T09:15:03+00:00\",\"dateModified\":\"2025-08-29T16:00:16+00:00\",\"breadcrumb\":{\"@id\":\"https:\/\/arcticexcursions.com\/da\/udflugter\/4-nights-of-camping\/#breadcrumb\"},\"inLanguage\":\"da-DK\",\"potentialAction\":[{\"@type\":\"ReadAction\",\"target\":[\"https:\/\/arcticexcursions.com\/da\/udflugter\/4-nights-of-camping\/\"]}]},{\"@type\":\"ImageObject\",\"inLanguage\":\"da-DK\",\"@id\":\"https:\/\/arcticexcursions.com\/da\/udflugter\/4-nights-of-camping\/#primaryimage\",\"url\":\"https:\/\/arcticexcursions.com\/wp-content\/uploads\/2024\/04\/IMG_1111.jpg\",\"contentUrl\":\"https:\/\/arcticexcursions.com\/wp-content\/uploads\/2024\/04\/IMG_1111.jpg\",\"width\":2049,\"height\":1536},{\"@type\":\"BreadcrumbList\",\"@id\":\"https:\/\/arcticexcursions.com\/da\/udflugter\/4-nights-of-camping\/#breadcrumb\",\"itemListElement\":[{\"@type\":\"ListItem\",\"position\":1,\"name\":\"Home\",\"item\":\"https:\/\/arcticexcursions.com\/da\/\"},{\"@type\":\"ListItem\",\"position\":2,\"name\":\"Udflugter i Gr\u00f8nland\",\"item\":\"https:\/\/arcticexcursions.com\/da\/udflugter\/\"},{\"@type\":\"ListItem\",\"position\":3,\"name\":\"4 n\u00e6tters camping\"}]},{\"@type\":\"WebSite\",\"@id\":\"https:\/\/arcticexcursions.com\/#website\",\"url\":\"https:\/\/arcticexcursions.com\/\",\"name\":\"Arctic Excursions\",\"description\":\"New adventures. Every day.\",\"publisher\":{\"@id\":\"https:\/\/arcticexcursions.com\/#organization\"},\"potentialAction\":[{\"@type\":\"SearchAction\",\"target\":{\"@type\":\"EntryPoint\",\"urlTemplate\":\"https:\/\/arcticexcursions.com\/?s={search_term_string}\"},\"query-input\":{\"@type\":\"PropertyValueSpecification\",\"valueRequired\":true,\"valueName\":\"search_term_string\"}}],\"inLanguage\":\"da-DK\"},{\"@type\":\"Organization\",\"@id\":\"https:\/\/arcticexcursions.com\/#organization\",\"name\":\"Arctic Excursions\",\"url\":\"https:\/\/arcticexcursions.com\/\",\"logo\":{\"@type\":\"ImageObject\",\"inLanguage\":\"da-DK\",\"@id\":\"https:\/\/arcticexcursions.com\/#\/schema\/logo\/image\/\",\"url\":\"https:\/\/arcticexcursions.com\/wp-content\/uploads\/2022\/11\/fb-logo.png\",\"contentUrl\":\"https:\/\/arcticexcursions.com\/wp-content\/uploads\/2022\/11\/fb-logo.png\",\"width\":523,\"height\":523,\"caption\":\"Arctic Excursions\"},\"image\":{\"@id\":\"https:\/\/arcticexcursions.com\/#\/schema\/logo\/image\/\"}}]}<\/script>\n<!-- \/ Yoast SEO plugin. -->","yoast_head_json":{"title":"Arctic Excursions","robots":{"index":"index","follow":"follow","max-snippet":"max-snippet:-1","max-image-preview":"max-image-preview:large","max-video-preview":"max-video-preview:-1"},"canonical":"https:\/\/arcticexcursions.com\/da\/udflugter\/4-nights-of-camping\/","og_locale":"da_DK","og_type":"article","og_title":"4 n\u00e6tters camping - Arctic Excursions","og_description":"Oplev 4 n\u00e6tters camping i betagende omgivelser!","og_url":"https:\/\/arcticexcursions.com\/da\/udflugter\/4-nights-of-camping\/","og_site_name":"Arctic Excursions","article_modified_time":"2025-08-29T16:00:16+00:00","og_image":[{"width":2049,"height":1536,"url":"https:\/\/arcticexcursions.com\/wp-content\/uploads\/2024\/04\/IMG_1111.jpg","type":"image\/jpeg"}],"twitter_card":"summary_large_image","twitter_misc":{"Estimeret l\u00e6setid":"2 minutter"},"schema":{"@context":"https:\/\/schema.org","@graph":[{"@type":"WebPage","@id":"https:\/\/arcticexcursions.com\/da\/udflugter\/4-nights-of-camping\/","url":"https:\/\/arcticexcursions.com\/da\/udflugter\/4-nights-of-camping\/","name":"4 n\u00e6tters camping - Arctic Excursions","isPartOf":{"@id":"https:\/\/arcticexcursions.com\/#website"},"primaryImageOfPage":{"@id":"https:\/\/arcticexcursions.com\/da\/udflugter\/4-nights-of-camping\/#primaryimage"},"image":{"@id":"https:\/\/arcticexcursions.com\/da\/udflugter\/4-nights-of-camping\/#primaryimage"},"thumbnailUrl":"https:\/\/arcticexcursions.com\/wp-content\/uploads\/2024\/04\/IMG_1111.jpg","datePublished":"2024-06-27T09:15:03+00:00","dateModified":"2025-08-29T16:00:16+00:00","breadcrumb":{"@id":"https:\/\/arcticexcursions.com\/da\/udflugter\/4-nights-of-camping\/#breadcrumb"},"inLanguage":"da-DK","potentialAction":[{"@type":"ReadAction","target":["https:\/\/arcticexcursions.com\/da\/udflugter\/4-nights-of-camping\/"]}]},{"@type":"ImageObject","inLanguage":"da-DK","@id":"https:\/\/arcticexcursions.com\/da\/udflugter\/4-nights-of-camping\/#primaryimage","url":"https:\/\/arcticexcursions.com\/wp-content\/uploads\/2024\/04\/IMG_1111.jpg","contentUrl":"https:\/\/arcticexcursions.com\/wp-content\/uploads\/2024\/04\/IMG_1111.jpg","width":2049,"height":1536},{"@type":"BreadcrumbList","@id":"https:\/\/arcticexcursions.com\/da\/udflugter\/4-nights-of-camping\/#breadcrumb","itemListElement":[{"@type":"ListItem","position":1,"name":"Home","item":"https:\/\/arcticexcursions.com\/da\/"},{"@type":"ListItem","position":2,"name":"Udflugter i Gr\u00f8nland","item":"https:\/\/arcticexcursions.com\/da\/udflugter\/"},{"@type":"ListItem","position":3,"name":"4 n\u00e6tters camping"}]},{"@type":"WebSite","@id":"https:\/\/arcticexcursions.com\/#website","url":"https:\/\/arcticexcursions.com\/","name":"Arctic Excursions","description":"New adventures. Every day.","publisher":{"@id":"https:\/\/arcticexcursions.com\/#organization"},"potentialAction":[{"@type":"SearchAction","target":{"@type":"EntryPoint","urlTemplate":"https:\/\/arcticexcursions.com\/?s={search_term_string}"},"query-input":{"@type":"PropertyValueSpecification","valueRequired":true,"valueName":"search_term_string"}}],"inLanguage":"da-DK"},{"@type":"Organization","@id":"https:\/\/arcticexcursions.com\/#organization","name":"Arctic Excursions","url":"https:\/\/arcticexcursions.com\/","logo":{"@type":"ImageObject","inLanguage":"da-DK","@id":"https:\/\/arcticexcursions.com\/#\/schema\/logo\/image\/","url":"https:\/\/arcticexcursions.com\/wp-content\/uploads\/2022\/11\/fb-logo.png","contentUrl":"https:\/\/arcticexcursions.com\/wp-content\/uploads\/2022\/11\/fb-logo.png","width":523,"height":523,"caption":"Arctic Excursions"},"image":{"@id":"https:\/\/arcticexcursions.com\/#\/schema\/logo\/image\/"}}]}},"_links":{"self":[{"href":"https:\/\/arcticexcursions.com\/da\/wp-json\/wp\/v2\/product\/35760"}],"collection":[{"href":"https:\/\/arcticexcursions.com\/da\/wp-json\/wp\/v2\/product"}],"about":[{"href":"https:\/\/arcticexcursions.com\/da\/wp-json\/wp\/v2\/types\/product"}],"replies":[{"embeddable":true,"href":"https:\/\/arcticexcursions.com\/da\/wp-json\/wp\/v2\/comments?post=35760"}],"wp:featuredmedia":[{"embeddable":true,"href":"https:\/\/arcticexcursions.com\/da\/wp-json\/wp\/v2\/media\/35656"}],"wp:attachment":[{"href":"https:\/\/arcticexcursions.com\/da\/wp-json\/wp\/v2\/media?parent=35760"}],"wp:term":[{"taxonomy":"product_brand","embeddable":true,"href":"https:\/\/arcticexcursions.com\/da\/wp-json\/wp\/v2\/product_brand?post=35760"},{"taxonomy":"product_cat","embeddable":true,"href":"https:\/\/arcticexcursions.com\/da\/wp-json\/wp\/v2\/product_cat?post=35760"},{"taxonomy":"product_tag","embeddable":true,"href":"https:\/\/arcticexcursions.com\/da\/wp-json\/wp\/v2\/product_tag?post=35760"}],"curies":[{"name":"wp","href":"https:\/\/api.w.org\/{rel}","templated":true}]}}