{"id":35847,"date":"2024-05-02T14:16:02","date_gmt":"2024-05-02T12:16:02","guid":{"rendered":"https:\/\/arcticexcursions.com\/?post_type=product&#038;p=35847"},"modified":"2025-10-23T17:37:12","modified_gmt":"2025-10-23T15:37:12","slug":"expedition-hjortetakken-1188m","status":"publish","type":"product","link":"https:\/\/arcticexcursions.com\/da\/udflugter\/expedition-hjortetakken-1188m\/","title":{"rendered":"Ekspedition Hjortetakken &#8211; 1188m"},"content":{"rendered":"<p>Tag p\u00e5 en topudflugt til Hjortetakken for at opleve fortryllelsen ved det fantastiske bjerg. Mens du klatrer, kan du opleve livet, flytte dine gr\u00e6nser og nyde de spektakul\u00e6re udsigter.<br \/>\nDu vil indse, at du kan opn\u00e5 alt, hvad du s\u00e6tter dig for, og at du kan f\u00f8le dig styrket og fri l\u00e6nge efter, at turen er slut.<\/p>\n<p>Kr\u00e6ver forudg\u00e5ende erfaring med bjergvandring; Evne til at bestige af St. Malene er et must.<\/p>\n<p><b>Sikkerhed:<\/b><br \/>\nVi opfordrer alle deltagere til at v\u00e6re opm\u00e6rksomme p\u00e5 deres personlige sikkerhed og f\u00f8lge guidens anvisninger. Det er vigtigt at respektere naturens kr\u00e6fter og v\u00e6re klar til uforudsete h\u00e6ndelser. Det anbefales, at du medbringer de n\u00f8dvendige forsyninger, f.eks. drikkevarer og snacks, og at du har passende fodt\u00f8j og t\u00f8j p\u00e5.<br \/>\n(Der er en flod p\u00e5 opstigningen).<\/p>\n<p>Det anbefales, at du har tilstr\u00e6kkelig forsikring til at d\u00e6kke eventuelle ulykker eller tab, der kan opst\u00e5 under rejsen. <\/p>\n<p><b>Varighed:<\/b> 8 &#8211; 10 timer<\/p>\n<p><b>Tilg\u00e6ngelighed:<\/b> Juni &#8211; oktober. <\/p>\n<p><b>Sprog:<\/b> Guiden taler dansk, engelsk og gr\u00f8nlandsk <\/p>\n<p><b>Sv\u00e6rhedsgrad:<\/b> Sv\u00e6r tur. Mere til folk der er vant til at vandre i fjeldet. Anbefales ikke hvis du har rygproblemer. <\/p>\n<p><b>Forplejning:<\/b> Medbrings selv <\/p>\n<p><b>Anbefalet p\u00e5kl\u00e6dning:<\/b> Varmt, praktisk t\u00f8j og vandresko. <\/p>\n<p><b>Deltagere:<\/b> Bem\u00e6rk venligst, at udflugten kun gennemf\u00f8res, hvis der er mindst 4 bookede billetter i alt. Hvis du for eksempel booker 2 billetter, skal der s\u00e6lges mindst 2 yderligere billetter til andre kunder, f\u00f8r turen kan finde sted. Der vil deltage maksimalt 8 personer.<\/p>\n","protected":false},"excerpt":{"rendered":"<p>Oplev klatring op til Hjortetakken med os<\/p>\n","protected":false},"featured_media":35981,"comment_status":"open","ping_status":"closed","template":"","meta":{"_acf_changed":false},"product_brand":[],"product_cat":[101,170],"product_tag":[],"class_list":{"0":"post-35847","1":"product","2":"type-product","3":"status-publish","4":"has-post-thumbnail","6":"product_cat-tour","7":"product_cat-udflugt","8":"tour_location-nuuk-da","9":"tour_type-outdoor-da","10":"tour_tickettype-arctic_excursions","11":"tour_operator-asiaq-charter","13":"first","14":"outofstock","15":"shipping-taxable","16":"product-type-variable"},"acf":[],"yoast_head":"<!-- This site is optimized with the Yoast SEO plugin v23.6 - https:\/\/yoast.com\/wordpress\/plugins\/seo\/ -->\n<title>Arctic Excursions<\/title>\n<meta name=\"robots\" content=\"index, follow, max-snippet:-1, max-image-preview:large, max-video-preview:-1\" \/>\n<link rel=\"canonical\" href=\"https:\/\/arcticexcursions.com\/da\/udflugter\/expedition-hjortetakken-1188m\/\" \/>\n<meta property=\"og:locale\" content=\"da_DK\" \/>\n<meta property=\"og:type\" content=\"article\" \/>\n<meta property=\"og:title\" content=\"Ekspedition Hjortetakken - 1188m - Arctic Excursions\" \/>\n<meta property=\"og:description\" content=\"Oplev klatring op til Hjortetakken med os\" \/>\n<meta property=\"og:url\" content=\"https:\/\/arcticexcursions.com\/da\/udflugter\/expedition-hjortetakken-1188m\/\" \/>\n<meta property=\"og:site_name\" content=\"Arctic Excursions\" \/>\n<meta property=\"article:modified_time\" content=\"2025-10-23T15:37:12+00:00\" \/>\n<meta property=\"og:image\" content=\"https:\/\/arcticexcursions.com\/wp-content\/uploads\/2024\/05\/ekspedition-hjortetakken-05-scaled.jpeg\" \/>\n\t<meta property=\"og:image:width\" content=\"2560\" \/>\n\t<meta property=\"og:image:height\" content=\"1920\" \/>\n\t<meta property=\"og:image:type\" content=\"image\/jpeg\" \/>\n<meta name=\"twitter:card\" content=\"summary_large_image\" \/>\n<meta name=\"twitter:label1\" content=\"Estimeret l\u00e6setid\" \/>\n\t<meta name=\"twitter:data1\" content=\"1 minut\" \/>\n<script type=\"application\/ld+json\" class=\"yoast-schema-graph\">{\"@context\":\"https:\/\/schema.org\",\"@graph\":[{\"@type\":\"WebPage\",\"@id\":\"https:\/\/arcticexcursions.com\/da\/udflugter\/expedition-hjortetakken-1188m\/\",\"url\":\"https:\/\/arcticexcursions.com\/da\/udflugter\/expedition-hjortetakken-1188m\/\",\"name\":\"Ekspedition Hjortetakken - 1188m - Arctic Excursions\",\"isPartOf\":{\"@id\":\"https:\/\/arcticexcursions.com\/#website\"},\"primaryImageOfPage\":{\"@id\":\"https:\/\/arcticexcursions.com\/da\/udflugter\/expedition-hjortetakken-1188m\/#primaryimage\"},\"image\":{\"@id\":\"https:\/\/arcticexcursions.com\/da\/udflugter\/expedition-hjortetakken-1188m\/#primaryimage\"},\"thumbnailUrl\":\"https:\/\/arcticexcursions.com\/wp-content\/uploads\/2024\/05\/ekspedition-hjortetakken-05-scaled.jpeg\",\"datePublished\":\"2024-05-02T12:16:02+00:00\",\"dateModified\":\"2025-10-23T15:37:12+00:00\",\"breadcrumb\":{\"@id\":\"https:\/\/arcticexcursions.com\/da\/udflugter\/expedition-hjortetakken-1188m\/#breadcrumb\"},\"inLanguage\":\"da-DK\",\"potentialAction\":[{\"@type\":\"ReadAction\",\"target\":[\"https:\/\/arcticexcursions.com\/da\/udflugter\/expedition-hjortetakken-1188m\/\"]}]},{\"@type\":\"ImageObject\",\"inLanguage\":\"da-DK\",\"@id\":\"https:\/\/arcticexcursions.com\/da\/udflugter\/expedition-hjortetakken-1188m\/#primaryimage\",\"url\":\"https:\/\/arcticexcursions.com\/wp-content\/uploads\/2024\/05\/ekspedition-hjortetakken-05-scaled.jpeg\",\"contentUrl\":\"https:\/\/arcticexcursions.com\/wp-content\/uploads\/2024\/05\/ekspedition-hjortetakken-05-scaled.jpeg\",\"width\":2560,\"height\":1920},{\"@type\":\"BreadcrumbList\",\"@id\":\"https:\/\/arcticexcursions.com\/da\/udflugter\/expedition-hjortetakken-1188m\/#breadcrumb\",\"itemListElement\":[{\"@type\":\"ListItem\",\"position\":1,\"name\":\"Home\",\"item\":\"https:\/\/arcticexcursions.com\/da\/\"},{\"@type\":\"ListItem\",\"position\":2,\"name\":\"Udflugter i Gr\u00f8nland\",\"item\":\"https:\/\/arcticexcursions.com\/da\/udflugter\/\"},{\"@type\":\"ListItem\",\"position\":3,\"name\":\"Ekspedition Hjortetakken &#8211; 1188m\"}]},{\"@type\":\"WebSite\",\"@id\":\"https:\/\/arcticexcursions.com\/#website\",\"url\":\"https:\/\/arcticexcursions.com\/\",\"name\":\"Arctic Excursions\",\"description\":\"New adventures. Every day.\",\"publisher\":{\"@id\":\"https:\/\/arcticexcursions.com\/#organization\"},\"potentialAction\":[{\"@type\":\"SearchAction\",\"target\":{\"@type\":\"EntryPoint\",\"urlTemplate\":\"https:\/\/arcticexcursions.com\/?s={search_term_string}\"},\"query-input\":{\"@type\":\"PropertyValueSpecification\",\"valueRequired\":true,\"valueName\":\"search_term_string\"}}],\"inLanguage\":\"da-DK\"},{\"@type\":\"Organization\",\"@id\":\"https:\/\/arcticexcursions.com\/#organization\",\"name\":\"Arctic Excursions\",\"url\":\"https:\/\/arcticexcursions.com\/\",\"logo\":{\"@type\":\"ImageObject\",\"inLanguage\":\"da-DK\",\"@id\":\"https:\/\/arcticexcursions.com\/#\/schema\/logo\/image\/\",\"url\":\"https:\/\/arcticexcursions.com\/wp-content\/uploads\/2022\/11\/fb-logo.png\",\"contentUrl\":\"https:\/\/arcticexcursions.com\/wp-content\/uploads\/2022\/11\/fb-logo.png\",\"width\":523,\"height\":523,\"caption\":\"Arctic Excursions\"},\"image\":{\"@id\":\"https:\/\/arcticexcursions.com\/#\/schema\/logo\/image\/\"}}]}<\/script>\n<!-- \/ Yoast SEO plugin. -->","yoast_head_json":{"title":"Arctic Excursions","robots":{"index":"index","follow":"follow","max-snippet":"max-snippet:-1","max-image-preview":"max-image-preview:large","max-video-preview":"max-video-preview:-1"},"canonical":"https:\/\/arcticexcursions.com\/da\/udflugter\/expedition-hjortetakken-1188m\/","og_locale":"da_DK","og_type":"article","og_title":"Ekspedition Hjortetakken - 1188m - Arctic Excursions","og_description":"Oplev klatring op til Hjortetakken med os","og_url":"https:\/\/arcticexcursions.com\/da\/udflugter\/expedition-hjortetakken-1188m\/","og_site_name":"Arctic Excursions","article_modified_time":"2025-10-23T15:37:12+00:00","og_image":[{"width":2560,"height":1920,"url":"https:\/\/arcticexcursions.com\/wp-content\/uploads\/2024\/05\/ekspedition-hjortetakken-05-scaled.jpeg","type":"image\/jpeg"}],"twitter_card":"summary_large_image","twitter_misc":{"Estimeret l\u00e6setid":"1 minut"},"schema":{"@context":"https:\/\/schema.org","@graph":[{"@type":"WebPage","@id":"https:\/\/arcticexcursions.com\/da\/udflugter\/expedition-hjortetakken-1188m\/","url":"https:\/\/arcticexcursions.com\/da\/udflugter\/expedition-hjortetakken-1188m\/","name":"Ekspedition Hjortetakken - 1188m - Arctic Excursions","isPartOf":{"@id":"https:\/\/arcticexcursions.com\/#website"},"primaryImageOfPage":{"@id":"https:\/\/arcticexcursions.com\/da\/udflugter\/expedition-hjortetakken-1188m\/#primaryimage"},"image":{"@id":"https:\/\/arcticexcursions.com\/da\/udflugter\/expedition-hjortetakken-1188m\/#primaryimage"},"thumbnailUrl":"https:\/\/arcticexcursions.com\/wp-content\/uploads\/2024\/05\/ekspedition-hjortetakken-05-scaled.jpeg","datePublished":"2024-05-02T12:16:02+00:00","dateModified":"2025-10-23T15:37:12+00:00","breadcrumb":{"@id":"https:\/\/arcticexcursions.com\/da\/udflugter\/expedition-hjortetakken-1188m\/#breadcrumb"},"inLanguage":"da-DK","potentialAction":[{"@type":"ReadAction","target":["https:\/\/arcticexcursions.com\/da\/udflugter\/expedition-hjortetakken-1188m\/"]}]},{"@type":"ImageObject","inLanguage":"da-DK","@id":"https:\/\/arcticexcursions.com\/da\/udflugter\/expedition-hjortetakken-1188m\/#primaryimage","url":"https:\/\/arcticexcursions.com\/wp-content\/uploads\/2024\/05\/ekspedition-hjortetakken-05-scaled.jpeg","contentUrl":"https:\/\/arcticexcursions.com\/wp-content\/uploads\/2024\/05\/ekspedition-hjortetakken-05-scaled.jpeg","width":2560,"height":1920},{"@type":"BreadcrumbList","@id":"https:\/\/arcticexcursions.com\/da\/udflugter\/expedition-hjortetakken-1188m\/#breadcrumb","itemListElement":[{"@type":"ListItem","position":1,"name":"Home","item":"https:\/\/arcticexcursions.com\/da\/"},{"@type":"ListItem","position":2,"name":"Udflugter i Gr\u00f8nland","item":"https:\/\/arcticexcursions.com\/da\/udflugter\/"},{"@type":"ListItem","position":3,"name":"Ekspedition Hjortetakken &#8211; 1188m"}]},{"@type":"WebSite","@id":"https:\/\/arcticexcursions.com\/#website","url":"https:\/\/arcticexcursions.com\/","name":"Arctic Excursions","description":"New adventures. Every day.","publisher":{"@id":"https:\/\/arcticexcursions.com\/#organization"},"potentialAction":[{"@type":"SearchAction","target":{"@type":"EntryPoint","urlTemplate":"https:\/\/arcticexcursions.com\/?s={search_term_string}"},"query-input":{"@type":"PropertyValueSpecification","valueRequired":true,"valueName":"search_term_string"}}],"inLanguage":"da-DK"},{"@type":"Organization","@id":"https:\/\/arcticexcursions.com\/#organization","name":"Arctic Excursions","url":"https:\/\/arcticexcursions.com\/","logo":{"@type":"ImageObject","inLanguage":"da-DK","@id":"https:\/\/arcticexcursions.com\/#\/schema\/logo\/image\/","url":"https:\/\/arcticexcursions.com\/wp-content\/uploads\/2022\/11\/fb-logo.png","contentUrl":"https:\/\/arcticexcursions.com\/wp-content\/uploads\/2022\/11\/fb-logo.png","width":523,"height":523,"caption":"Arctic Excursions"},"image":{"@id":"https:\/\/arcticexcursions.com\/#\/schema\/logo\/image\/"}}]}},"_links":{"self":[{"href":"https:\/\/arcticexcursions.com\/da\/wp-json\/wp\/v2\/product\/35847"}],"collection":[{"href":"https:\/\/arcticexcursions.com\/da\/wp-json\/wp\/v2\/product"}],"about":[{"href":"https:\/\/arcticexcursions.com\/da\/wp-json\/wp\/v2\/types\/product"}],"replies":[{"embeddable":true,"href":"https:\/\/arcticexcursions.com\/da\/wp-json\/wp\/v2\/comments?post=35847"}],"wp:featuredmedia":[{"embeddable":true,"href":"https:\/\/arcticexcursions.com\/da\/wp-json\/wp\/v2\/media\/35981"}],"wp:attachment":[{"href":"https:\/\/arcticexcursions.com\/da\/wp-json\/wp\/v2\/media?parent=35847"}],"wp:term":[{"taxonomy":"product_brand","embeddable":true,"href":"https:\/\/arcticexcursions.com\/da\/wp-json\/wp\/v2\/product_brand?post=35847"},{"taxonomy":"product_cat","embeddable":true,"href":"https:\/\/arcticexcursions.com\/da\/wp-json\/wp\/v2\/product_cat?post=35847"},{"taxonomy":"product_tag","embeddable":true,"href":"https:\/\/arcticexcursions.com\/da\/wp-json\/wp\/v2\/product_tag?post=35847"}],"curies":[{"name":"wp","href":"https:\/\/api.w.org\/{rel}","templated":true}]}}