{"id":35857,"date":"2024-05-02T12:31:45","date_gmt":"2024-05-02T10:31:45","guid":{"rendered":"https:\/\/arcticexcursions.com\/?post_type=product&#038;p=35857"},"modified":"2025-10-23T17:36:09","modified_gmt":"2025-10-23T15:36:09","slug":"top-tour-to-illerfik-895m-at-maniitsoq","status":"publish","type":"product","link":"https:\/\/arcticexcursions.com\/da\/udflugter\/top-tour-to-illerfik-895m-at-maniitsoq\/","title":{"rendered":"Toptur til Illerfik (895m) ved Maniitsoq"},"content":{"rendered":"<p>Sejlads tur\/retur Nuuk &#8211; Maniitsoq inkluderet. Dette er den bedste guidede udflugt til Illerfik.<\/p>\n<p>Rejsen til Maniitsoq tager ca. fire timer, afh\u00e6ngigt af vejret.<\/p>\n<p>Om eftermiddagen afg\u00e5r du fra Nuuk og overnatter p\u00e5 Hotel Heilmann Lyberth (HHL).<\/p>\n<p>Den bedste tur til Illerfik afg\u00e5r tidligt den f\u00f8lgende dag og ankommer til Nuuk om eftermiddagen.<\/p>\n<p>Ankomst til Nuuk om aftenen.<\/p>\n<p><b>Illerfik:<\/b><br \/>\nIllerfik er 895 meter h\u00f8j og ligger 20 minutter v\u00e6k med b\u00e5d fra Maniitsoq.<\/p>\n<p>At bestige Illerfik kan v\u00e6re en mental og fysisk udfordring. Str\u00e6b efter dine m\u00e5l; du vil s\u00e6tte pris p\u00e5 det betagende landskab, mens du g\u00e5r.<\/p>\n<p>S\u00e5 tag med os p\u00e5 denne sp\u00e6ndende rejse og oplev naturens pragt.<\/p>\n<p>Det foretr\u00e6kkes, at du har erfaring med fjeldvandring, eller at du som minimum har besteget Ukkusissat (Store Malene) eller Kingittorsuaq (Hjortetakken).<\/p>\n<p><b>Sikkerhed:<\/b><br \/>\nVi opfordrer alle deltagere til at v\u00e6re opm\u00e6rksomme p\u00e5 deres personlige sikkerhed og f\u00f8lge guidens anvisninger. Det er vigtigt at respektere naturens kr\u00e6fter og v\u00e6re klar til uforudsete h\u00e6ndelser. Det anbefales, at du medbringer de n\u00f8dvendige forsyninger, f.eks. drikkevarer og snacks, og at du har passende fodt\u00f8j og t\u00f8j p\u00e5. (Der er en flod p\u00e5 opstigningen).<\/p>\n<p>Det anbefales, at du har tilstr\u00e6kkelig forsikring til at d\u00e6kke eventuelle ulykker eller tab, der kan opst\u00e5 under rejsen.<\/p>\n<p>En nat p\u00e5 Hotel Heilmann Lyberth (HHL) med morgenmad er inkluderet.<\/p>\n<p><b>Sprog:<\/b> Guiden\/kaptajnen taler dansk, engelsk og gr\u00f8nlandsk <\/p>\n<p><b>B\u00e5dtype:<\/b> Lukket b\u00e5d <\/p>\n<p><b>Toiletforhold:<\/b> Der er toilet p\u00e5 b\u00e5den <\/p>\n<p><b>Forplejning:<\/b> Kaffe og te serveres p\u00e5 b\u00e5den <\/p>\n<p><b>Anbefalet p\u00e5kl\u00e6dning:<\/b> Varmt, praktisk t\u00f8j og vandresko.<\/p>\n","protected":false},"excerpt":{"rendered":"<p>Bedste guidede udflugt til Illerfik<\/p>\n","protected":false},"featured_media":35940,"comment_status":"open","ping_status":"closed","template":"","meta":{"_acf_changed":false},"product_brand":[],"product_cat":[101,170],"product_tag":[],"class_list":{"0":"post-35857","1":"product","2":"type-product","3":"status-publish","4":"has-post-thumbnail","6":"product_cat-tour","7":"product_cat-udflugt","8":"tour_location-nuuk-da","9":"tour_type-baadture","10":"tour_tickettype-arctic_excursions","11":"tour_operator-asiaq-charter","13":"first","14":"outofstock","15":"shipping-taxable","16":"product-type-variable"},"acf":[],"yoast_head":"<!-- This site is optimized with the Yoast SEO plugin v23.6 - https:\/\/yoast.com\/wordpress\/plugins\/seo\/ -->\n<title>Arctic Excursions<\/title>\n<meta name=\"robots\" content=\"index, follow, max-snippet:-1, max-image-preview:large, max-video-preview:-1\" \/>\n<link rel=\"canonical\" href=\"https:\/\/arcticexcursions.com\/da\/udflugter\/top-tour-to-illerfik-895m-at-maniitsoq\/\" \/>\n<meta property=\"og:locale\" content=\"da_DK\" \/>\n<meta property=\"og:type\" content=\"article\" \/>\n<meta property=\"og:title\" content=\"Toptur til Illerfik (895m) ved Maniitsoq - Arctic Excursions\" \/>\n<meta property=\"og:description\" content=\"Bedste guidede udflugt til Illerfik\" \/>\n<meta property=\"og:url\" content=\"https:\/\/arcticexcursions.com\/da\/udflugter\/top-tour-to-illerfik-895m-at-maniitsoq\/\" \/>\n<meta property=\"og:site_name\" content=\"Arctic Excursions\" \/>\n<meta property=\"article:modified_time\" content=\"2025-10-23T15:36:09+00:00\" \/>\n<meta property=\"og:image\" content=\"https:\/\/arcticexcursions.com\/wp-content\/uploads\/2024\/05\/Illerfik-03-scaled.jpeg\" \/>\n\t<meta property=\"og:image:width\" content=\"1920\" \/>\n\t<meta property=\"og:image:height\" content=\"2560\" \/>\n\t<meta property=\"og:image:type\" content=\"image\/jpeg\" \/>\n<meta name=\"twitter:card\" content=\"summary_large_image\" \/>\n<meta name=\"twitter:label1\" content=\"Estimeret l\u00e6setid\" \/>\n\t<meta name=\"twitter:data1\" content=\"1 minut\" \/>\n<script type=\"application\/ld+json\" class=\"yoast-schema-graph\">{\"@context\":\"https:\/\/schema.org\",\"@graph\":[{\"@type\":\"WebPage\",\"@id\":\"https:\/\/arcticexcursions.com\/da\/udflugter\/top-tour-to-illerfik-895m-at-maniitsoq\/\",\"url\":\"https:\/\/arcticexcursions.com\/da\/udflugter\/top-tour-to-illerfik-895m-at-maniitsoq\/\",\"name\":\"Toptur til Illerfik (895m) ved Maniitsoq - Arctic Excursions\",\"isPartOf\":{\"@id\":\"https:\/\/arcticexcursions.com\/#website\"},\"primaryImageOfPage\":{\"@id\":\"https:\/\/arcticexcursions.com\/da\/udflugter\/top-tour-to-illerfik-895m-at-maniitsoq\/#primaryimage\"},\"image\":{\"@id\":\"https:\/\/arcticexcursions.com\/da\/udflugter\/top-tour-to-illerfik-895m-at-maniitsoq\/#primaryimage\"},\"thumbnailUrl\":\"https:\/\/arcticexcursions.com\/wp-content\/uploads\/2024\/05\/Illerfik-03-scaled.jpeg\",\"datePublished\":\"2024-05-02T10:31:45+00:00\",\"dateModified\":\"2025-10-23T15:36:09+00:00\",\"breadcrumb\":{\"@id\":\"https:\/\/arcticexcursions.com\/da\/udflugter\/top-tour-to-illerfik-895m-at-maniitsoq\/#breadcrumb\"},\"inLanguage\":\"da-DK\",\"potentialAction\":[{\"@type\":\"ReadAction\",\"target\":[\"https:\/\/arcticexcursions.com\/da\/udflugter\/top-tour-to-illerfik-895m-at-maniitsoq\/\"]}]},{\"@type\":\"ImageObject\",\"inLanguage\":\"da-DK\",\"@id\":\"https:\/\/arcticexcursions.com\/da\/udflugter\/top-tour-to-illerfik-895m-at-maniitsoq\/#primaryimage\",\"url\":\"https:\/\/arcticexcursions.com\/wp-content\/uploads\/2024\/05\/Illerfik-03-scaled.jpeg\",\"contentUrl\":\"https:\/\/arcticexcursions.com\/wp-content\/uploads\/2024\/05\/Illerfik-03-scaled.jpeg\",\"width\":1920,\"height\":2560},{\"@type\":\"BreadcrumbList\",\"@id\":\"https:\/\/arcticexcursions.com\/da\/udflugter\/top-tour-to-illerfik-895m-at-maniitsoq\/#breadcrumb\",\"itemListElement\":[{\"@type\":\"ListItem\",\"position\":1,\"name\":\"Home\",\"item\":\"https:\/\/arcticexcursions.com\/da\/\"},{\"@type\":\"ListItem\",\"position\":2,\"name\":\"Udflugter i Gr\u00f8nland\",\"item\":\"https:\/\/arcticexcursions.com\/da\/udflugter\/\"},{\"@type\":\"ListItem\",\"position\":3,\"name\":\"Toptur til Illerfik (895m) ved Maniitsoq\"}]},{\"@type\":\"WebSite\",\"@id\":\"https:\/\/arcticexcursions.com\/#website\",\"url\":\"https:\/\/arcticexcursions.com\/\",\"name\":\"Arctic Excursions\",\"description\":\"New adventures. Every day.\",\"publisher\":{\"@id\":\"https:\/\/arcticexcursions.com\/#organization\"},\"potentialAction\":[{\"@type\":\"SearchAction\",\"target\":{\"@type\":\"EntryPoint\",\"urlTemplate\":\"https:\/\/arcticexcursions.com\/?s={search_term_string}\"},\"query-input\":{\"@type\":\"PropertyValueSpecification\",\"valueRequired\":true,\"valueName\":\"search_term_string\"}}],\"inLanguage\":\"da-DK\"},{\"@type\":\"Organization\",\"@id\":\"https:\/\/arcticexcursions.com\/#organization\",\"name\":\"Arctic Excursions\",\"url\":\"https:\/\/arcticexcursions.com\/\",\"logo\":{\"@type\":\"ImageObject\",\"inLanguage\":\"da-DK\",\"@id\":\"https:\/\/arcticexcursions.com\/#\/schema\/logo\/image\/\",\"url\":\"https:\/\/arcticexcursions.com\/wp-content\/uploads\/2022\/11\/fb-logo.png\",\"contentUrl\":\"https:\/\/arcticexcursions.com\/wp-content\/uploads\/2022\/11\/fb-logo.png\",\"width\":523,\"height\":523,\"caption\":\"Arctic Excursions\"},\"image\":{\"@id\":\"https:\/\/arcticexcursions.com\/#\/schema\/logo\/image\/\"}}]}<\/script>\n<!-- \/ Yoast SEO plugin. -->","yoast_head_json":{"title":"Arctic Excursions","robots":{"index":"index","follow":"follow","max-snippet":"max-snippet:-1","max-image-preview":"max-image-preview:large","max-video-preview":"max-video-preview:-1"},"canonical":"https:\/\/arcticexcursions.com\/da\/udflugter\/top-tour-to-illerfik-895m-at-maniitsoq\/","og_locale":"da_DK","og_type":"article","og_title":"Toptur til Illerfik (895m) ved Maniitsoq - Arctic Excursions","og_description":"Bedste guidede udflugt til Illerfik","og_url":"https:\/\/arcticexcursions.com\/da\/udflugter\/top-tour-to-illerfik-895m-at-maniitsoq\/","og_site_name":"Arctic Excursions","article_modified_time":"2025-10-23T15:36:09+00:00","og_image":[{"width":1920,"height":2560,"url":"https:\/\/arcticexcursions.com\/wp-content\/uploads\/2024\/05\/Illerfik-03-scaled.jpeg","type":"image\/jpeg"}],"twitter_card":"summary_large_image","twitter_misc":{"Estimeret l\u00e6setid":"1 minut"},"schema":{"@context":"https:\/\/schema.org","@graph":[{"@type":"WebPage","@id":"https:\/\/arcticexcursions.com\/da\/udflugter\/top-tour-to-illerfik-895m-at-maniitsoq\/","url":"https:\/\/arcticexcursions.com\/da\/udflugter\/top-tour-to-illerfik-895m-at-maniitsoq\/","name":"Toptur til Illerfik (895m) ved Maniitsoq - Arctic Excursions","isPartOf":{"@id":"https:\/\/arcticexcursions.com\/#website"},"primaryImageOfPage":{"@id":"https:\/\/arcticexcursions.com\/da\/udflugter\/top-tour-to-illerfik-895m-at-maniitsoq\/#primaryimage"},"image":{"@id":"https:\/\/arcticexcursions.com\/da\/udflugter\/top-tour-to-illerfik-895m-at-maniitsoq\/#primaryimage"},"thumbnailUrl":"https:\/\/arcticexcursions.com\/wp-content\/uploads\/2024\/05\/Illerfik-03-scaled.jpeg","datePublished":"2024-05-02T10:31:45+00:00","dateModified":"2025-10-23T15:36:09+00:00","breadcrumb":{"@id":"https:\/\/arcticexcursions.com\/da\/udflugter\/top-tour-to-illerfik-895m-at-maniitsoq\/#breadcrumb"},"inLanguage":"da-DK","potentialAction":[{"@type":"ReadAction","target":["https:\/\/arcticexcursions.com\/da\/udflugter\/top-tour-to-illerfik-895m-at-maniitsoq\/"]}]},{"@type":"ImageObject","inLanguage":"da-DK","@id":"https:\/\/arcticexcursions.com\/da\/udflugter\/top-tour-to-illerfik-895m-at-maniitsoq\/#primaryimage","url":"https:\/\/arcticexcursions.com\/wp-content\/uploads\/2024\/05\/Illerfik-03-scaled.jpeg","contentUrl":"https:\/\/arcticexcursions.com\/wp-content\/uploads\/2024\/05\/Illerfik-03-scaled.jpeg","width":1920,"height":2560},{"@type":"BreadcrumbList","@id":"https:\/\/arcticexcursions.com\/da\/udflugter\/top-tour-to-illerfik-895m-at-maniitsoq\/#breadcrumb","itemListElement":[{"@type":"ListItem","position":1,"name":"Home","item":"https:\/\/arcticexcursions.com\/da\/"},{"@type":"ListItem","position":2,"name":"Udflugter i Gr\u00f8nland","item":"https:\/\/arcticexcursions.com\/da\/udflugter\/"},{"@type":"ListItem","position":3,"name":"Toptur til Illerfik (895m) ved Maniitsoq"}]},{"@type":"WebSite","@id":"https:\/\/arcticexcursions.com\/#website","url":"https:\/\/arcticexcursions.com\/","name":"Arctic Excursions","description":"New adventures. Every day.","publisher":{"@id":"https:\/\/arcticexcursions.com\/#organization"},"potentialAction":[{"@type":"SearchAction","target":{"@type":"EntryPoint","urlTemplate":"https:\/\/arcticexcursions.com\/?s={search_term_string}"},"query-input":{"@type":"PropertyValueSpecification","valueRequired":true,"valueName":"search_term_string"}}],"inLanguage":"da-DK"},{"@type":"Organization","@id":"https:\/\/arcticexcursions.com\/#organization","name":"Arctic Excursions","url":"https:\/\/arcticexcursions.com\/","logo":{"@type":"ImageObject","inLanguage":"da-DK","@id":"https:\/\/arcticexcursions.com\/#\/schema\/logo\/image\/","url":"https:\/\/arcticexcursions.com\/wp-content\/uploads\/2022\/11\/fb-logo.png","contentUrl":"https:\/\/arcticexcursions.com\/wp-content\/uploads\/2022\/11\/fb-logo.png","width":523,"height":523,"caption":"Arctic Excursions"},"image":{"@id":"https:\/\/arcticexcursions.com\/#\/schema\/logo\/image\/"}}]}},"_links":{"self":[{"href":"https:\/\/arcticexcursions.com\/da\/wp-json\/wp\/v2\/product\/35857"}],"collection":[{"href":"https:\/\/arcticexcursions.com\/da\/wp-json\/wp\/v2\/product"}],"about":[{"href":"https:\/\/arcticexcursions.com\/da\/wp-json\/wp\/v2\/types\/product"}],"replies":[{"embeddable":true,"href":"https:\/\/arcticexcursions.com\/da\/wp-json\/wp\/v2\/comments?post=35857"}],"wp:featuredmedia":[{"embeddable":true,"href":"https:\/\/arcticexcursions.com\/da\/wp-json\/wp\/v2\/media\/35940"}],"wp:attachment":[{"href":"https:\/\/arcticexcursions.com\/da\/wp-json\/wp\/v2\/media?parent=35857"}],"wp:term":[{"taxonomy":"product_brand","embeddable":true,"href":"https:\/\/arcticexcursions.com\/da\/wp-json\/wp\/v2\/product_brand?post=35857"},{"taxonomy":"product_cat","embeddable":true,"href":"https:\/\/arcticexcursions.com\/da\/wp-json\/wp\/v2\/product_cat?post=35857"},{"taxonomy":"product_tag","embeddable":true,"href":"https:\/\/arcticexcursions.com\/da\/wp-json\/wp\/v2\/product_tag?post=35857"}],"curies":[{"name":"wp","href":"https:\/\/api.w.org\/{rel}","templated":true}]}}