{"id":36148,"date":"2024-10-01T11:56:04","date_gmt":"2024-10-01T09:56:04","guid":{"rendered":"https:\/\/arcticexcursions.com\/?post_type=product&#038;p=36148"},"modified":"2025-11-03T19:02:35","modified_gmt":"2025-11-03T17:02:35","slug":"qassiarsuk-brattahlid","status":"publish","type":"product","link":"https:\/\/arcticexcursions.com\/da\/udflugter\/qassiarsuk-brattahlid\/","title":{"rendered":"Qassiarsuk (Brattahlid)"},"content":{"rendered":"<p>Bygden Qassiarsuk ligger p\u00e5 den anden side af fjorden og femten minutters sejlads fra Narsarsuaq. <\/p>\n<p>Pr\u00e6cis det samme omr\u00e5de, som vikingen Erik den R\u00f8de valgte at bo p\u00e5 for over tusind \u00e5r siden, dyrkes nu af f\u00e5reavlere. G\u00e5 en tur gennem bygden, som kombinerer gammeldags charme med moderne liv, og bes\u00f8g udend\u00f8rsmuseet Brattahlid, som har modeller af et nordisk langhus og Tjodhildes kirke (entr\u00e9 ikke inkluderet).<\/p>\n<p>Fra Qassiarsuk kan du vandre alene ned ad grusvejen mod Sermilik Fjord. <\/p>\n<p>Hvis vejret tillader det, vil du blive bel\u00f8nnet med en betagende udsigt over begge fjorde p\u00e5 halvvejen. Sermilik er typisk d\u00e6kket af isskosser, og det maleriske landskab er fyldt med sm\u00e5, bl\u00e5 s\u00f8er. <\/p>\n<p>Ruten f\u00f8rer til f\u00e5refarmen Tasiusaq (16 km retur), hvis du f\u00f8lger den hele vejen.<\/p>\n<p><b>Varighed:<\/b> fra 3 timer til en dag. <\/p>\n<p><b>Deltagere:<\/b> Bem\u00e6rk venligst, at udflugten kun gennemf\u00f8res, hvis der er mindst 2 bookede billetter i alt. Hvis du for eksempel booker 1 billet, skal der s\u00e6lges mindst 1 yderligere billet til andre kunder, f\u00f8r turen kan finde sted. Der vil deltage maksimalt 6 personer.<\/p>\n<p><b>Sprog:<\/b> Guiden\/kaptajnen taler dansk, engelsk og gr\u00f8nlandsk<\/p>\n<p><b>Anbefalet p\u00e5kl\u00e6dning:<\/b> Varmt t\u00f8j inkl. hue og handsker hele \u00e5ret. Solbriller. Solcreme om sommeren.<\/p>\n<p><b>Inkluderer:<\/b> B\u00e5dtransfer Narsarsuaq &#8211; Qassiarsuk (retur).<\/p>\n","protected":false},"excerpt":{"rendered":"<p>Oplev Qassiarsuk (Brattahlid)<\/p>\n","protected":false},"featured_media":41176,"comment_status":"open","ping_status":"closed","template":"","meta":{"_acf_changed":false},"product_brand":[],"product_cat":[101,170],"product_tag":[],"class_list":{"0":"post-36148","1":"product","2":"type-product","3":"status-publish","4":"has-post-thumbnail","6":"product_cat-tour","7":"product_cat-udflugt","8":"pa_dato-5929","9":"pa_dato-5988","10":"pa_dato-5980","11":"pa_tidspunkt-72","12":"pa_tidspunkt-177","13":"tour_location-narsarsuaq-da","14":"tour_type-baadture","15":"tour_state-allowed_prebooking","16":"tour_tickettype-arctic_excursions","17":"tour_operator-blue-ice-explorer","19":"first","20":"outofstock","21":"shipping-taxable","22":"product-type-variable"},"acf":[],"yoast_head":"<!-- This site is optimized with the Yoast SEO plugin v23.6 - https:\/\/yoast.com\/wordpress\/plugins\/seo\/ -->\n<title>Arctic Excursions<\/title>\n<meta name=\"robots\" content=\"index, follow, max-snippet:-1, max-image-preview:large, max-video-preview:-1\" \/>\n<link rel=\"canonical\" href=\"https:\/\/arcticexcursions.com\/da\/udflugter\/qassiarsuk-brattahlid\/\" \/>\n<meta property=\"og:locale\" content=\"da_DK\" \/>\n<meta property=\"og:type\" content=\"article\" \/>\n<meta property=\"og:title\" content=\"Qassiarsuk (Brattahlid) - Arctic Excursions\" \/>\n<meta property=\"og:description\" content=\"Oplev Qassiarsuk (Brattahlid)\" \/>\n<meta property=\"og:url\" content=\"https:\/\/arcticexcursions.com\/da\/udflugter\/qassiarsuk-brattahlid\/\" \/>\n<meta property=\"og:site_name\" content=\"Arctic Excursions\" \/>\n<meta property=\"article:modified_time\" content=\"2025-11-03T17:02:35+00:00\" \/>\n<meta property=\"og:image\" content=\"https:\/\/arcticexcursions.com\/wp-content\/uploads\/2024\/10\/20190616_145638-scaled.jpg\" \/>\n\t<meta property=\"og:image:width\" content=\"2560\" \/>\n\t<meta property=\"og:image:height\" content=\"1920\" \/>\n\t<meta property=\"og:image:type\" content=\"image\/jpeg\" \/>\n<meta name=\"twitter:card\" content=\"summary_large_image\" \/>\n<meta name=\"twitter:label1\" content=\"Estimeret l\u00e6setid\" \/>\n\t<meta name=\"twitter:data1\" content=\"1 minut\" \/>\n<script type=\"application\/ld+json\" class=\"yoast-schema-graph\">{\"@context\":\"https:\/\/schema.org\",\"@graph\":[{\"@type\":\"WebPage\",\"@id\":\"https:\/\/arcticexcursions.com\/da\/udflugter\/qassiarsuk-brattahlid\/\",\"url\":\"https:\/\/arcticexcursions.com\/da\/udflugter\/qassiarsuk-brattahlid\/\",\"name\":\"Qassiarsuk (Brattahlid) - Arctic Excursions\",\"isPartOf\":{\"@id\":\"https:\/\/arcticexcursions.com\/#website\"},\"primaryImageOfPage\":{\"@id\":\"https:\/\/arcticexcursions.com\/da\/udflugter\/qassiarsuk-brattahlid\/#primaryimage\"},\"image\":{\"@id\":\"https:\/\/arcticexcursions.com\/da\/udflugter\/qassiarsuk-brattahlid\/#primaryimage\"},\"thumbnailUrl\":\"https:\/\/arcticexcursions.com\/wp-content\/uploads\/2024\/10\/20190616_145638-scaled.jpg\",\"datePublished\":\"2024-10-01T09:56:04+00:00\",\"dateModified\":\"2025-11-03T17:02:35+00:00\",\"breadcrumb\":{\"@id\":\"https:\/\/arcticexcursions.com\/da\/udflugter\/qassiarsuk-brattahlid\/#breadcrumb\"},\"inLanguage\":\"da-DK\",\"potentialAction\":[{\"@type\":\"ReadAction\",\"target\":[\"https:\/\/arcticexcursions.com\/da\/udflugter\/qassiarsuk-brattahlid\/\"]}]},{\"@type\":\"ImageObject\",\"inLanguage\":\"da-DK\",\"@id\":\"https:\/\/arcticexcursions.com\/da\/udflugter\/qassiarsuk-brattahlid\/#primaryimage\",\"url\":\"https:\/\/arcticexcursions.com\/wp-content\/uploads\/2024\/10\/20190616_145638-scaled.jpg\",\"contentUrl\":\"https:\/\/arcticexcursions.com\/wp-content\/uploads\/2024\/10\/20190616_145638-scaled.jpg\",\"width\":2560,\"height\":1920},{\"@type\":\"BreadcrumbList\",\"@id\":\"https:\/\/arcticexcursions.com\/da\/udflugter\/qassiarsuk-brattahlid\/#breadcrumb\",\"itemListElement\":[{\"@type\":\"ListItem\",\"position\":1,\"name\":\"Home\",\"item\":\"https:\/\/arcticexcursions.com\/da\/\"},{\"@type\":\"ListItem\",\"position\":2,\"name\":\"Udflugter i Gr\u00f8nland\",\"item\":\"https:\/\/arcticexcursions.com\/da\/udflugter\/\"},{\"@type\":\"ListItem\",\"position\":3,\"name\":\"Qassiarsuk (Brattahlid)\"}]},{\"@type\":\"WebSite\",\"@id\":\"https:\/\/arcticexcursions.com\/#website\",\"url\":\"https:\/\/arcticexcursions.com\/\",\"name\":\"Arctic Excursions\",\"description\":\"New adventures. Every day.\",\"publisher\":{\"@id\":\"https:\/\/arcticexcursions.com\/#organization\"},\"potentialAction\":[{\"@type\":\"SearchAction\",\"target\":{\"@type\":\"EntryPoint\",\"urlTemplate\":\"https:\/\/arcticexcursions.com\/?s={search_term_string}\"},\"query-input\":{\"@type\":\"PropertyValueSpecification\",\"valueRequired\":true,\"valueName\":\"search_term_string\"}}],\"inLanguage\":\"da-DK\"},{\"@type\":\"Organization\",\"@id\":\"https:\/\/arcticexcursions.com\/#organization\",\"name\":\"Arctic Excursions\",\"url\":\"https:\/\/arcticexcursions.com\/\",\"logo\":{\"@type\":\"ImageObject\",\"inLanguage\":\"da-DK\",\"@id\":\"https:\/\/arcticexcursions.com\/#\/schema\/logo\/image\/\",\"url\":\"https:\/\/arcticexcursions.com\/wp-content\/uploads\/2022\/11\/fb-logo.png\",\"contentUrl\":\"https:\/\/arcticexcursions.com\/wp-content\/uploads\/2022\/11\/fb-logo.png\",\"width\":523,\"height\":523,\"caption\":\"Arctic Excursions\"},\"image\":{\"@id\":\"https:\/\/arcticexcursions.com\/#\/schema\/logo\/image\/\"}}]}<\/script>\n<!-- \/ Yoast SEO plugin. -->","yoast_head_json":{"title":"Arctic Excursions","robots":{"index":"index","follow":"follow","max-snippet":"max-snippet:-1","max-image-preview":"max-image-preview:large","max-video-preview":"max-video-preview:-1"},"canonical":"https:\/\/arcticexcursions.com\/da\/udflugter\/qassiarsuk-brattahlid\/","og_locale":"da_DK","og_type":"article","og_title":"Qassiarsuk (Brattahlid) - Arctic Excursions","og_description":"Oplev Qassiarsuk (Brattahlid)","og_url":"https:\/\/arcticexcursions.com\/da\/udflugter\/qassiarsuk-brattahlid\/","og_site_name":"Arctic Excursions","article_modified_time":"2025-11-03T17:02:35+00:00","og_image":[{"width":2560,"height":1920,"url":"https:\/\/arcticexcursions.com\/wp-content\/uploads\/2024\/10\/20190616_145638-scaled.jpg","type":"image\/jpeg"}],"twitter_card":"summary_large_image","twitter_misc":{"Estimeret l\u00e6setid":"1 minut"},"schema":{"@context":"https:\/\/schema.org","@graph":[{"@type":"WebPage","@id":"https:\/\/arcticexcursions.com\/da\/udflugter\/qassiarsuk-brattahlid\/","url":"https:\/\/arcticexcursions.com\/da\/udflugter\/qassiarsuk-brattahlid\/","name":"Qassiarsuk (Brattahlid) - Arctic Excursions","isPartOf":{"@id":"https:\/\/arcticexcursions.com\/#website"},"primaryImageOfPage":{"@id":"https:\/\/arcticexcursions.com\/da\/udflugter\/qassiarsuk-brattahlid\/#primaryimage"},"image":{"@id":"https:\/\/arcticexcursions.com\/da\/udflugter\/qassiarsuk-brattahlid\/#primaryimage"},"thumbnailUrl":"https:\/\/arcticexcursions.com\/wp-content\/uploads\/2024\/10\/20190616_145638-scaled.jpg","datePublished":"2024-10-01T09:56:04+00:00","dateModified":"2025-11-03T17:02:35+00:00","breadcrumb":{"@id":"https:\/\/arcticexcursions.com\/da\/udflugter\/qassiarsuk-brattahlid\/#breadcrumb"},"inLanguage":"da-DK","potentialAction":[{"@type":"ReadAction","target":["https:\/\/arcticexcursions.com\/da\/udflugter\/qassiarsuk-brattahlid\/"]}]},{"@type":"ImageObject","inLanguage":"da-DK","@id":"https:\/\/arcticexcursions.com\/da\/udflugter\/qassiarsuk-brattahlid\/#primaryimage","url":"https:\/\/arcticexcursions.com\/wp-content\/uploads\/2024\/10\/20190616_145638-scaled.jpg","contentUrl":"https:\/\/arcticexcursions.com\/wp-content\/uploads\/2024\/10\/20190616_145638-scaled.jpg","width":2560,"height":1920},{"@type":"BreadcrumbList","@id":"https:\/\/arcticexcursions.com\/da\/udflugter\/qassiarsuk-brattahlid\/#breadcrumb","itemListElement":[{"@type":"ListItem","position":1,"name":"Home","item":"https:\/\/arcticexcursions.com\/da\/"},{"@type":"ListItem","position":2,"name":"Udflugter i Gr\u00f8nland","item":"https:\/\/arcticexcursions.com\/da\/udflugter\/"},{"@type":"ListItem","position":3,"name":"Qassiarsuk (Brattahlid)"}]},{"@type":"WebSite","@id":"https:\/\/arcticexcursions.com\/#website","url":"https:\/\/arcticexcursions.com\/","name":"Arctic Excursions","description":"New adventures. Every day.","publisher":{"@id":"https:\/\/arcticexcursions.com\/#organization"},"potentialAction":[{"@type":"SearchAction","target":{"@type":"EntryPoint","urlTemplate":"https:\/\/arcticexcursions.com\/?s={search_term_string}"},"query-input":{"@type":"PropertyValueSpecification","valueRequired":true,"valueName":"search_term_string"}}],"inLanguage":"da-DK"},{"@type":"Organization","@id":"https:\/\/arcticexcursions.com\/#organization","name":"Arctic Excursions","url":"https:\/\/arcticexcursions.com\/","logo":{"@type":"ImageObject","inLanguage":"da-DK","@id":"https:\/\/arcticexcursions.com\/#\/schema\/logo\/image\/","url":"https:\/\/arcticexcursions.com\/wp-content\/uploads\/2022\/11\/fb-logo.png","contentUrl":"https:\/\/arcticexcursions.com\/wp-content\/uploads\/2022\/11\/fb-logo.png","width":523,"height":523,"caption":"Arctic Excursions"},"image":{"@id":"https:\/\/arcticexcursions.com\/#\/schema\/logo\/image\/"}}]}},"_links":{"self":[{"href":"https:\/\/arcticexcursions.com\/da\/wp-json\/wp\/v2\/product\/36148"}],"collection":[{"href":"https:\/\/arcticexcursions.com\/da\/wp-json\/wp\/v2\/product"}],"about":[{"href":"https:\/\/arcticexcursions.com\/da\/wp-json\/wp\/v2\/types\/product"}],"replies":[{"embeddable":true,"href":"https:\/\/arcticexcursions.com\/da\/wp-json\/wp\/v2\/comments?post=36148"}],"wp:featuredmedia":[{"embeddable":true,"href":"https:\/\/arcticexcursions.com\/da\/wp-json\/wp\/v2\/media\/41176"}],"wp:attachment":[{"href":"https:\/\/arcticexcursions.com\/da\/wp-json\/wp\/v2\/media?parent=36148"}],"wp:term":[{"taxonomy":"product_brand","embeddable":true,"href":"https:\/\/arcticexcursions.com\/da\/wp-json\/wp\/v2\/product_brand?post=36148"},{"taxonomy":"product_cat","embeddable":true,"href":"https:\/\/arcticexcursions.com\/da\/wp-json\/wp\/v2\/product_cat?post=36148"},{"taxonomy":"product_tag","embeddable":true,"href":"https:\/\/arcticexcursions.com\/da\/wp-json\/wp\/v2\/product_tag?post=36148"}],"curies":[{"name":"wp","href":"https:\/\/api.w.org\/{rel}","templated":true}]}}