{"id":36152,"date":"2024-05-03T14:11:12","date_gmt":"2024-05-03T12:11:12","guid":{"rendered":"https:\/\/arcticexcursions.com\/?post_type=product&#038;p=36152"},"modified":"2024-10-25T12:40:41","modified_gmt":"2024-10-25T10:40:41","slug":"hike-to-narsarsuaq-glacier","status":"publish","type":"product","link":"https:\/\/arcticexcursions.com\/da\/udflugter\/hike-to-narsarsuaq-glacier\/","title":{"rendered":"Vandretur til Narsarsuaq-gletsjeren"},"content":{"rendered":"<p>Vi g\u00e5r op til Hospitalsdalen efter en kort k\u00f8retur, og s\u00e5 spadserer vi op til Narsarsuaq-gletsjeren via den natursk\u00f8nne Blomsterdal. <\/p>\n<p>Vandringen er ret let de f\u00f8rste mange kilometer. Vi g\u00e5r langs sm\u00e5 vandl\u00f8b, og m\u00e5ske ser vi endda hav\u00f8rne kredse over os. <\/p>\n<p>Vi skal op p\u00e5 et plateau ca. 300 meter over havets overflade for at kunne se den enorme iskappe. <\/p>\n<p>Selvom det ikke er farligt, kan opstigningen v\u00e6re lidt anstrengende.<\/p>\n<p>P\u00e5 plateauet, hvor der er en fantastisk udsigt over gletsjeren, spiser vi frokost.<br \/>\nMan kan g\u00e5 hele vejen ned til gletsjerens kant efter frokosten.<\/p>\n<p>Da vi n\u00e6rmer os, opdager vi, at det, der p\u00e5 afstand s\u00e5 ud til at v\u00e6re en uj\u00e6vn overflade, faktisk er et helt islandskab med stejle skr\u00e6nter og store spr\u00e6kker. Det vil m\u00e5ske overraske dig at se sm\u00e5, levende blomster blomstre ved iskanten.<\/p>\n<p><b>Varighed:<\/b> 1 dag. <\/p>\n<p><b>Deltagere:<\/b> Bem\u00e6rk venligst, at udflugten kun gennemf\u00f8res, hvis der er mindst 4 bookede billetter i alt. Hvis du for eksempel booker 2 billetter, skal der s\u00e6lges mindst 2 yderligere billetter til andre kunder, f\u00f8r turen kan finde sted. Der vil deltage maksimalt 12 personer.<\/p>\n<p><b>Krav:<\/b> Til denne tur er fysisk form et must. Der vil v\u00e6re mere anstrengende vandring involveret, nogle gange i uj\u00e6vnt terr\u00e6n og med nogle stejle op- og nedstigninger. Medbring solidt vandrefodt\u00f8j.<\/p>\n","protected":false},"excerpt":{"rendered":"<p>Oplev vandretur til Narsarsuaq-gletsjeren<\/p>\n","protected":false},"featured_media":41184,"comment_status":"open","ping_status":"closed","template":"","meta":{"_acf_changed":false},"product_brand":[],"product_cat":[170,101],"product_tag":[],"class_list":{"0":"post-36152","1":"product","2":"type-product","3":"status-publish","4":"has-post-thumbnail","6":"product_cat-udflugt","7":"product_cat-tour","8":"tour_location-narsarsuaq-da","9":"tour_type-outdoor-da","10":"tour_tickettype-arctic_excursions","11":"tour_operator-blue-ice-explorer","13":"first","14":"outofstock","15":"shipping-taxable","16":"product-type-variable"},"acf":[],"yoast_head":"<!-- This site is optimized with the Yoast SEO plugin v23.6 - https:\/\/yoast.com\/wordpress\/plugins\/seo\/ -->\n<title>Arctic Excursions<\/title>\n<meta name=\"robots\" content=\"index, follow, max-snippet:-1, max-image-preview:large, max-video-preview:-1\" \/>\n<link rel=\"canonical\" href=\"https:\/\/arcticexcursions.com\/da\/udflugter\/hike-to-narsarsuaq-glacier\/\" \/>\n<meta property=\"og:locale\" content=\"da_DK\" \/>\n<meta property=\"og:type\" content=\"article\" \/>\n<meta property=\"og:title\" content=\"Vandretur til Narsarsuaq-gletsjeren - Arctic Excursions\" \/>\n<meta property=\"og:description\" content=\"Oplev vandretur til Narsarsuaq-gletsjeren\" \/>\n<meta property=\"og:url\" content=\"https:\/\/arcticexcursions.com\/da\/udflugter\/hike-to-narsarsuaq-glacier\/\" \/>\n<meta property=\"og:site_name\" content=\"Arctic Excursions\" \/>\n<meta property=\"article:modified_time\" content=\"2024-10-25T10:40:41+00:00\" \/>\n<meta property=\"og:image\" content=\"https:\/\/arcticexcursions.com\/wp-content\/uploads\/2024\/10\/20200805_171249-scaled.jpg\" \/>\n\t<meta property=\"og:image:width\" content=\"2560\" \/>\n\t<meta property=\"og:image:height\" content=\"1920\" \/>\n\t<meta property=\"og:image:type\" content=\"image\/jpeg\" \/>\n<meta name=\"twitter:card\" content=\"summary_large_image\" \/>\n<meta name=\"twitter:label1\" content=\"Estimeret l\u00e6setid\" \/>\n\t<meta name=\"twitter:data1\" content=\"1 minut\" \/>\n<script type=\"application\/ld+json\" class=\"yoast-schema-graph\">{\"@context\":\"https:\/\/schema.org\",\"@graph\":[{\"@type\":\"WebPage\",\"@id\":\"https:\/\/arcticexcursions.com\/da\/udflugter\/hike-to-narsarsuaq-glacier\/\",\"url\":\"https:\/\/arcticexcursions.com\/da\/udflugter\/hike-to-narsarsuaq-glacier\/\",\"name\":\"Vandretur til Narsarsuaq-gletsjeren - Arctic Excursions\",\"isPartOf\":{\"@id\":\"https:\/\/arcticexcursions.com\/#website\"},\"primaryImageOfPage\":{\"@id\":\"https:\/\/arcticexcursions.com\/da\/udflugter\/hike-to-narsarsuaq-glacier\/#primaryimage\"},\"image\":{\"@id\":\"https:\/\/arcticexcursions.com\/da\/udflugter\/hike-to-narsarsuaq-glacier\/#primaryimage\"},\"thumbnailUrl\":\"https:\/\/arcticexcursions.com\/wp-content\/uploads\/2024\/10\/20200805_171249-scaled.jpg\",\"datePublished\":\"2024-05-03T12:11:12+00:00\",\"dateModified\":\"2024-10-25T10:40:41+00:00\",\"breadcrumb\":{\"@id\":\"https:\/\/arcticexcursions.com\/da\/udflugter\/hike-to-narsarsuaq-glacier\/#breadcrumb\"},\"inLanguage\":\"da-DK\",\"potentialAction\":[{\"@type\":\"ReadAction\",\"target\":[\"https:\/\/arcticexcursions.com\/da\/udflugter\/hike-to-narsarsuaq-glacier\/\"]}]},{\"@type\":\"ImageObject\",\"inLanguage\":\"da-DK\",\"@id\":\"https:\/\/arcticexcursions.com\/da\/udflugter\/hike-to-narsarsuaq-glacier\/#primaryimage\",\"url\":\"https:\/\/arcticexcursions.com\/wp-content\/uploads\/2024\/10\/20200805_171249-scaled.jpg\",\"contentUrl\":\"https:\/\/arcticexcursions.com\/wp-content\/uploads\/2024\/10\/20200805_171249-scaled.jpg\",\"width\":2560,\"height\":1920},{\"@type\":\"BreadcrumbList\",\"@id\":\"https:\/\/arcticexcursions.com\/da\/udflugter\/hike-to-narsarsuaq-glacier\/#breadcrumb\",\"itemListElement\":[{\"@type\":\"ListItem\",\"position\":1,\"name\":\"Home\",\"item\":\"https:\/\/arcticexcursions.com\/da\/\"},{\"@type\":\"ListItem\",\"position\":2,\"name\":\"Udflugter i Gr\u00f8nland\",\"item\":\"https:\/\/arcticexcursions.com\/da\/udflugter\/\"},{\"@type\":\"ListItem\",\"position\":3,\"name\":\"Vandretur til Narsarsuaq-gletsjeren\"}]},{\"@type\":\"WebSite\",\"@id\":\"https:\/\/arcticexcursions.com\/#website\",\"url\":\"https:\/\/arcticexcursions.com\/\",\"name\":\"Arctic Excursions\",\"description\":\"New adventures. Every day.\",\"publisher\":{\"@id\":\"https:\/\/arcticexcursions.com\/#organization\"},\"potentialAction\":[{\"@type\":\"SearchAction\",\"target\":{\"@type\":\"EntryPoint\",\"urlTemplate\":\"https:\/\/arcticexcursions.com\/?s={search_term_string}\"},\"query-input\":{\"@type\":\"PropertyValueSpecification\",\"valueRequired\":true,\"valueName\":\"search_term_string\"}}],\"inLanguage\":\"da-DK\"},{\"@type\":\"Organization\",\"@id\":\"https:\/\/arcticexcursions.com\/#organization\",\"name\":\"Arctic Excursions\",\"url\":\"https:\/\/arcticexcursions.com\/\",\"logo\":{\"@type\":\"ImageObject\",\"inLanguage\":\"da-DK\",\"@id\":\"https:\/\/arcticexcursions.com\/#\/schema\/logo\/image\/\",\"url\":\"https:\/\/arcticexcursions.com\/wp-content\/uploads\/2022\/11\/fb-logo.png\",\"contentUrl\":\"https:\/\/arcticexcursions.com\/wp-content\/uploads\/2022\/11\/fb-logo.png\",\"width\":523,\"height\":523,\"caption\":\"Arctic Excursions\"},\"image\":{\"@id\":\"https:\/\/arcticexcursions.com\/#\/schema\/logo\/image\/\"}}]}<\/script>\n<!-- \/ Yoast SEO plugin. -->","yoast_head_json":{"title":"Arctic Excursions","robots":{"index":"index","follow":"follow","max-snippet":"max-snippet:-1","max-image-preview":"max-image-preview:large","max-video-preview":"max-video-preview:-1"},"canonical":"https:\/\/arcticexcursions.com\/da\/udflugter\/hike-to-narsarsuaq-glacier\/","og_locale":"da_DK","og_type":"article","og_title":"Vandretur til Narsarsuaq-gletsjeren - Arctic Excursions","og_description":"Oplev vandretur til Narsarsuaq-gletsjeren","og_url":"https:\/\/arcticexcursions.com\/da\/udflugter\/hike-to-narsarsuaq-glacier\/","og_site_name":"Arctic Excursions","article_modified_time":"2024-10-25T10:40:41+00:00","og_image":[{"width":2560,"height":1920,"url":"https:\/\/arcticexcursions.com\/wp-content\/uploads\/2024\/10\/20200805_171249-scaled.jpg","type":"image\/jpeg"}],"twitter_card":"summary_large_image","twitter_misc":{"Estimeret l\u00e6setid":"1 minut"},"schema":{"@context":"https:\/\/schema.org","@graph":[{"@type":"WebPage","@id":"https:\/\/arcticexcursions.com\/da\/udflugter\/hike-to-narsarsuaq-glacier\/","url":"https:\/\/arcticexcursions.com\/da\/udflugter\/hike-to-narsarsuaq-glacier\/","name":"Vandretur til Narsarsuaq-gletsjeren - Arctic Excursions","isPartOf":{"@id":"https:\/\/arcticexcursions.com\/#website"},"primaryImageOfPage":{"@id":"https:\/\/arcticexcursions.com\/da\/udflugter\/hike-to-narsarsuaq-glacier\/#primaryimage"},"image":{"@id":"https:\/\/arcticexcursions.com\/da\/udflugter\/hike-to-narsarsuaq-glacier\/#primaryimage"},"thumbnailUrl":"https:\/\/arcticexcursions.com\/wp-content\/uploads\/2024\/10\/20200805_171249-scaled.jpg","datePublished":"2024-05-03T12:11:12+00:00","dateModified":"2024-10-25T10:40:41+00:00","breadcrumb":{"@id":"https:\/\/arcticexcursions.com\/da\/udflugter\/hike-to-narsarsuaq-glacier\/#breadcrumb"},"inLanguage":"da-DK","potentialAction":[{"@type":"ReadAction","target":["https:\/\/arcticexcursions.com\/da\/udflugter\/hike-to-narsarsuaq-glacier\/"]}]},{"@type":"ImageObject","inLanguage":"da-DK","@id":"https:\/\/arcticexcursions.com\/da\/udflugter\/hike-to-narsarsuaq-glacier\/#primaryimage","url":"https:\/\/arcticexcursions.com\/wp-content\/uploads\/2024\/10\/20200805_171249-scaled.jpg","contentUrl":"https:\/\/arcticexcursions.com\/wp-content\/uploads\/2024\/10\/20200805_171249-scaled.jpg","width":2560,"height":1920},{"@type":"BreadcrumbList","@id":"https:\/\/arcticexcursions.com\/da\/udflugter\/hike-to-narsarsuaq-glacier\/#breadcrumb","itemListElement":[{"@type":"ListItem","position":1,"name":"Home","item":"https:\/\/arcticexcursions.com\/da\/"},{"@type":"ListItem","position":2,"name":"Udflugter i Gr\u00f8nland","item":"https:\/\/arcticexcursions.com\/da\/udflugter\/"},{"@type":"ListItem","position":3,"name":"Vandretur til Narsarsuaq-gletsjeren"}]},{"@type":"WebSite","@id":"https:\/\/arcticexcursions.com\/#website","url":"https:\/\/arcticexcursions.com\/","name":"Arctic Excursions","description":"New adventures. Every day.","publisher":{"@id":"https:\/\/arcticexcursions.com\/#organization"},"potentialAction":[{"@type":"SearchAction","target":{"@type":"EntryPoint","urlTemplate":"https:\/\/arcticexcursions.com\/?s={search_term_string}"},"query-input":{"@type":"PropertyValueSpecification","valueRequired":true,"valueName":"search_term_string"}}],"inLanguage":"da-DK"},{"@type":"Organization","@id":"https:\/\/arcticexcursions.com\/#organization","name":"Arctic Excursions","url":"https:\/\/arcticexcursions.com\/","logo":{"@type":"ImageObject","inLanguage":"da-DK","@id":"https:\/\/arcticexcursions.com\/#\/schema\/logo\/image\/","url":"https:\/\/arcticexcursions.com\/wp-content\/uploads\/2022\/11\/fb-logo.png","contentUrl":"https:\/\/arcticexcursions.com\/wp-content\/uploads\/2022\/11\/fb-logo.png","width":523,"height":523,"caption":"Arctic Excursions"},"image":{"@id":"https:\/\/arcticexcursions.com\/#\/schema\/logo\/image\/"}}]}},"_links":{"self":[{"href":"https:\/\/arcticexcursions.com\/da\/wp-json\/wp\/v2\/product\/36152"}],"collection":[{"href":"https:\/\/arcticexcursions.com\/da\/wp-json\/wp\/v2\/product"}],"about":[{"href":"https:\/\/arcticexcursions.com\/da\/wp-json\/wp\/v2\/types\/product"}],"replies":[{"embeddable":true,"href":"https:\/\/arcticexcursions.com\/da\/wp-json\/wp\/v2\/comments?post=36152"}],"wp:featuredmedia":[{"embeddable":true,"href":"https:\/\/arcticexcursions.com\/da\/wp-json\/wp\/v2\/media\/41184"}],"wp:attachment":[{"href":"https:\/\/arcticexcursions.com\/da\/wp-json\/wp\/v2\/media?parent=36152"}],"wp:term":[{"taxonomy":"product_brand","embeddable":true,"href":"https:\/\/arcticexcursions.com\/da\/wp-json\/wp\/v2\/product_brand?post=36152"},{"taxonomy":"product_cat","embeddable":true,"href":"https:\/\/arcticexcursions.com\/da\/wp-json\/wp\/v2\/product_cat?post=36152"},{"taxonomy":"product_tag","embeddable":true,"href":"https:\/\/arcticexcursions.com\/da\/wp-json\/wp\/v2\/product_tag?post=36152"}],"curies":[{"name":"wp","href":"https:\/\/api.w.org\/{rel}","templated":true}]}}