{"id":36156,"date":"2024-10-01T12:14:24","date_gmt":"2024-10-01T10:14:24","guid":{"rendered":"https:\/\/arcticexcursions.com\/?post_type=product&#038;p=36156"},"modified":"2024-11-04T14:55:07","modified_gmt":"2024-11-04T12:55:07","slug":"igaliku-plateau-guidet-day-hike","status":"publish","type":"product","link":"https:\/\/arcticexcursions.com\/da\/udflugter\/igaliku-plateau-guidet-day-hike\/","title":{"rendered":"Igaliku Plateau &#8211; Guidet dagsvandring"},"content":{"rendered":"<p>Udforsk regionen uden for Igaliku for at opleve et endnu mere ut\u00e6mmet og fredfyldt milj\u00f8. <\/p>\n<p>Planen for denne dagstur er at g\u00e5 en runde, der begynder og slutter i Igaliku Village. <\/p>\n<p>Vores prim\u00e6re m\u00e5l er at n\u00e5 frem til det maleriske plateau under Illerfissalik, den h\u00f8jeste top i omr\u00e5det p\u00e5 1.752 meter. <\/p>\n<p>Fra plateauet har vi den bedste udsigt over gletsjerfronten for enden af Isfjorden. <\/p>\n<p>Vi vil ogs\u00e5 opleve det betagende og vidtstrakte landskab p\u00e5 halv\u00f8en, mens vi rejser. <\/p>\n<p>Vi vil vandre langs den brusende flod og se, hvordan underskoven giver plads til n\u00f8gne pletter af m\u00e5neskinnede tr\u00e6er. <\/p>\n<p>Dette er en tur for erfarne vandrere, fordi vi kommer til at g\u00e5 i udfordrende terr\u00e6n i flere timer.<\/p>\n<p><b>Varighed:<\/b> Ca. 8 timer.<\/p>\n<p><b>Krav til deltagere:<\/b> God fysisk form og vandreerfaring.<\/p>\n<p><b>Deltagere:<\/b> Bem\u00e6rk venligst, at udflugten kun gennemf\u00f8res, hvis der er mindst 4 bookede billetter i alt. Hvis du for eksempel booker 2 billetter, skal der s\u00e6lges mindst 2 yderligere billetter til andre kunder, f\u00f8r turen kan finde sted. Der vil deltage maksimalt 12 personer.<\/p>\n","protected":false},"excerpt":{"rendered":"<p>Oplev Igaliku Plateau p\u00e5 guidet dagsvandring<\/p>\n","protected":false},"featured_media":41194,"comment_status":"open","ping_status":"closed","template":"","meta":{"_acf_changed":false},"product_brand":[],"product_cat":[101,170],"product_tag":[],"class_list":{"0":"post-36156","1":"product","2":"type-product","3":"status-publish","4":"has-post-thumbnail","6":"product_cat-tour","7":"product_cat-udflugt","8":"tour_location-igaliku-da","9":"tour_type-outdoor-da","10":"tour_tickettype-arctic_excursions","11":"tour_operator-blue-ice-explorer","13":"first","14":"outofstock","15":"shipping-taxable","16":"product-type-variable"},"acf":[],"yoast_head":"<!-- This site is optimized with the Yoast SEO plugin v23.6 - https:\/\/yoast.com\/wordpress\/plugins\/seo\/ -->\n<title>Arctic Excursions<\/title>\n<meta name=\"robots\" content=\"index, follow, max-snippet:-1, max-image-preview:large, max-video-preview:-1\" \/>\n<link rel=\"canonical\" href=\"https:\/\/arcticexcursions.com\/da\/udflugter\/igaliku-plateau-guidet-day-hike\/\" \/>\n<meta property=\"og:locale\" content=\"da_DK\" \/>\n<meta property=\"og:type\" content=\"article\" \/>\n<meta property=\"og:title\" content=\"Igaliku Plateau - Guidet dagsvandring - Arctic Excursions\" \/>\n<meta property=\"og:description\" content=\"Oplev Igaliku Plateau p\u00e5 guidet dagsvandring\" \/>\n<meta property=\"og:url\" content=\"https:\/\/arcticexcursions.com\/da\/udflugter\/igaliku-plateau-guidet-day-hike\/\" \/>\n<meta property=\"og:site_name\" content=\"Arctic Excursions\" \/>\n<meta property=\"article:modified_time\" content=\"2024-11-04T12:55:07+00:00\" \/>\n<meta property=\"og:image\" content=\"https:\/\/arcticexcursions.com\/wp-content\/uploads\/2024\/10\/billede-10-2.png\" \/>\n\t<meta property=\"og:image:width\" content=\"458\" \/>\n\t<meta property=\"og:image:height\" content=\"535\" \/>\n\t<meta property=\"og:image:type\" content=\"image\/png\" \/>\n<meta name=\"twitter:card\" content=\"summary_large_image\" \/>\n<meta name=\"twitter:label1\" content=\"Estimeret l\u00e6setid\" \/>\n\t<meta name=\"twitter:data1\" content=\"1 minut\" \/>\n<script type=\"application\/ld+json\" class=\"yoast-schema-graph\">{\"@context\":\"https:\/\/schema.org\",\"@graph\":[{\"@type\":\"WebPage\",\"@id\":\"https:\/\/arcticexcursions.com\/da\/udflugter\/igaliku-plateau-guidet-day-hike\/\",\"url\":\"https:\/\/arcticexcursions.com\/da\/udflugter\/igaliku-plateau-guidet-day-hike\/\",\"name\":\"Igaliku Plateau - Guidet dagsvandring - Arctic Excursions\",\"isPartOf\":{\"@id\":\"https:\/\/arcticexcursions.com\/#website\"},\"primaryImageOfPage\":{\"@id\":\"https:\/\/arcticexcursions.com\/da\/udflugter\/igaliku-plateau-guidet-day-hike\/#primaryimage\"},\"image\":{\"@id\":\"https:\/\/arcticexcursions.com\/da\/udflugter\/igaliku-plateau-guidet-day-hike\/#primaryimage\"},\"thumbnailUrl\":\"https:\/\/arcticexcursions.com\/wp-content\/uploads\/2024\/10\/billede-10-2.png\",\"datePublished\":\"2024-10-01T10:14:24+00:00\",\"dateModified\":\"2024-11-04T12:55:07+00:00\",\"breadcrumb\":{\"@id\":\"https:\/\/arcticexcursions.com\/da\/udflugter\/igaliku-plateau-guidet-day-hike\/#breadcrumb\"},\"inLanguage\":\"da-DK\",\"potentialAction\":[{\"@type\":\"ReadAction\",\"target\":[\"https:\/\/arcticexcursions.com\/da\/udflugter\/igaliku-plateau-guidet-day-hike\/\"]}]},{\"@type\":\"ImageObject\",\"inLanguage\":\"da-DK\",\"@id\":\"https:\/\/arcticexcursions.com\/da\/udflugter\/igaliku-plateau-guidet-day-hike\/#primaryimage\",\"url\":\"https:\/\/arcticexcursions.com\/wp-content\/uploads\/2024\/10\/billede-10-2.png\",\"contentUrl\":\"https:\/\/arcticexcursions.com\/wp-content\/uploads\/2024\/10\/billede-10-2.png\",\"width\":458,\"height\":535},{\"@type\":\"BreadcrumbList\",\"@id\":\"https:\/\/arcticexcursions.com\/da\/udflugter\/igaliku-plateau-guidet-day-hike\/#breadcrumb\",\"itemListElement\":[{\"@type\":\"ListItem\",\"position\":1,\"name\":\"Home\",\"item\":\"https:\/\/arcticexcursions.com\/da\/\"},{\"@type\":\"ListItem\",\"position\":2,\"name\":\"Udflugter i Gr\u00f8nland\",\"item\":\"https:\/\/arcticexcursions.com\/da\/udflugter\/\"},{\"@type\":\"ListItem\",\"position\":3,\"name\":\"Igaliku Plateau &#8211; Guidet dagsvandring\"}]},{\"@type\":\"WebSite\",\"@id\":\"https:\/\/arcticexcursions.com\/#website\",\"url\":\"https:\/\/arcticexcursions.com\/\",\"name\":\"Arctic Excursions\",\"description\":\"New adventures. Every day.\",\"publisher\":{\"@id\":\"https:\/\/arcticexcursions.com\/#organization\"},\"potentialAction\":[{\"@type\":\"SearchAction\",\"target\":{\"@type\":\"EntryPoint\",\"urlTemplate\":\"https:\/\/arcticexcursions.com\/?s={search_term_string}\"},\"query-input\":{\"@type\":\"PropertyValueSpecification\",\"valueRequired\":true,\"valueName\":\"search_term_string\"}}],\"inLanguage\":\"da-DK\"},{\"@type\":\"Organization\",\"@id\":\"https:\/\/arcticexcursions.com\/#organization\",\"name\":\"Arctic Excursions\",\"url\":\"https:\/\/arcticexcursions.com\/\",\"logo\":{\"@type\":\"ImageObject\",\"inLanguage\":\"da-DK\",\"@id\":\"https:\/\/arcticexcursions.com\/#\/schema\/logo\/image\/\",\"url\":\"https:\/\/arcticexcursions.com\/wp-content\/uploads\/2022\/11\/fb-logo.png\",\"contentUrl\":\"https:\/\/arcticexcursions.com\/wp-content\/uploads\/2022\/11\/fb-logo.png\",\"width\":523,\"height\":523,\"caption\":\"Arctic Excursions\"},\"image\":{\"@id\":\"https:\/\/arcticexcursions.com\/#\/schema\/logo\/image\/\"}}]}<\/script>\n<!-- \/ Yoast SEO plugin. -->","yoast_head_json":{"title":"Arctic Excursions","robots":{"index":"index","follow":"follow","max-snippet":"max-snippet:-1","max-image-preview":"max-image-preview:large","max-video-preview":"max-video-preview:-1"},"canonical":"https:\/\/arcticexcursions.com\/da\/udflugter\/igaliku-plateau-guidet-day-hike\/","og_locale":"da_DK","og_type":"article","og_title":"Igaliku Plateau - Guidet dagsvandring - Arctic Excursions","og_description":"Oplev Igaliku Plateau p\u00e5 guidet dagsvandring","og_url":"https:\/\/arcticexcursions.com\/da\/udflugter\/igaliku-plateau-guidet-day-hike\/","og_site_name":"Arctic Excursions","article_modified_time":"2024-11-04T12:55:07+00:00","og_image":[{"width":458,"height":535,"url":"https:\/\/arcticexcursions.com\/wp-content\/uploads\/2024\/10\/billede-10-2.png","type":"image\/png"}],"twitter_card":"summary_large_image","twitter_misc":{"Estimeret l\u00e6setid":"1 minut"},"schema":{"@context":"https:\/\/schema.org","@graph":[{"@type":"WebPage","@id":"https:\/\/arcticexcursions.com\/da\/udflugter\/igaliku-plateau-guidet-day-hike\/","url":"https:\/\/arcticexcursions.com\/da\/udflugter\/igaliku-plateau-guidet-day-hike\/","name":"Igaliku Plateau - Guidet dagsvandring - Arctic Excursions","isPartOf":{"@id":"https:\/\/arcticexcursions.com\/#website"},"primaryImageOfPage":{"@id":"https:\/\/arcticexcursions.com\/da\/udflugter\/igaliku-plateau-guidet-day-hike\/#primaryimage"},"image":{"@id":"https:\/\/arcticexcursions.com\/da\/udflugter\/igaliku-plateau-guidet-day-hike\/#primaryimage"},"thumbnailUrl":"https:\/\/arcticexcursions.com\/wp-content\/uploads\/2024\/10\/billede-10-2.png","datePublished":"2024-10-01T10:14:24+00:00","dateModified":"2024-11-04T12:55:07+00:00","breadcrumb":{"@id":"https:\/\/arcticexcursions.com\/da\/udflugter\/igaliku-plateau-guidet-day-hike\/#breadcrumb"},"inLanguage":"da-DK","potentialAction":[{"@type":"ReadAction","target":["https:\/\/arcticexcursions.com\/da\/udflugter\/igaliku-plateau-guidet-day-hike\/"]}]},{"@type":"ImageObject","inLanguage":"da-DK","@id":"https:\/\/arcticexcursions.com\/da\/udflugter\/igaliku-plateau-guidet-day-hike\/#primaryimage","url":"https:\/\/arcticexcursions.com\/wp-content\/uploads\/2024\/10\/billede-10-2.png","contentUrl":"https:\/\/arcticexcursions.com\/wp-content\/uploads\/2024\/10\/billede-10-2.png","width":458,"height":535},{"@type":"BreadcrumbList","@id":"https:\/\/arcticexcursions.com\/da\/udflugter\/igaliku-plateau-guidet-day-hike\/#breadcrumb","itemListElement":[{"@type":"ListItem","position":1,"name":"Home","item":"https:\/\/arcticexcursions.com\/da\/"},{"@type":"ListItem","position":2,"name":"Udflugter i Gr\u00f8nland","item":"https:\/\/arcticexcursions.com\/da\/udflugter\/"},{"@type":"ListItem","position":3,"name":"Igaliku Plateau &#8211; Guidet dagsvandring"}]},{"@type":"WebSite","@id":"https:\/\/arcticexcursions.com\/#website","url":"https:\/\/arcticexcursions.com\/","name":"Arctic Excursions","description":"New adventures. Every day.","publisher":{"@id":"https:\/\/arcticexcursions.com\/#organization"},"potentialAction":[{"@type":"SearchAction","target":{"@type":"EntryPoint","urlTemplate":"https:\/\/arcticexcursions.com\/?s={search_term_string}"},"query-input":{"@type":"PropertyValueSpecification","valueRequired":true,"valueName":"search_term_string"}}],"inLanguage":"da-DK"},{"@type":"Organization","@id":"https:\/\/arcticexcursions.com\/#organization","name":"Arctic Excursions","url":"https:\/\/arcticexcursions.com\/","logo":{"@type":"ImageObject","inLanguage":"da-DK","@id":"https:\/\/arcticexcursions.com\/#\/schema\/logo\/image\/","url":"https:\/\/arcticexcursions.com\/wp-content\/uploads\/2022\/11\/fb-logo.png","contentUrl":"https:\/\/arcticexcursions.com\/wp-content\/uploads\/2022\/11\/fb-logo.png","width":523,"height":523,"caption":"Arctic Excursions"},"image":{"@id":"https:\/\/arcticexcursions.com\/#\/schema\/logo\/image\/"}}]}},"_links":{"self":[{"href":"https:\/\/arcticexcursions.com\/da\/wp-json\/wp\/v2\/product\/36156"}],"collection":[{"href":"https:\/\/arcticexcursions.com\/da\/wp-json\/wp\/v2\/product"}],"about":[{"href":"https:\/\/arcticexcursions.com\/da\/wp-json\/wp\/v2\/types\/product"}],"replies":[{"embeddable":true,"href":"https:\/\/arcticexcursions.com\/da\/wp-json\/wp\/v2\/comments?post=36156"}],"wp:featuredmedia":[{"embeddable":true,"href":"https:\/\/arcticexcursions.com\/da\/wp-json\/wp\/v2\/media\/41194"}],"wp:attachment":[{"href":"https:\/\/arcticexcursions.com\/da\/wp-json\/wp\/v2\/media?parent=36156"}],"wp:term":[{"taxonomy":"product_brand","embeddable":true,"href":"https:\/\/arcticexcursions.com\/da\/wp-json\/wp\/v2\/product_brand?post=36156"},{"taxonomy":"product_cat","embeddable":true,"href":"https:\/\/arcticexcursions.com\/da\/wp-json\/wp\/v2\/product_cat?post=36156"},{"taxonomy":"product_tag","embeddable":true,"href":"https:\/\/arcticexcursions.com\/da\/wp-json\/wp\/v2\/product_tag?post=36156"}],"curies":[{"name":"wp","href":"https:\/\/api.w.org\/{rel}","templated":true}]}}