{"id":36158,"date":"2024-10-01T12:05:29","date_gmt":"2024-10-01T10:05:29","guid":{"rendered":"https:\/\/arcticexcursions.com\/?post_type=product&#038;p=36158"},"modified":"2025-11-03T18:59:07","modified_gmt":"2025-11-03T16:59:07","slug":"boat-trip-to-the-ice-cap-twin-glacier","status":"publish","type":"product","link":"https:\/\/arcticexcursions.com\/da\/udflugter\/boat-trip-to-the-ice-cap-twin-glacier\/","title":{"rendered":"B\u00e5dtur til iskappen (Twin Glacier)"},"content":{"rendered":"<p>Vi rejser til det, de lokale kalder Twin Glacier, ved at krydse den vidtstrakte Ikerssuaq Fjord og undg\u00e5 drivende isbjerge. <\/p>\n<p>Her kan man g\u00e5 i land og virkelig r\u00f8re ved indlandsisen, hvilket er et utroligt sted! <\/p>\n<p>Det er ogs\u00e5 et af de f\u00e5 steder, hvor man kan se de fysiske beviser p\u00e5 gletsjernes tilbagetr\u00e6kning i l\u00f8bet af de sidste mange \u00e5rtier &#8211; p\u00e5 nyligt blottede klipper! <\/p>\n<p>Twin-gletsjeren fortsatte med at k\u00e6lve store m\u00e6ngder is ind i fjorden i 1980&#8217;erne. <\/p>\n<p>Isen bryder af p\u00e5 land i dag! Alligevel er det et dejligt sted, og man f\u00f8ler sig meget ubetydelig ved siden af dette enorme isbjerg!<\/p>\n<p><b>Varighed:<\/b> 1 dag<\/p>\n<p><b>Krav:<\/b> God fysisk form. Afstanden fra b\u00e5den til isen er 400 meter til fods. Medbring vandrest\u00f8vler.<\/p>\n<p><b>Deltagere:<\/b> Bem\u00e6rk venligst, at udflugten kun gennemf\u00f8res, hvis der er mindst 2 bookede billetter i alt. Hvis du for eksempel booker 1 billet, skal der s\u00e6lges mindst 1 yderligere billet til andre kunder, f\u00f8r turen kan finde sted. Der vil deltage maksimalt 4 personer. <\/p>\n<p><b>Anbefalet p\u00e5kl\u00e6dning:<\/b> Varmt t\u00f8j inkl. hue og handsker hele \u00e5ret. Solbriller. Solcreme om sommeren.<\/p>\n<p><b>Prisen inkluderer:<\/b> B\u00e5dtur og ca. 1 time p\u00e5 land<\/p>\n","protected":false},"excerpt":{"rendered":"<p>Oplevelsesrig b\u00e5dtur til indlandsisen (Twin Glacier)<\/p>\n","protected":false},"featured_media":41181,"comment_status":"open","ping_status":"closed","template":"","meta":{"_acf_changed":false},"product_brand":[],"product_cat":[170,101],"product_tag":[],"class_list":{"0":"post-36158","1":"product","2":"type-product","3":"status-publish","4":"has-post-thumbnail","6":"product_cat-udflugt","7":"product_cat-tour","8":"tour_location-narsaq-da","9":"tour_type-baadture","10":"tour_tickettype-arctic_excursions","11":"tour_operator-blue-ice-explorer","13":"first","14":"outofstock","15":"shipping-taxable","16":"product-type-variable"},"acf":[],"yoast_head":"<!-- This site is optimized with the Yoast SEO plugin v23.6 - https:\/\/yoast.com\/wordpress\/plugins\/seo\/ -->\n<title>Arctic Excursions<\/title>\n<meta name=\"robots\" content=\"index, follow, max-snippet:-1, max-image-preview:large, max-video-preview:-1\" \/>\n<link rel=\"canonical\" href=\"https:\/\/arcticexcursions.com\/da\/udflugter\/boat-trip-to-the-ice-cap-twin-glacier\/\" \/>\n<meta property=\"og:locale\" content=\"da_DK\" \/>\n<meta property=\"og:type\" content=\"article\" \/>\n<meta property=\"og:title\" content=\"B\u00e5dtur til iskappen (Twin Glacier) - Arctic Excursions\" \/>\n<meta property=\"og:description\" content=\"Oplevelsesrig b\u00e5dtur til indlandsisen (Twin Glacier)\" \/>\n<meta property=\"og:url\" content=\"https:\/\/arcticexcursions.com\/da\/udflugter\/boat-trip-to-the-ice-cap-twin-glacier\/\" \/>\n<meta property=\"og:site_name\" content=\"Arctic Excursions\" \/>\n<meta property=\"article:modified_time\" content=\"2025-11-03T16:59:07+00:00\" \/>\n<meta property=\"og:image\" content=\"https:\/\/arcticexcursions.com\/wp-content\/uploads\/2024\/10\/billede-10-1.png\" \/>\n\t<meta property=\"og:image:width\" content=\"458\" \/>\n\t<meta property=\"og:image:height\" content=\"297\" \/>\n\t<meta property=\"og:image:type\" content=\"image\/png\" \/>\n<meta name=\"twitter:card\" content=\"summary_large_image\" \/>\n<meta name=\"twitter:label1\" content=\"Estimeret l\u00e6setid\" \/>\n\t<meta name=\"twitter:data1\" content=\"1 minut\" \/>\n<script type=\"application\/ld+json\" class=\"yoast-schema-graph\">{\"@context\":\"https:\/\/schema.org\",\"@graph\":[{\"@type\":\"WebPage\",\"@id\":\"https:\/\/arcticexcursions.com\/da\/udflugter\/boat-trip-to-the-ice-cap-twin-glacier\/\",\"url\":\"https:\/\/arcticexcursions.com\/da\/udflugter\/boat-trip-to-the-ice-cap-twin-glacier\/\",\"name\":\"B\u00e5dtur til iskappen (Twin Glacier) - Arctic Excursions\",\"isPartOf\":{\"@id\":\"https:\/\/arcticexcursions.com\/#website\"},\"primaryImageOfPage\":{\"@id\":\"https:\/\/arcticexcursions.com\/da\/udflugter\/boat-trip-to-the-ice-cap-twin-glacier\/#primaryimage\"},\"image\":{\"@id\":\"https:\/\/arcticexcursions.com\/da\/udflugter\/boat-trip-to-the-ice-cap-twin-glacier\/#primaryimage\"},\"thumbnailUrl\":\"https:\/\/arcticexcursions.com\/wp-content\/uploads\/2024\/10\/billede-10-1.png\",\"datePublished\":\"2024-10-01T10:05:29+00:00\",\"dateModified\":\"2025-11-03T16:59:07+00:00\",\"breadcrumb\":{\"@id\":\"https:\/\/arcticexcursions.com\/da\/udflugter\/boat-trip-to-the-ice-cap-twin-glacier\/#breadcrumb\"},\"inLanguage\":\"da-DK\",\"potentialAction\":[{\"@type\":\"ReadAction\",\"target\":[\"https:\/\/arcticexcursions.com\/da\/udflugter\/boat-trip-to-the-ice-cap-twin-glacier\/\"]}]},{\"@type\":\"ImageObject\",\"inLanguage\":\"da-DK\",\"@id\":\"https:\/\/arcticexcursions.com\/da\/udflugter\/boat-trip-to-the-ice-cap-twin-glacier\/#primaryimage\",\"url\":\"https:\/\/arcticexcursions.com\/wp-content\/uploads\/2024\/10\/billede-10-1.png\",\"contentUrl\":\"https:\/\/arcticexcursions.com\/wp-content\/uploads\/2024\/10\/billede-10-1.png\",\"width\":458,\"height\":297},{\"@type\":\"BreadcrumbList\",\"@id\":\"https:\/\/arcticexcursions.com\/da\/udflugter\/boat-trip-to-the-ice-cap-twin-glacier\/#breadcrumb\",\"itemListElement\":[{\"@type\":\"ListItem\",\"position\":1,\"name\":\"Home\",\"item\":\"https:\/\/arcticexcursions.com\/da\/\"},{\"@type\":\"ListItem\",\"position\":2,\"name\":\"Udflugter i Gr\u00f8nland\",\"item\":\"https:\/\/arcticexcursions.com\/da\/udflugter\/\"},{\"@type\":\"ListItem\",\"position\":3,\"name\":\"B\u00e5dtur til iskappen (Twin Glacier)\"}]},{\"@type\":\"WebSite\",\"@id\":\"https:\/\/arcticexcursions.com\/#website\",\"url\":\"https:\/\/arcticexcursions.com\/\",\"name\":\"Arctic Excursions\",\"description\":\"New adventures. Every day.\",\"publisher\":{\"@id\":\"https:\/\/arcticexcursions.com\/#organization\"},\"potentialAction\":[{\"@type\":\"SearchAction\",\"target\":{\"@type\":\"EntryPoint\",\"urlTemplate\":\"https:\/\/arcticexcursions.com\/?s={search_term_string}\"},\"query-input\":{\"@type\":\"PropertyValueSpecification\",\"valueRequired\":true,\"valueName\":\"search_term_string\"}}],\"inLanguage\":\"da-DK\"},{\"@type\":\"Organization\",\"@id\":\"https:\/\/arcticexcursions.com\/#organization\",\"name\":\"Arctic Excursions\",\"url\":\"https:\/\/arcticexcursions.com\/\",\"logo\":{\"@type\":\"ImageObject\",\"inLanguage\":\"da-DK\",\"@id\":\"https:\/\/arcticexcursions.com\/#\/schema\/logo\/image\/\",\"url\":\"https:\/\/arcticexcursions.com\/wp-content\/uploads\/2022\/11\/fb-logo.png\",\"contentUrl\":\"https:\/\/arcticexcursions.com\/wp-content\/uploads\/2022\/11\/fb-logo.png\",\"width\":523,\"height\":523,\"caption\":\"Arctic Excursions\"},\"image\":{\"@id\":\"https:\/\/arcticexcursions.com\/#\/schema\/logo\/image\/\"}}]}<\/script>\n<!-- \/ Yoast SEO plugin. -->","yoast_head_json":{"title":"Arctic Excursions","robots":{"index":"index","follow":"follow","max-snippet":"max-snippet:-1","max-image-preview":"max-image-preview:large","max-video-preview":"max-video-preview:-1"},"canonical":"https:\/\/arcticexcursions.com\/da\/udflugter\/boat-trip-to-the-ice-cap-twin-glacier\/","og_locale":"da_DK","og_type":"article","og_title":"B\u00e5dtur til iskappen (Twin Glacier) - Arctic Excursions","og_description":"Oplevelsesrig b\u00e5dtur til indlandsisen (Twin Glacier)","og_url":"https:\/\/arcticexcursions.com\/da\/udflugter\/boat-trip-to-the-ice-cap-twin-glacier\/","og_site_name":"Arctic Excursions","article_modified_time":"2025-11-03T16:59:07+00:00","og_image":[{"width":458,"height":297,"url":"https:\/\/arcticexcursions.com\/wp-content\/uploads\/2024\/10\/billede-10-1.png","type":"image\/png"}],"twitter_card":"summary_large_image","twitter_misc":{"Estimeret l\u00e6setid":"1 minut"},"schema":{"@context":"https:\/\/schema.org","@graph":[{"@type":"WebPage","@id":"https:\/\/arcticexcursions.com\/da\/udflugter\/boat-trip-to-the-ice-cap-twin-glacier\/","url":"https:\/\/arcticexcursions.com\/da\/udflugter\/boat-trip-to-the-ice-cap-twin-glacier\/","name":"B\u00e5dtur til iskappen (Twin Glacier) - Arctic Excursions","isPartOf":{"@id":"https:\/\/arcticexcursions.com\/#website"},"primaryImageOfPage":{"@id":"https:\/\/arcticexcursions.com\/da\/udflugter\/boat-trip-to-the-ice-cap-twin-glacier\/#primaryimage"},"image":{"@id":"https:\/\/arcticexcursions.com\/da\/udflugter\/boat-trip-to-the-ice-cap-twin-glacier\/#primaryimage"},"thumbnailUrl":"https:\/\/arcticexcursions.com\/wp-content\/uploads\/2024\/10\/billede-10-1.png","datePublished":"2024-10-01T10:05:29+00:00","dateModified":"2025-11-03T16:59:07+00:00","breadcrumb":{"@id":"https:\/\/arcticexcursions.com\/da\/udflugter\/boat-trip-to-the-ice-cap-twin-glacier\/#breadcrumb"},"inLanguage":"da-DK","potentialAction":[{"@type":"ReadAction","target":["https:\/\/arcticexcursions.com\/da\/udflugter\/boat-trip-to-the-ice-cap-twin-glacier\/"]}]},{"@type":"ImageObject","inLanguage":"da-DK","@id":"https:\/\/arcticexcursions.com\/da\/udflugter\/boat-trip-to-the-ice-cap-twin-glacier\/#primaryimage","url":"https:\/\/arcticexcursions.com\/wp-content\/uploads\/2024\/10\/billede-10-1.png","contentUrl":"https:\/\/arcticexcursions.com\/wp-content\/uploads\/2024\/10\/billede-10-1.png","width":458,"height":297},{"@type":"BreadcrumbList","@id":"https:\/\/arcticexcursions.com\/da\/udflugter\/boat-trip-to-the-ice-cap-twin-glacier\/#breadcrumb","itemListElement":[{"@type":"ListItem","position":1,"name":"Home","item":"https:\/\/arcticexcursions.com\/da\/"},{"@type":"ListItem","position":2,"name":"Udflugter i Gr\u00f8nland","item":"https:\/\/arcticexcursions.com\/da\/udflugter\/"},{"@type":"ListItem","position":3,"name":"B\u00e5dtur til iskappen (Twin Glacier)"}]},{"@type":"WebSite","@id":"https:\/\/arcticexcursions.com\/#website","url":"https:\/\/arcticexcursions.com\/","name":"Arctic Excursions","description":"New adventures. Every day.","publisher":{"@id":"https:\/\/arcticexcursions.com\/#organization"},"potentialAction":[{"@type":"SearchAction","target":{"@type":"EntryPoint","urlTemplate":"https:\/\/arcticexcursions.com\/?s={search_term_string}"},"query-input":{"@type":"PropertyValueSpecification","valueRequired":true,"valueName":"search_term_string"}}],"inLanguage":"da-DK"},{"@type":"Organization","@id":"https:\/\/arcticexcursions.com\/#organization","name":"Arctic Excursions","url":"https:\/\/arcticexcursions.com\/","logo":{"@type":"ImageObject","inLanguage":"da-DK","@id":"https:\/\/arcticexcursions.com\/#\/schema\/logo\/image\/","url":"https:\/\/arcticexcursions.com\/wp-content\/uploads\/2022\/11\/fb-logo.png","contentUrl":"https:\/\/arcticexcursions.com\/wp-content\/uploads\/2022\/11\/fb-logo.png","width":523,"height":523,"caption":"Arctic Excursions"},"image":{"@id":"https:\/\/arcticexcursions.com\/#\/schema\/logo\/image\/"}}]}},"_links":{"self":[{"href":"https:\/\/arcticexcursions.com\/da\/wp-json\/wp\/v2\/product\/36158"}],"collection":[{"href":"https:\/\/arcticexcursions.com\/da\/wp-json\/wp\/v2\/product"}],"about":[{"href":"https:\/\/arcticexcursions.com\/da\/wp-json\/wp\/v2\/types\/product"}],"replies":[{"embeddable":true,"href":"https:\/\/arcticexcursions.com\/da\/wp-json\/wp\/v2\/comments?post=36158"}],"wp:featuredmedia":[{"embeddable":true,"href":"https:\/\/arcticexcursions.com\/da\/wp-json\/wp\/v2\/media\/41181"}],"wp:attachment":[{"href":"https:\/\/arcticexcursions.com\/da\/wp-json\/wp\/v2\/media?parent=36158"}],"wp:term":[{"taxonomy":"product_brand","embeddable":true,"href":"https:\/\/arcticexcursions.com\/da\/wp-json\/wp\/v2\/product_brand?post=36158"},{"taxonomy":"product_cat","embeddable":true,"href":"https:\/\/arcticexcursions.com\/da\/wp-json\/wp\/v2\/product_cat?post=36158"},{"taxonomy":"product_tag","embeddable":true,"href":"https:\/\/arcticexcursions.com\/da\/wp-json\/wp\/v2\/product_tag?post=36158"}],"curies":[{"name":"wp","href":"https:\/\/api.w.org\/{rel}","templated":true}]}}