{"id":36183,"date":"2024-05-06T11:25:11","date_gmt":"2024-05-06T09:25:11","guid":{"rendered":"https:\/\/arcticexcursions.com\/?post_type=product&#038;p=36183"},"modified":"2025-11-05T18:40:40","modified_gmt":"2025-11-05T16:40:40","slug":"daytour-on-showmobile-to-ilulissat-icefiord-lodge","status":"publish","type":"product","link":"https:\/\/arcticexcursions.com\/da\/udflugter\/daytour-on-showmobile-to-ilulissat-icefiord-lodge\/","title":{"rendered":"Dagstur med snescooter til Ilulissat Icefiord Lodge"},"content":{"rendered":"<p>Rejsen begynder i Ilulissat.<\/p>\n<p>Kl. 11.30 henter vi dig p\u00e5 dit hotel.<\/p>\n<p>Vi planl\u00e6gger en snescootertransfer.<\/p>\n<p><b>Den 25 kilometer lange snescootertur<\/b><br \/>\nDet tager omkring en time at k\u00f8re hver vej.<\/p>\n<p>Som f\u00f8rer af snescooteren vil du sandsynligvis dele k\u00f8ret\u00f8j 2 og 2.<br \/>\nDu er ledsaget af en guide under hele turen.<\/p>\n<p>Hvis du ikke er i stand til at k\u00f8re snescooteren selv, bedes du give os besked via e-mail.<br \/>\nDu k\u00f8rer selv under turen.<\/p>\n<p>Du n\u00e5r havisen i det UNESCO-beskyttede omr\u00e5de efter en tur p\u00e5 25 kilometer.<br \/>\nDe lokale fiskere begynder ogs\u00e5 deres dage her.<\/p>\n<p>Her er der et resort med en betagende udsigt over gletsjeren i rolige omgivelser.<br \/>\nI Ilulissat Icefiord serverer vi varm fiskesuppe fra helleflynderfangsten.<br \/>\nHerefter k\u00f8rer vi tilbage til Ilulissat.<\/p>\n<p>Hvis et ophold p\u00e5 Ilulissat Icefiord Lodge endnu ikke er reserveret,<br \/>\nEn gennemsnitlig snescooterdagstur, inklusive frokost, varer fire timer.<\/p>\n<p>Du er tilbage i byen inden kl. 15.30 (15.30 pm).<\/p>\n<p><b>Vigtig information<\/b><\/p>\n<p>For at sikre din bekvemmelighed bruger vi specialiserede snescootere.<br \/>\nHvis du oplever ryg- og nakkesmerter, s\u00e5 er dette ikke en tur for dig.<br \/>\nDerudover kan en enkelt chauff\u00f8r tilf\u00f8jes efter anmodning.<\/p>\n<p><b>Varighed:<\/b> ca. 4 timer<\/p>\n<p><b>Sprog:<\/b> Guiden taler dansk, engelsk og gr\u00f8nlandsk<\/p>\n<p><b>Forplejning:<\/b>Frokost<\/p>\n<p><b>Anbefalet p\u00e5kl\u00e6dning:<\/b> Varmt t\u00f8j inkl. hue og handsker. Hjelm og varm dragt inkluderet.<\/p>\n","protected":false},"excerpt":{"rendered":"<p>Oplev en sp\u00e6ndende dagstur med snescooter til Ilulissat Icefiord Lodge<\/p>\n","protected":false},"featured_media":36285,"comment_status":"open","ping_status":"closed","template":"","meta":{"_acf_changed":false},"product_brand":[],"product_cat":[101,170],"product_tag":[],"class_list":{"0":"post-36183","1":"product","2":"type-product","3":"status-publish","4":"has-post-thumbnail","6":"product_cat-tour","7":"product_cat-udflugt","8":"pa_dato-1392","9":"pa_tidspunkt-314","10":"tour_location-nuuk-da","11":"tour_type-outdoor-da","12":"tour_tickettype-arctic_excursions","13":"tour_operator-ilulissat-escape","15":"first","16":"outofstock","17":"shipping-taxable","18":"product-type-variable"},"acf":[],"yoast_head":"<!-- This site is optimized with the Yoast SEO plugin v23.6 - https:\/\/yoast.com\/wordpress\/plugins\/seo\/ -->\n<title>Arctic Excursions<\/title>\n<meta name=\"robots\" content=\"index, follow, max-snippet:-1, max-image-preview:large, max-video-preview:-1\" \/>\n<link rel=\"canonical\" href=\"https:\/\/arcticexcursions.com\/da\/udflugter\/daytour-on-showmobile-to-ilulissat-icefiord-lodge\/\" \/>\n<meta property=\"og:locale\" content=\"da_DK\" \/>\n<meta property=\"og:type\" content=\"article\" \/>\n<meta property=\"og:title\" content=\"Dagstur med snescooter til Ilulissat Icefiord Lodge - Arctic Excursions\" \/>\n<meta property=\"og:description\" content=\"Oplev en sp\u00e6ndende dagstur med snescooter til Ilulissat Icefiord Lodge\" \/>\n<meta property=\"og:url\" content=\"https:\/\/arcticexcursions.com\/da\/udflugter\/daytour-on-showmobile-to-ilulissat-icefiord-lodge\/\" \/>\n<meta property=\"og:site_name\" content=\"Arctic Excursions\" \/>\n<meta property=\"article:modified_time\" content=\"2025-11-05T16:40:40+00:00\" \/>\n<meta property=\"og:image\" content=\"https:\/\/arcticexcursions.com\/wp-content\/uploads\/2024\/05\/Ilulissat-Escape-6.jpeg\" \/>\n\t<meta property=\"og:image:width\" content=\"1024\" \/>\n\t<meta property=\"og:image:height\" content=\"768\" \/>\n\t<meta property=\"og:image:type\" content=\"image\/jpeg\" \/>\n<meta name=\"twitter:card\" content=\"summary_large_image\" \/>\n<meta name=\"twitter:label1\" content=\"Estimeret l\u00e6setid\" \/>\n\t<meta name=\"twitter:data1\" content=\"1 minut\" \/>\n<script type=\"application\/ld+json\" class=\"yoast-schema-graph\">{\"@context\":\"https:\/\/schema.org\",\"@graph\":[{\"@type\":\"WebPage\",\"@id\":\"https:\/\/arcticexcursions.com\/da\/udflugter\/daytour-on-showmobile-to-ilulissat-icefiord-lodge\/\",\"url\":\"https:\/\/arcticexcursions.com\/da\/udflugter\/daytour-on-showmobile-to-ilulissat-icefiord-lodge\/\",\"name\":\"Dagstur med snescooter til Ilulissat Icefiord Lodge - Arctic Excursions\",\"isPartOf\":{\"@id\":\"https:\/\/arcticexcursions.com\/#website\"},\"primaryImageOfPage\":{\"@id\":\"https:\/\/arcticexcursions.com\/da\/udflugter\/daytour-on-showmobile-to-ilulissat-icefiord-lodge\/#primaryimage\"},\"image\":{\"@id\":\"https:\/\/arcticexcursions.com\/da\/udflugter\/daytour-on-showmobile-to-ilulissat-icefiord-lodge\/#primaryimage\"},\"thumbnailUrl\":\"https:\/\/arcticexcursions.com\/wp-content\/uploads\/2024\/05\/Ilulissat-Escape-6.jpeg\",\"datePublished\":\"2024-05-06T09:25:11+00:00\",\"dateModified\":\"2025-11-05T16:40:40+00:00\",\"breadcrumb\":{\"@id\":\"https:\/\/arcticexcursions.com\/da\/udflugter\/daytour-on-showmobile-to-ilulissat-icefiord-lodge\/#breadcrumb\"},\"inLanguage\":\"da-DK\",\"potentialAction\":[{\"@type\":\"ReadAction\",\"target\":[\"https:\/\/arcticexcursions.com\/da\/udflugter\/daytour-on-showmobile-to-ilulissat-icefiord-lodge\/\"]}]},{\"@type\":\"ImageObject\",\"inLanguage\":\"da-DK\",\"@id\":\"https:\/\/arcticexcursions.com\/da\/udflugter\/daytour-on-showmobile-to-ilulissat-icefiord-lodge\/#primaryimage\",\"url\":\"https:\/\/arcticexcursions.com\/wp-content\/uploads\/2024\/05\/Ilulissat-Escape-6.jpeg\",\"contentUrl\":\"https:\/\/arcticexcursions.com\/wp-content\/uploads\/2024\/05\/Ilulissat-Escape-6.jpeg\",\"width\":1024,\"height\":768},{\"@type\":\"BreadcrumbList\",\"@id\":\"https:\/\/arcticexcursions.com\/da\/udflugter\/daytour-on-showmobile-to-ilulissat-icefiord-lodge\/#breadcrumb\",\"itemListElement\":[{\"@type\":\"ListItem\",\"position\":1,\"name\":\"Home\",\"item\":\"https:\/\/arcticexcursions.com\/da\/\"},{\"@type\":\"ListItem\",\"position\":2,\"name\":\"Udflugter i Gr\u00f8nland\",\"item\":\"https:\/\/arcticexcursions.com\/da\/udflugter\/\"},{\"@type\":\"ListItem\",\"position\":3,\"name\":\"Dagstur med snescooter til Ilulissat Icefiord Lodge\"}]},{\"@type\":\"WebSite\",\"@id\":\"https:\/\/arcticexcursions.com\/#website\",\"url\":\"https:\/\/arcticexcursions.com\/\",\"name\":\"Arctic Excursions\",\"description\":\"New adventures. Every day.\",\"publisher\":{\"@id\":\"https:\/\/arcticexcursions.com\/#organization\"},\"potentialAction\":[{\"@type\":\"SearchAction\",\"target\":{\"@type\":\"EntryPoint\",\"urlTemplate\":\"https:\/\/arcticexcursions.com\/?s={search_term_string}\"},\"query-input\":{\"@type\":\"PropertyValueSpecification\",\"valueRequired\":true,\"valueName\":\"search_term_string\"}}],\"inLanguage\":\"da-DK\"},{\"@type\":\"Organization\",\"@id\":\"https:\/\/arcticexcursions.com\/#organization\",\"name\":\"Arctic Excursions\",\"url\":\"https:\/\/arcticexcursions.com\/\",\"logo\":{\"@type\":\"ImageObject\",\"inLanguage\":\"da-DK\",\"@id\":\"https:\/\/arcticexcursions.com\/#\/schema\/logo\/image\/\",\"url\":\"https:\/\/arcticexcursions.com\/wp-content\/uploads\/2022\/11\/fb-logo.png\",\"contentUrl\":\"https:\/\/arcticexcursions.com\/wp-content\/uploads\/2022\/11\/fb-logo.png\",\"width\":523,\"height\":523,\"caption\":\"Arctic Excursions\"},\"image\":{\"@id\":\"https:\/\/arcticexcursions.com\/#\/schema\/logo\/image\/\"}}]}<\/script>\n<!-- \/ Yoast SEO plugin. -->","yoast_head_json":{"title":"Arctic Excursions","robots":{"index":"index","follow":"follow","max-snippet":"max-snippet:-1","max-image-preview":"max-image-preview:large","max-video-preview":"max-video-preview:-1"},"canonical":"https:\/\/arcticexcursions.com\/da\/udflugter\/daytour-on-showmobile-to-ilulissat-icefiord-lodge\/","og_locale":"da_DK","og_type":"article","og_title":"Dagstur med snescooter til Ilulissat Icefiord Lodge - Arctic Excursions","og_description":"Oplev en sp\u00e6ndende dagstur med snescooter til Ilulissat Icefiord Lodge","og_url":"https:\/\/arcticexcursions.com\/da\/udflugter\/daytour-on-showmobile-to-ilulissat-icefiord-lodge\/","og_site_name":"Arctic Excursions","article_modified_time":"2025-11-05T16:40:40+00:00","og_image":[{"width":1024,"height":768,"url":"https:\/\/arcticexcursions.com\/wp-content\/uploads\/2024\/05\/Ilulissat-Escape-6.jpeg","type":"image\/jpeg"}],"twitter_card":"summary_large_image","twitter_misc":{"Estimeret l\u00e6setid":"1 minut"},"schema":{"@context":"https:\/\/schema.org","@graph":[{"@type":"WebPage","@id":"https:\/\/arcticexcursions.com\/da\/udflugter\/daytour-on-showmobile-to-ilulissat-icefiord-lodge\/","url":"https:\/\/arcticexcursions.com\/da\/udflugter\/daytour-on-showmobile-to-ilulissat-icefiord-lodge\/","name":"Dagstur med snescooter til Ilulissat Icefiord Lodge - Arctic Excursions","isPartOf":{"@id":"https:\/\/arcticexcursions.com\/#website"},"primaryImageOfPage":{"@id":"https:\/\/arcticexcursions.com\/da\/udflugter\/daytour-on-showmobile-to-ilulissat-icefiord-lodge\/#primaryimage"},"image":{"@id":"https:\/\/arcticexcursions.com\/da\/udflugter\/daytour-on-showmobile-to-ilulissat-icefiord-lodge\/#primaryimage"},"thumbnailUrl":"https:\/\/arcticexcursions.com\/wp-content\/uploads\/2024\/05\/Ilulissat-Escape-6.jpeg","datePublished":"2024-05-06T09:25:11+00:00","dateModified":"2025-11-05T16:40:40+00:00","breadcrumb":{"@id":"https:\/\/arcticexcursions.com\/da\/udflugter\/daytour-on-showmobile-to-ilulissat-icefiord-lodge\/#breadcrumb"},"inLanguage":"da-DK","potentialAction":[{"@type":"ReadAction","target":["https:\/\/arcticexcursions.com\/da\/udflugter\/daytour-on-showmobile-to-ilulissat-icefiord-lodge\/"]}]},{"@type":"ImageObject","inLanguage":"da-DK","@id":"https:\/\/arcticexcursions.com\/da\/udflugter\/daytour-on-showmobile-to-ilulissat-icefiord-lodge\/#primaryimage","url":"https:\/\/arcticexcursions.com\/wp-content\/uploads\/2024\/05\/Ilulissat-Escape-6.jpeg","contentUrl":"https:\/\/arcticexcursions.com\/wp-content\/uploads\/2024\/05\/Ilulissat-Escape-6.jpeg","width":1024,"height":768},{"@type":"BreadcrumbList","@id":"https:\/\/arcticexcursions.com\/da\/udflugter\/daytour-on-showmobile-to-ilulissat-icefiord-lodge\/#breadcrumb","itemListElement":[{"@type":"ListItem","position":1,"name":"Home","item":"https:\/\/arcticexcursions.com\/da\/"},{"@type":"ListItem","position":2,"name":"Udflugter i Gr\u00f8nland","item":"https:\/\/arcticexcursions.com\/da\/udflugter\/"},{"@type":"ListItem","position":3,"name":"Dagstur med snescooter til Ilulissat Icefiord Lodge"}]},{"@type":"WebSite","@id":"https:\/\/arcticexcursions.com\/#website","url":"https:\/\/arcticexcursions.com\/","name":"Arctic Excursions","description":"New adventures. Every day.","publisher":{"@id":"https:\/\/arcticexcursions.com\/#organization"},"potentialAction":[{"@type":"SearchAction","target":{"@type":"EntryPoint","urlTemplate":"https:\/\/arcticexcursions.com\/?s={search_term_string}"},"query-input":{"@type":"PropertyValueSpecification","valueRequired":true,"valueName":"search_term_string"}}],"inLanguage":"da-DK"},{"@type":"Organization","@id":"https:\/\/arcticexcursions.com\/#organization","name":"Arctic Excursions","url":"https:\/\/arcticexcursions.com\/","logo":{"@type":"ImageObject","inLanguage":"da-DK","@id":"https:\/\/arcticexcursions.com\/#\/schema\/logo\/image\/","url":"https:\/\/arcticexcursions.com\/wp-content\/uploads\/2022\/11\/fb-logo.png","contentUrl":"https:\/\/arcticexcursions.com\/wp-content\/uploads\/2022\/11\/fb-logo.png","width":523,"height":523,"caption":"Arctic Excursions"},"image":{"@id":"https:\/\/arcticexcursions.com\/#\/schema\/logo\/image\/"}}]}},"_links":{"self":[{"href":"https:\/\/arcticexcursions.com\/da\/wp-json\/wp\/v2\/product\/36183"}],"collection":[{"href":"https:\/\/arcticexcursions.com\/da\/wp-json\/wp\/v2\/product"}],"about":[{"href":"https:\/\/arcticexcursions.com\/da\/wp-json\/wp\/v2\/types\/product"}],"replies":[{"embeddable":true,"href":"https:\/\/arcticexcursions.com\/da\/wp-json\/wp\/v2\/comments?post=36183"}],"wp:featuredmedia":[{"embeddable":true,"href":"https:\/\/arcticexcursions.com\/da\/wp-json\/wp\/v2\/media\/36285"}],"wp:attachment":[{"href":"https:\/\/arcticexcursions.com\/da\/wp-json\/wp\/v2\/media?parent=36183"}],"wp:term":[{"taxonomy":"product_brand","embeddable":true,"href":"https:\/\/arcticexcursions.com\/da\/wp-json\/wp\/v2\/product_brand?post=36183"},{"taxonomy":"product_cat","embeddable":true,"href":"https:\/\/arcticexcursions.com\/da\/wp-json\/wp\/v2\/product_cat?post=36183"},{"taxonomy":"product_tag","embeddable":true,"href":"https:\/\/arcticexcursions.com\/da\/wp-json\/wp\/v2\/product_tag?post=36183"}],"curies":[{"name":"wp","href":"https:\/\/api.w.org\/{rel}","templated":true}]}}