{"id":36185,"date":"2024-05-06T11:37:15","date_gmt":"2024-05-06T09:37:15","guid":{"rendered":"https:\/\/arcticexcursions.com\/?post_type=product&#038;p=36185"},"modified":"2025-11-05T18:54:22","modified_gmt":"2025-11-05T16:54:22","slug":"stay-a-night-efter-daytour-to-the-glacier","status":"publish","type":"product","link":"https:\/\/arcticexcursions.com\/da\/udflugter\/stay-a-night-efter-daytour-to-the-glacier\/","title":{"rendered":"Overnatning og dagstur til gletsjer"},"content":{"rendered":"<p>Det er daggry i Ilulissat.<br \/>\nFra kl. 8.30 henter vi dig p\u00e5 dit hotel.<br \/>\nVi planl\u00e6gger en snescootertransport.<br \/>\nDen 25 kilometer lange snescootertur tager omkring en time hver vej.<br \/>\nSom f\u00f8rer af snescooteren deler du sandsynligvis k\u00f8ret\u00f8j 2 og 2.<br \/>\nDu bliver ledsaget af en guide under hele turen.<br \/>\nHvis du ikke er i stand til at k\u00f8re snescooteren p\u00e5 egen h\u00e5nd, bedes du give os besked via e-mail, s\u00e5 vi kan arrangere, at en chauff\u00f8r ledsager dig.<br \/>\nFra havisen i det UNESCO-beskyttede omr\u00e5de begynder turen med hundesl\u00e6de til gletsjeren.<\/p>\n<p>Derefter transporterer vi dig til forsiden af gletsjeren p\u00e5 en tur med hundesl\u00e6de.<br \/>\nDet tager omkring en time at k\u00f8re p\u00e5 havisen i en hundesl\u00e6de til gletsjerens front.<br \/>\nN\u00e5r du er n\u00e5et frem til gletsjerens front, kan du slappe af p\u00e5 isen og f\u00e5 en kop kaffe.<br \/>\nVi k\u00f8rer dig tilbage til Ilulissat Icefjord Lodge efter din hundesl\u00e6detur p\u00e5 havisen.<br \/>\nHer spiser vi frokost, mens vi nyder udsigten over gletsjeren.<br \/>\nHerefter f\u00e5r du dagen for dig selv i rolige omgivelser med en betagende udsigt over gletsjeren, hvis der er foretaget en reservation p\u00e5 Ilulissat Icefjord Lodge. <\/p>\n<p>Herefter k\u00f8rer vi dig tilbage til Ilulissat.<br \/>\nAfgang fra Ilulissat Icefjord Lodge er kl. 10.30.<br \/>\nDu er tilbage i Ilulissat kl. 11.30.<\/p>\n<p>Vigtig p\u00e5mindelse for din komfort: Vi bruger en specialbygget sl\u00e6de.<br \/>\nDet er ikke en traditionel sl\u00e6de.<br \/>\nHvis du har nakke- og rygproblemer, s\u00e5 er denne udflugt ikke noget for dig.<br \/>\nDet er ogs\u00e5 muligt at tilf\u00f8je en enkelt chauff\u00f8r efter anmodning.<\/p>\n<p><b>F\u00f8lgende er inkluderet:<\/b><br \/>\n\u2b50\ufe0f Middag med gr\u00f8nlandske specialiteter<br \/>\n\u2b50\ufe0f Sen kaffe<br \/>\n\u2b50\ufe0f Morgenmad<br \/>\n\u2b50\ufe0f Delt dobbeltv\u00e6relse<\/p>\n<p><b>Sprog:<\/b> Guiden taler dansk, engelsk og gr\u00f8nlandsk<\/p>\n<p><b>Anbefalet p\u00e5kl\u00e6dning:<\/b> Varmt vintert\u00f8j inkl. hue og handsker. Hjelm og varm dragt inkluderet.<\/p>\n","protected":false},"excerpt":{"rendered":"<p>Overnatning p\u00e5 Ilulissat Icefjord Lodge efter dagstur til gletsjer &#8211; P\u00e5 hundesl\u00e6de og snescooter!<\/p>\n","protected":false},"featured_media":36311,"comment_status":"open","ping_status":"closed","template":"","meta":{"_acf_changed":false},"product_brand":[],"product_cat":[101,170],"product_tag":[],"class_list":{"0":"post-36185","1":"product","2":"type-product","3":"status-publish","4":"has-post-thumbnail","6":"product_cat-tour","7":"product_cat-udflugt","8":"tour_location-ilulissat-da","9":"tour_type-outdoor-da","10":"tour_tickettype-arctic_excursions","11":"tour_operator-ilulissat-escape","13":"first","14":"outofstock","15":"shipping-taxable","16":"product-type-variable"},"acf":[],"yoast_head":"<!-- This site is optimized with the Yoast SEO plugin v23.6 - https:\/\/yoast.com\/wordpress\/plugins\/seo\/ -->\n<title>Arctic Excursions<\/title>\n<meta name=\"robots\" content=\"index, follow, max-snippet:-1, max-image-preview:large, max-video-preview:-1\" \/>\n<link rel=\"canonical\" href=\"https:\/\/arcticexcursions.com\/da\/udflugter\/stay-a-night-efter-daytour-to-the-glacier\/\" \/>\n<meta property=\"og:locale\" content=\"da_DK\" \/>\n<meta property=\"og:type\" content=\"article\" \/>\n<meta property=\"og:title\" content=\"Overnatning og dagstur til gletsjer - Arctic Excursions\" \/>\n<meta property=\"og:description\" content=\"Overnatning p\u00e5 Ilulissat Icefjord Lodge efter dagstur til gletsjer - P\u00e5 hundesl\u00e6de og snescooter!\" \/>\n<meta property=\"og:url\" content=\"https:\/\/arcticexcursions.com\/da\/udflugter\/stay-a-night-efter-daytour-to-the-glacier\/\" \/>\n<meta property=\"og:site_name\" content=\"Arctic Excursions\" \/>\n<meta property=\"article:modified_time\" content=\"2025-11-05T16:54:22+00:00\" \/>\n<meta property=\"og:image\" content=\"https:\/\/arcticexcursions.com\/wp-content\/uploads\/2024\/05\/b29a8010-ec48-411b-81d0-e868110b76b4.jpeg\" \/>\n\t<meta property=\"og:image:width\" content=\"768\" \/>\n\t<meta property=\"og:image:height\" content=\"1024\" \/>\n\t<meta property=\"og:image:type\" content=\"image\/jpeg\" \/>\n<meta name=\"twitter:card\" content=\"summary_large_image\" \/>\n<meta name=\"twitter:label1\" content=\"Estimeret l\u00e6setid\" \/>\n\t<meta name=\"twitter:data1\" content=\"2 minutter\" \/>\n<script type=\"application\/ld+json\" class=\"yoast-schema-graph\">{\"@context\":\"https:\/\/schema.org\",\"@graph\":[{\"@type\":\"WebPage\",\"@id\":\"https:\/\/arcticexcursions.com\/da\/udflugter\/stay-a-night-efter-daytour-to-the-glacier\/\",\"url\":\"https:\/\/arcticexcursions.com\/da\/udflugter\/stay-a-night-efter-daytour-to-the-glacier\/\",\"name\":\"Overnatning og dagstur til gletsjer - Arctic Excursions\",\"isPartOf\":{\"@id\":\"https:\/\/arcticexcursions.com\/#website\"},\"primaryImageOfPage\":{\"@id\":\"https:\/\/arcticexcursions.com\/da\/udflugter\/stay-a-night-efter-daytour-to-the-glacier\/#primaryimage\"},\"image\":{\"@id\":\"https:\/\/arcticexcursions.com\/da\/udflugter\/stay-a-night-efter-daytour-to-the-glacier\/#primaryimage\"},\"thumbnailUrl\":\"https:\/\/arcticexcursions.com\/wp-content\/uploads\/2024\/05\/b29a8010-ec48-411b-81d0-e868110b76b4.jpeg\",\"datePublished\":\"2024-05-06T09:37:15+00:00\",\"dateModified\":\"2025-11-05T16:54:22+00:00\",\"breadcrumb\":{\"@id\":\"https:\/\/arcticexcursions.com\/da\/udflugter\/stay-a-night-efter-daytour-to-the-glacier\/#breadcrumb\"},\"inLanguage\":\"da-DK\",\"potentialAction\":[{\"@type\":\"ReadAction\",\"target\":[\"https:\/\/arcticexcursions.com\/da\/udflugter\/stay-a-night-efter-daytour-to-the-glacier\/\"]}]},{\"@type\":\"ImageObject\",\"inLanguage\":\"da-DK\",\"@id\":\"https:\/\/arcticexcursions.com\/da\/udflugter\/stay-a-night-efter-daytour-to-the-glacier\/#primaryimage\",\"url\":\"https:\/\/arcticexcursions.com\/wp-content\/uploads\/2024\/05\/b29a8010-ec48-411b-81d0-e868110b76b4.jpeg\",\"contentUrl\":\"https:\/\/arcticexcursions.com\/wp-content\/uploads\/2024\/05\/b29a8010-ec48-411b-81d0-e868110b76b4.jpeg\",\"width\":768,\"height\":1024},{\"@type\":\"BreadcrumbList\",\"@id\":\"https:\/\/arcticexcursions.com\/da\/udflugter\/stay-a-night-efter-daytour-to-the-glacier\/#breadcrumb\",\"itemListElement\":[{\"@type\":\"ListItem\",\"position\":1,\"name\":\"Home\",\"item\":\"https:\/\/arcticexcursions.com\/da\/\"},{\"@type\":\"ListItem\",\"position\":2,\"name\":\"Udflugter i Gr\u00f8nland\",\"item\":\"https:\/\/arcticexcursions.com\/da\/udflugter\/\"},{\"@type\":\"ListItem\",\"position\":3,\"name\":\"Overnatning og dagstur til gletsjer\"}]},{\"@type\":\"WebSite\",\"@id\":\"https:\/\/arcticexcursions.com\/#website\",\"url\":\"https:\/\/arcticexcursions.com\/\",\"name\":\"Arctic Excursions\",\"description\":\"New adventures. Every day.\",\"publisher\":{\"@id\":\"https:\/\/arcticexcursions.com\/#organization\"},\"potentialAction\":[{\"@type\":\"SearchAction\",\"target\":{\"@type\":\"EntryPoint\",\"urlTemplate\":\"https:\/\/arcticexcursions.com\/?s={search_term_string}\"},\"query-input\":{\"@type\":\"PropertyValueSpecification\",\"valueRequired\":true,\"valueName\":\"search_term_string\"}}],\"inLanguage\":\"da-DK\"},{\"@type\":\"Organization\",\"@id\":\"https:\/\/arcticexcursions.com\/#organization\",\"name\":\"Arctic Excursions\",\"url\":\"https:\/\/arcticexcursions.com\/\",\"logo\":{\"@type\":\"ImageObject\",\"inLanguage\":\"da-DK\",\"@id\":\"https:\/\/arcticexcursions.com\/#\/schema\/logo\/image\/\",\"url\":\"https:\/\/arcticexcursions.com\/wp-content\/uploads\/2022\/11\/fb-logo.png\",\"contentUrl\":\"https:\/\/arcticexcursions.com\/wp-content\/uploads\/2022\/11\/fb-logo.png\",\"width\":523,\"height\":523,\"caption\":\"Arctic Excursions\"},\"image\":{\"@id\":\"https:\/\/arcticexcursions.com\/#\/schema\/logo\/image\/\"}}]}<\/script>\n<!-- \/ Yoast SEO plugin. -->","yoast_head_json":{"title":"Arctic Excursions","robots":{"index":"index","follow":"follow","max-snippet":"max-snippet:-1","max-image-preview":"max-image-preview:large","max-video-preview":"max-video-preview:-1"},"canonical":"https:\/\/arcticexcursions.com\/da\/udflugter\/stay-a-night-efter-daytour-to-the-glacier\/","og_locale":"da_DK","og_type":"article","og_title":"Overnatning og dagstur til gletsjer - Arctic Excursions","og_description":"Overnatning p\u00e5 Ilulissat Icefjord Lodge efter dagstur til gletsjer - P\u00e5 hundesl\u00e6de og snescooter!","og_url":"https:\/\/arcticexcursions.com\/da\/udflugter\/stay-a-night-efter-daytour-to-the-glacier\/","og_site_name":"Arctic Excursions","article_modified_time":"2025-11-05T16:54:22+00:00","og_image":[{"width":768,"height":1024,"url":"https:\/\/arcticexcursions.com\/wp-content\/uploads\/2024\/05\/b29a8010-ec48-411b-81d0-e868110b76b4.jpeg","type":"image\/jpeg"}],"twitter_card":"summary_large_image","twitter_misc":{"Estimeret l\u00e6setid":"2 minutter"},"schema":{"@context":"https:\/\/schema.org","@graph":[{"@type":"WebPage","@id":"https:\/\/arcticexcursions.com\/da\/udflugter\/stay-a-night-efter-daytour-to-the-glacier\/","url":"https:\/\/arcticexcursions.com\/da\/udflugter\/stay-a-night-efter-daytour-to-the-glacier\/","name":"Overnatning og dagstur til gletsjer - Arctic Excursions","isPartOf":{"@id":"https:\/\/arcticexcursions.com\/#website"},"primaryImageOfPage":{"@id":"https:\/\/arcticexcursions.com\/da\/udflugter\/stay-a-night-efter-daytour-to-the-glacier\/#primaryimage"},"image":{"@id":"https:\/\/arcticexcursions.com\/da\/udflugter\/stay-a-night-efter-daytour-to-the-glacier\/#primaryimage"},"thumbnailUrl":"https:\/\/arcticexcursions.com\/wp-content\/uploads\/2024\/05\/b29a8010-ec48-411b-81d0-e868110b76b4.jpeg","datePublished":"2024-05-06T09:37:15+00:00","dateModified":"2025-11-05T16:54:22+00:00","breadcrumb":{"@id":"https:\/\/arcticexcursions.com\/da\/udflugter\/stay-a-night-efter-daytour-to-the-glacier\/#breadcrumb"},"inLanguage":"da-DK","potentialAction":[{"@type":"ReadAction","target":["https:\/\/arcticexcursions.com\/da\/udflugter\/stay-a-night-efter-daytour-to-the-glacier\/"]}]},{"@type":"ImageObject","inLanguage":"da-DK","@id":"https:\/\/arcticexcursions.com\/da\/udflugter\/stay-a-night-efter-daytour-to-the-glacier\/#primaryimage","url":"https:\/\/arcticexcursions.com\/wp-content\/uploads\/2024\/05\/b29a8010-ec48-411b-81d0-e868110b76b4.jpeg","contentUrl":"https:\/\/arcticexcursions.com\/wp-content\/uploads\/2024\/05\/b29a8010-ec48-411b-81d0-e868110b76b4.jpeg","width":768,"height":1024},{"@type":"BreadcrumbList","@id":"https:\/\/arcticexcursions.com\/da\/udflugter\/stay-a-night-efter-daytour-to-the-glacier\/#breadcrumb","itemListElement":[{"@type":"ListItem","position":1,"name":"Home","item":"https:\/\/arcticexcursions.com\/da\/"},{"@type":"ListItem","position":2,"name":"Udflugter i Gr\u00f8nland","item":"https:\/\/arcticexcursions.com\/da\/udflugter\/"},{"@type":"ListItem","position":3,"name":"Overnatning og dagstur til gletsjer"}]},{"@type":"WebSite","@id":"https:\/\/arcticexcursions.com\/#website","url":"https:\/\/arcticexcursions.com\/","name":"Arctic Excursions","description":"New adventures. Every day.","publisher":{"@id":"https:\/\/arcticexcursions.com\/#organization"},"potentialAction":[{"@type":"SearchAction","target":{"@type":"EntryPoint","urlTemplate":"https:\/\/arcticexcursions.com\/?s={search_term_string}"},"query-input":{"@type":"PropertyValueSpecification","valueRequired":true,"valueName":"search_term_string"}}],"inLanguage":"da-DK"},{"@type":"Organization","@id":"https:\/\/arcticexcursions.com\/#organization","name":"Arctic Excursions","url":"https:\/\/arcticexcursions.com\/","logo":{"@type":"ImageObject","inLanguage":"da-DK","@id":"https:\/\/arcticexcursions.com\/#\/schema\/logo\/image\/","url":"https:\/\/arcticexcursions.com\/wp-content\/uploads\/2022\/11\/fb-logo.png","contentUrl":"https:\/\/arcticexcursions.com\/wp-content\/uploads\/2022\/11\/fb-logo.png","width":523,"height":523,"caption":"Arctic Excursions"},"image":{"@id":"https:\/\/arcticexcursions.com\/#\/schema\/logo\/image\/"}}]}},"_links":{"self":[{"href":"https:\/\/arcticexcursions.com\/da\/wp-json\/wp\/v2\/product\/36185"}],"collection":[{"href":"https:\/\/arcticexcursions.com\/da\/wp-json\/wp\/v2\/product"}],"about":[{"href":"https:\/\/arcticexcursions.com\/da\/wp-json\/wp\/v2\/types\/product"}],"replies":[{"embeddable":true,"href":"https:\/\/arcticexcursions.com\/da\/wp-json\/wp\/v2\/comments?post=36185"}],"wp:featuredmedia":[{"embeddable":true,"href":"https:\/\/arcticexcursions.com\/da\/wp-json\/wp\/v2\/media\/36311"}],"wp:attachment":[{"href":"https:\/\/arcticexcursions.com\/da\/wp-json\/wp\/v2\/media?parent=36185"}],"wp:term":[{"taxonomy":"product_brand","embeddable":true,"href":"https:\/\/arcticexcursions.com\/da\/wp-json\/wp\/v2\/product_brand?post=36185"},{"taxonomy":"product_cat","embeddable":true,"href":"https:\/\/arcticexcursions.com\/da\/wp-json\/wp\/v2\/product_cat?post=36185"},{"taxonomy":"product_tag","embeddable":true,"href":"https:\/\/arcticexcursions.com\/da\/wp-json\/wp\/v2\/product_tag?post=36185"}],"curies":[{"name":"wp","href":"https:\/\/api.w.org\/{rel}","templated":true}]}}