{"id":36975,"date":"2024-05-15T14:30:17","date_gmt":"2024-05-15T12:30:17","guid":{"rendered":"https:\/\/arcticexcursions.com\/?post_type=product&#038;p=36975"},"modified":"2025-11-04T19:11:42","modified_gmt":"2025-11-04T17:11:42","slug":"whale-watching-in-nuuk","status":"publish","type":"product","link":"https:\/\/arcticexcursions.com\/da\/udflugter\/whale-watching-in-nuuk\/","title":{"rendered":"Hvalsafari i Nuuk"},"content":{"rendered":"<p>Hvalsafari i Nuuk-omr\u00e5det kan give en uforglemmelig naturoplevelse. Nuuks fjord er hjemsted for et varieret og frodigt \u00f8kosystem, og en hvalsafari giver g\u00e6sterne mulighed for at komme helt t\u00e6t p\u00e5 disse spektakul\u00e6re skabninger.<\/p>\n<p>Pukkelhvaler, der er kendt for at tilbagel\u00e6gge nogle af de st\u00f8rste afstande i dyreverdenen, vandrer mellem Arktis og Caribien samt andre varme farvande. Disse majest\u00e6tiske pukkelhvaler kan ses i vores fjordsystem i sommerm\u00e5nederne juni til september. At se disse smukke havdyr t\u00e6t p\u00e5 er en uforglemmelig og endda magisk oplevelse, som efterlader observat\u00f8ren forbl\u00f8ffet.<\/p>\n<p><b>Varighed:<\/b> 3 timer<\/p>\n<p><b>Deltagere:<\/b> Bem\u00e6rk venligst, at udflugten kun finder sted, hvis der er bestilt mindst 4 billetter i alt. Hvis du f.eks. bestiller 2 billetter, skal der s\u00e6lges mindst 2 ekstra billetter til andre kunder, for at turen kan gennemf\u00f8res. H\u00f8jst 8 personer kan deltage.\t<\/p>\n<p><b>B\u00e5dtype:<\/b> Lukket b\u00e5d<\/p>\n<p><b>Toiletforhold:<\/b> Der er toilet p\u00e5 b\u00e5den <\/p>\n<p><b>Forplejning:<\/b> Kaffe og te serveres p\u00e5 b\u00e5den <\/p>\n<p><b>Anbefalet p\u00e5kl\u00e6dning:<\/b> Varmt t\u00f8j inkl. hue og handsker hele \u00e5ret. Solbriller. Solcreme om sommeren.<\/p>\n","protected":false},"excerpt":{"rendered":"<p>Oplev hvalsafari i Nuuk<\/p>\n","protected":false},"featured_media":36974,"comment_status":"open","ping_status":"closed","template":"","meta":{"_acf_changed":false},"product_brand":[],"product_cat":[101,170],"product_tag":[],"class_list":{"0":"post-36975","1":"product","2":"type-product","3":"status-publish","4":"has-post-thumbnail","6":"product_cat-tour","7":"product_cat-udflugt","8":"pa_dato-1114","9":"pa_dato-1115","10":"pa_dato-1116","11":"pa_dato-1119","12":"pa_dato-900","13":"pa_dato-1124","14":"pa_dato-6059","15":"pa_tidspunkt-304","16":"pa_tidspunkt-308","17":"pa_tidspunkt-110","18":"tour_location-nuuk-da","19":"tour_type-boat-trip","20":"tour_type-hvalsafari","21":"tour_type-baadture","22":"tour_tickettype-arctic_excursions","23":"tour_tickettype-greenland_travel_tour","24":"tour_tickettype-greenland_travel_team","25":"tour_operator-sumut-greenland","27":"first","28":"outofstock","29":"shipping-taxable","30":"product-type-variable"},"acf":[],"yoast_head":"<!-- This site is optimized with the Yoast SEO plugin v23.6 - https:\/\/yoast.com\/wordpress\/plugins\/seo\/ -->\n<title>Arctic Excursions<\/title>\n<meta name=\"robots\" content=\"index, follow, max-snippet:-1, max-image-preview:large, max-video-preview:-1\" \/>\n<link rel=\"canonical\" href=\"https:\/\/arcticexcursions.com\/udflugter\/whale-watching-in-nuuk\/\" \/>\n<meta property=\"og:locale\" content=\"da_DK\" \/>\n<meta property=\"og:type\" content=\"article\" \/>\n<meta property=\"og:title\" content=\"Hvalsafari i Nuuk - Arctic Excursions\" \/>\n<meta property=\"og:description\" content=\"Oplev hvalsafari i Nuuk\" \/>\n<meta property=\"og:url\" content=\"https:\/\/arcticexcursions.com\/udflugter\/whale-watching-in-nuuk\/\" \/>\n<meta property=\"og:site_name\" content=\"Arctic Excursions\" \/>\n<meta property=\"article:modified_time\" content=\"2025-11-04T17:11:42+00:00\" \/>\n<meta property=\"og:image\" content=\"https:\/\/arcticexcursions.com\/wp-content\/uploads\/2024\/05\/MicrosoftTeams-image-66.png\" \/>\n\t<meta property=\"og:image:width\" content=\"1294\" \/>\n\t<meta property=\"og:image:height\" content=\"626\" \/>\n\t<meta property=\"og:image:type\" content=\"image\/png\" \/>\n<meta name=\"twitter:card\" content=\"summary_large_image\" \/>\n<meta name=\"twitter:label1\" content=\"Estimeret l\u00e6setid\" \/>\n\t<meta name=\"twitter:data1\" content=\"1 minut\" \/>\n<script type=\"application\/ld+json\" class=\"yoast-schema-graph\">{\"@context\":\"https:\/\/schema.org\",\"@graph\":[{\"@type\":\"WebPage\",\"@id\":\"https:\/\/arcticexcursions.com\/udflugter\/whale-watching-in-nuuk\/\",\"url\":\"https:\/\/arcticexcursions.com\/udflugter\/whale-watching-in-nuuk\/\",\"name\":\"Hvalsafari i Nuuk - Arctic Excursions\",\"isPartOf\":{\"@id\":\"https:\/\/arcticexcursions.com\/#website\"},\"primaryImageOfPage\":{\"@id\":\"https:\/\/arcticexcursions.com\/udflugter\/whale-watching-in-nuuk\/#primaryimage\"},\"image\":{\"@id\":\"https:\/\/arcticexcursions.com\/udflugter\/whale-watching-in-nuuk\/#primaryimage\"},\"thumbnailUrl\":\"https:\/\/arcticexcursions.com\/wp-content\/uploads\/2024\/05\/MicrosoftTeams-image-66.png\",\"datePublished\":\"2024-05-15T12:30:17+00:00\",\"dateModified\":\"2025-11-04T17:11:42+00:00\",\"breadcrumb\":{\"@id\":\"https:\/\/arcticexcursions.com\/udflugter\/whale-watching-in-nuuk\/#breadcrumb\"},\"inLanguage\":\"da-DK\",\"potentialAction\":[{\"@type\":\"ReadAction\",\"target\":[\"https:\/\/arcticexcursions.com\/udflugter\/whale-watching-in-nuuk\/\"]}]},{\"@type\":\"ImageObject\",\"inLanguage\":\"da-DK\",\"@id\":\"https:\/\/arcticexcursions.com\/udflugter\/whale-watching-in-nuuk\/#primaryimage\",\"url\":\"https:\/\/arcticexcursions.com\/wp-content\/uploads\/2024\/05\/MicrosoftTeams-image-66.png\",\"contentUrl\":\"https:\/\/arcticexcursions.com\/wp-content\/uploads\/2024\/05\/MicrosoftTeams-image-66.png\",\"width\":1294,\"height\":626},{\"@type\":\"BreadcrumbList\",\"@id\":\"https:\/\/arcticexcursions.com\/udflugter\/whale-watching-in-nuuk\/#breadcrumb\",\"itemListElement\":[{\"@type\":\"ListItem\",\"position\":1,\"name\":\"Home\",\"item\":\"https:\/\/arcticexcursions.com\/da\/\"},{\"@type\":\"ListItem\",\"position\":2,\"name\":\"Udflugter i Gr\u00f8nland\",\"item\":\"https:\/\/arcticexcursions.com\/da\/udflugter\/\"},{\"@type\":\"ListItem\",\"position\":3,\"name\":\"Hvalsafari i Nuuk\"}]},{\"@type\":\"WebSite\",\"@id\":\"https:\/\/arcticexcursions.com\/#website\",\"url\":\"https:\/\/arcticexcursions.com\/\",\"name\":\"Arctic Excursions\",\"description\":\"New adventures. Every day.\",\"publisher\":{\"@id\":\"https:\/\/arcticexcursions.com\/#organization\"},\"potentialAction\":[{\"@type\":\"SearchAction\",\"target\":{\"@type\":\"EntryPoint\",\"urlTemplate\":\"https:\/\/arcticexcursions.com\/?s={search_term_string}\"},\"query-input\":{\"@type\":\"PropertyValueSpecification\",\"valueRequired\":true,\"valueName\":\"search_term_string\"}}],\"inLanguage\":\"da-DK\"},{\"@type\":\"Organization\",\"@id\":\"https:\/\/arcticexcursions.com\/#organization\",\"name\":\"Arctic Excursions\",\"url\":\"https:\/\/arcticexcursions.com\/\",\"logo\":{\"@type\":\"ImageObject\",\"inLanguage\":\"da-DK\",\"@id\":\"https:\/\/arcticexcursions.com\/#\/schema\/logo\/image\/\",\"url\":\"https:\/\/arcticexcursions.com\/wp-content\/uploads\/2022\/11\/fb-logo.png\",\"contentUrl\":\"https:\/\/arcticexcursions.com\/wp-content\/uploads\/2022\/11\/fb-logo.png\",\"width\":523,\"height\":523,\"caption\":\"Arctic Excursions\"},\"image\":{\"@id\":\"https:\/\/arcticexcursions.com\/#\/schema\/logo\/image\/\"}}]}<\/script>\n<!-- \/ Yoast SEO plugin. -->","yoast_head_json":{"title":"Arctic Excursions","robots":{"index":"index","follow":"follow","max-snippet":"max-snippet:-1","max-image-preview":"max-image-preview:large","max-video-preview":"max-video-preview:-1"},"canonical":"https:\/\/arcticexcursions.com\/udflugter\/whale-watching-in-nuuk\/","og_locale":"da_DK","og_type":"article","og_title":"Hvalsafari i Nuuk - Arctic Excursions","og_description":"Oplev hvalsafari i Nuuk","og_url":"https:\/\/arcticexcursions.com\/udflugter\/whale-watching-in-nuuk\/","og_site_name":"Arctic Excursions","article_modified_time":"2025-11-04T17:11:42+00:00","og_image":[{"width":1294,"height":626,"url":"https:\/\/arcticexcursions.com\/wp-content\/uploads\/2024\/05\/MicrosoftTeams-image-66.png","type":"image\/png"}],"twitter_card":"summary_large_image","twitter_misc":{"Estimeret l\u00e6setid":"1 minut"},"schema":{"@context":"https:\/\/schema.org","@graph":[{"@type":"WebPage","@id":"https:\/\/arcticexcursions.com\/udflugter\/whale-watching-in-nuuk\/","url":"https:\/\/arcticexcursions.com\/udflugter\/whale-watching-in-nuuk\/","name":"Hvalsafari i Nuuk - Arctic Excursions","isPartOf":{"@id":"https:\/\/arcticexcursions.com\/#website"},"primaryImageOfPage":{"@id":"https:\/\/arcticexcursions.com\/udflugter\/whale-watching-in-nuuk\/#primaryimage"},"image":{"@id":"https:\/\/arcticexcursions.com\/udflugter\/whale-watching-in-nuuk\/#primaryimage"},"thumbnailUrl":"https:\/\/arcticexcursions.com\/wp-content\/uploads\/2024\/05\/MicrosoftTeams-image-66.png","datePublished":"2024-05-15T12:30:17+00:00","dateModified":"2025-11-04T17:11:42+00:00","breadcrumb":{"@id":"https:\/\/arcticexcursions.com\/udflugter\/whale-watching-in-nuuk\/#breadcrumb"},"inLanguage":"da-DK","potentialAction":[{"@type":"ReadAction","target":["https:\/\/arcticexcursions.com\/udflugter\/whale-watching-in-nuuk\/"]}]},{"@type":"ImageObject","inLanguage":"da-DK","@id":"https:\/\/arcticexcursions.com\/udflugter\/whale-watching-in-nuuk\/#primaryimage","url":"https:\/\/arcticexcursions.com\/wp-content\/uploads\/2024\/05\/MicrosoftTeams-image-66.png","contentUrl":"https:\/\/arcticexcursions.com\/wp-content\/uploads\/2024\/05\/MicrosoftTeams-image-66.png","width":1294,"height":626},{"@type":"BreadcrumbList","@id":"https:\/\/arcticexcursions.com\/udflugter\/whale-watching-in-nuuk\/#breadcrumb","itemListElement":[{"@type":"ListItem","position":1,"name":"Home","item":"https:\/\/arcticexcursions.com\/da\/"},{"@type":"ListItem","position":2,"name":"Udflugter i Gr\u00f8nland","item":"https:\/\/arcticexcursions.com\/da\/udflugter\/"},{"@type":"ListItem","position":3,"name":"Hvalsafari i Nuuk"}]},{"@type":"WebSite","@id":"https:\/\/arcticexcursions.com\/#website","url":"https:\/\/arcticexcursions.com\/","name":"Arctic Excursions","description":"New adventures. Every day.","publisher":{"@id":"https:\/\/arcticexcursions.com\/#organization"},"potentialAction":[{"@type":"SearchAction","target":{"@type":"EntryPoint","urlTemplate":"https:\/\/arcticexcursions.com\/?s={search_term_string}"},"query-input":{"@type":"PropertyValueSpecification","valueRequired":true,"valueName":"search_term_string"}}],"inLanguage":"da-DK"},{"@type":"Organization","@id":"https:\/\/arcticexcursions.com\/#organization","name":"Arctic Excursions","url":"https:\/\/arcticexcursions.com\/","logo":{"@type":"ImageObject","inLanguage":"da-DK","@id":"https:\/\/arcticexcursions.com\/#\/schema\/logo\/image\/","url":"https:\/\/arcticexcursions.com\/wp-content\/uploads\/2022\/11\/fb-logo.png","contentUrl":"https:\/\/arcticexcursions.com\/wp-content\/uploads\/2022\/11\/fb-logo.png","width":523,"height":523,"caption":"Arctic Excursions"},"image":{"@id":"https:\/\/arcticexcursions.com\/#\/schema\/logo\/image\/"}}]}},"_links":{"self":[{"href":"https:\/\/arcticexcursions.com\/da\/wp-json\/wp\/v2\/product\/36975"}],"collection":[{"href":"https:\/\/arcticexcursions.com\/da\/wp-json\/wp\/v2\/product"}],"about":[{"href":"https:\/\/arcticexcursions.com\/da\/wp-json\/wp\/v2\/types\/product"}],"replies":[{"embeddable":true,"href":"https:\/\/arcticexcursions.com\/da\/wp-json\/wp\/v2\/comments?post=36975"}],"wp:featuredmedia":[{"embeddable":true,"href":"https:\/\/arcticexcursions.com\/da\/wp-json\/wp\/v2\/media\/36974"}],"wp:attachment":[{"href":"https:\/\/arcticexcursions.com\/da\/wp-json\/wp\/v2\/media?parent=36975"}],"wp:term":[{"taxonomy":"product_brand","embeddable":true,"href":"https:\/\/arcticexcursions.com\/da\/wp-json\/wp\/v2\/product_brand?post=36975"},{"taxonomy":"product_cat","embeddable":true,"href":"https:\/\/arcticexcursions.com\/da\/wp-json\/wp\/v2\/product_cat?post=36975"},{"taxonomy":"product_tag","embeddable":true,"href":"https:\/\/arcticexcursions.com\/da\/wp-json\/wp\/v2\/product_tag?post=36975"}],"curies":[{"name":"wp","href":"https:\/\/api.w.org\/{rel}","templated":true}]}}