{"id":37001,"date":"2024-05-15T16:49:58","date_gmt":"2024-05-15T14:49:58","guid":{"rendered":"https:\/\/arcticexcursions.com\/?post_type=product&#038;p=37001"},"modified":"2026-04-22T23:06:28","modified_gmt":"2026-04-22T21:06:28","slug":"hundeslaedetur-paa-4-timer","status":"publish","type":"product","link":"https:\/\/arcticexcursions.com\/da\/udflugter\/hundeslaedetur-paa-4-timer\/","title":{"rendered":"Hundesl\u00e6detur p\u00e5 4 timer"},"content":{"rendered":"<p>Denne fantastiske tur inkluderer en hundesl\u00e6detur p\u00e5 4 timer i den smukke natur, som Sisimiut besidder.<br \/>\nP\u00e5 denne tur kan bes\u00f8gende nyde fjordens spektakul\u00e6re natur og oplev en af Gr\u00f8nlands \u00e6ldste traditioner. Undervejs vil du blive fork\u00e6let med uovertrufne udsigter til bjerge og den smukke natur som Sisimiut tilbyder.<br \/>\nBes\u00f8gende kan fordybe sig i Gr\u00f8nlands betagende historie og naturlige sk\u00f8nhed med dette eventyr.<\/p>\n<p><b>Varighed:<\/b> 4 timer<\/p>\n<p><b>Deltagere:<\/b> Bem\u00e6rk venligst, at udflugten kun gennemf\u00f8res, hvis der er mindst 2 bookede billetter i alt. Hvis du for eksempel booker 1 billetter, skal der s\u00e6lges mindst 1 yderligere billetter til andre kunder, f\u00f8r turen kan finde sted. Der vil deltage maksimalt 4 personer.<\/p>\n<p><b>Sprog:<\/b> Guiden taler dansk, engelsk og gr\u00f8nlandsk<\/p>\n<p><b>Praktisk info:<\/b> Anbefales ikke til personer med sv\u00e6re rygproblemer<\/p>\n<p><b>Forplejning:<\/b> Kaffe og te serveres<\/p>\n<p><b>Anbefalet p\u00e5kl\u00e6dning:<\/b> Praktiske sko og varmt t\u00f8j, inkl. hue og handsker<\/p>\n","protected":false},"excerpt":{"rendered":"<p>Oplev den st\u00e6rke, Arktiske hund p\u00e5 en hundesl\u00e6detur p\u00e5 4 timer til Qiterlinnguaq!<\/p>\n","protected":false},"featured_media":37008,"comment_status":"open","ping_status":"closed","template":"","meta":{"_acf_changed":false},"product_brand":[],"product_cat":[170],"product_tag":[],"class_list":{"0":"post-37001","1":"product","2":"type-product","3":"status-publish","4":"has-post-thumbnail","6":"product_cat-udflugt","7":"pa_dato-6015","8":"pa_dato-1273","9":"pa_dato-1365","10":"pa_dato-1364","11":"pa_dato-1361","12":"pa_dato-5876","13":"pa_dato-6227","14":"pa_dato-6461","15":"pa_tidspunkt-40","16":"pa_tidspunkt-314","17":"pa_tidspunkt-61","18":"tour_location-sisimiut-da","19":"tour_type-hundeslaede","20":"tour_tickettype-arctic_excursions","21":"tour_operator-qingalik-cruise","23":"first","24":"instock","25":"shipping-taxable","26":"purchasable","27":"product-type-variable"},"acf":[],"yoast_head":"<!-- This site is optimized with the Yoast SEO plugin v23.6 - https:\/\/yoast.com\/wordpress\/plugins\/seo\/ -->\n<title>Arctic Excursions<\/title>\n<meta name=\"robots\" content=\"index, follow, max-snippet:-1, max-image-preview:large, max-video-preview:-1\" \/>\n<link rel=\"canonical\" href=\"https:\/\/arcticexcursions.com\/da\/udflugter\/hundeslaedetur-paa-4-timer\/\" \/>\n<meta property=\"og:locale\" content=\"da_DK\" \/>\n<meta property=\"og:type\" content=\"article\" \/>\n<meta property=\"og:title\" content=\"Hundesl\u00e6detur p\u00e5 4 timer - Arctic Excursions\" \/>\n<meta property=\"og:description\" content=\"Oplev den st\u00e6rke, Arktiske hund p\u00e5 en hundesl\u00e6detur p\u00e5 4 timer til Qiterlinnguaq!\" \/>\n<meta property=\"og:url\" content=\"https:\/\/arcticexcursions.com\/da\/udflugter\/hundeslaedetur-paa-4-timer\/\" \/>\n<meta property=\"og:site_name\" content=\"Arctic Excursions\" \/>\n<meta property=\"article:modified_time\" content=\"2026-04-22T21:06:28+00:00\" \/>\n<meta property=\"og:image\" content=\"https:\/\/arcticexcursions.com\/wp-content\/uploads\/2024\/05\/5489b13f-b33d-4eee-bfb9-6eec39b9e1b3-1.jpg\" \/>\n\t<meta property=\"og:image:width\" content=\"2048\" \/>\n\t<meta property=\"og:image:height\" content=\"1536\" \/>\n\t<meta property=\"og:image:type\" content=\"image\/jpeg\" \/>\n<meta name=\"twitter:card\" content=\"summary_large_image\" \/>\n<meta name=\"twitter:label1\" content=\"Estimeret l\u00e6setid\" \/>\n\t<meta name=\"twitter:data1\" content=\"1 minut\" \/>\n<script type=\"application\/ld+json\" class=\"yoast-schema-graph\">{\"@context\":\"https:\/\/schema.org\",\"@graph\":[{\"@type\":\"WebPage\",\"@id\":\"https:\/\/arcticexcursions.com\/da\/udflugter\/hundeslaedetur-paa-4-timer\/\",\"url\":\"https:\/\/arcticexcursions.com\/da\/udflugter\/hundeslaedetur-paa-4-timer\/\",\"name\":\"Hundesl\u00e6detur p\u00e5 4 timer - Arctic Excursions\",\"isPartOf\":{\"@id\":\"https:\/\/arcticexcursions.com\/#website\"},\"primaryImageOfPage\":{\"@id\":\"https:\/\/arcticexcursions.com\/da\/udflugter\/hundeslaedetur-paa-4-timer\/#primaryimage\"},\"image\":{\"@id\":\"https:\/\/arcticexcursions.com\/da\/udflugter\/hundeslaedetur-paa-4-timer\/#primaryimage\"},\"thumbnailUrl\":\"https:\/\/arcticexcursions.com\/wp-content\/uploads\/2024\/05\/5489b13f-b33d-4eee-bfb9-6eec39b9e1b3-1.jpg\",\"datePublished\":\"2024-05-15T14:49:58+00:00\",\"dateModified\":\"2026-04-22T21:06:28+00:00\",\"breadcrumb\":{\"@id\":\"https:\/\/arcticexcursions.com\/da\/udflugter\/hundeslaedetur-paa-4-timer\/#breadcrumb\"},\"inLanguage\":\"da-DK\",\"potentialAction\":[{\"@type\":\"ReadAction\",\"target\":[\"https:\/\/arcticexcursions.com\/da\/udflugter\/hundeslaedetur-paa-4-timer\/\"]}]},{\"@type\":\"ImageObject\",\"inLanguage\":\"da-DK\",\"@id\":\"https:\/\/arcticexcursions.com\/da\/udflugter\/hundeslaedetur-paa-4-timer\/#primaryimage\",\"url\":\"https:\/\/arcticexcursions.com\/wp-content\/uploads\/2024\/05\/5489b13f-b33d-4eee-bfb9-6eec39b9e1b3-1.jpg\",\"contentUrl\":\"https:\/\/arcticexcursions.com\/wp-content\/uploads\/2024\/05\/5489b13f-b33d-4eee-bfb9-6eec39b9e1b3-1.jpg\",\"width\":2048,\"height\":1536},{\"@type\":\"BreadcrumbList\",\"@id\":\"https:\/\/arcticexcursions.com\/da\/udflugter\/hundeslaedetur-paa-4-timer\/#breadcrumb\",\"itemListElement\":[{\"@type\":\"ListItem\",\"position\":1,\"name\":\"Home\",\"item\":\"https:\/\/arcticexcursions.com\/da\/\"},{\"@type\":\"ListItem\",\"position\":2,\"name\":\"Udflugter i Gr\u00f8nland\",\"item\":\"https:\/\/arcticexcursions.com\/da\/udflugter\/\"},{\"@type\":\"ListItem\",\"position\":3,\"name\":\"Hundesl\u00e6detur p\u00e5 4 timer\"}]},{\"@type\":\"WebSite\",\"@id\":\"https:\/\/arcticexcursions.com\/#website\",\"url\":\"https:\/\/arcticexcursions.com\/\",\"name\":\"Arctic Excursions\",\"description\":\"New adventures. Every day.\",\"publisher\":{\"@id\":\"https:\/\/arcticexcursions.com\/#organization\"},\"potentialAction\":[{\"@type\":\"SearchAction\",\"target\":{\"@type\":\"EntryPoint\",\"urlTemplate\":\"https:\/\/arcticexcursions.com\/?s={search_term_string}\"},\"query-input\":{\"@type\":\"PropertyValueSpecification\",\"valueRequired\":true,\"valueName\":\"search_term_string\"}}],\"inLanguage\":\"da-DK\"},{\"@type\":\"Organization\",\"@id\":\"https:\/\/arcticexcursions.com\/#organization\",\"name\":\"Arctic Excursions\",\"url\":\"https:\/\/arcticexcursions.com\/\",\"logo\":{\"@type\":\"ImageObject\",\"inLanguage\":\"da-DK\",\"@id\":\"https:\/\/arcticexcursions.com\/#\/schema\/logo\/image\/\",\"url\":\"https:\/\/arcticexcursions.com\/wp-content\/uploads\/2022\/11\/fb-logo.png\",\"contentUrl\":\"https:\/\/arcticexcursions.com\/wp-content\/uploads\/2022\/11\/fb-logo.png\",\"width\":523,\"height\":523,\"caption\":\"Arctic Excursions\"},\"image\":{\"@id\":\"https:\/\/arcticexcursions.com\/#\/schema\/logo\/image\/\"}}]}<\/script>\n<!-- \/ Yoast SEO plugin. -->","yoast_head_json":{"title":"Arctic Excursions","robots":{"index":"index","follow":"follow","max-snippet":"max-snippet:-1","max-image-preview":"max-image-preview:large","max-video-preview":"max-video-preview:-1"},"canonical":"https:\/\/arcticexcursions.com\/da\/udflugter\/hundeslaedetur-paa-4-timer\/","og_locale":"da_DK","og_type":"article","og_title":"Hundesl\u00e6detur p\u00e5 4 timer - Arctic Excursions","og_description":"Oplev den st\u00e6rke, Arktiske hund p\u00e5 en hundesl\u00e6detur p\u00e5 4 timer til Qiterlinnguaq!","og_url":"https:\/\/arcticexcursions.com\/da\/udflugter\/hundeslaedetur-paa-4-timer\/","og_site_name":"Arctic Excursions","article_modified_time":"2026-04-22T21:06:28+00:00","og_image":[{"width":2048,"height":1536,"url":"https:\/\/arcticexcursions.com\/wp-content\/uploads\/2024\/05\/5489b13f-b33d-4eee-bfb9-6eec39b9e1b3-1.jpg","type":"image\/jpeg"}],"twitter_card":"summary_large_image","twitter_misc":{"Estimeret l\u00e6setid":"1 minut"},"schema":{"@context":"https:\/\/schema.org","@graph":[{"@type":"WebPage","@id":"https:\/\/arcticexcursions.com\/da\/udflugter\/hundeslaedetur-paa-4-timer\/","url":"https:\/\/arcticexcursions.com\/da\/udflugter\/hundeslaedetur-paa-4-timer\/","name":"Hundesl\u00e6detur p\u00e5 4 timer - Arctic Excursions","isPartOf":{"@id":"https:\/\/arcticexcursions.com\/#website"},"primaryImageOfPage":{"@id":"https:\/\/arcticexcursions.com\/da\/udflugter\/hundeslaedetur-paa-4-timer\/#primaryimage"},"image":{"@id":"https:\/\/arcticexcursions.com\/da\/udflugter\/hundeslaedetur-paa-4-timer\/#primaryimage"},"thumbnailUrl":"https:\/\/arcticexcursions.com\/wp-content\/uploads\/2024\/05\/5489b13f-b33d-4eee-bfb9-6eec39b9e1b3-1.jpg","datePublished":"2024-05-15T14:49:58+00:00","dateModified":"2026-04-22T21:06:28+00:00","breadcrumb":{"@id":"https:\/\/arcticexcursions.com\/da\/udflugter\/hundeslaedetur-paa-4-timer\/#breadcrumb"},"inLanguage":"da-DK","potentialAction":[{"@type":"ReadAction","target":["https:\/\/arcticexcursions.com\/da\/udflugter\/hundeslaedetur-paa-4-timer\/"]}]},{"@type":"ImageObject","inLanguage":"da-DK","@id":"https:\/\/arcticexcursions.com\/da\/udflugter\/hundeslaedetur-paa-4-timer\/#primaryimage","url":"https:\/\/arcticexcursions.com\/wp-content\/uploads\/2024\/05\/5489b13f-b33d-4eee-bfb9-6eec39b9e1b3-1.jpg","contentUrl":"https:\/\/arcticexcursions.com\/wp-content\/uploads\/2024\/05\/5489b13f-b33d-4eee-bfb9-6eec39b9e1b3-1.jpg","width":2048,"height":1536},{"@type":"BreadcrumbList","@id":"https:\/\/arcticexcursions.com\/da\/udflugter\/hundeslaedetur-paa-4-timer\/#breadcrumb","itemListElement":[{"@type":"ListItem","position":1,"name":"Home","item":"https:\/\/arcticexcursions.com\/da\/"},{"@type":"ListItem","position":2,"name":"Udflugter i Gr\u00f8nland","item":"https:\/\/arcticexcursions.com\/da\/udflugter\/"},{"@type":"ListItem","position":3,"name":"Hundesl\u00e6detur p\u00e5 4 timer"}]},{"@type":"WebSite","@id":"https:\/\/arcticexcursions.com\/#website","url":"https:\/\/arcticexcursions.com\/","name":"Arctic Excursions","description":"New adventures. Every day.","publisher":{"@id":"https:\/\/arcticexcursions.com\/#organization"},"potentialAction":[{"@type":"SearchAction","target":{"@type":"EntryPoint","urlTemplate":"https:\/\/arcticexcursions.com\/?s={search_term_string}"},"query-input":{"@type":"PropertyValueSpecification","valueRequired":true,"valueName":"search_term_string"}}],"inLanguage":"da-DK"},{"@type":"Organization","@id":"https:\/\/arcticexcursions.com\/#organization","name":"Arctic Excursions","url":"https:\/\/arcticexcursions.com\/","logo":{"@type":"ImageObject","inLanguage":"da-DK","@id":"https:\/\/arcticexcursions.com\/#\/schema\/logo\/image\/","url":"https:\/\/arcticexcursions.com\/wp-content\/uploads\/2022\/11\/fb-logo.png","contentUrl":"https:\/\/arcticexcursions.com\/wp-content\/uploads\/2022\/11\/fb-logo.png","width":523,"height":523,"caption":"Arctic Excursions"},"image":{"@id":"https:\/\/arcticexcursions.com\/#\/schema\/logo\/image\/"}}]}},"_links":{"self":[{"href":"https:\/\/arcticexcursions.com\/da\/wp-json\/wp\/v2\/product\/37001"}],"collection":[{"href":"https:\/\/arcticexcursions.com\/da\/wp-json\/wp\/v2\/product"}],"about":[{"href":"https:\/\/arcticexcursions.com\/da\/wp-json\/wp\/v2\/types\/product"}],"replies":[{"embeddable":true,"href":"https:\/\/arcticexcursions.com\/da\/wp-json\/wp\/v2\/comments?post=37001"}],"wp:featuredmedia":[{"embeddable":true,"href":"https:\/\/arcticexcursions.com\/da\/wp-json\/wp\/v2\/media\/37008"}],"wp:attachment":[{"href":"https:\/\/arcticexcursions.com\/da\/wp-json\/wp\/v2\/media?parent=37001"}],"wp:term":[{"taxonomy":"product_brand","embeddable":true,"href":"https:\/\/arcticexcursions.com\/da\/wp-json\/wp\/v2\/product_brand?post=37001"},{"taxonomy":"product_cat","embeddable":true,"href":"https:\/\/arcticexcursions.com\/da\/wp-json\/wp\/v2\/product_cat?post=37001"},{"taxonomy":"product_tag","embeddable":true,"href":"https:\/\/arcticexcursions.com\/da\/wp-json\/wp\/v2\/product_tag?post=37001"}],"curies":[{"name":"wp","href":"https:\/\/api.w.org\/{rel}","templated":true}]}}