{"id":37165,"date":"2024-07-01T18:57:17","date_gmt":"2024-07-01T16:57:17","guid":{"rendered":"https:\/\/arcticexcursions.com\/?post_type=product&#038;p=37165"},"modified":"2025-07-22T20:04:01","modified_gmt":"2025-07-22T18:04:01","slug":"city-walk-in-sisimiut","status":"publish","type":"product","link":"https:\/\/arcticexcursions.com\/da\/udflugter\/city-walk-in-sisimiut\/","title":{"rendered":"Byrundtur i Sisimiut"},"content":{"rendered":"<p>Tag p\u00e5 en fascinerende byvandring gennem Sisimiut i Gr\u00f8nland, hvor tradition og modernisering lever side om side med det arktiske landskab som betagende kulisse. Sisimiut, Gr\u00f8nlands n\u00e6stst\u00f8rste by, kan prale af en tydelig blanding af rig kulturarv, pulserende lokalliv og spektakul\u00e6r natursk\u00f8nhed. <\/p>\n<p>Denne kystby ligger lige nord for polarcirklen og giver et sp\u00e6ndende indblik i beboernes udholdenhed og opfindsomhed, som har blomstret i et af verdens h\u00e5rdeste klimaer i generationer.<\/p>\n<p><b>Varighed:<\/b> 1 time og 30 minutter<\/p>\n<p><b>Deltagere:<\/b> Bem\u00e6rk venligst, at udflugten kun finder sted, hvis der er bestilt mindst 5 billetter i alt. Hvis du f.eks. bestiller 2 billetter, skal der s\u00e6lges mindst 3 ekstra billetter, for at turen kan gennemf\u00f8res. Der kan h\u00f8jst deltage 12 personer.<\/p>\n","protected":false},"excerpt":{"rendered":"<p>Oplev en byvandring i Sisimiut. <\/p>\n","protected":false},"featured_media":38438,"comment_status":"open","ping_status":"closed","template":"","meta":{"_acf_changed":false},"product_brand":[],"product_cat":[101,170],"product_tag":[],"class_list":{"0":"post-37165","1":"product","2":"type-product","3":"status-publish","4":"has-post-thumbnail","6":"product_cat-tour","7":"product_cat-udflugt","8":"pa_dato-1034","9":"pa_dato-6034","10":"pa_dato-6051","11":"pa_tidspunkt-40","12":"pa_tidspunkt-308","13":"pa_tidspunkt-110","14":"tour_location-sisimiut-da","15":"tour_type-walking-tour","16":"tour_type-vandreture","17":"tour_type-byvandring","18":"tour_tickettype-arctic_excursions","19":"tour_operator-microgreens-sisimiut","21":"first","22":"outofstock","23":"shipping-taxable","24":"product-type-variable"},"acf":[],"yoast_head":"<!-- This site is optimized with the Yoast SEO plugin v23.6 - https:\/\/yoast.com\/wordpress\/plugins\/seo\/ -->\n<title>Arctic Excursions<\/title>\n<meta name=\"robots\" content=\"index, follow, max-snippet:-1, max-image-preview:large, max-video-preview:-1\" \/>\n<link rel=\"canonical\" href=\"https:\/\/arcticexcursions.com\/udflugter\/city-walk-in-sisimiut\/\" \/>\n<meta property=\"og:locale\" content=\"da_DK\" \/>\n<meta property=\"og:type\" content=\"article\" \/>\n<meta property=\"og:title\" content=\"Byrundtur i Sisimiut - Arctic Excursions\" \/>\n<meta property=\"og:description\" content=\"Oplev en byvandring i Sisimiut.\" \/>\n<meta property=\"og:url\" content=\"https:\/\/arcticexcursions.com\/udflugter\/city-walk-in-sisimiut\/\" \/>\n<meta property=\"og:site_name\" content=\"Arctic Excursions\" \/>\n<meta property=\"article:modified_time\" content=\"2025-07-22T18:04:01+00:00\" \/>\n<meta property=\"og:image\" content=\"https:\/\/arcticexcursions.com\/wp-content\/uploads\/2024\/07\/Paly.png\" \/>\n\t<meta property=\"og:image:width\" content=\"419\" \/>\n\t<meta property=\"og:image:height\" content=\"487\" \/>\n\t<meta property=\"og:image:type\" content=\"image\/png\" \/>\n<meta name=\"twitter:card\" content=\"summary_large_image\" \/>\n<meta name=\"twitter:label1\" content=\"Estimeret l\u00e6setid\" \/>\n\t<meta name=\"twitter:data1\" content=\"1 minut\" \/>\n<script type=\"application\/ld+json\" class=\"yoast-schema-graph\">{\"@context\":\"https:\/\/schema.org\",\"@graph\":[{\"@type\":\"WebPage\",\"@id\":\"https:\/\/arcticexcursions.com\/udflugter\/city-walk-in-sisimiut\/\",\"url\":\"https:\/\/arcticexcursions.com\/udflugter\/city-walk-in-sisimiut\/\",\"name\":\"Byrundtur i Sisimiut - Arctic Excursions\",\"isPartOf\":{\"@id\":\"https:\/\/arcticexcursions.com\/#website\"},\"primaryImageOfPage\":{\"@id\":\"https:\/\/arcticexcursions.com\/udflugter\/city-walk-in-sisimiut\/#primaryimage\"},\"image\":{\"@id\":\"https:\/\/arcticexcursions.com\/udflugter\/city-walk-in-sisimiut\/#primaryimage\"},\"thumbnailUrl\":\"https:\/\/arcticexcursions.com\/wp-content\/uploads\/2024\/07\/Paly.png\",\"datePublished\":\"2024-07-01T16:57:17+00:00\",\"dateModified\":\"2025-07-22T18:04:01+00:00\",\"breadcrumb\":{\"@id\":\"https:\/\/arcticexcursions.com\/udflugter\/city-walk-in-sisimiut\/#breadcrumb\"},\"inLanguage\":\"da-DK\",\"potentialAction\":[{\"@type\":\"ReadAction\",\"target\":[\"https:\/\/arcticexcursions.com\/udflugter\/city-walk-in-sisimiut\/\"]}]},{\"@type\":\"ImageObject\",\"inLanguage\":\"da-DK\",\"@id\":\"https:\/\/arcticexcursions.com\/udflugter\/city-walk-in-sisimiut\/#primaryimage\",\"url\":\"https:\/\/arcticexcursions.com\/wp-content\/uploads\/2024\/07\/Paly.png\",\"contentUrl\":\"https:\/\/arcticexcursions.com\/wp-content\/uploads\/2024\/07\/Paly.png\",\"width\":419,\"height\":487},{\"@type\":\"BreadcrumbList\",\"@id\":\"https:\/\/arcticexcursions.com\/udflugter\/city-walk-in-sisimiut\/#breadcrumb\",\"itemListElement\":[{\"@type\":\"ListItem\",\"position\":1,\"name\":\"Home\",\"item\":\"https:\/\/arcticexcursions.com\/da\/\"},{\"@type\":\"ListItem\",\"position\":2,\"name\":\"Udflugter i Gr\u00f8nland\",\"item\":\"https:\/\/arcticexcursions.com\/da\/udflugter\/\"},{\"@type\":\"ListItem\",\"position\":3,\"name\":\"Byrundtur i Sisimiut\"}]},{\"@type\":\"WebSite\",\"@id\":\"https:\/\/arcticexcursions.com\/#website\",\"url\":\"https:\/\/arcticexcursions.com\/\",\"name\":\"Arctic Excursions\",\"description\":\"New adventures. Every day.\",\"publisher\":{\"@id\":\"https:\/\/arcticexcursions.com\/#organization\"},\"potentialAction\":[{\"@type\":\"SearchAction\",\"target\":{\"@type\":\"EntryPoint\",\"urlTemplate\":\"https:\/\/arcticexcursions.com\/?s={search_term_string}\"},\"query-input\":{\"@type\":\"PropertyValueSpecification\",\"valueRequired\":true,\"valueName\":\"search_term_string\"}}],\"inLanguage\":\"da-DK\"},{\"@type\":\"Organization\",\"@id\":\"https:\/\/arcticexcursions.com\/#organization\",\"name\":\"Arctic Excursions\",\"url\":\"https:\/\/arcticexcursions.com\/\",\"logo\":{\"@type\":\"ImageObject\",\"inLanguage\":\"da-DK\",\"@id\":\"https:\/\/arcticexcursions.com\/#\/schema\/logo\/image\/\",\"url\":\"https:\/\/arcticexcursions.com\/wp-content\/uploads\/2022\/11\/fb-logo.png\",\"contentUrl\":\"https:\/\/arcticexcursions.com\/wp-content\/uploads\/2022\/11\/fb-logo.png\",\"width\":523,\"height\":523,\"caption\":\"Arctic Excursions\"},\"image\":{\"@id\":\"https:\/\/arcticexcursions.com\/#\/schema\/logo\/image\/\"}}]}<\/script>\n<!-- \/ Yoast SEO plugin. -->","yoast_head_json":{"title":"Arctic Excursions","robots":{"index":"index","follow":"follow","max-snippet":"max-snippet:-1","max-image-preview":"max-image-preview:large","max-video-preview":"max-video-preview:-1"},"canonical":"https:\/\/arcticexcursions.com\/udflugter\/city-walk-in-sisimiut\/","og_locale":"da_DK","og_type":"article","og_title":"Byrundtur i Sisimiut - Arctic Excursions","og_description":"Oplev en byvandring i Sisimiut.","og_url":"https:\/\/arcticexcursions.com\/udflugter\/city-walk-in-sisimiut\/","og_site_name":"Arctic Excursions","article_modified_time":"2025-07-22T18:04:01+00:00","og_image":[{"width":419,"height":487,"url":"https:\/\/arcticexcursions.com\/wp-content\/uploads\/2024\/07\/Paly.png","type":"image\/png"}],"twitter_card":"summary_large_image","twitter_misc":{"Estimeret l\u00e6setid":"1 minut"},"schema":{"@context":"https:\/\/schema.org","@graph":[{"@type":"WebPage","@id":"https:\/\/arcticexcursions.com\/udflugter\/city-walk-in-sisimiut\/","url":"https:\/\/arcticexcursions.com\/udflugter\/city-walk-in-sisimiut\/","name":"Byrundtur i Sisimiut - Arctic Excursions","isPartOf":{"@id":"https:\/\/arcticexcursions.com\/#website"},"primaryImageOfPage":{"@id":"https:\/\/arcticexcursions.com\/udflugter\/city-walk-in-sisimiut\/#primaryimage"},"image":{"@id":"https:\/\/arcticexcursions.com\/udflugter\/city-walk-in-sisimiut\/#primaryimage"},"thumbnailUrl":"https:\/\/arcticexcursions.com\/wp-content\/uploads\/2024\/07\/Paly.png","datePublished":"2024-07-01T16:57:17+00:00","dateModified":"2025-07-22T18:04:01+00:00","breadcrumb":{"@id":"https:\/\/arcticexcursions.com\/udflugter\/city-walk-in-sisimiut\/#breadcrumb"},"inLanguage":"da-DK","potentialAction":[{"@type":"ReadAction","target":["https:\/\/arcticexcursions.com\/udflugter\/city-walk-in-sisimiut\/"]}]},{"@type":"ImageObject","inLanguage":"da-DK","@id":"https:\/\/arcticexcursions.com\/udflugter\/city-walk-in-sisimiut\/#primaryimage","url":"https:\/\/arcticexcursions.com\/wp-content\/uploads\/2024\/07\/Paly.png","contentUrl":"https:\/\/arcticexcursions.com\/wp-content\/uploads\/2024\/07\/Paly.png","width":419,"height":487},{"@type":"BreadcrumbList","@id":"https:\/\/arcticexcursions.com\/udflugter\/city-walk-in-sisimiut\/#breadcrumb","itemListElement":[{"@type":"ListItem","position":1,"name":"Home","item":"https:\/\/arcticexcursions.com\/da\/"},{"@type":"ListItem","position":2,"name":"Udflugter i Gr\u00f8nland","item":"https:\/\/arcticexcursions.com\/da\/udflugter\/"},{"@type":"ListItem","position":3,"name":"Byrundtur i Sisimiut"}]},{"@type":"WebSite","@id":"https:\/\/arcticexcursions.com\/#website","url":"https:\/\/arcticexcursions.com\/","name":"Arctic Excursions","description":"New adventures. Every day.","publisher":{"@id":"https:\/\/arcticexcursions.com\/#organization"},"potentialAction":[{"@type":"SearchAction","target":{"@type":"EntryPoint","urlTemplate":"https:\/\/arcticexcursions.com\/?s={search_term_string}"},"query-input":{"@type":"PropertyValueSpecification","valueRequired":true,"valueName":"search_term_string"}}],"inLanguage":"da-DK"},{"@type":"Organization","@id":"https:\/\/arcticexcursions.com\/#organization","name":"Arctic Excursions","url":"https:\/\/arcticexcursions.com\/","logo":{"@type":"ImageObject","inLanguage":"da-DK","@id":"https:\/\/arcticexcursions.com\/#\/schema\/logo\/image\/","url":"https:\/\/arcticexcursions.com\/wp-content\/uploads\/2022\/11\/fb-logo.png","contentUrl":"https:\/\/arcticexcursions.com\/wp-content\/uploads\/2022\/11\/fb-logo.png","width":523,"height":523,"caption":"Arctic Excursions"},"image":{"@id":"https:\/\/arcticexcursions.com\/#\/schema\/logo\/image\/"}}]}},"_links":{"self":[{"href":"https:\/\/arcticexcursions.com\/da\/wp-json\/wp\/v2\/product\/37165"}],"collection":[{"href":"https:\/\/arcticexcursions.com\/da\/wp-json\/wp\/v2\/product"}],"about":[{"href":"https:\/\/arcticexcursions.com\/da\/wp-json\/wp\/v2\/types\/product"}],"replies":[{"embeddable":true,"href":"https:\/\/arcticexcursions.com\/da\/wp-json\/wp\/v2\/comments?post=37165"}],"wp:featuredmedia":[{"embeddable":true,"href":"https:\/\/arcticexcursions.com\/da\/wp-json\/wp\/v2\/media\/38438"}],"wp:attachment":[{"href":"https:\/\/arcticexcursions.com\/da\/wp-json\/wp\/v2\/media?parent=37165"}],"wp:term":[{"taxonomy":"product_brand","embeddable":true,"href":"https:\/\/arcticexcursions.com\/da\/wp-json\/wp\/v2\/product_brand?post=37165"},{"taxonomy":"product_cat","embeddable":true,"href":"https:\/\/arcticexcursions.com\/da\/wp-json\/wp\/v2\/product_cat?post=37165"},{"taxonomy":"product_tag","embeddable":true,"href":"https:\/\/arcticexcursions.com\/da\/wp-json\/wp\/v2\/product_tag?post=37165"}],"curies":[{"name":"wp","href":"https:\/\/api.w.org\/{rel}","templated":true}]}}