{"id":37200,"date":"2024-05-16T17:53:31","date_gmt":"2024-05-16T15:53:31","guid":{"rendered":"https:\/\/arcticexcursions.com\/?post_type=product&#038;p=37200"},"modified":"2025-11-05T17:54:17","modified_gmt":"2025-11-05T15:54:17","slug":"vandretur-paa-praestefjeld","status":"publish","type":"product","link":"https:\/\/arcticexcursions.com\/da\/udflugter\/vandretur-paa-praestefjeld\/","title":{"rendered":"Vandretur p\u00e5 Palasip Qaqqaa"},"content":{"rendered":"<p>Dette 544 meter h\u00f8je bjerg, beliggende ved siden af lufthavnen, byder p\u00e5 en imponerende panoramaudsigt over b\u00e5de havet og byen. Det er en klassisk dagstur, som er utroligt givende. Vi starter ved udgangspunktet, vandrer ind i en dal og bestiger efterf\u00f8lgende et par stejle bakker, f\u00f8r vi n\u00e5r et plateau. Herfra forts\u00e6tter vi til et lille afsidesliggende sted, hvor vi kan hvile lidt. Efter en kort pause forts\u00e6tter vi op ad bjergsiden, indtil vi n\u00e5r toppen. P\u00e5 toppen venter varme drikke og snacks, som vi kan nyde, mens vi beundrer det fantastiske panorama, inden vi vender tilbage ad samme vej.<\/p>\n<p><b>Varighed:<\/b> 3 timer <\/p>\n<p><b>Deltagere:<\/b> Bem\u00e6rk venligst, at udflugten kun gennemf\u00f8res, hvis der er mindst 2 bookede billetter i alt. Hvis du for eksempel booker 1 billetter, skal der s\u00e6lges mindst 1 yderligere billetter til andre kunder, f\u00f8r turen kan finde sted. <\/p>\n<p><b>Sprog:<\/b> Guiden taler dansk, engelsk og gr\u00f8nlandsk <\/p>\n<p><b>Sv\u00e6rhedsgrad:<\/b> kr\u00e6ver et rimeligt konditionsniveau. Anbefales ikke hvis du har rygproblemer. <\/p>\n<p><b>Forplejning:<\/b> Kaffe og te serveres <\/p>\n<p><b>Anbefalet p\u00e5kl\u00e6dning:<\/b> Varmt, praktisk t\u00f8j og vandresko.<\/p>\n","protected":false},"excerpt":{"rendered":"<p>Hvis du nyder at udforske naturen til fods og skue ud over landskabet fra h\u00f8je h\u00f8jder, s\u00e5 vil turen til Pr\u00e6stefjeldet (Palasip Qaqqaa) v\u00e6re et ideelt valg. <\/p>\n","protected":false},"featured_media":37201,"comment_status":"open","ping_status":"closed","template":"","meta":{"_acf_changed":false},"product_brand":[],"product_cat":[170],"product_tag":[],"class_list":{"0":"post-37200","1":"product","2":"type-product","3":"status-publish","4":"has-post-thumbnail","6":"product_cat-udflugt","7":"pa_dato-1125","8":"pa_dato-1130","9":"pa_dato-1032","10":"pa_dato-989","11":"pa_dato-967","12":"pa_dato-1033","13":"pa_dato-994","14":"pa_dato-998","15":"pa_dato-1003","16":"pa_dato-1038","17":"pa_dato-1045","18":"pa_dato-1135","19":"pa_dato-1185","20":"pa_dato-1186","21":"pa_dato-6075","22":"pa_dato-6024","23":"pa_dato-5977","24":"pa_tidspunkt-40","25":"pa_tidspunkt-304","26":"pa_tidspunkt-190","27":"tour_location-sisimiut-da","28":"tour_type-vandreture","29":"tour_state-allowed_prebooking","30":"tour_tickettype-arctic_excursions","31":"tour_operator-hotel-soma-sisimiut","33":"first","34":"outofstock","35":"shipping-taxable","36":"product-type-variable"},"acf":[],"yoast_head":"<!-- This site is optimized with the Yoast SEO plugin v23.6 - https:\/\/yoast.com\/wordpress\/plugins\/seo\/ -->\n<title>Arctic Excursions<\/title>\n<meta name=\"robots\" content=\"index, follow, max-snippet:-1, max-image-preview:large, max-video-preview:-1\" \/>\n<link rel=\"canonical\" href=\"https:\/\/arcticexcursions.com\/udflugter\/vandretur-paa-praestefjeld\/\" \/>\n<meta property=\"og:locale\" content=\"da_DK\" \/>\n<meta property=\"og:type\" content=\"article\" \/>\n<meta property=\"og:title\" content=\"Vandretur p\u00e5 Palasip Qaqqaa - Arctic Excursions\" \/>\n<meta property=\"og:description\" content=\"Hvis du nyder at udforske naturen til fods og skue ud over landskabet fra h\u00f8je h\u00f8jder, s\u00e5 vil turen til Pr\u00e6stefjeldet (Palasip Qaqqaa) v\u00e6re et ideelt valg.\" \/>\n<meta property=\"og:url\" content=\"https:\/\/arcticexcursions.com\/udflugter\/vandretur-paa-praestefjeld\/\" \/>\n<meta property=\"og:site_name\" content=\"Arctic Excursions\" \/>\n<meta property=\"article:modified_time\" content=\"2025-11-05T15:54:17+00:00\" \/>\n<meta property=\"og:image\" content=\"https:\/\/arcticexcursions.com\/wp-content\/uploads\/2024\/05\/Sisimiut-summer-hiking-palasiq-qaqqaa-Lisa_Germany_DAC-0011-scaled.jpg\" \/>\n\t<meta property=\"og:image:width\" content=\"2560\" \/>\n\t<meta property=\"og:image:height\" content=\"1707\" \/>\n\t<meta property=\"og:image:type\" content=\"image\/jpeg\" \/>\n<meta name=\"twitter:card\" content=\"summary_large_image\" \/>\n<meta name=\"twitter:label1\" content=\"Estimeret l\u00e6setid\" \/>\n\t<meta name=\"twitter:data1\" content=\"1 minut\" \/>\n<script type=\"application\/ld+json\" class=\"yoast-schema-graph\">{\"@context\":\"https:\/\/schema.org\",\"@graph\":[{\"@type\":\"WebPage\",\"@id\":\"https:\/\/arcticexcursions.com\/udflugter\/vandretur-paa-praestefjeld\/\",\"url\":\"https:\/\/arcticexcursions.com\/udflugter\/vandretur-paa-praestefjeld\/\",\"name\":\"Vandretur p\u00e5 Palasip Qaqqaa - Arctic Excursions\",\"isPartOf\":{\"@id\":\"https:\/\/arcticexcursions.com\/#website\"},\"primaryImageOfPage\":{\"@id\":\"https:\/\/arcticexcursions.com\/udflugter\/vandretur-paa-praestefjeld\/#primaryimage\"},\"image\":{\"@id\":\"https:\/\/arcticexcursions.com\/udflugter\/vandretur-paa-praestefjeld\/#primaryimage\"},\"thumbnailUrl\":\"https:\/\/arcticexcursions.com\/wp-content\/uploads\/2024\/05\/Sisimiut-summer-hiking-palasiq-qaqqaa-Lisa_Germany_DAC-0011-scaled.jpg\",\"datePublished\":\"2024-05-16T15:53:31+00:00\",\"dateModified\":\"2025-11-05T15:54:17+00:00\",\"breadcrumb\":{\"@id\":\"https:\/\/arcticexcursions.com\/udflugter\/vandretur-paa-praestefjeld\/#breadcrumb\"},\"inLanguage\":\"da-DK\",\"potentialAction\":[{\"@type\":\"ReadAction\",\"target\":[\"https:\/\/arcticexcursions.com\/udflugter\/vandretur-paa-praestefjeld\/\"]}]},{\"@type\":\"ImageObject\",\"inLanguage\":\"da-DK\",\"@id\":\"https:\/\/arcticexcursions.com\/udflugter\/vandretur-paa-praestefjeld\/#primaryimage\",\"url\":\"https:\/\/arcticexcursions.com\/wp-content\/uploads\/2024\/05\/Sisimiut-summer-hiking-palasiq-qaqqaa-Lisa_Germany_DAC-0011-scaled.jpg\",\"contentUrl\":\"https:\/\/arcticexcursions.com\/wp-content\/uploads\/2024\/05\/Sisimiut-summer-hiking-palasiq-qaqqaa-Lisa_Germany_DAC-0011-scaled.jpg\",\"width\":2560,\"height\":1707},{\"@type\":\"BreadcrumbList\",\"@id\":\"https:\/\/arcticexcursions.com\/udflugter\/vandretur-paa-praestefjeld\/#breadcrumb\",\"itemListElement\":[{\"@type\":\"ListItem\",\"position\":1,\"name\":\"Home\",\"item\":\"https:\/\/arcticexcursions.com\/da\/\"},{\"@type\":\"ListItem\",\"position\":2,\"name\":\"Udflugter i Gr\u00f8nland\",\"item\":\"https:\/\/arcticexcursions.com\/da\/udflugter\/\"},{\"@type\":\"ListItem\",\"position\":3,\"name\":\"Vandretur p\u00e5 Palasip Qaqqaa\"}]},{\"@type\":\"WebSite\",\"@id\":\"https:\/\/arcticexcursions.com\/#website\",\"url\":\"https:\/\/arcticexcursions.com\/\",\"name\":\"Arctic Excursions\",\"description\":\"New adventures. Every day.\",\"publisher\":{\"@id\":\"https:\/\/arcticexcursions.com\/#organization\"},\"potentialAction\":[{\"@type\":\"SearchAction\",\"target\":{\"@type\":\"EntryPoint\",\"urlTemplate\":\"https:\/\/arcticexcursions.com\/?s={search_term_string}\"},\"query-input\":{\"@type\":\"PropertyValueSpecification\",\"valueRequired\":true,\"valueName\":\"search_term_string\"}}],\"inLanguage\":\"da-DK\"},{\"@type\":\"Organization\",\"@id\":\"https:\/\/arcticexcursions.com\/#organization\",\"name\":\"Arctic Excursions\",\"url\":\"https:\/\/arcticexcursions.com\/\",\"logo\":{\"@type\":\"ImageObject\",\"inLanguage\":\"da-DK\",\"@id\":\"https:\/\/arcticexcursions.com\/#\/schema\/logo\/image\/\",\"url\":\"https:\/\/arcticexcursions.com\/wp-content\/uploads\/2022\/11\/fb-logo.png\",\"contentUrl\":\"https:\/\/arcticexcursions.com\/wp-content\/uploads\/2022\/11\/fb-logo.png\",\"width\":523,\"height\":523,\"caption\":\"Arctic Excursions\"},\"image\":{\"@id\":\"https:\/\/arcticexcursions.com\/#\/schema\/logo\/image\/\"}}]}<\/script>\n<!-- \/ Yoast SEO plugin. -->","yoast_head_json":{"title":"Arctic Excursions","robots":{"index":"index","follow":"follow","max-snippet":"max-snippet:-1","max-image-preview":"max-image-preview:large","max-video-preview":"max-video-preview:-1"},"canonical":"https:\/\/arcticexcursions.com\/udflugter\/vandretur-paa-praestefjeld\/","og_locale":"da_DK","og_type":"article","og_title":"Vandretur p\u00e5 Palasip Qaqqaa - Arctic Excursions","og_description":"Hvis du nyder at udforske naturen til fods og skue ud over landskabet fra h\u00f8je h\u00f8jder, s\u00e5 vil turen til Pr\u00e6stefjeldet (Palasip Qaqqaa) v\u00e6re et ideelt valg.","og_url":"https:\/\/arcticexcursions.com\/udflugter\/vandretur-paa-praestefjeld\/","og_site_name":"Arctic Excursions","article_modified_time":"2025-11-05T15:54:17+00:00","og_image":[{"width":2560,"height":1707,"url":"https:\/\/arcticexcursions.com\/wp-content\/uploads\/2024\/05\/Sisimiut-summer-hiking-palasiq-qaqqaa-Lisa_Germany_DAC-0011-scaled.jpg","type":"image\/jpeg"}],"twitter_card":"summary_large_image","twitter_misc":{"Estimeret l\u00e6setid":"1 minut"},"schema":{"@context":"https:\/\/schema.org","@graph":[{"@type":"WebPage","@id":"https:\/\/arcticexcursions.com\/udflugter\/vandretur-paa-praestefjeld\/","url":"https:\/\/arcticexcursions.com\/udflugter\/vandretur-paa-praestefjeld\/","name":"Vandretur p\u00e5 Palasip Qaqqaa - Arctic Excursions","isPartOf":{"@id":"https:\/\/arcticexcursions.com\/#website"},"primaryImageOfPage":{"@id":"https:\/\/arcticexcursions.com\/udflugter\/vandretur-paa-praestefjeld\/#primaryimage"},"image":{"@id":"https:\/\/arcticexcursions.com\/udflugter\/vandretur-paa-praestefjeld\/#primaryimage"},"thumbnailUrl":"https:\/\/arcticexcursions.com\/wp-content\/uploads\/2024\/05\/Sisimiut-summer-hiking-palasiq-qaqqaa-Lisa_Germany_DAC-0011-scaled.jpg","datePublished":"2024-05-16T15:53:31+00:00","dateModified":"2025-11-05T15:54:17+00:00","breadcrumb":{"@id":"https:\/\/arcticexcursions.com\/udflugter\/vandretur-paa-praestefjeld\/#breadcrumb"},"inLanguage":"da-DK","potentialAction":[{"@type":"ReadAction","target":["https:\/\/arcticexcursions.com\/udflugter\/vandretur-paa-praestefjeld\/"]}]},{"@type":"ImageObject","inLanguage":"da-DK","@id":"https:\/\/arcticexcursions.com\/udflugter\/vandretur-paa-praestefjeld\/#primaryimage","url":"https:\/\/arcticexcursions.com\/wp-content\/uploads\/2024\/05\/Sisimiut-summer-hiking-palasiq-qaqqaa-Lisa_Germany_DAC-0011-scaled.jpg","contentUrl":"https:\/\/arcticexcursions.com\/wp-content\/uploads\/2024\/05\/Sisimiut-summer-hiking-palasiq-qaqqaa-Lisa_Germany_DAC-0011-scaled.jpg","width":2560,"height":1707},{"@type":"BreadcrumbList","@id":"https:\/\/arcticexcursions.com\/udflugter\/vandretur-paa-praestefjeld\/#breadcrumb","itemListElement":[{"@type":"ListItem","position":1,"name":"Home","item":"https:\/\/arcticexcursions.com\/da\/"},{"@type":"ListItem","position":2,"name":"Udflugter i Gr\u00f8nland","item":"https:\/\/arcticexcursions.com\/da\/udflugter\/"},{"@type":"ListItem","position":3,"name":"Vandretur p\u00e5 Palasip Qaqqaa"}]},{"@type":"WebSite","@id":"https:\/\/arcticexcursions.com\/#website","url":"https:\/\/arcticexcursions.com\/","name":"Arctic Excursions","description":"New adventures. Every day.","publisher":{"@id":"https:\/\/arcticexcursions.com\/#organization"},"potentialAction":[{"@type":"SearchAction","target":{"@type":"EntryPoint","urlTemplate":"https:\/\/arcticexcursions.com\/?s={search_term_string}"},"query-input":{"@type":"PropertyValueSpecification","valueRequired":true,"valueName":"search_term_string"}}],"inLanguage":"da-DK"},{"@type":"Organization","@id":"https:\/\/arcticexcursions.com\/#organization","name":"Arctic Excursions","url":"https:\/\/arcticexcursions.com\/","logo":{"@type":"ImageObject","inLanguage":"da-DK","@id":"https:\/\/arcticexcursions.com\/#\/schema\/logo\/image\/","url":"https:\/\/arcticexcursions.com\/wp-content\/uploads\/2022\/11\/fb-logo.png","contentUrl":"https:\/\/arcticexcursions.com\/wp-content\/uploads\/2022\/11\/fb-logo.png","width":523,"height":523,"caption":"Arctic Excursions"},"image":{"@id":"https:\/\/arcticexcursions.com\/#\/schema\/logo\/image\/"}}]}},"_links":{"self":[{"href":"https:\/\/arcticexcursions.com\/da\/wp-json\/wp\/v2\/product\/37200"}],"collection":[{"href":"https:\/\/arcticexcursions.com\/da\/wp-json\/wp\/v2\/product"}],"about":[{"href":"https:\/\/arcticexcursions.com\/da\/wp-json\/wp\/v2\/types\/product"}],"replies":[{"embeddable":true,"href":"https:\/\/arcticexcursions.com\/da\/wp-json\/wp\/v2\/comments?post=37200"}],"wp:featuredmedia":[{"embeddable":true,"href":"https:\/\/arcticexcursions.com\/da\/wp-json\/wp\/v2\/media\/37201"}],"wp:attachment":[{"href":"https:\/\/arcticexcursions.com\/da\/wp-json\/wp\/v2\/media?parent=37200"}],"wp:term":[{"taxonomy":"product_brand","embeddable":true,"href":"https:\/\/arcticexcursions.com\/da\/wp-json\/wp\/v2\/product_brand?post=37200"},{"taxonomy":"product_cat","embeddable":true,"href":"https:\/\/arcticexcursions.com\/da\/wp-json\/wp\/v2\/product_cat?post=37200"},{"taxonomy":"product_tag","embeddable":true,"href":"https:\/\/arcticexcursions.com\/da\/wp-json\/wp\/v2\/product_tag?post=37200"}],"curies":[{"name":"wp","href":"https:\/\/api.w.org\/{rel}","templated":true}]}}