{"id":37206,"date":"2024-05-16T18:46:51","date_gmt":"2024-05-16T16:46:51","guid":{"rendered":"https:\/\/arcticexcursions.com\/?post_type=product&#038;p=37206"},"modified":"2025-11-05T17:38:48","modified_gmt":"2025-11-05T15:38:48","slug":"toptur-til-nasaasaaq","status":"publish","type":"product","link":"https:\/\/arcticexcursions.com\/da\/udflugter\/toptur-til-nasaasaaq\/","title":{"rendered":"Toptur til Nasaasaaq"},"content":{"rendered":"<p>Vi begiver os mod hundebyen og starter vores vandretur p\u00e5 en let sti. Efter at have overvundet en mere stejl str\u00e6kning, n\u00e5r vi endelig et plateau, der leder direkte til toppen af bjerget. Fra toppen, der rager 784 meter over havets overflade, vil du blive betaget af en utrolig 360-graders panoramaudsigt over Sisimiut, Palasip Qaqqaa, havet mod vest og det enorme bagland af Qeqqata Kommunia, som er fyldt med s\u00f8er, dale, gletsjere og bjerge mod nord og \u00f8st.<\/p>\n<p>Denne vandretur klassificeres som middelh\u00e5rd og kr\u00e6ver et godt konditions-niveau samt selvtillid i stejlt terr\u00e6n.<\/p>\n<p><b>Varighed:<\/b> 6 timer <\/p>\n<p><b>Deltagere:<\/b> Bem\u00e6rk venligst, at udflugten kun gennemf\u00f8res, hvis der er mindst 3 bookede billetter i alt. Hvis du for eksempel booker 1 billetter, skal der s\u00e6lges mindst 2 yderligere billetter til andre kunder, f\u00f8r turen kan finde sted. <\/p>\n<p><b>Sprog:<\/b> Guiden taler dansk, engelsk og gr\u00f8nlandsk <\/p>\n<p><b>Sv\u00e6rhedsgrad:<\/b> Kr\u00e6ver en god kondition. Medbring selv vand og t\u00f8j efter vejret. <\/p>\n<p><b>Forplejning:<\/b> Kaffe og te serveres <\/p>\n<p><b>Anbefalet p\u00e5kl\u00e6dning:<\/b> Varmt, praktisk t\u00f8j og vandresko.<\/p>\n","protected":false},"excerpt":{"rendered":"<p>Toppen af Nasaasaaq, udg\u00f8r et ikonisk vartegn for Sisimiut, med sit navn, der overs\u00e6ttes til &#8220;lille hat&#8221;. <\/p>\n","protected":false},"featured_media":37204,"comment_status":"open","ping_status":"closed","template":"","meta":{"_acf_changed":false},"product_brand":[],"product_cat":[170],"product_tag":[],"class_list":{"0":"post-37206","1":"product","2":"type-product","3":"status-publish","4":"has-post-thumbnail","6":"product_cat-udflugt","7":"pa_dato-1064","8":"pa_dato-1127","9":"pa_dato-1025","10":"pa_dato-1032","11":"pa_dato-989","12":"pa_dato-967","13":"pa_dato-994","14":"pa_dato-1003","15":"pa_dato-1135","16":"pa_dato-1185","17":"pa_dato-1186","18":"pa_dato-5892","19":"pa_dato-5888","20":"pa_tidspunkt-683","21":"pa_tidspunkt-40","22":"pa_tidspunkt-304","23":"pa_tidspunkt-190","24":"tour_location-sisimiut-da","25":"tour_type-vandreture","26":"tour_state-allowed_prebooking","27":"tour_tickettype-arctic_excursions","28":"tour_operator-hotel-soma-sisimiut","30":"first","31":"outofstock","32":"shipping-taxable","33":"product-type-variable"},"acf":[],"yoast_head":"<!-- This site is optimized with the Yoast SEO plugin v23.6 - https:\/\/yoast.com\/wordpress\/plugins\/seo\/ -->\n<title>Arctic Excursions<\/title>\n<meta name=\"robots\" content=\"index, follow, max-snippet:-1, max-image-preview:large, max-video-preview:-1\" \/>\n<link rel=\"canonical\" href=\"https:\/\/arcticexcursions.com\/udflugter\/toptur-til-nasaasaaq\/\" \/>\n<meta property=\"og:locale\" content=\"da_DK\" \/>\n<meta property=\"og:type\" content=\"article\" \/>\n<meta property=\"og:title\" content=\"Toptur til Nasaasaaq - Arctic Excursions\" \/>\n<meta property=\"og:description\" content=\"Toppen af Nasaasaaq, udg\u00f8r et ikonisk vartegn for Sisimiut, med sit navn, der overs\u00e6ttes til &quot;lille hat&quot;.\" \/>\n<meta property=\"og:url\" content=\"https:\/\/arcticexcursions.com\/udflugter\/toptur-til-nasaasaaq\/\" \/>\n<meta property=\"og:site_name\" content=\"Arctic Excursions\" \/>\n<meta property=\"article:modified_time\" content=\"2025-11-05T15:38:48+00:00\" \/>\n<meta property=\"og:image\" content=\"https:\/\/arcticexcursions.com\/wp-content\/uploads\/2024\/05\/Sisimiut-Nasaasaaq-hiking-summer-Lasse_Kyed-0792-819x1024.jpg\" \/>\n\t<meta property=\"og:image:width\" content=\"819\" \/>\n\t<meta property=\"og:image:height\" content=\"1024\" \/>\n\t<meta property=\"og:image:type\" content=\"image\/jpeg\" \/>\n<meta name=\"twitter:card\" content=\"summary_large_image\" \/>\n<meta name=\"twitter:label1\" content=\"Estimeret l\u00e6setid\" \/>\n\t<meta name=\"twitter:data1\" content=\"1 minut\" \/>\n<script type=\"application\/ld+json\" class=\"yoast-schema-graph\">{\"@context\":\"https:\/\/schema.org\",\"@graph\":[{\"@type\":\"WebPage\",\"@id\":\"https:\/\/arcticexcursions.com\/udflugter\/toptur-til-nasaasaaq\/\",\"url\":\"https:\/\/arcticexcursions.com\/udflugter\/toptur-til-nasaasaaq\/\",\"name\":\"Toptur til Nasaasaaq - Arctic Excursions\",\"isPartOf\":{\"@id\":\"https:\/\/arcticexcursions.com\/#website\"},\"primaryImageOfPage\":{\"@id\":\"https:\/\/arcticexcursions.com\/udflugter\/toptur-til-nasaasaaq\/#primaryimage\"},\"image\":{\"@id\":\"https:\/\/arcticexcursions.com\/udflugter\/toptur-til-nasaasaaq\/#primaryimage\"},\"thumbnailUrl\":\"https:\/\/arcticexcursions.com\/wp-content\/uploads\/2024\/05\/Sisimiut-Nasaasaaq-hiking-summer-Lasse_Kyed-0792.jpg\",\"datePublished\":\"2024-05-16T16:46:51+00:00\",\"dateModified\":\"2025-11-05T15:38:48+00:00\",\"breadcrumb\":{\"@id\":\"https:\/\/arcticexcursions.com\/udflugter\/toptur-til-nasaasaaq\/#breadcrumb\"},\"inLanguage\":\"da-DK\",\"potentialAction\":[{\"@type\":\"ReadAction\",\"target\":[\"https:\/\/arcticexcursions.com\/udflugter\/toptur-til-nasaasaaq\/\"]}]},{\"@type\":\"ImageObject\",\"inLanguage\":\"da-DK\",\"@id\":\"https:\/\/arcticexcursions.com\/udflugter\/toptur-til-nasaasaaq\/#primaryimage\",\"url\":\"https:\/\/arcticexcursions.com\/wp-content\/uploads\/2024\/05\/Sisimiut-Nasaasaaq-hiking-summer-Lasse_Kyed-0792.jpg\",\"contentUrl\":\"https:\/\/arcticexcursions.com\/wp-content\/uploads\/2024\/05\/Sisimiut-Nasaasaaq-hiking-summer-Lasse_Kyed-0792.jpg\",\"width\":1653,\"height\":2066,\"caption\":\"DCIM744MEDIADJI_0613.JPG\"},{\"@type\":\"BreadcrumbList\",\"@id\":\"https:\/\/arcticexcursions.com\/udflugter\/toptur-til-nasaasaaq\/#breadcrumb\",\"itemListElement\":[{\"@type\":\"ListItem\",\"position\":1,\"name\":\"Home\",\"item\":\"https:\/\/arcticexcursions.com\/da\/\"},{\"@type\":\"ListItem\",\"position\":2,\"name\":\"Udflugter i Gr\u00f8nland\",\"item\":\"https:\/\/arcticexcursions.com\/da\/udflugter\/\"},{\"@type\":\"ListItem\",\"position\":3,\"name\":\"Toptur til Nasaasaaq\"}]},{\"@type\":\"WebSite\",\"@id\":\"https:\/\/arcticexcursions.com\/#website\",\"url\":\"https:\/\/arcticexcursions.com\/\",\"name\":\"Arctic Excursions\",\"description\":\"New adventures. Every day.\",\"publisher\":{\"@id\":\"https:\/\/arcticexcursions.com\/#organization\"},\"potentialAction\":[{\"@type\":\"SearchAction\",\"target\":{\"@type\":\"EntryPoint\",\"urlTemplate\":\"https:\/\/arcticexcursions.com\/?s={search_term_string}\"},\"query-input\":{\"@type\":\"PropertyValueSpecification\",\"valueRequired\":true,\"valueName\":\"search_term_string\"}}],\"inLanguage\":\"da-DK\"},{\"@type\":\"Organization\",\"@id\":\"https:\/\/arcticexcursions.com\/#organization\",\"name\":\"Arctic Excursions\",\"url\":\"https:\/\/arcticexcursions.com\/\",\"logo\":{\"@type\":\"ImageObject\",\"inLanguage\":\"da-DK\",\"@id\":\"https:\/\/arcticexcursions.com\/#\/schema\/logo\/image\/\",\"url\":\"https:\/\/arcticexcursions.com\/wp-content\/uploads\/2022\/11\/fb-logo.png\",\"contentUrl\":\"https:\/\/arcticexcursions.com\/wp-content\/uploads\/2022\/11\/fb-logo.png\",\"width\":523,\"height\":523,\"caption\":\"Arctic Excursions\"},\"image\":{\"@id\":\"https:\/\/arcticexcursions.com\/#\/schema\/logo\/image\/\"}}]}<\/script>\n<!-- \/ Yoast SEO plugin. -->","yoast_head_json":{"title":"Arctic Excursions","robots":{"index":"index","follow":"follow","max-snippet":"max-snippet:-1","max-image-preview":"max-image-preview:large","max-video-preview":"max-video-preview:-1"},"canonical":"https:\/\/arcticexcursions.com\/udflugter\/toptur-til-nasaasaaq\/","og_locale":"da_DK","og_type":"article","og_title":"Toptur til Nasaasaaq - Arctic Excursions","og_description":"Toppen af Nasaasaaq, udg\u00f8r et ikonisk vartegn for Sisimiut, med sit navn, der overs\u00e6ttes til \"lille hat\".","og_url":"https:\/\/arcticexcursions.com\/udflugter\/toptur-til-nasaasaaq\/","og_site_name":"Arctic Excursions","article_modified_time":"2025-11-05T15:38:48+00:00","og_image":[{"width":819,"height":1024,"url":"https:\/\/arcticexcursions.com\/wp-content\/uploads\/2024\/05\/Sisimiut-Nasaasaaq-hiking-summer-Lasse_Kyed-0792-819x1024.jpg","type":"image\/jpeg"}],"twitter_card":"summary_large_image","twitter_misc":{"Estimeret l\u00e6setid":"1 minut"},"schema":{"@context":"https:\/\/schema.org","@graph":[{"@type":"WebPage","@id":"https:\/\/arcticexcursions.com\/udflugter\/toptur-til-nasaasaaq\/","url":"https:\/\/arcticexcursions.com\/udflugter\/toptur-til-nasaasaaq\/","name":"Toptur til Nasaasaaq - Arctic Excursions","isPartOf":{"@id":"https:\/\/arcticexcursions.com\/#website"},"primaryImageOfPage":{"@id":"https:\/\/arcticexcursions.com\/udflugter\/toptur-til-nasaasaaq\/#primaryimage"},"image":{"@id":"https:\/\/arcticexcursions.com\/udflugter\/toptur-til-nasaasaaq\/#primaryimage"},"thumbnailUrl":"https:\/\/arcticexcursions.com\/wp-content\/uploads\/2024\/05\/Sisimiut-Nasaasaaq-hiking-summer-Lasse_Kyed-0792.jpg","datePublished":"2024-05-16T16:46:51+00:00","dateModified":"2025-11-05T15:38:48+00:00","breadcrumb":{"@id":"https:\/\/arcticexcursions.com\/udflugter\/toptur-til-nasaasaaq\/#breadcrumb"},"inLanguage":"da-DK","potentialAction":[{"@type":"ReadAction","target":["https:\/\/arcticexcursions.com\/udflugter\/toptur-til-nasaasaaq\/"]}]},{"@type":"ImageObject","inLanguage":"da-DK","@id":"https:\/\/arcticexcursions.com\/udflugter\/toptur-til-nasaasaaq\/#primaryimage","url":"https:\/\/arcticexcursions.com\/wp-content\/uploads\/2024\/05\/Sisimiut-Nasaasaaq-hiking-summer-Lasse_Kyed-0792.jpg","contentUrl":"https:\/\/arcticexcursions.com\/wp-content\/uploads\/2024\/05\/Sisimiut-Nasaasaaq-hiking-summer-Lasse_Kyed-0792.jpg","width":1653,"height":2066,"caption":"DCIM744MEDIADJI_0613.JPG"},{"@type":"BreadcrumbList","@id":"https:\/\/arcticexcursions.com\/udflugter\/toptur-til-nasaasaaq\/#breadcrumb","itemListElement":[{"@type":"ListItem","position":1,"name":"Home","item":"https:\/\/arcticexcursions.com\/da\/"},{"@type":"ListItem","position":2,"name":"Udflugter i Gr\u00f8nland","item":"https:\/\/arcticexcursions.com\/da\/udflugter\/"},{"@type":"ListItem","position":3,"name":"Toptur til Nasaasaaq"}]},{"@type":"WebSite","@id":"https:\/\/arcticexcursions.com\/#website","url":"https:\/\/arcticexcursions.com\/","name":"Arctic Excursions","description":"New adventures. Every day.","publisher":{"@id":"https:\/\/arcticexcursions.com\/#organization"},"potentialAction":[{"@type":"SearchAction","target":{"@type":"EntryPoint","urlTemplate":"https:\/\/arcticexcursions.com\/?s={search_term_string}"},"query-input":{"@type":"PropertyValueSpecification","valueRequired":true,"valueName":"search_term_string"}}],"inLanguage":"da-DK"},{"@type":"Organization","@id":"https:\/\/arcticexcursions.com\/#organization","name":"Arctic Excursions","url":"https:\/\/arcticexcursions.com\/","logo":{"@type":"ImageObject","inLanguage":"da-DK","@id":"https:\/\/arcticexcursions.com\/#\/schema\/logo\/image\/","url":"https:\/\/arcticexcursions.com\/wp-content\/uploads\/2022\/11\/fb-logo.png","contentUrl":"https:\/\/arcticexcursions.com\/wp-content\/uploads\/2022\/11\/fb-logo.png","width":523,"height":523,"caption":"Arctic Excursions"},"image":{"@id":"https:\/\/arcticexcursions.com\/#\/schema\/logo\/image\/"}}]}},"_links":{"self":[{"href":"https:\/\/arcticexcursions.com\/da\/wp-json\/wp\/v2\/product\/37206"}],"collection":[{"href":"https:\/\/arcticexcursions.com\/da\/wp-json\/wp\/v2\/product"}],"about":[{"href":"https:\/\/arcticexcursions.com\/da\/wp-json\/wp\/v2\/types\/product"}],"replies":[{"embeddable":true,"href":"https:\/\/arcticexcursions.com\/da\/wp-json\/wp\/v2\/comments?post=37206"}],"wp:featuredmedia":[{"embeddable":true,"href":"https:\/\/arcticexcursions.com\/da\/wp-json\/wp\/v2\/media\/37204"}],"wp:attachment":[{"href":"https:\/\/arcticexcursions.com\/da\/wp-json\/wp\/v2\/media?parent=37206"}],"wp:term":[{"taxonomy":"product_brand","embeddable":true,"href":"https:\/\/arcticexcursions.com\/da\/wp-json\/wp\/v2\/product_brand?post=37206"},{"taxonomy":"product_cat","embeddable":true,"href":"https:\/\/arcticexcursions.com\/da\/wp-json\/wp\/v2\/product_cat?post=37206"},{"taxonomy":"product_tag","embeddable":true,"href":"https:\/\/arcticexcursions.com\/da\/wp-json\/wp\/v2\/product_tag?post=37206"}],"curies":[{"name":"wp","href":"https:\/\/api.w.org\/{rel}","templated":true}]}}