{"id":38037,"date":"2024-06-12T14:07:54","date_gmt":"2024-06-12T12:07:54","guid":{"rendered":"https:\/\/arcticexcursions.com\/?post_type=product&#038;p=38037"},"modified":"2024-08-29T16:04:23","modified_gmt":"2024-08-29T14:04:23","slug":"mystical-monsters-of-greenland","status":"publish","type":"product","link":"https:\/\/arcticexcursions.com\/da\/udflugter\/mystical-monsters-of-greenland\/","title":{"rendered":"Gr\u00f8nlands mystiske monstre"},"content":{"rendered":"<p>Kom og v\u00e6r med p\u00e5 Hotel Nordbo for at blive indhyllet af hygge og uhygge!<\/p>\n<p>Monsterj\u00e6geren Maria Kreutzmann vil bringe de skr\u00e6mmende mystiske gr\u00f8nlandske monstre og de episke gr\u00f8nlandske sagaer til live.<\/p>\n<p>Det er den perfekte m\u00e5de at l\u00e6re en masse om den gr\u00f8nlandske livsstil, vores kultur og vores historie!<\/p>\n<p>Kaffe eller te vil v\u00e6re inkluderet, og du vil kunne k\u00f8be lidt gr\u00f8nlandsk kage, som du kan nyde, mens du gyser af historierne.<\/p>\n<p><b>Varighed:<\/b> Halvanden time <\/p>\n<p><b>Deltagere:<\/b> Bem\u00e6rk venligst, at udflugten kun gennemf\u00f8res, hvis der er mindst 2 bookede billetter i alt. Hvis du for eksempel booker 1 billet, skal der s\u00e6lges mindst 1 yderligere billet til en anden kunde, f\u00f8r turen kan finde sted. Der vil deltage maksimalt 40 personer. Vi giver besked senest 24 timer f\u00f8r afgang i tilf\u00e6lde af aflysning grundet for f\u00e5 deltagere.<\/p>\n","protected":false},"excerpt":{"rendered":"<p>Har du lyst til at opleve den gr\u00f8nlandske kultur gennem fort\u00e6llinger om monstre og sagaer?<\/p>\n","protected":false},"featured_media":38033,"comment_status":"open","ping_status":"closed","template":"","meta":{"_acf_changed":false},"product_brand":[],"product_cat":[101,170],"product_tag":[],"class_list":{"0":"post-38037","1":"product","2":"type-product","3":"status-publish","4":"has-post-thumbnail","6":"product_cat-tour","7":"product_cat-udflugt","8":"pa_dato-1030","9":"pa_dato-967","10":"pa_dato-999","11":"pa_dato-1004","12":"pa_dato-1011","13":"pa_dato-965","14":"pa_dato-1018","15":"pa_dato-1020","16":"pa_dato-1021","17":"pa_dato-1022","18":"pa_dato-1049","19":"pa_dato-1050","20":"pa_tidspunkt-304","21":"pa_tidspunkt-314","22":"pa_tidspunkt-61","23":"tour_location-nuuk-da","24":"tour_type-kultur","25":"tour_tickettype-arctic_excursions","26":"tour_operator-hotel-nordbo","28":"first","29":"outofstock","30":"shipping-taxable","31":"product-type-variable"},"acf":[],"yoast_head":"<!-- This site is optimized with the Yoast SEO plugin v23.6 - https:\/\/yoast.com\/wordpress\/plugins\/seo\/ -->\n<title>Arctic Excursions<\/title>\n<meta name=\"robots\" content=\"index, follow, max-snippet:-1, max-image-preview:large, max-video-preview:-1\" \/>\n<link rel=\"canonical\" href=\"https:\/\/arcticexcursions.com\/udflugter\/mystical-monsters-of-greenland\/\" \/>\n<meta property=\"og:locale\" content=\"da_DK\" \/>\n<meta property=\"og:type\" content=\"article\" \/>\n<meta property=\"og:title\" content=\"Gr\u00f8nlands mystiske monstre - Arctic Excursions\" \/>\n<meta property=\"og:description\" content=\"Har du lyst til at opleve den gr\u00f8nlandske kultur gennem fort\u00e6llinger om monstre og sagaer?\" \/>\n<meta property=\"og:url\" content=\"https:\/\/arcticexcursions.com\/udflugter\/mystical-monsters-of-greenland\/\" \/>\n<meta property=\"og:site_name\" content=\"Arctic Excursions\" \/>\n<meta property=\"article:modified_time\" content=\"2024-08-29T14:04:23+00:00\" \/>\n<meta property=\"og:image\" content=\"https:\/\/arcticexcursions.com\/wp-content\/uploads\/2024\/06\/155901933_2954909521434082_3845004324967965944_n.jpg\" \/>\n\t<meta property=\"og:image:width\" content=\"1080\" \/>\n\t<meta property=\"og:image:height\" content=\"1080\" \/>\n\t<meta property=\"og:image:type\" content=\"image\/jpeg\" \/>\n<meta name=\"twitter:card\" content=\"summary_large_image\" \/>\n<meta name=\"twitter:label1\" content=\"Estimeret l\u00e6setid\" \/>\n\t<meta name=\"twitter:data1\" content=\"1 minut\" \/>\n<script type=\"application\/ld+json\" class=\"yoast-schema-graph\">{\"@context\":\"https:\/\/schema.org\",\"@graph\":[{\"@type\":\"WebPage\",\"@id\":\"https:\/\/arcticexcursions.com\/udflugter\/mystical-monsters-of-greenland\/\",\"url\":\"https:\/\/arcticexcursions.com\/udflugter\/mystical-monsters-of-greenland\/\",\"name\":\"Gr\u00f8nlands mystiske monstre - Arctic Excursions\",\"isPartOf\":{\"@id\":\"https:\/\/arcticexcursions.com\/#website\"},\"primaryImageOfPage\":{\"@id\":\"https:\/\/arcticexcursions.com\/udflugter\/mystical-monsters-of-greenland\/#primaryimage\"},\"image\":{\"@id\":\"https:\/\/arcticexcursions.com\/udflugter\/mystical-monsters-of-greenland\/#primaryimage\"},\"thumbnailUrl\":\"https:\/\/arcticexcursions.com\/wp-content\/uploads\/2024\/06\/155901933_2954909521434082_3845004324967965944_n.jpg\",\"datePublished\":\"2024-06-12T12:07:54+00:00\",\"dateModified\":\"2024-08-29T14:04:23+00:00\",\"breadcrumb\":{\"@id\":\"https:\/\/arcticexcursions.com\/udflugter\/mystical-monsters-of-greenland\/#breadcrumb\"},\"inLanguage\":\"da-DK\",\"potentialAction\":[{\"@type\":\"ReadAction\",\"target\":[\"https:\/\/arcticexcursions.com\/udflugter\/mystical-monsters-of-greenland\/\"]}]},{\"@type\":\"ImageObject\",\"inLanguage\":\"da-DK\",\"@id\":\"https:\/\/arcticexcursions.com\/udflugter\/mystical-monsters-of-greenland\/#primaryimage\",\"url\":\"https:\/\/arcticexcursions.com\/wp-content\/uploads\/2024\/06\/155901933_2954909521434082_3845004324967965944_n.jpg\",\"contentUrl\":\"https:\/\/arcticexcursions.com\/wp-content\/uploads\/2024\/06\/155901933_2954909521434082_3845004324967965944_n.jpg\",\"width\":1080,\"height\":1080},{\"@type\":\"BreadcrumbList\",\"@id\":\"https:\/\/arcticexcursions.com\/udflugter\/mystical-monsters-of-greenland\/#breadcrumb\",\"itemListElement\":[{\"@type\":\"ListItem\",\"position\":1,\"name\":\"Home\",\"item\":\"https:\/\/arcticexcursions.com\/da\/\"},{\"@type\":\"ListItem\",\"position\":2,\"name\":\"Udflugter i Gr\u00f8nland\",\"item\":\"https:\/\/arcticexcursions.com\/da\/udflugter\/\"},{\"@type\":\"ListItem\",\"position\":3,\"name\":\"Gr\u00f8nlands mystiske monstre\"}]},{\"@type\":\"WebSite\",\"@id\":\"https:\/\/arcticexcursions.com\/#website\",\"url\":\"https:\/\/arcticexcursions.com\/\",\"name\":\"Arctic Excursions\",\"description\":\"New adventures. Every day.\",\"publisher\":{\"@id\":\"https:\/\/arcticexcursions.com\/#organization\"},\"potentialAction\":[{\"@type\":\"SearchAction\",\"target\":{\"@type\":\"EntryPoint\",\"urlTemplate\":\"https:\/\/arcticexcursions.com\/?s={search_term_string}\"},\"query-input\":{\"@type\":\"PropertyValueSpecification\",\"valueRequired\":true,\"valueName\":\"search_term_string\"}}],\"inLanguage\":\"da-DK\"},{\"@type\":\"Organization\",\"@id\":\"https:\/\/arcticexcursions.com\/#organization\",\"name\":\"Arctic Excursions\",\"url\":\"https:\/\/arcticexcursions.com\/\",\"logo\":{\"@type\":\"ImageObject\",\"inLanguage\":\"da-DK\",\"@id\":\"https:\/\/arcticexcursions.com\/#\/schema\/logo\/image\/\",\"url\":\"https:\/\/arcticexcursions.com\/wp-content\/uploads\/2022\/11\/fb-logo.png\",\"contentUrl\":\"https:\/\/arcticexcursions.com\/wp-content\/uploads\/2022\/11\/fb-logo.png\",\"width\":523,\"height\":523,\"caption\":\"Arctic Excursions\"},\"image\":{\"@id\":\"https:\/\/arcticexcursions.com\/#\/schema\/logo\/image\/\"}}]}<\/script>\n<!-- \/ Yoast SEO plugin. -->","yoast_head_json":{"title":"Arctic Excursions","robots":{"index":"index","follow":"follow","max-snippet":"max-snippet:-1","max-image-preview":"max-image-preview:large","max-video-preview":"max-video-preview:-1"},"canonical":"https:\/\/arcticexcursions.com\/udflugter\/mystical-monsters-of-greenland\/","og_locale":"da_DK","og_type":"article","og_title":"Gr\u00f8nlands mystiske monstre - Arctic Excursions","og_description":"Har du lyst til at opleve den gr\u00f8nlandske kultur gennem fort\u00e6llinger om monstre og sagaer?","og_url":"https:\/\/arcticexcursions.com\/udflugter\/mystical-monsters-of-greenland\/","og_site_name":"Arctic Excursions","article_modified_time":"2024-08-29T14:04:23+00:00","og_image":[{"width":1080,"height":1080,"url":"https:\/\/arcticexcursions.com\/wp-content\/uploads\/2024\/06\/155901933_2954909521434082_3845004324967965944_n.jpg","type":"image\/jpeg"}],"twitter_card":"summary_large_image","twitter_misc":{"Estimeret l\u00e6setid":"1 minut"},"schema":{"@context":"https:\/\/schema.org","@graph":[{"@type":"WebPage","@id":"https:\/\/arcticexcursions.com\/udflugter\/mystical-monsters-of-greenland\/","url":"https:\/\/arcticexcursions.com\/udflugter\/mystical-monsters-of-greenland\/","name":"Gr\u00f8nlands mystiske monstre - Arctic Excursions","isPartOf":{"@id":"https:\/\/arcticexcursions.com\/#website"},"primaryImageOfPage":{"@id":"https:\/\/arcticexcursions.com\/udflugter\/mystical-monsters-of-greenland\/#primaryimage"},"image":{"@id":"https:\/\/arcticexcursions.com\/udflugter\/mystical-monsters-of-greenland\/#primaryimage"},"thumbnailUrl":"https:\/\/arcticexcursions.com\/wp-content\/uploads\/2024\/06\/155901933_2954909521434082_3845004324967965944_n.jpg","datePublished":"2024-06-12T12:07:54+00:00","dateModified":"2024-08-29T14:04:23+00:00","breadcrumb":{"@id":"https:\/\/arcticexcursions.com\/udflugter\/mystical-monsters-of-greenland\/#breadcrumb"},"inLanguage":"da-DK","potentialAction":[{"@type":"ReadAction","target":["https:\/\/arcticexcursions.com\/udflugter\/mystical-monsters-of-greenland\/"]}]},{"@type":"ImageObject","inLanguage":"da-DK","@id":"https:\/\/arcticexcursions.com\/udflugter\/mystical-monsters-of-greenland\/#primaryimage","url":"https:\/\/arcticexcursions.com\/wp-content\/uploads\/2024\/06\/155901933_2954909521434082_3845004324967965944_n.jpg","contentUrl":"https:\/\/arcticexcursions.com\/wp-content\/uploads\/2024\/06\/155901933_2954909521434082_3845004324967965944_n.jpg","width":1080,"height":1080},{"@type":"BreadcrumbList","@id":"https:\/\/arcticexcursions.com\/udflugter\/mystical-monsters-of-greenland\/#breadcrumb","itemListElement":[{"@type":"ListItem","position":1,"name":"Home","item":"https:\/\/arcticexcursions.com\/da\/"},{"@type":"ListItem","position":2,"name":"Udflugter i Gr\u00f8nland","item":"https:\/\/arcticexcursions.com\/da\/udflugter\/"},{"@type":"ListItem","position":3,"name":"Gr\u00f8nlands mystiske monstre"}]},{"@type":"WebSite","@id":"https:\/\/arcticexcursions.com\/#website","url":"https:\/\/arcticexcursions.com\/","name":"Arctic Excursions","description":"New adventures. Every day.","publisher":{"@id":"https:\/\/arcticexcursions.com\/#organization"},"potentialAction":[{"@type":"SearchAction","target":{"@type":"EntryPoint","urlTemplate":"https:\/\/arcticexcursions.com\/?s={search_term_string}"},"query-input":{"@type":"PropertyValueSpecification","valueRequired":true,"valueName":"search_term_string"}}],"inLanguage":"da-DK"},{"@type":"Organization","@id":"https:\/\/arcticexcursions.com\/#organization","name":"Arctic Excursions","url":"https:\/\/arcticexcursions.com\/","logo":{"@type":"ImageObject","inLanguage":"da-DK","@id":"https:\/\/arcticexcursions.com\/#\/schema\/logo\/image\/","url":"https:\/\/arcticexcursions.com\/wp-content\/uploads\/2022\/11\/fb-logo.png","contentUrl":"https:\/\/arcticexcursions.com\/wp-content\/uploads\/2022\/11\/fb-logo.png","width":523,"height":523,"caption":"Arctic Excursions"},"image":{"@id":"https:\/\/arcticexcursions.com\/#\/schema\/logo\/image\/"}}]}},"_links":{"self":[{"href":"https:\/\/arcticexcursions.com\/da\/wp-json\/wp\/v2\/product\/38037"}],"collection":[{"href":"https:\/\/arcticexcursions.com\/da\/wp-json\/wp\/v2\/product"}],"about":[{"href":"https:\/\/arcticexcursions.com\/da\/wp-json\/wp\/v2\/types\/product"}],"replies":[{"embeddable":true,"href":"https:\/\/arcticexcursions.com\/da\/wp-json\/wp\/v2\/comments?post=38037"}],"wp:featuredmedia":[{"embeddable":true,"href":"https:\/\/arcticexcursions.com\/da\/wp-json\/wp\/v2\/media\/38033"}],"wp:attachment":[{"href":"https:\/\/arcticexcursions.com\/da\/wp-json\/wp\/v2\/media?parent=38037"}],"wp:term":[{"taxonomy":"product_brand","embeddable":true,"href":"https:\/\/arcticexcursions.com\/da\/wp-json\/wp\/v2\/product_brand?post=38037"},{"taxonomy":"product_cat","embeddable":true,"href":"https:\/\/arcticexcursions.com\/da\/wp-json\/wp\/v2\/product_cat?post=38037"},{"taxonomy":"product_tag","embeddable":true,"href":"https:\/\/arcticexcursions.com\/da\/wp-json\/wp\/v2\/product_tag?post=38037"}],"curies":[{"name":"wp","href":"https:\/\/api.w.org\/{rel}","templated":true}]}}