{"id":38136,"date":"2024-06-14T16:31:54","date_gmt":"2024-06-14T14:31:54","guid":{"rendered":"https:\/\/arcticexcursions.com\/?post_type=product&#038;p=38136"},"modified":"2026-01-12T16:35:26","modified_gmt":"2026-01-12T14:35:26","slug":"boat-excursions-to-see-the-greenlandic-dog","status":"publish","type":"product","link":"https:\/\/arcticexcursions.com\/da\/udflugter\/boat-excursions-to-see-the-greenlandic-dog\/","title":{"rendered":"B\u00e5dudflugt for at se den gr\u00f8nlandske hund"},"content":{"rendered":"<p>Denne b\u00e5dudflugt til en lille \u00f8 for at m\u00f8de den gr\u00f8nlandske hund er en smuk, fredelig og eventyrlig oplevelse.<br \/>\nEventyret begynder i havnen, hvor b\u00e5den venter.<br \/>\nTuren varer ca. 20 minutter, og langs ruten kan man se kystlinjen, sm\u00e5 \u00f8er og m\u00e5ske endda s\u00e6ler eller hvaler i det fjerne.<br \/>\nN\u00e5r du ankommer til den lille \u00f8, vil du blive m\u00f8dt af en stor f\u00f8lelse af fred og ro.<br \/>\n\u00d8en er d\u00e6kket af frodigt l\u00f8v, klipper og vilde blomster, og man kan straks fornemme den friske, klare luft. Stier f\u00f8rer rundt p\u00e5 \u00f8en, s\u00e5 du kan udforske det fantastiske terr\u00e6n, som b\u00e5de omfatter udsigtspunkter og skjulte perler.<br \/>\nDet st\u00f8rste tr\u00e6kplaster er dog m\u00f8det med de gr\u00f8nlandske hunde. En lokal guide vil forklare hundenes historie, deres betydning for de gr\u00f8nlandske j\u00e6gere og deres rolle i den traditionelle transport og jagt.<br \/>\nGr\u00f8nlandske hunde er kendt for deres styrke, udholdenhed og tilpasningsevne til det barske arktiske milj\u00f8.<br \/>\nBes\u00f8get giver mulighed for at komme helt t\u00e6t p\u00e5 hundene, se dem blive passet og m\u00e5ske v\u00e6re vidne til en kort demonstration af deres tr\u00e6kkraft og samarbejde.<br \/>\nEn b\u00e5dudflugt til denne lille \u00f8 med gr\u00f8nlandske hunde er en bem\u00e6rkelsesv\u00e6rdig oplevelse, hvor natur, kultur og historie g\u00e5r op i en h\u00f8jere enhed.<\/p>\n<p><b>Varighed:<\/b> 2<\/p>\n<p><b>Deltagere<\/b> Bem\u00e6rk venligst, at udflugten kun finder sted, hvis der bestilles mindst 4 billetter i alt. Hvis du f.eks. bestiller 2 billetter, skal der s\u00e6lges mindst 2 ekstra billetter til andre kunder, for at turen kan gennemf\u00f8res. Der kan maksimalt deltage 8 personer.<\/p>\n<p><b>Sprog:<\/b> Guiden taler dansk, engelsk og gr\u00f8nlandsk<\/p>\n<p><b>Praktisk info:<\/b> Anbefales ikke til personer med sv\u00e6re rygproblemer<\/p>\n<p><b>Forplejning:<\/b> Kaffe og te serveres<\/p>\n<p><b>Anbefalet p\u00e5kl\u00e6dning:<\/b> Praktiske sko og varmt t\u00f8j, inkl. hue og handsker<\/p>\n","protected":false},"excerpt":{"rendered":"<p>Oplev en b\u00e5dudflugt, hvor vi m\u00f8der den gr\u00f8nlandske hund. <\/p>\n","protected":false},"featured_media":38128,"comment_status":"open","ping_status":"closed","template":"","meta":{"_acf_changed":false},"product_brand":[],"product_cat":[101,170],"product_tag":[],"class_list":{"0":"post-38136","1":"product","2":"type-product","3":"status-publish","4":"has-post-thumbnail","6":"product_cat-tour","7":"product_cat-udflugt","8":"pa_dato-1029","9":"pa_dato-1030","10":"pa_dato-1042","11":"pa_dato-1135","12":"pa_dato-1185","13":"pa_dato-1186","14":"pa_dato-5927","15":"pa_dato-6038","16":"pa_dato-6039","17":"pa_dato-6040","18":"pa_dato-6029","19":"pa_dato-5917","20":"pa_dato-6041","21":"pa_dato-5919","22":"pa_dato-1373","23":"pa_dato-5922","24":"pa_dato-5881","25":"pa_dato-5923","26":"pa_dato-5921","27":"pa_dato-6042","28":"pa_dato-5891","29":"pa_dato-6043","30":"pa_dato-5890","31":"pa_dato-5916","32":"pa_dato-5882","33":"pa_dato-5925","34":"pa_dato-6062","35":"pa_dato-5930","36":"pa_dato-6002","37":"pa_dato-6455","38":"pa_tidspunkt-40","39":"pa_tidspunkt-61","40":"pa_tidspunkt-426","41":"tour_location-sisimiut-da","42":"tour_type-baadture","43":"tour_tickettype-arctic_excursions","44":"tour_operator-qingalik-cruise","46":"first","47":"instock","48":"shipping-taxable","49":"purchasable","50":"product-type-variable"},"acf":[],"yoast_head":"<!-- This site is optimized with the Yoast SEO plugin v23.6 - https:\/\/yoast.com\/wordpress\/plugins\/seo\/ -->\n<title>Arctic Excursions<\/title>\n<meta name=\"robots\" content=\"index, follow, max-snippet:-1, max-image-preview:large, max-video-preview:-1\" \/>\n<link rel=\"canonical\" href=\"https:\/\/arcticexcursions.com\/udflugter\/boat-excursions-to-see-the-greenlandic-dog\/\" \/>\n<meta property=\"og:locale\" content=\"da_DK\" \/>\n<meta property=\"og:type\" content=\"article\" \/>\n<meta property=\"og:title\" content=\"B\u00e5dudflugt for at se den gr\u00f8nlandske hund - Arctic Excursions\" \/>\n<meta property=\"og:description\" content=\"Oplev en b\u00e5dudflugt, hvor vi m\u00f8der den gr\u00f8nlandske hund.\" \/>\n<meta property=\"og:url\" content=\"https:\/\/arcticexcursions.com\/udflugter\/boat-excursions-to-see-the-greenlandic-dog\/\" \/>\n<meta property=\"og:site_name\" content=\"Arctic Excursions\" \/>\n<meta property=\"article:modified_time\" content=\"2026-01-12T14:35:26+00:00\" \/>\n<meta property=\"og:image\" content=\"https:\/\/arcticexcursions.com\/wp-content\/uploads\/2024\/06\/Qingalik-56.jpg\" \/>\n\t<meta property=\"og:image:width\" content=\"1536\" \/>\n\t<meta property=\"og:image:height\" content=\"2048\" \/>\n\t<meta property=\"og:image:type\" content=\"image\/jpeg\" \/>\n<meta name=\"twitter:card\" content=\"summary_large_image\" \/>\n<meta name=\"twitter:label1\" content=\"Estimeret l\u00e6setid\" \/>\n\t<meta name=\"twitter:data1\" content=\"2 minutter\" \/>\n<script type=\"application\/ld+json\" class=\"yoast-schema-graph\">{\"@context\":\"https:\/\/schema.org\",\"@graph\":[{\"@type\":\"WebPage\",\"@id\":\"https:\/\/arcticexcursions.com\/udflugter\/boat-excursions-to-see-the-greenlandic-dog\/\",\"url\":\"https:\/\/arcticexcursions.com\/udflugter\/boat-excursions-to-see-the-greenlandic-dog\/\",\"name\":\"B\u00e5dudflugt for at se den gr\u00f8nlandske hund - Arctic Excursions\",\"isPartOf\":{\"@id\":\"https:\/\/arcticexcursions.com\/#website\"},\"primaryImageOfPage\":{\"@id\":\"https:\/\/arcticexcursions.com\/udflugter\/boat-excursions-to-see-the-greenlandic-dog\/#primaryimage\"},\"image\":{\"@id\":\"https:\/\/arcticexcursions.com\/udflugter\/boat-excursions-to-see-the-greenlandic-dog\/#primaryimage\"},\"thumbnailUrl\":\"https:\/\/arcticexcursions.com\/wp-content\/uploads\/2024\/06\/Qingalik-56.jpg\",\"datePublished\":\"2024-06-14T14:31:54+00:00\",\"dateModified\":\"2026-01-12T14:35:26+00:00\",\"breadcrumb\":{\"@id\":\"https:\/\/arcticexcursions.com\/udflugter\/boat-excursions-to-see-the-greenlandic-dog\/#breadcrumb\"},\"inLanguage\":\"da-DK\",\"potentialAction\":[{\"@type\":\"ReadAction\",\"target\":[\"https:\/\/arcticexcursions.com\/udflugter\/boat-excursions-to-see-the-greenlandic-dog\/\"]}]},{\"@type\":\"ImageObject\",\"inLanguage\":\"da-DK\",\"@id\":\"https:\/\/arcticexcursions.com\/udflugter\/boat-excursions-to-see-the-greenlandic-dog\/#primaryimage\",\"url\":\"https:\/\/arcticexcursions.com\/wp-content\/uploads\/2024\/06\/Qingalik-56.jpg\",\"contentUrl\":\"https:\/\/arcticexcursions.com\/wp-content\/uploads\/2024\/06\/Qingalik-56.jpg\",\"width\":1536,\"height\":2048},{\"@type\":\"BreadcrumbList\",\"@id\":\"https:\/\/arcticexcursions.com\/udflugter\/boat-excursions-to-see-the-greenlandic-dog\/#breadcrumb\",\"itemListElement\":[{\"@type\":\"ListItem\",\"position\":1,\"name\":\"Home\",\"item\":\"https:\/\/arcticexcursions.com\/da\/\"},{\"@type\":\"ListItem\",\"position\":2,\"name\":\"Udflugter i Gr\u00f8nland\",\"item\":\"https:\/\/arcticexcursions.com\/da\/udflugter\/\"},{\"@type\":\"ListItem\",\"position\":3,\"name\":\"B\u00e5dudflugt for at se den gr\u00f8nlandske hund\"}]},{\"@type\":\"WebSite\",\"@id\":\"https:\/\/arcticexcursions.com\/#website\",\"url\":\"https:\/\/arcticexcursions.com\/\",\"name\":\"Arctic Excursions\",\"description\":\"New adventures. Every day.\",\"publisher\":{\"@id\":\"https:\/\/arcticexcursions.com\/#organization\"},\"potentialAction\":[{\"@type\":\"SearchAction\",\"target\":{\"@type\":\"EntryPoint\",\"urlTemplate\":\"https:\/\/arcticexcursions.com\/?s={search_term_string}\"},\"query-input\":{\"@type\":\"PropertyValueSpecification\",\"valueRequired\":true,\"valueName\":\"search_term_string\"}}],\"inLanguage\":\"da-DK\"},{\"@type\":\"Organization\",\"@id\":\"https:\/\/arcticexcursions.com\/#organization\",\"name\":\"Arctic Excursions\",\"url\":\"https:\/\/arcticexcursions.com\/\",\"logo\":{\"@type\":\"ImageObject\",\"inLanguage\":\"da-DK\",\"@id\":\"https:\/\/arcticexcursions.com\/#\/schema\/logo\/image\/\",\"url\":\"https:\/\/arcticexcursions.com\/wp-content\/uploads\/2022\/11\/fb-logo.png\",\"contentUrl\":\"https:\/\/arcticexcursions.com\/wp-content\/uploads\/2022\/11\/fb-logo.png\",\"width\":523,\"height\":523,\"caption\":\"Arctic Excursions\"},\"image\":{\"@id\":\"https:\/\/arcticexcursions.com\/#\/schema\/logo\/image\/\"}}]}<\/script>\n<!-- \/ Yoast SEO plugin. -->","yoast_head_json":{"title":"Arctic Excursions","robots":{"index":"index","follow":"follow","max-snippet":"max-snippet:-1","max-image-preview":"max-image-preview:large","max-video-preview":"max-video-preview:-1"},"canonical":"https:\/\/arcticexcursions.com\/udflugter\/boat-excursions-to-see-the-greenlandic-dog\/","og_locale":"da_DK","og_type":"article","og_title":"B\u00e5dudflugt for at se den gr\u00f8nlandske hund - Arctic Excursions","og_description":"Oplev en b\u00e5dudflugt, hvor vi m\u00f8der den gr\u00f8nlandske hund.","og_url":"https:\/\/arcticexcursions.com\/udflugter\/boat-excursions-to-see-the-greenlandic-dog\/","og_site_name":"Arctic Excursions","article_modified_time":"2026-01-12T14:35:26+00:00","og_image":[{"width":1536,"height":2048,"url":"https:\/\/arcticexcursions.com\/wp-content\/uploads\/2024\/06\/Qingalik-56.jpg","type":"image\/jpeg"}],"twitter_card":"summary_large_image","twitter_misc":{"Estimeret l\u00e6setid":"2 minutter"},"schema":{"@context":"https:\/\/schema.org","@graph":[{"@type":"WebPage","@id":"https:\/\/arcticexcursions.com\/udflugter\/boat-excursions-to-see-the-greenlandic-dog\/","url":"https:\/\/arcticexcursions.com\/udflugter\/boat-excursions-to-see-the-greenlandic-dog\/","name":"B\u00e5dudflugt for at se den gr\u00f8nlandske hund - Arctic Excursions","isPartOf":{"@id":"https:\/\/arcticexcursions.com\/#website"},"primaryImageOfPage":{"@id":"https:\/\/arcticexcursions.com\/udflugter\/boat-excursions-to-see-the-greenlandic-dog\/#primaryimage"},"image":{"@id":"https:\/\/arcticexcursions.com\/udflugter\/boat-excursions-to-see-the-greenlandic-dog\/#primaryimage"},"thumbnailUrl":"https:\/\/arcticexcursions.com\/wp-content\/uploads\/2024\/06\/Qingalik-56.jpg","datePublished":"2024-06-14T14:31:54+00:00","dateModified":"2026-01-12T14:35:26+00:00","breadcrumb":{"@id":"https:\/\/arcticexcursions.com\/udflugter\/boat-excursions-to-see-the-greenlandic-dog\/#breadcrumb"},"inLanguage":"da-DK","potentialAction":[{"@type":"ReadAction","target":["https:\/\/arcticexcursions.com\/udflugter\/boat-excursions-to-see-the-greenlandic-dog\/"]}]},{"@type":"ImageObject","inLanguage":"da-DK","@id":"https:\/\/arcticexcursions.com\/udflugter\/boat-excursions-to-see-the-greenlandic-dog\/#primaryimage","url":"https:\/\/arcticexcursions.com\/wp-content\/uploads\/2024\/06\/Qingalik-56.jpg","contentUrl":"https:\/\/arcticexcursions.com\/wp-content\/uploads\/2024\/06\/Qingalik-56.jpg","width":1536,"height":2048},{"@type":"BreadcrumbList","@id":"https:\/\/arcticexcursions.com\/udflugter\/boat-excursions-to-see-the-greenlandic-dog\/#breadcrumb","itemListElement":[{"@type":"ListItem","position":1,"name":"Home","item":"https:\/\/arcticexcursions.com\/da\/"},{"@type":"ListItem","position":2,"name":"Udflugter i Gr\u00f8nland","item":"https:\/\/arcticexcursions.com\/da\/udflugter\/"},{"@type":"ListItem","position":3,"name":"B\u00e5dudflugt for at se den gr\u00f8nlandske hund"}]},{"@type":"WebSite","@id":"https:\/\/arcticexcursions.com\/#website","url":"https:\/\/arcticexcursions.com\/","name":"Arctic Excursions","description":"New adventures. Every day.","publisher":{"@id":"https:\/\/arcticexcursions.com\/#organization"},"potentialAction":[{"@type":"SearchAction","target":{"@type":"EntryPoint","urlTemplate":"https:\/\/arcticexcursions.com\/?s={search_term_string}"},"query-input":{"@type":"PropertyValueSpecification","valueRequired":true,"valueName":"search_term_string"}}],"inLanguage":"da-DK"},{"@type":"Organization","@id":"https:\/\/arcticexcursions.com\/#organization","name":"Arctic Excursions","url":"https:\/\/arcticexcursions.com\/","logo":{"@type":"ImageObject","inLanguage":"da-DK","@id":"https:\/\/arcticexcursions.com\/#\/schema\/logo\/image\/","url":"https:\/\/arcticexcursions.com\/wp-content\/uploads\/2022\/11\/fb-logo.png","contentUrl":"https:\/\/arcticexcursions.com\/wp-content\/uploads\/2022\/11\/fb-logo.png","width":523,"height":523,"caption":"Arctic Excursions"},"image":{"@id":"https:\/\/arcticexcursions.com\/#\/schema\/logo\/image\/"}}]}},"_links":{"self":[{"href":"https:\/\/arcticexcursions.com\/da\/wp-json\/wp\/v2\/product\/38136"}],"collection":[{"href":"https:\/\/arcticexcursions.com\/da\/wp-json\/wp\/v2\/product"}],"about":[{"href":"https:\/\/arcticexcursions.com\/da\/wp-json\/wp\/v2\/types\/product"}],"replies":[{"embeddable":true,"href":"https:\/\/arcticexcursions.com\/da\/wp-json\/wp\/v2\/comments?post=38136"}],"wp:featuredmedia":[{"embeddable":true,"href":"https:\/\/arcticexcursions.com\/da\/wp-json\/wp\/v2\/media\/38128"}],"wp:attachment":[{"href":"https:\/\/arcticexcursions.com\/da\/wp-json\/wp\/v2\/media?parent=38136"}],"wp:term":[{"taxonomy":"product_brand","embeddable":true,"href":"https:\/\/arcticexcursions.com\/da\/wp-json\/wp\/v2\/product_brand?post=38136"},{"taxonomy":"product_cat","embeddable":true,"href":"https:\/\/arcticexcursions.com\/da\/wp-json\/wp\/v2\/product_cat?post=38136"},{"taxonomy":"product_tag","embeddable":true,"href":"https:\/\/arcticexcursions.com\/da\/wp-json\/wp\/v2\/product_tag?post=38136"}],"curies":[{"name":"wp","href":"https:\/\/api.w.org\/{rel}","templated":true}]}}