{"id":38292,"date":"2024-06-26T17:52:27","date_gmt":"2024-06-26T15:52:27","guid":{"rendered":"https:\/\/arcticexcursions.com\/?post_type=product&#038;p=38292"},"modified":"2025-11-03T19:32:38","modified_gmt":"2025-11-03T17:32:38","slug":"kaffimik-i-ilulissat","status":"publish","type":"product","link":"https:\/\/arcticexcursions.com\/da\/udflugter\/kaffimik-i-ilulissat\/","title":{"rendered":"Kaffemik i Ilulissat"},"content":{"rendered":"<p>Oplev den \u00e6gte gr\u00f8nlandske g\u00e6stfrihed med en traditionel kaffemik. <\/p>\n<p>Denne hyggelige samling er en fantastisk m\u00e5de at l\u00e6re om den lokale kultur, mens du nyder l\u00e6kre, gr\u00f8nlandske delikatesser. <\/p>\n<p>Vores kaffemik varer 1 time og 30 minutter og finder sted i et traditionelt gr\u00f8nlandsk hjem.<\/p>\n<p>Vi m\u00f8des ved det aftalte m\u00f8dested, et traditionelt gr\u00f8nlandsk hjem i Ilulissat. <\/p>\n<p>Her vil din v\u00e6rt byde dig varmt velkommen og introducere dig til begrebet kaffemik, som er en vigtig del af den gr\u00f8nlandske kultur. <\/p>\n<p>Du vil l\u00e6re om kaffemik-traditionens oprindelse og dens betydning for de lokale.<\/p>\n<p>Mens du nyder din kaffe og kage, vil v\u00e6rten fort\u00e6lle mere om gr\u00f8nlandsk kultur og traditioner. <\/p>\n<p>Du vil h\u00f8re om de unikke skikke og ritualer, der pr\u00e6ger det gr\u00f8nlandske samfund, og l\u00e6re om hverdagen i Ilulissat. <\/p>\n<p>Dette segment inkluderer ofte personlige historier, som giver et autentisk indblik i livet i denne arktiske region.<\/p>\n<p>Efter en hyggelig og l\u00e6rerig tid er det tid til at afslutte kaffemik. <\/p>\n<p>V\u00e6rten vil takke dig for dit bes\u00f8g og give nogle sidste anbefalinger til, hvad du kan opleve i Ilulissat. <\/p>\n<p>Du er nu fri til at udforske mere af byen eller m\u00e5ske tage en afslappet g\u00e5tur langs den smukke Isfjord.<\/p>\n<p><b>Varighed:<\/b> 1 time &#038; 30 min. <\/p>\n<p><b>Deltagere:<\/b> Bem\u00e6rk venligst, at udflugten kun finder sted, hvis der er bestilt mindst 6 billetter i alt. Hvis du f.eks. bestiller 4 billetter, skal der s\u00e6lges mindst 2 ekstra billetter, for at turen kan gennemf\u00f8res. H\u00f8jst 12 personer kan deltage.\t<\/p>\n<p><b>Sprog:<\/b> V\u00e6rten taler dansk, engelsk og gr\u00f8nlandsk<\/p>\n<p><b>Forplejning:<\/b> Kaffe, te og kage serveres<\/p>\n","protected":false},"excerpt":{"rendered":"<p>Velkommen til &#8220;kaffemik&#8221; i Ilulissat!<\/p>\n","protected":false},"featured_media":38253,"comment_status":"open","ping_status":"closed","template":"","meta":{"_acf_changed":false},"product_brand":[],"product_cat":[170],"product_tag":[],"class_list":{"0":"post-38292","1":"product","2":"type-product","3":"status-publish","4":"has-post-thumbnail","6":"product_cat-udflugt","7":"pa_dato-1042","8":"pa_dato-1043","9":"pa_dato-1051","10":"pa_dato-1052","11":"pa_dato-1135","12":"pa_dato-1185","13":"pa_dato-1186","14":"pa_dato-1196","15":"pa_dato-1219","16":"pa_dato-1152","17":"pa_dato-5873","18":"pa_dato-1272","19":"pa_dato-5986","20":"pa_dato-1359","21":"pa_dato-5877","22":"pa_dato-5923","23":"pa_dato-6066","24":"pa_dato-5882","25":"pa_dato-6006","26":"pa_tidspunkt-314","27":"pa_tidspunkt-308","28":"pa_tidspunkt-61","29":"pa_tidspunkt-110","30":"tour_location-ilulissat-da","31":"tour_type-kultur","32":"tour_tickettype-arctic_excursions","33":"tour_operator-loni","35":"first","36":"outofstock","37":"shipping-taxable","38":"product-type-variable"},"acf":[],"yoast_head":"<!-- This site is optimized with the Yoast SEO plugin v23.6 - https:\/\/yoast.com\/wordpress\/plugins\/seo\/ -->\n<title>Arctic Excursions<\/title>\n<meta name=\"robots\" content=\"index, follow, max-snippet:-1, max-image-preview:large, max-video-preview:-1\" \/>\n<link rel=\"canonical\" href=\"https:\/\/arcticexcursions.com\/udflugter\/kaffimik-i-ilulissat\/\" \/>\n<meta property=\"og:locale\" content=\"da_DK\" \/>\n<meta property=\"og:type\" content=\"article\" \/>\n<meta property=\"og:title\" content=\"Kaffemik i Ilulissat - Arctic Excursions\" \/>\n<meta property=\"og:description\" content=\"Velkommen til &quot;kaffemik&quot; i Ilulissat!\" \/>\n<meta property=\"og:url\" content=\"https:\/\/arcticexcursions.com\/udflugter\/kaffimik-i-ilulissat\/\" \/>\n<meta property=\"og:site_name\" content=\"Arctic Excursions\" \/>\n<meta property=\"article:modified_time\" content=\"2025-11-03T17:32:38+00:00\" \/>\n<meta property=\"og:image\" content=\"https:\/\/arcticexcursions.com\/wp-content\/uploads\/2024\/06\/billede.png\" \/>\n\t<meta property=\"og:image:width\" content=\"576\" \/>\n\t<meta property=\"og:image:height\" content=\"621\" \/>\n\t<meta property=\"og:image:type\" content=\"image\/png\" \/>\n<meta name=\"twitter:card\" content=\"summary_large_image\" \/>\n<meta name=\"twitter:label1\" content=\"Estimeret l\u00e6setid\" \/>\n\t<meta name=\"twitter:data1\" content=\"1 minut\" \/>\n<script type=\"application\/ld+json\" class=\"yoast-schema-graph\">{\"@context\":\"https:\/\/schema.org\",\"@graph\":[{\"@type\":\"WebPage\",\"@id\":\"https:\/\/arcticexcursions.com\/udflugter\/kaffimik-i-ilulissat\/\",\"url\":\"https:\/\/arcticexcursions.com\/udflugter\/kaffimik-i-ilulissat\/\",\"name\":\"Kaffemik i Ilulissat - Arctic Excursions\",\"isPartOf\":{\"@id\":\"https:\/\/arcticexcursions.com\/#website\"},\"primaryImageOfPage\":{\"@id\":\"https:\/\/arcticexcursions.com\/udflugter\/kaffimik-i-ilulissat\/#primaryimage\"},\"image\":{\"@id\":\"https:\/\/arcticexcursions.com\/udflugter\/kaffimik-i-ilulissat\/#primaryimage\"},\"thumbnailUrl\":\"https:\/\/arcticexcursions.com\/wp-content\/uploads\/2024\/06\/billede.png\",\"datePublished\":\"2024-06-26T15:52:27+00:00\",\"dateModified\":\"2025-11-03T17:32:38+00:00\",\"breadcrumb\":{\"@id\":\"https:\/\/arcticexcursions.com\/udflugter\/kaffimik-i-ilulissat\/#breadcrumb\"},\"inLanguage\":\"da-DK\",\"potentialAction\":[{\"@type\":\"ReadAction\",\"target\":[\"https:\/\/arcticexcursions.com\/udflugter\/kaffimik-i-ilulissat\/\"]}]},{\"@type\":\"ImageObject\",\"inLanguage\":\"da-DK\",\"@id\":\"https:\/\/arcticexcursions.com\/udflugter\/kaffimik-i-ilulissat\/#primaryimage\",\"url\":\"https:\/\/arcticexcursions.com\/wp-content\/uploads\/2024\/06\/billede.png\",\"contentUrl\":\"https:\/\/arcticexcursions.com\/wp-content\/uploads\/2024\/06\/billede.png\",\"width\":576,\"height\":621},{\"@type\":\"BreadcrumbList\",\"@id\":\"https:\/\/arcticexcursions.com\/udflugter\/kaffimik-i-ilulissat\/#breadcrumb\",\"itemListElement\":[{\"@type\":\"ListItem\",\"position\":1,\"name\":\"Home\",\"item\":\"https:\/\/arcticexcursions.com\/da\/\"},{\"@type\":\"ListItem\",\"position\":2,\"name\":\"Udflugter i Gr\u00f8nland\",\"item\":\"https:\/\/arcticexcursions.com\/da\/udflugter\/\"},{\"@type\":\"ListItem\",\"position\":3,\"name\":\"Kaffemik i Ilulissat\"}]},{\"@type\":\"WebSite\",\"@id\":\"https:\/\/arcticexcursions.com\/#website\",\"url\":\"https:\/\/arcticexcursions.com\/\",\"name\":\"Arctic Excursions\",\"description\":\"New adventures. Every day.\",\"publisher\":{\"@id\":\"https:\/\/arcticexcursions.com\/#organization\"},\"potentialAction\":[{\"@type\":\"SearchAction\",\"target\":{\"@type\":\"EntryPoint\",\"urlTemplate\":\"https:\/\/arcticexcursions.com\/?s={search_term_string}\"},\"query-input\":{\"@type\":\"PropertyValueSpecification\",\"valueRequired\":true,\"valueName\":\"search_term_string\"}}],\"inLanguage\":\"da-DK\"},{\"@type\":\"Organization\",\"@id\":\"https:\/\/arcticexcursions.com\/#organization\",\"name\":\"Arctic Excursions\",\"url\":\"https:\/\/arcticexcursions.com\/\",\"logo\":{\"@type\":\"ImageObject\",\"inLanguage\":\"da-DK\",\"@id\":\"https:\/\/arcticexcursions.com\/#\/schema\/logo\/image\/\",\"url\":\"https:\/\/arcticexcursions.com\/wp-content\/uploads\/2022\/11\/fb-logo.png\",\"contentUrl\":\"https:\/\/arcticexcursions.com\/wp-content\/uploads\/2022\/11\/fb-logo.png\",\"width\":523,\"height\":523,\"caption\":\"Arctic Excursions\"},\"image\":{\"@id\":\"https:\/\/arcticexcursions.com\/#\/schema\/logo\/image\/\"}}]}<\/script>\n<!-- \/ Yoast SEO plugin. -->","yoast_head_json":{"title":"Arctic Excursions","robots":{"index":"index","follow":"follow","max-snippet":"max-snippet:-1","max-image-preview":"max-image-preview:large","max-video-preview":"max-video-preview:-1"},"canonical":"https:\/\/arcticexcursions.com\/udflugter\/kaffimik-i-ilulissat\/","og_locale":"da_DK","og_type":"article","og_title":"Kaffemik i Ilulissat - Arctic Excursions","og_description":"Velkommen til \"kaffemik\" i Ilulissat!","og_url":"https:\/\/arcticexcursions.com\/udflugter\/kaffimik-i-ilulissat\/","og_site_name":"Arctic Excursions","article_modified_time":"2025-11-03T17:32:38+00:00","og_image":[{"width":576,"height":621,"url":"https:\/\/arcticexcursions.com\/wp-content\/uploads\/2024\/06\/billede.png","type":"image\/png"}],"twitter_card":"summary_large_image","twitter_misc":{"Estimeret l\u00e6setid":"1 minut"},"schema":{"@context":"https:\/\/schema.org","@graph":[{"@type":"WebPage","@id":"https:\/\/arcticexcursions.com\/udflugter\/kaffimik-i-ilulissat\/","url":"https:\/\/arcticexcursions.com\/udflugter\/kaffimik-i-ilulissat\/","name":"Kaffemik i Ilulissat - Arctic Excursions","isPartOf":{"@id":"https:\/\/arcticexcursions.com\/#website"},"primaryImageOfPage":{"@id":"https:\/\/arcticexcursions.com\/udflugter\/kaffimik-i-ilulissat\/#primaryimage"},"image":{"@id":"https:\/\/arcticexcursions.com\/udflugter\/kaffimik-i-ilulissat\/#primaryimage"},"thumbnailUrl":"https:\/\/arcticexcursions.com\/wp-content\/uploads\/2024\/06\/billede.png","datePublished":"2024-06-26T15:52:27+00:00","dateModified":"2025-11-03T17:32:38+00:00","breadcrumb":{"@id":"https:\/\/arcticexcursions.com\/udflugter\/kaffimik-i-ilulissat\/#breadcrumb"},"inLanguage":"da-DK","potentialAction":[{"@type":"ReadAction","target":["https:\/\/arcticexcursions.com\/udflugter\/kaffimik-i-ilulissat\/"]}]},{"@type":"ImageObject","inLanguage":"da-DK","@id":"https:\/\/arcticexcursions.com\/udflugter\/kaffimik-i-ilulissat\/#primaryimage","url":"https:\/\/arcticexcursions.com\/wp-content\/uploads\/2024\/06\/billede.png","contentUrl":"https:\/\/arcticexcursions.com\/wp-content\/uploads\/2024\/06\/billede.png","width":576,"height":621},{"@type":"BreadcrumbList","@id":"https:\/\/arcticexcursions.com\/udflugter\/kaffimik-i-ilulissat\/#breadcrumb","itemListElement":[{"@type":"ListItem","position":1,"name":"Home","item":"https:\/\/arcticexcursions.com\/da\/"},{"@type":"ListItem","position":2,"name":"Udflugter i Gr\u00f8nland","item":"https:\/\/arcticexcursions.com\/da\/udflugter\/"},{"@type":"ListItem","position":3,"name":"Kaffemik i Ilulissat"}]},{"@type":"WebSite","@id":"https:\/\/arcticexcursions.com\/#website","url":"https:\/\/arcticexcursions.com\/","name":"Arctic Excursions","description":"New adventures. Every day.","publisher":{"@id":"https:\/\/arcticexcursions.com\/#organization"},"potentialAction":[{"@type":"SearchAction","target":{"@type":"EntryPoint","urlTemplate":"https:\/\/arcticexcursions.com\/?s={search_term_string}"},"query-input":{"@type":"PropertyValueSpecification","valueRequired":true,"valueName":"search_term_string"}}],"inLanguage":"da-DK"},{"@type":"Organization","@id":"https:\/\/arcticexcursions.com\/#organization","name":"Arctic Excursions","url":"https:\/\/arcticexcursions.com\/","logo":{"@type":"ImageObject","inLanguage":"da-DK","@id":"https:\/\/arcticexcursions.com\/#\/schema\/logo\/image\/","url":"https:\/\/arcticexcursions.com\/wp-content\/uploads\/2022\/11\/fb-logo.png","contentUrl":"https:\/\/arcticexcursions.com\/wp-content\/uploads\/2022\/11\/fb-logo.png","width":523,"height":523,"caption":"Arctic Excursions"},"image":{"@id":"https:\/\/arcticexcursions.com\/#\/schema\/logo\/image\/"}}]}},"_links":{"self":[{"href":"https:\/\/arcticexcursions.com\/da\/wp-json\/wp\/v2\/product\/38292"}],"collection":[{"href":"https:\/\/arcticexcursions.com\/da\/wp-json\/wp\/v2\/product"}],"about":[{"href":"https:\/\/arcticexcursions.com\/da\/wp-json\/wp\/v2\/types\/product"}],"replies":[{"embeddable":true,"href":"https:\/\/arcticexcursions.com\/da\/wp-json\/wp\/v2\/comments?post=38292"}],"wp:featuredmedia":[{"embeddable":true,"href":"https:\/\/arcticexcursions.com\/da\/wp-json\/wp\/v2\/media\/38253"}],"wp:attachment":[{"href":"https:\/\/arcticexcursions.com\/da\/wp-json\/wp\/v2\/media?parent=38292"}],"wp:term":[{"taxonomy":"product_brand","embeddable":true,"href":"https:\/\/arcticexcursions.com\/da\/wp-json\/wp\/v2\/product_brand?post=38292"},{"taxonomy":"product_cat","embeddable":true,"href":"https:\/\/arcticexcursions.com\/da\/wp-json\/wp\/v2\/product_cat?post=38292"},{"taxonomy":"product_tag","embeddable":true,"href":"https:\/\/arcticexcursions.com\/da\/wp-json\/wp\/v2\/product_tag?post=38292"}],"curies":[{"name":"wp","href":"https:\/\/api.w.org\/{rel}","templated":true}]}}