{"id":38357,"date":"2024-06-27T15:07:05","date_gmt":"2024-06-27T13:07:05","guid":{"rendered":"https:\/\/arcticexcursions.com\/?post_type=product&#038;p=38357"},"modified":"2026-02-03T18:33:25","modified_gmt":"2026-02-03T16:33:25","slug":"dagstur-til-diskobugten","status":"publish","type":"product","link":"https:\/\/arcticexcursions.com\/da\/udflugter\/dagstur-til-diskobugten\/","title":{"rendered":"Dagstur til Diskobugten"},"content":{"rendered":"<p>Vi starter turen med at sejle fra Ilulissat mod Qeqertarsuaq by. Ombord p\u00e5 b\u00e5den serverer vi morgenbr\u00f8d og en kop kaffe, hvorfra I kan nyde udsigten over havet og de enorme isfjelde. N\u00e5r vi ankommer til Qeqertarsuaq by tager vores guide jer med i land, hvor der er mulighed for at udforske bylandskabet. Herefter g\u00e5r vi mod det bjergtagende Kuannit, hvor vores guide undervejs vil fort\u00e6lle om den helt s\u00e6rlige natur. Fra Kuannit vil vi nyde en medbragt frokost p\u00e5 lokale r\u00e5varer, mens vi kigger ud over havet og klippeformationerne.<br \/>\nFra Qeqertarsuaq by vil vi igen sejle tilbage til Ilulissat. Ombord p\u00e5 b\u00e5den vil der v\u00e6re mulighed for en eftermiddagskaffe og et stykke kage, mens vi lader alle oplevelserne synke ind.<\/p>\n<p>Gode r\u00e5d:<br \/>\nTuren til Qeqertarsuaq er over \u00e5bent hav, der kan derfor nogle gange v\u00e6re risiko for lidt h\u00f8jere d\u00f8nninger, end p\u00e5 vores andre ture. Vi anbefaler derfor at medbringe s\u00f8sygepr\u00e6parater, hvis man tidligere har oplevet nemt at blive s\u00f8syg.<\/p>\n<p>Vi anbefaler at medbringe en rygs\u00e6k og drikkedunk, samt fornuftig p\u00e5kl\u00e6dning. Qeqertarsuaq befinder sig 80 km v\u00e6k fra Ilulissat, og vejret kan derfor v\u00e6re betydeligt anderledes. Det kan derfor v\u00e6re en god id\u00e9 at tjekke vejrudsigten inden afgang ift. valg af bekl\u00e6dning.<\/p>\n<p>Bem\u00e6rk venligst, at udflugten kun gennemf\u00f8res, hvis der er mindst 4 bookede billetter i alt. Hvis du for eksempel booker 2 billetter, skal der s\u00e6lges mindst 2 yderligere billetter til andre kunder, f\u00f8r turen kan finde sted. Der vil deltage maksimalt 8 personer. Vi giver besked senest 24 timer f\u00f8r afgang i tilf\u00e6lde af aflysning grundet for f\u00e5 deltagere.<\/p>\n<p><b>Varighed:<\/b> 9 timer &amp; 30 min. <\/p>\n<p><b>Deltagere:<\/b> Bem\u00e6rk venligst, at udflugten kun gennemf\u00f8res, hvis der er mindst 4 bookede billetter i alt. Hvis du for eksempel booker 2 billetter, skal der s\u00e6lges mindst 2 yderligere billetter til andre kunder, f\u00f8r turen kan finde sted. Der vil deltage maksimalt 12 personer.<\/p>\n<p><b>Sprog:<\/b> Guiden\/kaptajnen taler dansk, engelsk og gr\u00f8nlandsk<\/p>\n<p><b>B\u00e5dtype:<\/b> Lukket b\u00e5d<\/p>\n<p><b>Toiletforhold:<\/b> Der er toilet p\u00e5 b\u00e5den<\/p>\n<p><b>Forplejning:<\/b> Kaffe og te serveres p\u00e5 b\u00e5den<\/p>\n<p><b>Anbefalet p\u00e5kl\u00e6dning:<\/b> Varmt t\u00f8j inkl. hue og handsker hele \u00e5ret. Solbriller. Solcreme om sommeren.<\/p>\n","protected":false},"excerpt":{"rendered":"<p>Kom med p\u00e5 en dagstur til den smukke vulkanske \u00f8, Qeqertarsuaq, med sin enest\u00e5ende natur p\u00e5 den anden side af Diskobugten.<\/p>\n","protected":false},"featured_media":38264,"comment_status":"open","ping_status":"closed","template":"","meta":{"_acf_changed":false},"product_brand":[],"product_cat":[101,170],"product_tag":[],"class_list":{"0":"post-38357","1":"product","2":"type-product","3":"status-publish","4":"has-post-thumbnail","6":"product_cat-tour","7":"product_cat-udflugt","8":"pa_dato-994","9":"pa_dato-998","10":"pa_dato-1003","11":"pa_dato-1005","12":"pa_dato-1038","13":"pa_dato-968","14":"pa_dato-1014","15":"pa_dato-1020","16":"pa_dato-1042","17":"pa_dato-1044","18":"pa_dato-5952","19":"pa_dato-5951","20":"pa_dato-5953","21":"pa_dato-5975","22":"pa_dato-6058","23":"pa_dato-6067","24":"pa_dato-5931","25":"pa_dato-6006","26":"pa_dato-5955","27":"pa_dato-5883","28":"pa_dato-5888","29":"pa_dato-5956","30":"pa_dato-6060","31":"pa_tidspunkt-70","32":"tour_location-ilulissat-da","33":"tour_type-outdoor-da","34":"tour_tickettype-arctic_excursions","35":"tour_operator-ilulissataac-gl","37":"first","38":"outofstock","39":"shipping-taxable","40":"product-type-variable"},"acf":[],"yoast_head":"<!-- This site is optimized with the Yoast SEO plugin v23.6 - https:\/\/yoast.com\/wordpress\/plugins\/seo\/ -->\n<title>Arctic Excursions<\/title>\n<meta name=\"robots\" content=\"index, follow, max-snippet:-1, max-image-preview:large, max-video-preview:-1\" \/>\n<link rel=\"canonical\" href=\"https:\/\/arcticexcursions.com\/udflugter\/daytrip-to-the-disko-island\/\" \/>\n<meta property=\"og:locale\" content=\"da_DK\" \/>\n<meta property=\"og:type\" content=\"article\" \/>\n<meta property=\"og:title\" content=\"Dagstur til Diskobugten - Arctic Excursions\" \/>\n<meta property=\"og:description\" content=\"Kom med p\u00e5 en dagstur til den smukke vulkanske \u00f8, Qeqertarsuaq, med sin enest\u00e5ende natur p\u00e5 den anden side af Diskobugten.\" \/>\n<meta property=\"og:url\" content=\"https:\/\/arcticexcursions.com\/udflugter\/daytrip-to-the-disko-island\/\" \/>\n<meta property=\"og:site_name\" content=\"Arctic Excursions\" \/>\n<meta property=\"article:modified_time\" content=\"2026-02-03T16:33:25+00:00\" \/>\n<meta property=\"og:image\" content=\"https:\/\/arcticexcursions.com\/wp-content\/uploads\/2024\/06\/Volcanic-Rocks-in-Kuannit.-Photo-Paul-Zizka-Visit-Greenland-scaled.jpg\" \/>\n\t<meta property=\"og:image:width\" content=\"2560\" \/>\n\t<meta property=\"og:image:height\" content=\"1792\" \/>\n\t<meta property=\"og:image:type\" content=\"image\/jpeg\" \/>\n<meta name=\"twitter:card\" content=\"summary_large_image\" \/>\n<meta name=\"twitter:label1\" content=\"Estimeret l\u00e6setid\" \/>\n\t<meta name=\"twitter:data1\" content=\"2 minutter\" \/>\n<script type=\"application\/ld+json\" class=\"yoast-schema-graph\">{\"@context\":\"https:\/\/schema.org\",\"@graph\":[{\"@type\":\"WebPage\",\"@id\":\"https:\/\/arcticexcursions.com\/udflugter\/daytrip-to-the-disko-island\/\",\"url\":\"https:\/\/arcticexcursions.com\/udflugter\/daytrip-to-the-disko-island\/\",\"name\":\"Dagstur til Diskobugten - Arctic Excursions\",\"isPartOf\":{\"@id\":\"https:\/\/arcticexcursions.com\/#website\"},\"primaryImageOfPage\":{\"@id\":\"https:\/\/arcticexcursions.com\/udflugter\/daytrip-to-the-disko-island\/#primaryimage\"},\"image\":{\"@id\":\"https:\/\/arcticexcursions.com\/udflugter\/daytrip-to-the-disko-island\/#primaryimage\"},\"thumbnailUrl\":\"https:\/\/arcticexcursions.com\/wp-content\/uploads\/2024\/06\/Volcanic-Rocks-in-Kuannit.-Photo-Paul-Zizka-Visit-Greenland-scaled.jpg\",\"datePublished\":\"2024-06-27T13:07:05+00:00\",\"dateModified\":\"2026-02-03T16:33:25+00:00\",\"breadcrumb\":{\"@id\":\"https:\/\/arcticexcursions.com\/udflugter\/daytrip-to-the-disko-island\/#breadcrumb\"},\"inLanguage\":\"da-DK\",\"potentialAction\":[{\"@type\":\"ReadAction\",\"target\":[\"https:\/\/arcticexcursions.com\/udflugter\/daytrip-to-the-disko-island\/\"]}]},{\"@type\":\"ImageObject\",\"inLanguage\":\"da-DK\",\"@id\":\"https:\/\/arcticexcursions.com\/udflugter\/daytrip-to-the-disko-island\/#primaryimage\",\"url\":\"https:\/\/arcticexcursions.com\/wp-content\/uploads\/2024\/06\/Volcanic-Rocks-in-Kuannit.-Photo-Paul-Zizka-Visit-Greenland-scaled.jpg\",\"contentUrl\":\"https:\/\/arcticexcursions.com\/wp-content\/uploads\/2024\/06\/Volcanic-Rocks-in-Kuannit.-Photo-Paul-Zizka-Visit-Greenland-scaled.jpg\",\"width\":2560,\"height\":1792,\"caption\":\"Crediting is required when using photos from our galleries. This means you have to credit both the photographer and Visit Greenland (http:\/\/vg.gl\/accr) Photo by Paul Zizka - Visit Greenland This photo is licensed under Visit Greenland License Agreement. Please refer to the license agreement for more info about the rights of use associated with the image. Download the agreement here: http:\/\/vg.gl\/vglicense When downloading or sharing this image you enter into an agreement with Visit Greenland A\/S about the use of the image under this license. If you want to apply for extended user rights for downloads on this database please read these guidelines: http:\/\/vg.gl\/guidel\"},{\"@type\":\"BreadcrumbList\",\"@id\":\"https:\/\/arcticexcursions.com\/udflugter\/daytrip-to-the-disko-island\/#breadcrumb\",\"itemListElement\":[{\"@type\":\"ListItem\",\"position\":1,\"name\":\"Home\",\"item\":\"https:\/\/arcticexcursions.com\/da\/\"},{\"@type\":\"ListItem\",\"position\":2,\"name\":\"Udflugter i Gr\u00f8nland\",\"item\":\"https:\/\/arcticexcursions.com\/da\/udflugter\/\"},{\"@type\":\"ListItem\",\"position\":3,\"name\":\"Dagstur til Diskobugten\"}]},{\"@type\":\"WebSite\",\"@id\":\"https:\/\/arcticexcursions.com\/#website\",\"url\":\"https:\/\/arcticexcursions.com\/\",\"name\":\"Arctic Excursions\",\"description\":\"New adventures. Every day.\",\"publisher\":{\"@id\":\"https:\/\/arcticexcursions.com\/#organization\"},\"potentialAction\":[{\"@type\":\"SearchAction\",\"target\":{\"@type\":\"EntryPoint\",\"urlTemplate\":\"https:\/\/arcticexcursions.com\/?s={search_term_string}\"},\"query-input\":{\"@type\":\"PropertyValueSpecification\",\"valueRequired\":true,\"valueName\":\"search_term_string\"}}],\"inLanguage\":\"da-DK\"},{\"@type\":\"Organization\",\"@id\":\"https:\/\/arcticexcursions.com\/#organization\",\"name\":\"Arctic Excursions\",\"url\":\"https:\/\/arcticexcursions.com\/\",\"logo\":{\"@type\":\"ImageObject\",\"inLanguage\":\"da-DK\",\"@id\":\"https:\/\/arcticexcursions.com\/#\/schema\/logo\/image\/\",\"url\":\"https:\/\/arcticexcursions.com\/wp-content\/uploads\/2022\/11\/fb-logo.png\",\"contentUrl\":\"https:\/\/arcticexcursions.com\/wp-content\/uploads\/2022\/11\/fb-logo.png\",\"width\":523,\"height\":523,\"caption\":\"Arctic Excursions\"},\"image\":{\"@id\":\"https:\/\/arcticexcursions.com\/#\/schema\/logo\/image\/\"}}]}<\/script>\n<!-- \/ Yoast SEO plugin. -->","yoast_head_json":{"title":"Arctic Excursions","robots":{"index":"index","follow":"follow","max-snippet":"max-snippet:-1","max-image-preview":"max-image-preview:large","max-video-preview":"max-video-preview:-1"},"canonical":"https:\/\/arcticexcursions.com\/udflugter\/daytrip-to-the-disko-island\/","og_locale":"da_DK","og_type":"article","og_title":"Dagstur til Diskobugten - Arctic Excursions","og_description":"Kom med p\u00e5 en dagstur til den smukke vulkanske \u00f8, Qeqertarsuaq, med sin enest\u00e5ende natur p\u00e5 den anden side af Diskobugten.","og_url":"https:\/\/arcticexcursions.com\/udflugter\/daytrip-to-the-disko-island\/","og_site_name":"Arctic Excursions","article_modified_time":"2026-02-03T16:33:25+00:00","og_image":[{"width":2560,"height":1792,"url":"https:\/\/arcticexcursions.com\/wp-content\/uploads\/2024\/06\/Volcanic-Rocks-in-Kuannit.-Photo-Paul-Zizka-Visit-Greenland-scaled.jpg","type":"image\/jpeg"}],"twitter_card":"summary_large_image","twitter_misc":{"Estimeret l\u00e6setid":"2 minutter"},"schema":{"@context":"https:\/\/schema.org","@graph":[{"@type":"WebPage","@id":"https:\/\/arcticexcursions.com\/udflugter\/daytrip-to-the-disko-island\/","url":"https:\/\/arcticexcursions.com\/udflugter\/daytrip-to-the-disko-island\/","name":"Dagstur til Diskobugten - Arctic Excursions","isPartOf":{"@id":"https:\/\/arcticexcursions.com\/#website"},"primaryImageOfPage":{"@id":"https:\/\/arcticexcursions.com\/udflugter\/daytrip-to-the-disko-island\/#primaryimage"},"image":{"@id":"https:\/\/arcticexcursions.com\/udflugter\/daytrip-to-the-disko-island\/#primaryimage"},"thumbnailUrl":"https:\/\/arcticexcursions.com\/wp-content\/uploads\/2024\/06\/Volcanic-Rocks-in-Kuannit.-Photo-Paul-Zizka-Visit-Greenland-scaled.jpg","datePublished":"2024-06-27T13:07:05+00:00","dateModified":"2026-02-03T16:33:25+00:00","breadcrumb":{"@id":"https:\/\/arcticexcursions.com\/udflugter\/daytrip-to-the-disko-island\/#breadcrumb"},"inLanguage":"da-DK","potentialAction":[{"@type":"ReadAction","target":["https:\/\/arcticexcursions.com\/udflugter\/daytrip-to-the-disko-island\/"]}]},{"@type":"ImageObject","inLanguage":"da-DK","@id":"https:\/\/arcticexcursions.com\/udflugter\/daytrip-to-the-disko-island\/#primaryimage","url":"https:\/\/arcticexcursions.com\/wp-content\/uploads\/2024\/06\/Volcanic-Rocks-in-Kuannit.-Photo-Paul-Zizka-Visit-Greenland-scaled.jpg","contentUrl":"https:\/\/arcticexcursions.com\/wp-content\/uploads\/2024\/06\/Volcanic-Rocks-in-Kuannit.-Photo-Paul-Zizka-Visit-Greenland-scaled.jpg","width":2560,"height":1792,"caption":"Crediting is required when using photos from our galleries. This means you have to credit both the photographer and Visit Greenland (http:\/\/vg.gl\/accr) Photo by Paul Zizka - Visit Greenland This photo is licensed under Visit Greenland License Agreement. Please refer to the license agreement for more info about the rights of use associated with the image. Download the agreement here: http:\/\/vg.gl\/vglicense When downloading or sharing this image you enter into an agreement with Visit Greenland A\/S about the use of the image under this license. If you want to apply for extended user rights for downloads on this database please read these guidelines: http:\/\/vg.gl\/guidel"},{"@type":"BreadcrumbList","@id":"https:\/\/arcticexcursions.com\/udflugter\/daytrip-to-the-disko-island\/#breadcrumb","itemListElement":[{"@type":"ListItem","position":1,"name":"Home","item":"https:\/\/arcticexcursions.com\/da\/"},{"@type":"ListItem","position":2,"name":"Udflugter i Gr\u00f8nland","item":"https:\/\/arcticexcursions.com\/da\/udflugter\/"},{"@type":"ListItem","position":3,"name":"Dagstur til Diskobugten"}]},{"@type":"WebSite","@id":"https:\/\/arcticexcursions.com\/#website","url":"https:\/\/arcticexcursions.com\/","name":"Arctic Excursions","description":"New adventures. Every day.","publisher":{"@id":"https:\/\/arcticexcursions.com\/#organization"},"potentialAction":[{"@type":"SearchAction","target":{"@type":"EntryPoint","urlTemplate":"https:\/\/arcticexcursions.com\/?s={search_term_string}"},"query-input":{"@type":"PropertyValueSpecification","valueRequired":true,"valueName":"search_term_string"}}],"inLanguage":"da-DK"},{"@type":"Organization","@id":"https:\/\/arcticexcursions.com\/#organization","name":"Arctic Excursions","url":"https:\/\/arcticexcursions.com\/","logo":{"@type":"ImageObject","inLanguage":"da-DK","@id":"https:\/\/arcticexcursions.com\/#\/schema\/logo\/image\/","url":"https:\/\/arcticexcursions.com\/wp-content\/uploads\/2022\/11\/fb-logo.png","contentUrl":"https:\/\/arcticexcursions.com\/wp-content\/uploads\/2022\/11\/fb-logo.png","width":523,"height":523,"caption":"Arctic Excursions"},"image":{"@id":"https:\/\/arcticexcursions.com\/#\/schema\/logo\/image\/"}}]}},"_links":{"self":[{"href":"https:\/\/arcticexcursions.com\/da\/wp-json\/wp\/v2\/product\/38357"}],"collection":[{"href":"https:\/\/arcticexcursions.com\/da\/wp-json\/wp\/v2\/product"}],"about":[{"href":"https:\/\/arcticexcursions.com\/da\/wp-json\/wp\/v2\/types\/product"}],"replies":[{"embeddable":true,"href":"https:\/\/arcticexcursions.com\/da\/wp-json\/wp\/v2\/comments?post=38357"}],"wp:featuredmedia":[{"embeddable":true,"href":"https:\/\/arcticexcursions.com\/da\/wp-json\/wp\/v2\/media\/38264"}],"wp:attachment":[{"href":"https:\/\/arcticexcursions.com\/da\/wp-json\/wp\/v2\/media?parent=38357"}],"wp:term":[{"taxonomy":"product_brand","embeddable":true,"href":"https:\/\/arcticexcursions.com\/da\/wp-json\/wp\/v2\/product_brand?post=38357"},{"taxonomy":"product_cat","embeddable":true,"href":"https:\/\/arcticexcursions.com\/da\/wp-json\/wp\/v2\/product_cat?post=38357"},{"taxonomy":"product_tag","embeddable":true,"href":"https:\/\/arcticexcursions.com\/da\/wp-json\/wp\/v2\/product_tag?post=38357"}],"curies":[{"name":"wp","href":"https:\/\/api.w.org\/{rel}","templated":true}]}}