{"id":38391,"date":"2024-06-28T17:05:36","date_gmt":"2024-06-28T15:05:36","guid":{"rendered":"https:\/\/arcticexcursions.com\/?post_type=product&#038;p=38391"},"modified":"2026-03-03T19:36:23","modified_gmt":"2026-03-03T17:36:23","slug":"utv-city-sigtseeing","status":"publish","type":"product","link":"https:\/\/arcticexcursions.com\/da\/udflugter\/utv-city-sigtseeing\/","title":{"rendered":"UTV Sommer City Sightseeing"},"content":{"rendered":"<p>Tag med p\u00e5 en sp\u00e6ndende og actionfyldt UTV (Utility Task Vehicle) byrundtur og oplev byen som aldrig f\u00f8r! <\/p>\n<p>Vores tur tager dig med gennem byens ikoniske sev\u00e6rdigheder og skjulte perler, alt imens du nyder den \u00e5bne luft og adrenalinsuset fra vores robuste UTV&#8217;er.<\/p>\n<p><b>Varighed:<\/b> 1 time 30 min. <\/p>\n<p><b>Turen inkluderer:<\/b> En l\u00e6kker servering af traditionel Gr\u00f8nlandsk fiskesuppe.<\/p>\n<p><b>Deltagere:<\/b> Bem\u00e6rk venligst, at udflugten kun finder sted, hvis der er bestilt mindst 2 billetter i alt. Hvis du f.eks. bestiller 1 billet, skal der s\u00e6lges mindst 1 ekstra billetter, for at turen kan gennemf\u00f8res. H\u00f8jst 6 personer kan deltage.<\/p>\n<p><b>Sprog:<\/b> Guiden taler dansk, engelsk og gr\u00f8nlandsk<\/p>\n<p><b>Type af tur:<\/b> Guiden k\u00f8rer UTV&#8217;en. Deltagerne er passagerer.<\/p>\n<p><b>Anbefalet p\u00e5kl\u00e6dning:<\/b> Solbriller p\u00e5 solrige dage. Praktisk t\u00f8j p\u00e5 skyede dage.<\/p>\n","protected":false},"excerpt":{"rendered":"<p>Oplev en UTV byrundtur &#8211; 1 time 30 min. <\/p>\n","protected":false},"featured_media":56253,"comment_status":"open","ping_status":"closed","template":"","meta":{"_acf_changed":false},"product_brand":[],"product_cat":[170],"product_tag":[],"class_list":{"0":"post-38391","1":"product","2":"type-product","3":"status-publish","4":"has-post-thumbnail","6":"product_cat-udflugt","7":"pa_dato-999","8":"pa_dato-1011","9":"pa_dato-1018","10":"pa_dato-1019","11":"pa_dato-1022","12":"pa_dato-1135","13":"pa_dato-1185","14":"pa_dato-1186","15":"pa_dato-1383","16":"pa_dato-5886","17":"pa_dato-1300","18":"pa_dato-6071","19":"pa_dato-6018","20":"pa_dato-5879","21":"pa_dato-6020","22":"pa_dato-5933","23":"pa_dato-5882","24":"pa_dato-6051","25":"pa_dato-6087","26":"pa_dato-5954","27":"pa_dato-5880","28":"pa_dato-6067","29":"pa_dato-6023","30":"pa_dato-5931","31":"pa_dato-5930","32":"pa_dato-5946","33":"pa_dato-5956","34":"pa_dato-5939","35":"pa_dato-6026","36":"pa_dato-5990","37":"pa_dato-5940","38":"pa_dato-6074","39":"pa_dato-6078","40":"pa_dato-6089","41":"pa_dato-6073","42":"pa_dato-6137","43":"pa_dato-6468","44":"pa_dato-6315","45":"pa_tidspunkt-72","46":"pa_tidspunkt-38","47":"pa_tidspunkt-40","48":"pa_tidspunkt-304","49":"pa_tidspunkt-314","50":"pa_tidspunkt-308","51":"pa_tidspunkt-61","52":"pa_tidspunkt-110","53":"pa_tidspunkt-231","54":"tour_location-nuuk-da","55":"tour_type-byvandring","56":"tour_tickettype-arctic_excursions","57":"tour_tickettype-greenland_travel_tour","58":"tour_tickettype-greenland_travel_team","59":"tour_operator-inuk-travel","61":"first","62":"instock","63":"shipping-taxable","64":"purchasable","65":"product-type-variable"},"acf":[],"yoast_head":"<!-- This site is optimized with the Yoast SEO plugin v23.6 - https:\/\/yoast.com\/wordpress\/plugins\/seo\/ -->\n<title>Arctic Excursions<\/title>\n<meta name=\"robots\" content=\"index, follow, max-snippet:-1, max-image-preview:large, max-video-preview:-1\" \/>\n<link rel=\"canonical\" href=\"https:\/\/arcticexcursions.com\/udflugter\/utv-city-sigtseeing\/\" \/>\n<meta property=\"og:locale\" content=\"da_DK\" \/>\n<meta property=\"og:type\" content=\"article\" \/>\n<meta property=\"og:title\" content=\"UTV Sommer City Sightseeing - Arctic Excursions\" \/>\n<meta property=\"og:description\" content=\"Oplev en UTV byrundtur - 1 time 30 min.\" \/>\n<meta property=\"og:url\" content=\"https:\/\/arcticexcursions.com\/udflugter\/utv-city-sigtseeing\/\" \/>\n<meta property=\"og:site_name\" content=\"Arctic Excursions\" \/>\n<meta property=\"article:modified_time\" content=\"2026-03-03T17:36:23+00:00\" \/>\n<meta property=\"og:image\" content=\"https:\/\/arcticexcursions.com\/wp-content\/uploads\/2025\/06\/billede-17.png\" \/>\n\t<meta property=\"og:image:width\" content=\"1012\" \/>\n\t<meta property=\"og:image:height\" content=\"716\" \/>\n\t<meta property=\"og:image:type\" content=\"image\/png\" \/>\n<meta name=\"twitter:card\" content=\"summary_large_image\" \/>\n<meta name=\"twitter:label1\" content=\"Estimeret l\u00e6setid\" \/>\n\t<meta name=\"twitter:data1\" content=\"1 minut\" \/>\n<script type=\"application\/ld+json\" class=\"yoast-schema-graph\">{\"@context\":\"https:\/\/schema.org\",\"@graph\":[{\"@type\":\"WebPage\",\"@id\":\"https:\/\/arcticexcursions.com\/udflugter\/utv-city-sigtseeing\/\",\"url\":\"https:\/\/arcticexcursions.com\/udflugter\/utv-city-sigtseeing\/\",\"name\":\"UTV Sommer City Sightseeing - Arctic Excursions\",\"isPartOf\":{\"@id\":\"https:\/\/arcticexcursions.com\/#website\"},\"primaryImageOfPage\":{\"@id\":\"https:\/\/arcticexcursions.com\/udflugter\/utv-city-sigtseeing\/#primaryimage\"},\"image\":{\"@id\":\"https:\/\/arcticexcursions.com\/udflugter\/utv-city-sigtseeing\/#primaryimage\"},\"thumbnailUrl\":\"https:\/\/arcticexcursions.com\/wp-content\/uploads\/2025\/06\/billede-17.png\",\"datePublished\":\"2024-06-28T15:05:36+00:00\",\"dateModified\":\"2026-03-03T17:36:23+00:00\",\"breadcrumb\":{\"@id\":\"https:\/\/arcticexcursions.com\/udflugter\/utv-city-sigtseeing\/#breadcrumb\"},\"inLanguage\":\"da-DK\",\"potentialAction\":[{\"@type\":\"ReadAction\",\"target\":[\"https:\/\/arcticexcursions.com\/udflugter\/utv-city-sigtseeing\/\"]}]},{\"@type\":\"ImageObject\",\"inLanguage\":\"da-DK\",\"@id\":\"https:\/\/arcticexcursions.com\/udflugter\/utv-city-sigtseeing\/#primaryimage\",\"url\":\"https:\/\/arcticexcursions.com\/wp-content\/uploads\/2025\/06\/billede-17.png\",\"contentUrl\":\"https:\/\/arcticexcursions.com\/wp-content\/uploads\/2025\/06\/billede-17.png\",\"width\":1012,\"height\":716},{\"@type\":\"BreadcrumbList\",\"@id\":\"https:\/\/arcticexcursions.com\/udflugter\/utv-city-sigtseeing\/#breadcrumb\",\"itemListElement\":[{\"@type\":\"ListItem\",\"position\":1,\"name\":\"Home\",\"item\":\"https:\/\/arcticexcursions.com\/da\/\"},{\"@type\":\"ListItem\",\"position\":2,\"name\":\"Udflugter i Gr\u00f8nland\",\"item\":\"https:\/\/arcticexcursions.com\/da\/udflugter\/\"},{\"@type\":\"ListItem\",\"position\":3,\"name\":\"UTV Sommer City Sightseeing\"}]},{\"@type\":\"WebSite\",\"@id\":\"https:\/\/arcticexcursions.com\/#website\",\"url\":\"https:\/\/arcticexcursions.com\/\",\"name\":\"Arctic Excursions\",\"description\":\"New adventures. Every day.\",\"publisher\":{\"@id\":\"https:\/\/arcticexcursions.com\/#organization\"},\"potentialAction\":[{\"@type\":\"SearchAction\",\"target\":{\"@type\":\"EntryPoint\",\"urlTemplate\":\"https:\/\/arcticexcursions.com\/?s={search_term_string}\"},\"query-input\":{\"@type\":\"PropertyValueSpecification\",\"valueRequired\":true,\"valueName\":\"search_term_string\"}}],\"inLanguage\":\"da-DK\"},{\"@type\":\"Organization\",\"@id\":\"https:\/\/arcticexcursions.com\/#organization\",\"name\":\"Arctic Excursions\",\"url\":\"https:\/\/arcticexcursions.com\/\",\"logo\":{\"@type\":\"ImageObject\",\"inLanguage\":\"da-DK\",\"@id\":\"https:\/\/arcticexcursions.com\/#\/schema\/logo\/image\/\",\"url\":\"https:\/\/arcticexcursions.com\/wp-content\/uploads\/2022\/11\/fb-logo.png\",\"contentUrl\":\"https:\/\/arcticexcursions.com\/wp-content\/uploads\/2022\/11\/fb-logo.png\",\"width\":523,\"height\":523,\"caption\":\"Arctic Excursions\"},\"image\":{\"@id\":\"https:\/\/arcticexcursions.com\/#\/schema\/logo\/image\/\"}}]}<\/script>\n<!-- \/ Yoast SEO plugin. -->","yoast_head_json":{"title":"Arctic Excursions","robots":{"index":"index","follow":"follow","max-snippet":"max-snippet:-1","max-image-preview":"max-image-preview:large","max-video-preview":"max-video-preview:-1"},"canonical":"https:\/\/arcticexcursions.com\/udflugter\/utv-city-sigtseeing\/","og_locale":"da_DK","og_type":"article","og_title":"UTV Sommer City Sightseeing - Arctic Excursions","og_description":"Oplev en UTV byrundtur - 1 time 30 min.","og_url":"https:\/\/arcticexcursions.com\/udflugter\/utv-city-sigtseeing\/","og_site_name":"Arctic Excursions","article_modified_time":"2026-03-03T17:36:23+00:00","og_image":[{"width":1012,"height":716,"url":"https:\/\/arcticexcursions.com\/wp-content\/uploads\/2025\/06\/billede-17.png","type":"image\/png"}],"twitter_card":"summary_large_image","twitter_misc":{"Estimeret l\u00e6setid":"1 minut"},"schema":{"@context":"https:\/\/schema.org","@graph":[{"@type":"WebPage","@id":"https:\/\/arcticexcursions.com\/udflugter\/utv-city-sigtseeing\/","url":"https:\/\/arcticexcursions.com\/udflugter\/utv-city-sigtseeing\/","name":"UTV Sommer City Sightseeing - Arctic Excursions","isPartOf":{"@id":"https:\/\/arcticexcursions.com\/#website"},"primaryImageOfPage":{"@id":"https:\/\/arcticexcursions.com\/udflugter\/utv-city-sigtseeing\/#primaryimage"},"image":{"@id":"https:\/\/arcticexcursions.com\/udflugter\/utv-city-sigtseeing\/#primaryimage"},"thumbnailUrl":"https:\/\/arcticexcursions.com\/wp-content\/uploads\/2025\/06\/billede-17.png","datePublished":"2024-06-28T15:05:36+00:00","dateModified":"2026-03-03T17:36:23+00:00","breadcrumb":{"@id":"https:\/\/arcticexcursions.com\/udflugter\/utv-city-sigtseeing\/#breadcrumb"},"inLanguage":"da-DK","potentialAction":[{"@type":"ReadAction","target":["https:\/\/arcticexcursions.com\/udflugter\/utv-city-sigtseeing\/"]}]},{"@type":"ImageObject","inLanguage":"da-DK","@id":"https:\/\/arcticexcursions.com\/udflugter\/utv-city-sigtseeing\/#primaryimage","url":"https:\/\/arcticexcursions.com\/wp-content\/uploads\/2025\/06\/billede-17.png","contentUrl":"https:\/\/arcticexcursions.com\/wp-content\/uploads\/2025\/06\/billede-17.png","width":1012,"height":716},{"@type":"BreadcrumbList","@id":"https:\/\/arcticexcursions.com\/udflugter\/utv-city-sigtseeing\/#breadcrumb","itemListElement":[{"@type":"ListItem","position":1,"name":"Home","item":"https:\/\/arcticexcursions.com\/da\/"},{"@type":"ListItem","position":2,"name":"Udflugter i Gr\u00f8nland","item":"https:\/\/arcticexcursions.com\/da\/udflugter\/"},{"@type":"ListItem","position":3,"name":"UTV Sommer City Sightseeing"}]},{"@type":"WebSite","@id":"https:\/\/arcticexcursions.com\/#website","url":"https:\/\/arcticexcursions.com\/","name":"Arctic Excursions","description":"New adventures. Every day.","publisher":{"@id":"https:\/\/arcticexcursions.com\/#organization"},"potentialAction":[{"@type":"SearchAction","target":{"@type":"EntryPoint","urlTemplate":"https:\/\/arcticexcursions.com\/?s={search_term_string}"},"query-input":{"@type":"PropertyValueSpecification","valueRequired":true,"valueName":"search_term_string"}}],"inLanguage":"da-DK"},{"@type":"Organization","@id":"https:\/\/arcticexcursions.com\/#organization","name":"Arctic Excursions","url":"https:\/\/arcticexcursions.com\/","logo":{"@type":"ImageObject","inLanguage":"da-DK","@id":"https:\/\/arcticexcursions.com\/#\/schema\/logo\/image\/","url":"https:\/\/arcticexcursions.com\/wp-content\/uploads\/2022\/11\/fb-logo.png","contentUrl":"https:\/\/arcticexcursions.com\/wp-content\/uploads\/2022\/11\/fb-logo.png","width":523,"height":523,"caption":"Arctic Excursions"},"image":{"@id":"https:\/\/arcticexcursions.com\/#\/schema\/logo\/image\/"}}]}},"_links":{"self":[{"href":"https:\/\/arcticexcursions.com\/da\/wp-json\/wp\/v2\/product\/38391"}],"collection":[{"href":"https:\/\/arcticexcursions.com\/da\/wp-json\/wp\/v2\/product"}],"about":[{"href":"https:\/\/arcticexcursions.com\/da\/wp-json\/wp\/v2\/types\/product"}],"replies":[{"embeddable":true,"href":"https:\/\/arcticexcursions.com\/da\/wp-json\/wp\/v2\/comments?post=38391"}],"wp:featuredmedia":[{"embeddable":true,"href":"https:\/\/arcticexcursions.com\/da\/wp-json\/wp\/v2\/media\/56253"}],"wp:attachment":[{"href":"https:\/\/arcticexcursions.com\/da\/wp-json\/wp\/v2\/media?parent=38391"}],"wp:term":[{"taxonomy":"product_brand","embeddable":true,"href":"https:\/\/arcticexcursions.com\/da\/wp-json\/wp\/v2\/product_brand?post=38391"},{"taxonomy":"product_cat","embeddable":true,"href":"https:\/\/arcticexcursions.com\/da\/wp-json\/wp\/v2\/product_cat?post=38391"},{"taxonomy":"product_tag","embeddable":true,"href":"https:\/\/arcticexcursions.com\/da\/wp-json\/wp\/v2\/product_tag?post=38391"}],"curies":[{"name":"wp","href":"https:\/\/api.w.org\/{rel}","templated":true}]}}