{"id":38587,"date":"2024-07-05T12:12:26","date_gmt":"2024-07-05T10:12:26","guid":{"rendered":"https:\/\/arcticexcursions.com\/?post_type=product&#038;p=38587"},"modified":"2024-07-05T12:49:27","modified_gmt":"2024-07-05T10:49:27","slug":"isfjordtur-i-ilulissat-med-aaben-baad","status":"publish","type":"product","link":"https:\/\/arcticexcursions.com\/da\/udflugter\/isfjordtur-i-ilulissat-med-aaben-baad\/","title":{"rendered":"Isfjordstur i Ilulissat med \u00e5ben b\u00e5d"},"content":{"rendered":"<p>Tag p\u00e5 en mindev\u00e6rdig udflugt gennem den spektakul\u00e6re Ilulissat Isfjord, hvor du kan se Gr\u00f8nlands betagende natur helt t\u00e6t p\u00e5. <\/p>\n<p>Vores dygtige kaptajn styrer dig gennem det iskolde hav og sikrer, at du f\u00e5r den bedst mulige udsigt til Ilulissats storsl\u00e5ede isbjerge.<\/p>\n<p>&#8211; Spektakul\u00e6re isbjerge: Beundr de fantastiske isbjerge, der flyder ud af Ilulissat Isfjord.<br \/>\nDisse naturlige skulpturer findes i mange forskellige former og st\u00f8rrelser, og deres sk\u00f8nhed og unikhed vil forbl\u00f8ffe dig.<\/p>\n<p>&#8211; Dyreliv: Hold udkig efter det rige dyreliv i regionen. Du kan v\u00e6re heldig at se s\u00e6ler, hvaler og forskellige arter, der trives i dette unikke \u00f8kosystem.<\/p>\n<p>&#8211; Lokal guidning: Vores lokale kaptajn vil komme med fascinerende anekdoter og oplysninger om isfjordens historie og geologi samt om, hvordan klimaforandringerne p\u00e5virker omr\u00e5det.<\/p>\n<p>&#8211; Fotografiske muligheder: Glem ikke dit kamera! Denne tur giver fremragende fotomuligheder til at fastholde minderne fra dit bes\u00f8g i Ilulissat.<\/p>\n<p>&#8211; Varmt og lagdelt t\u00f8j anbefales, da vi sejler i en \u00e5ben b\u00e5d. Vi har dragter til dig om bord!<\/p>\n<p><b>Varighed:<\/b> 1 time<\/p>\n<p><b>Deltagere:<\/b> Bem\u00e6rk venligst, at udflugten kun finder sted, hvis der er bestilt mindst 4 billetter i alt. Hvis du f.eks. bestiller 2 billetter, skal der s\u00e6lges mindst 2 ekstra billetter til andre kunder, for at turen kan gennemf\u00f8res. H\u00f8jst 7 personer kan deltage.<\/p>\n","protected":false},"excerpt":{"rendered":"<p>Tag med p\u00e5 en uforglemmelig Isfjordtur i Ilulissat &#8211; 1 time med \u00e5ben b\u00e5d<\/p>\n","protected":false},"featured_media":8666,"comment_status":"open","ping_status":"closed","template":"","meta":{"_acf_changed":false},"product_brand":[],"product_cat":[170],"product_tag":[],"class_list":{"0":"post-38587","1":"product","2":"type-product","3":"status-publish","4":"has-post-thumbnail","6":"product_cat-udflugt","7":"tour_location-ilulissat-da","8":"tour_type-baadture","9":"tour_tickettype-arctic_excursions","10":"tour_operator-ilulissat-local-guide","12":"first","13":"outofstock","14":"shipping-taxable","15":"product-type-variable"},"acf":[],"yoast_head":"<!-- This site is optimized with the Yoast SEO plugin v23.6 - https:\/\/yoast.com\/wordpress\/plugins\/seo\/ -->\n<title>Arctic Excursions<\/title>\n<meta name=\"robots\" content=\"index, follow, max-snippet:-1, max-image-preview:large, max-video-preview:-1\" \/>\n<link rel=\"canonical\" href=\"https:\/\/arcticexcursions.com\/da\/udflugter\/isfjordtur-i-ilulissat-med-aaben-baad\/\" \/>\n<meta property=\"og:locale\" content=\"da_DK\" \/>\n<meta property=\"og:type\" content=\"article\" \/>\n<meta property=\"og:title\" content=\"Isfjordstur i Ilulissat med \u00e5ben b\u00e5d - Arctic Excursions\" \/>\n<meta property=\"og:description\" content=\"Tag med p\u00e5 en uforglemmelig Isfjordtur i Ilulissat - 1 time med \u00e5ben b\u00e5d\" \/>\n<meta property=\"og:url\" content=\"https:\/\/arcticexcursions.com\/da\/udflugter\/isfjordtur-i-ilulissat-med-aaben-baad\/\" \/>\n<meta property=\"og:site_name\" content=\"Arctic Excursions\" \/>\n<meta property=\"article:modified_time\" content=\"2024-07-05T10:49:27+00:00\" \/>\n<meta property=\"og:image\" content=\"https:\/\/arcticexcursions.com\/wp-content\/uploads\/2023\/01\/20220529_144353-scaled.jpg\" \/>\n\t<meta property=\"og:image:width\" content=\"2560\" \/>\n\t<meta property=\"og:image:height\" content=\"1920\" \/>\n\t<meta property=\"og:image:type\" content=\"image\/jpeg\" \/>\n<meta name=\"twitter:card\" content=\"summary_large_image\" \/>\n<meta name=\"twitter:label1\" content=\"Estimeret l\u00e6setid\" \/>\n\t<meta name=\"twitter:data1\" content=\"1 minut\" \/>\n<script type=\"application\/ld+json\" class=\"yoast-schema-graph\">{\"@context\":\"https:\/\/schema.org\",\"@graph\":[{\"@type\":\"WebPage\",\"@id\":\"https:\/\/arcticexcursions.com\/da\/udflugter\/isfjordtur-i-ilulissat-med-aaben-baad\/\",\"url\":\"https:\/\/arcticexcursions.com\/da\/udflugter\/isfjordtur-i-ilulissat-med-aaben-baad\/\",\"name\":\"Isfjordstur i Ilulissat med \u00e5ben b\u00e5d - Arctic Excursions\",\"isPartOf\":{\"@id\":\"https:\/\/arcticexcursions.com\/#website\"},\"primaryImageOfPage\":{\"@id\":\"https:\/\/arcticexcursions.com\/da\/udflugter\/isfjordtur-i-ilulissat-med-aaben-baad\/#primaryimage\"},\"image\":{\"@id\":\"https:\/\/arcticexcursions.com\/da\/udflugter\/isfjordtur-i-ilulissat-med-aaben-baad\/#primaryimage\"},\"thumbnailUrl\":\"https:\/\/arcticexcursions.com\/wp-content\/uploads\/2023\/01\/20220529_144353-scaled.jpg\",\"datePublished\":\"2024-07-05T10:12:26+00:00\",\"dateModified\":\"2024-07-05T10:49:27+00:00\",\"breadcrumb\":{\"@id\":\"https:\/\/arcticexcursions.com\/da\/udflugter\/isfjordtur-i-ilulissat-med-aaben-baad\/#breadcrumb\"},\"inLanguage\":\"da-DK\",\"potentialAction\":[{\"@type\":\"ReadAction\",\"target\":[\"https:\/\/arcticexcursions.com\/da\/udflugter\/isfjordtur-i-ilulissat-med-aaben-baad\/\"]}]},{\"@type\":\"ImageObject\",\"inLanguage\":\"da-DK\",\"@id\":\"https:\/\/arcticexcursions.com\/da\/udflugter\/isfjordtur-i-ilulissat-med-aaben-baad\/#primaryimage\",\"url\":\"https:\/\/arcticexcursions.com\/wp-content\/uploads\/2023\/01\/20220529_144353-scaled.jpg\",\"contentUrl\":\"https:\/\/arcticexcursions.com\/wp-content\/uploads\/2023\/01\/20220529_144353-scaled.jpg\",\"width\":2560,\"height\":1920},{\"@type\":\"BreadcrumbList\",\"@id\":\"https:\/\/arcticexcursions.com\/da\/udflugter\/isfjordtur-i-ilulissat-med-aaben-baad\/#breadcrumb\",\"itemListElement\":[{\"@type\":\"ListItem\",\"position\":1,\"name\":\"Home\",\"item\":\"https:\/\/arcticexcursions.com\/da\/\"},{\"@type\":\"ListItem\",\"position\":2,\"name\":\"Udflugter i Gr\u00f8nland\",\"item\":\"https:\/\/arcticexcursions.com\/da\/udflugter\/\"},{\"@type\":\"ListItem\",\"position\":3,\"name\":\"Isfjordstur i Ilulissat med \u00e5ben b\u00e5d\"}]},{\"@type\":\"WebSite\",\"@id\":\"https:\/\/arcticexcursions.com\/#website\",\"url\":\"https:\/\/arcticexcursions.com\/\",\"name\":\"Arctic Excursions\",\"description\":\"New adventures. Every day.\",\"publisher\":{\"@id\":\"https:\/\/arcticexcursions.com\/#organization\"},\"potentialAction\":[{\"@type\":\"SearchAction\",\"target\":{\"@type\":\"EntryPoint\",\"urlTemplate\":\"https:\/\/arcticexcursions.com\/?s={search_term_string}\"},\"query-input\":{\"@type\":\"PropertyValueSpecification\",\"valueRequired\":true,\"valueName\":\"search_term_string\"}}],\"inLanguage\":\"da-DK\"},{\"@type\":\"Organization\",\"@id\":\"https:\/\/arcticexcursions.com\/#organization\",\"name\":\"Arctic Excursions\",\"url\":\"https:\/\/arcticexcursions.com\/\",\"logo\":{\"@type\":\"ImageObject\",\"inLanguage\":\"da-DK\",\"@id\":\"https:\/\/arcticexcursions.com\/#\/schema\/logo\/image\/\",\"url\":\"https:\/\/arcticexcursions.com\/wp-content\/uploads\/2022\/11\/fb-logo.png\",\"contentUrl\":\"https:\/\/arcticexcursions.com\/wp-content\/uploads\/2022\/11\/fb-logo.png\",\"width\":523,\"height\":523,\"caption\":\"Arctic Excursions\"},\"image\":{\"@id\":\"https:\/\/arcticexcursions.com\/#\/schema\/logo\/image\/\"}}]}<\/script>\n<!-- \/ Yoast SEO plugin. -->","yoast_head_json":{"title":"Arctic Excursions","robots":{"index":"index","follow":"follow","max-snippet":"max-snippet:-1","max-image-preview":"max-image-preview:large","max-video-preview":"max-video-preview:-1"},"canonical":"https:\/\/arcticexcursions.com\/da\/udflugter\/isfjordtur-i-ilulissat-med-aaben-baad\/","og_locale":"da_DK","og_type":"article","og_title":"Isfjordstur i Ilulissat med \u00e5ben b\u00e5d - Arctic Excursions","og_description":"Tag med p\u00e5 en uforglemmelig Isfjordtur i Ilulissat - 1 time med \u00e5ben b\u00e5d","og_url":"https:\/\/arcticexcursions.com\/da\/udflugter\/isfjordtur-i-ilulissat-med-aaben-baad\/","og_site_name":"Arctic Excursions","article_modified_time":"2024-07-05T10:49:27+00:00","og_image":[{"width":2560,"height":1920,"url":"https:\/\/arcticexcursions.com\/wp-content\/uploads\/2023\/01\/20220529_144353-scaled.jpg","type":"image\/jpeg"}],"twitter_card":"summary_large_image","twitter_misc":{"Estimeret l\u00e6setid":"1 minut"},"schema":{"@context":"https:\/\/schema.org","@graph":[{"@type":"WebPage","@id":"https:\/\/arcticexcursions.com\/da\/udflugter\/isfjordtur-i-ilulissat-med-aaben-baad\/","url":"https:\/\/arcticexcursions.com\/da\/udflugter\/isfjordtur-i-ilulissat-med-aaben-baad\/","name":"Isfjordstur i Ilulissat med \u00e5ben b\u00e5d - Arctic Excursions","isPartOf":{"@id":"https:\/\/arcticexcursions.com\/#website"},"primaryImageOfPage":{"@id":"https:\/\/arcticexcursions.com\/da\/udflugter\/isfjordtur-i-ilulissat-med-aaben-baad\/#primaryimage"},"image":{"@id":"https:\/\/arcticexcursions.com\/da\/udflugter\/isfjordtur-i-ilulissat-med-aaben-baad\/#primaryimage"},"thumbnailUrl":"https:\/\/arcticexcursions.com\/wp-content\/uploads\/2023\/01\/20220529_144353-scaled.jpg","datePublished":"2024-07-05T10:12:26+00:00","dateModified":"2024-07-05T10:49:27+00:00","breadcrumb":{"@id":"https:\/\/arcticexcursions.com\/da\/udflugter\/isfjordtur-i-ilulissat-med-aaben-baad\/#breadcrumb"},"inLanguage":"da-DK","potentialAction":[{"@type":"ReadAction","target":["https:\/\/arcticexcursions.com\/da\/udflugter\/isfjordtur-i-ilulissat-med-aaben-baad\/"]}]},{"@type":"ImageObject","inLanguage":"da-DK","@id":"https:\/\/arcticexcursions.com\/da\/udflugter\/isfjordtur-i-ilulissat-med-aaben-baad\/#primaryimage","url":"https:\/\/arcticexcursions.com\/wp-content\/uploads\/2023\/01\/20220529_144353-scaled.jpg","contentUrl":"https:\/\/arcticexcursions.com\/wp-content\/uploads\/2023\/01\/20220529_144353-scaled.jpg","width":2560,"height":1920},{"@type":"BreadcrumbList","@id":"https:\/\/arcticexcursions.com\/da\/udflugter\/isfjordtur-i-ilulissat-med-aaben-baad\/#breadcrumb","itemListElement":[{"@type":"ListItem","position":1,"name":"Home","item":"https:\/\/arcticexcursions.com\/da\/"},{"@type":"ListItem","position":2,"name":"Udflugter i Gr\u00f8nland","item":"https:\/\/arcticexcursions.com\/da\/udflugter\/"},{"@type":"ListItem","position":3,"name":"Isfjordstur i Ilulissat med \u00e5ben b\u00e5d"}]},{"@type":"WebSite","@id":"https:\/\/arcticexcursions.com\/#website","url":"https:\/\/arcticexcursions.com\/","name":"Arctic Excursions","description":"New adventures. Every day.","publisher":{"@id":"https:\/\/arcticexcursions.com\/#organization"},"potentialAction":[{"@type":"SearchAction","target":{"@type":"EntryPoint","urlTemplate":"https:\/\/arcticexcursions.com\/?s={search_term_string}"},"query-input":{"@type":"PropertyValueSpecification","valueRequired":true,"valueName":"search_term_string"}}],"inLanguage":"da-DK"},{"@type":"Organization","@id":"https:\/\/arcticexcursions.com\/#organization","name":"Arctic Excursions","url":"https:\/\/arcticexcursions.com\/","logo":{"@type":"ImageObject","inLanguage":"da-DK","@id":"https:\/\/arcticexcursions.com\/#\/schema\/logo\/image\/","url":"https:\/\/arcticexcursions.com\/wp-content\/uploads\/2022\/11\/fb-logo.png","contentUrl":"https:\/\/arcticexcursions.com\/wp-content\/uploads\/2022\/11\/fb-logo.png","width":523,"height":523,"caption":"Arctic Excursions"},"image":{"@id":"https:\/\/arcticexcursions.com\/#\/schema\/logo\/image\/"}}]}},"_links":{"self":[{"href":"https:\/\/arcticexcursions.com\/da\/wp-json\/wp\/v2\/product\/38587"}],"collection":[{"href":"https:\/\/arcticexcursions.com\/da\/wp-json\/wp\/v2\/product"}],"about":[{"href":"https:\/\/arcticexcursions.com\/da\/wp-json\/wp\/v2\/types\/product"}],"replies":[{"embeddable":true,"href":"https:\/\/arcticexcursions.com\/da\/wp-json\/wp\/v2\/comments?post=38587"}],"wp:featuredmedia":[{"embeddable":true,"href":"https:\/\/arcticexcursions.com\/da\/wp-json\/wp\/v2\/media\/8666"}],"wp:attachment":[{"href":"https:\/\/arcticexcursions.com\/da\/wp-json\/wp\/v2\/media?parent=38587"}],"wp:term":[{"taxonomy":"product_brand","embeddable":true,"href":"https:\/\/arcticexcursions.com\/da\/wp-json\/wp\/v2\/product_brand?post=38587"},{"taxonomy":"product_cat","embeddable":true,"href":"https:\/\/arcticexcursions.com\/da\/wp-json\/wp\/v2\/product_cat?post=38587"},{"taxonomy":"product_tag","embeddable":true,"href":"https:\/\/arcticexcursions.com\/da\/wp-json\/wp\/v2\/product_tag?post=38587"}],"curies":[{"name":"wp","href":"https:\/\/api.w.org\/{rel}","templated":true}]}}