{"id":39578,"date":"2024-08-08T13:53:16","date_gmt":"2024-08-08T11:53:16","guid":{"rendered":"https:\/\/arcticexcursions.com\/?post_type=product&#038;p=39578"},"modified":"2026-04-13T16:15:49","modified_gmt":"2026-04-13T14:15:49","slug":"icefjord-serenity-cruise","status":"publish","type":"product","link":"https:\/\/arcticexcursions.com\/da\/udflugter\/icefjord-serenity-cruise\/","title":{"rendered":"Icefjord Serenity Cruise"},"content":{"rendered":"<p>Vores 6-timers fjordudflugt giver dig mulighed for at opleve Gr\u00f8nlands rolige pragt. <\/p>\n<p>Denne tur tilbyder den ideelle balance mellem action og ro i sindet, hvilket g\u00f8r det til en s\u00e6rlig chance for at komme i kontakt med den betagende naturlige sk\u00f8nhed i Arktis.<\/p>\n<p>Turen starter med et afslappet tre timers krydstogt dybt inde i fjorden, hvor du kan slappe af og nyde den f\u00e6ngslende lyd af is, der bryder. <\/p>\n<p>Du vil kunne se den betagende indlandsis helt t\u00e6t p\u00e5, n\u00e5r vi sejler s\u00e5 dybt ind i fjorden, som isen tillader.<\/p>\n<p>Vi stopper midt p\u00e5 vejen til en afslappende frokost eller whisky-pause midt i de fredelige omgivelser, s\u00e5 du kan tage det hele ind. Vi anbefaler, at du enten medbringer din egen mad eller bestiller en middag hos os, som du kan nyde i denne pause.<\/p>\n<p>Tag med p\u00e5 denne fantastiske arktiske rejse og oplev den storsl\u00e5ede indlandsis i et helt unikt og roligt milj\u00f8. <\/p>\n<p><b>Varighed:<\/b> 6 timer<\/p>\n<p><b>Deltagere:<\/b> Bem\u00e6rk venligst, at udflugten kun finder sted, hvis der er bestilt mindst 4 billetter i alt. Hvis du f.eks. bestiller 2 billetter, skal der s\u00e6lges mindst 2 ekstra billetter til andre kunder, for at turen kan gennemf\u00f8res. H\u00f8jst 6 personer kan deltage.\t<\/p>\n<p><b>Sprog:<\/b> Guiden\/kaptajnen taler dansk, engelsk og gr\u00f8nlandsk <\/p>\n<p><b>B\u00e5dtype:<\/b> Lukket b\u00e5d <\/p>\n<p><b>Toiletforhold:<\/b> Der er toilet p\u00e5 b\u00e5den <\/p>\n<p><b>Forplejning:<\/b> Kaffe og te serveres p\u00e5 b\u00e5den <\/p>\n<p><b>Anbefalet p\u00e5kl\u00e6dning:<\/b> Varmt t\u00f8j inkl. hue og handsker hele \u00e5ret. Solbriller. Solcreme om sommeren.<\/p>\n","protected":false},"excerpt":{"rendered":"<p>Oplev dette afslappende 6 timers cruise i isfjorden<\/p>\n","protected":false},"featured_media":39901,"comment_status":"open","ping_status":"closed","template":"","meta":{"_acf_changed":false},"product_brand":[],"product_cat":[101,170],"product_tag":[],"class_list":{"0":"post-39578","1":"product","2":"type-product","3":"status-publish","4":"has-post-thumbnail","6":"product_cat-tour","7":"product_cat-udflugt","8":"pa_dato-1270","9":"pa_dato-6014","10":"pa_dato-1271","11":"pa_dato-6016","12":"pa_dato-1272","13":"pa_dato-1273","14":"pa_dato-1274","15":"pa_dato-1359","16":"pa_dato-1275","17":"pa_dato-1323","18":"pa_dato-1276","19":"pa_dato-6010","20":"pa_dato-6082","21":"pa_dato-6079","22":"pa_dato-5927","23":"pa_dato-6086","24":"pa_dato-6048","25":"pa_dato-6083","26":"pa_dato-6039","27":"pa_dato-6043","28":"pa_dato-6065","29":"pa_dato-6070","30":"pa_dato-6018","31":"pa_dato-5999","32":"pa_dato-6005","33":"pa_dato-5892","34":"pa_dato-5951","35":"pa_dato-5879","36":"pa_dato-5983","37":"pa_dato-5974","38":"pa_dato-5975","39":"pa_dato-5976","40":"pa_dato-6059","41":"pa_dato-6067","42":"pa_dato-6023","43":"pa_dato-6006","44":"pa_dato-5955","45":"pa_dato-6062","46":"pa_dato-5930","47":"pa_dato-5929","48":"pa_dato-5928","49":"pa_dato-5988","50":"pa_dato-5924","51":"pa_dato-5956","52":"pa_dato-5980","53":"pa_dato-5977","54":"pa_dato-6060","55":"pa_dato-5978","56":"pa_dato-5940","57":"pa_dato-6003","58":"pa_dato-6074","59":"pa_dato-5942","60":"pa_dato-6078","61":"pa_dato-5982","62":"pa_dato-6094","63":"pa_dato-6091","64":"pa_dato-6148","65":"pa_dato-5944","66":"pa_dato-5945","67":"pa_dato-6106","68":"pa_dato-6264","69":"pa_dato-6133","70":"pa_dato-6159","71":"pa_dato-6321","72":"pa_dato-6332","73":"pa_dato-6333","74":"pa_dato-6298","75":"pa_dato-6210","76":"pa_dato-6446","77":"pa_dato-6120","78":"pa_dato-6415","79":"pa_dato-6178","80":"pa_dato-6376","81":"pa_dato-6225","82":"pa_dato-6218","83":"pa_dato-6219","84":"pa_dato-6220","85":"pa_dato-6230","86":"pa_tidspunkt-209","87":"pa_tidspunkt-70","88":"pa_tidspunkt-72","89":"pa_tidspunkt-40","90":"pa_tidspunkt-304","91":"pa_tidspunkt-229","92":"pa_tidspunkt-314","93":"pa_tidspunkt-308","94":"pa_tidspunkt-27","95":"pa_tidspunkt-61","96":"pa_tidspunkt-60","97":"pa_tidspunkt-426","98":"pa_tidspunkt-57","99":"pa_tidspunkt-110","100":"tour_location-nuuk-da","101":"tour_type-baadture","102":"tour_tickettype-arctic_excursions","103":"tour_tickettype-greenland_travel_tour","104":"tour_tickettype-greenland_travel_team","105":"tour_operator-raw-arctic","107":"first","108":"instock","109":"shipping-taxable","110":"purchasable","111":"product-type-variable"},"acf":[],"yoast_head":"<!-- This site is optimized with the Yoast SEO plugin v23.6 - https:\/\/yoast.com\/wordpress\/plugins\/seo\/ -->\n<title>Arctic Excursions<\/title>\n<meta name=\"robots\" content=\"index, follow, max-snippet:-1, max-image-preview:large, max-video-preview:-1\" \/>\n<link rel=\"canonical\" href=\"https:\/\/arcticexcursions.com\/da\/udflugter\/icefjord-serenity-cruise\/\" \/>\n<meta property=\"og:locale\" content=\"da_DK\" \/>\n<meta property=\"og:type\" content=\"article\" \/>\n<meta property=\"og:title\" content=\"Icefjord Serenity Cruise - Arctic Excursions\" \/>\n<meta property=\"og:description\" content=\"Oplev dette afslappende 6 timers cruise i isfjorden\" \/>\n<meta property=\"og:url\" content=\"https:\/\/arcticexcursions.com\/da\/udflugter\/icefjord-serenity-cruise\/\" \/>\n<meta property=\"og:site_name\" content=\"Arctic Excursions\" \/>\n<meta property=\"article:modified_time\" content=\"2026-04-13T14:15:49+00:00\" \/>\n<meta property=\"og:image\" content=\"https:\/\/arcticexcursions.com\/wp-content\/uploads\/2024\/08\/icefjord-2-scaled.jpg\" \/>\n\t<meta property=\"og:image:width\" content=\"2560\" \/>\n\t<meta property=\"og:image:height\" content=\"1440\" \/>\n\t<meta property=\"og:image:type\" content=\"image\/jpeg\" \/>\n<meta name=\"twitter:card\" content=\"summary_large_image\" \/>\n<meta name=\"twitter:label1\" content=\"Estimeret l\u00e6setid\" \/>\n\t<meta name=\"twitter:data1\" content=\"1 minut\" \/>\n<script type=\"application\/ld+json\" class=\"yoast-schema-graph\">{\"@context\":\"https:\/\/schema.org\",\"@graph\":[{\"@type\":\"WebPage\",\"@id\":\"https:\/\/arcticexcursions.com\/da\/udflugter\/icefjord-serenity-cruise\/\",\"url\":\"https:\/\/arcticexcursions.com\/da\/udflugter\/icefjord-serenity-cruise\/\",\"name\":\"Icefjord Serenity Cruise - Arctic Excursions\",\"isPartOf\":{\"@id\":\"https:\/\/arcticexcursions.com\/#website\"},\"primaryImageOfPage\":{\"@id\":\"https:\/\/arcticexcursions.com\/da\/udflugter\/icefjord-serenity-cruise\/#primaryimage\"},\"image\":{\"@id\":\"https:\/\/arcticexcursions.com\/da\/udflugter\/icefjord-serenity-cruise\/#primaryimage\"},\"thumbnailUrl\":\"https:\/\/arcticexcursions.com\/wp-content\/uploads\/2024\/08\/icefjord-2-scaled.jpg\",\"datePublished\":\"2024-08-08T11:53:16+00:00\",\"dateModified\":\"2026-04-13T14:15:49+00:00\",\"breadcrumb\":{\"@id\":\"https:\/\/arcticexcursions.com\/da\/udflugter\/icefjord-serenity-cruise\/#breadcrumb\"},\"inLanguage\":\"da-DK\",\"potentialAction\":[{\"@type\":\"ReadAction\",\"target\":[\"https:\/\/arcticexcursions.com\/da\/udflugter\/icefjord-serenity-cruise\/\"]}]},{\"@type\":\"ImageObject\",\"inLanguage\":\"da-DK\",\"@id\":\"https:\/\/arcticexcursions.com\/da\/udflugter\/icefjord-serenity-cruise\/#primaryimage\",\"url\":\"https:\/\/arcticexcursions.com\/wp-content\/uploads\/2024\/08\/icefjord-2-scaled.jpg\",\"contentUrl\":\"https:\/\/arcticexcursions.com\/wp-content\/uploads\/2024\/08\/icefjord-2-scaled.jpg\",\"width\":2560,\"height\":1440},{\"@type\":\"BreadcrumbList\",\"@id\":\"https:\/\/arcticexcursions.com\/da\/udflugter\/icefjord-serenity-cruise\/#breadcrumb\",\"itemListElement\":[{\"@type\":\"ListItem\",\"position\":1,\"name\":\"Home\",\"item\":\"https:\/\/arcticexcursions.com\/da\/\"},{\"@type\":\"ListItem\",\"position\":2,\"name\":\"Udflugter i Gr\u00f8nland\",\"item\":\"https:\/\/arcticexcursions.com\/da\/udflugter\/\"},{\"@type\":\"ListItem\",\"position\":3,\"name\":\"Icefjord Serenity Cruise\"}]},{\"@type\":\"WebSite\",\"@id\":\"https:\/\/arcticexcursions.com\/#website\",\"url\":\"https:\/\/arcticexcursions.com\/\",\"name\":\"Arctic Excursions\",\"description\":\"New adventures. Every day.\",\"publisher\":{\"@id\":\"https:\/\/arcticexcursions.com\/#organization\"},\"potentialAction\":[{\"@type\":\"SearchAction\",\"target\":{\"@type\":\"EntryPoint\",\"urlTemplate\":\"https:\/\/arcticexcursions.com\/?s={search_term_string}\"},\"query-input\":{\"@type\":\"PropertyValueSpecification\",\"valueRequired\":true,\"valueName\":\"search_term_string\"}}],\"inLanguage\":\"da-DK\"},{\"@type\":\"Organization\",\"@id\":\"https:\/\/arcticexcursions.com\/#organization\",\"name\":\"Arctic Excursions\",\"url\":\"https:\/\/arcticexcursions.com\/\",\"logo\":{\"@type\":\"ImageObject\",\"inLanguage\":\"da-DK\",\"@id\":\"https:\/\/arcticexcursions.com\/#\/schema\/logo\/image\/\",\"url\":\"https:\/\/arcticexcursions.com\/wp-content\/uploads\/2022\/11\/fb-logo.png\",\"contentUrl\":\"https:\/\/arcticexcursions.com\/wp-content\/uploads\/2022\/11\/fb-logo.png\",\"width\":523,\"height\":523,\"caption\":\"Arctic Excursions\"},\"image\":{\"@id\":\"https:\/\/arcticexcursions.com\/#\/schema\/logo\/image\/\"}}]}<\/script>\n<!-- \/ Yoast SEO plugin. -->","yoast_head_json":{"title":"Arctic Excursions","robots":{"index":"index","follow":"follow","max-snippet":"max-snippet:-1","max-image-preview":"max-image-preview:large","max-video-preview":"max-video-preview:-1"},"canonical":"https:\/\/arcticexcursions.com\/da\/udflugter\/icefjord-serenity-cruise\/","og_locale":"da_DK","og_type":"article","og_title":"Icefjord Serenity Cruise - Arctic Excursions","og_description":"Oplev dette afslappende 6 timers cruise i isfjorden","og_url":"https:\/\/arcticexcursions.com\/da\/udflugter\/icefjord-serenity-cruise\/","og_site_name":"Arctic Excursions","article_modified_time":"2026-04-13T14:15:49+00:00","og_image":[{"width":2560,"height":1440,"url":"https:\/\/arcticexcursions.com\/wp-content\/uploads\/2024\/08\/icefjord-2-scaled.jpg","type":"image\/jpeg"}],"twitter_card":"summary_large_image","twitter_misc":{"Estimeret l\u00e6setid":"1 minut"},"schema":{"@context":"https:\/\/schema.org","@graph":[{"@type":"WebPage","@id":"https:\/\/arcticexcursions.com\/da\/udflugter\/icefjord-serenity-cruise\/","url":"https:\/\/arcticexcursions.com\/da\/udflugter\/icefjord-serenity-cruise\/","name":"Icefjord Serenity Cruise - Arctic Excursions","isPartOf":{"@id":"https:\/\/arcticexcursions.com\/#website"},"primaryImageOfPage":{"@id":"https:\/\/arcticexcursions.com\/da\/udflugter\/icefjord-serenity-cruise\/#primaryimage"},"image":{"@id":"https:\/\/arcticexcursions.com\/da\/udflugter\/icefjord-serenity-cruise\/#primaryimage"},"thumbnailUrl":"https:\/\/arcticexcursions.com\/wp-content\/uploads\/2024\/08\/icefjord-2-scaled.jpg","datePublished":"2024-08-08T11:53:16+00:00","dateModified":"2026-04-13T14:15:49+00:00","breadcrumb":{"@id":"https:\/\/arcticexcursions.com\/da\/udflugter\/icefjord-serenity-cruise\/#breadcrumb"},"inLanguage":"da-DK","potentialAction":[{"@type":"ReadAction","target":["https:\/\/arcticexcursions.com\/da\/udflugter\/icefjord-serenity-cruise\/"]}]},{"@type":"ImageObject","inLanguage":"da-DK","@id":"https:\/\/arcticexcursions.com\/da\/udflugter\/icefjord-serenity-cruise\/#primaryimage","url":"https:\/\/arcticexcursions.com\/wp-content\/uploads\/2024\/08\/icefjord-2-scaled.jpg","contentUrl":"https:\/\/arcticexcursions.com\/wp-content\/uploads\/2024\/08\/icefjord-2-scaled.jpg","width":2560,"height":1440},{"@type":"BreadcrumbList","@id":"https:\/\/arcticexcursions.com\/da\/udflugter\/icefjord-serenity-cruise\/#breadcrumb","itemListElement":[{"@type":"ListItem","position":1,"name":"Home","item":"https:\/\/arcticexcursions.com\/da\/"},{"@type":"ListItem","position":2,"name":"Udflugter i Gr\u00f8nland","item":"https:\/\/arcticexcursions.com\/da\/udflugter\/"},{"@type":"ListItem","position":3,"name":"Icefjord Serenity Cruise"}]},{"@type":"WebSite","@id":"https:\/\/arcticexcursions.com\/#website","url":"https:\/\/arcticexcursions.com\/","name":"Arctic Excursions","description":"New adventures. Every day.","publisher":{"@id":"https:\/\/arcticexcursions.com\/#organization"},"potentialAction":[{"@type":"SearchAction","target":{"@type":"EntryPoint","urlTemplate":"https:\/\/arcticexcursions.com\/?s={search_term_string}"},"query-input":{"@type":"PropertyValueSpecification","valueRequired":true,"valueName":"search_term_string"}}],"inLanguage":"da-DK"},{"@type":"Organization","@id":"https:\/\/arcticexcursions.com\/#organization","name":"Arctic Excursions","url":"https:\/\/arcticexcursions.com\/","logo":{"@type":"ImageObject","inLanguage":"da-DK","@id":"https:\/\/arcticexcursions.com\/#\/schema\/logo\/image\/","url":"https:\/\/arcticexcursions.com\/wp-content\/uploads\/2022\/11\/fb-logo.png","contentUrl":"https:\/\/arcticexcursions.com\/wp-content\/uploads\/2022\/11\/fb-logo.png","width":523,"height":523,"caption":"Arctic Excursions"},"image":{"@id":"https:\/\/arcticexcursions.com\/#\/schema\/logo\/image\/"}}]}},"_links":{"self":[{"href":"https:\/\/arcticexcursions.com\/da\/wp-json\/wp\/v2\/product\/39578"}],"collection":[{"href":"https:\/\/arcticexcursions.com\/da\/wp-json\/wp\/v2\/product"}],"about":[{"href":"https:\/\/arcticexcursions.com\/da\/wp-json\/wp\/v2\/types\/product"}],"replies":[{"embeddable":true,"href":"https:\/\/arcticexcursions.com\/da\/wp-json\/wp\/v2\/comments?post=39578"}],"wp:featuredmedia":[{"embeddable":true,"href":"https:\/\/arcticexcursions.com\/da\/wp-json\/wp\/v2\/media\/39901"}],"wp:attachment":[{"href":"https:\/\/arcticexcursions.com\/da\/wp-json\/wp\/v2\/media?parent=39578"}],"wp:term":[{"taxonomy":"product_brand","embeddable":true,"href":"https:\/\/arcticexcursions.com\/da\/wp-json\/wp\/v2\/product_brand?post=39578"},{"taxonomy":"product_cat","embeddable":true,"href":"https:\/\/arcticexcursions.com\/da\/wp-json\/wp\/v2\/product_cat?post=39578"},{"taxonomy":"product_tag","embeddable":true,"href":"https:\/\/arcticexcursions.com\/da\/wp-json\/wp\/v2\/product_tag?post=39578"}],"curies":[{"name":"wp","href":"https:\/\/api.w.org\/{rel}","templated":true}]}}