{"id":39769,"date":"2024-08-16T08:15:14","date_gmt":"2024-08-16T06:15:14","guid":{"rendered":"https:\/\/arcticexcursions.com\/?post_type=product&#038;p=39769"},"modified":"2025-11-04T19:42:17","modified_gmt":"2025-11-04T17:42:17","slug":"fiord-cruise-wiht-open-boat","status":"publish","type":"product","link":"https:\/\/arcticexcursions.com\/da\/udflugter\/fiord-cruise-wiht-open-boat\/","title":{"rendered":"Fjordsafari med \u00e5ben b\u00e5d"},"content":{"rendered":"<p>Tag med p\u00e5 en sp\u00e6ndende 2-timers sejltur i Nuuk Fjord for at se det storsl\u00e5ede gr\u00f8nlandske landskab fra en \u00e5ben b\u00e5d. <\/p>\n<p>Turen tager dig gennem den spektakul\u00e6re fjordregion, hvor du kan se de h\u00f8je bjerge og dybe bl\u00e5 vandveje og m\u00e5ske endda f\u00e5 \u00f8je p\u00e5 nogle af omr\u00e5dets mange dyr, s\u00e5som s\u00e6ler, hvaler og hav\u00f8rne.<\/p>\n<p>Du kan l\u00e5ne dragter under hele turen for at sikre din komfort og sikkerhed. Disse dragter er designet til at holde dig varm og t\u00f8r, s\u00e5 du kan nyde turen fuldt ud uanset vejret. <\/p>\n<p>Fjorden er kendt for sit omskiftelige milj\u00f8, men med det rette t\u00f8j kan du nyde den smukke natur og de friske, klare luftstr\u00f8mme.<\/p>\n<p>De to timer p\u00e5 vandet vil give dig en st\u00e6rk tilknytning til fjorden og dens omgivelser, og du vil vende hjem med minder om en betagende region p\u00e5 kloden, som kun f\u00e5 mennesker har set.<\/p>\n<p><b>Varighed:<\/b> 2 timer.<\/p>\n<p><b>Deltagere:<\/b> Bem\u00e6rk venligst, at udflugten kun finder sted, hvis der er bestilt mindst 4 billetter i alt. Hvis du f.eks. bestiller 2 billetter, skal der s\u00e6lges mindst 2 ekstra billetter til andre kunder, for at turen kan gennemf\u00f8res. H\u00f8jst 6 personer kan deltage.<\/p>\n<p><b>Sprog:<\/b> Guiden\/kaptajnen taler dansk, engelsk og gr\u00f8nlandsk<\/p>\n<p><b>B\u00e5dtype:<\/b> \u00c5ben b\u00e5d<\/p>\n<p><b>Anbefalet p\u00e5kl\u00e6dning:<\/b> Varmt t\u00f8j inkl. hue og handsker hele \u00e5ret. Solbriller. Solcreme om sommeren. (varme dragter kan l\u00e5nes)<\/p>\n","protected":false},"excerpt":{"rendered":"<p>Oplev en 2 timers fjordsafari med \u00e5ben b\u00e5d<\/p>\n","protected":false},"featured_media":39765,"comment_status":"open","ping_status":"closed","template":"","meta":{"_acf_changed":false},"product_brand":[],"product_cat":[101,170],"product_tag":[],"class_list":{"0":"post-39769","1":"product","2":"type-product","3":"status-publish","4":"has-post-thumbnail","6":"product_cat-tour","7":"product_cat-udflugt","8":"pa_dato-1020","9":"pa_dato-1021","10":"pa_dato-1022","11":"pa_tidspunkt-40","12":"pa_tidspunkt-223","13":"pa_tidspunkt-27","14":"tour_location-narsaq-da","15":"tour_type-baadture","16":"tour_tickettype-arctic_excursions","17":"tour_operator-feel-greenland","19":"first","20":"outofstock","21":"shipping-taxable","22":"product-type-variable"},"acf":[],"yoast_head":"<!-- This site is optimized with the Yoast SEO plugin v23.6 - https:\/\/yoast.com\/wordpress\/plugins\/seo\/ -->\n<title>Arctic Excursions<\/title>\n<meta name=\"robots\" content=\"index, follow, max-snippet:-1, max-image-preview:large, max-video-preview:-1\" \/>\n<link rel=\"canonical\" href=\"https:\/\/arcticexcursions.com\/udflugter\/fiord-cruise-wiht-open-boat\/\" \/>\n<meta property=\"og:locale\" content=\"da_DK\" \/>\n<meta property=\"og:type\" content=\"article\" \/>\n<meta property=\"og:title\" content=\"Fjordsafari med \u00e5ben b\u00e5d - Arctic Excursions\" \/>\n<meta property=\"og:description\" content=\"Oplev en 2 timers fjordsafari med \u00e5ben b\u00e5d\" \/>\n<meta property=\"og:url\" content=\"https:\/\/arcticexcursions.com\/udflugter\/fiord-cruise-wiht-open-boat\/\" \/>\n<meta property=\"og:site_name\" content=\"Arctic Excursions\" \/>\n<meta property=\"article:modified_time\" content=\"2025-11-04T17:42:17+00:00\" \/>\n<meta property=\"og:image\" content=\"https:\/\/arcticexcursions.com\/wp-content\/uploads\/2024\/08\/billede-11.png\" \/>\n\t<meta property=\"og:image:width\" content=\"607\" \/>\n\t<meta property=\"og:image:height\" content=\"762\" \/>\n\t<meta property=\"og:image:type\" content=\"image\/png\" \/>\n<meta name=\"twitter:card\" content=\"summary_large_image\" \/>\n<meta name=\"twitter:label1\" content=\"Estimeret l\u00e6setid\" \/>\n\t<meta name=\"twitter:data1\" content=\"1 minut\" \/>\n<script type=\"application\/ld+json\" class=\"yoast-schema-graph\">{\"@context\":\"https:\/\/schema.org\",\"@graph\":[{\"@type\":\"WebPage\",\"@id\":\"https:\/\/arcticexcursions.com\/udflugter\/fiord-cruise-wiht-open-boat\/\",\"url\":\"https:\/\/arcticexcursions.com\/udflugter\/fiord-cruise-wiht-open-boat\/\",\"name\":\"Fjordsafari med \u00e5ben b\u00e5d - Arctic Excursions\",\"isPartOf\":{\"@id\":\"https:\/\/arcticexcursions.com\/#website\"},\"primaryImageOfPage\":{\"@id\":\"https:\/\/arcticexcursions.com\/udflugter\/fiord-cruise-wiht-open-boat\/#primaryimage\"},\"image\":{\"@id\":\"https:\/\/arcticexcursions.com\/udflugter\/fiord-cruise-wiht-open-boat\/#primaryimage\"},\"thumbnailUrl\":\"https:\/\/arcticexcursions.com\/wp-content\/uploads\/2024\/08\/billede-11.png\",\"datePublished\":\"2024-08-16T06:15:14+00:00\",\"dateModified\":\"2025-11-04T17:42:17+00:00\",\"breadcrumb\":{\"@id\":\"https:\/\/arcticexcursions.com\/udflugter\/fiord-cruise-wiht-open-boat\/#breadcrumb\"},\"inLanguage\":\"da-DK\",\"potentialAction\":[{\"@type\":\"ReadAction\",\"target\":[\"https:\/\/arcticexcursions.com\/udflugter\/fiord-cruise-wiht-open-boat\/\"]}]},{\"@type\":\"ImageObject\",\"inLanguage\":\"da-DK\",\"@id\":\"https:\/\/arcticexcursions.com\/udflugter\/fiord-cruise-wiht-open-boat\/#primaryimage\",\"url\":\"https:\/\/arcticexcursions.com\/wp-content\/uploads\/2024\/08\/billede-11.png\",\"contentUrl\":\"https:\/\/arcticexcursions.com\/wp-content\/uploads\/2024\/08\/billede-11.png\",\"width\":607,\"height\":762},{\"@type\":\"BreadcrumbList\",\"@id\":\"https:\/\/arcticexcursions.com\/udflugter\/fiord-cruise-wiht-open-boat\/#breadcrumb\",\"itemListElement\":[{\"@type\":\"ListItem\",\"position\":1,\"name\":\"Home\",\"item\":\"https:\/\/arcticexcursions.com\/da\/\"},{\"@type\":\"ListItem\",\"position\":2,\"name\":\"Udflugter i Gr\u00f8nland\",\"item\":\"https:\/\/arcticexcursions.com\/da\/udflugter\/\"},{\"@type\":\"ListItem\",\"position\":3,\"name\":\"Fjordsafari med \u00e5ben b\u00e5d\"}]},{\"@type\":\"WebSite\",\"@id\":\"https:\/\/arcticexcursions.com\/#website\",\"url\":\"https:\/\/arcticexcursions.com\/\",\"name\":\"Arctic Excursions\",\"description\":\"New adventures. Every day.\",\"publisher\":{\"@id\":\"https:\/\/arcticexcursions.com\/#organization\"},\"potentialAction\":[{\"@type\":\"SearchAction\",\"target\":{\"@type\":\"EntryPoint\",\"urlTemplate\":\"https:\/\/arcticexcursions.com\/?s={search_term_string}\"},\"query-input\":{\"@type\":\"PropertyValueSpecification\",\"valueRequired\":true,\"valueName\":\"search_term_string\"}}],\"inLanguage\":\"da-DK\"},{\"@type\":\"Organization\",\"@id\":\"https:\/\/arcticexcursions.com\/#organization\",\"name\":\"Arctic Excursions\",\"url\":\"https:\/\/arcticexcursions.com\/\",\"logo\":{\"@type\":\"ImageObject\",\"inLanguage\":\"da-DK\",\"@id\":\"https:\/\/arcticexcursions.com\/#\/schema\/logo\/image\/\",\"url\":\"https:\/\/arcticexcursions.com\/wp-content\/uploads\/2022\/11\/fb-logo.png\",\"contentUrl\":\"https:\/\/arcticexcursions.com\/wp-content\/uploads\/2022\/11\/fb-logo.png\",\"width\":523,\"height\":523,\"caption\":\"Arctic Excursions\"},\"image\":{\"@id\":\"https:\/\/arcticexcursions.com\/#\/schema\/logo\/image\/\"}}]}<\/script>\n<!-- \/ Yoast SEO plugin. -->","yoast_head_json":{"title":"Arctic Excursions","robots":{"index":"index","follow":"follow","max-snippet":"max-snippet:-1","max-image-preview":"max-image-preview:large","max-video-preview":"max-video-preview:-1"},"canonical":"https:\/\/arcticexcursions.com\/udflugter\/fiord-cruise-wiht-open-boat\/","og_locale":"da_DK","og_type":"article","og_title":"Fjordsafari med \u00e5ben b\u00e5d - Arctic Excursions","og_description":"Oplev en 2 timers fjordsafari med \u00e5ben b\u00e5d","og_url":"https:\/\/arcticexcursions.com\/udflugter\/fiord-cruise-wiht-open-boat\/","og_site_name":"Arctic Excursions","article_modified_time":"2025-11-04T17:42:17+00:00","og_image":[{"width":607,"height":762,"url":"https:\/\/arcticexcursions.com\/wp-content\/uploads\/2024\/08\/billede-11.png","type":"image\/png"}],"twitter_card":"summary_large_image","twitter_misc":{"Estimeret l\u00e6setid":"1 minut"},"schema":{"@context":"https:\/\/schema.org","@graph":[{"@type":"WebPage","@id":"https:\/\/arcticexcursions.com\/udflugter\/fiord-cruise-wiht-open-boat\/","url":"https:\/\/arcticexcursions.com\/udflugter\/fiord-cruise-wiht-open-boat\/","name":"Fjordsafari med \u00e5ben b\u00e5d - Arctic Excursions","isPartOf":{"@id":"https:\/\/arcticexcursions.com\/#website"},"primaryImageOfPage":{"@id":"https:\/\/arcticexcursions.com\/udflugter\/fiord-cruise-wiht-open-boat\/#primaryimage"},"image":{"@id":"https:\/\/arcticexcursions.com\/udflugter\/fiord-cruise-wiht-open-boat\/#primaryimage"},"thumbnailUrl":"https:\/\/arcticexcursions.com\/wp-content\/uploads\/2024\/08\/billede-11.png","datePublished":"2024-08-16T06:15:14+00:00","dateModified":"2025-11-04T17:42:17+00:00","breadcrumb":{"@id":"https:\/\/arcticexcursions.com\/udflugter\/fiord-cruise-wiht-open-boat\/#breadcrumb"},"inLanguage":"da-DK","potentialAction":[{"@type":"ReadAction","target":["https:\/\/arcticexcursions.com\/udflugter\/fiord-cruise-wiht-open-boat\/"]}]},{"@type":"ImageObject","inLanguage":"da-DK","@id":"https:\/\/arcticexcursions.com\/udflugter\/fiord-cruise-wiht-open-boat\/#primaryimage","url":"https:\/\/arcticexcursions.com\/wp-content\/uploads\/2024\/08\/billede-11.png","contentUrl":"https:\/\/arcticexcursions.com\/wp-content\/uploads\/2024\/08\/billede-11.png","width":607,"height":762},{"@type":"BreadcrumbList","@id":"https:\/\/arcticexcursions.com\/udflugter\/fiord-cruise-wiht-open-boat\/#breadcrumb","itemListElement":[{"@type":"ListItem","position":1,"name":"Home","item":"https:\/\/arcticexcursions.com\/da\/"},{"@type":"ListItem","position":2,"name":"Udflugter i Gr\u00f8nland","item":"https:\/\/arcticexcursions.com\/da\/udflugter\/"},{"@type":"ListItem","position":3,"name":"Fjordsafari med \u00e5ben b\u00e5d"}]},{"@type":"WebSite","@id":"https:\/\/arcticexcursions.com\/#website","url":"https:\/\/arcticexcursions.com\/","name":"Arctic Excursions","description":"New adventures. Every day.","publisher":{"@id":"https:\/\/arcticexcursions.com\/#organization"},"potentialAction":[{"@type":"SearchAction","target":{"@type":"EntryPoint","urlTemplate":"https:\/\/arcticexcursions.com\/?s={search_term_string}"},"query-input":{"@type":"PropertyValueSpecification","valueRequired":true,"valueName":"search_term_string"}}],"inLanguage":"da-DK"},{"@type":"Organization","@id":"https:\/\/arcticexcursions.com\/#organization","name":"Arctic Excursions","url":"https:\/\/arcticexcursions.com\/","logo":{"@type":"ImageObject","inLanguage":"da-DK","@id":"https:\/\/arcticexcursions.com\/#\/schema\/logo\/image\/","url":"https:\/\/arcticexcursions.com\/wp-content\/uploads\/2022\/11\/fb-logo.png","contentUrl":"https:\/\/arcticexcursions.com\/wp-content\/uploads\/2022\/11\/fb-logo.png","width":523,"height":523,"caption":"Arctic Excursions"},"image":{"@id":"https:\/\/arcticexcursions.com\/#\/schema\/logo\/image\/"}}]}},"_links":{"self":[{"href":"https:\/\/arcticexcursions.com\/da\/wp-json\/wp\/v2\/product\/39769"}],"collection":[{"href":"https:\/\/arcticexcursions.com\/da\/wp-json\/wp\/v2\/product"}],"about":[{"href":"https:\/\/arcticexcursions.com\/da\/wp-json\/wp\/v2\/types\/product"}],"replies":[{"embeddable":true,"href":"https:\/\/arcticexcursions.com\/da\/wp-json\/wp\/v2\/comments?post=39769"}],"wp:featuredmedia":[{"embeddable":true,"href":"https:\/\/arcticexcursions.com\/da\/wp-json\/wp\/v2\/media\/39765"}],"wp:attachment":[{"href":"https:\/\/arcticexcursions.com\/da\/wp-json\/wp\/v2\/media?parent=39769"}],"wp:term":[{"taxonomy":"product_brand","embeddable":true,"href":"https:\/\/arcticexcursions.com\/da\/wp-json\/wp\/v2\/product_brand?post=39769"},{"taxonomy":"product_cat","embeddable":true,"href":"https:\/\/arcticexcursions.com\/da\/wp-json\/wp\/v2\/product_cat?post=39769"},{"taxonomy":"product_tag","embeddable":true,"href":"https:\/\/arcticexcursions.com\/da\/wp-json\/wp\/v2\/product_tag?post=39769"}],"curies":[{"name":"wp","href":"https:\/\/api.w.org\/{rel}","templated":true}]}}