{"id":3992,"date":"2022-10-26T14:38:17","date_gmt":"2022-10-26T12:38:17","guid":{"rendered":"https:\/\/arcticexcursions.com\/?post_type=product&#038;p=3992"},"modified":"2026-02-03T18:32:47","modified_gmt":"2026-02-03T16:32:47","slug":"snescooter-i-arktisk-terraen","status":"publish","type":"product","link":"https:\/\/arcticexcursions.com\/da\/udflugter\/snescooter-i-arktisk-terraen\/","title":{"rendered":"Snescootertur i arktisk terr\u00e6n"},"content":{"rendered":"<p>Vi giver dig muligheden for at opleve Ilulissats ubeboede omr\u00e5des fantastiske landskab sammen med vores lokalguide. Fleksibiliteten ved en snescooter g\u00f8r, at vi har mulighed for at udforske de sned\u00e6kkede bjerge og dale, tilfrosne fjorde, s\u00f8er og havis p\u00e5 en anderledes m\u00e5de.<\/p>\n<p>Vores guide laver ruten p\u00e5 baggrund af sne-, is- og vejrforholdene, men der er garanti for uforglemmelige udsigter, uber\u00f8rt natur og eventyrligt vinterlandskab s\u00e5 l\u00e6nge \u00f8jet r\u00e6kker. Ved at turens mange fantastiske udkigssteder, holder vi pause og f\u00e5r lidt varmt drikke, mens vi nyder stilheden af den storsl\u00e5ede natur.<br \/>\nErfaring med snescootere er ikke n\u00f8dvendigt. Nybegyndere er meget velkomne. Vores erfarne guide vil s\u00f8rge for al udstyr og vil l\u00e6re dig, hvordan du styrer snescooteren.<br \/>\nGrundet uforudsigelige vejr- og sneforhold over vinteren skal du v\u00e6re opm\u00e6rksom p\u00e5, at turplanen kan \u00e6ndre sig. Vi bestr\u00e6ber os altid p\u00e5 at give dig den bedste turoplevelse, dog er f\u00f8rsteprioriteten vores g\u00e6sters sikkerhed.<br \/>\nFoto: Mads Pihl, Visit Greenland<\/p>\n<p><b>Varighed:<\/b> 3 timer<\/p>\n<p><b>Deltagere:<\/b> Bem\u00e6rk venligst, at udflugten kun gennemf\u00f8res, hvis der er mindst 2 bookede billetter i alt. Hvis du for eksempel booker 1 billetter, skal der s\u00e6lges mindst 1 yderligere billetter til andre kunder, f\u00f8r turen kan finde sted. Der vil deltage maksimalt 8 personer.<\/p>\n<p><b>Sprog:<\/b> Guiden taler dansk, engelsk og gr\u00f8nlandsk<\/p>\n<p><b>Type af tur:<\/b> Guiden k\u00f8rer snescooteren. Deltagerne er passagerer.<\/p>\n<p><b>Forplejning:<\/b> Kaffe og te serveres<\/p>\n<p><b>Anbefalet p\u00e5kl\u00e6dning:<\/b> Varmt t\u00f8j inkl. hue og handsker. Hjelm og varm dragt inkluderet.<\/p>\n","protected":false},"excerpt":{"rendered":"<p>Snescooteren er i mange arktiske lande blevet et popul\u00e6rt transportmiddel, da den giver adgang til de mest isolerede steder ved hj\u00e6lp af dens evne til let at kunne tilpasses et meget skiftende terr\u00e6n. <\/p>\n","protected":false},"featured_media":3983,"comment_status":"open","ping_status":"closed","template":"","meta":{"_acf_changed":false},"product_brand":[],"product_cat":[170],"product_tag":[160,161],"class_list":{"0":"post-3992","1":"product","2":"type-product","3":"status-publish","4":"has-post-thumbnail","6":"product_cat-udflugt","7":"product_tag-2-da","8":"product_tag-3-da","9":"pa_dato-332","10":"pa_dato-331","11":"pa_dato-361","12":"pa_dato-335","13":"pa_dato-336","14":"pa_dato-364","15":"pa_dato-338","16":"pa_dato-410","17":"pa_dato-341","18":"pa_dato-342","19":"pa_dato-343","20":"pa_dato-370","21":"pa_dato-344","22":"pa_dato-345","23":"pa_dato-346","24":"pa_dato-374","25":"pa_dato-348","26":"pa_dato-349","27":"pa_dato-376","28":"pa_dato-351","29":"pa_dato-352","30":"pa_dato-380","31":"pa_dato-354","32":"pa_dato-355","33":"pa_dato-383","34":"pa_dato-357","35":"pa_dato-416","36":"pa_dato-385","37":"pa_dato-387","38":"pa_dato-388","39":"pa_dato-396","40":"pa_dato-664","41":"pa_dato-675","42":"pa_dato-907","43":"pa_dato-869","44":"pa_dato-1145","45":"pa_dato-945","46":"pa_dato-904","47":"pa_dato-855","48":"pa_dato-870","49":"pa_dato-908","50":"pa_dato-883","51":"pa_dato-5997","52":"pa_dato-1365","53":"pa_dato-1356","54":"pa_dato-1275","55":"pa_dato-1355","56":"pa_tidspunkt-35","57":"pa_tidspunkt-72","58":"pa_tidspunkt-40","59":"pa_tidspunkt-76","60":"pa_tidspunkt-314","61":"pa_tidspunkt-317","62":"pa_tidspunkt-308","63":"pa_tidspunkt-61","64":"pa_tidspunkt-110","65":"tour_location-ilulissat-da","66":"tour_type-snescooter","67":"tour_tickettype-arctic_excursions","68":"tour_operator-albatros-arctic-circle","70":"first","71":"outofstock","72":"shipping-taxable","73":"product-type-variable"},"acf":[],"yoast_head":"<!-- This site is optimized with the Yoast SEO plugin v23.6 - https:\/\/yoast.com\/wordpress\/plugins\/seo\/ -->\n<title>Arctic Excursions<\/title>\n<meta name=\"robots\" content=\"index, follow, max-snippet:-1, max-image-preview:large, max-video-preview:-1\" \/>\n<link rel=\"canonical\" href=\"https:\/\/arcticexcursions.com\/udflugter\/arctic-ride-snowmobile\/\" \/>\n<meta property=\"og:locale\" content=\"da_DK\" \/>\n<meta property=\"og:type\" content=\"article\" \/>\n<meta property=\"og:title\" content=\"Snescootertur i arktisk terr\u00e6n - Arctic Excursions\" \/>\n<meta property=\"og:description\" content=\"Snescooteren er i mange arktiske lande blevet et popul\u00e6rt transportmiddel, da den giver adgang til de mest isolerede steder ved hj\u00e6lp af dens evne til let at kunne tilpasses et meget skiftende terr\u00e6n.\" \/>\n<meta property=\"og:url\" content=\"https:\/\/arcticexcursions.com\/udflugter\/arctic-ride-snowmobile\/\" \/>\n<meta property=\"og:site_name\" content=\"Arctic Excursions\" \/>\n<meta property=\"article:modified_time\" content=\"2026-02-03T16:32:47+00:00\" \/>\n<meta property=\"og:image\" content=\"https:\/\/arcticexcursions.com\/wp-content\/uploads\/2022\/10\/DSC_0248-scaled.jpeg\" \/>\n\t<meta property=\"og:image:width\" content=\"2560\" \/>\n\t<meta property=\"og:image:height\" content=\"1709\" \/>\n\t<meta property=\"og:image:type\" content=\"image\/jpeg\" \/>\n<meta name=\"twitter:card\" content=\"summary_large_image\" \/>\n<meta name=\"twitter:label1\" content=\"Estimeret l\u00e6setid\" \/>\n\t<meta name=\"twitter:data1\" content=\"1 minut\" \/>\n<script type=\"application\/ld+json\" class=\"yoast-schema-graph\">{\"@context\":\"https:\/\/schema.org\",\"@graph\":[{\"@type\":\"WebPage\",\"@id\":\"https:\/\/arcticexcursions.com\/udflugter\/arctic-ride-snowmobile\/\",\"url\":\"https:\/\/arcticexcursions.com\/udflugter\/arctic-ride-snowmobile\/\",\"name\":\"Snescootertur i arktisk terr\u00e6n - Arctic Excursions\",\"isPartOf\":{\"@id\":\"https:\/\/arcticexcursions.com\/#website\"},\"primaryImageOfPage\":{\"@id\":\"https:\/\/arcticexcursions.com\/udflugter\/arctic-ride-snowmobile\/#primaryimage\"},\"image\":{\"@id\":\"https:\/\/arcticexcursions.com\/udflugter\/arctic-ride-snowmobile\/#primaryimage\"},\"thumbnailUrl\":\"https:\/\/arcticexcursions.com\/wp-content\/uploads\/2022\/10\/DSC_0248-scaled.jpeg\",\"datePublished\":\"2022-10-26T12:38:17+00:00\",\"dateModified\":\"2026-02-03T16:32:47+00:00\",\"breadcrumb\":{\"@id\":\"https:\/\/arcticexcursions.com\/udflugter\/arctic-ride-snowmobile\/#breadcrumb\"},\"inLanguage\":\"da-DK\",\"potentialAction\":[{\"@type\":\"ReadAction\",\"target\":[\"https:\/\/arcticexcursions.com\/udflugter\/arctic-ride-snowmobile\/\"]}]},{\"@type\":\"ImageObject\",\"inLanguage\":\"da-DK\",\"@id\":\"https:\/\/arcticexcursions.com\/udflugter\/arctic-ride-snowmobile\/#primaryimage\",\"url\":\"https:\/\/arcticexcursions.com\/wp-content\/uploads\/2022\/10\/DSC_0248-scaled.jpeg\",\"contentUrl\":\"https:\/\/arcticexcursions.com\/wp-content\/uploads\/2022\/10\/DSC_0248-scaled.jpeg\",\"width\":2560,\"height\":1709},{\"@type\":\"BreadcrumbList\",\"@id\":\"https:\/\/arcticexcursions.com\/udflugter\/arctic-ride-snowmobile\/#breadcrumb\",\"itemListElement\":[{\"@type\":\"ListItem\",\"position\":1,\"name\":\"Home\",\"item\":\"https:\/\/arcticexcursions.com\/da\/\"},{\"@type\":\"ListItem\",\"position\":2,\"name\":\"Udflugter i Gr\u00f8nland\",\"item\":\"https:\/\/arcticexcursions.com\/da\/udflugter\/\"},{\"@type\":\"ListItem\",\"position\":3,\"name\":\"Snescootertur i arktisk terr\u00e6n\"}]},{\"@type\":\"WebSite\",\"@id\":\"https:\/\/arcticexcursions.com\/#website\",\"url\":\"https:\/\/arcticexcursions.com\/\",\"name\":\"Arctic Excursions\",\"description\":\"New adventures. Every day.\",\"publisher\":{\"@id\":\"https:\/\/arcticexcursions.com\/#organization\"},\"potentialAction\":[{\"@type\":\"SearchAction\",\"target\":{\"@type\":\"EntryPoint\",\"urlTemplate\":\"https:\/\/arcticexcursions.com\/?s={search_term_string}\"},\"query-input\":{\"@type\":\"PropertyValueSpecification\",\"valueRequired\":true,\"valueName\":\"search_term_string\"}}],\"inLanguage\":\"da-DK\"},{\"@type\":\"Organization\",\"@id\":\"https:\/\/arcticexcursions.com\/#organization\",\"name\":\"Arctic Excursions\",\"url\":\"https:\/\/arcticexcursions.com\/\",\"logo\":{\"@type\":\"ImageObject\",\"inLanguage\":\"da-DK\",\"@id\":\"https:\/\/arcticexcursions.com\/#\/schema\/logo\/image\/\",\"url\":\"https:\/\/arcticexcursions.com\/wp-content\/uploads\/2022\/11\/fb-logo.png\",\"contentUrl\":\"https:\/\/arcticexcursions.com\/wp-content\/uploads\/2022\/11\/fb-logo.png\",\"width\":523,\"height\":523,\"caption\":\"Arctic Excursions\"},\"image\":{\"@id\":\"https:\/\/arcticexcursions.com\/#\/schema\/logo\/image\/\"}}]}<\/script>\n<!-- \/ Yoast SEO plugin. -->","yoast_head_json":{"title":"Arctic Excursions","robots":{"index":"index","follow":"follow","max-snippet":"max-snippet:-1","max-image-preview":"max-image-preview:large","max-video-preview":"max-video-preview:-1"},"canonical":"https:\/\/arcticexcursions.com\/udflugter\/arctic-ride-snowmobile\/","og_locale":"da_DK","og_type":"article","og_title":"Snescootertur i arktisk terr\u00e6n - Arctic Excursions","og_description":"Snescooteren er i mange arktiske lande blevet et popul\u00e6rt transportmiddel, da den giver adgang til de mest isolerede steder ved hj\u00e6lp af dens evne til let at kunne tilpasses et meget skiftende terr\u00e6n.","og_url":"https:\/\/arcticexcursions.com\/udflugter\/arctic-ride-snowmobile\/","og_site_name":"Arctic Excursions","article_modified_time":"2026-02-03T16:32:47+00:00","og_image":[{"width":2560,"height":1709,"url":"https:\/\/arcticexcursions.com\/wp-content\/uploads\/2022\/10\/DSC_0248-scaled.jpeg","type":"image\/jpeg"}],"twitter_card":"summary_large_image","twitter_misc":{"Estimeret l\u00e6setid":"1 minut"},"schema":{"@context":"https:\/\/schema.org","@graph":[{"@type":"WebPage","@id":"https:\/\/arcticexcursions.com\/udflugter\/arctic-ride-snowmobile\/","url":"https:\/\/arcticexcursions.com\/udflugter\/arctic-ride-snowmobile\/","name":"Snescootertur i arktisk terr\u00e6n - Arctic Excursions","isPartOf":{"@id":"https:\/\/arcticexcursions.com\/#website"},"primaryImageOfPage":{"@id":"https:\/\/arcticexcursions.com\/udflugter\/arctic-ride-snowmobile\/#primaryimage"},"image":{"@id":"https:\/\/arcticexcursions.com\/udflugter\/arctic-ride-snowmobile\/#primaryimage"},"thumbnailUrl":"https:\/\/arcticexcursions.com\/wp-content\/uploads\/2022\/10\/DSC_0248-scaled.jpeg","datePublished":"2022-10-26T12:38:17+00:00","dateModified":"2026-02-03T16:32:47+00:00","breadcrumb":{"@id":"https:\/\/arcticexcursions.com\/udflugter\/arctic-ride-snowmobile\/#breadcrumb"},"inLanguage":"da-DK","potentialAction":[{"@type":"ReadAction","target":["https:\/\/arcticexcursions.com\/udflugter\/arctic-ride-snowmobile\/"]}]},{"@type":"ImageObject","inLanguage":"da-DK","@id":"https:\/\/arcticexcursions.com\/udflugter\/arctic-ride-snowmobile\/#primaryimage","url":"https:\/\/arcticexcursions.com\/wp-content\/uploads\/2022\/10\/DSC_0248-scaled.jpeg","contentUrl":"https:\/\/arcticexcursions.com\/wp-content\/uploads\/2022\/10\/DSC_0248-scaled.jpeg","width":2560,"height":1709},{"@type":"BreadcrumbList","@id":"https:\/\/arcticexcursions.com\/udflugter\/arctic-ride-snowmobile\/#breadcrumb","itemListElement":[{"@type":"ListItem","position":1,"name":"Home","item":"https:\/\/arcticexcursions.com\/da\/"},{"@type":"ListItem","position":2,"name":"Udflugter i Gr\u00f8nland","item":"https:\/\/arcticexcursions.com\/da\/udflugter\/"},{"@type":"ListItem","position":3,"name":"Snescootertur i arktisk terr\u00e6n"}]},{"@type":"WebSite","@id":"https:\/\/arcticexcursions.com\/#website","url":"https:\/\/arcticexcursions.com\/","name":"Arctic Excursions","description":"New adventures. Every day.","publisher":{"@id":"https:\/\/arcticexcursions.com\/#organization"},"potentialAction":[{"@type":"SearchAction","target":{"@type":"EntryPoint","urlTemplate":"https:\/\/arcticexcursions.com\/?s={search_term_string}"},"query-input":{"@type":"PropertyValueSpecification","valueRequired":true,"valueName":"search_term_string"}}],"inLanguage":"da-DK"},{"@type":"Organization","@id":"https:\/\/arcticexcursions.com\/#organization","name":"Arctic Excursions","url":"https:\/\/arcticexcursions.com\/","logo":{"@type":"ImageObject","inLanguage":"da-DK","@id":"https:\/\/arcticexcursions.com\/#\/schema\/logo\/image\/","url":"https:\/\/arcticexcursions.com\/wp-content\/uploads\/2022\/11\/fb-logo.png","contentUrl":"https:\/\/arcticexcursions.com\/wp-content\/uploads\/2022\/11\/fb-logo.png","width":523,"height":523,"caption":"Arctic Excursions"},"image":{"@id":"https:\/\/arcticexcursions.com\/#\/schema\/logo\/image\/"}}]}},"_links":{"self":[{"href":"https:\/\/arcticexcursions.com\/da\/wp-json\/wp\/v2\/product\/3992"}],"collection":[{"href":"https:\/\/arcticexcursions.com\/da\/wp-json\/wp\/v2\/product"}],"about":[{"href":"https:\/\/arcticexcursions.com\/da\/wp-json\/wp\/v2\/types\/product"}],"replies":[{"embeddable":true,"href":"https:\/\/arcticexcursions.com\/da\/wp-json\/wp\/v2\/comments?post=3992"}],"wp:featuredmedia":[{"embeddable":true,"href":"https:\/\/arcticexcursions.com\/da\/wp-json\/wp\/v2\/media\/3983"}],"wp:attachment":[{"href":"https:\/\/arcticexcursions.com\/da\/wp-json\/wp\/v2\/media?parent=3992"}],"wp:term":[{"taxonomy":"product_brand","embeddable":true,"href":"https:\/\/arcticexcursions.com\/da\/wp-json\/wp\/v2\/product_brand?post=3992"},{"taxonomy":"product_cat","embeddable":true,"href":"https:\/\/arcticexcursions.com\/da\/wp-json\/wp\/v2\/product_cat?post=3992"},{"taxonomy":"product_tag","embeddable":true,"href":"https:\/\/arcticexcursions.com\/da\/wp-json\/wp\/v2\/product_tag?post=3992"}],"curies":[{"name":"wp","href":"https:\/\/api.w.org\/{rel}","templated":true}]}}