{"id":40005,"date":"2024-08-09T14:51:53","date_gmt":"2024-08-09T12:51:53","guid":{"rendered":"https:\/\/arcticexcursions.com\/?post_type=product&#038;p=40005"},"modified":"2026-03-02T15:00:16","modified_gmt":"2026-03-02T13:00:16","slug":"snowmobiling-to-first-fjord","status":"publish","type":"product","link":"https:\/\/arcticexcursions.com\/da\/udflugter\/snowmobiling-to-first-fjord\/","title":{"rendered":"Snescooter til F\u00f8rste Fjord"},"content":{"rendered":"<p>Turen begynder med en k\u00f8retur mod Solbakken, byens skibakke. <\/p>\n<p>Derfra forts\u00e6tter vi op gennem Flaskehalsen (flaskehalsen) og g\u00e5r ud til Udsigten (udsigtspunktet). <\/p>\n<p>Hvis forholdene tillader det, g\u00e5r vi ned til 1. fjord og krydser isen. <\/p>\n<p>Efter en forfriskende pause med kaffe og varm chokolade i Gunnars lejr g\u00e5r vi tilbage til vores rute og vender hjemad.<\/p>\n<p><b>Varighed:<\/b> 3 timer <\/p>\n<p><b>Deltagere:<\/b> Bem\u00e6rk venligst, at udflugten kun gennemf\u00f8res, hvis der er mindst 2 bookede billetter i alt. Hvis du for eksempel booker 1 billetter, skal der s\u00e6lges mindst 1 yderligere billetter til andre kunder, f\u00f8r turen kan finde sted. <\/p>\n<p><b>Sprog:<\/b> Guiden taler dansk, engelsk og gr\u00f8nlandsk <\/p>\n<p><b>Type af tur:<\/b> +18 \u00e5r for at k\u00f8re snescooter, under 18 \u00e5r kan k\u00f8re som passager.<\/p>\n<p><b>Forplejning:<\/b> Kaffe og te serveres <\/p>\n<p><b>Anbefalet p\u00e5kl\u00e6dning:<\/b> Varmt t\u00f8j inkl. hue og handsker. Hjelm og varm dragt inkluderet.<\/p>\n","protected":false},"excerpt":{"rendered":"<p>Tag p\u00e5 en sp\u00e6ndende tur fra Solbakkens skil\u00f8jper, der snor sig gennem Flaskehalsen til det betagende udsigtspunkt Udsigten. <\/p>\n","protected":false},"featured_media":39665,"comment_status":"open","ping_status":"closed","template":"","meta":{"_acf_changed":false},"product_brand":[],"product_cat":[101,170],"product_tag":[],"class_list":{"0":"post-40005","1":"product","2":"type-product","3":"status-publish","4":"has-post-thumbnail","6":"product_cat-tour","7":"product_cat-udflugt","8":"pa_dato-1271","9":"pa_dato-6085","10":"pa_dato-6439","11":"pa_tidspunkt-40","12":"pa_tidspunkt-304","13":"tour_location-sisimiut-da","14":"tour_type-snescooter","15":"tour_state-allowed_prebooking","16":"tour_tickettype-arctic_excursions","17":"tour_operator-hotel-soma-sisimiut","19":"first","20":"outofstock","21":"shipping-taxable","22":"product-type-variable"},"acf":[],"yoast_head":"<!-- This site is optimized with the Yoast SEO plugin v23.6 - https:\/\/yoast.com\/wordpress\/plugins\/seo\/ -->\n<title>Arctic Excursions<\/title>\n<meta name=\"robots\" content=\"index, follow, max-snippet:-1, max-image-preview:large, max-video-preview:-1\" \/>\n<link rel=\"canonical\" href=\"https:\/\/arcticexcursions.com\/udflugter\/snowmobiling-to-first-fjord\/\" \/>\n<meta property=\"og:locale\" content=\"da_DK\" \/>\n<meta property=\"og:type\" content=\"article\" \/>\n<meta property=\"og:title\" content=\"Snescooter til F\u00f8rste Fjord - Arctic Excursions\" \/>\n<meta property=\"og:description\" content=\"Tag p\u00e5 en sp\u00e6ndende tur fra Solbakkens skil\u00f8jper, der snor sig gennem Flaskehalsen til det betagende udsigtspunkt Udsigten.\" \/>\n<meta property=\"og:url\" content=\"https:\/\/arcticexcursions.com\/udflugter\/snowmobiling-to-first-fjord\/\" \/>\n<meta property=\"og:site_name\" content=\"Arctic Excursions\" \/>\n<meta property=\"article:modified_time\" content=\"2026-03-02T13:00:16+00:00\" \/>\n<meta property=\"og:image\" content=\"https:\/\/arcticexcursions.com\/wp-content\/uploads\/2024\/08\/Snescooter-2-bruges-scaled.jpeg\" \/>\n\t<meta property=\"og:image:width\" content=\"1920\" \/>\n\t<meta property=\"og:image:height\" content=\"2560\" \/>\n\t<meta property=\"og:image:type\" content=\"image\/jpeg\" \/>\n<meta name=\"twitter:card\" content=\"summary_large_image\" \/>\n<meta name=\"twitter:label1\" content=\"Estimeret l\u00e6setid\" \/>\n\t<meta name=\"twitter:data1\" content=\"1 minut\" \/>\n<script type=\"application\/ld+json\" class=\"yoast-schema-graph\">{\"@context\":\"https:\/\/schema.org\",\"@graph\":[{\"@type\":\"WebPage\",\"@id\":\"https:\/\/arcticexcursions.com\/udflugter\/snowmobiling-to-first-fjord\/\",\"url\":\"https:\/\/arcticexcursions.com\/udflugter\/snowmobiling-to-first-fjord\/\",\"name\":\"Snescooter til F\u00f8rste Fjord - Arctic Excursions\",\"isPartOf\":{\"@id\":\"https:\/\/arcticexcursions.com\/#website\"},\"primaryImageOfPage\":{\"@id\":\"https:\/\/arcticexcursions.com\/udflugter\/snowmobiling-to-first-fjord\/#primaryimage\"},\"image\":{\"@id\":\"https:\/\/arcticexcursions.com\/udflugter\/snowmobiling-to-first-fjord\/#primaryimage\"},\"thumbnailUrl\":\"https:\/\/arcticexcursions.com\/wp-content\/uploads\/2024\/08\/Snescooter-2-bruges-scaled.jpeg\",\"datePublished\":\"2024-08-09T12:51:53+00:00\",\"dateModified\":\"2026-03-02T13:00:16+00:00\",\"breadcrumb\":{\"@id\":\"https:\/\/arcticexcursions.com\/udflugter\/snowmobiling-to-first-fjord\/#breadcrumb\"},\"inLanguage\":\"da-DK\",\"potentialAction\":[{\"@type\":\"ReadAction\",\"target\":[\"https:\/\/arcticexcursions.com\/udflugter\/snowmobiling-to-first-fjord\/\"]}]},{\"@type\":\"ImageObject\",\"inLanguage\":\"da-DK\",\"@id\":\"https:\/\/arcticexcursions.com\/udflugter\/snowmobiling-to-first-fjord\/#primaryimage\",\"url\":\"https:\/\/arcticexcursions.com\/wp-content\/uploads\/2024\/08\/Snescooter-2-bruges-scaled.jpeg\",\"contentUrl\":\"https:\/\/arcticexcursions.com\/wp-content\/uploads\/2024\/08\/Snescooter-2-bruges-scaled.jpeg\",\"width\":1920,\"height\":2560},{\"@type\":\"BreadcrumbList\",\"@id\":\"https:\/\/arcticexcursions.com\/udflugter\/snowmobiling-to-first-fjord\/#breadcrumb\",\"itemListElement\":[{\"@type\":\"ListItem\",\"position\":1,\"name\":\"Home\",\"item\":\"https:\/\/arcticexcursions.com\/da\/\"},{\"@type\":\"ListItem\",\"position\":2,\"name\":\"Udflugter i Gr\u00f8nland\",\"item\":\"https:\/\/arcticexcursions.com\/da\/udflugter\/\"},{\"@type\":\"ListItem\",\"position\":3,\"name\":\"Snescooter til F\u00f8rste Fjord\"}]},{\"@type\":\"WebSite\",\"@id\":\"https:\/\/arcticexcursions.com\/#website\",\"url\":\"https:\/\/arcticexcursions.com\/\",\"name\":\"Arctic Excursions\",\"description\":\"New adventures. Every day.\",\"publisher\":{\"@id\":\"https:\/\/arcticexcursions.com\/#organization\"},\"potentialAction\":[{\"@type\":\"SearchAction\",\"target\":{\"@type\":\"EntryPoint\",\"urlTemplate\":\"https:\/\/arcticexcursions.com\/?s={search_term_string}\"},\"query-input\":{\"@type\":\"PropertyValueSpecification\",\"valueRequired\":true,\"valueName\":\"search_term_string\"}}],\"inLanguage\":\"da-DK\"},{\"@type\":\"Organization\",\"@id\":\"https:\/\/arcticexcursions.com\/#organization\",\"name\":\"Arctic Excursions\",\"url\":\"https:\/\/arcticexcursions.com\/\",\"logo\":{\"@type\":\"ImageObject\",\"inLanguage\":\"da-DK\",\"@id\":\"https:\/\/arcticexcursions.com\/#\/schema\/logo\/image\/\",\"url\":\"https:\/\/arcticexcursions.com\/wp-content\/uploads\/2022\/11\/fb-logo.png\",\"contentUrl\":\"https:\/\/arcticexcursions.com\/wp-content\/uploads\/2022\/11\/fb-logo.png\",\"width\":523,\"height\":523,\"caption\":\"Arctic Excursions\"},\"image\":{\"@id\":\"https:\/\/arcticexcursions.com\/#\/schema\/logo\/image\/\"}}]}<\/script>\n<!-- \/ Yoast SEO plugin. -->","yoast_head_json":{"title":"Arctic Excursions","robots":{"index":"index","follow":"follow","max-snippet":"max-snippet:-1","max-image-preview":"max-image-preview:large","max-video-preview":"max-video-preview:-1"},"canonical":"https:\/\/arcticexcursions.com\/udflugter\/snowmobiling-to-first-fjord\/","og_locale":"da_DK","og_type":"article","og_title":"Snescooter til F\u00f8rste Fjord - Arctic Excursions","og_description":"Tag p\u00e5 en sp\u00e6ndende tur fra Solbakkens skil\u00f8jper, der snor sig gennem Flaskehalsen til det betagende udsigtspunkt Udsigten.","og_url":"https:\/\/arcticexcursions.com\/udflugter\/snowmobiling-to-first-fjord\/","og_site_name":"Arctic Excursions","article_modified_time":"2026-03-02T13:00:16+00:00","og_image":[{"width":1920,"height":2560,"url":"https:\/\/arcticexcursions.com\/wp-content\/uploads\/2024\/08\/Snescooter-2-bruges-scaled.jpeg","type":"image\/jpeg"}],"twitter_card":"summary_large_image","twitter_misc":{"Estimeret l\u00e6setid":"1 minut"},"schema":{"@context":"https:\/\/schema.org","@graph":[{"@type":"WebPage","@id":"https:\/\/arcticexcursions.com\/udflugter\/snowmobiling-to-first-fjord\/","url":"https:\/\/arcticexcursions.com\/udflugter\/snowmobiling-to-first-fjord\/","name":"Snescooter til F\u00f8rste Fjord - Arctic Excursions","isPartOf":{"@id":"https:\/\/arcticexcursions.com\/#website"},"primaryImageOfPage":{"@id":"https:\/\/arcticexcursions.com\/udflugter\/snowmobiling-to-first-fjord\/#primaryimage"},"image":{"@id":"https:\/\/arcticexcursions.com\/udflugter\/snowmobiling-to-first-fjord\/#primaryimage"},"thumbnailUrl":"https:\/\/arcticexcursions.com\/wp-content\/uploads\/2024\/08\/Snescooter-2-bruges-scaled.jpeg","datePublished":"2024-08-09T12:51:53+00:00","dateModified":"2026-03-02T13:00:16+00:00","breadcrumb":{"@id":"https:\/\/arcticexcursions.com\/udflugter\/snowmobiling-to-first-fjord\/#breadcrumb"},"inLanguage":"da-DK","potentialAction":[{"@type":"ReadAction","target":["https:\/\/arcticexcursions.com\/udflugter\/snowmobiling-to-first-fjord\/"]}]},{"@type":"ImageObject","inLanguage":"da-DK","@id":"https:\/\/arcticexcursions.com\/udflugter\/snowmobiling-to-first-fjord\/#primaryimage","url":"https:\/\/arcticexcursions.com\/wp-content\/uploads\/2024\/08\/Snescooter-2-bruges-scaled.jpeg","contentUrl":"https:\/\/arcticexcursions.com\/wp-content\/uploads\/2024\/08\/Snescooter-2-bruges-scaled.jpeg","width":1920,"height":2560},{"@type":"BreadcrumbList","@id":"https:\/\/arcticexcursions.com\/udflugter\/snowmobiling-to-first-fjord\/#breadcrumb","itemListElement":[{"@type":"ListItem","position":1,"name":"Home","item":"https:\/\/arcticexcursions.com\/da\/"},{"@type":"ListItem","position":2,"name":"Udflugter i Gr\u00f8nland","item":"https:\/\/arcticexcursions.com\/da\/udflugter\/"},{"@type":"ListItem","position":3,"name":"Snescooter til F\u00f8rste Fjord"}]},{"@type":"WebSite","@id":"https:\/\/arcticexcursions.com\/#website","url":"https:\/\/arcticexcursions.com\/","name":"Arctic Excursions","description":"New adventures. Every day.","publisher":{"@id":"https:\/\/arcticexcursions.com\/#organization"},"potentialAction":[{"@type":"SearchAction","target":{"@type":"EntryPoint","urlTemplate":"https:\/\/arcticexcursions.com\/?s={search_term_string}"},"query-input":{"@type":"PropertyValueSpecification","valueRequired":true,"valueName":"search_term_string"}}],"inLanguage":"da-DK"},{"@type":"Organization","@id":"https:\/\/arcticexcursions.com\/#organization","name":"Arctic Excursions","url":"https:\/\/arcticexcursions.com\/","logo":{"@type":"ImageObject","inLanguage":"da-DK","@id":"https:\/\/arcticexcursions.com\/#\/schema\/logo\/image\/","url":"https:\/\/arcticexcursions.com\/wp-content\/uploads\/2022\/11\/fb-logo.png","contentUrl":"https:\/\/arcticexcursions.com\/wp-content\/uploads\/2022\/11\/fb-logo.png","width":523,"height":523,"caption":"Arctic Excursions"},"image":{"@id":"https:\/\/arcticexcursions.com\/#\/schema\/logo\/image\/"}}]}},"_links":{"self":[{"href":"https:\/\/arcticexcursions.com\/da\/wp-json\/wp\/v2\/product\/40005"}],"collection":[{"href":"https:\/\/arcticexcursions.com\/da\/wp-json\/wp\/v2\/product"}],"about":[{"href":"https:\/\/arcticexcursions.com\/da\/wp-json\/wp\/v2\/types\/product"}],"replies":[{"embeddable":true,"href":"https:\/\/arcticexcursions.com\/da\/wp-json\/wp\/v2\/comments?post=40005"}],"wp:featuredmedia":[{"embeddable":true,"href":"https:\/\/arcticexcursions.com\/da\/wp-json\/wp\/v2\/media\/39665"}],"wp:attachment":[{"href":"https:\/\/arcticexcursions.com\/da\/wp-json\/wp\/v2\/media?parent=40005"}],"wp:term":[{"taxonomy":"product_brand","embeddable":true,"href":"https:\/\/arcticexcursions.com\/da\/wp-json\/wp\/v2\/product_brand?post=40005"},{"taxonomy":"product_cat","embeddable":true,"href":"https:\/\/arcticexcursions.com\/da\/wp-json\/wp\/v2\/product_cat?post=40005"},{"taxonomy":"product_tag","embeddable":true,"href":"https:\/\/arcticexcursions.com\/da\/wp-json\/wp\/v2\/product_tag?post=40005"}],"curies":[{"name":"wp","href":"https:\/\/api.w.org\/{rel}","templated":true}]}}