{"id":40053,"date":"2024-08-16T12:58:38","date_gmt":"2024-08-16T10:58:38","guid":{"rendered":"https:\/\/arcticexcursions.com\/?post_type=product&#038;p=40053"},"modified":"2025-11-05T17:42:18","modified_gmt":"2025-11-05T15:42:18","slug":"exploring-inuit-history-a-snowshoe-hike-through-sallinguit","status":"publish","type":"product","link":"https:\/\/arcticexcursions.com\/da\/udflugter\/exploring-inuit-history-a-snowshoe-hike-through-sallinguit\/","title":{"rendered":"Udforskning af inuit-historie: En snesko-vandring gennem Sallinguit"},"content":{"rendered":"<p>Sallinguit er en charmerende lille \u00f8 i Gr\u00f8nland, forbundet med fastlandet via en bro. \u00d8en huser de \u00e6ldste kendte rester af menneskelig eksistens, ikke kun i Sisimiut, men i hele Gr\u00f8nland, med nogle dateret tilbage til 4.500 \u00e5r. Under denne afslappende vandretur f\u00f8lger du en historisk rute, hvor du udforsker gamle t\u00f8rvehuse og stengrave. Fra Tele\u00f8en f\u00e5r du betagende udsigt over den frosne ocean p\u00e5 den ene side og en panoramaudsigt over byen p\u00e5 den anden side.<\/p>\n<p><b>Varighed:<\/b> 3 timer <\/p>\n<p><b>Deltagere:<\/b> Bem\u00e6rk venligst, at udflugten kun gennemf\u00f8res, hvis der er mindst 2 bookede billetter i alt. Hvis du for eksempel booker 1 billetter, skal der s\u00e6lges mindst 1 yderligere billetter til andre kunder, f\u00f8r turen kan finde sted. <\/p>\n<p><b>Sprog:<\/b> Guiden taler dansk, engelsk og gr\u00f8nlandsk <\/p>\n<p><b>Sv\u00e6rhedsgrad:<\/b> Moderat konditionsniveau. Anbefales ikke hvis du har rygproblemer. <\/p>\n<p><b>Forplejning:<\/b> Kaffe og te serveres <\/p>\n<p><b>Anbefalet p\u00e5kl\u00e6dning:<\/b> Varmt, praktisk t\u00f8j og vandresko.<\/p>\n","protected":false},"excerpt":{"rendered":"<p>Sallinguit er en charmerende gr\u00f8nlandsk \u00f8 med 4.500 \u00e5r gamle menneskelige rester, som tilbyder en afslappende vandretur med udsigt over den frosne ocean og byen.<\/p>\n","protected":false},"featured_media":40046,"comment_status":"open","ping_status":"closed","template":"","meta":{"_acf_changed":false},"product_brand":[],"product_cat":[101,170],"product_tag":[],"class_list":{"0":"post-40053","1":"product","2":"type-product","3":"status-publish","4":"has-post-thumbnail","6":"product_cat-tour","7":"product_cat-udflugt","8":"pa_dato-1275","9":"pa_tidspunkt-40","10":"tour_location-sisimiut-da","11":"tour_type-vandreture","12":"tour_state-allowed_prebooking","13":"tour_tickettype-arctic_excursions","14":"tour_operator-hotel-soma-sisimiut","16":"first","17":"outofstock","18":"shipping-taxable","19":"product-type-variable"},"acf":[],"yoast_head":"<!-- This site is optimized with the Yoast SEO plugin v23.6 - https:\/\/yoast.com\/wordpress\/plugins\/seo\/ -->\n<title>Arctic Excursions<\/title>\n<meta name=\"robots\" content=\"index, follow, max-snippet:-1, max-image-preview:large, max-video-preview:-1\" \/>\n<link rel=\"canonical\" href=\"https:\/\/arcticexcursions.com\/udflugter\/exploring-inuit-history-a-snowshoe-hike-through-sallinguit\/\" \/>\n<meta property=\"og:locale\" content=\"da_DK\" \/>\n<meta property=\"og:type\" content=\"article\" \/>\n<meta property=\"og:title\" content=\"Udforskning af inuit-historie: En snesko-vandring gennem Sallinguit - Arctic Excursions\" \/>\n<meta property=\"og:description\" content=\"Sallinguit er en charmerende gr\u00f8nlandsk \u00f8 med 4.500 \u00e5r gamle menneskelige rester, som tilbyder en afslappende vandretur med udsigt over den frosne ocean og byen.\" \/>\n<meta property=\"og:url\" content=\"https:\/\/arcticexcursions.com\/udflugter\/exploring-inuit-history-a-snowshoe-hike-through-sallinguit\/\" \/>\n<meta property=\"og:site_name\" content=\"Arctic Excursions\" \/>\n<meta property=\"article:modified_time\" content=\"2025-11-05T15:42:18+00:00\" \/>\n<meta property=\"og:image\" content=\"https:\/\/arcticexcursions.com\/wp-content\/uploads\/2024\/08\/20240809_170715-feaa.jpg\" \/>\n\t<meta property=\"og:image:width\" content=\"2048\" \/>\n\t<meta property=\"og:image:height\" content=\"1366\" \/>\n\t<meta property=\"og:image:type\" content=\"image\/jpeg\" \/>\n<meta name=\"twitter:card\" content=\"summary_large_image\" \/>\n<meta name=\"twitter:label1\" content=\"Estimeret l\u00e6setid\" \/>\n\t<meta name=\"twitter:data1\" content=\"1 minut\" \/>\n<script type=\"application\/ld+json\" class=\"yoast-schema-graph\">{\"@context\":\"https:\/\/schema.org\",\"@graph\":[{\"@type\":\"WebPage\",\"@id\":\"https:\/\/arcticexcursions.com\/udflugter\/exploring-inuit-history-a-snowshoe-hike-through-sallinguit\/\",\"url\":\"https:\/\/arcticexcursions.com\/udflugter\/exploring-inuit-history-a-snowshoe-hike-through-sallinguit\/\",\"name\":\"Udforskning af inuit-historie: En snesko-vandring gennem Sallinguit - Arctic Excursions\",\"isPartOf\":{\"@id\":\"https:\/\/arcticexcursions.com\/#website\"},\"primaryImageOfPage\":{\"@id\":\"https:\/\/arcticexcursions.com\/udflugter\/exploring-inuit-history-a-snowshoe-hike-through-sallinguit\/#primaryimage\"},\"image\":{\"@id\":\"https:\/\/arcticexcursions.com\/udflugter\/exploring-inuit-history-a-snowshoe-hike-through-sallinguit\/#primaryimage\"},\"thumbnailUrl\":\"https:\/\/arcticexcursions.com\/wp-content\/uploads\/2024\/08\/20240809_170715-feaa.jpg\",\"datePublished\":\"2024-08-16T10:58:38+00:00\",\"dateModified\":\"2025-11-05T15:42:18+00:00\",\"breadcrumb\":{\"@id\":\"https:\/\/arcticexcursions.com\/udflugter\/exploring-inuit-history-a-snowshoe-hike-through-sallinguit\/#breadcrumb\"},\"inLanguage\":\"da-DK\",\"potentialAction\":[{\"@type\":\"ReadAction\",\"target\":[\"https:\/\/arcticexcursions.com\/udflugter\/exploring-inuit-history-a-snowshoe-hike-through-sallinguit\/\"]}]},{\"@type\":\"ImageObject\",\"inLanguage\":\"da-DK\",\"@id\":\"https:\/\/arcticexcursions.com\/udflugter\/exploring-inuit-history-a-snowshoe-hike-through-sallinguit\/#primaryimage\",\"url\":\"https:\/\/arcticexcursions.com\/wp-content\/uploads\/2024\/08\/20240809_170715-feaa.jpg\",\"contentUrl\":\"https:\/\/arcticexcursions.com\/wp-content\/uploads\/2024\/08\/20240809_170715-feaa.jpg\",\"width\":2048,\"height\":1366},{\"@type\":\"BreadcrumbList\",\"@id\":\"https:\/\/arcticexcursions.com\/udflugter\/exploring-inuit-history-a-snowshoe-hike-through-sallinguit\/#breadcrumb\",\"itemListElement\":[{\"@type\":\"ListItem\",\"position\":1,\"name\":\"Home\",\"item\":\"https:\/\/arcticexcursions.com\/da\/\"},{\"@type\":\"ListItem\",\"position\":2,\"name\":\"Udflugter i Gr\u00f8nland\",\"item\":\"https:\/\/arcticexcursions.com\/da\/udflugter\/\"},{\"@type\":\"ListItem\",\"position\":3,\"name\":\"Udforskning af inuit-historie: En snesko-vandring gennem Sallinguit\"}]},{\"@type\":\"WebSite\",\"@id\":\"https:\/\/arcticexcursions.com\/#website\",\"url\":\"https:\/\/arcticexcursions.com\/\",\"name\":\"Arctic Excursions\",\"description\":\"New adventures. Every day.\",\"publisher\":{\"@id\":\"https:\/\/arcticexcursions.com\/#organization\"},\"potentialAction\":[{\"@type\":\"SearchAction\",\"target\":{\"@type\":\"EntryPoint\",\"urlTemplate\":\"https:\/\/arcticexcursions.com\/?s={search_term_string}\"},\"query-input\":{\"@type\":\"PropertyValueSpecification\",\"valueRequired\":true,\"valueName\":\"search_term_string\"}}],\"inLanguage\":\"da-DK\"},{\"@type\":\"Organization\",\"@id\":\"https:\/\/arcticexcursions.com\/#organization\",\"name\":\"Arctic Excursions\",\"url\":\"https:\/\/arcticexcursions.com\/\",\"logo\":{\"@type\":\"ImageObject\",\"inLanguage\":\"da-DK\",\"@id\":\"https:\/\/arcticexcursions.com\/#\/schema\/logo\/image\/\",\"url\":\"https:\/\/arcticexcursions.com\/wp-content\/uploads\/2022\/11\/fb-logo.png\",\"contentUrl\":\"https:\/\/arcticexcursions.com\/wp-content\/uploads\/2022\/11\/fb-logo.png\",\"width\":523,\"height\":523,\"caption\":\"Arctic Excursions\"},\"image\":{\"@id\":\"https:\/\/arcticexcursions.com\/#\/schema\/logo\/image\/\"}}]}<\/script>\n<!-- \/ Yoast SEO plugin. -->","yoast_head_json":{"title":"Arctic Excursions","robots":{"index":"index","follow":"follow","max-snippet":"max-snippet:-1","max-image-preview":"max-image-preview:large","max-video-preview":"max-video-preview:-1"},"canonical":"https:\/\/arcticexcursions.com\/udflugter\/exploring-inuit-history-a-snowshoe-hike-through-sallinguit\/","og_locale":"da_DK","og_type":"article","og_title":"Udforskning af inuit-historie: En snesko-vandring gennem Sallinguit - Arctic Excursions","og_description":"Sallinguit er en charmerende gr\u00f8nlandsk \u00f8 med 4.500 \u00e5r gamle menneskelige rester, som tilbyder en afslappende vandretur med udsigt over den frosne ocean og byen.","og_url":"https:\/\/arcticexcursions.com\/udflugter\/exploring-inuit-history-a-snowshoe-hike-through-sallinguit\/","og_site_name":"Arctic Excursions","article_modified_time":"2025-11-05T15:42:18+00:00","og_image":[{"width":2048,"height":1366,"url":"https:\/\/arcticexcursions.com\/wp-content\/uploads\/2024\/08\/20240809_170715-feaa.jpg","type":"image\/jpeg"}],"twitter_card":"summary_large_image","twitter_misc":{"Estimeret l\u00e6setid":"1 minut"},"schema":{"@context":"https:\/\/schema.org","@graph":[{"@type":"WebPage","@id":"https:\/\/arcticexcursions.com\/udflugter\/exploring-inuit-history-a-snowshoe-hike-through-sallinguit\/","url":"https:\/\/arcticexcursions.com\/udflugter\/exploring-inuit-history-a-snowshoe-hike-through-sallinguit\/","name":"Udforskning af inuit-historie: En snesko-vandring gennem Sallinguit - Arctic Excursions","isPartOf":{"@id":"https:\/\/arcticexcursions.com\/#website"},"primaryImageOfPage":{"@id":"https:\/\/arcticexcursions.com\/udflugter\/exploring-inuit-history-a-snowshoe-hike-through-sallinguit\/#primaryimage"},"image":{"@id":"https:\/\/arcticexcursions.com\/udflugter\/exploring-inuit-history-a-snowshoe-hike-through-sallinguit\/#primaryimage"},"thumbnailUrl":"https:\/\/arcticexcursions.com\/wp-content\/uploads\/2024\/08\/20240809_170715-feaa.jpg","datePublished":"2024-08-16T10:58:38+00:00","dateModified":"2025-11-05T15:42:18+00:00","breadcrumb":{"@id":"https:\/\/arcticexcursions.com\/udflugter\/exploring-inuit-history-a-snowshoe-hike-through-sallinguit\/#breadcrumb"},"inLanguage":"da-DK","potentialAction":[{"@type":"ReadAction","target":["https:\/\/arcticexcursions.com\/udflugter\/exploring-inuit-history-a-snowshoe-hike-through-sallinguit\/"]}]},{"@type":"ImageObject","inLanguage":"da-DK","@id":"https:\/\/arcticexcursions.com\/udflugter\/exploring-inuit-history-a-snowshoe-hike-through-sallinguit\/#primaryimage","url":"https:\/\/arcticexcursions.com\/wp-content\/uploads\/2024\/08\/20240809_170715-feaa.jpg","contentUrl":"https:\/\/arcticexcursions.com\/wp-content\/uploads\/2024\/08\/20240809_170715-feaa.jpg","width":2048,"height":1366},{"@type":"BreadcrumbList","@id":"https:\/\/arcticexcursions.com\/udflugter\/exploring-inuit-history-a-snowshoe-hike-through-sallinguit\/#breadcrumb","itemListElement":[{"@type":"ListItem","position":1,"name":"Home","item":"https:\/\/arcticexcursions.com\/da\/"},{"@type":"ListItem","position":2,"name":"Udflugter i Gr\u00f8nland","item":"https:\/\/arcticexcursions.com\/da\/udflugter\/"},{"@type":"ListItem","position":3,"name":"Udforskning af inuit-historie: En snesko-vandring gennem Sallinguit"}]},{"@type":"WebSite","@id":"https:\/\/arcticexcursions.com\/#website","url":"https:\/\/arcticexcursions.com\/","name":"Arctic Excursions","description":"New adventures. Every day.","publisher":{"@id":"https:\/\/arcticexcursions.com\/#organization"},"potentialAction":[{"@type":"SearchAction","target":{"@type":"EntryPoint","urlTemplate":"https:\/\/arcticexcursions.com\/?s={search_term_string}"},"query-input":{"@type":"PropertyValueSpecification","valueRequired":true,"valueName":"search_term_string"}}],"inLanguage":"da-DK"},{"@type":"Organization","@id":"https:\/\/arcticexcursions.com\/#organization","name":"Arctic Excursions","url":"https:\/\/arcticexcursions.com\/","logo":{"@type":"ImageObject","inLanguage":"da-DK","@id":"https:\/\/arcticexcursions.com\/#\/schema\/logo\/image\/","url":"https:\/\/arcticexcursions.com\/wp-content\/uploads\/2022\/11\/fb-logo.png","contentUrl":"https:\/\/arcticexcursions.com\/wp-content\/uploads\/2022\/11\/fb-logo.png","width":523,"height":523,"caption":"Arctic Excursions"},"image":{"@id":"https:\/\/arcticexcursions.com\/#\/schema\/logo\/image\/"}}]}},"_links":{"self":[{"href":"https:\/\/arcticexcursions.com\/da\/wp-json\/wp\/v2\/product\/40053"}],"collection":[{"href":"https:\/\/arcticexcursions.com\/da\/wp-json\/wp\/v2\/product"}],"about":[{"href":"https:\/\/arcticexcursions.com\/da\/wp-json\/wp\/v2\/types\/product"}],"replies":[{"embeddable":true,"href":"https:\/\/arcticexcursions.com\/da\/wp-json\/wp\/v2\/comments?post=40053"}],"wp:featuredmedia":[{"embeddable":true,"href":"https:\/\/arcticexcursions.com\/da\/wp-json\/wp\/v2\/media\/40046"}],"wp:attachment":[{"href":"https:\/\/arcticexcursions.com\/da\/wp-json\/wp\/v2\/media?parent=40053"}],"wp:term":[{"taxonomy":"product_brand","embeddable":true,"href":"https:\/\/arcticexcursions.com\/da\/wp-json\/wp\/v2\/product_brand?post=40053"},{"taxonomy":"product_cat","embeddable":true,"href":"https:\/\/arcticexcursions.com\/da\/wp-json\/wp\/v2\/product_cat?post=40053"},{"taxonomy":"product_tag","embeddable":true,"href":"https:\/\/arcticexcursions.com\/da\/wp-json\/wp\/v2\/product_tag?post=40053"}],"curies":[{"name":"wp","href":"https:\/\/api.w.org\/{rel}","templated":true}]}}