{"id":40589,"date":"2024-09-10T14:47:48","date_gmt":"2024-09-10T12:47:48","guid":{"rendered":"https:\/\/arcticexcursions.com\/?post_type=product&#038;p=40589"},"modified":"2024-12-23T00:01:18","modified_gmt":"2024-12-22T22:01:18","slug":"northern-lights-tour-2","status":"publish","type":"product","link":"https:\/\/arcticexcursions.com\/da\/udflugter\/northern-lights-tour-2\/","title":{"rendered":"Nordlystur"},"content":{"rendered":"<p>Tag med p\u00e5 en uforglemmelig rejse ind i hjertet af Gr\u00f8nlands naturlige sk\u00f8nhed, n\u00e5r vi sejler i en lukket b\u00e5d gennem de isfyldte farvande omkring Ilulissat. P\u00e5 denne to timer lange tur vil du opleve et af naturens mest fascinerende f\u00e6nomener: Nordlyset, ogs\u00e5 kendt som Aurora Borealis.<\/p>\n<p>Fra den varme og lukkede b\u00e5d f\u00e5r du et perfekt udsyn til det magiske lysshow, der danser hen over den m\u00f8rke nattehimmel. Mens vi langsomt bev\u00e6ger os gennem Ilulissats spektakul\u00e6re isfjord, omgivet af kolossale isbjerge, vil himlen gl\u00f8de i gr\u00f8nne, lilla og bl\u00e5 nuancer. Vores erfarne guide vil dele historier og videnskab om nordlyset og sikre, at du f\u00e5r mest muligt ud af denne magiske nat.<\/p>\n<p>Turen varer cirka to timer, s\u00e5 du har tid til at fordybe dig i b\u00e5de den arktiske stilhed og den betagende natur, mens du nyder synet af nordlysets farverige b\u00f8lger. P\u00e5 denne rejse f\u00e5r du ogs\u00e5 mulighed for at tage unikke billeder af b\u00e5de nordlyset og isbjergenes majest\u00e6tiske former.<\/p>\n<p><b>Deltagere:<\/b> Bem\u00e6rk venligst, at udflugten kun finder sted, hvis der er bestilt mindst 4 billetter i alt. Hvis du f.eks. bestiller 2 billetter, skal der s\u00e6lges mindst 2 ekstra billetter til andre kunder, for at turen kan gennemf\u00f8res. H\u00f8jst 6 personer kan deltage.\t<\/p>\n<p><b>Skib:<\/b> M\/S Heidi<\/p>\n<p><b>Varighed:<\/b> 2 timer<\/p>\n<p>Kaffe og te inkluderet under turen.<\/p>\n<p>Adgang til lounge og toilet faciliteter.<\/p>\n","protected":false},"excerpt":{"rendered":"<p>Oplev det smukke nordlys fra havet. V\u00e6k fra det kunstige lys.<\/p>\n","protected":false},"featured_media":40525,"comment_status":"open","ping_status":"closed","template":"","meta":{"_acf_changed":false},"product_brand":[],"product_cat":[101,170],"product_tag":[],"class_list":{"0":"post-40589","1":"product","2":"type-product","3":"status-publish","4":"has-post-thumbnail","6":"product_cat-tour","7":"product_cat-udflugt","8":"pa_dato-1196","9":"pa_dato-1209","10":"pa_dato-1210","11":"pa_dato-1212","12":"pa_dato-1213","13":"pa_dato-1216","14":"pa_dato-1218","15":"pa_dato-1220","16":"pa_dato-1277","17":"pa_dato-1278","18":"pa_dato-1330","19":"pa_dato-1377","20":"pa_dato-1149","21":"pa_dato-1297","22":"pa_dato-1252","23":"pa_dato-1282","24":"pa_dato-1382","25":"pa_dato-1383","26":"pa_dato-1151","27":"pa_dato-1299","28":"pa_dato-1254","29":"pa_dato-1285","30":"pa_dato-1286","31":"pa_dato-1337","32":"pa_dato-1384","33":"pa_dato-1153","34":"pa_dato-1301","35":"pa_dato-1256","36":"pa_dato-1240","37":"pa_dato-1242","38":"pa_dato-1385","39":"pa_dato-1155","40":"pa_dato-1302","41":"pa_dato-1258","42":"pa_dato-1291","43":"pa_dato-1292","44":"pa_dato-1244","45":"pa_dato-1386","46":"pa_tidspunkt-86","47":"pa_tidspunkt-231","48":"tour_location-ilulissat-da","49":"tour_type-nordlys","50":"tour_tickettype-arctic_excursions","51":"tour_operator-naleraq-sea-safari","53":"first","54":"outofstock","55":"shipping-taxable","56":"product-type-variable"},"acf":[],"yoast_head":"<!-- This site is optimized with the Yoast SEO plugin v23.6 - https:\/\/yoast.com\/wordpress\/plugins\/seo\/ -->\n<title>Arctic Excursions<\/title>\n<meta name=\"robots\" content=\"index, follow, max-snippet:-1, max-image-preview:large, max-video-preview:-1\" \/>\n<link rel=\"canonical\" href=\"https:\/\/arcticexcursions.com\/da\/udflugter\/northern-lights-tour-2\/\" \/>\n<meta property=\"og:locale\" content=\"da_DK\" \/>\n<meta property=\"og:type\" content=\"article\" \/>\n<meta property=\"og:title\" content=\"Nordlystur - Arctic Excursions\" \/>\n<meta property=\"og:description\" content=\"Oplev det smukke nordlys fra havet. V\u00e6k fra det kunstige lys.\" \/>\n<meta property=\"og:url\" content=\"https:\/\/arcticexcursions.com\/da\/udflugter\/northern-lights-tour-2\/\" \/>\n<meta property=\"og:site_name\" content=\"Arctic Excursions\" \/>\n<meta property=\"article:modified_time\" content=\"2024-12-22T22:01:18+00:00\" \/>\n<meta property=\"og:image\" content=\"https:\/\/arcticexcursions.com\/wp-content\/uploads\/2024\/09\/1000003995.jpg\" \/>\n\t<meta property=\"og:image:width\" content=\"768\" \/>\n\t<meta property=\"og:image:height\" content=\"1024\" \/>\n\t<meta property=\"og:image:type\" content=\"image\/jpeg\" \/>\n<meta name=\"twitter:card\" content=\"summary_large_image\" \/>\n<meta name=\"twitter:label1\" content=\"Estimeret l\u00e6setid\" \/>\n\t<meta name=\"twitter:data1\" content=\"1 minut\" \/>\n<script type=\"application\/ld+json\" class=\"yoast-schema-graph\">{\"@context\":\"https:\/\/schema.org\",\"@graph\":[{\"@type\":\"WebPage\",\"@id\":\"https:\/\/arcticexcursions.com\/da\/udflugter\/northern-lights-tour-2\/\",\"url\":\"https:\/\/arcticexcursions.com\/da\/udflugter\/northern-lights-tour-2\/\",\"name\":\"Nordlystur - Arctic Excursions\",\"isPartOf\":{\"@id\":\"https:\/\/arcticexcursions.com\/#website\"},\"primaryImageOfPage\":{\"@id\":\"https:\/\/arcticexcursions.com\/da\/udflugter\/northern-lights-tour-2\/#primaryimage\"},\"image\":{\"@id\":\"https:\/\/arcticexcursions.com\/da\/udflugter\/northern-lights-tour-2\/#primaryimage\"},\"thumbnailUrl\":\"https:\/\/arcticexcursions.com\/wp-content\/uploads\/2024\/09\/1000003995.jpg\",\"datePublished\":\"2024-09-10T12:47:48+00:00\",\"dateModified\":\"2024-12-22T22:01:18+00:00\",\"breadcrumb\":{\"@id\":\"https:\/\/arcticexcursions.com\/da\/udflugter\/northern-lights-tour-2\/#breadcrumb\"},\"inLanguage\":\"da-DK\",\"potentialAction\":[{\"@type\":\"ReadAction\",\"target\":[\"https:\/\/arcticexcursions.com\/da\/udflugter\/northern-lights-tour-2\/\"]}]},{\"@type\":\"ImageObject\",\"inLanguage\":\"da-DK\",\"@id\":\"https:\/\/arcticexcursions.com\/da\/udflugter\/northern-lights-tour-2\/#primaryimage\",\"url\":\"https:\/\/arcticexcursions.com\/wp-content\/uploads\/2024\/09\/1000003995.jpg\",\"contentUrl\":\"https:\/\/arcticexcursions.com\/wp-content\/uploads\/2024\/09\/1000003995.jpg\",\"width\":768,\"height\":1024},{\"@type\":\"BreadcrumbList\",\"@id\":\"https:\/\/arcticexcursions.com\/da\/udflugter\/northern-lights-tour-2\/#breadcrumb\",\"itemListElement\":[{\"@type\":\"ListItem\",\"position\":1,\"name\":\"Home\",\"item\":\"https:\/\/arcticexcursions.com\/da\/\"},{\"@type\":\"ListItem\",\"position\":2,\"name\":\"Udflugter i Gr\u00f8nland\",\"item\":\"https:\/\/arcticexcursions.com\/da\/udflugter\/\"},{\"@type\":\"ListItem\",\"position\":3,\"name\":\"Nordlystur\"}]},{\"@type\":\"WebSite\",\"@id\":\"https:\/\/arcticexcursions.com\/#website\",\"url\":\"https:\/\/arcticexcursions.com\/\",\"name\":\"Arctic Excursions\",\"description\":\"New adventures. Every day.\",\"publisher\":{\"@id\":\"https:\/\/arcticexcursions.com\/#organization\"},\"potentialAction\":[{\"@type\":\"SearchAction\",\"target\":{\"@type\":\"EntryPoint\",\"urlTemplate\":\"https:\/\/arcticexcursions.com\/?s={search_term_string}\"},\"query-input\":{\"@type\":\"PropertyValueSpecification\",\"valueRequired\":true,\"valueName\":\"search_term_string\"}}],\"inLanguage\":\"da-DK\"},{\"@type\":\"Organization\",\"@id\":\"https:\/\/arcticexcursions.com\/#organization\",\"name\":\"Arctic Excursions\",\"url\":\"https:\/\/arcticexcursions.com\/\",\"logo\":{\"@type\":\"ImageObject\",\"inLanguage\":\"da-DK\",\"@id\":\"https:\/\/arcticexcursions.com\/#\/schema\/logo\/image\/\",\"url\":\"https:\/\/arcticexcursions.com\/wp-content\/uploads\/2022\/11\/fb-logo.png\",\"contentUrl\":\"https:\/\/arcticexcursions.com\/wp-content\/uploads\/2022\/11\/fb-logo.png\",\"width\":523,\"height\":523,\"caption\":\"Arctic Excursions\"},\"image\":{\"@id\":\"https:\/\/arcticexcursions.com\/#\/schema\/logo\/image\/\"}}]}<\/script>\n<!-- \/ Yoast SEO plugin. -->","yoast_head_json":{"title":"Arctic Excursions","robots":{"index":"index","follow":"follow","max-snippet":"max-snippet:-1","max-image-preview":"max-image-preview:large","max-video-preview":"max-video-preview:-1"},"canonical":"https:\/\/arcticexcursions.com\/da\/udflugter\/northern-lights-tour-2\/","og_locale":"da_DK","og_type":"article","og_title":"Nordlystur - Arctic Excursions","og_description":"Oplev det smukke nordlys fra havet. V\u00e6k fra det kunstige lys.","og_url":"https:\/\/arcticexcursions.com\/da\/udflugter\/northern-lights-tour-2\/","og_site_name":"Arctic Excursions","article_modified_time":"2024-12-22T22:01:18+00:00","og_image":[{"width":768,"height":1024,"url":"https:\/\/arcticexcursions.com\/wp-content\/uploads\/2024\/09\/1000003995.jpg","type":"image\/jpeg"}],"twitter_card":"summary_large_image","twitter_misc":{"Estimeret l\u00e6setid":"1 minut"},"schema":{"@context":"https:\/\/schema.org","@graph":[{"@type":"WebPage","@id":"https:\/\/arcticexcursions.com\/da\/udflugter\/northern-lights-tour-2\/","url":"https:\/\/arcticexcursions.com\/da\/udflugter\/northern-lights-tour-2\/","name":"Nordlystur - Arctic Excursions","isPartOf":{"@id":"https:\/\/arcticexcursions.com\/#website"},"primaryImageOfPage":{"@id":"https:\/\/arcticexcursions.com\/da\/udflugter\/northern-lights-tour-2\/#primaryimage"},"image":{"@id":"https:\/\/arcticexcursions.com\/da\/udflugter\/northern-lights-tour-2\/#primaryimage"},"thumbnailUrl":"https:\/\/arcticexcursions.com\/wp-content\/uploads\/2024\/09\/1000003995.jpg","datePublished":"2024-09-10T12:47:48+00:00","dateModified":"2024-12-22T22:01:18+00:00","breadcrumb":{"@id":"https:\/\/arcticexcursions.com\/da\/udflugter\/northern-lights-tour-2\/#breadcrumb"},"inLanguage":"da-DK","potentialAction":[{"@type":"ReadAction","target":["https:\/\/arcticexcursions.com\/da\/udflugter\/northern-lights-tour-2\/"]}]},{"@type":"ImageObject","inLanguage":"da-DK","@id":"https:\/\/arcticexcursions.com\/da\/udflugter\/northern-lights-tour-2\/#primaryimage","url":"https:\/\/arcticexcursions.com\/wp-content\/uploads\/2024\/09\/1000003995.jpg","contentUrl":"https:\/\/arcticexcursions.com\/wp-content\/uploads\/2024\/09\/1000003995.jpg","width":768,"height":1024},{"@type":"BreadcrumbList","@id":"https:\/\/arcticexcursions.com\/da\/udflugter\/northern-lights-tour-2\/#breadcrumb","itemListElement":[{"@type":"ListItem","position":1,"name":"Home","item":"https:\/\/arcticexcursions.com\/da\/"},{"@type":"ListItem","position":2,"name":"Udflugter i Gr\u00f8nland","item":"https:\/\/arcticexcursions.com\/da\/udflugter\/"},{"@type":"ListItem","position":3,"name":"Nordlystur"}]},{"@type":"WebSite","@id":"https:\/\/arcticexcursions.com\/#website","url":"https:\/\/arcticexcursions.com\/","name":"Arctic Excursions","description":"New adventures. Every day.","publisher":{"@id":"https:\/\/arcticexcursions.com\/#organization"},"potentialAction":[{"@type":"SearchAction","target":{"@type":"EntryPoint","urlTemplate":"https:\/\/arcticexcursions.com\/?s={search_term_string}"},"query-input":{"@type":"PropertyValueSpecification","valueRequired":true,"valueName":"search_term_string"}}],"inLanguage":"da-DK"},{"@type":"Organization","@id":"https:\/\/arcticexcursions.com\/#organization","name":"Arctic Excursions","url":"https:\/\/arcticexcursions.com\/","logo":{"@type":"ImageObject","inLanguage":"da-DK","@id":"https:\/\/arcticexcursions.com\/#\/schema\/logo\/image\/","url":"https:\/\/arcticexcursions.com\/wp-content\/uploads\/2022\/11\/fb-logo.png","contentUrl":"https:\/\/arcticexcursions.com\/wp-content\/uploads\/2022\/11\/fb-logo.png","width":523,"height":523,"caption":"Arctic Excursions"},"image":{"@id":"https:\/\/arcticexcursions.com\/#\/schema\/logo\/image\/"}}]}},"_links":{"self":[{"href":"https:\/\/arcticexcursions.com\/da\/wp-json\/wp\/v2\/product\/40589"}],"collection":[{"href":"https:\/\/arcticexcursions.com\/da\/wp-json\/wp\/v2\/product"}],"about":[{"href":"https:\/\/arcticexcursions.com\/da\/wp-json\/wp\/v2\/types\/product"}],"replies":[{"embeddable":true,"href":"https:\/\/arcticexcursions.com\/da\/wp-json\/wp\/v2\/comments?post=40589"}],"wp:featuredmedia":[{"embeddable":true,"href":"https:\/\/arcticexcursions.com\/da\/wp-json\/wp\/v2\/media\/40525"}],"wp:attachment":[{"href":"https:\/\/arcticexcursions.com\/da\/wp-json\/wp\/v2\/media?parent=40589"}],"wp:term":[{"taxonomy":"product_brand","embeddable":true,"href":"https:\/\/arcticexcursions.com\/da\/wp-json\/wp\/v2\/product_brand?post=40589"},{"taxonomy":"product_cat","embeddable":true,"href":"https:\/\/arcticexcursions.com\/da\/wp-json\/wp\/v2\/product_cat?post=40589"},{"taxonomy":"product_tag","embeddable":true,"href":"https:\/\/arcticexcursions.com\/da\/wp-json\/wp\/v2\/product_tag?post=40589"}],"curies":[{"name":"wp","href":"https:\/\/api.w.org\/{rel}","templated":true}]}}