{"id":4072,"date":"2022-11-03T10:51:15","date_gmt":"2022-11-03T08:51:15","guid":{"rendered":"https:\/\/arcticexcursions.com\/?post_type=product&#038;p=4072"},"modified":"2026-02-26T17:07:40","modified_gmt":"2026-02-26T15:07:40","slug":"weekendophold-sejlads-blaa-hytte","status":"publish","type":"product","link":"https:\/\/arcticexcursions.com\/da\/udflugter\/weekendophold-sejlads-blaa-hytte\/","title":{"rendered":"Weekendophold \/ 2 n\u00e6tter &#038; Sejlads (Bl\u00e5 hytte)"},"content":{"rendered":"<p>Oplev den gr\u00f8nlandske kultur med sejlads og ophold i hytte uden telefon og internet!<\/p>\n<p>Hvis du vil t\u00e6t p\u00e5 naturen og samtidig opleve at overnatte i en hytte med en behagelig seng, s\u00e5 er Camp Itivi det rette sted for dig! <\/p>\n<p>Nyd de rolige og fantastiske omgivelser i hytterne p\u00e5 Camp Itivi, og kom t\u00e6t p\u00e5 den uendelige natur, der ligger lige uden for d\u00f8ren.<\/p>\n<p>Camp Itivi ligger t\u00e6t p\u00e5 indlandsisen, i bunden af Nuuk-fjordsystemet, beskyttet mod vind og vejr af de fantastiske bjerge og med en \u00e5ben udsigt over fjorden, hvor isbjergene glider forbi dig. <\/p>\n<p>Da isbjergene bev\u00e6ger sig, har hver morgen en ny udsigt. <\/p>\n<p>Engang kom inuitterne hertil med deres kajakker p\u00e5 vej ud p\u00e5 jagt. Om sommeren fungerede stedet som bop\u00e6l p\u00e5 grund af de gode jagtmuligheder. Og senere kom selv nordboerne forbi. <\/p>\n<p><b>Bem\u00e6rk:<\/b><\/p>\n<p><b>Varighed:<\/b> Book 1 billet pr. nat.<\/p>\n<p><b>Deltagere:<\/b> Hytten har plads til 4 g\u00e6ster.<\/p>\n<p><b>Forplejning:<\/b> Medbring selv mad og drikkevarer.<\/p>\n<p>Prisen er for 2 overnatninger og 2 personer. Inkluderet b\u00e5dtransport tur\/retur.<br \/>\nF\u00e6lles kabine er inkluderet i lejen \u2013 her kan I lave mad og lave aktiviteter sammen.<\/p>\n<p>https:\/\/goo.gl\/maps\/VzYnh9wQgLvho1dt7<\/p>\n","protected":false},"excerpt":{"rendered":"<p>Oplev den gr\u00f8nlandske kultur med sejlads &#038; hytteophold helt uden telefoni og internet!<\/p>\n","protected":false},"featured_media":4040,"comment_status":"open","ping_status":"closed","template":"","meta":{"_acf_changed":false},"product_brand":[],"product_cat":[170],"product_tag":[159],"class_list":{"0":"post-4072","1":"product","2":"type-product","3":"status-publish","4":"has-post-thumbnail","6":"product_cat-udflugt","7":"product_tag-1-da","8":"pa_dato-56","9":"pa_dato-62","10":"pa_dato-55","11":"pa_dato-54","12":"pa_dato-89","13":"pa_dato-52","14":"pa_dato-53","15":"pa_dato-51","16":"pa_dato-50","17":"pa_dato-24","18":"pa_dato-26","19":"pa_dato-84","20":"pa_dato-67","21":"pa_dato-71","22":"pa_dato-78","23":"pa_dato-79","24":"pa_dato-28","25":"pa_dato-29","26":"pa_dato-30","27":"pa_dato-32","28":"pa_dato-33","29":"pa_dato-66","30":"pa_dato-65","31":"pa_dato-59","32":"pa_dato-90","33":"pa_dato-74","34":"pa_dato-75","35":"pa_dato-91","36":"pa_dato-43","37":"pa_dato-98","38":"pa_dato-44","39":"pa_dato-94","40":"pa_dato-96","41":"pa_dato-45","42":"pa_dato-97","43":"pa_dato-103","44":"pa_dato-99","45":"pa_dato-102","46":"pa_dato-111","47":"pa_dato-46","48":"pa_dato-104","49":"pa_dato-107","50":"pa_dato-105","51":"pa_dato-109","52":"pa_dato-115","53":"pa_dato-48","54":"pa_dato-112","55":"pa_dato-130","56":"pa_dato-114","57":"pa_dato-140","58":"pa_dato-117","59":"pa_dato-116","60":"pa_dato-118","61":"pa_dato-166","62":"pa_dato-184","63":"pa_dato-179","64":"pa_dato-180","65":"pa_dato-192","66":"pa_dato-176","67":"pa_dato-173","68":"pa_dato-191","69":"pa_dato-492","70":"pa_dato-493","71":"pa_dato-175","72":"pa_dato-186","73":"pa_dato-188","74":"pa_dato-494","75":"pa_dato-168","76":"pa_dato-172","77":"pa_dato-495","78":"pa_dato-496","79":"pa_dato-497","80":"pa_dato-498","81":"pa_dato-174","82":"pa_dato-204","83":"pa_dato-499","84":"pa_dato-167","85":"pa_dato-208","86":"pa_dato-49","87":"pa_dato-207","88":"pa_dato-210","89":"pa_dato-181","90":"pa_dato-217","91":"pa_dato-215","92":"pa_dato-228","93":"pa_dato-214","94":"pa_dato-224","95":"pa_dato-218","96":"pa_dato-226","97":"pa_dato-216","98":"pa_dato-238","99":"pa_dato-244","100":"pa_dato-234","101":"pa_dato-236","102":"pa_dato-230","103":"pa_dato-233","104":"pa_dato-169","105":"pa_dato-303","106":"pa_dato-219","107":"pa_dato-246","108":"pa_dato-305","109":"pa_dato-285","110":"pa_dato-254","111":"pa_dato-235","112":"pa_dato-232","113":"pa_dato-237","114":"pa_dato-245","115":"pa_dato-253","116":"pa_dato-307","117":"pa_dato-263","118":"pa_dato-313","119":"pa_dato-436","120":"pa_dato-252","121":"pa_dato-318","122":"pa_dato-262","123":"pa_dato-259","124":"pa_dato-260","125":"pa_dato-433","126":"pa_dato-470","127":"pa_dato-310","128":"pa_dato-329","129":"pa_dato-423","130":"pa_dato-424","131":"pa_dato-225","132":"pa_dato-451","133":"pa_dato-440","134":"pa_dato-425","135":"pa_dato-256","136":"pa_dato-475","137":"pa_dato-452","138":"pa_dato-258","139":"pa_dato-441","140":"pa_dato-427","141":"pa_dato-428","142":"pa_dato-485","143":"pa_dato-453","144":"pa_dato-442","145":"pa_dato-257","146":"pa_dato-429","147":"pa_dato-261","148":"pa_dato-454","149":"pa_dato-443","150":"pa_dato-477","151":"pa_dato-479","152":"pa_dato-533","153":"pa_dato-455","154":"pa_dato-504","155":"pa_dato-444","156":"pa_dato-480","157":"pa_dato-462","158":"pa_dato-445","159":"pa_dato-456","160":"pa_dato-546","161":"pa_dato-505","162":"pa_dato-481","163":"pa_dato-482","164":"pa_dato-446","165":"pa_dato-457","166":"pa_dato-483","167":"pa_dato-484","168":"pa_dato-562","169":"pa_dato-524","170":"pa_dato-525","171":"pa_dato-526","172":"pa_dato-527","173":"pa_dato-220","174":"pa_dato-265","175":"pa_dato-330","176":"pa_dato-458","177":"pa_dato-447","178":"pa_dato-516","179":"pa_dato-517","180":"pa_dato-518","181":"pa_dato-519","182":"pa_dato-520","183":"pa_dato-508","184":"pa_dato-448","185":"pa_dato-459","186":"pa_dato-399","187":"pa_dato-523","188":"pa_dato-400","189":"pa_dato-528","190":"pa_dato-529","191":"pa_dato-449","192":"pa_dato-460","193":"pa_dato-401","194":"pa_dato-402","195":"pa_dato-530","196":"pa_dato-464","197":"pa_dato-532","198":"pa_dato-403","199":"pa_dato-450","200":"pa_dato-404","201":"pa_dato-509","202":"pa_dato-531","203":"pa_dato-332","204":"pa_dato-319","205":"pa_dato-320","206":"pa_dato-327","207":"pa_dato-333","208":"pa_dato-331","209":"pa_dato-408","210":"pa_dato-334","211":"pa_dato-360","212":"pa_dato-361","213":"pa_dato-362","214":"pa_dato-335","215":"pa_dato-336","216":"pa_dato-409","217":"pa_dato-337","218":"pa_dato-363","219":"pa_dato-364","220":"pa_dato-365","221":"pa_dato-338","222":"pa_dato-339","223":"pa_dato-410","224":"pa_dato-340","225":"pa_dato-366","226":"pa_dato-367","227":"pa_dato-368","228":"pa_dato-341","229":"pa_dato-342","230":"pa_dato-411","231":"pa_dato-343","232":"pa_dato-369","233":"pa_dato-370","234":"pa_dato-371","235":"pa_dato-344","236":"pa_dato-345","237":"pa_dato-412","238":"pa_dato-346","239":"pa_dato-372","240":"pa_dato-373","241":"pa_dato-374","242":"pa_dato-347","243":"pa_dato-348","244":"pa_dato-413","245":"pa_dato-349","246":"pa_dato-375","247":"pa_dato-376","248":"pa_dato-377","249":"pa_dato-350","250":"pa_dato-351","251":"pa_dato-414","252":"pa_dato-352","253":"pa_dato-378","254":"pa_dato-379","255":"pa_dato-380","256":"pa_dato-353","257":"pa_dato-354","258":"pa_dato-415","259":"pa_dato-355","260":"pa_dato-381","261":"pa_dato-382","262":"pa_dato-383","263":"pa_dato-356","264":"pa_dato-357","265":"pa_dato-416","266":"pa_dato-358","267":"pa_dato-384","268":"pa_dato-385","269":"pa_dato-386","270":"pa_dato-359","271":"pa_dato-387","272":"pa_dato-417","273":"pa_dato-418","274":"pa_dato-388","275":"pa_dato-389","276":"pa_dato-390","277":"pa_dato-405","278":"pa_dato-391","279":"pa_dato-419","280":"pa_dato-420","281":"pa_dato-392","282":"pa_dato-393","283":"pa_dato-394","284":"pa_dato-406","285":"pa_dato-395","286":"pa_dato-421","287":"pa_dato-422","288":"pa_dato-396","289":"pa_dato-397","290":"pa_dato-398","291":"pa_dato-407","292":"pa_dato-636","293":"pa_dato-640","294":"pa_dato-643","295":"pa_dato-647","296":"pa_dato-650","297":"pa_dato-654","298":"pa_dato-439","299":"pa_dato-664","300":"pa_dato-490","301":"pa_dato-491","302":"pa_dato-669","303":"pa_dato-222","304":"pa_dato-675","305":"pa_dato-502","306":"pa_dato-503","307":"pa_dato-535","308":"pa_dato-534","309":"pa_dato-536","310":"pa_dato-537","311":"pa_dato-538","312":"pa_dato-539","313":"pa_dato-540","314":"pa_dato-500","315":"pa_dato-541","316":"pa_dato-542","317":"pa_dato-543","318":"pa_dato-465","319":"pa_dato-547","320":"pa_dato-548","321":"pa_dato-549","322":"pa_dato-550","323":"pa_dato-551","324":"pa_dato-552","325":"pa_dato-553","326":"pa_dato-554","327":"pa_dato-555","328":"pa_dato-556","329":"pa_dato-557","330":"pa_dato-558","331":"pa_dato-521","332":"pa_dato-522","333":"pa_dato-559","334":"pa_dato-560","335":"pa_dato-561","336":"pa_dato-590","337":"pa_dato-595","338":"pa_dato-510","339":"pa_dato-513","340":"pa_dato-511","341":"pa_dato-512","342":"pa_dato-739","343":"pa_dato-901","344":"pa_dato-1135","345":"pa_dato-1185","346":"pa_dato-1186","347":"pa_dato-1140","348":"pa_dato-1194","349":"pa_dato-1195","350":"pa_dato-1196","351":"pa_dato-6245","352":"pa_dato-6284","353":"pa_tidspunkt-187","354":"pa_tidspunkt-64","355":"pa_tidspunkt-113","356":"pa_tidspunkt-63","357":"pa_tidspunkt-185","358":"pa_tidspunkt-178","359":"pa_tidspunkt-106","360":"pa_tidspunkt-212","361":"pa_tidspunkt-209","362":"pa_tidspunkt-70","363":"pa_tidspunkt-34","364":"pa_tidspunkt-35","365":"pa_tidspunkt-36","366":"pa_tidspunkt-72","367":"pa_tidspunkt-37","368":"pa_tidspunkt-38","369":"pa_tidspunkt-92","370":"pa_tidspunkt-40","371":"pa_tidspunkt-58","372":"pa_tidspunkt-76","373":"pa_tidspunkt-304","374":"pa_tidspunkt-77","375":"pa_tidspunkt-221","376":"pa_tidspunkt-177","377":"pa_tidspunkt-223","378":"pa_tidspunkt-229","379":"pa_tidspunkt-182","380":"pa_tidspunkt-314","381":"pa_tidspunkt-478","382":"pa_tidspunkt-317","383":"pa_tidspunkt-227","384":"pa_tidspunkt-308","385":"pa_tidspunkt-431","386":"pa_tidspunkt-27","387":"pa_tidspunkt-430","388":"pa_tidspunkt-61","389":"pa_tidspunkt-83","390":"pa_tidspunkt-60","391":"pa_tidspunkt-93","392":"pa_tidspunkt-426","393":"pa_tidspunkt-39","394":"pa_tidspunkt-57","395":"pa_tidspunkt-68","396":"pa_tidspunkt-110","397":"pa_tidspunkt-69","398":"pa_tidspunkt-432","399":"pa_tidspunkt-205","400":"pa_tidspunkt-255","401":"pa_tidspunkt-86","402":"pa_tidspunkt-438","403":"pa_tidspunkt-80","404":"pa_tidspunkt-85","405":"pa_tidspunkt-231","406":"pa_tidspunkt-82","407":"pa_tidspunkt-73","408":"pa_tidspunkt-463","409":"pa_tidspunkt-95","410":"pa_tidspunkt-81","411":"pa_tidspunkt-select-a-time","412":"tour_location-nuuk-da","413":"tour_type-ophold","414":"tour_tickettype-arctic_excursions","415":"tour_operator-camp-itivi","417":"first","418":"instock","419":"shipping-taxable","420":"purchasable","421":"product-type-variable"},"acf":[],"yoast_head":"<!-- This site is optimized with the Yoast SEO plugin v23.6 - https:\/\/yoast.com\/wordpress\/plugins\/seo\/ -->\n<title>Arctic Excursions<\/title>\n<meta name=\"robots\" content=\"index, follow, max-snippet:-1, max-image-preview:large, max-video-preview:-1\" \/>\n<link rel=\"canonical\" href=\"https:\/\/arcticexcursions.com\/da\/udflugter\/weekendophold-sejlads-blaa-hytte\/\" \/>\n<meta property=\"og:locale\" content=\"da_DK\" \/>\n<meta property=\"og:type\" content=\"article\" \/>\n<meta property=\"og:title\" content=\"Weekendophold \/ 2 n\u00e6tter &amp; Sejlads (Bl\u00e5 hytte) - Arctic Excursions\" \/>\n<meta property=\"og:description\" content=\"Oplev den gr\u00f8nlandske kultur med sejlads &amp; hytteophold helt uden telefoni og internet!\" \/>\n<meta property=\"og:url\" content=\"https:\/\/arcticexcursions.com\/da\/udflugter\/weekendophold-sejlads-blaa-hytte\/\" \/>\n<meta property=\"og:site_name\" content=\"Arctic Excursions\" \/>\n<meta property=\"article:modified_time\" content=\"2026-02-26T15:07:40+00:00\" \/>\n<meta property=\"og:image\" content=\"https:\/\/arcticexcursions.com\/wp-content\/uploads\/2022\/10\/P1001675-scaled.jpg\" \/>\n\t<meta property=\"og:image:width\" content=\"2560\" \/>\n\t<meta property=\"og:image:height\" content=\"1707\" \/>\n\t<meta property=\"og:image:type\" content=\"image\/jpeg\" \/>\n<meta name=\"twitter:card\" content=\"summary_large_image\" \/>\n<meta name=\"twitter:label1\" content=\"Estimeret l\u00e6setid\" \/>\n\t<meta name=\"twitter:data1\" content=\"1 minut\" \/>\n<script type=\"application\/ld+json\" class=\"yoast-schema-graph\">{\"@context\":\"https:\/\/schema.org\",\"@graph\":[{\"@type\":\"WebPage\",\"@id\":\"https:\/\/arcticexcursions.com\/da\/udflugter\/weekendophold-sejlads-blaa-hytte\/\",\"url\":\"https:\/\/arcticexcursions.com\/da\/udflugter\/weekendophold-sejlads-blaa-hytte\/\",\"name\":\"Weekendophold \/ 2 n\u00e6tter & Sejlads (Bl\u00e5 hytte) - Arctic Excursions\",\"isPartOf\":{\"@id\":\"https:\/\/arcticexcursions.com\/#website\"},\"primaryImageOfPage\":{\"@id\":\"https:\/\/arcticexcursions.com\/da\/udflugter\/weekendophold-sejlads-blaa-hytte\/#primaryimage\"},\"image\":{\"@id\":\"https:\/\/arcticexcursions.com\/da\/udflugter\/weekendophold-sejlads-blaa-hytte\/#primaryimage\"},\"thumbnailUrl\":\"https:\/\/arcticexcursions.com\/wp-content\/uploads\/2022\/10\/P1001675-scaled.jpg\",\"datePublished\":\"2022-11-03T08:51:15+00:00\",\"dateModified\":\"2026-02-26T15:07:40+00:00\",\"breadcrumb\":{\"@id\":\"https:\/\/arcticexcursions.com\/da\/udflugter\/weekendophold-sejlads-blaa-hytte\/#breadcrumb\"},\"inLanguage\":\"da-DK\",\"potentialAction\":[{\"@type\":\"ReadAction\",\"target\":[\"https:\/\/arcticexcursions.com\/da\/udflugter\/weekendophold-sejlads-blaa-hytte\/\"]}]},{\"@type\":\"ImageObject\",\"inLanguage\":\"da-DK\",\"@id\":\"https:\/\/arcticexcursions.com\/da\/udflugter\/weekendophold-sejlads-blaa-hytte\/#primaryimage\",\"url\":\"https:\/\/arcticexcursions.com\/wp-content\/uploads\/2022\/10\/P1001675-scaled.jpg\",\"contentUrl\":\"https:\/\/arcticexcursions.com\/wp-content\/uploads\/2022\/10\/P1001675-scaled.jpg\",\"width\":2560,\"height\":1707},{\"@type\":\"BreadcrumbList\",\"@id\":\"https:\/\/arcticexcursions.com\/da\/udflugter\/weekendophold-sejlads-blaa-hytte\/#breadcrumb\",\"itemListElement\":[{\"@type\":\"ListItem\",\"position\":1,\"name\":\"Home\",\"item\":\"https:\/\/arcticexcursions.com\/da\/\"},{\"@type\":\"ListItem\",\"position\":2,\"name\":\"Udflugter i Gr\u00f8nland\",\"item\":\"https:\/\/arcticexcursions.com\/da\/udflugter\/\"},{\"@type\":\"ListItem\",\"position\":3,\"name\":\"Weekendophold \/ 2 n\u00e6tter &#038; Sejlads (Bl\u00e5 hytte)\"}]},{\"@type\":\"WebSite\",\"@id\":\"https:\/\/arcticexcursions.com\/#website\",\"url\":\"https:\/\/arcticexcursions.com\/\",\"name\":\"Arctic Excursions\",\"description\":\"New adventures. Every day.\",\"publisher\":{\"@id\":\"https:\/\/arcticexcursions.com\/#organization\"},\"potentialAction\":[{\"@type\":\"SearchAction\",\"target\":{\"@type\":\"EntryPoint\",\"urlTemplate\":\"https:\/\/arcticexcursions.com\/?s={search_term_string}\"},\"query-input\":{\"@type\":\"PropertyValueSpecification\",\"valueRequired\":true,\"valueName\":\"search_term_string\"}}],\"inLanguage\":\"da-DK\"},{\"@type\":\"Organization\",\"@id\":\"https:\/\/arcticexcursions.com\/#organization\",\"name\":\"Arctic Excursions\",\"url\":\"https:\/\/arcticexcursions.com\/\",\"logo\":{\"@type\":\"ImageObject\",\"inLanguage\":\"da-DK\",\"@id\":\"https:\/\/arcticexcursions.com\/#\/schema\/logo\/image\/\",\"url\":\"https:\/\/arcticexcursions.com\/wp-content\/uploads\/2022\/11\/fb-logo.png\",\"contentUrl\":\"https:\/\/arcticexcursions.com\/wp-content\/uploads\/2022\/11\/fb-logo.png\",\"width\":523,\"height\":523,\"caption\":\"Arctic Excursions\"},\"image\":{\"@id\":\"https:\/\/arcticexcursions.com\/#\/schema\/logo\/image\/\"}}]}<\/script>\n<!-- \/ Yoast SEO plugin. -->","yoast_head_json":{"title":"Arctic Excursions","robots":{"index":"index","follow":"follow","max-snippet":"max-snippet:-1","max-image-preview":"max-image-preview:large","max-video-preview":"max-video-preview:-1"},"canonical":"https:\/\/arcticexcursions.com\/da\/udflugter\/weekendophold-sejlads-blaa-hytte\/","og_locale":"da_DK","og_type":"article","og_title":"Weekendophold \/ 2 n\u00e6tter & Sejlads (Bl\u00e5 hytte) - Arctic Excursions","og_description":"Oplev den gr\u00f8nlandske kultur med sejlads & hytteophold helt uden telefoni og internet!","og_url":"https:\/\/arcticexcursions.com\/da\/udflugter\/weekendophold-sejlads-blaa-hytte\/","og_site_name":"Arctic Excursions","article_modified_time":"2026-02-26T15:07:40+00:00","og_image":[{"width":2560,"height":1707,"url":"https:\/\/arcticexcursions.com\/wp-content\/uploads\/2022\/10\/P1001675-scaled.jpg","type":"image\/jpeg"}],"twitter_card":"summary_large_image","twitter_misc":{"Estimeret l\u00e6setid":"1 minut"},"schema":{"@context":"https:\/\/schema.org","@graph":[{"@type":"WebPage","@id":"https:\/\/arcticexcursions.com\/da\/udflugter\/weekendophold-sejlads-blaa-hytte\/","url":"https:\/\/arcticexcursions.com\/da\/udflugter\/weekendophold-sejlads-blaa-hytte\/","name":"Weekendophold \/ 2 n\u00e6tter & Sejlads (Bl\u00e5 hytte) - Arctic Excursions","isPartOf":{"@id":"https:\/\/arcticexcursions.com\/#website"},"primaryImageOfPage":{"@id":"https:\/\/arcticexcursions.com\/da\/udflugter\/weekendophold-sejlads-blaa-hytte\/#primaryimage"},"image":{"@id":"https:\/\/arcticexcursions.com\/da\/udflugter\/weekendophold-sejlads-blaa-hytte\/#primaryimage"},"thumbnailUrl":"https:\/\/arcticexcursions.com\/wp-content\/uploads\/2022\/10\/P1001675-scaled.jpg","datePublished":"2022-11-03T08:51:15+00:00","dateModified":"2026-02-26T15:07:40+00:00","breadcrumb":{"@id":"https:\/\/arcticexcursions.com\/da\/udflugter\/weekendophold-sejlads-blaa-hytte\/#breadcrumb"},"inLanguage":"da-DK","potentialAction":[{"@type":"ReadAction","target":["https:\/\/arcticexcursions.com\/da\/udflugter\/weekendophold-sejlads-blaa-hytte\/"]}]},{"@type":"ImageObject","inLanguage":"da-DK","@id":"https:\/\/arcticexcursions.com\/da\/udflugter\/weekendophold-sejlads-blaa-hytte\/#primaryimage","url":"https:\/\/arcticexcursions.com\/wp-content\/uploads\/2022\/10\/P1001675-scaled.jpg","contentUrl":"https:\/\/arcticexcursions.com\/wp-content\/uploads\/2022\/10\/P1001675-scaled.jpg","width":2560,"height":1707},{"@type":"BreadcrumbList","@id":"https:\/\/arcticexcursions.com\/da\/udflugter\/weekendophold-sejlads-blaa-hytte\/#breadcrumb","itemListElement":[{"@type":"ListItem","position":1,"name":"Home","item":"https:\/\/arcticexcursions.com\/da\/"},{"@type":"ListItem","position":2,"name":"Udflugter i Gr\u00f8nland","item":"https:\/\/arcticexcursions.com\/da\/udflugter\/"},{"@type":"ListItem","position":3,"name":"Weekendophold \/ 2 n\u00e6tter &#038; Sejlads (Bl\u00e5 hytte)"}]},{"@type":"WebSite","@id":"https:\/\/arcticexcursions.com\/#website","url":"https:\/\/arcticexcursions.com\/","name":"Arctic Excursions","description":"New adventures. Every day.","publisher":{"@id":"https:\/\/arcticexcursions.com\/#organization"},"potentialAction":[{"@type":"SearchAction","target":{"@type":"EntryPoint","urlTemplate":"https:\/\/arcticexcursions.com\/?s={search_term_string}"},"query-input":{"@type":"PropertyValueSpecification","valueRequired":true,"valueName":"search_term_string"}}],"inLanguage":"da-DK"},{"@type":"Organization","@id":"https:\/\/arcticexcursions.com\/#organization","name":"Arctic Excursions","url":"https:\/\/arcticexcursions.com\/","logo":{"@type":"ImageObject","inLanguage":"da-DK","@id":"https:\/\/arcticexcursions.com\/#\/schema\/logo\/image\/","url":"https:\/\/arcticexcursions.com\/wp-content\/uploads\/2022\/11\/fb-logo.png","contentUrl":"https:\/\/arcticexcursions.com\/wp-content\/uploads\/2022\/11\/fb-logo.png","width":523,"height":523,"caption":"Arctic Excursions"},"image":{"@id":"https:\/\/arcticexcursions.com\/#\/schema\/logo\/image\/"}}]}},"_links":{"self":[{"href":"https:\/\/arcticexcursions.com\/da\/wp-json\/wp\/v2\/product\/4072"}],"collection":[{"href":"https:\/\/arcticexcursions.com\/da\/wp-json\/wp\/v2\/product"}],"about":[{"href":"https:\/\/arcticexcursions.com\/da\/wp-json\/wp\/v2\/types\/product"}],"replies":[{"embeddable":true,"href":"https:\/\/arcticexcursions.com\/da\/wp-json\/wp\/v2\/comments?post=4072"}],"wp:featuredmedia":[{"embeddable":true,"href":"https:\/\/arcticexcursions.com\/da\/wp-json\/wp\/v2\/media\/4040"}],"wp:attachment":[{"href":"https:\/\/arcticexcursions.com\/da\/wp-json\/wp\/v2\/media?parent=4072"}],"wp:term":[{"taxonomy":"product_brand","embeddable":true,"href":"https:\/\/arcticexcursions.com\/da\/wp-json\/wp\/v2\/product_brand?post=4072"},{"taxonomy":"product_cat","embeddable":true,"href":"https:\/\/arcticexcursions.com\/da\/wp-json\/wp\/v2\/product_cat?post=4072"},{"taxonomy":"product_tag","embeddable":true,"href":"https:\/\/arcticexcursions.com\/da\/wp-json\/wp\/v2\/product_tag?post=4072"}],"curies":[{"name":"wp","href":"https:\/\/api.w.org\/{rel}","templated":true}]}}