{"id":41268,"date":"2024-09-27T15:04:18","date_gmt":"2024-09-27T13:04:18","guid":{"rendered":"https:\/\/arcticexcursions.com\/?post_type=product&#038;p=41268"},"modified":"2025-12-01T17:42:30","modified_gmt":"2025-12-01T15:42:30","slug":"summit-oriartorfik-mountain","status":"publish","type":"product","link":"https:\/\/arcticexcursions.com\/da\/udflugter\/summit-oriartorfik-mountain\/","title":{"rendered":"Toptur p\u00e5 Oriartorfik-bjerget"},"content":{"rendered":"<p>Sejl, vandr og kom i kontakt med landskabet!<\/p>\n<p>Tag med p\u00e5 denne sp\u00e6ndende dagsudflugt til Oriartorfik-bjerget, og nyd sp\u00e6ndingen i naturen med Two Ravens! Lad Gr\u00f8nlands storsl\u00e5ethed gribe dit hjerte og din \u00e5nd, mens du sejler, vandrer og interagerer med det betagende landskab. Denne dag vil blive brugt p\u00e5 at udforske, udfordre dig selv og komme i kontakt med den fantastiske top i Nuuk Fjord. <\/p>\n<p><b>Erobr Oriartorfik-bjerget<\/b><br \/>\nForbered dig p\u00e5 en utrolig oplevelse med Two Ravens, n\u00e5r vi rejser til det betagende Oriartorfik-fjeld, 1030 m., i Nuuks vildmark! Turen er sv\u00e6r, men bel\u00f8nningen p\u00e5 toppen er alle anstrengelserne v\u00e6rd. Panoramisk, forbl\u00f8ffende og fantastisk udsigt!<\/p>\n<p>Dette spektakul\u00e6re endagseventyr kombinerer sejlads og topbestigning, hvilket resulterer i en uforglemmelig oplevelse med betagende udsigter og utrolige omgivelser.<\/p>\n<p><b>Lokal(e) guide(r)<\/b><br \/>\nDu vil blive ledsaget af lokale guider. Vi tror p\u00e5, at lokalguider er n\u00f8glen til at opdage en destinations autentiske sj\u00e6l. Vores indg\u00e5ende kendskab til geografi, kultur og skjulte perler g\u00f8r os i stand til at skabe en fantastisk tur, der g\u00e5r ud over det s\u00e6dvanlige. De vil give dig mulighed for at udforske Gr\u00f8nlands skatte p\u00e5 en m\u00e5de, som kun f\u00e5 andre kan.<\/p>\n<p><b>H\u00f8jdepunkter<\/b><br \/>\n* Oplev sejlads og vandring i en fjord. Sejlads via Nuuk Fjord til toppen af bjerget Oriartorfik (1030 m).<br \/>\n* Fuld panoramaudsigt<br \/>\n* Lokale bjergguider: Lokale historier<\/p>\n<p><b>Prisen inkluderer:<\/b><br \/>\n* Lokal guide<br \/>\n* Frokost<br \/>\n* Sejlads-overf\u00f8rsel<br \/>\n* Sikkerhedsudstyr<br \/>\n* Te\/kaffe<\/p>\n<p>Prisen inkluderer ikke vandrerygs\u00e6k, som kan lejes for 250 kr. pr. person.<\/p>\n<p><b>Deltagere:<\/b> Bem\u00e6rk venligst, at udflugten kun gennemf\u00f8res, hvis der er mindst 6 bookede billetter i alt. Hvis du for eksempel booker 2 billetter, skal der s\u00e6lges mindst 4 yderligere billetter til andre kunder, f\u00f8r turen kan finde sted.<\/p>\n<p><b>Sv\u00e6rhedsgrad:<\/b> Sv\u00e6r.<\/p>\n","protected":false},"excerpt":{"rendered":"<p>Forbered dig p\u00e5 en dag med \u00e6gte gr\u00f8nlandsk eventyr p\u00e5 vores Oriartorfik Mountain-tur! <\/p>\n<p>Sejl gennem Nuuks fjorde og bestig det betagende 1030 meter h\u00f8je bjerg. <\/p>\n<p>Denne tur kombinerer sp\u00e6ndende sejlads og vandring til den enorme top.<\/p>\n","protected":false},"featured_media":41121,"comment_status":"open","ping_status":"closed","template":"","meta":{"_acf_changed":false},"product_brand":[],"product_cat":[170,101],"product_tag":[],"class_list":{"0":"post-41268","1":"product","2":"type-product","3":"status-publish","4":"has-post-thumbnail","6":"product_cat-udflugt","7":"product_cat-tour","8":"pa_dato-5976","9":"pa_dato-5980","10":"pa_dato-5978","11":"pa_dato-5942","12":"pa_tidspunkt-40","13":"tour_location-nuuk-da","14":"tour_type-outdoor-da","15":"tour_tickettype-arctic_excursions","16":"tour_operator-two-ravens","18":"first","19":"outofstock","20":"shipping-taxable","21":"product-type-variable"},"acf":[],"yoast_head":"<!-- This site is optimized with the Yoast SEO plugin v23.6 - https:\/\/yoast.com\/wordpress\/plugins\/seo\/ -->\n<title>Arctic Excursions<\/title>\n<meta name=\"robots\" content=\"index, follow, max-snippet:-1, max-image-preview:large, max-video-preview:-1\" \/>\n<link rel=\"canonical\" href=\"https:\/\/arcticexcursions.com\/da\/udflugter\/summit-oriartorfik-mountain\/\" \/>\n<meta property=\"og:locale\" content=\"da_DK\" \/>\n<meta property=\"og:type\" content=\"article\" \/>\n<meta property=\"og:title\" content=\"Toptur p\u00e5 Oriartorfik-bjerget - Arctic Excursions\" \/>\n<meta property=\"og:description\" content=\"Forbered dig p\u00e5 en dag med \u00e6gte gr\u00f8nlandsk eventyr p\u00e5 vores Oriartorfik Mountain-tur!   Sejl gennem Nuuks fjorde og bestig det betagende 1030 meter h\u00f8je bjerg.   Denne tur kombinerer sp\u00e6ndende sejlads og vandring til den enorme top.\" \/>\n<meta property=\"og:url\" content=\"https:\/\/arcticexcursions.com\/da\/udflugter\/summit-oriartorfik-mountain\/\" \/>\n<meta property=\"og:site_name\" content=\"Arctic Excursions\" \/>\n<meta property=\"article:modified_time\" content=\"2025-12-01T15:42:30+00:00\" \/>\n<meta property=\"og:image\" content=\"https:\/\/arcticexcursions.com\/wp-content\/uploads\/2024\/09\/Skaermbillede-2024-09-17-kl.-11.32.19-601x1024.png\" \/>\n\t<meta property=\"og:image:width\" content=\"601\" \/>\n\t<meta property=\"og:image:height\" content=\"1024\" \/>\n\t<meta property=\"og:image:type\" content=\"image\/png\" \/>\n<meta name=\"twitter:card\" content=\"summary_large_image\" \/>\n<meta name=\"twitter:label1\" content=\"Estimeret l\u00e6setid\" \/>\n\t<meta name=\"twitter:data1\" content=\"1 minut\" \/>\n<script type=\"application\/ld+json\" class=\"yoast-schema-graph\">{\"@context\":\"https:\/\/schema.org\",\"@graph\":[{\"@type\":\"WebPage\",\"@id\":\"https:\/\/arcticexcursions.com\/da\/udflugter\/summit-oriartorfik-mountain\/\",\"url\":\"https:\/\/arcticexcursions.com\/da\/udflugter\/summit-oriartorfik-mountain\/\",\"name\":\"Toptur p\u00e5 Oriartorfik-bjerget - Arctic Excursions\",\"isPartOf\":{\"@id\":\"https:\/\/arcticexcursions.com\/#website\"},\"primaryImageOfPage\":{\"@id\":\"https:\/\/arcticexcursions.com\/da\/udflugter\/summit-oriartorfik-mountain\/#primaryimage\"},\"image\":{\"@id\":\"https:\/\/arcticexcursions.com\/da\/udflugter\/summit-oriartorfik-mountain\/#primaryimage\"},\"thumbnailUrl\":\"https:\/\/arcticexcursions.com\/wp-content\/uploads\/2024\/09\/Skaermbillede-2024-09-17-kl.-11.32.19.png\",\"datePublished\":\"2024-09-27T13:04:18+00:00\",\"dateModified\":\"2025-12-01T15:42:30+00:00\",\"breadcrumb\":{\"@id\":\"https:\/\/arcticexcursions.com\/da\/udflugter\/summit-oriartorfik-mountain\/#breadcrumb\"},\"inLanguage\":\"da-DK\",\"potentialAction\":[{\"@type\":\"ReadAction\",\"target\":[\"https:\/\/arcticexcursions.com\/da\/udflugter\/summit-oriartorfik-mountain\/\"]}]},{\"@type\":\"ImageObject\",\"inLanguage\":\"da-DK\",\"@id\":\"https:\/\/arcticexcursions.com\/da\/udflugter\/summit-oriartorfik-mountain\/#primaryimage\",\"url\":\"https:\/\/arcticexcursions.com\/wp-content\/uploads\/2024\/09\/Skaermbillede-2024-09-17-kl.-11.32.19.png\",\"contentUrl\":\"https:\/\/arcticexcursions.com\/wp-content\/uploads\/2024\/09\/Skaermbillede-2024-09-17-kl.-11.32.19.png\",\"width\":1064,\"height\":1814},{\"@type\":\"BreadcrumbList\",\"@id\":\"https:\/\/arcticexcursions.com\/da\/udflugter\/summit-oriartorfik-mountain\/#breadcrumb\",\"itemListElement\":[{\"@type\":\"ListItem\",\"position\":1,\"name\":\"Home\",\"item\":\"https:\/\/arcticexcursions.com\/da\/\"},{\"@type\":\"ListItem\",\"position\":2,\"name\":\"Udflugter i Gr\u00f8nland\",\"item\":\"https:\/\/arcticexcursions.com\/da\/udflugter\/\"},{\"@type\":\"ListItem\",\"position\":3,\"name\":\"Toptur p\u00e5 Oriartorfik-bjerget\"}]},{\"@type\":\"WebSite\",\"@id\":\"https:\/\/arcticexcursions.com\/#website\",\"url\":\"https:\/\/arcticexcursions.com\/\",\"name\":\"Arctic Excursions\",\"description\":\"New adventures. Every day.\",\"publisher\":{\"@id\":\"https:\/\/arcticexcursions.com\/#organization\"},\"potentialAction\":[{\"@type\":\"SearchAction\",\"target\":{\"@type\":\"EntryPoint\",\"urlTemplate\":\"https:\/\/arcticexcursions.com\/?s={search_term_string}\"},\"query-input\":{\"@type\":\"PropertyValueSpecification\",\"valueRequired\":true,\"valueName\":\"search_term_string\"}}],\"inLanguage\":\"da-DK\"},{\"@type\":\"Organization\",\"@id\":\"https:\/\/arcticexcursions.com\/#organization\",\"name\":\"Arctic Excursions\",\"url\":\"https:\/\/arcticexcursions.com\/\",\"logo\":{\"@type\":\"ImageObject\",\"inLanguage\":\"da-DK\",\"@id\":\"https:\/\/arcticexcursions.com\/#\/schema\/logo\/image\/\",\"url\":\"https:\/\/arcticexcursions.com\/wp-content\/uploads\/2022\/11\/fb-logo.png\",\"contentUrl\":\"https:\/\/arcticexcursions.com\/wp-content\/uploads\/2022\/11\/fb-logo.png\",\"width\":523,\"height\":523,\"caption\":\"Arctic Excursions\"},\"image\":{\"@id\":\"https:\/\/arcticexcursions.com\/#\/schema\/logo\/image\/\"}}]}<\/script>\n<!-- \/ Yoast SEO plugin. -->","yoast_head_json":{"title":"Arctic Excursions","robots":{"index":"index","follow":"follow","max-snippet":"max-snippet:-1","max-image-preview":"max-image-preview:large","max-video-preview":"max-video-preview:-1"},"canonical":"https:\/\/arcticexcursions.com\/da\/udflugter\/summit-oriartorfik-mountain\/","og_locale":"da_DK","og_type":"article","og_title":"Toptur p\u00e5 Oriartorfik-bjerget - Arctic Excursions","og_description":"Forbered dig p\u00e5 en dag med \u00e6gte gr\u00f8nlandsk eventyr p\u00e5 vores Oriartorfik Mountain-tur!   Sejl gennem Nuuks fjorde og bestig det betagende 1030 meter h\u00f8je bjerg.   Denne tur kombinerer sp\u00e6ndende sejlads og vandring til den enorme top.","og_url":"https:\/\/arcticexcursions.com\/da\/udflugter\/summit-oriartorfik-mountain\/","og_site_name":"Arctic Excursions","article_modified_time":"2025-12-01T15:42:30+00:00","og_image":[{"width":601,"height":1024,"url":"https:\/\/arcticexcursions.com\/wp-content\/uploads\/2024\/09\/Skaermbillede-2024-09-17-kl.-11.32.19-601x1024.png","type":"image\/png"}],"twitter_card":"summary_large_image","twitter_misc":{"Estimeret l\u00e6setid":"1 minut"},"schema":{"@context":"https:\/\/schema.org","@graph":[{"@type":"WebPage","@id":"https:\/\/arcticexcursions.com\/da\/udflugter\/summit-oriartorfik-mountain\/","url":"https:\/\/arcticexcursions.com\/da\/udflugter\/summit-oriartorfik-mountain\/","name":"Toptur p\u00e5 Oriartorfik-bjerget - Arctic Excursions","isPartOf":{"@id":"https:\/\/arcticexcursions.com\/#website"},"primaryImageOfPage":{"@id":"https:\/\/arcticexcursions.com\/da\/udflugter\/summit-oriartorfik-mountain\/#primaryimage"},"image":{"@id":"https:\/\/arcticexcursions.com\/da\/udflugter\/summit-oriartorfik-mountain\/#primaryimage"},"thumbnailUrl":"https:\/\/arcticexcursions.com\/wp-content\/uploads\/2024\/09\/Skaermbillede-2024-09-17-kl.-11.32.19.png","datePublished":"2024-09-27T13:04:18+00:00","dateModified":"2025-12-01T15:42:30+00:00","breadcrumb":{"@id":"https:\/\/arcticexcursions.com\/da\/udflugter\/summit-oriartorfik-mountain\/#breadcrumb"},"inLanguage":"da-DK","potentialAction":[{"@type":"ReadAction","target":["https:\/\/arcticexcursions.com\/da\/udflugter\/summit-oriartorfik-mountain\/"]}]},{"@type":"ImageObject","inLanguage":"da-DK","@id":"https:\/\/arcticexcursions.com\/da\/udflugter\/summit-oriartorfik-mountain\/#primaryimage","url":"https:\/\/arcticexcursions.com\/wp-content\/uploads\/2024\/09\/Skaermbillede-2024-09-17-kl.-11.32.19.png","contentUrl":"https:\/\/arcticexcursions.com\/wp-content\/uploads\/2024\/09\/Skaermbillede-2024-09-17-kl.-11.32.19.png","width":1064,"height":1814},{"@type":"BreadcrumbList","@id":"https:\/\/arcticexcursions.com\/da\/udflugter\/summit-oriartorfik-mountain\/#breadcrumb","itemListElement":[{"@type":"ListItem","position":1,"name":"Home","item":"https:\/\/arcticexcursions.com\/da\/"},{"@type":"ListItem","position":2,"name":"Udflugter i Gr\u00f8nland","item":"https:\/\/arcticexcursions.com\/da\/udflugter\/"},{"@type":"ListItem","position":3,"name":"Toptur p\u00e5 Oriartorfik-bjerget"}]},{"@type":"WebSite","@id":"https:\/\/arcticexcursions.com\/#website","url":"https:\/\/arcticexcursions.com\/","name":"Arctic Excursions","description":"New adventures. Every day.","publisher":{"@id":"https:\/\/arcticexcursions.com\/#organization"},"potentialAction":[{"@type":"SearchAction","target":{"@type":"EntryPoint","urlTemplate":"https:\/\/arcticexcursions.com\/?s={search_term_string}"},"query-input":{"@type":"PropertyValueSpecification","valueRequired":true,"valueName":"search_term_string"}}],"inLanguage":"da-DK"},{"@type":"Organization","@id":"https:\/\/arcticexcursions.com\/#organization","name":"Arctic Excursions","url":"https:\/\/arcticexcursions.com\/","logo":{"@type":"ImageObject","inLanguage":"da-DK","@id":"https:\/\/arcticexcursions.com\/#\/schema\/logo\/image\/","url":"https:\/\/arcticexcursions.com\/wp-content\/uploads\/2022\/11\/fb-logo.png","contentUrl":"https:\/\/arcticexcursions.com\/wp-content\/uploads\/2022\/11\/fb-logo.png","width":523,"height":523,"caption":"Arctic Excursions"},"image":{"@id":"https:\/\/arcticexcursions.com\/#\/schema\/logo\/image\/"}}]}},"_links":{"self":[{"href":"https:\/\/arcticexcursions.com\/da\/wp-json\/wp\/v2\/product\/41268"}],"collection":[{"href":"https:\/\/arcticexcursions.com\/da\/wp-json\/wp\/v2\/product"}],"about":[{"href":"https:\/\/arcticexcursions.com\/da\/wp-json\/wp\/v2\/types\/product"}],"replies":[{"embeddable":true,"href":"https:\/\/arcticexcursions.com\/da\/wp-json\/wp\/v2\/comments?post=41268"}],"wp:featuredmedia":[{"embeddable":true,"href":"https:\/\/arcticexcursions.com\/da\/wp-json\/wp\/v2\/media\/41121"}],"wp:attachment":[{"href":"https:\/\/arcticexcursions.com\/da\/wp-json\/wp\/v2\/media?parent=41268"}],"wp:term":[{"taxonomy":"product_brand","embeddable":true,"href":"https:\/\/arcticexcursions.com\/da\/wp-json\/wp\/v2\/product_brand?post=41268"},{"taxonomy":"product_cat","embeddable":true,"href":"https:\/\/arcticexcursions.com\/da\/wp-json\/wp\/v2\/product_cat?post=41268"},{"taxonomy":"product_tag","embeddable":true,"href":"https:\/\/arcticexcursions.com\/da\/wp-json\/wp\/v2\/product_tag?post=41268"}],"curies":[{"name":"wp","href":"https:\/\/api.w.org\/{rel}","templated":true}]}}