{"id":4145,"date":"2022-10-21T14:13:56","date_gmt":"2022-10-21T12:13:56","guid":{"rendered":"https:\/\/arcticexcursions.com\/?post_type=product&#038;p=4145"},"modified":"2025-10-24T12:45:47","modified_gmt":"2025-10-24T10:45:47","slug":"nuuk-twilight","status":"publish","type":"product","link":"https:\/\/arcticexcursions.com\/da\/udflugter\/nuuk-twilight\/","title":{"rendered":"Nuuk Twilight &#8211; Helikoptertur"},"content":{"rendered":"<p>Kom med p\u00e5 en 20 minutters helikopterflyvetur hen over byen Nuuk. <\/p>\n<p>N\u00e5r vinteren banker p\u00e5 d\u00f8ren, og daglyset bliver kortere, beriges vi med k\u00f8lige dage.<\/p>\n<p>Det betyder ogs\u00e5, at naturen byder p\u00e5 fantastiske solnedgange. <\/p>\n<p>Vi flyver, lige inden solen g\u00e5r ned, s\u00e5 man kan opleve solnedgangen fra luften. <\/p>\n<p>Mens vi er i luften forvandles den klare bl\u00e5 himmel til et orange flammehav. <\/p>\n<p><b>Varighed:<\/b> 20 minutter <\/p>\n<p><b>Deltagere:<\/b> Turen gennemf\u00f8res kun ved minimum 3 tilmeldte passagerer. Der vil deltage maksimalt 5 personer. <\/p>\n<p><b>Sprog:<\/b> Piloten taler et nordisk sprog og engelsk <\/p>\n<p><b>Flytype:<\/b> Typisk Airbus AS350 helikopter <\/p>\n<p><b>Praktisk info:<\/b> Piloten bestemmer siddepladser ud fra sikkerhedsm\u00e6ssige vurderinger. <\/p>\n<p><b>Anbefalet p\u00e5kl\u00e6dning:<\/b> Varmt t\u00f8j inkl. hue og handsker hele \u00e5ret. Solbriller. Solcreme om sommeren.<\/p>\n","protected":false},"excerpt":{"rendered":"<p>Nuuk Twilight &#8211; Fly over byen &#038; oplev et unikt lysshow!<\/p>\n","protected":false},"featured_media":4117,"comment_status":"open","ping_status":"closed","template":"","meta":{"_acf_changed":false},"product_brand":[],"product_cat":[170],"product_tag":[159],"class_list":{"0":"post-4145","1":"product","2":"type-product","3":"status-publish","4":"has-post-thumbnail","6":"product_cat-udflugt","7":"product_tag-1-da","8":"pa_dato-423","9":"pa_dato-424","10":"pa_dato-425","11":"pa_dato-256","12":"pa_dato-427","13":"pa_dato-428","14":"pa_dato-257","15":"pa_dato-429","16":"pa_dato-477","17":"pa_dato-479","18":"pa_dato-480","19":"pa_dato-462","20":"pa_dato-481","21":"pa_dato-482","22":"pa_dato-483","23":"pa_dato-484","24":"pa_dato-524","25":"pa_dato-525","26":"pa_dato-526","27":"pa_dato-527","28":"pa_dato-518","29":"pa_dato-523","30":"pa_dato-569","31":"pa_dato-450","32":"pa_dato-368","33":"pa_dato-371","34":"pa_dato-374","35":"pa_dato-985","36":"pa_dato-1077","37":"pa_dato-903","38":"pa_dato-854","39":"pa_tidspunkt-72","40":"pa_tidspunkt-61","41":"pa_tidspunkt-83","42":"pa_tidspunkt-60","43":"pa_tidspunkt-93","44":"pa_tidspunkt-426","45":"pa_tidspunkt-39","46":"pa_tidspunkt-57","47":"pa_tidspunkt-1082","48":"pa_tidspunkt-110","49":"pa_tidspunkt-1084","50":"pa_tidspunkt-69","51":"pa_tidspunkt-205","52":"pa_tidspunkt-722","53":"tour_location-nuuk-da","54":"tour_type-flightseeing","55":"tour_tickettype-arctic_excursions","56":"tour_operator-air-greenland-charter","58":"first","59":"outofstock","60":"shipping-taxable","61":"product-type-variable"},"acf":[],"yoast_head":"<!-- This site is optimized with the Yoast SEO plugin v23.6 - https:\/\/yoast.com\/wordpress\/plugins\/seo\/ -->\n<title>Arctic Excursions<\/title>\n<meta name=\"robots\" content=\"index, follow, max-snippet:-1, max-image-preview:large, max-video-preview:-1\" \/>\n<link rel=\"canonical\" href=\"https:\/\/arcticexcursions.com\/udflugter\/nuuk-twilight\/\" \/>\n<meta property=\"og:locale\" content=\"da_DK\" \/>\n<meta property=\"og:type\" content=\"article\" \/>\n<meta property=\"og:title\" content=\"Nuuk Twilight - Helikoptertur - Arctic Excursions\" \/>\n<meta property=\"og:description\" content=\"Nuuk Twilight - Fly over byen &amp; oplev et unikt lysshow!\" \/>\n<meta property=\"og:url\" content=\"https:\/\/arcticexcursions.com\/udflugter\/nuuk-twilight\/\" \/>\n<meta property=\"og:site_name\" content=\"Arctic Excursions\" \/>\n<meta property=\"article:modified_time\" content=\"2025-10-24T10:45:47+00:00\" \/>\n<meta property=\"og:image\" content=\"https:\/\/arcticexcursions.com\/wp-content\/uploads\/2022\/11\/GOH-Twilight.jpg\" \/>\n\t<meta property=\"og:image:width\" content=\"1600\" \/>\n\t<meta property=\"og:image:height\" content=\"1067\" \/>\n\t<meta property=\"og:image:type\" content=\"image\/jpeg\" \/>\n<meta name=\"twitter:card\" content=\"summary_large_image\" \/>\n<meta name=\"twitter:label1\" content=\"Estimeret l\u00e6setid\" \/>\n\t<meta name=\"twitter:data1\" content=\"1 minut\" \/>\n<script type=\"application\/ld+json\" class=\"yoast-schema-graph\">{\"@context\":\"https:\/\/schema.org\",\"@graph\":[{\"@type\":\"WebPage\",\"@id\":\"https:\/\/arcticexcursions.com\/udflugter\/nuuk-twilight\/\",\"url\":\"https:\/\/arcticexcursions.com\/udflugter\/nuuk-twilight\/\",\"name\":\"Nuuk Twilight - Helikoptertur - Arctic Excursions\",\"isPartOf\":{\"@id\":\"https:\/\/arcticexcursions.com\/#website\"},\"primaryImageOfPage\":{\"@id\":\"https:\/\/arcticexcursions.com\/udflugter\/nuuk-twilight\/#primaryimage\"},\"image\":{\"@id\":\"https:\/\/arcticexcursions.com\/udflugter\/nuuk-twilight\/#primaryimage\"},\"thumbnailUrl\":\"https:\/\/arcticexcursions.com\/wp-content\/uploads\/2022\/11\/GOH-Twilight.jpg\",\"datePublished\":\"2022-10-21T12:13:56+00:00\",\"dateModified\":\"2025-10-24T10:45:47+00:00\",\"breadcrumb\":{\"@id\":\"https:\/\/arcticexcursions.com\/udflugter\/nuuk-twilight\/#breadcrumb\"},\"inLanguage\":\"da-DK\",\"potentialAction\":[{\"@type\":\"ReadAction\",\"target\":[\"https:\/\/arcticexcursions.com\/udflugter\/nuuk-twilight\/\"]}]},{\"@type\":\"ImageObject\",\"inLanguage\":\"da-DK\",\"@id\":\"https:\/\/arcticexcursions.com\/udflugter\/nuuk-twilight\/#primaryimage\",\"url\":\"https:\/\/arcticexcursions.com\/wp-content\/uploads\/2022\/11\/GOH-Twilight.jpg\",\"contentUrl\":\"https:\/\/arcticexcursions.com\/wp-content\/uploads\/2022\/11\/GOH-Twilight.jpg\",\"width\":1600,\"height\":1067},{\"@type\":\"BreadcrumbList\",\"@id\":\"https:\/\/arcticexcursions.com\/udflugter\/nuuk-twilight\/#breadcrumb\",\"itemListElement\":[{\"@type\":\"ListItem\",\"position\":1,\"name\":\"Home\",\"item\":\"https:\/\/arcticexcursions.com\/da\/\"},{\"@type\":\"ListItem\",\"position\":2,\"name\":\"Udflugter i Gr\u00f8nland\",\"item\":\"https:\/\/arcticexcursions.com\/da\/udflugter\/\"},{\"@type\":\"ListItem\",\"position\":3,\"name\":\"Nuuk Twilight &#8211; Helikoptertur\"}]},{\"@type\":\"WebSite\",\"@id\":\"https:\/\/arcticexcursions.com\/#website\",\"url\":\"https:\/\/arcticexcursions.com\/\",\"name\":\"Arctic Excursions\",\"description\":\"New adventures. Every day.\",\"publisher\":{\"@id\":\"https:\/\/arcticexcursions.com\/#organization\"},\"potentialAction\":[{\"@type\":\"SearchAction\",\"target\":{\"@type\":\"EntryPoint\",\"urlTemplate\":\"https:\/\/arcticexcursions.com\/?s={search_term_string}\"},\"query-input\":{\"@type\":\"PropertyValueSpecification\",\"valueRequired\":true,\"valueName\":\"search_term_string\"}}],\"inLanguage\":\"da-DK\"},{\"@type\":\"Organization\",\"@id\":\"https:\/\/arcticexcursions.com\/#organization\",\"name\":\"Arctic Excursions\",\"url\":\"https:\/\/arcticexcursions.com\/\",\"logo\":{\"@type\":\"ImageObject\",\"inLanguage\":\"da-DK\",\"@id\":\"https:\/\/arcticexcursions.com\/#\/schema\/logo\/image\/\",\"url\":\"https:\/\/arcticexcursions.com\/wp-content\/uploads\/2022\/11\/fb-logo.png\",\"contentUrl\":\"https:\/\/arcticexcursions.com\/wp-content\/uploads\/2022\/11\/fb-logo.png\",\"width\":523,\"height\":523,\"caption\":\"Arctic Excursions\"},\"image\":{\"@id\":\"https:\/\/arcticexcursions.com\/#\/schema\/logo\/image\/\"}}]}<\/script>\n<!-- \/ Yoast SEO plugin. -->","yoast_head_json":{"title":"Arctic Excursions","robots":{"index":"index","follow":"follow","max-snippet":"max-snippet:-1","max-image-preview":"max-image-preview:large","max-video-preview":"max-video-preview:-1"},"canonical":"https:\/\/arcticexcursions.com\/udflugter\/nuuk-twilight\/","og_locale":"da_DK","og_type":"article","og_title":"Nuuk Twilight - Helikoptertur - Arctic Excursions","og_description":"Nuuk Twilight - Fly over byen & oplev et unikt lysshow!","og_url":"https:\/\/arcticexcursions.com\/udflugter\/nuuk-twilight\/","og_site_name":"Arctic Excursions","article_modified_time":"2025-10-24T10:45:47+00:00","og_image":[{"width":1600,"height":1067,"url":"https:\/\/arcticexcursions.com\/wp-content\/uploads\/2022\/11\/GOH-Twilight.jpg","type":"image\/jpeg"}],"twitter_card":"summary_large_image","twitter_misc":{"Estimeret l\u00e6setid":"1 minut"},"schema":{"@context":"https:\/\/schema.org","@graph":[{"@type":"WebPage","@id":"https:\/\/arcticexcursions.com\/udflugter\/nuuk-twilight\/","url":"https:\/\/arcticexcursions.com\/udflugter\/nuuk-twilight\/","name":"Nuuk Twilight - Helikoptertur - Arctic Excursions","isPartOf":{"@id":"https:\/\/arcticexcursions.com\/#website"},"primaryImageOfPage":{"@id":"https:\/\/arcticexcursions.com\/udflugter\/nuuk-twilight\/#primaryimage"},"image":{"@id":"https:\/\/arcticexcursions.com\/udflugter\/nuuk-twilight\/#primaryimage"},"thumbnailUrl":"https:\/\/arcticexcursions.com\/wp-content\/uploads\/2022\/11\/GOH-Twilight.jpg","datePublished":"2022-10-21T12:13:56+00:00","dateModified":"2025-10-24T10:45:47+00:00","breadcrumb":{"@id":"https:\/\/arcticexcursions.com\/udflugter\/nuuk-twilight\/#breadcrumb"},"inLanguage":"da-DK","potentialAction":[{"@type":"ReadAction","target":["https:\/\/arcticexcursions.com\/udflugter\/nuuk-twilight\/"]}]},{"@type":"ImageObject","inLanguage":"da-DK","@id":"https:\/\/arcticexcursions.com\/udflugter\/nuuk-twilight\/#primaryimage","url":"https:\/\/arcticexcursions.com\/wp-content\/uploads\/2022\/11\/GOH-Twilight.jpg","contentUrl":"https:\/\/arcticexcursions.com\/wp-content\/uploads\/2022\/11\/GOH-Twilight.jpg","width":1600,"height":1067},{"@type":"BreadcrumbList","@id":"https:\/\/arcticexcursions.com\/udflugter\/nuuk-twilight\/#breadcrumb","itemListElement":[{"@type":"ListItem","position":1,"name":"Home","item":"https:\/\/arcticexcursions.com\/da\/"},{"@type":"ListItem","position":2,"name":"Udflugter i Gr\u00f8nland","item":"https:\/\/arcticexcursions.com\/da\/udflugter\/"},{"@type":"ListItem","position":3,"name":"Nuuk Twilight &#8211; Helikoptertur"}]},{"@type":"WebSite","@id":"https:\/\/arcticexcursions.com\/#website","url":"https:\/\/arcticexcursions.com\/","name":"Arctic Excursions","description":"New adventures. Every day.","publisher":{"@id":"https:\/\/arcticexcursions.com\/#organization"},"potentialAction":[{"@type":"SearchAction","target":{"@type":"EntryPoint","urlTemplate":"https:\/\/arcticexcursions.com\/?s={search_term_string}"},"query-input":{"@type":"PropertyValueSpecification","valueRequired":true,"valueName":"search_term_string"}}],"inLanguage":"da-DK"},{"@type":"Organization","@id":"https:\/\/arcticexcursions.com\/#organization","name":"Arctic Excursions","url":"https:\/\/arcticexcursions.com\/","logo":{"@type":"ImageObject","inLanguage":"da-DK","@id":"https:\/\/arcticexcursions.com\/#\/schema\/logo\/image\/","url":"https:\/\/arcticexcursions.com\/wp-content\/uploads\/2022\/11\/fb-logo.png","contentUrl":"https:\/\/arcticexcursions.com\/wp-content\/uploads\/2022\/11\/fb-logo.png","width":523,"height":523,"caption":"Arctic Excursions"},"image":{"@id":"https:\/\/arcticexcursions.com\/#\/schema\/logo\/image\/"}}]}},"_links":{"self":[{"href":"https:\/\/arcticexcursions.com\/da\/wp-json\/wp\/v2\/product\/4145"}],"collection":[{"href":"https:\/\/arcticexcursions.com\/da\/wp-json\/wp\/v2\/product"}],"about":[{"href":"https:\/\/arcticexcursions.com\/da\/wp-json\/wp\/v2\/types\/product"}],"replies":[{"embeddable":true,"href":"https:\/\/arcticexcursions.com\/da\/wp-json\/wp\/v2\/comments?post=4145"}],"wp:featuredmedia":[{"embeddable":true,"href":"https:\/\/arcticexcursions.com\/da\/wp-json\/wp\/v2\/media\/4117"}],"wp:attachment":[{"href":"https:\/\/arcticexcursions.com\/da\/wp-json\/wp\/v2\/media?parent=4145"}],"wp:term":[{"taxonomy":"product_brand","embeddable":true,"href":"https:\/\/arcticexcursions.com\/da\/wp-json\/wp\/v2\/product_brand?post=4145"},{"taxonomy":"product_cat","embeddable":true,"href":"https:\/\/arcticexcursions.com\/da\/wp-json\/wp\/v2\/product_cat?post=4145"},{"taxonomy":"product_tag","embeddable":true,"href":"https:\/\/arcticexcursions.com\/da\/wp-json\/wp\/v2\/product_tag?post=4145"}],"curies":[{"name":"wp","href":"https:\/\/api.w.org\/{rel}","templated":true}]}}